{"id":1045,"date":"2023-10-20T14:19:51","date_gmt":"2023-10-20T06:19:51","guid":{"rendered":"https:\/\/plastic-machines.org\/?post_type=product&#038;p=1045"},"modified":"2026-02-27T15:15:34","modified_gmt":"2026-02-27T07:15:34","slug":"trommel-screen-for-plastic-bottle-recycling","status":"publish","type":"product","link":"https:\/\/plastic-machines.org\/fr\/product\/trommel-screen-for-plastic-bottle-recycling\/","title":{"rendered":"Tamis trommel pour le recyclage des bouteilles en plastique"},"content":{"rendered":"<div class=\"kk-star-ratings kksr-auto kksr-align-left kksr-valign-top\"     data-payload='{&quot;align&quot;:&quot;left&quot;,&quot;id&quot;:&quot;1045&quot;,&quot;slug&quot;:&quot;default&quot;,&quot;valign&quot;:&quot;top&quot;,&quot;ignore&quot;:&quot;&quot;,&quot;reference&quot;:&quot;auto&quot;,&quot;class&quot;:&quot;&quot;,&quot;count&quot;:&quot;1&quot;,&quot;legendonly&quot;:&quot;&quot;,&quot;readonly&quot;:&quot;&quot;,&quot;score&quot;:&quot;5&quot;,&quot;starsonly&quot;:&quot;&quot;,&quot;best&quot;:&quot;5&quot;,&quot;gap&quot;:&quot;5&quot;,&quot;greet&quot;:&quot;Rate this product&quot;,&quot;legend&quot;:&quot;5\\\/5 - (1 vote)&quot;,&quot;size&quot;:&quot;24&quot;,&quot;title&quot;:&quot;Trommel screen for plastic bottle recycling&quot;,&quot;width&quot;:&quot;142.5&quot;,&quot;_legend&quot;:&quot;{score}\\\/{best} - ({count} {votes})&quot;,&quot;font_factor&quot;:&quot;1.25&quot;}'>              <div class=\"kksr-stars\">      <div class=\"kksr-stars-inactive\">             <div class=\"kksr-star\" data-star=\"1\" style=\"padding-right: 5px\">               <div class=\"kksr-icon\" style=\"width: 24px; height: 24px;\"><\/div>         <\/div>             <div class=\"kksr-star\" data-star=\"2\" style=\"padding-right: 5px\">               <div class=\"kksr-icon\" style=\"width: 24px; height: 24px;\"><\/div>         <\/div>             <div class=\"kksr-star\" data-star=\"3\" style=\"padding-right: 5px\">               <div class=\"kksr-icon\" style=\"width: 24px; height: 24px;\"><\/div>         <\/div>             <div class=\"kksr-star\" data-star=\"4\" style=\"padding-right: 5px\">               <div class=\"kksr-icon\" style=\"width: 24px; height: 24px;\"><\/div>         <\/div>             <div class=\"kksr-star\" data-star=\"5\" style=\"padding-right: 5px\">               <div class=\"kksr-icon\" style=\"width: 24px; height: 24px;\"><\/div>         <\/div>     <\/div>      <div class=\"kksr-stars-active\" style=\"width: 142.5px;\">             <div class=\"kksr-star\" style=\"padding-right: 5px\">               <div class=\"kksr-icon\" style=\"width: 24px; height: 24px;\"><\/div>         <\/div>             <div class=\"kksr-star\" style=\"padding-right: 5px\">               <div class=\"kksr-icon\" style=\"width: 24px; height: 24px;\"><\/div>         <\/div>             <div class=\"kksr-star\" style=\"padding-right: 5px\">               <div class=\"kksr-icon\" style=\"width: 24px; height: 24px;\"><\/div>         <\/div>             <div class=\"kksr-star\" style=\"padding-right: 5px\">               <div class=\"kksr-icon\" style=\"width: 24px; height: 24px;\"><\/div>         <\/div>             <div class=\"kksr-star\" style=\"padding-right: 5px\">               <div class=\"kksr-icon\" style=\"width: 24px; height: 24px;\"><\/div>         <\/div>     <\/div> <\/div>                   <div class=\"kksr-legend\" style=\"font-size: 19.2px;\">             5\/5 - (1 vote)    <\/div>     <\/div>  <p>L'objectif principal de l'utilisation d'un tamis trommel lors du recyclage des bouteilles en plastique PET est d'effectuer la s\u00e9paration et le criblage des mat\u00e9riaux afin de garantir que des flocons de bouteilles PET de haute qualit\u00e9 sont obtenus \u00e0 partir de mat\u00e9riaux vierges.<\/p>    <h2 class=\"wp-block-heading\">Introduction au tamis trommel<\/h2>    <p>La fonction principale de cette machine de recyclage de bouteilles PET est la s\u00e9paration des mat\u00e9riaux. Le recyclage des bouteilles en plastique PET s'accompagne g\u00e9n\u00e9ralement de certaines impuret\u00e9s, telles que des pierres, du bois, des mauvaises herbes, des m\u00e9taux, des bouchons de bouteilles en plastique, etc. Les tamis \u00e0 tambour s\u00e9parent ces impuret\u00e9s des bouteilles en plastique PET, garantissant ainsi une mati\u00e8re premi\u00e8re propre.<\/p>    <figure class=\"wp-block-gallery has-nested-images columns-default is-cropped wp-block-gallery-2 is-layout-flex wp-block-gallery-is-layout-flex\"> <figure class=\"wp-block-image size-large\"><img loading=\"lazy\" decoding=\"async\" width=\"720\" height=\"540\" data-id=\"2079\" src=\"https:\/\/plastic-machines.org\/wp-content\/uploads\/2023\/10\/Trommel-Screen-For-Plastic-Bottle-Recycling.webp\" alt=\"\u00c9cran \u00e0 tambour pour le recyclage des bouteilles en plastique\" class=\"wp-image-2079\" srcset=\"https:\/\/plastic-machines.org\/wp-content\/uploads\/2023\/10\/Trommel-Screen-For-Plastic-Bottle-Recycling.webp 720w, https:\/\/plastic-machines.org\/wp-content\/uploads\/2023\/10\/Trommel-Screen-For-Plastic-Bottle-Recycling-300x225.webp 300w, https:\/\/plastic-machines.org\/wp-content\/uploads\/2023\/10\/Trommel-Screen-For-Plastic-Bottle-Recycling-16x12.webp 16w\" sizes=\"auto, (max-width: 720px) 100vw, 720px\" \/><figcaption class=\"wp-element-caption\">\u00c9cran \u00e0 tambour pour le recyclage des bouteilles en plastique<\/figcaption><\/figure>    <figure class=\"wp-block-image size-large\"><img loading=\"lazy\" decoding=\"async\" width=\"720\" height=\"540\" data-id=\"2080\" src=\"https:\/\/plastic-machines.org\/wp-content\/uploads\/2023\/10\/Trommel-Screen.webp\" alt=\"\u00c9cran \u00e0 tambour\" class=\"wp-image-2080\" srcset=\"https:\/\/plastic-machines.org\/wp-content\/uploads\/2023\/10\/Trommel-Screen.webp 720w, https:\/\/plastic-machines.org\/wp-content\/uploads\/2023\/10\/Trommel-Screen-300x225.webp 300w, https:\/\/plastic-machines.org\/wp-content\/uploads\/2023\/10\/Trommel-Screen-16x12.webp 16w\" sizes=\"auto, (max-width: 720px) 100vw, 720px\" \/><figcaption class=\"wp-element-caption\">\u00c9cran \u00e0 tambour<\/figcaption><\/figure> <\/figure>    <figure class=\"wp-block-gallery has-nested-images columns-default is-cropped wp-block-gallery-3 is-layout-flex wp-block-gallery-is-layout-flex\"> <figure class=\"wp-block-image size-full\"><img loading=\"lazy\" decoding=\"async\" width=\"720\" height=\"540\" data-id=\"1048\" src=\"https:\/\/plastic-machines.org\/wp-content\/uploads\/2023\/10\/industrial-trommel-machine.webp\" alt=\"\" class=\"wp-image-1048\" srcset=\"https:\/\/plastic-machines.org\/wp-content\/uploads\/2023\/10\/industrial-trommel-machine.webp 720w, https:\/\/plastic-machines.org\/wp-content\/uploads\/2023\/10\/industrial-trommel-machine-300x225.webp 300w\" sizes=\"auto, (max-width: 720px) 100vw, 720px\" \/><\/figure>    <figure class=\"wp-block-image size-full\"><img loading=\"lazy\" decoding=\"async\" width=\"720\" height=\"541\" data-id=\"1047\" src=\"https:\/\/plastic-machines.org\/wp-content\/uploads\/2023\/10\/recycling-machine-1.webp\" alt=\"Tamis trommel pour le recyclage des bouteilles en plastique\" class=\"wp-image-1047\" srcset=\"https:\/\/plastic-machines.org\/wp-content\/uploads\/2023\/10\/recycling-machine-1.webp 720w, https:\/\/plastic-machines.org\/wp-content\/uploads\/2023\/10\/recycling-machine-1-300x225.webp 300w\" sizes=\"auto, (max-width: 720px) 100vw, 720px\" \/><figcaption class=\"wp-element-caption\">Tamis trommel pour le recyclage des bouteilles en plastique<\/figcaption><\/figure> <\/figure>    <h2 class=\"wp-block-heading\">Pourquoi avez-vous besoin d\u2019un tamis trommel pour le recyclage des bouteilles ?<\/h2>    <p class=\"translation-block\">Les cribles rotatifs sont particuli\u00e8rement n\u00e9cessaires pour les <strong><a href=\"https:\/\/plastic-machines.org\/fr\/product\/ligne-de-recyclage-de-bouteilles-en-pet\/\" data-type=\"link\" data-id=\"https:\/\/plastic-machines.org\/product\/pet-bottle-recycling-line\/\">lignes de recyclage de bouteilles PET <\/a><\/strong>\u00e0 capacit\u00e9 de production \u00e9lev\u00e9e afin d'aider les usines de recyclage \u00e0 am\u00e9liorer leur efficacit\u00e9. Si des pierres ou des objets m\u00e9talliques \u00e9trangers p\u00e9n\u00e8trent dans le processus de recyclage ult\u00e9rieur, les pi\u00e8ces internes des machines telles que les d\u00e9chiqueteuses de plastique et les laveuses \u00e0 friction seront us\u00e9es, r\u00e9duisant ainsi la dur\u00e9e de vie de la machine.<\/p>    <h2 class=\"wp-block-heading\">Machines de recyclage de plastique associ\u00e9es pour bouteilles PET<\/h2>    <p class=\"translation-block\">La ligne compl\u00e8te de recyclage des bouteilles en PET comprend <strong><a href=\"https:\/\/plastic-machines.org\/fr\/product\/plastic-bottle-crusher\/\" data-type=\"link\" data-id=\"https:\/\/plastic-machines.org\/product\/plastic-bottle-crusher\/\">des concasseurs de plastique<\/a><\/strong>, des laveuses par friction, une machine \u00e0 laver chaude pour les flocons de PET, etc. La photo suivante montre une machine de recyclage de bouteilles en PET con\u00e7ue pour notre client au Nigeria avec une capacit\u00e9 de 500 kg\/h.<\/p>    <p>Si vous \u00eates int\u00e9ress\u00e9 par les machines de recyclage de bouteilles en plastique, n'h\u00e9sitez pas \u00e0 les consulter en remplissant le tableau ci-dessous sur notre site Web. Notre directeur commercial vous enverra les d\u00e9tails de la machine et concevra bient\u00f4t une solution pour vous.<\/p>    <figure class=\"wp-block-image size-full\"><img loading=\"lazy\" decoding=\"async\" width=\"720\" height=\"541\" src=\"https:\/\/plastic-machines.org\/wp-content\/uploads\/2023\/10\/PET-bottle-washing-shredding-machines-shipped-to-Nigeria-3.webp\" alt=\"Machines de d\u00e9chiquetage et de lavage de bouteilles PET exp\u00e9di\u00e9es au Nigeria\" class=\"wp-image-1041\" srcset=\"https:\/\/plastic-machines.org\/wp-content\/uploads\/2023\/10\/PET-bottle-washing-shredding-machines-shipped-to-Nigeria-3.webp 720w, https:\/\/plastic-machines.org\/wp-content\/uploads\/2023\/10\/PET-bottle-washing-shredding-machines-shipped-to-Nigeria-3-300x225.webp 300w\" sizes=\"auto, (max-width: 720px) 100vw, 720px\" \/><figcaption class=\"wp-element-caption\">Machines de d\u00e9chiquetage et de lavage de bouteilles PET exp\u00e9di\u00e9es au Nigeria<\/figcaption><\/figure>","protected":false},"excerpt":{"rendered":"<p>The main purpose of using a trommel screen when recycling PET plastic bottles is to perform material separation and screening to ensure that high-quality PET bottle flakes are obtained from virgin material. Trommel screen introduction The main function of this PET bottle recycling machine is material separation. Recycling of PET plastic bottles is usually accompanied [&hellip;]<\/p>\n","protected":false},"author":1,"featured_media":1046,"parent":0,"template":"","tags":[60],"product-type":[27],"class_list":["post-1045","product","type-product","status-publish","has-post-thumbnail","hentry","tag-trommel","product-type-separation-technology"],"taxonomy_info":{"post_tag":[{"value":60,"label":"trommel"}],"product-type":[{"value":27,"label":"Separation Technology"}]},"featured_image_src_large":["https:\/\/plastic-machines.org\/wp-content\/uploads\/2023\/10\/Tumbler-Screen2.webp",720,540,false],"author_info":{"display_name":"Ella","author_link":"https:\/\/plastic-machines.org\/fr\/author\/admin\/"},"comment_info":"","_links":{"self":[{"href":"https:\/\/plastic-machines.org\/fr\/wp-json\/wp\/v2\/product\/1045","targetHints":{"allow":["GET"]}}],"collection":[{"href":"https:\/\/plastic-machines.org\/fr\/wp-json\/wp\/v2\/product"}],"about":[{"href":"https:\/\/plastic-machines.org\/fr\/wp-json\/wp\/v2\/types\/product"}],"author":[{"embeddable":true,"href":"https:\/\/plastic-machines.org\/fr\/wp-json\/wp\/v2\/users\/1"}],"wp:featuredmedia":[{"embeddable":true,"href":"https:\/\/plastic-machines.org\/fr\/wp-json\/wp\/v2\/media\/1046"}],"wp:attachment":[{"href":"https:\/\/plastic-machines.org\/fr\/wp-json\/wp\/v2\/media?parent=1045"}],"wp:term":[{"taxonomy":"post_tag","embeddable":true,"href":"https:\/\/plastic-machines.org\/fr\/wp-json\/wp\/v2\/tags?post=1045"},{"taxonomy":"product-type","embeddable":true,"href":"https:\/\/plastic-machines.org\/fr\/wp-json\/wp\/v2\/product-type?post=1045"}],"curies":[{"name":"wp","href":"https:\/\/api.w.org\/{rel}","templated":true}]}}