{"id":9,"date":"2022-06-23T02:45:22","date_gmt":"2022-06-23T02:45:22","guid":{"rendered":"http:\/\/tailwind-themes.local\/?page_id=9"},"modified":"2022-07-05T10:38:07","modified_gmt":"2022-07-05T10:38:07","slug":"contact","status":"publish","type":"page","link":"https:\/\/plastic-machines.org\/fr\/contact\/","title":{"rendered":"Contactez-nous"},"content":{"rendered":"<p>Il serait plus difficile de s'occuper de ceux qui ne se marient pas, \u00e0 moins que le mariage ne soit facile, ce que d\u00e9teste l'auteur de la grande m\u00e9c\u00e8ne. La plus grande souffrance des habitants libres du pays lui-m\u00eame est la faim des habitants de la vall\u00e9e. A condition que le salari\u00e9 soit suspendu avant le r\u00e9sultat.<\/p>","protected":false},"excerpt":{"rendered":"<p>Il serait plus difficile de s'occuper de ceux qui ne se marient pas, \u00e0 moins que le mariage ne soit facile, ce que d\u00e9teste l'auteur de la grande m\u00e9c\u00e8ne. La plus grande souffrance des habitants libres du pays lui-m\u00eame est la faim des habitants de la vall\u00e9e. A condition que le salari\u00e9 soit suspendu avant le r\u00e9sultat.<\/p>","protected":false},"author":1,"featured_media":0,"parent":0,"menu_order":0,"comment_status":"closed","ping_status":"closed","template":"","meta":{"_kad_blocks_custom_css":"","_kad_blocks_head_custom_js":"","_kad_blocks_body_custom_js":"","_kad_blocks_footer_custom_js":"","footnotes":""},"class_list":["post-9","page","type-page","status-publish","hentry"],"taxonomy_info":[],"featured_image_src_large":false,"author_info":{"display_name":"Ella","author_link":"https:\/\/plastic-machines.org\/fr\/author\/admin\/"},"comment_info":0,"_links":{"self":[{"href":"https:\/\/plastic-machines.org\/fr\/wp-json\/wp\/v2\/pages\/9","targetHints":{"allow":["GET"]}}],"collection":[{"href":"https:\/\/plastic-machines.org\/fr\/wp-json\/wp\/v2\/pages"}],"about":[{"href":"https:\/\/plastic-machines.org\/fr\/wp-json\/wp\/v2\/types\/page"}],"author":[{"embeddable":true,"href":"https:\/\/plastic-machines.org\/fr\/wp-json\/wp\/v2\/users\/1"}],"replies":[{"embeddable":true,"href":"https:\/\/plastic-machines.org\/fr\/wp-json\/wp\/v2\/comments?post=9"}],"version-history":[{"count":0,"href":"https:\/\/plastic-machines.org\/fr\/wp-json\/wp\/v2\/pages\/9\/revisions"}],"wp:attachment":[{"href":"https:\/\/plastic-machines.org\/fr\/wp-json\/wp\/v2\/media?parent=9"}],"curies":[{"name":"wp","href":"https:\/\/api.w.org\/{rel}","templated":true}]}}