{"id":2,"date":"2022-06-23T01:24:56","date_gmt":"2022-06-23T01:24:56","guid":{"rendered":"http:\/\/tailwind-themes.local\/?page_id=2"},"modified":"2024-05-11T09:56:39","modified_gmt":"2024-05-11T01:56:39","slug":"about","status":"publish","type":"page","link":"https:\/\/plastic-machines.org\/fr\/about\/","title":{"rendered":"\u00c0 propos de nous"},"content":{"rendered":"<h2 class=\"wp-block-heading\">Qui sommes nous<\/h2>    <p>Shuliy Machinery est un fabricant de machines de recyclage du plastique qui se concentre sur le d\u00e9veloppement et la production d'\u00e9quipements de recyclage du plastique. Notre entreprise a \u00e9t\u00e9 cr\u00e9\u00e9e en 2011, avec plus de dix ans d'exp\u00e9rience dans la fabrication de machines de recyclage du plastique. <\/p>    <p>En plus d'une d\u00e9cennie d'activit\u00e9, Shuliy Machinery a toujours adh\u00e9r\u00e9 \u00e0 la mission de \u00ab\u00a0Laisser les machines chinoises changer tous les coins du monde\u00a0\u00bb. Nous faisons tout notre possible pour apporter de la valeur \u00e0 nos clients, en faisant en sorte que nos machines aident les usines de recyclage de plastique du monde entier \u00e0 am\u00e9liorer leur productivit\u00e9 et \u00e0 g\u00e9n\u00e9rer des b\u00e9n\u00e9fices plus \u00e9lev\u00e9s.<\/p>    <figure class=\"wp-block-gallery has-nested-images columns-default is-cropped wp-block-gallery-2 is-layout-flex wp-block-gallery-is-layout-flex\"> <figure class=\"wp-block-image size-large\"><img loading=\"lazy\" decoding=\"async\" width=\"720\" height=\"540\" data-id=\"1132\" src=\"https:\/\/plastic-machines.org\/wp-content\/uploads\/2023\/11\/plastic-recycling-visit.webp\" alt=\"\" class=\"wp-image-1132\" srcset=\"https:\/\/plastic-machines.org\/wp-content\/uploads\/2023\/11\/plastic-recycling-visit.webp 720w, https:\/\/plastic-machines.org\/wp-content\/uploads\/2023\/11\/plastic-recycling-visit-300x225.webp 300w\" sizes=\"auto, (max-width: 720px) 100vw, 720px\" \/><figcaption class=\"wp-element-caption\">visite client<\/figcaption><\/figure>    <figure class=\"wp-block-image size-large\"><img loading=\"lazy\" decoding=\"async\" width=\"720\" height=\"540\" data-id=\"1133\" src=\"https:\/\/plastic-machines.org\/wp-content\/uploads\/2023\/11\/plastic-recycling-equipment2.webp\" alt=\"\" class=\"wp-image-1133\" srcset=\"https:\/\/plastic-machines.org\/wp-content\/uploads\/2023\/11\/plastic-recycling-equipment2.webp 720w, https:\/\/plastic-machines.org\/wp-content\/uploads\/2023\/11\/plastic-recycling-equipment2-300x225.webp 300w\" sizes=\"auto, (max-width: 720px) 100vw, 720px\" \/><figcaption class=\"wp-element-caption\">visite d'une usine de recyclage de plastique<\/figcaption><\/figure> <figcaption class=\"blocks-gallery-caption wp-element-caption\">fabricant de machines de recyclage de plastique situ\u00e9 en Chine<\/figcaption><\/figure>    <h2 class=\"wp-block-heading\">Que proposons-nous<\/h2>    <p class=\"translation-block\">Nos principaux produits sont <a href=\"https:\/\/plastic-machines.org\/fr\/product\/plastic-granulating-line\/\">ligne de granulation de recyclage plastique PP PE<\/a>, <a href=\"https:\/\/plastic-machines.org\/fr\/product\/ligne-de-recyclage-de-bouteilles-en-pet\/\">ligne de nettoyage de bouteilles PET<\/a> et <a href=\"https:\/\/plastic-machines.org\/fr\/product\/plastic-foam-pelletizing-line\/\">ligne de granulation de mousse plastique<\/a>, machine de broyage plastique, machine de nettoyage plastique, et d'autres machines auxiliaires de recyclage plastique. <\/p>    <p>En tant que fabricant de machines de recyclage du plastique, nous fournissons des machines de haute qualit\u00e9 ainsi que des solutions uniques de recyclage du plastique telles que l'installation sur site et le service apr\u00e8s-vente. Jusqu'\u00e0 pr\u00e9sent, nos machines de recyclage du plastique ont \u00e9t\u00e9 export\u00e9es vers plus de 60 pays et r\u00e9gions, tels que l'Allemagne, les \u00c9tats-Unis, l'Arabie Saoudite, le Ghana, le Congo, le Kenya, le Nigeria, etc. et ont \u00e9t\u00e9 bien accueillies par nos clients.<\/p>   <div class=\"wp-block-image\"> <figure class=\"aligncenter size-full\"><img loading=\"lazy\" decoding=\"async\" width=\"720\" height=\"540\" src=\"https:\/\/plastic-machines.org\/wp-content\/uploads\/2022\/10\/recycling-materials.jpg\" alt=\"\" class=\"wp-image-508\" srcset=\"https:\/\/plastic-machines.org\/wp-content\/uploads\/2022\/10\/recycling-materials.jpg 720w, https:\/\/plastic-machines.org\/wp-content\/uploads\/2022\/10\/recycling-materials-300x225.jpg 300w\" sizes=\"auto, (max-width: 720px) 100vw, 720px\" \/><\/figure> <\/div>   <h2 class=\"wp-block-heading\">O\u00f9 sommes-nous<\/h2>    <p>Shuliy Machinery est situ\u00e9 \u00e0 Zhengzhou, Henan, Chine. Notre bureau est install\u00e9 dans la zone de d\u00e9veloppement \u00e9conomique de Zhengzhou. Si vous \u00eates int\u00e9ress\u00e9 par les \u00e9quipements de recyclage du plastique, n'h\u00e9sitez pas \u00e0 visiter Shuliy Machinery !<\/p>    <figure class=\"wp-block-image size-full\"><img loading=\"lazy\" decoding=\"async\" width=\"1024\" height=\"486\" src=\"https:\/\/plastic-machines.org\/wp-content\/uploads\/2022\/10\/global-market.webp\" alt=\"\" class=\"wp-image-506\" srcset=\"https:\/\/plastic-machines.org\/wp-content\/uploads\/2022\/10\/global-market.webp 1024w, https:\/\/plastic-machines.org\/wp-content\/uploads\/2022\/10\/global-market-300x142.webp 300w, https:\/\/plastic-machines.org\/wp-content\/uploads\/2022\/10\/global-market-768x365.webp 768w\" sizes=\"auto, (max-width: 1024px) 100vw, 1024px\" \/><\/figure>","protected":false},"excerpt":{"rendered":"<p>Who are we Shuliy Machinery is a plastic recycling machine manufacturer focusing on the development and production of plastic recycling equipment. Our company was established in 2011, with over ten years of experience in plastic recycling machinery manufacturing. In more than a decade of operation, Shuliy Machinery has always adhered to the mission of &#8220;Let [&hellip;]<\/p>\n","protected":false},"author":1,"featured_media":0,"parent":0,"menu_order":0,"comment_status":"closed","ping_status":"closed","template":"","meta":{"_kad_blocks_custom_css":"","_kad_blocks_head_custom_js":"","_kad_blocks_body_custom_js":"","_kad_blocks_footer_custom_js":"","footnotes":""},"class_list":["post-2","page","type-page","status-publish","hentry"],"taxonomy_info":[],"featured_image_src_large":false,"author_info":{"display_name":"Ella","author_link":"https:\/\/plastic-machines.org\/fr\/author\/admin\/"},"comment_info":0,"_links":{"self":[{"href":"https:\/\/plastic-machines.org\/fr\/wp-json\/wp\/v2\/pages\/2","targetHints":{"allow":["GET"]}}],"collection":[{"href":"https:\/\/plastic-machines.org\/fr\/wp-json\/wp\/v2\/pages"}],"about":[{"href":"https:\/\/plastic-machines.org\/fr\/wp-json\/wp\/v2\/types\/page"}],"author":[{"embeddable":true,"href":"https:\/\/plastic-machines.org\/fr\/wp-json\/wp\/v2\/users\/1"}],"replies":[{"embeddable":true,"href":"https:\/\/plastic-machines.org\/fr\/wp-json\/wp\/v2\/comments?post=2"}],"version-history":[{"count":0,"href":"https:\/\/plastic-machines.org\/fr\/wp-json\/wp\/v2\/pages\/2\/revisions"}],"wp:attachment":[{"href":"https:\/\/plastic-machines.org\/fr\/wp-json\/wp\/v2\/media?parent=2"}],"curies":[{"name":"wp","href":"https:\/\/api.w.org\/{rel}","templated":true}]}}