{"id":1597,"date":"2024-11-28T14:23:04","date_gmt":"2024-11-28T06:23:04","guid":{"rendered":"https:\/\/plastic-machines.org\/?page_id=1597"},"modified":"2024-11-28T14:23:05","modified_gmt":"2024-11-28T06:23:05","slug":"frequently-asked-questions","status":"publish","type":"page","link":"https:\/\/plastic-machines.org\/fr\/frequently-asked-questions\/","title":{"rendered":"Foire aux questions"},"content":{"rendered":"<p>Investir dans des machines de recyclage du plastique est une d\u00e9cision co\u00fbteuse, nous vous recommandons donc de poser davantage de questions sur les machines et les services associ\u00e9s. Vous trouverez ci-dessous les FAQ que nous avons re\u00e7ues avec les questions les plus fr\u00e9quemment pos\u00e9es. Si vous avez d'autres points \u00e0 conna\u00eetre, contactez-nous \u00e0 tout moment. <\/p>    <h2 class=\"wp-block-heading\">\u00c0 propos du fabricant de machines en plastique Shuliy<\/h2>   <div id=\"rank-math-faq\" class=\"rank-math-block\"> <div class=\"rank-math-list\"> <div id=\"faq-question-1732763357448\" class=\"rank-math-list-item\"> <h3 class=\"rank-math-question\">\u00cates-vous une soci\u00e9t\u00e9 commerciale ou une usine\u00a0?<\/h3> <div class=\"rank-math-answer\">  <p>Shuliy est un fabricant de machines de recyclage du plastique avec plus de 10 ans d'exp\u00e9rience, nous avons notre propre usine. <\/p>  <\/div> <\/div> <div id=\"faq-question-1732763512463\" class=\"rank-math-list-item\"> <h3 class=\"rank-math-question\">O\u00f9 est votre usine ?<\/h3> <div class=\"rank-math-answer\">  <p>Shuliy Machinery est situ\u00e9e \u00e0 Zhengzhou, dans la province du Henan en Chine. Adresse\u00a0: neuvi\u00e8me rue de la zone de d\u00e9veloppement \u00e9conomique de Zhengzhou, Jingkai.<\/p>  <\/div> <\/div> <div id=\"faq-question-1732763533916\" class=\"rank-math-list-item\"> <h3 class=\"rank-math-question\">Puis-je visiter votre usine ?<\/h3> <div class=\"rank-math-answer\">  <p>Oui bien s\u00fbr! Vous \u00eates les bienvenus dans notre entreprise et notre usine. L'achat d'un ensemble de machines de recyclage du plastique co\u00fbte cher, vous devriez venir voir nos machines en personne, observer leur apparence et leur fonctionnement. <\/p>  <\/div> <\/div> <div id=\"faq-question-1732763562784\" class=\"rank-math-list-item\"> <h3 class=\"rank-math-question\">Comment me d\u00e9placer jusqu'\u00e0 votre usine ?<\/h3> <div class=\"rank-math-answer\">  <p>Prenez un vol pour l'a\u00e9roport international de Xinzheng en Chine, sortez au terminal T2, notre chauffeur et notre \u00e9quipe commerciale viendront vous chercher \u00e0 la sortie et vous voyagerez ensemble jusqu'\u00e0 l'usine, le trajet dure environ une heure.<\/p>  <\/div> <\/div> <div id=\"faq-question-1732765124586\" class=\"rank-math-list-item\"> <h3 class=\"rank-math-question\">\u00c0 quoi s\u2019attendre lors de la visite ?<\/h3> <div class=\"rank-math-answer\">  <p>Vous pouvez consulter notre bureau et notre \u00e9quipe commerciale, ce sont eux qui parlent avec vous sur WhatsApp et vous offrent le plus haut niveau de service client.<br \/>Vous pourrez ensuite d\u00e9couvrir nos machines de recyclage et assister \u00e0 un test en personne. Sur la base d\u2019une inspection visuelle, vous remarquerez facilement l\u2019excellent savoir-faire de la machine.<\/p>  <\/div> <\/div> <div id=\"faq-question-1732765082445\" class=\"rank-math-list-item\"> <h3 class=\"rank-math-question\">Pourquoi choisir le fabricant de machines de recyclage de plastique Shuliy ?<\/h3> <div class=\"rank-math-answer\">  <p>En tant que fournisseur professionnel de machines de recyclage du plastique, nous avons affin\u00e9 notre m\u00e9thode de production, offrant une machine de la plus haute qualit\u00e9 avec les meilleures pi\u00e8ces de machine. Gr\u00e2ce \u00e0 votre observation, vous constaterez que nos machines fonctionnent plus vite, que le mat\u00e9riau est plus \u00e9pais, qu'il s'agisse d'\u00e9quipements de nettoyage, de concassage ou de granulation, nous am\u00e9liorons constamment les d\u00e9tails, afin que l'efficacit\u00e9 du recyclage des machines continue de s'am\u00e9liorer.<\/p>  <\/div> <\/div> <\/div> <\/div>   <h2 class=\"wp-block-heading\">\u00c0 propos du processus de commande<\/h2>    <p>Vous trouverez ci-dessous les questions fr\u00e9quemment pos\u00e9es sur le processus de commande.<\/p>   <div id=\"rank-math-faq\" class=\"rank-math-block\"> <div class=\"rank-math-list\"> <div id=\"faq-question-1732765274262\" class=\"rank-math-list-item\"> <h3 class=\"rank-math-question\">Comment passer une commande ?<\/h3> <div class=\"rank-math-answer\">  <p>La premi\u00e8re \u00e9tape consiste \u00e0 nous connecter et \u00e0 nous indiquer de quelle machine vous avez besoin et le r\u00e9sultat souhait\u00e9. Vous b\u00e9n\u00e9ficierez alors d\u2019un service client attentionn\u00e9 du plus haut niveau. <\/p>  <\/div> <\/div> <div id=\"faq-question-1732765297651\" class=\"rank-math-list-item\"> <h3 class=\"rank-math-question\">Quel est le d\u00e9lai apr\u00e8s ma commande ?<\/h3> <div class=\"rank-math-answer\">  <p>Notre d\u00e9lai de livraison standard est de 20 \u00e0 25 jours ouvrables apr\u00e8s paiement de l'acompte. Pour les lignes de recyclage compl\u00e8tes, le d\u00e9lai peut \u00eatre prolong\u00e9 jusqu'\u00e0 30 jours ouvr\u00e9s.<\/p>  <\/div> <\/div> <div id=\"faq-question-1732765549681\" class=\"rank-math-list-item\"> <h3 class=\"rank-math-question\">Vos machines sont-elles certifi\u00e9es CE ?<\/h3> <div class=\"rank-math-answer\">  <p>Nos machines ont pass\u00e9 la certification CE. Si vous avez besoin d'une autre certification pour utiliser la machine dans votre pays, vous pouvez nous le dire, nous avons beaucoup d'exp\u00e9riences connexes.<\/p>  <\/div> <\/div> <div id=\"faq-question-1732765583791\" class=\"rank-math-list-item\"> <h3 class=\"rank-math-question\">Quelle est la dur\u00e9e de garantie de vos machines de recyclage ?<\/h3> <div class=\"rank-math-answer\">  <p>La garantie de nos machines de recyclage est d\u2019un an.<\/p>  <\/div> <\/div> <div id=\"faq-question-1732765630702\" class=\"rank-math-list-item\"> <h3 class=\"rank-math-question\">Vos machines fonctionneront-elles dans mes pays ?<\/h3> <div class=\"rank-math-answer\">  <p>Oui, toutes nos machines de recyclage du plastique peuvent fonctionner dans vos pays. Nos machines sont fabriqu\u00e9es selon les normes du pays qu'elles desservent. Si votre pays dispose d\u2019une strat\u00e9gie environnementale particuli\u00e8re, vous pouvez \u00e9galement nous le faire savoir. <\/p>  <\/div> <\/div> <div id=\"faq-question-1732765647746\" class=\"rank-math-list-item\"> <h3 class=\"rank-math-question\">Combien co\u00fbtent vos machines de recyclage du plastique ?<\/h3> <div class=\"rank-math-answer\">  <p>Comme les tarifs d'exp\u00e9dition, le mod\u00e8le de machine, la devise et d'autres facteurs diff\u00e8rent d'un pays \u00e0 l'autre, le co\u00fbt de chaque commande est diff\u00e9rent. Pour des devis d\u00e9taill\u00e9s de machine de recyclage, vous pouvez nous contacter. <\/p>  <\/div> <\/div> <div id=\"faq-question-1732765673123\" class=\"rank-math-list-item\"> <h3 class=\"rank-math-question\">Les machines sont-elles test\u00e9es avant la livraison ?<\/h3> <div class=\"rank-math-answer\">  <p>Oui, toutes nos machines et usines de recyclage compl\u00e8tes seront test\u00e9es avant la livraison. Nous vous enverrons \u00e9galement la vid\u00e9o et les images de test de la machine. <\/p>  <\/div> <\/div> <div id=\"faq-question-1732765717919\" class=\"rank-math-list-item\"> <h3 class=\"rank-math-question\">Pouvez-vous installer les machines pour nous\u00a0?<\/h3> <div class=\"rank-math-answer\">  <p>Nous fournissons un manuel d'installation pour chaque machine. Pour les grandes lignes de recyclage, nous pouvons organiser le d\u00e9placement d'un ing\u00e9nieur en m\u00e9canique dans votre pays pour vous aider \u00e0 l'installation, \u00e0 la mise en service de la machine et \u00e0 la formation des travailleurs.<br \/>D\u2019ailleurs, le temps d\u2019installation se situe g\u00e9n\u00e9ralement entre 7 et 20 jours, selon la taille de votre projet.<\/p>  <\/div> <\/div> <div id=\"faq-question-1732765810341\" class=\"rank-math-list-item\"> <h3 class=\"rank-math-question\">Comment acheter des pi\u00e8ces de rechange ?<\/h3> <div class=\"rank-math-answer\">  <p>Au moment de l\u2019exp\u00e9dition, nous pr\u00e9parerons pour vous des pi\u00e8ces d\u00e9tach\u00e9es suppl\u00e9mentaires. Si vous en avez besoin plus tard, nous avons de nombreuses pi\u00e8ces en stock, alors n'h\u00e9sitez pas \u00e0 nous contacter.<\/p>  <\/div> <\/div> <div id=\"faq-question-1732771420060\" class=\"rank-math-list-item\"> <h3 class=\"rank-math-question\">Quel service apr\u00e8s-vente proposez-vous\u00a0?<\/h3> <div class=\"rank-math-answer\">  <p>Apr\u00e8s l'achat de nos machines, nos vendeurs resteront en contact avec vous jusqu'\u00e0 ce que votre machine fonctionne correctement. Beaucoup de nos clients nous partagent des vid\u00e9os de fonctionnement de leurs machines et sont satisfaits de notre service. Shuliy sera toujours votre fid\u00e8le partenaire une fois le partenariat conclu.<\/p>  <\/div> <\/div> <\/div> <\/div>","protected":false},"excerpt":{"rendered":"<p>Investing in plastic recycling machines is a costly decision, so we recommend asking more questions about the machines and related services. Below are the FAQs we received the most commonly asked questions. If you have other points to know, contact us anytime. About Shuliy plastic machine manufaturer About ordering process Below are the frequently asked [&hellip;]<\/p>\n","protected":false},"author":1,"featured_media":0,"parent":0,"menu_order":0,"comment_status":"closed","ping_status":"closed","template":"","meta":{"_kad_blocks_custom_css":"","_kad_blocks_head_custom_js":"","_kad_blocks_body_custom_js":"","_kad_blocks_footer_custom_js":"","footnotes":""},"class_list":["post-1597","page","type-page","status-publish","hentry"],"taxonomy_info":[],"featured_image_src_large":false,"author_info":{"display_name":"Ella","author_link":"https:\/\/plastic-machines.org\/fr\/author\/admin\/"},"comment_info":0,"_links":{"self":[{"href":"https:\/\/plastic-machines.org\/fr\/wp-json\/wp\/v2\/pages\/1597","targetHints":{"allow":["GET"]}}],"collection":[{"href":"https:\/\/plastic-machines.org\/fr\/wp-json\/wp\/v2\/pages"}],"about":[{"href":"https:\/\/plastic-machines.org\/fr\/wp-json\/wp\/v2\/types\/page"}],"author":[{"embeddable":true,"href":"https:\/\/plastic-machines.org\/fr\/wp-json\/wp\/v2\/users\/1"}],"replies":[{"embeddable":true,"href":"https:\/\/plastic-machines.org\/fr\/wp-json\/wp\/v2\/comments?post=1597"}],"version-history":[{"count":0,"href":"https:\/\/plastic-machines.org\/fr\/wp-json\/wp\/v2\/pages\/1597\/revisions"}],"wp:attachment":[{"href":"https:\/\/plastic-machines.org\/fr\/wp-json\/wp\/v2\/media?parent=1597"}],"curies":[{"name":"wp","href":"https:\/\/api.w.org\/{rel}","templated":true}]}}