{"id":901,"date":"2023-07-25T16:02:31","date_gmt":"2023-07-25T08:02:31","guid":{"rendered":"https:\/\/plastic-machines.org\/?post_type=product&#038;p=901"},"modified":"2025-11-18T09:48:33","modified_gmt":"2025-11-18T01:48:33","slug":"plastic-shredder-for-recycling-rigid-plastics","status":"publish","type":"product","link":"https:\/\/plastic-machines.org\/es\/product\/plastic-shredder-for-recycling-rigid-plastics\/","title":{"rendered":"Trituradora de pl\u00e1stico para reciclaje de pl\u00e1sticos r\u00edgidos."},"content":{"rendered":"<div class=\"kk-star-ratings kksr-auto kksr-align-left kksr-valign-top\"     data-payload='{&quot;align&quot;:&quot;left&quot;,&quot;id&quot;:&quot;901&quot;,&quot;slug&quot;:&quot;default&quot;,&quot;valign&quot;:&quot;top&quot;,&quot;ignore&quot;:&quot;&quot;,&quot;reference&quot;:&quot;auto&quot;,&quot;class&quot;:&quot;&quot;,&quot;count&quot;:&quot;3&quot;,&quot;legendonly&quot;:&quot;&quot;,&quot;readonly&quot;:&quot;&quot;,&quot;score&quot;:&quot;5&quot;,&quot;starsonly&quot;:&quot;&quot;,&quot;best&quot;:&quot;5&quot;,&quot;gap&quot;:&quot;5&quot;,&quot;greet&quot;:&quot;Rate this product&quot;,&quot;legend&quot;:&quot;5\\\/5 - (3 votos)&quot;,&quot;size&quot;:&quot;24&quot;,&quot;title&quot;:&quot;Plastic shredder for recycling rigid plastics&quot;,&quot;width&quot;:&quot;142.5&quot;,&quot;_legend&quot;:&quot;{score}\\\/{best} - ({count} {votes})&quot;,&quot;font_factor&quot;:&quot;1.25&quot;}'>              <div class=\"kksr-stars\">      <div class=\"kksr-stars-inactive\">             <div class=\"kksr-star\" data-star=\"1\" style=\"padding-right: 5px\">               <div class=\"kksr-icon\" style=\"width: 24px; height: 24px;\"><\/div>         <\/div>             <div class=\"kksr-star\" data-star=\"2\" style=\"padding-right: 5px\">               <div class=\"kksr-icon\" style=\"width: 24px; height: 24px;\"><\/div>         <\/div>             <div class=\"kksr-star\" data-star=\"3\" style=\"padding-right: 5px\">               <div class=\"kksr-icon\" style=\"width: 24px; height: 24px;\"><\/div>         <\/div>             <div class=\"kksr-star\" data-star=\"4\" style=\"padding-right: 5px\">               <div class=\"kksr-icon\" style=\"width: 24px; height: 24px;\"><\/div>         <\/div>             <div class=\"kksr-star\" data-star=\"5\" style=\"padding-right: 5px\">               <div class=\"kksr-icon\" style=\"width: 24px; height: 24px;\"><\/div>         <\/div>     <\/div>      <div class=\"kksr-stars-active\" style=\"width: 142.5px;\">             <div class=\"kksr-star\" style=\"padding-right: 5px\">               <div class=\"kksr-icon\" style=\"width: 24px; height: 24px;\"><\/div>         <\/div>             <div class=\"kksr-star\" style=\"padding-right: 5px\">               <div class=\"kksr-icon\" style=\"width: 24px; height: 24px;\"><\/div>         <\/div>             <div class=\"kksr-star\" style=\"padding-right: 5px\">               <div class=\"kksr-icon\" style=\"width: 24px; height: 24px;\"><\/div>         <\/div>             <div class=\"kksr-star\" style=\"padding-right: 5px\">               <div class=\"kksr-icon\" style=\"width: 24px; height: 24px;\"><\/div>         <\/div>             <div class=\"kksr-star\" style=\"padding-right: 5px\">               <div class=\"kksr-icon\" style=\"width: 24px; height: 24px;\"><\/div>         <\/div>     <\/div> <\/div>                   <div class=\"kksr-legend\" style=\"font-size: 19.2px;\">             5\/5 - (3 votos)    <\/div>     <\/div>  <p>La trituradora de pl\u00e1stico para reciclaje se utiliza para triturar pl\u00e1sticos r\u00edgidos, como tuber\u00edas de pl\u00e1stico, tambores de pl\u00e1stico, terrones de pl\u00e1stico, etc.<\/p>    <h2 class=\"wp-block-heading\">Caracter\u00edsticas de la m\u00e1quina trituradora de pl\u00e1stico industrial. <\/h2>    <ul class=\"wp-block-list\"> <li><strong>Fuerte capacidad de trituraci\u00f3n<\/strong>. Los pl\u00e1sticos duros suelen tener una alta resistencia a la compresi\u00f3n y al desgaste, y la trituradora de pl\u00e1stico especializada en triturar pl\u00e1sticos r\u00edgidos puede hacer frente a estas caracter\u00edsticas y triturar eficazmente los pl\u00e1sticos duros en peque\u00f1as part\u00edculas.<\/li>    <li><strong>Cuchillos duraderos y piezas desgastadas.<\/strong>. Para hacer frente a la alta dureza y resistencia a la abrasi\u00f3n de los pl\u00e1sticos duros, la trituradora de pl\u00e1stico generalmente adopta cuchillas y piezas de desgaste de alta calidad para garantizar un funcionamiento estable durante mucho tiempo.<\/li>    <li><strong>Operaci\u00f3n estable<\/strong>. El proceso de trituraci\u00f3n de pl\u00e1sticos r\u00edgidos requiere m\u00e1s potencia y un funcionamiento m\u00e1s estable, por lo que estas trituradoras suelen estar equipadas con motores potentes y sistemas de control estables para garantizar una operaci\u00f3n de trituraci\u00f3n eficiente y estable.<\/li>    <li><strong>Dise\u00f1o profesional<\/strong>. Para adaptarse a las caracter\u00edsticas de los pl\u00e1sticos r\u00edgidos, este tipo de m\u00e1quina trituradora de pl\u00e1stico industrial suele estar dise\u00f1ada de forma profesional, incluida la estructura de la c\u00e1mara de trituraci\u00f3n, el modo de alimentaci\u00f3n, la disposici\u00f3n de las cuchillas, etc. Antes de salir de f\u00e1brica, cada m\u00e1quina trituradora har\u00e1 un Prueba de equilibrio din\u00e1mico para garantizar que la hoja cumpla con los requisitos de calidad.<\/li> <\/ul>    <h2 class=\"wp-block-heading\">Par\u00e1metros de la trituradora de pl\u00e1stico para reciclaje.<\/h2>    <figure class=\"wp-block-table\"><table><tbody><tr><td>Tipo<\/td><td>SL-600<\/td><td>SL-800<\/td><td>SL-1000<\/td><\/tr><tr><td>Fuerza<\/td><td>30 kilovatios<\/td><td>45 kilovatios<\/td><td>55 kilovatios<\/td><\/tr><tr><td>Capacidad<\/td><td>800kg\/h<\/td><td>1000kg\/hora<\/td><td>1200kg\/hora<\/td><\/tr><tr><td>Material de los cuchillos <\/td><td>60Si2Mn<\/td><td>60Si2Mn<\/td><td>60Si2Mn<\/td><\/tr><tr><td>Cantidad de cuchillos<\/td><td>&nbsp;10 piezas<\/td><td>&nbsp;10 piezas&nbsp;<\/td><td>10 piezas&nbsp;<\/td><\/tr><\/tbody><\/table><figcaption class=\"wp-element-caption\">par\u00e1metros de la trituradora de pl\u00e1stico<\/figcaption><\/figure>    <ul class=\"wp-block-list\"> <li>Las trituradoras de pl\u00e1stico Shuliy tienen todas las certificaciones CE.<\/li>    <li>Ofrecemos un modelo de m\u00e1quina trituradora m\u00e1s grande seg\u00fan sus demandas.<\/li> <\/ul>    <h2 class=\"wp-block-heading\">Im\u00e1genes Adicionales<\/h2>    <figure class=\"wp-block-gallery has-nested-images columns-default is-cropped wp-block-gallery-2 is-layout-flex wp-block-gallery-is-layout-flex\"> <figure class=\"wp-block-image size-large\"><img loading=\"lazy\" decoding=\"async\" width=\"768\" height=\"1024\" data-id=\"909\" src=\"https:\/\/plastic-machines.org\/wp-content\/uploads\/2023\/07\/plastic-shredder-machine-768x1024.webp\" alt=\"m\u00e1quina trituradora de pl\u00e1stico para materiales r\u00edgidos\" class=\"wp-image-909\" srcset=\"https:\/\/plastic-machines.org\/wp-content\/uploads\/2023\/07\/plastic-shredder-machine-768x1024.webp 768w, https:\/\/plastic-machines.org\/wp-content\/uploads\/2023\/07\/plastic-shredder-machine-225x300.webp 225w, https:\/\/plastic-machines.org\/wp-content\/uploads\/2023\/07\/plastic-shredder-machine-1152x1536.webp 1152w, https:\/\/plastic-machines.org\/wp-content\/uploads\/2023\/07\/plastic-shredder-machine.webp 1276w\" sizes=\"auto, (max-width: 768px) 100vw, 768px\" \/><figcaption class=\"wp-element-caption\">m\u00e1quina trituradora de pl\u00e1stico para materiales r\u00edgidos<\/figcaption><\/figure>    <figure class=\"wp-block-image size-large\"><img loading=\"lazy\" decoding=\"async\" width=\"768\" height=\"1024\" data-id=\"908\" src=\"https:\/\/plastic-machines.org\/wp-content\/uploads\/2023\/07\/plastic-shredder-machine-2-768x1024.webp\" alt=\"maquina trituradora de plastico \" class=\"wp-image-908\" srcset=\"https:\/\/plastic-machines.org\/wp-content\/uploads\/2023\/07\/plastic-shredder-machine-2-768x1024.webp 768w, https:\/\/plastic-machines.org\/wp-content\/uploads\/2023\/07\/plastic-shredder-machine-2-225x300.webp 225w, https:\/\/plastic-machines.org\/wp-content\/uploads\/2023\/07\/plastic-shredder-machine-2-1152x1536.webp 1152w, https:\/\/plastic-machines.org\/wp-content\/uploads\/2023\/07\/plastic-shredder-machine-2.webp 1276w\" sizes=\"auto, (max-width: 768px) 100vw, 768px\" \/><figcaption class=\"wp-element-caption\">maquina trituradora de plastico <\/figcaption><\/figure> <\/figure>    <figure class=\"wp-block-gallery has-nested-images columns-default is-cropped wp-block-gallery-3 is-layout-flex wp-block-gallery-is-layout-flex\"> <figure class=\"wp-block-image size-large\"><img loading=\"lazy\" decoding=\"async\" width=\"768\" height=\"1024\" data-id=\"905\" src=\"https:\/\/plastic-machines.org\/wp-content\/uploads\/2023\/07\/plastic-film-shredder-3-768x1024.webp\" alt=\"trituradora de plastico \" class=\"wp-image-905\" srcset=\"https:\/\/plastic-machines.org\/wp-content\/uploads\/2023\/07\/plastic-film-shredder-3-768x1024.webp 768w, https:\/\/plastic-machines.org\/wp-content\/uploads\/2023\/07\/plastic-film-shredder-3-225x300.webp 225w, https:\/\/plastic-machines.org\/wp-content\/uploads\/2023\/07\/plastic-film-shredder-3-1152x1536.webp 1152w, https:\/\/plastic-machines.org\/wp-content\/uploads\/2023\/07\/plastic-film-shredder-3.webp 1276w\" sizes=\"auto, (max-width: 768px) 100vw, 768px\" \/><figcaption class=\"wp-element-caption\">trituradora de plastico <\/figcaption><\/figure>    <figure class=\"wp-block-image size-large\"><img loading=\"lazy\" decoding=\"async\" width=\"768\" height=\"1024\" data-id=\"904\" src=\"https:\/\/plastic-machines.org\/wp-content\/uploads\/2023\/07\/plastic-film-shredder-2-768x1024.webp\" alt=\"trituradora de plastico\" class=\"wp-image-904\" srcset=\"https:\/\/plastic-machines.org\/wp-content\/uploads\/2023\/07\/plastic-film-shredder-2-768x1024.webp 768w, https:\/\/plastic-machines.org\/wp-content\/uploads\/2023\/07\/plastic-film-shredder-2-225x300.webp 225w, https:\/\/plastic-machines.org\/wp-content\/uploads\/2023\/07\/plastic-film-shredder-2-1152x1536.webp 1152w, https:\/\/plastic-machines.org\/wp-content\/uploads\/2023\/07\/plastic-film-shredder-2.webp 1276w\" sizes=\"auto, (max-width: 768px) 100vw, 768px\" \/><figcaption class=\"wp-element-caption\">trituradora de plastico<\/figcaption><\/figure> <figcaption class=\"blocks-gallery-caption wp-element-caption\">trituradora de pl\u00e1stico para reciclar pl\u00e1sticos r\u00edgidos<\/figcaption><\/figure>    <h2 class=\"wp-block-heading\">Consultas para trituradora de pl\u00e1stico r\u00edgido <\/h2>    <p>Si est\u00e1 interesado en la m\u00e1quina trituradora de pl\u00e1stico industrial, rellene el formulario que se encuentra a la derecha de la esquina. <\/p>    <p class=\"translation-block\">Nuestro gerente de ventas le enviar\u00e1 <a href=\"https:\/\/plastic-machines.org\/es\/product\/pelletization-machine-for-rigid-plastic-recycling\/\">cotizaciones de m\u00e1quinas de reciclaje<\/a> lo antes posible. <\/p>","protected":false},"excerpt":{"rendered":"<p>The plastic shredder for recycling is used to crush rigid plastics, such as plastic pipes, plastic drums, plastic lumps and so on. Features of industrial plastic shredder machine Parameters of plastic shredder for recycling Type SL-600 SL-800 SL-1000 Power 30&nbsp;kw 45 kw 55 kw Capacity 800kg\/h 1000kg\/h 1200kg\/h Knives material 60Si2Mn 60Si2Mn 60Si2Mn Knive qty [&hellip;]<\/p>\n","protected":false},"author":1,"featured_media":902,"parent":0,"template":"","tags":[51],"product-type":[15],"class_list":["post-901","product","type-product","status-publish","has-post-thumbnail","hentry","tag-rigid","product-type-plastic-crushing-equipment"],"taxonomy_info":{"post_tag":[{"value":51,"label":"rigid"}],"product-type":[{"value":15,"label":"Plastic Crushing Equipment"}]},"featured_image_src_large":["https:\/\/plastic-machines.org\/wp-content\/uploads\/2023\/07\/plastic-crusher-1.webp",720,540,false],"author_info":{"display_name":"Ella","author_link":"https:\/\/plastic-machines.org\/es\/author\/admin\/"},"comment_info":"","_links":{"self":[{"href":"https:\/\/plastic-machines.org\/es\/wp-json\/wp\/v2\/product\/901","targetHints":{"allow":["GET"]}}],"collection":[{"href":"https:\/\/plastic-machines.org\/es\/wp-json\/wp\/v2\/product"}],"about":[{"href":"https:\/\/plastic-machines.org\/es\/wp-json\/wp\/v2\/types\/product"}],"author":[{"embeddable":true,"href":"https:\/\/plastic-machines.org\/es\/wp-json\/wp\/v2\/users\/1"}],"wp:featuredmedia":[{"embeddable":true,"href":"https:\/\/plastic-machines.org\/es\/wp-json\/wp\/v2\/media\/902"}],"wp:attachment":[{"href":"https:\/\/plastic-machines.org\/es\/wp-json\/wp\/v2\/media?parent=901"}],"wp:term":[{"taxonomy":"post_tag","embeddable":true,"href":"https:\/\/plastic-machines.org\/es\/wp-json\/wp\/v2\/tags?post=901"},{"taxonomy":"product-type","embeddable":true,"href":"https:\/\/plastic-machines.org\/es\/wp-json\/wp\/v2\/product-type?post=901"}],"curies":[{"name":"wp","href":"https:\/\/api.w.org\/{rel}","templated":true}]}}