{"id":899,"date":"2023-07-25T14:56:18","date_gmt":"2023-07-25T06:56:18","guid":{"rendered":"https:\/\/plastic-machines.org\/?post_type=product&#038;p=899"},"modified":"2026-03-24T09:45:27","modified_gmt":"2026-03-24T01:45:27","slug":"plastic-film-woven-bag-pelletizer-machine","status":"publish","type":"product","link":"https:\/\/plastic-machines.org\/es\/product\/plastic-film-woven-bag-pelletizer-machine\/","title":{"rendered":"M\u00e1quina peletizadora de bolsas tejidas de pel\u00edcula pl\u00e1stica PP PE"},"content":{"rendered":"<div class=\"kk-star-ratings kksr-auto kksr-align-left kksr-valign-top\"     data-payload='{&quot;align&quot;:&quot;left&quot;,&quot;id&quot;:&quot;899&quot;,&quot;slug&quot;:&quot;default&quot;,&quot;valign&quot;:&quot;top&quot;,&quot;ignore&quot;:&quot;&quot;,&quot;reference&quot;:&quot;auto&quot;,&quot;class&quot;:&quot;&quot;,&quot;count&quot;:&quot;4&quot;,&quot;legendonly&quot;:&quot;&quot;,&quot;readonly&quot;:&quot;&quot;,&quot;score&quot;:&quot;5&quot;,&quot;starsonly&quot;:&quot;&quot;,&quot;best&quot;:&quot;5&quot;,&quot;gap&quot;:&quot;5&quot;,&quot;greet&quot;:&quot;Rate this product&quot;,&quot;legend&quot;:&quot;5\\\/5 - (4 votos)&quot;,&quot;size&quot;:&quot;24&quot;,&quot;title&quot;:&quot;PP PE Plastic Film Woven Bags Pelletizer Machine&quot;,&quot;width&quot;:&quot;142.5&quot;,&quot;_legend&quot;:&quot;{score}\\\/{best} - ({count} {votes})&quot;,&quot;font_factor&quot;:&quot;1.25&quot;}'>              <div class=\"kksr-stars\">      <div class=\"kksr-stars-inactive\">             <div class=\"kksr-star\" data-star=\"1\" style=\"padding-right: 5px\">               <div class=\"kksr-icon\" style=\"width: 24px; height: 24px;\"><\/div>         <\/div>             <div class=\"kksr-star\" data-star=\"2\" style=\"padding-right: 5px\">               <div class=\"kksr-icon\" style=\"width: 24px; height: 24px;\"><\/div>         <\/div>             <div class=\"kksr-star\" data-star=\"3\" style=\"padding-right: 5px\">               <div class=\"kksr-icon\" style=\"width: 24px; height: 24px;\"><\/div>         <\/div>             <div class=\"kksr-star\" data-star=\"4\" style=\"padding-right: 5px\">               <div class=\"kksr-icon\" style=\"width: 24px; height: 24px;\"><\/div>         <\/div>             <div class=\"kksr-star\" data-star=\"5\" style=\"padding-right: 5px\">               <div class=\"kksr-icon\" style=\"width: 24px; height: 24px;\"><\/div>         <\/div>     <\/div>      <div class=\"kksr-stars-active\" style=\"width: 142.5px;\">             <div class=\"kksr-star\" style=\"padding-right: 5px\">               <div class=\"kksr-icon\" style=\"width: 24px; height: 24px;\"><\/div>         <\/div>             <div class=\"kksr-star\" style=\"padding-right: 5px\">               <div class=\"kksr-icon\" style=\"width: 24px; height: 24px;\"><\/div>         <\/div>             <div class=\"kksr-star\" style=\"padding-right: 5px\">               <div class=\"kksr-icon\" style=\"width: 24px; height: 24px;\"><\/div>         <\/div>             <div class=\"kksr-star\" style=\"padding-right: 5px\">               <div class=\"kksr-icon\" style=\"width: 24px; height: 24px;\"><\/div>         <\/div>             <div class=\"kksr-star\" style=\"padding-right: 5px\">               <div class=\"kksr-icon\" style=\"width: 24px; height: 24px;\"><\/div>         <\/div>     <\/div> <\/div>                   <div class=\"kksr-legend\" style=\"font-size: 19.2px;\">             5\/5 - (4 votos)    <\/div>     <\/div>  <p>La m\u00e1quina peletizadora de pel\u00edcula pl\u00e1stica PP PE combina funciones de trituraci\u00f3n, compactaci\u00f3n, fusi\u00f3n y extrusi\u00f3n, todo en un solo paso. Shuliy Group ha fabricado m\u00e1quinas peletizadoras de pel\u00edculas pl\u00e1sticas durante m\u00e1s de 20 a\u00f1os y ha ayudado a muchas plantas de reciclaje a iniciar sus negocios y obtener grandes ganancias.<\/p>    <p>Adem\u00e1s de granular pel\u00edculas pl\u00e1sticas de desecho, la m\u00e1quina granuladora tambi\u00e9n puede granular bolsas tejidas de PP PE, bolsas de cemento, rafias de PP, bolsas de embalaje de pl\u00e1stico, etc. Los productos finales de la m\u00e1quina peletizadora de pl\u00e1stico son pellets o gr\u00e1nulos reciclados, que pueden usarse directamente en la extrusi\u00f3n de tuber\u00edas, fabricaci\u00f3n de pl\u00e1stico, soplado de pel\u00edculas e inyecci\u00f3n de pl\u00e1stico.<\/p>    <h2 class=\"wp-block-heading\">Principio de funcionamiento de la m\u00e1quina peletizadora<\/h2>    <p class=\"translation-block\"><strong>Sistema de extrusi\u00f3n<\/strong>: el sistema de extrusi\u00f3n de la granuladora de pel\u00edcula pl\u00e1stica incluye un tornillo, cilindro, tolva, cabezal y boquilla; el pl\u00e1stico se clasifica en una masa fundida uniforme a trav\u00e9s del sistema de extrusi\u00f3n y, bajo la presi\u00f3n establecida en el proceso, se extruye continuamente fuera del cabezal por el tornillo.<\/p>    <ol class=\"wp-block-list\"> <li>Tornillo: es el principio de la m\u00e1quina peletizadora de pel\u00edcula que constituye las partes m\u00e1s importantes, est\u00e1 directamente relacionado con el \u00e1mbito de aplicaci\u00f3n de la extrusora y la eficiencia de producci\u00f3n, hecho de acero de aleaci\u00f3n resistente a la corrosi\u00f3n de alta resistencia.<\/li>    <li>Barril: un tubo de metal sin costura, generalmente acero de aleaci\u00f3n resistente al calor, resistente a la presi\u00f3n, de alta resistencia, resistente al desgaste, resistente a la corrosi\u00f3n o acero aleado revestido con una tuber\u00eda de acero compuesto.<\/li>    <li>Tolva: la parte inferior de la tolva est\u00e1 equipada con un dispositivo de corte para ajustar y cortar el flujo de material, el costado de la tolva est\u00e1 equipado con un orificio de visualizaci\u00f3n y un dispositivo de medici\u00f3n de calibraci\u00f3n.<\/li>    <li>Cabezal y molde: el cabezal consta de un manguito interior de acero aleado y un manguito exterior de acero al carbono, el cabezal est\u00e1 equipado con una matriz de moldeo.<\/li> <\/ol>    <p class=\"translation-block\"><strong>Sistema de transmisi\u00f3n<\/strong>: En el principio de la m\u00e1quina granuladora de bolsas tejidas, la funci\u00f3n del sistema de transmisi\u00f3n es accionar el tornillo, suministrando el par y la velocidad requeridos por el tornillo en el proceso de extrusi\u00f3n, generalmente por el motor, reductor y cojinetes, y otros componentes.<\/p>    <p class=\"translation-block\"><strong>Dispositivos de calentamiento y enfriamiento<\/strong>: Hoy en d\u00eda, la m\u00e1quina granuladora de bolsas tejidas utiliza principalmente calentamiento el\u00e9ctrico, que se divide en calentamiento por resistencia y calentamiento por inducci\u00f3n, y la pieza de calentamiento se instala en cada parte del cuerpo, cuello y cabezal. El dispositivo de calentamiento calienta el pl\u00e1stico dentro del cilindro desde el exterior, de modo que se calienta hasta alcanzar la temperatura requerida para la operaci\u00f3n del proceso. El dispositivo de enfriamiento se configura para garantizar que el pl\u00e1stico se encuentre en el rango de temperatura requerido por el proceso de granulaci\u00f3n.<\/p>    <h2 class=\"wp-block-heading\">Video de trabajo de la m\u00e1quina peletizadora.<\/h2>    <figure class=\"wp-block-embed is-type-video is-provider-youtube wp-block-embed-youtube wp-embed-aspect-16-9 wp-has-aspect-ratio\"><div class=\"wp-block-embed__wrapper\"> <iframe loading=\"lazy\" title=\"L\u00ednea de lavado y peletizaci\u00f3n de film pl\u00e1stico de 300 kg\/h | M\u00e1quinas de reciclaje de residuos de pl\u00e1stico PP PE LDPE\" width=\"500\" height=\"281\" src=\"https:\/\/www.youtube.com\/embed\/I4dkCkfIOmc?feature=oembed\" frameborder=\"0\" allow=\"accelerometer; autoplay; clipboard-write; encrypted-media; gyroscope; picture-in-picture; web-share\" referrerpolicy=\"strict-origin-when-cross-origin\" allowfullscreen><\/iframe> <\/div><\/figure>    <h2 class=\"wp-block-heading\">Especificaciones t\u00e9cnicas<\/h2>    <figure class=\"wp-block-table\"><table><tbody><tr><td>Modelo<\/td><td>SL-125<\/td><td>SL-150<\/td><td>SL-180<\/td><td>SL-200<\/td><td>SL-220<\/td><\/tr><tr><td>Di\u00e1metro del tornillo<\/td><td>125mm<\/td><td>150mm<\/td><td>180mm<\/td><td>200 mm<\/td><td>220 mm<\/td><\/tr><tr><td>Eje de velocidad<\/td><td>50-70\/minuto<\/td><td>40-50\/minuto<\/td><td>40-50\/minuto<\/td><td>40-50\/minuto<\/td><td>40-50\/minuto<\/td><\/tr><tr><td>Potencia del motor principal<\/td><td>30kw<\/td><td>37kw<\/td><td>55kw<\/td><td>75kw<\/td><td>90kw<\/td><\/tr><tr><td>Peso<\/td><td>1,8T<\/td><td>2T<\/td><td>2.2T<\/td><td>2.8T<\/td><td>3.2T<\/td><\/tr><tr><td>Demenciones<\/td><td>2.6*0.7*0.7<\/td><td>3.0*0.7*0.8<\/td><td>3.2*0.7*0.8<\/td><td>3.5*1*1<\/td><td>3.8*1.2*1<\/td><\/tr><tr><td>Capacidad<\/td><td>180 kg\/h<\/td><td>300 kg\/h<\/td><td>350 kg\/h<\/td><td>380 kg\/h<\/td><td>420 kg\/h<\/td><\/tr><\/tbody><\/table><\/figure>    <ul class=\"wp-block-list\"> <li>La certificaci\u00f3n CE est\u00e1 disponible.<\/li>    <li>Shuliy Group ofrece m\u00e1s modelos de m\u00e1quinas pelletizadoras de pl\u00e1stico con mayor potencia y rendimiento seg\u00fan su solicitud.<\/li> <\/ul>    <h2 class=\"wp-block-heading\">Im\u00e1genes adicionales del granulador de bolsas tejidas<\/h2>    <figure class=\"wp-block-image size-full\"><img loading=\"lazy\" decoding=\"async\" width=\"720\" height=\"540\" src=\"https:\/\/plastic-machines.org\/wp-content\/uploads\/2022\/06\/plastic-pellet-making-machine1.webp\" alt=\"maquina granuladora de plastico\" class=\"wp-image-477\" srcset=\"https:\/\/plastic-machines.org\/wp-content\/uploads\/2022\/06\/plastic-pellet-making-machine1.webp 720w, https:\/\/plastic-machines.org\/wp-content\/uploads\/2022\/06\/plastic-pellet-making-machine1-300x225.webp 300w\" sizes=\"auto, (max-width: 720px) 100vw, 720px\" \/><figcaption class=\"wp-element-caption\">granulador de bolsas tejidas <\/figcaption><\/figure>    <figure class=\"wp-block-image size-full is-resized\"><img loading=\"lazy\" decoding=\"async\" width=\"720\" height=\"540\" src=\"https:\/\/plastic-machines.org\/wp-content\/uploads\/2022\/06\/plastic-pelletizer-machine.webp\" alt=\"peletizadora de pl\u00e1stico\" class=\"wp-image-523\" srcset=\"https:\/\/plastic-machines.org\/wp-content\/uploads\/2022\/06\/plastic-pelletizer-machine.webp 720w, https:\/\/plastic-machines.org\/wp-content\/uploads\/2022\/06\/plastic-pelletizer-machine-300x225.webp 300w\" sizes=\"auto, (max-width: 720px) 100vw, 720px\" \/><figcaption class=\"wp-element-caption\">m\u00e1quina de granulaci\u00f3n de pel\u00edcula pl\u00e1stica<\/figcaption><\/figure>    <figure class=\"wp-block-image size-full\"><img loading=\"lazy\" decoding=\"async\" width=\"720\" height=\"540\" src=\"https:\/\/plastic-machines.org\/wp-content\/uploads\/2022\/12\/plastic-pelletizing-machne.webp\" alt=\"m\u00e1quina peletizadora de pl\u00e1stico\" class=\"wp-image-623\" srcset=\"https:\/\/plastic-machines.org\/wp-content\/uploads\/2022\/12\/plastic-pelletizing-machne.webp 720w, https:\/\/plastic-machines.org\/wp-content\/uploads\/2022\/12\/plastic-pelletizing-machne-300x225.webp 300w\" sizes=\"auto, (max-width: 720px) 100vw, 720px\" \/><figcaption class=\"wp-element-caption\">m\u00e1quina peletizadora de pl\u00e1stico<\/figcaption><\/figure>    <h2 class=\"wp-block-heading\">Consultas sobre m\u00e1quina granuladora de pel\u00edcula pl\u00e1stica.<\/h2>    <p class=\"translation-block\">Env\u00edenos sus consultas rellenando el formulario en la esquina derecha, nuestro gerente de proyecto se pondr\u00e1 en contacto con usted pronto y le ofrecer\u00e1 un servicio personalizado y soluciones de reciclaje para sus materiales. Si desea saber m\u00e1s sobre las m\u00e1quinas de reciclaje de pl\u00e1stico, lea el art\u00edculo: <a href=\"https:\/\/plastic-machines.org\/es\/info\/what-machines-are-used-to-recycle-plastic\/\">M\u00e1quinas utilizadas para reciclar pl\u00e1stico<\/a><\/p>","protected":false},"excerpt":{"rendered":"<p>PP PE plastic film pelletizer machine combines functions of crushing, compacting, melting, and extruding all in one single step. Shuliy Group has manufactured plastic film pelletizing machines for over 20 years and helped many recycling plants start their businesses and obtain great profits. In addition to pelletizing waste plastic films, the pelletizer machine can also [&hellip;]<\/p>\n","protected":false},"author":1,"featured_media":623,"parent":0,"template":"","tags":[49,50,59],"product-type":[9],"class_list":["post-899","product","type-product","status-publish","has-post-thumbnail","hentry","tag-film","tag-pellet","tag-woven-bag","product-type-plastic-pelletizer"],"taxonomy_info":{"post_tag":[{"value":49,"label":"film"},{"value":50,"label":"pellet"},{"value":59,"label":"woven bag"}],"product-type":[{"value":9,"label":"Plastic Pelletizer"}]},"featured_image_src_large":["https:\/\/plastic-machines.org\/wp-content\/uploads\/2022\/12\/plastic-pelletizing-machne.webp",720,540,false],"author_info":{"display_name":"Ella","author_link":"https:\/\/plastic-machines.org\/es\/author\/admin\/"},"comment_info":"","_links":{"self":[{"href":"https:\/\/plastic-machines.org\/es\/wp-json\/wp\/v2\/product\/899","targetHints":{"allow":["GET"]}}],"collection":[{"href":"https:\/\/plastic-machines.org\/es\/wp-json\/wp\/v2\/product"}],"about":[{"href":"https:\/\/plastic-machines.org\/es\/wp-json\/wp\/v2\/types\/product"}],"author":[{"embeddable":true,"href":"https:\/\/plastic-machines.org\/es\/wp-json\/wp\/v2\/users\/1"}],"wp:featuredmedia":[{"embeddable":true,"href":"https:\/\/plastic-machines.org\/es\/wp-json\/wp\/v2\/media\/623"}],"wp:attachment":[{"href":"https:\/\/plastic-machines.org\/es\/wp-json\/wp\/v2\/media?parent=899"}],"wp:term":[{"taxonomy":"post_tag","embeddable":true,"href":"https:\/\/plastic-machines.org\/es\/wp-json\/wp\/v2\/tags?post=899"},{"taxonomy":"product-type","embeddable":true,"href":"https:\/\/plastic-machines.org\/es\/wp-json\/wp\/v2\/product-type?post=899"}],"curies":[{"name":"wp","href":"https:\/\/api.w.org\/{rel}","templated":true}]}}