{"id":895,"date":"2023-07-24T17:16:54","date_gmt":"2023-07-24T09:16:54","guid":{"rendered":"https:\/\/plastic-machines.org\/?post_type=product&#038;p=895"},"modified":"2025-11-10T16:38:39","modified_gmt":"2025-11-10T08:38:39","slug":"plastic-film-washing-line","status":"publish","type":"product","link":"https:\/\/plastic-machines.org\/es\/product\/plastic-film-washing-line\/","title":{"rendered":"L\u00ednea de lavado de pel\u00edcula pl\u00e1stica"},"content":{"rendered":"<div class=\"kk-star-ratings kksr-auto kksr-align-left kksr-valign-top\"     data-payload='{&quot;align&quot;:&quot;left&quot;,&quot;id&quot;:&quot;895&quot;,&quot;slug&quot;:&quot;default&quot;,&quot;valign&quot;:&quot;top&quot;,&quot;ignore&quot;:&quot;&quot;,&quot;reference&quot;:&quot;auto&quot;,&quot;class&quot;:&quot;&quot;,&quot;count&quot;:&quot;5&quot;,&quot;legendonly&quot;:&quot;&quot;,&quot;readonly&quot;:&quot;&quot;,&quot;score&quot;:&quot;5&quot;,&quot;starsonly&quot;:&quot;&quot;,&quot;best&quot;:&quot;5&quot;,&quot;gap&quot;:&quot;5&quot;,&quot;greet&quot;:&quot;Rate this product&quot;,&quot;legend&quot;:&quot;5\\\/5 - (5 votos)&quot;,&quot;size&quot;:&quot;24&quot;,&quot;title&quot;:&quot;Plastic Film Washing Line&quot;,&quot;width&quot;:&quot;142.5&quot;,&quot;_legend&quot;:&quot;{score}\\\/{best} - ({count} {votes})&quot;,&quot;font_factor&quot;:&quot;1.25&quot;}'>              <div class=\"kksr-stars\">      <div class=\"kksr-stars-inactive\">             <div class=\"kksr-star\" data-star=\"1\" style=\"padding-right: 5px\">               <div class=\"kksr-icon\" style=\"width: 24px; height: 24px;\"><\/div>         <\/div>             <div class=\"kksr-star\" data-star=\"2\" style=\"padding-right: 5px\">               <div class=\"kksr-icon\" style=\"width: 24px; height: 24px;\"><\/div>         <\/div>             <div class=\"kksr-star\" data-star=\"3\" style=\"padding-right: 5px\">               <div class=\"kksr-icon\" style=\"width: 24px; height: 24px;\"><\/div>         <\/div>             <div class=\"kksr-star\" data-star=\"4\" style=\"padding-right: 5px\">               <div class=\"kksr-icon\" style=\"width: 24px; height: 24px;\"><\/div>         <\/div>             <div class=\"kksr-star\" data-star=\"5\" style=\"padding-right: 5px\">               <div class=\"kksr-icon\" style=\"width: 24px; height: 24px;\"><\/div>         <\/div>     <\/div>      <div class=\"kksr-stars-active\" style=\"width: 142.5px;\">             <div class=\"kksr-star\" style=\"padding-right: 5px\">               <div class=\"kksr-icon\" style=\"width: 24px; height: 24px;\"><\/div>         <\/div>             <div class=\"kksr-star\" style=\"padding-right: 5px\">               <div class=\"kksr-icon\" style=\"width: 24px; height: 24px;\"><\/div>         <\/div>             <div class=\"kksr-star\" style=\"padding-right: 5px\">               <div class=\"kksr-icon\" style=\"width: 24px; height: 24px;\"><\/div>         <\/div>             <div class=\"kksr-star\" style=\"padding-right: 5px\">               <div class=\"kksr-icon\" style=\"width: 24px; height: 24px;\"><\/div>         <\/div>             <div class=\"kksr-star\" style=\"padding-right: 5px\">               <div class=\"kksr-icon\" style=\"width: 24px; height: 24px;\"><\/div>         <\/div>     <\/div> <\/div>                   <div class=\"kksr-legend\" style=\"font-size: 19.2px;\">             5\/5 - (5 votos)    <\/div>     <\/div>  <p>La l\u00ednea de lavado de pel\u00edculas pl\u00e1sticas de alta eficiencia de Shuliy est\u00e1 dise\u00f1ada para desechos posconsumo. Puede procesar material de desecho de polietileno PE (HDPE, LDPE, LLDPE) y polipropileno PP, como tuber\u00edas de riego usadas, bolsas de basura, sacos tejidos, pl\u00e1sticos de burbujas y pel\u00edculas laminadas (de varias capas). Este sistema de reciclaje de pel\u00edculas est\u00e1 equipado con funciones de trituraci\u00f3n y limpieza. y dispositivos de secado mientras se producen escamas de pel\u00edcula de alta limpieza a un ritmo productivo.<\/p>    <figure class=\"wp-block-embed is-type-video is-provider-youtube wp-block-embed-youtube wp-embed-aspect-16-9 wp-has-aspect-ratio\"><div class=\"wp-block-embed__wrapper\"> <iframe loading=\"lazy\" title=\"L\u00ednea de lavado de pel\u00edcula pl\u00e1stica LDPE LDPE PP HDPE\" width=\"500\" height=\"281\" src=\"https:\/\/www.youtube.com\/embed\/ENh4yPyonP8?feature=oembed\" frameborder=\"0\" allow=\"accelerometer; autoplay; clipboard-write; encrypted-media; gyroscope; picture-in-picture; web-share\" referrerpolicy=\"strict-origin-when-cross-origin\" allowfullscreen><\/iframe> <\/div><\/figure>    <h2 class=\"wp-block-heading\">Proceso de trabajo de la l\u00ednea de lavado de pel\u00edculas pl\u00e1sticas.<\/h2>   <div class=\"wp-block-image\"> <figure class=\"aligncenter size-full\"><img loading=\"lazy\" decoding=\"async\" width=\"720\" height=\"540\" src=\"https:\/\/plastic-machines.org\/wp-content\/uploads\/2023\/07\/plastic-film-washing-machines.webp\" alt=\"m\u00e1quinas de lavado de pel\u00edcula pl\u00e1stica\" class=\"wp-image-1366\" srcset=\"https:\/\/plastic-machines.org\/wp-content\/uploads\/2023\/07\/plastic-film-washing-machines.webp 720w, https:\/\/plastic-machines.org\/wp-content\/uploads\/2023\/07\/plastic-film-washing-machines-300x225.webp 300w, https:\/\/plastic-machines.org\/wp-content\/uploads\/2023\/07\/plastic-film-washing-machines-16x12.webp 16w\" sizes=\"auto, (max-width: 720px) 100vw, 720px\" \/><figcaption class=\"wp-element-caption\">m\u00e1quinas de planta de lavado de pel\u00edcula pl\u00e1stica<\/figcaption><\/figure> <\/div>   <p class=\"translation-block\"><strong>M\u00e1quina de triturado de pl\u00e1stico<\/strong>: El primer paso de la l\u00ednea de lavado y pelletizado de pl\u00e1stico es utilizar una m\u00e1quina de triturado de pl\u00e1stico para cortar las pel\u00edculas pl\u00e1sticas en trozos peque\u00f1os. Los trozos de pl\u00e1stico resultantes de la <strong><a href=\"https:\/\/plastic-machines.org\/es\/product\/plastic-shredder-machine\/\">m\u00e1quina de triturado de pl\u00e1stico<\/a><\/strong> son de aproximadamente 30 mm a 100 mm de tama\u00f1o.<\/p>    <p class=\"translation-block\"><strong>Tanque de enjuague de pl\u00e1stico<\/strong>: El tanque de enjuague de pl\u00e1stico juega un papel clave. <strong><a href=\"https:\/\/plastic-machines.org\/es\/product\/plastic-film-washing-machine\/\">Las m\u00e1quinas de enjuague de pl\u00e1stico<\/a><\/strong> pueden eliminar la suciedad, grasa, polvo, residuos y otras impurezas de la superficie del pl\u00e1stico a trav\u00e9s de una serie de enjuagues con agua, de modo que los desechos pl\u00e1sticos puedan ser tratados de manera m\u00e1s limpia y pura. Un material pl\u00e1stico limpio resulta en un producto reciclado de mayor calidad y menos desgaste y da\u00f1o a los granuladores y otras m\u00e1quinas de reciclaje.<\/p>    <p class=\"translation-block\"><strong>M\u00e1quina centr\u00edfuga de deshidrataci\u00f3n<\/strong>: La <strong><a href=\"https:\/\/plastic-machines.org\/es\/product\/plastic-film-dryer-machine\/\">m\u00e1quina centr\u00edfuga de deshidrataci\u00f3n<\/a><\/strong> vertical es un equipo com\u00fanmente utilizado para la separaci\u00f3n s\u00f3lido-l\u00edquido, y su prop\u00f3sito principal es deshidratar pl\u00e1sticos suspendidos en l\u00edquidos al nivel de humedad o sequedad deseado. Esta m\u00e1quina centr\u00edfuga de deshidrataci\u00f3n separa l\u00edquidos y s\u00f3lidos por fuerza centr\u00edfuga, lo que resulta en un proceso de deshidrataci\u00f3n eficiente.<\/p>    <p class=\"translation-block\"><strong>Silo de producto<\/strong>: El silo se utiliza para almacenar trozos de pel\u00edcula pl\u00e1stica limpios y secos.<\/p>    <p class=\"translation-block\"><strong>Granulador de pl\u00e1stico<\/strong> (m\u00e1quina opcional): <strong><a href=\"https:\/\/plastic-machines.org\/es\/product\/plastic-extruder-machine\/\">La m\u00e1quina granuladora de pl\u00e1stico<\/a><\/strong> es una de las m\u00e1quinas de reciclaje importantes en la l\u00ednea de lavado de pel\u00edculas pl\u00e1sticas, su prop\u00f3sito principal es calentar y derretir los pl\u00e1sticos reciclados y luego extruir el derretido pl\u00e1stico a trav\u00e9s del molde. Los pellets de pl\u00e1stico reciclado pueden ser utilizados como una materia prima alternativa para la fabricaci\u00f3n de una amplia gama de productos pl\u00e1sticos, reduciendo as\u00ed la necesidad de pl\u00e1stico virgen y disminuyendo los costos de producci\u00f3n.<\/p>    <p class=\"translation-block\"><strong>M\u00e1quina de empaquetado de pellets<\/strong> (m\u00e1quina opcional): La m\u00e1quina de empaquetado se utiliza para empaquetar gr\u00e1nulos de pl\u00e1stico en bolsas.<\/p>    <h2 class=\"wp-block-heading\">Im\u00e1genes adicionales <\/h2>    <figure class=\"wp-block-image size-full\"><img loading=\"lazy\" decoding=\"async\" width=\"720\" height=\"540\" src=\"https:\/\/plastic-machines.org\/wp-content\/uploads\/2023\/07\/plastic-film-washing-recycling-line.webp\" alt=\"L\u00ednea de lavado de pel\u00edcula pl\u00e1stica\" class=\"wp-image-807\" srcset=\"https:\/\/plastic-machines.org\/wp-content\/uploads\/2023\/07\/plastic-film-washing-recycling-line.webp 720w, https:\/\/plastic-machines.org\/wp-content\/uploads\/2023\/07\/plastic-film-washing-recycling-line-300x225.webp 300w\" sizes=\"auto, (max-width: 720px) 100vw, 720px\" \/><figcaption class=\"wp-element-caption\">m\u00e1quinas de reciclaje de pel\u00edculas pl\u00e1sticas<\/figcaption><\/figure>    <figure class=\"wp-block-image size-full\"><img loading=\"lazy\" decoding=\"async\" width=\"720\" height=\"540\" src=\"https:\/\/plastic-machines.org\/wp-content\/uploads\/2022\/06\/plastic-granulating-line1.webp\" alt=\"m\u00e1quinas granuladoras de pl\u00e1stico\" class=\"wp-image-476\" srcset=\"https:\/\/plastic-machines.org\/wp-content\/uploads\/2022\/06\/plastic-granulating-line1.webp 720w, https:\/\/plastic-machines.org\/wp-content\/uploads\/2022\/06\/plastic-granulating-line1-300x225.webp 300w\" sizes=\"auto, (max-width: 720px) 100vw, 720px\" \/><figcaption class=\"wp-element-caption\">L\u00ednea de lavado y peletizaci\u00f3n de pel\u00edculas pl\u00e1sticas.<\/figcaption><\/figure>    <h2 class=\"wp-block-heading\">Casos exitosos de l\u00ednea de lavado de film pl\u00e1stico<\/h2>    <figure class=\"wp-block-embed is-type-video is-provider-youtube wp-block-embed-youtube wp-embed-aspect-16-9 wp-has-aspect-ratio\"><div class=\"wp-block-embed__wrapper\"> <iframe loading=\"lazy\" title=\"Planta peletizadora, trituradora y de lavado de pl\u00e1stico PP PE en Tanzania funciona con \u00e9xito\" width=\"500\" height=\"281\" src=\"https:\/\/www.youtube.com\/embed\/PK77av8TFEg?start=12&#038;feature=oembed\" frameborder=\"0\" allow=\"accelerometer; autoplay; clipboard-write; encrypted-media; gyroscope; picture-in-picture; web-share\" referrerpolicy=\"strict-origin-when-cross-origin\" allowfullscreen><\/iframe> <\/div><\/figure>    <figure class=\"wp-block-embed is-type-video is-provider-youtube wp-block-embed-youtube wp-embed-aspect-16-9 wp-has-aspect-ratio\"><div class=\"wp-block-embed__wrapper\"> <iframe loading=\"lazy\" title=\"Planta de reciclaje de pl\u00e1stico instalada en Arabia Saudita | Comentarios de la m\u00e1quina peletizadora de pl\u00e1stico\" width=\"500\" height=\"281\" src=\"https:\/\/www.youtube.com\/embed\/rDw_8i8uBAo?start=15&#038;feature=oembed\" frameborder=\"0\" allow=\"accelerometer; autoplay; clipboard-write; encrypted-media; gyroscope; picture-in-picture; web-share\" referrerpolicy=\"strict-origin-when-cross-origin\" allowfullscreen><\/iframe> <\/div><\/figure>    <h2 class=\"wp-block-heading\">Caracter\u00edsticas de la l\u00ednea de lavado de pel\u00edculas pl\u00e1sticas.<\/h2>    <ul class=\"wp-block-list\"> <li>Multifuncionalidad: la l\u00ednea de lavado y granulaci\u00f3n de pel\u00edculas pl\u00e1sticas puede adaptarse a muchos tipos de residuos de pl\u00e1stico, incluidas bolsas tejidas de pl\u00e1stico, pel\u00edculas pl\u00e1sticas de desecho, bolsas de embalaje de pl\u00e1stico, etc. Puede satisfacer las necesidades de todas las plantas de reciclaje de pl\u00e1stico para el reciclaje de pel\u00edculas pl\u00e1sticas.<\/li>    <li>Alto grado de automatizaci\u00f3n: la l\u00ednea de lavado de pel\u00edculas pl\u00e1sticas generalmente est\u00e1 equipada con un sistema de control de automatizaci\u00f3n avanzado, el silo y la cinta transportadora est\u00e1n instalados con un dispositivo de descarga y control autom\u00e1tico, lo que reduce la operaci\u00f3n manual y mejora la eficiencia del reciclaje.<\/li>    <li>Limpieza eficiente: la l\u00ednea de granulaci\u00f3n y lavado de pl\u00e1stico adopta un proceso de limpieza de varias etapas, que puede eliminar eficazmente la suciedad, el aceite y otras impurezas en la superficie de los pl\u00e1sticos de desecho y garantizar la limpieza y calidad de los pl\u00e1sticos de desecho.<\/li>    <li>Reciclaje de agua: para reducir el consumo de recursos h\u00eddricos, la l\u00ednea de lavado de pel\u00edculas pl\u00e1sticas adopta un sistema de reciclaje de agua para reciclar el agua en el proceso de limpieza, lo que reduce el consumo de agua.<\/li>    <li>Ajuste flexible: Las l\u00edneas de lavado y peletizaci\u00f3n de pel\u00edculas pl\u00e1sticas generalmente se pueden ajustar y personalizar de manera flexible de acuerdo con las diferentes necesidades de los clientes, las m\u00e1quinas de reciclaje se pueden ajustar para diferentes tipos y especificaciones de residuos de pl\u00e1stico.<\/li> <\/ul>    <h2 class=\"wp-block-heading\">Consultas para reciclaje de film pl\u00e1stico.<\/h2>    <p>Si est\u00e1 interesado en m\u00e1quinas de reciclaje de film pl\u00e1stico, complete el formulario en la esquina inferior derecha.<\/p>    <p>Nuestro director de proyecto se pondr\u00e1 en contacto con usted lo antes posible y le enviar\u00e1 un presupuesto de la m\u00e1quina de reciclaje.<\/p>","protected":false},"excerpt":{"rendered":"<p>Shuliy&#8217;s high-efficiency plastic film washing line is designed for post-consumer waste. It can process PE polyethylene (HDPE, LDPE, LLDPE) and PP polypropylene waste material, such as used irrigation pipes, garbage bags, woven sacks, bubble wraps and laminated (muti-layered films. This film recycling system is equipped with crushing, cleaning and drying devices while producing high-cleanness film [&hellip;]<\/p>\n","protected":false},"author":1,"featured_media":1404,"parent":0,"template":"","tags":[49],"product-type":[13],"class_list":["post-895","product","type-product","status-publish","has-post-thumbnail","hentry","tag-film","product-type-plastic-recycling-lines"],"taxonomy_info":{"post_tag":[{"value":49,"label":"film"}],"product-type":[{"value":13,"label":"Plastic Recycling Lines"}]},"featured_image_src_large":["https:\/\/plastic-machines.org\/wp-content\/uploads\/2023\/07\/plastic-film-washing-line-1.webp",720,540,false],"author_info":{"display_name":"Ella","author_link":"https:\/\/plastic-machines.org\/es\/author\/admin\/"},"comment_info":"","_links":{"self":[{"href":"https:\/\/plastic-machines.org\/es\/wp-json\/wp\/v2\/product\/895","targetHints":{"allow":["GET"]}}],"collection":[{"href":"https:\/\/plastic-machines.org\/es\/wp-json\/wp\/v2\/product"}],"about":[{"href":"https:\/\/plastic-machines.org\/es\/wp-json\/wp\/v2\/types\/product"}],"author":[{"embeddable":true,"href":"https:\/\/plastic-machines.org\/es\/wp-json\/wp\/v2\/users\/1"}],"wp:featuredmedia":[{"embeddable":true,"href":"https:\/\/plastic-machines.org\/es\/wp-json\/wp\/v2\/media\/1404"}],"wp:attachment":[{"href":"https:\/\/plastic-machines.org\/es\/wp-json\/wp\/v2\/media?parent=895"}],"wp:term":[{"taxonomy":"post_tag","embeddable":true,"href":"https:\/\/plastic-machines.org\/es\/wp-json\/wp\/v2\/tags?post=895"},{"taxonomy":"product-type","embeddable":true,"href":"https:\/\/plastic-machines.org\/es\/wp-json\/wp\/v2\/product-type?post=895"}],"curies":[{"name":"wp","href":"https:\/\/api.w.org\/{rel}","templated":true}]}}