{"id":822,"date":"2023-07-24T15:09:57","date_gmt":"2023-07-24T07:09:57","guid":{"rendered":"https:\/\/plastic-machines.org\/?post_type=product&#038;p=822"},"modified":"2026-03-24T09:48:39","modified_gmt":"2026-03-24T01:48:39","slug":"pelletization-machine-for-rigid-plastic-recycling","status":"publish","type":"product","link":"https:\/\/plastic-machines.org\/es\/product\/pelletization-machine-for-rigid-plastic-recycling\/","title":{"rendered":"M\u00e1quina de peletizaci\u00f3n para reciclaje de pl\u00e1stico r\u00edgido"},"content":{"rendered":"<div class=\"kk-star-ratings kksr-auto kksr-align-left kksr-valign-top\"     data-payload='{&quot;align&quot;:&quot;left&quot;,&quot;id&quot;:&quot;822&quot;,&quot;slug&quot;:&quot;default&quot;,&quot;valign&quot;:&quot;top&quot;,&quot;ignore&quot;:&quot;&quot;,&quot;reference&quot;:&quot;auto&quot;,&quot;class&quot;:&quot;&quot;,&quot;count&quot;:&quot;5&quot;,&quot;legendonly&quot;:&quot;&quot;,&quot;readonly&quot;:&quot;&quot;,&quot;score&quot;:&quot;5&quot;,&quot;starsonly&quot;:&quot;&quot;,&quot;best&quot;:&quot;5&quot;,&quot;gap&quot;:&quot;5&quot;,&quot;greet&quot;:&quot;Rate this product&quot;,&quot;legend&quot;:&quot;5\\\/5 - (5 votos)&quot;,&quot;size&quot;:&quot;24&quot;,&quot;title&quot;:&quot;Pelletization Machine for Rigid Plastic Recycling&quot;,&quot;width&quot;:&quot;142.5&quot;,&quot;_legend&quot;:&quot;{score}\\\/{best} - ({count} {votes})&quot;,&quot;font_factor&quot;:&quot;1.25&quot;}'>              <div class=\"kksr-stars\">      <div class=\"kksr-stars-inactive\">             <div class=\"kksr-star\" data-star=\"1\" style=\"padding-right: 5px\">               <div class=\"kksr-icon\" style=\"width: 24px; height: 24px;\"><\/div>         <\/div>             <div class=\"kksr-star\" data-star=\"2\" style=\"padding-right: 5px\">               <div class=\"kksr-icon\" style=\"width: 24px; height: 24px;\"><\/div>         <\/div>             <div class=\"kksr-star\" data-star=\"3\" style=\"padding-right: 5px\">               <div class=\"kksr-icon\" style=\"width: 24px; height: 24px;\"><\/div>         <\/div>             <div class=\"kksr-star\" data-star=\"4\" style=\"padding-right: 5px\">               <div class=\"kksr-icon\" style=\"width: 24px; height: 24px;\"><\/div>         <\/div>             <div class=\"kksr-star\" data-star=\"5\" style=\"padding-right: 5px\">               <div class=\"kksr-icon\" style=\"width: 24px; height: 24px;\"><\/div>         <\/div>     <\/div>      <div class=\"kksr-stars-active\" style=\"width: 142.5px;\">             <div class=\"kksr-star\" style=\"padding-right: 5px\">               <div class=\"kksr-icon\" style=\"width: 24px; height: 24px;\"><\/div>         <\/div>             <div class=\"kksr-star\" style=\"padding-right: 5px\">               <div class=\"kksr-icon\" style=\"width: 24px; height: 24px;\"><\/div>         <\/div>             <div class=\"kksr-star\" style=\"padding-right: 5px\">               <div class=\"kksr-icon\" style=\"width: 24px; height: 24px;\"><\/div>         <\/div>             <div class=\"kksr-star\" style=\"padding-right: 5px\">               <div class=\"kksr-icon\" style=\"width: 24px; height: 24px;\"><\/div>         <\/div>             <div class=\"kksr-star\" style=\"padding-right: 5px\">               <div class=\"kksr-icon\" style=\"width: 24px; height: 24px;\"><\/div>         <\/div>     <\/div> <\/div>                   <div class=\"kksr-legend\" style=\"font-size: 19.2px;\">             5\/5 - (5 votos)    <\/div>     <\/div>  <p>La m\u00e1quina granuladora Shuliy para reciclaje de pl\u00e1stico r\u00edgido ofrece una soluci\u00f3n f\u00e1cil y r\u00e1pida para plantas de reciclaje y productores de pl\u00e1stico. El pl\u00e1stico r\u00edgido sucio, como botellas de leche de HDPE, botellas de champ\u00fa, tuber\u00edas, barriles, tambores, juguetes, cortes de producci\u00f3n defectuosos, medidores el\u00e9ctricos residenciales de desecho, etc., ser\u00e1n procesados \u200b\u200ben gr\u00e1nulos de pl\u00e1stico peque\u00f1os y redondos mediante alguna maquinaria de reciclaje de pl\u00e1stico. Los productos finales son gr\u00e1nulos completamente limpios que pueden reutilizarse para la fabricaci\u00f3n. Nuestra maquinaria de reciclaje de pl\u00e1stico r\u00edgido tiene capacidades desde 100kg\/h hasta 500kg\/h.<\/p>    <h2 class=\"wp-block-heading\">Principio de reciclaje de pl\u00e1stico r\u00edgido.<\/h2>    <p>Una m\u00e1quina granuladora de pl\u00e1stico para reciclaje de pl\u00e1stico es adecuada para producir PP, PE, PS, ABS, PA, PVC, PC, POM y otros tipos de reciclaje de pl\u00e1stico. Despu\u00e9s de que el pl\u00e1stico ingresa al tornillo desde la tolva, el pl\u00e1stico se transporta hacia adelante bajo la acci\u00f3n del tornillo giratorio y el pl\u00e1stico s\u00f3lido suelto comienza a compactarse.<\/p>    <p>Al mismo tiempo, bajo la acci\u00f3n del anillo calefactor fuera del cilindro y la fricci\u00f3n constante entre el tornillo y el material dentro del cilindro, la temperatura del pl\u00e1stico aumenta continuamente y, finalmente, cuando la temperatura del pl\u00e1stico alcanza el punto de fusi\u00f3n. , comienza a derretirse.<\/p>    <p>Al final de la secci\u00f3n de compresi\u00f3n, todos los materiales se transforman en un estado de flujo viscoso, pero en este momento la temperatura de cada punto a\u00fan no es uniforme, despu\u00e9s de la secci\u00f3n de homogeneizaci\u00f3n de la homogeneizaci\u00f3n del papel de un papel m\u00e1s uniforme, y luego El tornillo ser\u00e1 el material fundido cuantitativamente, extrusi\u00f3n de presi\u00f3n fija y temperatura fija en la cabeza.<\/p>    <p>La cabeza del molde es una pieza de moldeo, el material pasa a trav\u00e9s de ella y obtiene un tama\u00f1o fijo de tira de pl\u00e1stico, y luego, despu\u00e9s del proceso de enfriamiento y corte, se pueden obtener las part\u00edculas recicladas de pl\u00e1stico moldeado.<\/p>    <figure class=\"wp-block-gallery has-nested-images columns-default is-cropped wp-block-gallery-2 is-layout-flex wp-block-gallery-is-layout-flex\"> <figure class=\"wp-block-image size-large\"><img loading=\"lazy\" decoding=\"async\" width=\"720\" height=\"540\" data-id=\"894\" src=\"https:\/\/plastic-machines.org\/wp-content\/uploads\/2023\/07\/heating-device-2.webp\" alt=\"anillos calefactores de la m\u00e1quina de peletizaci\u00f3n\" class=\"wp-image-894\" srcset=\"https:\/\/plastic-machines.org\/wp-content\/uploads\/2023\/07\/heating-device-2.webp 720w, https:\/\/plastic-machines.org\/wp-content\/uploads\/2023\/07\/heating-device-2-300x225.webp 300w\" sizes=\"auto, (max-width: 720px) 100vw, 720px\" \/><figcaption class=\"wp-element-caption\">anillos calefactores<\/figcaption><\/figure>    <figure class=\"wp-block-image size-large\"><img loading=\"lazy\" decoding=\"async\" width=\"720\" height=\"540\" data-id=\"893\" src=\"https:\/\/plastic-machines.org\/wp-content\/uploads\/2023\/07\/die-head-of-plastic-pelletizer-machine.webp\" alt=\"cabezal de troquel de la m\u00e1quina de peletizaci\u00f3n\" class=\"wp-image-893\" srcset=\"https:\/\/plastic-machines.org\/wp-content\/uploads\/2023\/07\/die-head-of-plastic-pelletizer-machine.webp 720w, https:\/\/plastic-machines.org\/wp-content\/uploads\/2023\/07\/die-head-of-plastic-pelletizer-machine-300x225.webp 300w\" sizes=\"auto, (max-width: 720px) 100vw, 720px\" \/><figcaption class=\"wp-element-caption\">morir cabeza<\/figcaption><\/figure> <\/figure>    <h2 class=\"wp-block-heading\">Caracter\u00edsticas de la m\u00e1quina peletizadora extrusora de pl\u00e1stico r\u00edgido<\/h2>    <ul class=\"wp-block-list\"> <li>Nuestra m\u00e1quina granuladora extrusora de pl\u00e1stico r\u00edgido est\u00e1 dise\u00f1ada razonablemente, con un alto grado de automatizaci\u00f3n, buena calidad del producto, tama\u00f1o de part\u00edcula uniforme y color puro, cumpliendo con los requisitos del mercado internacional.<\/li>    <li>El exterior de la m\u00e1quina granuladora de pl\u00e1stico adopta un escudo de seguridad completamente cerrado, uno es para evitar al operador debido a altas temperaturas y quemaduras, adem\u00e1s de evitar el problema de fugas el\u00e9ctricas, pero tambi\u00e9n desempe\u00f1a un papel en la preservaci\u00f3n del calor.<\/li>    <li>La m\u00e1quina de granulaci\u00f3n utiliza un motor de la mejor calidad, ya que la operaci\u00f3n de alta velocidad del motor de la m\u00e1quina de granulaci\u00f3n es la m\u00e1s propensa a tener problemas, utilizamos motores de la mejor calidad de China para garantizar que el granulador pueda tener un funcionamiento prolongado y sin problemas.<\/li>    <li>Como el riesgo del fundador de la planta de peletizaci\u00f3n de pl\u00e1stico reciclado es peque\u00f1o, el tama\u00f1o de la inversi\u00f3n puede serlo y la puerta de entrada tambi\u00e9n es baja. Los inversores pueden empezar desde un<strong><a href=\"https:\/\/plastic-machines.org\/es\/product\/plastic-recycling-granulating-line\/\"> L\u00ednea de reciclaje de peletizaci\u00f3n de pl\u00e1stico.<\/a><\/strong>, pero tambi\u00e9n al mismo tiempo para poner en marcha una serie de conjuntos de maquinaria de reciclaje.<\/li> <\/ul>    <h2 class=\"wp-block-heading\">Garant\u00eda y servicios de la m\u00e1quina peletizadora de r\u00edgidos.  <\/h2>    <p>Cada maquinaria de reciclaje viene con una garant\u00eda limitada. Shuliy Group ofrece 12 meses para nuestra m\u00e1quina peletizadora de pl\u00e1stico para reciclaje de pl\u00e1stico. Tambi\u00e9n proporcionamos instalaci\u00f3n en el sitio, nuestro gerente de proyecto ir\u00e1 a su pa\u00eds y lo ayudar\u00e1 con la instalaci\u00f3n de la m\u00e1quina.<\/p>    <figure class=\"wp-block-image size-full\"><img loading=\"lazy\" decoding=\"async\" width=\"720\" height=\"540\" src=\"https:\/\/plastic-machines.org\/wp-content\/uploads\/2023\/01\/plastic-pelletizing-plant-21.webp\" alt=\"Maquinaria de reciclaje de pl\u00e1stico instalada en Arabia Saudita.\" class=\"wp-image-697\" srcset=\"https:\/\/plastic-machines.org\/wp-content\/uploads\/2023\/01\/plastic-pelletizing-plant-21.webp 720w, https:\/\/plastic-machines.org\/wp-content\/uploads\/2023\/01\/plastic-pelletizing-plant-21-300x225.webp 300w\" sizes=\"auto, (max-width: 720px) 100vw, 720px\" \/><figcaption class=\"wp-element-caption\">Maquinaria de reciclaje de pl\u00e1stico instalada en Arabia Saudita.<\/figcaption><\/figure>    <h2 class=\"wp-block-heading\">Im\u00e1genes adicionales del pelletizador<\/h2>    <figure class=\"wp-block-image size-full\"><img loading=\"lazy\" decoding=\"async\" width=\"720\" height=\"540\" src=\"https:\/\/plastic-machines.org\/wp-content\/uploads\/2023\/07\/Plastic-pelletizing-machine-2.webp\" alt=\"m\u00e1quina de granulaci\u00f3n de pl\u00e1stico de dos etapas \" class=\"wp-image-890\" srcset=\"https:\/\/plastic-machines.org\/wp-content\/uploads\/2023\/07\/Plastic-pelletizing-machine-2.webp 720w, https:\/\/plastic-machines.org\/wp-content\/uploads\/2023\/07\/Plastic-pelletizing-machine-2-300x225.webp 300w\" sizes=\"auto, (max-width: 720px) 100vw, 720px\" \/><\/figure>    <figure class=\"wp-block-image size-full\"><img loading=\"lazy\" decoding=\"async\" width=\"720\" height=\"540\" src=\"https:\/\/plastic-machines.org\/wp-content\/uploads\/2023\/07\/plastic-granulator-2.webp\" alt=\"m\u00e1quina de peletizaci\u00f3n\" class=\"wp-image-878\" srcset=\"https:\/\/plastic-machines.org\/wp-content\/uploads\/2023\/07\/plastic-granulator-2.webp 720w, https:\/\/plastic-machines.org\/wp-content\/uploads\/2023\/07\/plastic-granulator-2-300x225.webp 300w\" sizes=\"auto, (max-width: 720px) 100vw, 720px\" \/><\/figure>    <figure class=\"wp-block-image size-full\"><img loading=\"lazy\" decoding=\"async\" width=\"720\" height=\"540\" src=\"https:\/\/plastic-machines.org\/wp-content\/uploads\/2023\/07\/hdpe-granules-making-machine-2.webp\" alt=\"peletizadora con sistema de enfriamiento y corte\" class=\"wp-image-859\" srcset=\"https:\/\/plastic-machines.org\/wp-content\/uploads\/2023\/07\/hdpe-granules-making-machine-2.webp 720w, https:\/\/plastic-machines.org\/wp-content\/uploads\/2023\/07\/hdpe-granules-making-machine-2-300x225.webp 300w\" sizes=\"auto, (max-width: 720px) 100vw, 720px\" \/><figcaption class=\"wp-element-caption\">M\u00e1quina peletizadora extrusora para reciclaje de pl\u00e1stico r\u00edgido.<\/figcaption><\/figure>    <h2 class=\"wp-block-heading\">Consultas para m\u00e1quina pelletizadora de pl\u00e1stico r\u00edgido<\/h2>    <p>Para obtener precios y plazos limitados de la m\u00e1quina pelletizadora, env\u00edanos un mensaje usando el formulario en la esquina inferior derecha.<\/p>    <p class=\"translation-block\">Nuestro gerente de ventas profesional estar\u00e1 encantado de enviarte pronto los detalles de la maquinaria de reciclaje. Conoce m\u00e1s m\u00e1quinas para reciclar pl\u00e1stico: <a href=\"https:\/\/plastic-machines.org\/es\/info\/what-machines-are-used-to-recycle-plastic\/\">M\u00e1quinas utilizadas para reciclar pl\u00e1stico<\/a><\/p>","protected":false},"excerpt":{"rendered":"<p>Shuliy pelletization machine for rigid plastic recycling offers an easy and quick solution for recycling plants and plastic producers. The dirty rigid plastic like HDPE milk bottles, shampoo bottles, pipes, barrels, drums, toys, defective production cut-offs, waste residential electric meters, etc., they will be processed to small and round plastic granules by some plastic recycling [&hellip;]<\/p>\n","protected":false},"author":1,"featured_media":891,"parent":0,"template":"","tags":[51],"product-type":[9],"class_list":["post-822","product","type-product","status-publish","has-post-thumbnail","hentry","tag-rigid","product-type-plastic-pelletizer"],"taxonomy_info":{"post_tag":[{"value":51,"label":"rigid"}],"product-type":[{"value":9,"label":"Plastic Pelletizer"}]},"featured_image_src_large":["https:\/\/plastic-machines.org\/wp-content\/uploads\/2023\/07\/Plastic-pelletizing-machine.webp",720,540,false],"author_info":{"display_name":"Ella","author_link":"https:\/\/plastic-machines.org\/es\/author\/admin\/"},"comment_info":"","_links":{"self":[{"href":"https:\/\/plastic-machines.org\/es\/wp-json\/wp\/v2\/product\/822","targetHints":{"allow":["GET"]}}],"collection":[{"href":"https:\/\/plastic-machines.org\/es\/wp-json\/wp\/v2\/product"}],"about":[{"href":"https:\/\/plastic-machines.org\/es\/wp-json\/wp\/v2\/types\/product"}],"author":[{"embeddable":true,"href":"https:\/\/plastic-machines.org\/es\/wp-json\/wp\/v2\/users\/1"}],"wp:featuredmedia":[{"embeddable":true,"href":"https:\/\/plastic-machines.org\/es\/wp-json\/wp\/v2\/media\/891"}],"wp:attachment":[{"href":"https:\/\/plastic-machines.org\/es\/wp-json\/wp\/v2\/media?parent=822"}],"wp:term":[{"taxonomy":"post_tag","embeddable":true,"href":"https:\/\/plastic-machines.org\/es\/wp-json\/wp\/v2\/tags?post=822"},{"taxonomy":"product-type","embeddable":true,"href":"https:\/\/plastic-machines.org\/es\/wp-json\/wp\/v2\/product-type?post=822"}],"curies":[{"name":"wp","href":"https:\/\/api.w.org\/{rel}","templated":true}]}}