{"id":725,"date":"2023-05-15T14:18:41","date_gmt":"2023-05-15T06:18:41","guid":{"rendered":"https:\/\/plastic-machines.org\/?post_type=product&#038;p=725"},"modified":"2026-03-24T09:51:05","modified_gmt":"2026-03-24T01:51:05","slug":"plastic-granule-cutter","status":"publish","type":"product","link":"https:\/\/plastic-machines.org\/es\/product\/plastic-granule-cutter\/","title":{"rendered":"Cortador de gr\u00e1nulos de pl\u00e1stico para peletizaci\u00f3n de hebras"},"content":{"rendered":"<div class=\"kk-star-ratings kksr-auto kksr-align-left kksr-valign-top\"     data-payload='{&quot;align&quot;:&quot;left&quot;,&quot;id&quot;:&quot;725&quot;,&quot;slug&quot;:&quot;default&quot;,&quot;valign&quot;:&quot;top&quot;,&quot;ignore&quot;:&quot;&quot;,&quot;reference&quot;:&quot;auto&quot;,&quot;class&quot;:&quot;&quot;,&quot;count&quot;:&quot;2&quot;,&quot;legendonly&quot;:&quot;&quot;,&quot;readonly&quot;:&quot;&quot;,&quot;score&quot;:&quot;4.5&quot;,&quot;starsonly&quot;:&quot;&quot;,&quot;best&quot;:&quot;5&quot;,&quot;gap&quot;:&quot;5&quot;,&quot;greet&quot;:&quot;Rate this product&quot;,&quot;legend&quot;:&quot;4.5\\\/5 - (2 votos)&quot;,&quot;size&quot;:&quot;24&quot;,&quot;title&quot;:&quot;Plastic Granule Cutter for Strand Pelletizing&quot;,&quot;width&quot;:&quot;128&quot;,&quot;_legend&quot;:&quot;{score}\\\/{best} - ({count} {votes})&quot;,&quot;font_factor&quot;:&quot;1.25&quot;}'>              <div class=\"kksr-stars\">      <div class=\"kksr-stars-inactive\">             <div class=\"kksr-star\" data-star=\"1\" style=\"padding-right: 5px\">               <div class=\"kksr-icon\" style=\"width: 24px; height: 24px;\"><\/div>         <\/div>             <div class=\"kksr-star\" data-star=\"2\" style=\"padding-right: 5px\">               <div class=\"kksr-icon\" style=\"width: 24px; height: 24px;\"><\/div>         <\/div>             <div class=\"kksr-star\" data-star=\"3\" style=\"padding-right: 5px\">               <div class=\"kksr-icon\" style=\"width: 24px; height: 24px;\"><\/div>         <\/div>             <div class=\"kksr-star\" data-star=\"4\" style=\"padding-right: 5px\">               <div class=\"kksr-icon\" style=\"width: 24px; height: 24px;\"><\/div>         <\/div>             <div class=\"kksr-star\" data-star=\"5\" style=\"padding-right: 5px\">               <div class=\"kksr-icon\" style=\"width: 24px; height: 24px;\"><\/div>         <\/div>     <\/div>      <div class=\"kksr-stars-active\" style=\"width: 128px;\">             <div class=\"kksr-star\" style=\"padding-right: 5px\">               <div class=\"kksr-icon\" style=\"width: 24px; height: 24px;\"><\/div>         <\/div>             <div class=\"kksr-star\" style=\"padding-right: 5px\">               <div class=\"kksr-icon\" style=\"width: 24px; height: 24px;\"><\/div>         <\/div>             <div class=\"kksr-star\" style=\"padding-right: 5px\">               <div class=\"kksr-icon\" style=\"width: 24px; height: 24px;\"><\/div>         <\/div>             <div class=\"kksr-star\" style=\"padding-right: 5px\">               <div class=\"kksr-icon\" style=\"width: 24px; height: 24px;\"><\/div>         <\/div>             <div class=\"kksr-star\" style=\"padding-right: 5px\">               <div class=\"kksr-icon\" style=\"width: 24px; height: 24px;\"><\/div>         <\/div>     <\/div> <\/div>                   <div class=\"kksr-legend\" style=\"font-size: 19.2px;\">             4.5\/5 - (2 votos)    <\/div>     <\/div>  <p>La cortadora de gr\u00e1nulos de pl\u00e1stico es una m\u00e1quina auxiliar indispensable para la l\u00ednea de granulaci\u00f3n de pl\u00e1stico. Las cortadoras de gr\u00e1nulos de pl\u00e1stico Shuliy se han exportado a muchos pa\u00edses del mundo para respaldar sus negocios de reciclaje de pl\u00e1stico. Los gr\u00e1nulos de pl\u00e1stico finales son de alta calidad y rentabilidad, aportando a nuestros clientes enormes m\u00e1rgenes econ\u00f3micos.<\/p>   <div class=\"wp-block-image\"> <figure class=\"aligncenter size-full\"><img loading=\"lazy\" decoding=\"async\" width=\"720\" height=\"540\" src=\"https:\/\/plastic-machines.org\/wp-content\/uploads\/2023\/05\/plastic-dana-cutter-.webp\" alt=\"cortador dana de plastico\" class=\"wp-image-733\" srcset=\"https:\/\/plastic-machines.org\/wp-content\/uploads\/2023\/05\/plastic-dana-cutter-.webp 720w, https:\/\/plastic-machines.org\/wp-content\/uploads\/2023\/05\/plastic-dana-cutter--300x225.webp 300w\" sizes=\"auto, (max-width: 720px) 100vw, 720px\" \/><figcaption class=\"wp-element-caption\">cortador dana de plastico<\/figcaption><\/figure> <\/div>   <h2 class=\"wp-block-heading\">Introducci\u00f3n al cortador de gr\u00e1nulos de pl\u00e1stico.<\/h2>    <p>El cortador de gr\u00e1nulos de pl\u00e1stico se utiliza en una l\u00ednea de producci\u00f3n de pellets de pl\u00e1stico, cortando el pl\u00e1stico de manera perfecta al final de la l\u00ednea. La m\u00e1quina cortadora de gr\u00e1nulos es adecuada para PP, PE, HDPE, LDPE, ABS, PVC y otros pl\u00e1sticos. La tira larga de pl\u00e1stico ser\u00e1 cortada por una cuchilla rotatoria y una cuchilla fija. Luego, las grandes piezas de pl\u00e1stico de desecho se convertir\u00e1n en peque\u00f1os pellets para su procesamiento posterior o reutilizaci\u00f3n. Puede elegir entre muchos modelos diferentes con diferentes voltajes, que tambi\u00e9n pueden ser personalizados.<\/p>    <h2 class=\"wp-block-heading\">Exhibici\u00f3n de la m\u00e1quina cortadora de pl\u00e1stico Dana.<\/h2>    <figure class=\"wp-block-gallery has-nested-images columns-default is-cropped wp-block-gallery-2 is-layout-flex wp-block-gallery-is-layout-flex\"> <figure class=\"wp-block-image size-large\"><img loading=\"lazy\" decoding=\"async\" width=\"720\" height=\"540\" data-id=\"731\" src=\"https:\/\/plastic-machines.org\/wp-content\/uploads\/2023\/05\/Plastic-granule-cutter-21.webp\" alt=\"Cortador de gr\u00e1nulos de pl\u00e1stico \" class=\"wp-image-731\" srcset=\"https:\/\/plastic-machines.org\/wp-content\/uploads\/2023\/05\/Plastic-granule-cutter-21.webp 720w, https:\/\/plastic-machines.org\/wp-content\/uploads\/2023\/05\/Plastic-granule-cutter-21-300x225.webp 300w\" sizes=\"auto, (max-width: 720px) 100vw, 720px\" \/><figcaption class=\"wp-element-caption\">Cortador de gr\u00e1nulos de pl\u00e1stico <\/figcaption><\/figure>    <figure class=\"wp-block-image size-large\"><img loading=\"lazy\" decoding=\"async\" width=\"720\" height=\"540\" data-id=\"728\" src=\"https:\/\/plastic-machines.org\/wp-content\/uploads\/2023\/05\/plastic-granule-cutter-machine1.webp\" alt=\"m\u00e1quina cortadora de gr\u00e1nulos de pl\u00e1stico\" class=\"wp-image-728\" srcset=\"https:\/\/plastic-machines.org\/wp-content\/uploads\/2023\/05\/plastic-granule-cutter-machine1.webp 720w, https:\/\/plastic-machines.org\/wp-content\/uploads\/2023\/05\/plastic-granule-cutter-machine1-300x225.webp 300w\" sizes=\"auto, (max-width: 720px) 100vw, 720px\" \/><figcaption class=\"wp-element-caption\">m\u00e1quina cortadora de gr\u00e1nulos de pl\u00e1stico<\/figcaption><\/figure> <\/figure>    <figure class=\"wp-block-gallery has-nested-images columns-default is-cropped wp-block-gallery-3 is-layout-flex wp-block-gallery-is-layout-flex\"> <figure class=\"wp-block-image size-large\"><img loading=\"lazy\" decoding=\"async\" width=\"720\" height=\"540\" data-id=\"732\" src=\"https:\/\/plastic-machines.org\/wp-content\/uploads\/2023\/05\/Plastic-granule-cutter-1.webp\" alt=\"cortador de gr\u00e1nulos de pl\u00e1stico\" class=\"wp-image-732\" srcset=\"https:\/\/plastic-machines.org\/wp-content\/uploads\/2023\/05\/Plastic-granule-cutter-1.webp 720w, https:\/\/plastic-machines.org\/wp-content\/uploads\/2023\/05\/Plastic-granule-cutter-1-300x225.webp 300w\" sizes=\"auto, (max-width: 720px) 100vw, 720px\" \/><figcaption class=\"wp-element-caption\">cortador de gr\u00e1nulos de pl\u00e1stico<\/figcaption><\/figure>    <figure class=\"wp-block-image size-large\"><img loading=\"lazy\" decoding=\"async\" width=\"720\" height=\"540\" data-id=\"729\" src=\"https:\/\/plastic-machines.org\/wp-content\/uploads\/2023\/05\/Plastic-Strip-Cutting-Machine1.webp\" alt=\"cortadora de tiras de pl\u00e1stico\" class=\"wp-image-729\" srcset=\"https:\/\/plastic-machines.org\/wp-content\/uploads\/2023\/05\/Plastic-Strip-Cutting-Machine1.webp 720w, https:\/\/plastic-machines.org\/wp-content\/uploads\/2023\/05\/Plastic-Strip-Cutting-Machine1-300x225.webp 300w\" sizes=\"auto, (max-width: 720px) 100vw, 720px\" \/><figcaption class=\"wp-element-caption\">cortadora de tiras de pl\u00e1stico<\/figcaption><\/figure> <\/figure>    <h2 class=\"wp-block-heading\">Caracter\u00edsticas de la m\u00e1quina cortadora de gr\u00e1nulos de pl\u00e1stico.<\/h2>    <ul class=\"wp-block-list\"> <li>Alta eficiencia: la m\u00e1quina cortadora de tiras de pl\u00e1stico adopta cuchillas giratorias de alta velocidad, que pueden cortar materiales pl\u00e1sticos r\u00e1pidamente y lograr un corte de alta eficiencia.<\/li>    <li>Alto grado de automatizaci\u00f3n: la m\u00e1quina cortadora de pellets de pl\u00e1stico generalmente tiene un sistema de control autom\u00e1tico, que puede completar autom\u00e1ticamente el proceso de alimentaci\u00f3n, corte y descarga, reduciendo la intervenci\u00f3n manual y mejorando la eficiencia de producci\u00f3n.<\/li>    <li>Tama\u00f1o de corte ajustable: el espacio entre las cuchillas y el \u00e1ngulo de la cuchilla de la m\u00e1quina cortadora de tiras de pl\u00e1stico se pueden ajustar para lograr efectos de corte de diferentes tama\u00f1os para satisfacer las necesidades de diferentes clientes.<\/li>    <li>Alta seguridad: El cortador de gr\u00e1nulos de pl\u00e1stico suele tener m\u00faltiples medidas de protecci\u00f3n de seguridad, como protecci\u00f3n contra sobrecarga, parada de emergencia, etc., para garantizar la seguridad de los operadores de la planta de reciclaje de pl\u00e1stico.<\/li>    <li>Mantenimiento sencillo: la m\u00e1quina utiliza cuchillas de acero aleado, no es necesario afilar ni pulir las cuchillas en un a\u00f1o. La estructura de la m\u00e1quina cortadora de gr\u00e1nulos de pl\u00e1stico es simple y f\u00e1cil de mantener; reemplazar la cuchilla y limpiar la m\u00e1quina tambi\u00e9n son relativamente f\u00e1ciles.<\/li> <\/ul>    <h2 class=\"wp-block-heading\">Par\u00e1metros de la cortadora de pellets de pl\u00e1stico.<\/h2>    <p>La cortadora de pellets de pl\u00e1stico recibe su nombre por el ancho de las cuchillas, por ejemplo, el modelo SL-260, el ancho de sus cuchillas es de 260 mm. Los siguientes datos son los par\u00e1metros b\u00e1sicos del cortador de gr\u00e1nulos de pl\u00e1stico, no dude en dejar sus requisitos en nuestro sitio web y nuestro gerente de ventas estar\u00e1 encantado de ayudarle a elegir el modelo que mejor se adapte a sus necesidades.<\/p>    <figure class=\"wp-block-table\"><table><tbody><tr><td>Modelo<\/td><td>Potencia (kilovatios)<\/td><td>Ancho de cuchillas (mm)<\/td><td>tipo de cuchillos<\/td><\/tr><tr><td>SL-180<\/td><td>3<\/td><td>180<\/td><td>Quemador<\/td><\/tr><tr><td>SL-220<\/td><td>5.5<\/td><td>220<\/td><td>Quemador<\/td><\/tr><tr><td>SL-260<\/td><td>5.5<\/td><td>260<\/td><td>Quemador<\/td><\/tr><\/tbody><\/table><\/figure>    <h2 class=\"wp-block-heading\">L\u00ednea de reciclaje relacionada de m\u00e1quina cortadora de tiras de pl\u00e1stico  <\/h2>    <p class=\"translation-block\">Una cortadora de dana pl\u00e1stica se utiliza normalmente en combinaci\u00f3n con otros equipos de reciclaje de pl\u00e1sticos para formar una l\u00ednea de producci\u00f3n de pellets completa<strong><a href=\"https:\/\/plastic-machines.org\/es\/product\/plastic-recycling-granulating-line\/\"> de pellet de pl\u00e1stico<\/a><\/strong>. Por ejemplo, una m\u00e1quina cortadora de pellets pl\u00e1sticos suele utilizarse junto con una <strong><a href=\"https:\/\/plastic-machines.org\/es\/products\/plastic-cleaning-drying-equipment\/\">lavadora<\/a><\/strong> y un<strong><a href=\"https:\/\/plastic-machines.org\/es\/product\/plastic-extruder-machine\/\"> granulador\/planta de pellets<\/a><\/strong>. La lavadora de pl\u00e1sticos primero limpia los desechos pl\u00e1sticos, y luego el granulador funde y granula el pl\u00e1stico a altas temperaturas. <\/p>   <div class=\"wp-block-image\"> <figure class=\"aligncenter size-full\"><img loading=\"lazy\" decoding=\"async\" width=\"720\" height=\"540\" src=\"https:\/\/plastic-machines.org\/wp-content\/uploads\/2023\/01\/Plastic-recycling-factory-Suadi-Arabia1.webp\" alt=\"planta de reciclaje de plastico\" class=\"wp-image-700\" srcset=\"https:\/\/plastic-machines.org\/wp-content\/uploads\/2023\/01\/Plastic-recycling-factory-Suadi-Arabia1.webp 720w, https:\/\/plastic-machines.org\/wp-content\/uploads\/2023\/01\/Plastic-recycling-factory-Suadi-Arabia1-300x225.webp 300w\" sizes=\"auto, (max-width: 720px) 100vw, 720px\" \/><\/figure> <\/div>   <p>Los gr\u00e1nulos de pl\u00e1stico deben procesarse finalmente en gr\u00e1nulos peque\u00f1os mediante el cortador de gr\u00e1nulos de pl\u00e1stico. Estos gr\u00e1nulos de pl\u00e1stico reciclado son la materia prima que se puede utilizar para producir productos de pl\u00e1stico.<\/p>    <p>La l\u00ednea de reciclaje tambi\u00e9n puede equiparse con transportadores de pl\u00e1stico, trituradoras de pl\u00e1stico, m\u00e1quinas secadoras de pl\u00e1stico y otros equipos para transportar, triturar y secar el pl\u00e1stico para garantizar la calidad de los gr\u00e1nulos de pl\u00e1stico. Al utilizar estas m\u00e1quinas juntas, los residuos de pl\u00e1stico se pueden reciclar de manera eficiente y generar m\u00e1s ganancias para los fabricantes de pellets de pl\u00e1stico.<\/p>    <h2 class=\"wp-block-heading\">Casos de \u00e9xito de cortadora de gr\u00e1nulos de pl\u00e1stico<\/h2>    <h3 class=\"wp-block-heading\">La m\u00e1quina cortadora de pellets de pl\u00e1stico instalada en Arabia Saudita <\/h3>    <figure class=\"wp-block-gallery has-nested-images columns-default is-cropped wp-block-gallery-4 is-layout-flex wp-block-gallery-is-layout-flex\"> <figure class=\"wp-block-image size-large\"><img loading=\"lazy\" decoding=\"async\" width=\"720\" height=\"540\" data-id=\"700\" src=\"https:\/\/plastic-machines.org\/wp-content\/uploads\/2023\/01\/Plastic-recycling-factory-Suadi-Arabia1.webp\" alt=\"planta de reciclaje de plastico\" class=\"wp-image-700\" srcset=\"https:\/\/plastic-machines.org\/wp-content\/uploads\/2023\/01\/Plastic-recycling-factory-Suadi-Arabia1.webp 720w, https:\/\/plastic-machines.org\/wp-content\/uploads\/2023\/01\/Plastic-recycling-factory-Suadi-Arabia1-300x225.webp 300w\" sizes=\"auto, (max-width: 720px) 100vw, 720px\" \/><\/figure>    <figure class=\"wp-block-image size-large\"><img loading=\"lazy\" decoding=\"async\" width=\"720\" height=\"540\" data-id=\"621\" src=\"https:\/\/plastic-machines.org\/wp-content\/uploads\/2022\/12\/plastic-pellet-cutter.webp\" alt=\"cortador de pellets de pl\u00e1stico\" class=\"wp-image-621\" srcset=\"https:\/\/plastic-machines.org\/wp-content\/uploads\/2022\/12\/plastic-pellet-cutter.webp 720w, https:\/\/plastic-machines.org\/wp-content\/uploads\/2022\/12\/plastic-pellet-cutter-300x225.webp 300w\" sizes=\"auto, (max-width: 720px) 100vw, 720px\" \/><figcaption class=\"wp-element-caption\">cortador de pellets de pl\u00e1stico<\/figcaption><\/figure> <\/figure>    <h3 class=\"wp-block-heading\">M\u00e1quina cortadora de gr\u00e1nulos de pl\u00e1stico enviada a Mozambique<\/h3>    <figure class=\"wp-block-gallery has-nested-images columns-default is-cropped wp-block-gallery-5 is-layout-flex wp-block-gallery-is-layout-flex\"> <figure class=\"wp-block-image size-large\"><img loading=\"lazy\" decoding=\"async\" width=\"540\" height=\"720\" data-id=\"670\" src=\"https:\/\/plastic-machines.org\/wp-content\/uploads\/2023\/01\/industrial-plastic-granulator-shipped-to-Mozambique1.webp\" alt=\"Granulador de pl\u00e1stico industrial enviado a Mozambique\" class=\"wp-image-670\" srcset=\"https:\/\/plastic-machines.org\/wp-content\/uploads\/2023\/01\/industrial-plastic-granulator-shipped-to-Mozambique1.webp 540w, https:\/\/plastic-machines.org\/wp-content\/uploads\/2023\/01\/industrial-plastic-granulator-shipped-to-Mozambique1-225x300.webp 225w\" sizes=\"auto, (max-width: 540px) 100vw, 540px\" \/><figcaption class=\"wp-element-caption\">Granulador de pl\u00e1stico industrial enviado a Mozambique<\/figcaption><\/figure>    <figure class=\"wp-block-image size-large\"><img loading=\"lazy\" decoding=\"async\" width=\"540\" height=\"720\" data-id=\"674\" src=\"https:\/\/plastic-machines.org\/wp-content\/uploads\/2023\/01\/top-10-plastic-granulators1.webp\" alt=\"M\u00e1quina de reciclaje de pl\u00e1stico de Mozambique\" class=\"wp-image-674\" srcset=\"https:\/\/plastic-machines.org\/wp-content\/uploads\/2023\/01\/top-10-plastic-granulators1.webp 540w, https:\/\/plastic-machines.org\/wp-content\/uploads\/2023\/01\/top-10-plastic-granulators1-225x300.webp 225w\" sizes=\"auto, (max-width: 540px) 100vw, 540px\" \/><figcaption class=\"wp-element-caption\">M\u00e1quina de reciclaje de pl\u00e1stico de Mozambique<\/figcaption><\/figure> <\/figure>    <h3 class=\"wp-block-heading\">M\u00e1quina cortadora de gr\u00e1nulos de pl\u00e1stico enviada a Etiop\u00eda<\/h3>    <figure class=\"wp-block-gallery has-nested-images columns-default is-cropped wp-block-gallery-6 is-layout-flex wp-block-gallery-is-layout-flex\"> <figure class=\"wp-block-image size-large\"><img loading=\"lazy\" decoding=\"async\" width=\"540\" height=\"720\" data-id=\"585\" src=\"https:\/\/plastic-machines.org\/wp-content\/uploads\/2022\/07\/pellet-cutting-machine.webp\" alt=\"cortadora de pellets\" class=\"wp-image-585\" srcset=\"https:\/\/plastic-machines.org\/wp-content\/uploads\/2022\/07\/pellet-cutting-machine.webp 540w, https:\/\/plastic-machines.org\/wp-content\/uploads\/2022\/07\/pellet-cutting-machine-225x300.webp 225w\" sizes=\"auto, (max-width: 540px) 100vw, 540px\" \/><figcaption class=\"wp-element-caption\">cortadora de pellets<\/figcaption><\/figure>    <figure class=\"wp-block-image size-large\"><img loading=\"lazy\" decoding=\"async\" width=\"540\" height=\"720\" data-id=\"582\" src=\"https:\/\/plastic-machines.org\/wp-content\/uploads\/2022\/07\/delivery.webp\" alt=\"M\u00e1quina cortadora de gr\u00e1nulos de pl\u00e1stico.\" class=\"wp-image-582\" srcset=\"https:\/\/plastic-machines.org\/wp-content\/uploads\/2022\/07\/delivery.webp 540w, https:\/\/plastic-machines.org\/wp-content\/uploads\/2022\/07\/delivery-225x300.webp 225w\" sizes=\"auto, (max-width: 540px) 100vw, 540px\" \/><figcaption class=\"wp-element-caption\">M\u00e1quina cortadora de gr\u00e1nulos de pl\u00e1stico.<\/figcaption><\/figure> <\/figure>    <h3 class=\"wp-block-heading\">Cortador de pl\u00e1stico dana enviado a Tanzania<\/h3>    <figure class=\"wp-block-gallery has-nested-images columns-default is-cropped wp-block-gallery-7 is-layout-flex wp-block-gallery-is-layout-flex\"> <figure class=\"wp-block-image size-large\"><img loading=\"lazy\" decoding=\"async\" width=\"720\" height=\"540\" data-id=\"437\" src=\"https:\/\/plastic-machines.org\/wp-content\/uploads\/2022\/09\/plastic-pelletizer-machine.webp\" alt=\"m\u00e1quina peletizadora de pl\u00e1stico\" class=\"wp-image-437\" srcset=\"https:\/\/plastic-machines.org\/wp-content\/uploads\/2022\/09\/plastic-pelletizer-machine.webp 720w, https:\/\/plastic-machines.org\/wp-content\/uploads\/2022\/09\/plastic-pelletizer-machine-300x225.webp 300w\" sizes=\"auto, (max-width: 720px) 100vw, 720px\" \/><figcaption class=\"wp-element-caption\">m\u00e1quina peletizadora de pl\u00e1stico<\/figcaption><\/figure>    <figure class=\"wp-block-image size-large\"><img loading=\"lazy\" decoding=\"async\" width=\"720\" height=\"540\" data-id=\"439\" src=\"https:\/\/plastic-machines.org\/wp-content\/uploads\/2022\/07\/plastic-recycling-machine1.webp\" alt=\"M\u00e1quina de reciclaje de pl\u00e1stico de Tanzania\" class=\"wp-image-439\" srcset=\"https:\/\/plastic-machines.org\/wp-content\/uploads\/2022\/07\/plastic-recycling-machine1.webp 720w, https:\/\/plastic-machines.org\/wp-content\/uploads\/2022\/07\/plastic-recycling-machine1-300x225.webp 300w\" sizes=\"auto, (max-width: 720px) 100vw, 720px\" \/><figcaption class=\"wp-element-caption\">M\u00e1quina de reciclaje de pl\u00e1stico de Tanzania<\/figcaption><\/figure> <\/figure>    <p class=\"translation-block\">\u00bfQuieres saber m\u00e1s sobre el proceso de reciclaje de pl\u00e1stico: <a href=\"https:\/\/plastic-machines.org\/es\/info\/what-machines-are-used-to-recycle-plastic\/\">se utilizan m\u00e1quinas para reciclar pl\u00e1stico<\/a><\/p>","protected":false},"excerpt":{"rendered":"<p>The plastic granule cutter is an indispensable auxiliary machine for the plastic granulating line. Shuliy plastic granule cutters have been exported to many countries in the world to support their plastic recycling businesses. The final plastic granules are of high quality and profitable profits, bringing our customers huge economic margins. Plastic granule cutter introduction The [&hellip;]<\/p>\n","protected":false},"author":1,"featured_media":726,"parent":0,"template":"","tags":[50],"product-type":[9],"class_list":["post-725","product","type-product","status-publish","has-post-thumbnail","hentry","tag-pellet","product-type-plastic-pelletizer"],"taxonomy_info":{"post_tag":[{"value":50,"label":"pellet"}],"product-type":[{"value":9,"label":"Plastic Pelletizer"}]},"featured_image_src_large":["https:\/\/plastic-machines.org\/wp-content\/uploads\/2023\/05\/pellet-cutting-machine1.webp",720,540,false],"author_info":{"display_name":"Ella","author_link":"https:\/\/plastic-machines.org\/es\/author\/admin\/"},"comment_info":"","_links":{"self":[{"href":"https:\/\/plastic-machines.org\/es\/wp-json\/wp\/v2\/product\/725","targetHints":{"allow":["GET"]}}],"collection":[{"href":"https:\/\/plastic-machines.org\/es\/wp-json\/wp\/v2\/product"}],"about":[{"href":"https:\/\/plastic-machines.org\/es\/wp-json\/wp\/v2\/types\/product"}],"author":[{"embeddable":true,"href":"https:\/\/plastic-machines.org\/es\/wp-json\/wp\/v2\/users\/1"}],"wp:featuredmedia":[{"embeddable":true,"href":"https:\/\/plastic-machines.org\/es\/wp-json\/wp\/v2\/media\/726"}],"wp:attachment":[{"href":"https:\/\/plastic-machines.org\/es\/wp-json\/wp\/v2\/media?parent=725"}],"wp:term":[{"taxonomy":"post_tag","embeddable":true,"href":"https:\/\/plastic-machines.org\/es\/wp-json\/wp\/v2\/tags?post=725"},{"taxonomy":"product-type","embeddable":true,"href":"https:\/\/plastic-machines.org\/es\/wp-json\/wp\/v2\/product-type?post=725"}],"curies":[{"name":"wp","href":"https:\/\/api.w.org\/{rel}","templated":true}]}}