{"id":678,"date":"2023-01-17T15:59:08","date_gmt":"2023-01-17T07:59:08","guid":{"rendered":"https:\/\/plastic-machines.org\/?post_type=product&#038;p=678"},"modified":"2025-11-10T10:55:17","modified_gmt":"2025-11-10T02:55:17","slug":"plastic-baler-machine","status":"publish","type":"product","link":"https:\/\/plastic-machines.org\/es\/product\/plastic-baler-machine\/","title":{"rendered":"Compactadora empacadora de pl\u00e1stico para reciclaje de pl\u00e1stico"},"content":{"rendered":"<div class=\"kk-star-ratings kksr-auto kksr-align-left kksr-valign-top\"     data-payload='{&quot;align&quot;:&quot;left&quot;,&quot;id&quot;:&quot;678&quot;,&quot;slug&quot;:&quot;default&quot;,&quot;valign&quot;:&quot;top&quot;,&quot;ignore&quot;:&quot;&quot;,&quot;reference&quot;:&quot;auto&quot;,&quot;class&quot;:&quot;&quot;,&quot;count&quot;:&quot;3&quot;,&quot;legendonly&quot;:&quot;&quot;,&quot;readonly&quot;:&quot;&quot;,&quot;score&quot;:&quot;5&quot;,&quot;starsonly&quot;:&quot;&quot;,&quot;best&quot;:&quot;5&quot;,&quot;gap&quot;:&quot;5&quot;,&quot;greet&quot;:&quot;Rate this product&quot;,&quot;legend&quot;:&quot;5\\\/5 - (3 votos)&quot;,&quot;size&quot;:&quot;24&quot;,&quot;title&quot;:&quot;Plastic Baler Machine Compactor for Plastic Recycling&quot;,&quot;width&quot;:&quot;142.5&quot;,&quot;_legend&quot;:&quot;{score}\\\/{best} - ({count} {votes})&quot;,&quot;font_factor&quot;:&quot;1.25&quot;}'>              <div class=\"kksr-stars\">      <div class=\"kksr-stars-inactive\">             <div class=\"kksr-star\" data-star=\"1\" style=\"padding-right: 5px\">               <div class=\"kksr-icon\" style=\"width: 24px; height: 24px;\"><\/div>         <\/div>             <div class=\"kksr-star\" data-star=\"2\" style=\"padding-right: 5px\">               <div class=\"kksr-icon\" style=\"width: 24px; height: 24px;\"><\/div>         <\/div>             <div class=\"kksr-star\" data-star=\"3\" style=\"padding-right: 5px\">               <div class=\"kksr-icon\" style=\"width: 24px; height: 24px;\"><\/div>         <\/div>             <div class=\"kksr-star\" data-star=\"4\" style=\"padding-right: 5px\">               <div class=\"kksr-icon\" style=\"width: 24px; height: 24px;\"><\/div>         <\/div>             <div class=\"kksr-star\" data-star=\"5\" style=\"padding-right: 5px\">               <div class=\"kksr-icon\" style=\"width: 24px; height: 24px;\"><\/div>         <\/div>     <\/div>      <div class=\"kksr-stars-active\" style=\"width: 142.5px;\">             <div class=\"kksr-star\" style=\"padding-right: 5px\">               <div class=\"kksr-icon\" style=\"width: 24px; height: 24px;\"><\/div>         <\/div>             <div class=\"kksr-star\" style=\"padding-right: 5px\">               <div class=\"kksr-icon\" style=\"width: 24px; height: 24px;\"><\/div>         <\/div>             <div class=\"kksr-star\" style=\"padding-right: 5px\">               <div class=\"kksr-icon\" style=\"width: 24px; height: 24px;\"><\/div>         <\/div>             <div class=\"kksr-star\" style=\"padding-right: 5px\">               <div class=\"kksr-icon\" style=\"width: 24px; height: 24px;\"><\/div>         <\/div>             <div class=\"kksr-star\" style=\"padding-right: 5px\">               <div class=\"kksr-icon\" style=\"width: 24px; height: 24px;\"><\/div>         <\/div>     <\/div> <\/div>                   <div class=\"kksr-legend\" style=\"font-size: 19.2px;\">             5\/5 - (3 votos)    <\/div>     <\/div>  <p>Nuestra m\u00e1quina empacadora de pl\u00e1stico es com\u00fan en plantas y estaciones de reciclaje de pl\u00e1stico, tambi\u00e9n se llama compactadora de pl\u00e1stico y se utiliza para compactar desechos como botellas de PET vac\u00edas, bolsas de pl\u00e1stico y pel\u00edculas. Shuliy Group ofrece dos tipos de empacadoras de pl\u00e1stico, verticales y horizontales, ambas con placas de acero importadas de alta calidad y otros accesorios importados para mejorar la eficiencia del trabajo y una larga vida \u00fatil, que son populares en el mercado.<\/p>    <figure class=\"wp-block-gallery has-nested-images columns-default is-cropped wp-block-gallery-2 is-layout-flex wp-block-gallery-is-layout-flex\"> <figure class=\"wp-block-image size-large\"><img loading=\"lazy\" decoding=\"async\" width=\"720\" height=\"540\" data-id=\"1312\" src=\"https:\/\/plastic-machines.org\/wp-content\/uploads\/2023\/01\/plastic-packer2.webp\" alt=\"empacadora de pl\u00e1stico vertical\" class=\"wp-image-1312\" srcset=\"https:\/\/plastic-machines.org\/wp-content\/uploads\/2023\/01\/plastic-packer2.webp 720w, https:\/\/plastic-machines.org\/wp-content\/uploads\/2023\/01\/plastic-packer2-300x225.webp 300w, https:\/\/plastic-machines.org\/wp-content\/uploads\/2023\/01\/plastic-packer2-16x12.webp 16w\" sizes=\"auto, (max-width: 720px) 100vw, 720px\" \/><figcaption class=\"wp-element-caption\">empacadora de pl\u00e1stico vertical<\/figcaption><\/figure>    <figure class=\"wp-block-image size-large\"><img loading=\"lazy\" decoding=\"async\" width=\"720\" height=\"540\" data-id=\"1313\" src=\"https:\/\/plastic-machines.org\/wp-content\/uploads\/2023\/01\/horizontal-plastic-baler-for-sale.webp\" alt=\"empacadora de pl\u00e1stico horizontal\" class=\"wp-image-1313\" srcset=\"https:\/\/plastic-machines.org\/wp-content\/uploads\/2023\/01\/horizontal-plastic-baler-for-sale.webp 720w, https:\/\/plastic-machines.org\/wp-content\/uploads\/2023\/01\/horizontal-plastic-baler-for-sale-300x225.webp 300w, https:\/\/plastic-machines.org\/wp-content\/uploads\/2023\/01\/horizontal-plastic-baler-for-sale-16x12.webp 16w\" sizes=\"auto, (max-width: 720px) 100vw, 720px\" \/><figcaption class=\"wp-element-caption\">empacadora de pl\u00e1stico horizontal<\/figcaption><\/figure> <\/figure>    <figure class=\"wp-block-embed is-type-video is-provider-youtube wp-block-embed-youtube wp-embed-aspect-16-9 wp-has-aspect-ratio\"><div class=\"wp-block-embed__wrapper\"> <iframe loading=\"lazy\" title=\"Pr\u00e1ctica m\u00e1quina empacadora de pl\u00e1stico para prensa hidr\u00e1ulica de balas de botellas de bolsas de pel\u00edcula de pl\u00e1stico\" width=\"500\" height=\"281\" src=\"https:\/\/www.youtube.com\/embed\/jAi-5u0nyqo?feature=oembed\" frameborder=\"0\" allow=\"accelerometer; autoplay; clipboard-write; encrypted-media; gyroscope; picture-in-picture; web-share\" referrerpolicy=\"strict-origin-when-cross-origin\" allowfullscreen><\/iframe> <\/div><figcaption class=\"wp-element-caption\">Video de trabajo de empacadora de pl\u00e1stico vertical.<\/figcaption><\/figure>    <h2 class=\"wp-block-heading\">Aplicaci\u00f3n de la m\u00e1quina empacadora de pl\u00e1stico. <\/h2>    <p>Esta m\u00e1quina empacadora de desechos de pl\u00e1stico tiene funciones diversificadas y se puede utilizar para enfardar diversos tipos de materias primas, como cartones de desecho, botellas de PET de desecho, bidones de aceite, bolsas, cartones, cajas de pl\u00e1stico, pel\u00edculas, ropa vieja, textiles, lana, algod\u00f3n y paja. etc\u00e9tera.<\/p>   <div class=\"wp-block-image\"> <figure class=\"aligncenter size-full\"><img loading=\"lazy\" decoding=\"async\" width=\"720\" height=\"540\" src=\"https:\/\/plastic-machines.org\/wp-content\/uploads\/2023\/01\/raw-materials-of-plastic-baler1.webp\" alt=\"Materias primas de empacadora de pl\u00e1stico.\" class=\"wp-image-681\" srcset=\"https:\/\/plastic-machines.org\/wp-content\/uploads\/2023\/01\/raw-materials-of-plastic-baler1.webp 720w, https:\/\/plastic-machines.org\/wp-content\/uploads\/2023\/01\/raw-materials-of-plastic-baler1-300x225.webp 300w\" sizes=\"auto, (max-width: 720px) 100vw, 720px\" \/><figcaption class=\"wp-element-caption\">Materias primas de empacadora de pl\u00e1stico.<\/figcaption><\/figure> <\/div>   <h2 class=\"wp-block-heading\">Caracter\u00edsticas estructurales de la m\u00e1quina empacadora vertical de pl\u00e1stico Shuliy<\/h2>   <div class=\"wp-block-image\"> <figure class=\"aligncenter size-full\"><img loading=\"lazy\" decoding=\"async\" width=\"720\" height=\"540\" src=\"https:\/\/plastic-machines.org\/wp-content\/uploads\/2023\/01\/Waste-plastic-baling-machine-structure1.webp\" alt=\"Estructura de la m\u00e1quina empacadora de residuos de pl\u00e1stico\" class=\"wp-image-682\" srcset=\"https:\/\/plastic-machines.org\/wp-content\/uploads\/2023\/01\/Waste-plastic-baling-machine-structure1.webp 720w, https:\/\/plastic-machines.org\/wp-content\/uploads\/2023\/01\/Waste-plastic-baling-machine-structure1-300x225.webp 300w\" sizes=\"auto, (max-width: 720px) 100vw, 720px\" \/><figcaption class=\"wp-element-caption\">Estructura de la m\u00e1quina empacadora de residuos de pl\u00e1stico<\/figcaption><\/figure> <\/div>   <ul class=\"wp-block-list\"> <li>La bomba hidr\u00e1ulica, la v\u00e1lvula solenoide y el sello de aceite del cilindro hidr\u00e1ulico del sistema hidr\u00e1ulico son piezas importadas, lo que hace que la presi\u00f3n de empaque sea alta, r\u00e1pida y con muy poco ruido al mismo tiempo.<\/li>    <li>El sistema transportador adopta acero espesado de alta calidad y una cinta transportadora tipo placa de acero de alta resistencia, lo que hace que la empacadora de pl\u00e1stico sea resistente y tenga una larga vida \u00fatil.<\/li>    <li>La m\u00e1quina empacadora de pl\u00e1stico est\u00e1 equipada con un sistema de alarma de seguridad, la m\u00e1quina se detendr\u00e1 autom\u00e1ticamente y emitir\u00e1 una alarma cuando el equipo est\u00e9 mal operado, el suministro de energ\u00eda est\u00e9 desfasado, la presi\u00f3n sea alta, etc.<\/li> <\/ul>    <h2 class=\"wp-block-heading\">Caracter\u00edsticas de la empacadora vertical.<\/h2>    <div class=\"wp-block-media-text alignwide is-stacked-on-mobile\"><figure class=\"wp-block-media-text__media\"><img loading=\"lazy\" decoding=\"async\" width=\"720\" height=\"342\" src=\"https:\/\/plastic-machines.org\/wp-content\/uploads\/2023\/01\/plastic-baler.webp\" alt=\"detalles del compactador de plastico\" class=\"wp-image-691 size-full\" srcset=\"https:\/\/plastic-machines.org\/wp-content\/uploads\/2023\/01\/plastic-baler.webp 720w, https:\/\/plastic-machines.org\/wp-content\/uploads\/2023\/01\/plastic-baler-300x143.webp 300w\" sizes=\"auto, (max-width: 720px) 100vw, 720px\" \/><\/figure><div class=\"wp-block-media-text__content\"> <p>La placa de presi\u00f3n hidr\u00e1ulica adopta una placa de presi\u00f3n engrosada, lo que tiene un buen efecto.<\/p> <\/div><\/div>    <div class=\"wp-block-media-text alignwide has-media-on-the-right is-stacked-on-mobile\"><div class=\"wp-block-media-text__content\"> <p>El tama\u00f1o de la caja de material se puede personalizar y los materiales comprimidos se pueden revestir con acero inoxidable.<\/p> <\/div><figure class=\"wp-block-media-text__media\"><img loading=\"lazy\" decoding=\"async\" width=\"720\" height=\"342\" src=\"https:\/\/plastic-machines.org\/wp-content\/uploads\/2023\/01\/plastic-baler-machne.webp\" alt=\"Caja de materiales de un compactador de pl\u00e1stico.\" class=\"wp-image-690 size-full\" srcset=\"https:\/\/plastic-machines.org\/wp-content\/uploads\/2023\/01\/plastic-baler-machne.webp 720w, https:\/\/plastic-machines.org\/wp-content\/uploads\/2023\/01\/plastic-baler-machne-300x143.webp 300w\" sizes=\"auto, (max-width: 720px) 100vw, 720px\" \/><\/figure><\/div>    <div class=\"wp-block-media-text alignwide is-stacked-on-mobile\"><figure class=\"wp-block-media-text__media\"><img loading=\"lazy\" decoding=\"async\" width=\"720\" height=\"342\" src=\"https:\/\/plastic-machines.org\/wp-content\/uploads\/2023\/01\/plastic-baler-machine-for-sale.webp\" alt=\"Manejar el interruptor de la empacadora de pl\u00e1stico.\" class=\"wp-image-689 size-full\" srcset=\"https:\/\/plastic-machines.org\/wp-content\/uploads\/2023\/01\/plastic-baler-machine-for-sale.webp 720w, https:\/\/plastic-machines.org\/wp-content\/uploads\/2023\/01\/plastic-baler-machine-for-sale-300x143.webp 300w\" sizes=\"auto, (max-width: 720px) 100vw, 720px\" \/><\/figure><div class=\"wp-block-media-text__content\"> <p>El interruptor del mango de la empacadora empuja la palanca hacia adentro y la presiona hacia abajo autom\u00e1ticamente, saca el nivel y lo levanta autom\u00e1ticamente.<\/p> <\/div><\/div>    <div class=\"wp-block-media-text alignwide has-media-on-the-right is-stacked-on-mobile\"><div class=\"wp-block-media-text__content\"> <p>El tubo de aceite del cilindro de alta presi\u00f3n no liberar\u00e1 presi\u00f3n durante el uso y el anillo de sellado tiene un buen rendimiento de sellado y no perder\u00e1 aceite.<\/p> <\/div><figure class=\"wp-block-media-text__media\"><img loading=\"lazy\" decoding=\"async\" width=\"720\" height=\"342\" src=\"https:\/\/plastic-machines.org\/wp-content\/uploads\/2023\/01\/plastic-baling-machine.webp\" alt=\"tubo de aceite cil\u00edndrico de compactador de pl\u00e1stico\" class=\"wp-image-692 size-full\" srcset=\"https:\/\/plastic-machines.org\/wp-content\/uploads\/2023\/01\/plastic-baling-machine.webp 720w, https:\/\/plastic-machines.org\/wp-content\/uploads\/2023\/01\/plastic-baling-machine-300x143.webp 300w\" sizes=\"auto, (max-width: 720px) 100vw, 720px\" \/><\/figure><\/div>    <h2 class=\"wp-block-heading\">Exhibici\u00f3n de la m\u00e1quina empacadora de pl\u00e1stico<\/h2>   <div class=\"wp-block-image\"> <figure class=\"aligncenter size-full\"><img loading=\"lazy\" decoding=\"async\" width=\"540\" height=\"720\" src=\"https:\/\/plastic-machines.org\/wp-content\/uploads\/2023\/01\/plastic-baler-machine-21.webp\" alt=\"m\u00e1quina empacadora de pl\u00e1stico\" class=\"wp-image-679\" srcset=\"https:\/\/plastic-machines.org\/wp-content\/uploads\/2023\/01\/plastic-baler-machine-21.webp 540w, https:\/\/plastic-machines.org\/wp-content\/uploads\/2023\/01\/plastic-baler-machine-21-225x300.webp 225w\" sizes=\"auto, (max-width: 540px) 100vw, 540px\" \/><figcaption class=\"wp-element-caption\">m\u00e1quina empacadora de pl\u00e1stico<\/figcaption><\/figure> <\/div>  <div class=\"wp-block-image\"> <figure class=\"aligncenter size-full\"><img loading=\"lazy\" decoding=\"async\" width=\"540\" height=\"720\" src=\"https:\/\/plastic-machines.org\/wp-content\/uploads\/2023\/01\/plastic-baler-for-sale1.webp\" alt=\"empacadora de plastico en venta\" class=\"wp-image-683\" srcset=\"https:\/\/plastic-machines.org\/wp-content\/uploads\/2023\/01\/plastic-baler-for-sale1.webp 540w, https:\/\/plastic-machines.org\/wp-content\/uploads\/2023\/01\/plastic-baler-for-sale1-225x300.webp 225w\" sizes=\"auto, (max-width: 540px) 100vw, 540px\" \/><figcaption class=\"wp-element-caption\"><br><br>empacadora de plastico en venta<\/figcaption><\/figure> <\/div>   <h2 class=\"wp-block-heading\">Par\u00e1metros de la empacadora de pl\u00e1stico a la venta.<\/h2>    <figure class=\"wp-block-table\"><table><tbody><tr><td>Modelo<\/td><td>Presi\u00f3n (toneladas)<\/td><td>Potencia (kilovatios)<\/td><td>Tama\u00f1o (mm)<\/td><td>Salida (t\/h)<\/td><td>Peso (toneladas)<\/td><\/tr><tr><td>SL-30<\/td><td>30<\/td><td>5.5<\/td><td>800*400*600<\/td><td>0,8-1T<\/td><td>0.8<\/td><\/tr><tr><td>SL-40<\/td><td>30<\/td><td>7.5<\/td><td>900*600*800<\/td><td>1-1,2T<\/td><td>1.3<\/td><\/tr><tr><td>SL-60<\/td><td>60<\/td><td>7.5<\/td><td>900*600*800<\/td><td>1,5-2T<\/td><td>1.5<\/td><\/tr><tr><td>SL-80<\/td><td>80<\/td><td>11<\/td><td>1100*800*1000<\/td><td>2-3T<\/td><td>2<\/td><\/tr><tr><td>SL-100<\/td><td>100<\/td><td>15<\/td><td>1100*800*1100<\/td><td>3-3,5 toneladas<\/td><td>2.8<\/td><\/tr><tr><td>SL-120<\/td><td>120<\/td><td>18.5<\/td><td>1200*800*1200<\/td><td>4-5T<\/td><td>3.2<\/td><\/tr><\/tbody><\/table><\/figure>    <h2 class=\"wp-block-heading\">Empacadora de pl\u00e1stico horizontal para prensa de balas de botellas de PET<\/h2>    <figure class=\"wp-block-embed is-type-video is-provider-youtube wp-block-embed-youtube wp-embed-aspect-16-9 wp-has-aspect-ratio\"><div class=\"wp-block-embed__wrapper\"> <iframe loading=\"lazy\" title=\"\u00bfC\u00f3mo empacan las plantas de reciclaje de pl\u00e1stico botellas de pl\u00e1stico de desecho con una empacadora de pl\u00e1stico horizontal?\" width=\"500\" height=\"281\" src=\"https:\/\/www.youtube.com\/embed\/xNkvgfIlOjE?feature=oembed\" frameborder=\"0\" allow=\"accelerometer; autoplay; clipboard-write; encrypted-media; gyroscope; picture-in-picture; web-share\" referrerpolicy=\"strict-origin-when-cross-origin\" allowfullscreen><\/iframe> <\/div><\/figure>","protected":false},"excerpt":{"rendered":"<p>Our plastic baler machine is common in plastic recycling plants and stations, it is also called a plastic compactor, which is used to compact waste like empty PET bottles, plastic bags, and films. Shuliy Group provides two types of plastic balers, they are vertical and horizontal type, both with imported high-quality steel plates and other [&hellip;]<\/p>\n","protected":false},"author":1,"featured_media":680,"parent":0,"template":"","tags":[36,35],"product-type":[26],"class_list":["post-678","product","type-product","status-publish","has-post-thumbnail","hentry","tag-bale","tag-pet","product-type-plastic-baler"],"taxonomy_info":{"post_tag":[{"value":36,"label":"bale"},{"value":35,"label":"PET"}],"product-type":[{"value":26,"label":"Plastic Baler"}]},"featured_image_src_large":["https:\/\/plastic-machines.org\/wp-content\/uploads\/2023\/01\/plastic-baler-machine1.webp",720,540,false],"author_info":{"display_name":"Ella","author_link":"https:\/\/plastic-machines.org\/es\/author\/admin\/"},"comment_info":"","_links":{"self":[{"href":"https:\/\/plastic-machines.org\/es\/wp-json\/wp\/v2\/product\/678","targetHints":{"allow":["GET"]}}],"collection":[{"href":"https:\/\/plastic-machines.org\/es\/wp-json\/wp\/v2\/product"}],"about":[{"href":"https:\/\/plastic-machines.org\/es\/wp-json\/wp\/v2\/types\/product"}],"author":[{"embeddable":true,"href":"https:\/\/plastic-machines.org\/es\/wp-json\/wp\/v2\/users\/1"}],"wp:featuredmedia":[{"embeddable":true,"href":"https:\/\/plastic-machines.org\/es\/wp-json\/wp\/v2\/media\/680"}],"wp:attachment":[{"href":"https:\/\/plastic-machines.org\/es\/wp-json\/wp\/v2\/media?parent=678"}],"wp:term":[{"taxonomy":"post_tag","embeddable":true,"href":"https:\/\/plastic-machines.org\/es\/wp-json\/wp\/v2\/tags?post=678"},{"taxonomy":"product-type","embeddable":true,"href":"https:\/\/plastic-machines.org\/es\/wp-json\/wp\/v2\/product-type?post=678"}],"curies":[{"name":"wp","href":"https:\/\/api.w.org\/{rel}","templated":true}]}}