{"id":630,"date":"2022-12-02T14:17:04","date_gmt":"2022-12-02T06:17:04","guid":{"rendered":"https:\/\/plastic-machines.org\/?post_type=product&#038;p=630"},"modified":"2024-12-27T10:22:16","modified_gmt":"2024-12-27T02:22:16","slug":"eps-foam-melting-machine","status":"publish","type":"product","link":"https:\/\/plastic-machines.org\/es\/product\/eps-foam-melting-machine\/","title":{"rendered":"M\u00e1quina de fusi\u00f3n de espuma EPS para reciclaje de espuma pl\u00e1stica"},"content":{"rendered":"<div class=\"kk-star-ratings kksr-auto kksr-align-left kksr-valign-top\"     data-payload='{&quot;align&quot;:&quot;left&quot;,&quot;id&quot;:&quot;630&quot;,&quot;slug&quot;:&quot;default&quot;,&quot;valign&quot;:&quot;top&quot;,&quot;ignore&quot;:&quot;&quot;,&quot;reference&quot;:&quot;auto&quot;,&quot;class&quot;:&quot;&quot;,&quot;count&quot;:&quot;5&quot;,&quot;legendonly&quot;:&quot;&quot;,&quot;readonly&quot;:&quot;&quot;,&quot;score&quot;:&quot;5&quot;,&quot;starsonly&quot;:&quot;&quot;,&quot;best&quot;:&quot;5&quot;,&quot;gap&quot;:&quot;5&quot;,&quot;greet&quot;:&quot;Rate this product&quot;,&quot;legend&quot;:&quot;5\\\/5 - (5 votos)&quot;,&quot;size&quot;:&quot;24&quot;,&quot;title&quot;:&quot;EPS Foam Melting Machine for Plastic Foam Recyclings&quot;,&quot;width&quot;:&quot;142.5&quot;,&quot;_legend&quot;:&quot;{score}\\\/{best} - ({count} {votes})&quot;,&quot;font_factor&quot;:&quot;1.25&quot;}'>              <div class=\"kksr-stars\">      <div class=\"kksr-stars-inactive\">             <div class=\"kksr-star\" data-star=\"1\" style=\"padding-right: 5px\">               <div class=\"kksr-icon\" style=\"width: 24px; height: 24px;\"><\/div>         <\/div>             <div class=\"kksr-star\" data-star=\"2\" style=\"padding-right: 5px\">               <div class=\"kksr-icon\" style=\"width: 24px; height: 24px;\"><\/div>         <\/div>             <div class=\"kksr-star\" data-star=\"3\" style=\"padding-right: 5px\">               <div class=\"kksr-icon\" style=\"width: 24px; height: 24px;\"><\/div>         <\/div>             <div class=\"kksr-star\" data-star=\"4\" style=\"padding-right: 5px\">               <div class=\"kksr-icon\" style=\"width: 24px; height: 24px;\"><\/div>         <\/div>             <div class=\"kksr-star\" data-star=\"5\" style=\"padding-right: 5px\">               <div class=\"kksr-icon\" style=\"width: 24px; height: 24px;\"><\/div>         <\/div>     <\/div>      <div class=\"kksr-stars-active\" style=\"width: 142.5px;\">             <div class=\"kksr-star\" style=\"padding-right: 5px\">               <div class=\"kksr-icon\" style=\"width: 24px; height: 24px;\"><\/div>         <\/div>             <div class=\"kksr-star\" style=\"padding-right: 5px\">               <div class=\"kksr-icon\" style=\"width: 24px; height: 24px;\"><\/div>         <\/div>             <div class=\"kksr-star\" style=\"padding-right: 5px\">               <div class=\"kksr-icon\" style=\"width: 24px; height: 24px;\"><\/div>         <\/div>             <div class=\"kksr-star\" style=\"padding-right: 5px\">               <div class=\"kksr-icon\" style=\"width: 24px; height: 24px;\"><\/div>         <\/div>             <div class=\"kksr-star\" style=\"padding-right: 5px\">               <div class=\"kksr-icon\" style=\"width: 24px; height: 24px;\"><\/div>         <\/div>     <\/div> <\/div>                   <div class=\"kksr-legend\" style=\"font-size: 19.2px;\">             5\/5 - (5 votos)    <\/div>     <\/div>  <p>La m\u00e1quina para fundir espuma Shuliy EPS tambi\u00e9n se llama densificador de espuma de poliestireno. Se utiliza para triturar y derretir espuma pl\u00e1stica a altas temperaturas. Despu\u00e9s de triturar y calentar, la espuma de EPS se convierte en lingotes de EPS densificados y la relaci\u00f3n de reducci\u00f3n de volumen es de hasta 90:1. La m\u00e1quina densificadora de espuma no solo puede reducir el problema de la contaminaci\u00f3n blanca, sino que tambi\u00e9n puede generar grandes beneficios econ\u00f3micos despu\u00e9s de reciclar la espuma en gr\u00e1nulos. Por lo tanto, es un equipo necesario para los fabricantes de reciclaje de pl\u00e1stico. Si est\u00e1 interesado, p\u00f3ngase en contacto con nosotros.<\/p>   <div class=\"wp-block-image\"> <figure class=\"aligncenter size-full\"><img loading=\"lazy\" decoding=\"async\" width=\"720\" height=\"540\" src=\"https:\/\/plastic-machines.org\/wp-content\/uploads\/2022\/12\/EPS-Foam-Melting-Machine.webp\" alt=\"M\u00e1quina de fusi\u00f3n de espuma EPS\" class=\"wp-image-641\" srcset=\"https:\/\/plastic-machines.org\/wp-content\/uploads\/2022\/12\/EPS-Foam-Melting-Machine.webp 720w, https:\/\/plastic-machines.org\/wp-content\/uploads\/2022\/12\/EPS-Foam-Melting-Machine-300x225.webp 300w\" sizes=\"auto, (max-width: 720px) 100vw, 720px\" \/><figcaption class=\"wp-element-caption\">M\u00e1quina de fusi\u00f3n de espuma EPS<\/figcaption><\/figure> <\/div>   <h2 class=\"wp-block-heading\">Introducci\u00f3n de densificador de poliestireno a la venta.<\/h2>    <p>Los densificadores de poliestireno a la venta pueden reciclar espuma de poliestireno (poliestireno\/EPS\/espuma 6), que se usa ampliamente como material aislante y de protecci\u00f3n del producto durante el transporte.  Una vez finalizada la trituraci\u00f3n, el tornillo los empujar\u00e1 hacia el \u00e1rea de calentamiento, despu\u00e9s de calentar y plastificar, la materia prima pl\u00e1stica se derretir\u00e1 en un mont\u00f3n, que es f\u00e1cil de transportar y vender. <\/p>    <p>Los materiales que la m\u00e1quina puede manejar incluyen cajas de espuma para comida r\u00e1pida, cajas de embalaje de espuma, cajas para pasteles, materiales aislantes, espuma para embalaje exterior de electrodom\u00e9sticos y otros desechos de espuma blanca.<\/p>    <figure class=\"wp-block-gallery has-nested-images columns-default is-cropped wp-block-gallery-2 is-layout-flex wp-block-gallery-is-layout-flex\"> <figure class=\"wp-block-image size-full\"><img loading=\"lazy\" decoding=\"async\" width=\"720\" height=\"540\" data-id=\"637\" src=\"https:\/\/plastic-machines.org\/wp-content\/uploads\/2022\/12\/foam-melting-machine.jpg\" alt=\"densificador de poliestireno \" class=\"wp-image-637\" srcset=\"https:\/\/plastic-machines.org\/wp-content\/uploads\/2022\/12\/foam-melting-machine.jpg 720w, https:\/\/plastic-machines.org\/wp-content\/uploads\/2022\/12\/foam-melting-machine-300x225.jpg 300w\" sizes=\"auto, (max-width: 720px) 100vw, 720px\" \/><figcaption class=\"wp-element-caption\">densificador de poliestireno<\/figcaption><\/figure>    <figure class=\"wp-block-image size-full\"><img loading=\"lazy\" decoding=\"async\" width=\"720\" height=\"540\" data-id=\"642\" src=\"https:\/\/plastic-machines.org\/wp-content\/uploads\/2022\/12\/EPS-hot-melting-machine.webp\" alt=\"densificador de poliestireno \" class=\"wp-image-642\" srcset=\"https:\/\/plastic-machines.org\/wp-content\/uploads\/2022\/12\/EPS-hot-melting-machine.webp 720w, https:\/\/plastic-machines.org\/wp-content\/uploads\/2022\/12\/EPS-hot-melting-machine-300x225.webp 300w\" sizes=\"auto, (max-width: 720px) 100vw, 720px\" \/><figcaption class=\"wp-element-caption\">densificador de poliestireno<\/figcaption><\/figure> <\/figure>    <figure class=\"wp-block-gallery has-nested-images columns-default is-cropped wp-block-gallery-3 is-layout-flex wp-block-gallery-is-layout-flex\"> <figure class=\"wp-block-image size-full\"><img loading=\"lazy\" decoding=\"async\" width=\"720\" height=\"540\" data-id=\"639\" src=\"https:\/\/plastic-machines.org\/wp-content\/uploads\/2022\/12\/EPS-hot-melting-recycling-machine.jpg\" alt=\"M\u00e1quina de reciclaje de fusi\u00f3n en caliente de EPS\" class=\"wp-image-639\" srcset=\"https:\/\/plastic-machines.org\/wp-content\/uploads\/2022\/12\/EPS-hot-melting-recycling-machine.jpg 720w, https:\/\/plastic-machines.org\/wp-content\/uploads\/2022\/12\/EPS-hot-melting-recycling-machine-300x225.jpg 300w\" sizes=\"auto, (max-width: 720px) 100vw, 720px\" \/><figcaption class=\"wp-element-caption\">Densificador de poliestireno a la venta.<\/figcaption><\/figure>    <figure class=\"wp-block-image size-full\"><img loading=\"lazy\" decoding=\"async\" width=\"720\" height=\"540\" data-id=\"638\" src=\"https:\/\/plastic-machines.org\/wp-content\/uploads\/2022\/12\/plastic-foam-crushing-melting-machine.jpg\" alt=\"Densificador de espuma a la venta.\" class=\"wp-image-638\" srcset=\"https:\/\/plastic-machines.org\/wp-content\/uploads\/2022\/12\/plastic-foam-crushing-melting-machine.jpg 720w, https:\/\/plastic-machines.org\/wp-content\/uploads\/2022\/12\/plastic-foam-crushing-melting-machine-300x225.jpg 300w\" sizes=\"auto, (max-width: 720px) 100vw, 720px\" \/><figcaption class=\"wp-element-caption\">Densificador de espuma a la venta.<\/figcaption><\/figure> <\/figure>    <h2 class=\"wp-block-heading\">Principio de funcionamiento de la m\u00e1quina de reciclaje de fusi\u00f3n en caliente de EPS<\/h2>    <p>La m\u00e1quina para fundir espuma EPS adopta cuchillas trituradoras de doble eje, que son dos ejes de cuchillas paralelos y giran en diferentes direcciones. Cada eje de cuchilla tiene 18 cuchillas y es impulsado por una caja de engranajes para triturar el material, que se transporta al barril a trav\u00e9s de una criba. La espuma se transporta al barril calentado mediante un tornillo giratorio de alta velocidad. Luego, la espuma pl\u00e1stica se derrite a altas temperaturas y se extruye formando un mont\u00f3n para que fluya.<\/p>   <div class=\"wp-block-image\"> <figure class=\"aligncenter size-full\"><img loading=\"lazy\" decoding=\"async\" width=\"720\" height=\"540\" src=\"https:\/\/plastic-machines.org\/wp-content\/uploads\/2022\/12\/recycle-foam-by-a-EPS-densifier.webp\" alt=\"reciclar espuma mediante un densificador de EPS\" class=\"wp-image-1530\" srcset=\"https:\/\/plastic-machines.org\/wp-content\/uploads\/2022\/12\/recycle-foam-by-a-EPS-densifier.webp 720w, https:\/\/plastic-machines.org\/wp-content\/uploads\/2022\/12\/recycle-foam-by-a-EPS-densifier-300x225.webp 300w, https:\/\/plastic-machines.org\/wp-content\/uploads\/2022\/12\/recycle-foam-by-a-EPS-densifier-16x12.webp 16w\" sizes=\"auto, (max-width: 720px) 100vw, 720px\" \/><figcaption class=\"wp-element-caption\">reciclar espuma mediante un densificador de EPS<\/figcaption><\/figure> <\/div>   <figure class=\"wp-block-embed is-type-video is-provider-youtube wp-block-embed-youtube wp-embed-aspect-16-9 wp-has-aspect-ratio\"><div class=\"wp-block-embed__wrapper\"> <iframe loading=\"lazy\" title=\"M\u00e1quinas trituradoras de poliestireno para reciclaje de espuma | M\u00e1quina de fusi\u00f3n en caliente con densificador de espuma de poliestireno y EPS\" width=\"500\" height=\"281\" src=\"https:\/\/www.youtube.com\/embed\/VSIa6XqPN_I?feature=oembed\" frameborder=\"0\" allow=\"accelerometer; autoplay; clipboard-write; encrypted-media; gyroscope; picture-in-picture; web-share\" referrerpolicy=\"strict-origin-when-cross-origin\" allowfullscreen><\/iframe> <\/div><\/figure>    <h2 class=\"wp-block-heading\">Ventajas del densificador de poliestireno <\/h2>    <ul class=\"wp-block-list\"> <li>Este densificador de espuma de poliestireno adopta carga manual, el material es r\u00e1pidamente triturado por las cuchillas de doble eje y luego transportado al barril anfitri\u00f3n a trav\u00e9s de la criba, la m\u00e1quina es altamente eficiente.<\/li>    <li>El tornillo principal transporta y calienta el material hasta el estado de fusi\u00f3n, luego lo extruye y la cuchilla hidr\u00e1ulica lo corta en pedazos para facilitar su almacenamiento y transporte.<\/li>    <li>El material fundido que sale del densificador de espuma de poliestireno puede recogerse mediante una canaleta de acero para obtener los bloques, o cortarse con una m\u00e1quina cortadora para obtener bloques peque\u00f1os, lo cual es conveniente para el transporte de espuma pl\u00e1stica.<\/li>    <li>La apariencia del densificador de EPS se puede dise\u00f1ar seg\u00fan los requisitos del cliente.<\/li> <\/ul>    <h2 class=\"wp-block-heading\">Par\u00e1metros de la m\u00e1quina de fusi\u00f3n en caliente del densificador de EPS<\/h2>    <figure class=\"wp-block-table\"><table><tbody><tr><td>Modelo<\/td><td>Tama\u00f1o de la m\u00e1quina (mm)<\/td><td>Tama\u00f1o de entrada (mm)<\/td><td>Potencia de configuraci\u00f3n (kw)<\/td><td>Potencia de entrada (kw)<\/td><td>Capacidad (kg\/h)<\/td><\/tr><tr><td>SL220<\/td><td>1500*800*1450<\/td><td>450*600<\/td><td>15<\/td><td>3<\/td><td>100-150<\/td><\/tr><tr><td>SL880<\/td><td>1580*1300*850<\/td><td>800*600<\/td><td>18.5<\/td><td>3<\/td><td>150-200<\/td><\/tr><tr><td>SL1000<\/td><td>1900*1580*900<\/td><td>1000*700<\/td><td>22<\/td><td>3<\/td><td>200-250<\/td><\/tr><\/tbody><\/table><\/figure>    <h2 class=\"wp-block-heading\">Video de la m\u00e1quina para fundir espuma EPS.<\/h2>    <figure class=\"wp-block-embed is-type-video is-provider-youtube wp-block-embed-youtube wp-embed-aspect-16-9 wp-has-aspect-ratio\"><div class=\"wp-block-embed__wrapper\"> <iframe loading=\"lazy\" title=\"M\u00e1quina para fundir espuma de pl\u00e1stico a la venta\" width=\"500\" height=\"281\" src=\"https:\/\/www.youtube.com\/embed\/pcAcZHClWIo?list=PLmQgsSbeu0tXsNBww95upbWcnO_cYfyh4\" frameborder=\"0\" allow=\"accelerometer; autoplay; clipboard-write; encrypted-media; gyroscope; picture-in-picture; web-share\" referrerpolicy=\"strict-origin-when-cross-origin\" allowfullscreen><\/iframe> <\/div><\/figure>    <p><\/p>","protected":false},"excerpt":{"rendered":"<p>Shuliy EPS foam melting machine is also called a styrofoam densifier. It is used to crush and melt plastic foam at high temperatures. After crushing and heating, the EPS foam becomes the densified EPS ingots, and volume reduction ratio up to 90:1. The foam densifier machine not only can reduce the problem of white pollution, [&hellip;]<\/p>\n","protected":false},"author":1,"featured_media":632,"parent":0,"template":"","tags":[63,43],"product-type":[15],"class_list":["post-630","product","type-product","status-publish","has-post-thumbnail","hentry","tag-densifier","tag-eps","product-type-plastic-crushing-equipment"],"taxonomy_info":{"post_tag":[{"value":63,"label":"densifier"},{"value":43,"label":"EPS"}],"product-type":[{"value":15,"label":"Plastic Crushing Equipment"}]},"featured_image_src_large":["https:\/\/plastic-machines.org\/wp-content\/uploads\/2022\/12\/plastic-foam-melting-machine1.webp",720,540,false],"author_info":{"display_name":"Ella","author_link":"https:\/\/plastic-machines.org\/es\/author\/admin\/"},"comment_info":"","_links":{"self":[{"href":"https:\/\/plastic-machines.org\/es\/wp-json\/wp\/v2\/product\/630","targetHints":{"allow":["GET"]}}],"collection":[{"href":"https:\/\/plastic-machines.org\/es\/wp-json\/wp\/v2\/product"}],"about":[{"href":"https:\/\/plastic-machines.org\/es\/wp-json\/wp\/v2\/types\/product"}],"author":[{"embeddable":true,"href":"https:\/\/plastic-machines.org\/es\/wp-json\/wp\/v2\/users\/1"}],"wp:featuredmedia":[{"embeddable":true,"href":"https:\/\/plastic-machines.org\/es\/wp-json\/wp\/v2\/media\/632"}],"wp:attachment":[{"href":"https:\/\/plastic-machines.org\/es\/wp-json\/wp\/v2\/media?parent=630"}],"wp:term":[{"taxonomy":"post_tag","embeddable":true,"href":"https:\/\/plastic-machines.org\/es\/wp-json\/wp\/v2\/tags?post=630"},{"taxonomy":"product-type","embeddable":true,"href":"https:\/\/plastic-machines.org\/es\/wp-json\/wp\/v2\/product-type?post=630"}],"curies":[{"name":"wp","href":"https:\/\/api.w.org\/{rel}","templated":true}]}}