{"id":41,"date":"2022-06-23T03:44:15","date_gmt":"2022-06-23T03:44:15","guid":{"rendered":"http:\/\/tailwind-themes.local\/?post_type=product&#038;p=41"},"modified":"2025-11-10T18:02:59","modified_gmt":"2025-11-10T10:02:59","slug":"pvc-profile-extrusion-line","status":"publish","type":"product","link":"https:\/\/plastic-machines.org\/es\/product\/plastic-recycling-granulating-line\/","title":{"rendered":"L\u00ednea de granulaci\u00f3n de reciclaje de pl\u00e1stico para pl\u00e1sticos PP HDPE"},"content":{"rendered":"<div class=\"kk-star-ratings kksr-auto kksr-align-left kksr-valign-top\"     data-payload='{&quot;align&quot;:&quot;left&quot;,&quot;id&quot;:&quot;41&quot;,&quot;slug&quot;:&quot;default&quot;,&quot;valign&quot;:&quot;top&quot;,&quot;ignore&quot;:&quot;&quot;,&quot;reference&quot;:&quot;auto&quot;,&quot;class&quot;:&quot;&quot;,&quot;count&quot;:&quot;3&quot;,&quot;legendonly&quot;:&quot;&quot;,&quot;readonly&quot;:&quot;&quot;,&quot;score&quot;:&quot;5&quot;,&quot;starsonly&quot;:&quot;&quot;,&quot;best&quot;:&quot;5&quot;,&quot;gap&quot;:&quot;5&quot;,&quot;greet&quot;:&quot;Rate this product&quot;,&quot;legend&quot;:&quot;5\\\/5 - (3 votos)&quot;,&quot;size&quot;:&quot;24&quot;,&quot;title&quot;:&quot;Plastic Recycling Granulating Line for PP HDPE Plastics&quot;,&quot;width&quot;:&quot;142.5&quot;,&quot;_legend&quot;:&quot;{score}\\\/{best} - ({count} {votes})&quot;,&quot;font_factor&quot;:&quot;1.25&quot;}'>              <div class=\"kksr-stars\">      <div class=\"kksr-stars-inactive\">             <div class=\"kksr-star\" data-star=\"1\" style=\"padding-right: 5px\">               <div class=\"kksr-icon\" style=\"width: 24px; height: 24px;\"><\/div>         <\/div>             <div class=\"kksr-star\" data-star=\"2\" style=\"padding-right: 5px\">               <div class=\"kksr-icon\" style=\"width: 24px; height: 24px;\"><\/div>         <\/div>             <div class=\"kksr-star\" data-star=\"3\" style=\"padding-right: 5px\">               <div class=\"kksr-icon\" style=\"width: 24px; height: 24px;\"><\/div>         <\/div>             <div class=\"kksr-star\" data-star=\"4\" style=\"padding-right: 5px\">               <div class=\"kksr-icon\" style=\"width: 24px; height: 24px;\"><\/div>         <\/div>             <div class=\"kksr-star\" data-star=\"5\" style=\"padding-right: 5px\">               <div class=\"kksr-icon\" style=\"width: 24px; height: 24px;\"><\/div>         <\/div>     <\/div>      <div class=\"kksr-stars-active\" style=\"width: 142.5px;\">             <div class=\"kksr-star\" style=\"padding-right: 5px\">               <div class=\"kksr-icon\" style=\"width: 24px; height: 24px;\"><\/div>         <\/div>             <div class=\"kksr-star\" style=\"padding-right: 5px\">               <div class=\"kksr-icon\" style=\"width: 24px; height: 24px;\"><\/div>         <\/div>             <div class=\"kksr-star\" style=\"padding-right: 5px\">               <div class=\"kksr-icon\" style=\"width: 24px; height: 24px;\"><\/div>         <\/div>             <div class=\"kksr-star\" style=\"padding-right: 5px\">               <div class=\"kksr-icon\" style=\"width: 24px; height: 24px;\"><\/div>         <\/div>             <div class=\"kksr-star\" style=\"padding-right: 5px\">               <div class=\"kksr-icon\" style=\"width: 24px; height: 24px;\"><\/div>         <\/div>     <\/div> <\/div>                   <div class=\"kksr-legend\" style=\"font-size: 19.2px;\">             5\/5 - (3 votos)    <\/div>     <\/div>  <p>Esta l\u00ednea de granulaci\u00f3n para reciclaje de pl\u00e1stico se utiliza principalmente para el reciclaje y granulaci\u00f3n de pl\u00e1sticos de desecho duros. El equipo principal de esta planta de reciclaje de pl\u00e1stico incluye una m\u00e1quina trituradora de pl\u00e1stico, un tanque de lavado, una secadora, una peletizadora de pl\u00e1stico, un contenedor de almacenamiento, etc. Shuliy Group puede combinar diferentes m\u00e1quinas de reciclaje de pl\u00e1stico seg\u00fan las diferentes condiciones de los clientes, como materias primas, \u00e1rea del sitio, etc., y ayudar a los clientes a dise\u00f1ar sus plantas y organizar la exhibici\u00f3n de la m\u00e1quina de manera razonable.<\/p>    <h2 class=\"wp-block-heading\">Materias primas de la l\u00ednea de granulaci\u00f3n de pl\u00e1stico.<\/h2>    <p>Esta planta de reciclaje de barriles de PP PE est\u00e1 dise\u00f1ada por maquinaria Shuliy, que se utiliza para reciclar y granular materiales pl\u00e1sticos duros. Por lo tanto, las materias primas habituales son todos los pl\u00e1sticos duros, como cestas de pl\u00e1stico de PE y PP, cubos de pl\u00e1stico, bidones de aceite de pl\u00e1stico, tanques de almacenamiento de productos qu\u00edmicos, tubos de pl\u00e1stico, botellas de pl\u00e1stico y otros recipientes. <\/p>    <figure class=\"wp-block-gallery has-nested-images columns-default is-cropped wp-block-gallery-2 is-layout-flex wp-block-gallery-is-layout-flex\"> <figure class=\"wp-block-image size-large\"><img loading=\"lazy\" decoding=\"async\" width=\"720\" height=\"540\" data-id=\"234\" src=\"https:\/\/plastic-machines.org\/wp-content\/uploads\/2022\/06\/waste-plastic-drums.webp\" alt=\"bidones de pl\u00e1stico de desecho\" class=\"wp-image-234\" srcset=\"https:\/\/plastic-machines.org\/wp-content\/uploads\/2022\/06\/waste-plastic-drums.webp 720w, https:\/\/plastic-machines.org\/wp-content\/uploads\/2022\/06\/waste-plastic-drums-300x225.webp 300w\" sizes=\"auto, (max-width: 720px) 100vw, 720px\" \/><figcaption class=\"wp-element-caption\">bidones de pl\u00e1stico de desecho<\/figcaption><\/figure>    <figure class=\"wp-block-image size-large\"><img loading=\"lazy\" decoding=\"async\" width=\"720\" height=\"520\" data-id=\"235\" src=\"https:\/\/plastic-machines.org\/wp-content\/uploads\/2022\/06\/used-plastic-baskets.webp\" alt=\"cestas de plastico usadas\" class=\"wp-image-235\" srcset=\"https:\/\/plastic-machines.org\/wp-content\/uploads\/2022\/06\/used-plastic-baskets.webp 720w, https:\/\/plastic-machines.org\/wp-content\/uploads\/2022\/06\/used-plastic-baskets-300x217.webp 300w\" sizes=\"auto, (max-width: 720px) 100vw, 720px\" \/><figcaption class=\"wp-element-caption\">cestas de plastico usadas<\/figcaption><\/figure> <\/figure>    <h2 class=\"wp-block-heading\" id=\"h-process-of-plastic-recycling-granulating-line\">Proceso de l\u00ednea de granulaci\u00f3n de reciclaje de pl\u00e1stico. <\/h2>    <div class=\"wp-block-media-text alignwide is-stacked-on-mobile\"><figure class=\"wp-block-media-text__media\"><img loading=\"lazy\" decoding=\"async\" width=\"720\" height=\"540\" src=\"https:\/\/plastic-machines.org\/wp-content\/uploads\/2022\/06\/Plastic-Shredder-Machine1.webp\" alt=\"M\u00e1quina trituradora de pl\u00e1stico\" class=\"wp-image-452 size-full\" srcset=\"https:\/\/plastic-machines.org\/wp-content\/uploads\/2022\/06\/Plastic-Shredder-Machine1.webp 720w, https:\/\/plastic-machines.org\/wp-content\/uploads\/2022\/06\/Plastic-Shredder-Machine1-300x225.webp 300w\" sizes=\"auto, (max-width: 720px) 100vw, 720px\" \/><\/figure><div class=\"wp-block-media-text__content\"> <p class=\"has-large-font-size\">Trituradora de plastico<\/p>    <p class=\"translation-block\"> In the plastic recycling granulating line, the <a href=\"https:\/\/plastic-machines.org\/es\/product\/plastic-shredder-machine\/\">PP PE drum crusher<\/a> is used to crush waste plastic products into small pieces with low noise and no residue during the crushing process. In addition, the blades have a long service life and low maintenance cost. This plastic crusher has been well received by customers.<\/p> <\/div><\/div>    <div class=\"wp-block-media-text alignwide is-stacked-on-mobile\"><figure class=\"wp-block-media-text__media\"><img loading=\"lazy\" decoding=\"async\" width=\"720\" height=\"540\" src=\"https:\/\/plastic-machines.org\/wp-content\/uploads\/2022\/06\/rinsing-tank1.webp\" alt=\"tanque de enjuague\" class=\"wp-image-455 size-full\" srcset=\"https:\/\/plastic-machines.org\/wp-content\/uploads\/2022\/06\/rinsing-tank1.webp 720w, https:\/\/plastic-machines.org\/wp-content\/uploads\/2022\/06\/rinsing-tank1-300x225.webp 300w\" sizes=\"auto, (max-width: 720px) 100vw, 720px\" \/><\/figure><div class=\"wp-block-media-text__content\"> <p class=\"has-large-font-size\">Tanque de enjuague<\/p>    <p class=\"translation-block\">El <strong><a href=\"https:\/\/plastic-machines.org\/es\/product\/plastic-film-washing-machine\/\">tanque de lavado<\/a><\/strong> est\u00e1 hecho de acero inoxidable de alta calidad y se utiliza para limpiar los trozos de pl\u00e1stico rotos. Hay muchas p\u00faas en el tanque que mantienen girando el pl\u00e1stico para eliminar las manchas.<\/p> <\/div><\/div>    <div class=\"wp-block-media-text alignwide is-stacked-on-mobile\"><figure class=\"wp-block-media-text__media\"><img loading=\"lazy\" decoding=\"async\" width=\"720\" height=\"540\" src=\"https:\/\/plastic-machines.org\/wp-content\/uploads\/2022\/06\/horizontal-dryer1.webp\" alt=\"secadora horizontal\" class=\"wp-image-443 size-full\" srcset=\"https:\/\/plastic-machines.org\/wp-content\/uploads\/2022\/06\/horizontal-dryer1.webp 720w, https:\/\/plastic-machines.org\/wp-content\/uploads\/2022\/06\/horizontal-dryer1-300x225.webp 300w\" sizes=\"auto, (max-width: 720px) 100vw, 720px\" \/><\/figure><div class=\"wp-block-media-text__content\"> <p class=\"has-large-font-size\">secadora de plastico<\/p>    <p class=\"translation-block\">Un <strong><a href=\"https:\/\/plastic-machines.org\/es\/product\/plastic-chips-dryer-machine\/\">secador de pl\u00e1stico horizontal<\/a><\/strong> se utiliza para secar las escamas de pl\u00e1stico. La m\u00e1quina tiene un alto grado de deshidrataci\u00f3n, alta tasa de deshidrataci\u00f3n y bajo consumo de electricidad, lo que la hace ideal para la l\u00ednea de granulaci\u00f3n de pl\u00e1stico.<\/p> <\/div><\/div>    <div class=\"wp-block-media-text alignwide is-stacked-on-mobile\"><figure class=\"wp-block-media-text__media\"><img loading=\"lazy\" decoding=\"async\" width=\"720\" height=\"540\" src=\"https:\/\/plastic-machines.org\/wp-content\/uploads\/2022\/06\/Plastic-pelletizing-machine.webp\" alt=\"m\u00e1quina extrusora de pl\u00e1stico\" class=\"wp-image-578 size-full\" srcset=\"https:\/\/plastic-machines.org\/wp-content\/uploads\/2022\/06\/Plastic-pelletizing-machine.webp 720w, https:\/\/plastic-machines.org\/wp-content\/uploads\/2022\/06\/Plastic-pelletizing-machine-300x225.webp 300w\" sizes=\"auto, (max-width: 720px) 100vw, 720px\" \/><\/figure><div class=\"wp-block-media-text__content\"> <p class=\"has-large-font-size\">Peletizadora de pl\u00e1stico<\/p>    <p class=\"translation-block\">El <strong><a href=\"https:\/\/plastic-machines.org\/es\/product\/plastic-extruder-machine\/\">pelletizador de pl\u00e1stico<\/a><\/strong> es la pieza m\u00e1s central de la l\u00ednea de reciclaje de barriles de pl\u00e1stico, utilizando la tecnolog\u00eda de pelletizado m\u00e1s avanzada. Tenemos muchos modelos diferentes para que elija, como los de baja producci\u00f3n para plantas de reciclaje peque\u00f1as, y tambi\u00e9n m\u00e1quinas de alta producci\u00f3n para mayores capacidades.<\/p> <\/div><\/div>    <h2 class=\"wp-block-heading\">V\u00eddeo 3D de l\u00ednea de granulaci\u00f3n de pl\u00e1stico.<\/h2>    <p>El v\u00eddeo en 3D muestra el procesamiento completo de la l\u00ednea de granulaci\u00f3n de reciclaje de pl\u00e1stico.<\/p>    <figure class=\"wp-block-embed is-type-video is-provider-youtube wp-block-embed-youtube wp-embed-aspect-16-9 wp-has-aspect-ratio\"><div class=\"wp-block-embed__wrapper\"> <iframe loading=\"lazy\" title=\"L\u00ednea de granulaci\u00f3n de pl\u00e1stico | M\u00e1quina para fabricar gr\u00e1nulos de pl\u00e1stico.\" width=\"500\" height=\"281\" src=\"https:\/\/www.youtube.com\/embed\/y4KcSJAz04E?feature=oembed\" frameborder=\"0\" allow=\"accelerometer; autoplay; clipboard-write; encrypted-media; gyroscope; picture-in-picture; web-share\" referrerpolicy=\"strict-origin-when-cross-origin\" allowfullscreen><\/iframe> <\/div><\/figure>    <h2 class=\"wp-block-heading\">Exhibici\u00f3n de f\u00e1brica de la l\u00ednea de granulaci\u00f3n de reciclaje de pl\u00e1stico.<\/h2>    <figure class=\"wp-block-gallery has-nested-images columns-default is-cropped wp-block-gallery-3 is-layout-flex wp-block-gallery-is-layout-flex\"> <figure class=\"wp-block-image size-large\"><img loading=\"lazy\" decoding=\"async\" width=\"720\" height=\"540\" data-id=\"236\" src=\"https:\/\/plastic-machines.org\/wp-content\/uploads\/2022\/06\/our-sales-manager-and-our-recycling-machines.webp\" alt=\"nuestro responsable de ventas y nuestras m\u00e1quinas de reciclaje\" class=\"wp-image-236\" srcset=\"https:\/\/plastic-machines.org\/wp-content\/uploads\/2022\/06\/our-sales-manager-and-our-recycling-machines.webp 720w, https:\/\/plastic-machines.org\/wp-content\/uploads\/2022\/06\/our-sales-manager-and-our-recycling-machines-300x225.webp 300w\" sizes=\"auto, (max-width: 720px) 100vw, 720px\" \/><figcaption class=\"wp-element-caption\">nuestro responsable de ventas y nuestras m\u00e1quinas de reciclaje<\/figcaption><\/figure>    <figure class=\"wp-block-image size-large\"><img loading=\"lazy\" decoding=\"async\" width=\"720\" height=\"540\" data-id=\"237\" src=\"https:\/\/plastic-machines.org\/wp-content\/uploads\/2022\/06\/plastic-pelletizing-line-placed-in-plant.webp\" alt=\"L\u00ednea de peletizaci\u00f3n de pl\u00e1stico colocada en planta.\" class=\"wp-image-237\" srcset=\"https:\/\/plastic-machines.org\/wp-content\/uploads\/2022\/06\/plastic-pelletizing-line-placed-in-plant.webp 720w, https:\/\/plastic-machines.org\/wp-content\/uploads\/2022\/06\/plastic-pelletizing-line-placed-in-plant-300x225.webp 300w\" sizes=\"auto, (max-width: 720px) 100vw, 720px\" \/><figcaption class=\"wp-element-caption\">L\u00ednea de peletizaci\u00f3n de pl\u00e1stico colocada en planta.<\/figcaption><\/figure> <\/figure>    <figure class=\"wp-block-gallery has-nested-images columns-default is-cropped wp-block-gallery-4 is-layout-flex wp-block-gallery-is-layout-flex\"> <figure class=\"wp-block-image size-large\"><img loading=\"lazy\" decoding=\"async\" width=\"720\" height=\"540\" data-id=\"238\" src=\"https:\/\/plastic-machines.org\/wp-content\/uploads\/2022\/06\/plastic-pelletizer.webp\" alt=\"peletizadora de pl\u00e1stico\" class=\"wp-image-238\" srcset=\"https:\/\/plastic-machines.org\/wp-content\/uploads\/2022\/06\/plastic-pelletizer.webp 720w, https:\/\/plastic-machines.org\/wp-content\/uploads\/2022\/06\/plastic-pelletizer-300x225.webp 300w\" sizes=\"auto, (max-width: 720px) 100vw, 720px\" \/><figcaption class=\"wp-element-caption\">peletizadora de pl\u00e1stico<\/figcaption><\/figure>    <figure class=\"wp-block-image size-large\"><img loading=\"lazy\" decoding=\"async\" width=\"720\" height=\"540\" data-id=\"239\" src=\"https:\/\/plastic-machines.org\/wp-content\/uploads\/2022\/06\/plastic-granulator-in-factory-.webp\" alt=\"granulador de pl\u00e1stico en f\u00e1brica\" class=\"wp-image-239\" srcset=\"https:\/\/plastic-machines.org\/wp-content\/uploads\/2022\/06\/plastic-granulator-in-factory-.webp 720w, https:\/\/plastic-machines.org\/wp-content\/uploads\/2022\/06\/plastic-granulator-in-factory--300x225.webp 300w\" sizes=\"auto, (max-width: 720px) 100vw, 720px\" \/><figcaption class=\"wp-element-caption\">granulador de pl\u00e1stico en f\u00e1brica<\/figcaption><\/figure> <\/figure>    <figure class=\"wp-block-gallery has-nested-images columns-default is-cropped wp-block-gallery-5 is-layout-flex wp-block-gallery-is-layout-flex\"> <figure class=\"wp-block-image size-large\"><img loading=\"lazy\" decoding=\"async\" width=\"720\" height=\"540\" data-id=\"240\" src=\"https:\/\/plastic-machines.org\/wp-content\/uploads\/2022\/06\/plastic-pelletizing-line.webp\" alt=\"l\u00ednea de granulaci\u00f3n de pl\u00e1stico\" class=\"wp-image-240\" srcset=\"https:\/\/plastic-machines.org\/wp-content\/uploads\/2022\/06\/plastic-pelletizing-line.webp 720w, https:\/\/plastic-machines.org\/wp-content\/uploads\/2022\/06\/plastic-pelletizing-line-300x225.webp 300w\" sizes=\"auto, (max-width: 720px) 100vw, 720px\" \/><figcaption class=\"wp-element-caption\">l\u00ednea de granulaci\u00f3n de pl\u00e1stico<\/figcaption><\/figure>    <figure class=\"wp-block-image size-large\"><img loading=\"lazy\" decoding=\"async\" width=\"720\" height=\"540\" data-id=\"241\" src=\"https:\/\/plastic-machines.org\/wp-content\/uploads\/2022\/06\/PP-PE-recycling-line.webp\" alt=\"l\u00ednea de granulaci\u00f3n de reciclaje de pl\u00e1stico\" class=\"wp-image-241\" srcset=\"https:\/\/plastic-machines.org\/wp-content\/uploads\/2022\/06\/PP-PE-recycling-line.webp 720w, https:\/\/plastic-machines.org\/wp-content\/uploads\/2022\/06\/PP-PE-recycling-line-300x225.webp 300w\" sizes=\"auto, (max-width: 720px) 100vw, 720px\" \/><figcaption class=\"wp-element-caption\">L\u00ednea de reciclaje de PP PE<\/figcaption><\/figure> <\/figure>    <figure class=\"wp-block-gallery has-nested-images columns-default is-cropped wp-block-gallery-6 is-layout-flex wp-block-gallery-is-layout-flex\"> <figure class=\"wp-block-image size-large\"><img loading=\"lazy\" decoding=\"async\" width=\"720\" height=\"540\" data-id=\"242\" src=\"https:\/\/plastic-machines.org\/wp-content\/uploads\/2022\/06\/plastic-crusher-.webp\" alt=\"trituradora de plastico\" class=\"wp-image-242\" srcset=\"https:\/\/plastic-machines.org\/wp-content\/uploads\/2022\/06\/plastic-crusher-.webp 720w, https:\/\/plastic-machines.org\/wp-content\/uploads\/2022\/06\/plastic-crusher--300x225.webp 300w\" sizes=\"auto, (max-width: 720px) 100vw, 720px\" \/><figcaption class=\"wp-element-caption\">trituradora de plastico<\/figcaption><\/figure>    <figure class=\"wp-block-image size-large\"><img loading=\"lazy\" decoding=\"async\" width=\"720\" height=\"540\" data-id=\"243\" src=\"https:\/\/plastic-machines.org\/wp-content\/uploads\/2022\/06\/belt-conveyor.webp\" alt=\"cinta transportadora de buena calidad\" class=\"wp-image-243\" srcset=\"https:\/\/plastic-machines.org\/wp-content\/uploads\/2022\/06\/belt-conveyor.webp 720w, https:\/\/plastic-machines.org\/wp-content\/uploads\/2022\/06\/belt-conveyor-300x225.webp 300w\" sizes=\"auto, (max-width: 720px) 100vw, 720px\" \/><figcaption class=\"wp-element-caption\">cinta transportadora de buena calidad<\/figcaption><\/figure> <\/figure>    <h2 class=\"wp-block-heading\">Preguntas frecuentes sobre la planta de reciclaje de pl\u00e1stico<\/h2>    <div class=\"schema-faq wp-block-yoast-faq-block\"><div class=\"schema-faq-section\" id=\"faq-question-1657088343629\"><strong class=\"schema-faq-question\">\u00bfCu\u00e1l es el rendimiento de la l\u00ednea de reciclaje de tambores de pl\u00e1stico?<\/strong> <p class=\"schema-faq-answer\">La maquinaria Shuliy puede ofrecer una capacidad de 100-500 kg\/h. Disponemos de diferentes modelos de unidades granuladoras, como SL-125, SL 160, SL180, SL-220, etc. Todos los modelos est\u00e1n disponibles ahora y pueden elegirse seg\u00fan la demanda de los clientes.<\/p> <\/div> <div class=\"schema-faq-section\" id=\"faq-question-1657089398682\"><strong class=\"schema-faq-question\">\u00bfCu\u00e1les son las diferencias entre el reciclaje de bolsas de pl\u00e1stico y el reciclaje de barriles de pl\u00e1stico?<\/strong> <p class=\"schema-faq-answer\">Tres son tres diferencias entre las l\u00edneas de reciclaje anteriores. Para empezar, debido a que el peso de las pel\u00edculas pl\u00e1sticas es peque\u00f1o, no les resulta f\u00e1cil caer en el granulador por iniciativa propia. Por lo tanto, nuestra planta proporcionar\u00e1 un alimentador forzado en el granulador. Sin embargo, si su materia prima son barriles o tambores de PP PE con un peso determinado, no es necesario utilizar un alimentador forzado.<br><br>En segundo lugar, la secadora para pel\u00edculas similares al pl\u00e1stico blando es de tipo vertical, la secadora para pl\u00e1sticos duros es de tipo horizontal. Por \u00faltimo, pero no menos importante, las trituradoras para esos dos materiales tambi\u00e9n son diferentes.<\/p> <\/div> <div class=\"schema-faq-section\" id=\"faq-question-1657089477346\"><strong class=\"schema-faq-question\">\u00bfCu\u00e1les son los equipos accesorios de la l\u00ednea de granulaci\u00f3n de reciclaje de pl\u00e1stico?<\/strong> <p class=\"schema-faq-answer\">Adem\u00e1s de las m\u00e1quinas principales, tambi\u00e9n hay algunos dispositivos accesorios en la l\u00ednea de granulaci\u00f3n de pl\u00e1stico. Se trata de transportadores autom\u00e1ticos, tanques de refrigeraci\u00f3n de pl\u00e1stico, m\u00e1quinas cortadoras de pellets, filtros de gases residuales y contenedores de almacenamiento de pellets. Si necesita las m\u00e1quinas anteriores, bienvenido a comunicarse con nuestros gerentes de ventas.<\/p> <\/div> <\/div>    <h2 class=\"wp-block-heading\" id=\"h-success-case-of-plastic-granulation-line\">Caso de \u00e9xito de l\u00ednea de granulaci\u00f3n de pl\u00e1stico<\/h2>    <p class=\"translation-block\">Nuestro <a href=\"https:\/\/plastic-machines.org\/es\/info\/plastic-granulator-machine-exported-to-ghana\/\">cliente de Ghana compr\u00f3 nuestra pelletizadora de pl\u00e1stico<\/a> para su planta de reciclaje de pl\u00e1stico. Recogi\u00f3 una gran cantidad de barriles de PP usados y necesita triturarlos y luego granulaci\u00f3n. Las bolitas de pl\u00e1stico finales se vender\u00e1n al mercado internacional de pl\u00e1stico reciclado.<\/p>   <div class=\"wp-block-image\"> <figure class=\"aligncenter size-full\"><img loading=\"lazy\" decoding=\"async\" width=\"720\" height=\"540\" src=\"https:\/\/plastic-machines.org\/wp-content\/uploads\/2022\/06\/successful-case.webp\" alt=\"Caso exitoso de l\u00ednea de granulaci\u00f3n de pl\u00e1stico.\" class=\"wp-image-227\" srcset=\"https:\/\/plastic-machines.org\/wp-content\/uploads\/2022\/06\/successful-case.webp 720w, https:\/\/plastic-machines.org\/wp-content\/uploads\/2022\/06\/successful-case-300x225.webp 300w\" sizes=\"auto, (max-width: 720px) 100vw, 720px\" \/><figcaption class=\"wp-element-caption\">caso exitoso<\/figcaption><\/figure> <\/div>  <div class=\"wp-block-image\"> <figure class=\"aligncenter size-full\"><img loading=\"lazy\" decoding=\"async\" width=\"720\" height=\"540\" src=\"https:\/\/plastic-machines.org\/wp-content\/uploads\/2022\/06\/packing-and-delivery.webp\" alt=\"Embalaje y entrega de granulador de pl\u00e1stico.\" class=\"wp-image-228\" srcset=\"https:\/\/plastic-machines.org\/wp-content\/uploads\/2022\/06\/packing-and-delivery.webp 720w, https:\/\/plastic-machines.org\/wp-content\/uploads\/2022\/06\/packing-and-delivery-300x225.webp 300w\" sizes=\"auto, (max-width: 720px) 100vw, 720px\" \/><figcaption class=\"wp-element-caption\">embalaje y entrega<\/figcaption><\/figure> <\/div>   <h2 class=\"wp-block-heading\">Servicio de venta de l\u00ednea de granulaci\u00f3n de reciclaje de pl\u00e1stico.<\/h2>    <ol class=\"wp-block-list\"> <li>Shuliy Group proporcionar\u00e1 una soluci\u00f3n para la l\u00ednea de granulaci\u00f3n de reciclaje de pl\u00e1stico dentro de las 24 horas posteriores a la recepci\u00f3n de su consulta. Despu\u00e9s de que el cliente y el gerente de ventas confirman cada detalle, se realiza el pedido final y la f\u00e1brica de Shuliy organiza la entrega del equipo, y si el cliente tiene requisitos de personalizaci\u00f3n especiales, organizamos una entrega r\u00e1pida despu\u00e9s de que se fabrica el equipo.<\/li>    <li>Nuestro responsable comercial acompa\u00f1ar\u00e1 al cliente durante todo el proceso de aceptaci\u00f3n del equipo, y asistir\u00e1 al cliente en la instalaci\u00f3n de la m\u00e1quina de reciclaje de pl\u00e1stico y otras m\u00e1quinas auxiliares.<\/li>    <li>Si los clientes tienen dificultades de instalaci\u00f3n, nuestra empresa env\u00eda personal t\u00e9cnico al sitio del cliente para guiar la instalaci\u00f3n. Luego nuestro ingeniero capacitar\u00e1 al operador local para utilizarlo.<\/li>    <li>Siempre hacemos nuestro mejor esfuerzo para servir a nuestros clientes, a excepci\u00f3n de las piezas de desgaste, la empresa shuliy ofrece una garant\u00eda de 1 a\u00f1o y otros servicios posventa para la l\u00ednea de granulaci\u00f3n de reciclaje de pl\u00e1stico.<\/li> <\/ol>","protected":false},"excerpt":{"rendered":"<p>This plastic recycling granulating line is mainly used for the recycling and granulation of hard waste plastics. The main equipment of this plastic recycling plant includes plastic crushing machine, washing tank, dryer, plastic pelletizer, storage bin, and so on. Shuliy Group can match different plastic recycling machines according to customers&#8217; different conditions, like raw materials, [&hellip;]<\/p>\n","protected":false},"author":1,"featured_media":1411,"parent":0,"template":"","tags":[37,50,44,51],"product-type":[13],"class_list":["post-41","product","type-product","status-publish","has-post-thumbnail","hentry","tag-hdpe","tag-pellet","tag-pp","tag-rigid","product-type-plastic-recycling-lines"],"taxonomy_info":{"post_tag":[{"value":37,"label":"HDPE"},{"value":50,"label":"pellet"},{"value":44,"label":"PP"},{"value":51,"label":"rigid"}],"product-type":[{"value":13,"label":"Plastic Recycling Lines"}]},"featured_image_src_large":["https:\/\/plastic-machines.org\/wp-content\/uploads\/2022\/06\/Plastic-Recycling-Granulating-Line.webp",720,540,false],"author_info":{"display_name":"Ella","author_link":"https:\/\/plastic-machines.org\/es\/author\/admin\/"},"comment_info":"","_links":{"self":[{"href":"https:\/\/plastic-machines.org\/es\/wp-json\/wp\/v2\/product\/41","targetHints":{"allow":["GET"]}}],"collection":[{"href":"https:\/\/plastic-machines.org\/es\/wp-json\/wp\/v2\/product"}],"about":[{"href":"https:\/\/plastic-machines.org\/es\/wp-json\/wp\/v2\/types\/product"}],"author":[{"embeddable":true,"href":"https:\/\/plastic-machines.org\/es\/wp-json\/wp\/v2\/users\/1"}],"wp:featuredmedia":[{"embeddable":true,"href":"https:\/\/plastic-machines.org\/es\/wp-json\/wp\/v2\/media\/1411"}],"wp:attachment":[{"href":"https:\/\/plastic-machines.org\/es\/wp-json\/wp\/v2\/media?parent=41"}],"wp:term":[{"taxonomy":"post_tag","embeddable":true,"href":"https:\/\/plastic-machines.org\/es\/wp-json\/wp\/v2\/tags?post=41"},{"taxonomy":"product-type","embeddable":true,"href":"https:\/\/plastic-machines.org\/es\/wp-json\/wp\/v2\/product-type?post=41"}],"curies":[{"name":"wp","href":"https:\/\/api.w.org\/{rel}","templated":true}]}}