{"id":314,"date":"2022-07-13T10:39:43","date_gmt":"2022-07-13T10:39:43","guid":{"rendered":"https:\/\/plastic-machines.org\/?post_type=product&#038;p=314"},"modified":"2024-12-27T10:13:06","modified_gmt":"2024-12-27T02:13:06","slug":"eps-pelletizing-machine","status":"publish","type":"product","link":"https:\/\/plastic-machines.org\/es\/product\/eps-pelletizing-machine\/","title":{"rendered":"M\u00e1quina granuladora de EPS para reciclaje de espuma pl\u00e1stica"},"content":{"rendered":"<div class=\"kk-star-ratings kksr-auto kksr-align-left kksr-valign-top\"     data-payload='{&quot;align&quot;:&quot;left&quot;,&quot;id&quot;:&quot;314&quot;,&quot;slug&quot;:&quot;default&quot;,&quot;valign&quot;:&quot;top&quot;,&quot;ignore&quot;:&quot;&quot;,&quot;reference&quot;:&quot;auto&quot;,&quot;class&quot;:&quot;&quot;,&quot;count&quot;:&quot;5&quot;,&quot;legendonly&quot;:&quot;&quot;,&quot;readonly&quot;:&quot;&quot;,&quot;score&quot;:&quot;5&quot;,&quot;starsonly&quot;:&quot;&quot;,&quot;best&quot;:&quot;5&quot;,&quot;gap&quot;:&quot;5&quot;,&quot;greet&quot;:&quot;Rate this product&quot;,&quot;legend&quot;:&quot;5\\\/5 - (5 votos)&quot;,&quot;size&quot;:&quot;24&quot;,&quot;title&quot;:&quot;EPS Pelletizing Machine for Plastic Foam Recycling&quot;,&quot;width&quot;:&quot;142.5&quot;,&quot;_legend&quot;:&quot;{score}\\\/{best} - ({count} {votes})&quot;,&quot;font_factor&quot;:&quot;1.25&quot;}'>              <div class=\"kksr-stars\">      <div class=\"kksr-stars-inactive\">             <div class=\"kksr-star\" data-star=\"1\" style=\"padding-right: 5px\">               <div class=\"kksr-icon\" style=\"width: 24px; height: 24px;\"><\/div>         <\/div>             <div class=\"kksr-star\" data-star=\"2\" style=\"padding-right: 5px\">               <div class=\"kksr-icon\" style=\"width: 24px; height: 24px;\"><\/div>         <\/div>             <div class=\"kksr-star\" data-star=\"3\" style=\"padding-right: 5px\">               <div class=\"kksr-icon\" style=\"width: 24px; height: 24px;\"><\/div>         <\/div>             <div class=\"kksr-star\" data-star=\"4\" style=\"padding-right: 5px\">               <div class=\"kksr-icon\" style=\"width: 24px; height: 24px;\"><\/div>         <\/div>             <div class=\"kksr-star\" data-star=\"5\" style=\"padding-right: 5px\">               <div class=\"kksr-icon\" style=\"width: 24px; height: 24px;\"><\/div>         <\/div>     <\/div>      <div class=\"kksr-stars-active\" style=\"width: 142.5px;\">             <div class=\"kksr-star\" style=\"padding-right: 5px\">               <div class=\"kksr-icon\" style=\"width: 24px; height: 24px;\"><\/div>         <\/div>             <div class=\"kksr-star\" style=\"padding-right: 5px\">               <div class=\"kksr-icon\" style=\"width: 24px; height: 24px;\"><\/div>         <\/div>             <div class=\"kksr-star\" style=\"padding-right: 5px\">               <div class=\"kksr-icon\" style=\"width: 24px; height: 24px;\"><\/div>         <\/div>             <div class=\"kksr-star\" style=\"padding-right: 5px\">               <div class=\"kksr-icon\" style=\"width: 24px; height: 24px;\"><\/div>         <\/div>             <div class=\"kksr-star\" style=\"padding-right: 5px\">               <div class=\"kksr-icon\" style=\"width: 24px; height: 24px;\"><\/div>         <\/div>     <\/div> <\/div>                   <div class=\"kksr-legend\" style=\"font-size: 19.2px;\">             5\/5 - (5 votos)    <\/div>     <\/div>  <p>La m\u00e1quina granuladora de EPS es un equipo profesional en la industria del reciclaje de espuma pl\u00e1stica, que es espec\u00edficamente para residuos de espuma de poliestireno (poliestireno). La estructura del granulador de espuma de poliestireno es compacta y razonable, y el costo de inversi\u00f3n es bajo, lo que la convierte en la m\u00e1quina de reciclaje de EPS ideal.<\/p>    <h2 class=\"wp-block-heading\" id=\"h-applications-of-eps-granulator\">Aplicaciones del granulador EPS<\/h2>    <p class=\"translation-block\">La m\u00e1quina de reciclaje de poliestireno puede combinarse con una trituradora de espuma y una m\u00e1quina de corte de pellet, esos son los equipos b\u00e1sicos de la <a href=\"https:\/\/plastic-machines.org\/es\/product\/plastic-foam-pelletizing-line\/\">l\u00ednea de reciclaje de espuma pl\u00e1stica<\/a>. La l\u00ednea de reciclaje puede triturar, extruir, enfriar y pelletizar los residuos de espuma de comida r\u00e1pida, cajas frescas de espuma, materiales de aislamiento, espumas de embalaje para muebles, etc., de modo que la espuma de desecho se convierta en los pellets de EPS reciclados m\u00e1s vendidos en el mercado. La m\u00e1quina granulator de espuma cumple con los altos requisitos de pelletizaci\u00f3n de densidad ultrabaja del EPS.<\/p>   <div class=\"wp-block-image\"> <figure class=\"aligncenter size-full\"><img loading=\"lazy\" decoding=\"async\" width=\"720\" height=\"540\" src=\"https:\/\/plastic-machines.org\/wp-content\/uploads\/2022\/07\/raw-materials-.webp\" alt=\"Materias primas de la m\u00e1quina peletizadora de EPS.\" class=\"wp-image-326\" srcset=\"https:\/\/plastic-machines.org\/wp-content\/uploads\/2022\/07\/raw-materials-.webp 720w, https:\/\/plastic-machines.org\/wp-content\/uploads\/2022\/07\/raw-materials--300x225.webp 300w\" sizes=\"auto, (max-width: 720px) 100vw, 720px\" \/><figcaption class=\"wp-element-caption\">Materias primas de la m\u00e1quina peletizadora de EPS.<\/figcaption><\/figure> <\/div>   <h2 class=\"wp-block-heading\" id=\"h-final-product-of-eps-foam-pelletizing-machine\">Producto final de la m\u00e1quina granuladora de espuma EPS<\/h2>    <p>Despu\u00e9s del reciclaje, los gr\u00e1nulos finales son gr\u00e1nulos reciclados de EPS, tienen una textura dura, tama\u00f1o uniforme, alto brillo y una amplia gama de usos. Los usos principales incluyen la construcci\u00f3n de paneles aislantes exteriores, partes transparentes de edificios p\u00fablicos, instrumentos \u00f3pticos, modelos transparentes, etc. Los fabricantes con gran demanda son principalmente f\u00e1bricas de paredes aislantes de paredes externas, f\u00e1bricas de marcos de fotograf\u00edas y f\u00e1bricas de vallas publicitarias.<\/p>   <div class=\"wp-block-image\"> <figure class=\"aligncenter size-full\"><img loading=\"lazy\" decoding=\"async\" width=\"720\" height=\"540\" src=\"https:\/\/plastic-machines.org\/wp-content\/uploads\/2022\/07\/EPS-pellets.webp\" alt=\"Gr\u00e1nulos de EPS\" class=\"wp-image-318\" srcset=\"https:\/\/plastic-machines.org\/wp-content\/uploads\/2022\/07\/EPS-pellets.webp 720w, https:\/\/plastic-machines.org\/wp-content\/uploads\/2022\/07\/EPS-pellets-300x225.webp 300w\" sizes=\"auto, (max-width: 720px) 100vw, 720px\" \/><figcaption class=\"wp-element-caption\">Gr\u00e1nulos de EPS<\/figcaption><\/figure> <\/div>   <h2 class=\"wp-block-heading\" id=\"h-plastic-foam-granulator-structures\">Estructuras granuladoras de poliestireno<\/h2>    <p>En general, la m\u00e1quina de reciclaje de poliestireno se utiliza a menudo en combinaci\u00f3n con una trituradora de espuma y una piscina de enfriamiento. La trituradora de poliestireno es m\u00e1s f\u00e1cil de alimentar si se utiliza en posici\u00f3n horizontal. El granulador de EPS consta de una subm\u00e1quina y esta combinaci\u00f3n hace que el pl\u00e1stico se derrita m\u00e1s completamente.<\/p>   <div class=\"wp-block-image\"> <figure class=\"aligncenter size-full\"><img loading=\"lazy\" decoding=\"async\" width=\"720\" height=\"540\" src=\"https:\/\/plastic-machines.org\/wp-content\/uploads\/2022\/07\/4-EPS-foam-granulator-machine-structure1.webp\" alt=\"Estructura-m\u00e1quina-granuladora-de-espuma-EPS\" class=\"wp-image-320\" srcset=\"https:\/\/plastic-machines.org\/wp-content\/uploads\/2022\/07\/4-EPS-foam-granulator-machine-structure1.webp 720w, https:\/\/plastic-machines.org\/wp-content\/uploads\/2022\/07\/4-EPS-foam-granulator-machine-structure1-300x225.webp 300w\" sizes=\"auto, (max-width: 720px) 100vw, 720px\" \/><figcaption class=\"wp-element-caption\">Estructura-m\u00e1quina-granuladora-de-espuma-EPS<\/figcaption><\/figure> <\/div>   <h2 class=\"wp-block-heading\">Ventajas de la m\u00e1quina de reciclaje de EPS<\/h2>    <ul class=\"wp-block-list\"> <li>El fabricante Shuliy tiene una gama completa de tecnolog\u00eda de reciclaje de pl\u00e1stico y una calidad confiable. Adem\u00e1s contamos con un perfecto servicio postventa. Si es principiante, puede comprar con confianza, nuestros t\u00e9cnicos profesionales le explicar\u00e1n c\u00f3mo operar.<\/li>    <li>El granulador de pl\u00e1stico EPS est\u00e1 hecho de acero al plomo con estructura de carbono, duradero y no f\u00e1cil de deformar, lo que tiene una alta capacidad y una larga vida \u00fatil.<\/li>    <li>El conjunto de m\u00e1quinas peletizadoras de EPS tiene perfectas instalaciones de soporte y cubre un \u00e1rea de productos terminados peque\u00f1os y de alta calidad.<\/li>    <li>La m\u00e1quina granuladora de espuma aprovecha al m\u00e1ximo el calentamiento por fricci\u00f3n de alta presi\u00f3n y la producci\u00f3n de calentamiento autom\u00e1tico, lo que puede evitar el calentamiento continuo y ahorrar m\u00e1s energ\u00eda para ahorrar energ\u00eda.<\/li> <\/ul>    <h2 class=\"wp-block-heading\">Par\u00e1metros de la m\u00e1quina granuladora de espuma EPS<\/h2>    <p>El granulador EPS tiene seis modelos, los clientes pueden elegir uno seg\u00fan sus demandas y capacidad.<\/p>    <figure class=\"wp-block-table\"><table><tbody><tr><td>Modelo<\/td><td>Capacidad (KG\/H)<\/td><td>Motor principal (kilovatios)<\/td><\/tr><tr><td>220<br>(Doble Reductor)<\/td><td>150-175<\/td><td>15<\/td><\/tr><tr><td>270<br>(Doble Reductor)<\/td><td>200-225<\/td><td>18.5<\/td><\/tr><tr><td>220<br>(Reductor \u00fanico)<\/td><td>150-175<\/td><td>15<\/td><\/tr><tr><td>270<br>(Reductor \u00fanico)<\/td><td>200-225<\/td><td>18.5<\/td><\/tr><tr><td>320<br>(Doble Reductor)<\/td><td>275-300<\/td><td>18.5<\/td><\/tr><tr><td>350<br>(Doble Reductor)<\/td><td>325-375<\/td><td>22<\/td><\/tr><\/tbody><\/table><\/figure>    <h2 class=\"wp-block-heading\" id=\"h-plastic-foam-granulator-plant-display\">Exhibici\u00f3n de planta de m\u00e1quina de reciclaje de EPS<\/h2>   <div class=\"wp-block-image\"> <figure class=\"aligncenter size-full\"><img loading=\"lazy\" decoding=\"async\" width=\"720\" height=\"540\" src=\"https:\/\/plastic-machines.org\/wp-content\/uploads\/2022\/07\/EPS-pelletizer.webp\" alt=\"peletizadora de EPS\" class=\"wp-image-202\" srcset=\"https:\/\/plastic-machines.org\/wp-content\/uploads\/2022\/07\/EPS-pelletizer.webp 720w, https:\/\/plastic-machines.org\/wp-content\/uploads\/2022\/07\/EPS-pelletizer-300x225.webp 300w\" sizes=\"auto, (max-width: 720px) 100vw, 720px\" \/><figcaption class=\"wp-element-caption\">M\u00e1quina granuladora de EPS<\/figcaption><\/figure> <\/div>  <div class=\"wp-block-image\"> <figure class=\"aligncenter size-full\"><img loading=\"lazy\" decoding=\"async\" width=\"720\" height=\"540\" src=\"https:\/\/plastic-machines.org\/wp-content\/uploads\/2022\/07\/our-factory.webp\" alt=\"Nuestra f\u00e1brica de m\u00e1quinas de reciclaje de espuma pl\u00e1stica.\" class=\"wp-image-205\" srcset=\"https:\/\/plastic-machines.org\/wp-content\/uploads\/2022\/07\/our-factory.webp 720w, https:\/\/plastic-machines.org\/wp-content\/uploads\/2022\/07\/our-factory-300x225.webp 300w\" sizes=\"auto, (max-width: 720px) 100vw, 720px\" \/><figcaption class=\"wp-element-caption\">F\u00e1brica Shuliy de m\u00e1quina de reciclaje de EPS<\/figcaption><\/figure> <\/div>   <h2 class=\"wp-block-heading\">Mantenimiento de la m\u00e1quina peletizadora de EPS. <\/h2>    <p>Cualquier m\u00e1quina necesita un mantenimiento regular y una m\u00e1quina peletizadora de EPS no es una excepci\u00f3n. Despu\u00e9s de un per\u00edodo de uso de la peletizadora, algunos clientes descubren que la rotaci\u00f3n de la m\u00e1quina de reciclaje de espuma tampoco es tan flexible como antes. La causa de este problema es relativamente simple. Falta de aceite de la m\u00e1quina o polvo del chasis causado por m\u00e1s. Podemos verificar el trabajo de los rodillos cada seis meses, engrasarlos y reemplazar oportunamente los rodamientos desgastados o da\u00f1ados.<\/p>    <p>Los operadores deben limpiar la copa de aceite, el tanque de aceite, la tuber\u00eda y el filtro despu\u00e9s de 500 horas de producci\u00f3n y luego agregar aceite de filtro nuevo. Limpie el polvo y la suciedad en la caja de control el\u00e9ctrico una vez cada trimestre o medio a\u00f1o, verifique la cantidad de lubricante del tanque de aceite y reponga la cantidad de lubricante a tiempo.<\/p>    <h2 class=\"wp-block-heading\">Servicios del granulador EPS de Shuliy Machinery<\/h2>    <ul class=\"wp-block-list\"> <li>Ofrecemos un servicio de consulta de productos gratuito pero profesional. Normalmente, nuestros asesores de ventas responder\u00e1n dentro de las 24 horas.<\/li>    <li>Le invitamos cordialmente a visitar nuestra f\u00e1brica para ver la m\u00e1quina de reciclaje de espuma pl\u00e1stica EPS. Si no puede visitar la f\u00e1brica, nuestro personal le enviar\u00e1 fotograf\u00edas y videos, no dude en contactarnos.<\/li>    <li>Los ingenieros de posventa est\u00e1n disponibles para ayudarle con la instalaci\u00f3n de su m\u00e1quina. Una vez que llegue la m\u00e1quina, nuestros ingenieros estar\u00e1n en l\u00ednea para ayudarlo a configurar y depurar la m\u00e1quina.<\/li>    <li>Todas las m\u00e1quinas de reciclaje de EPS de Shuliy Machinery est\u00e1n cubiertas por una garant\u00eda gratuita de un a\u00f1o. No dude en contactarnos.<\/li> <\/ul>","protected":false},"excerpt":{"rendered":"<p>EPS pelletizing machine is a professional equipment in the plastic foam recycling industry, which is specifically for waste styrofoam (polystyrene). The styrofoam granulator structure is compact and reasonable, and the investment cost is low, which is the ideal EPS recycling machine. Applications of EPS granulator The polystyrene recycling machine can be matched with a foam [&hellip;]<\/p>\n","protected":false},"author":1,"featured_media":442,"parent":0,"template":"","tags":[43],"product-type":[9],"class_list":["post-314","product","type-product","status-publish","has-post-thumbnail","hentry","tag-eps","product-type-plastic-pelletizer"],"taxonomy_info":{"post_tag":[{"value":43,"label":"EPS"}],"product-type":[{"value":9,"label":"Plastic Pelletizer"}]},"featured_image_src_large":["https:\/\/plastic-machines.org\/wp-content\/uploads\/2022\/06\/EPS-Pelletizing-Machine1.webp",720,540,false],"author_info":{"display_name":"Ella","author_link":"https:\/\/plastic-machines.org\/es\/author\/admin\/"},"comment_info":"","_links":{"self":[{"href":"https:\/\/plastic-machines.org\/es\/wp-json\/wp\/v2\/product\/314","targetHints":{"allow":["GET"]}}],"collection":[{"href":"https:\/\/plastic-machines.org\/es\/wp-json\/wp\/v2\/product"}],"about":[{"href":"https:\/\/plastic-machines.org\/es\/wp-json\/wp\/v2\/types\/product"}],"author":[{"embeddable":true,"href":"https:\/\/plastic-machines.org\/es\/wp-json\/wp\/v2\/users\/1"}],"wp:featuredmedia":[{"embeddable":true,"href":"https:\/\/plastic-machines.org\/es\/wp-json\/wp\/v2\/media\/442"}],"wp:attachment":[{"href":"https:\/\/plastic-machines.org\/es\/wp-json\/wp\/v2\/media?parent=314"}],"wp:term":[{"taxonomy":"post_tag","embeddable":true,"href":"https:\/\/plastic-machines.org\/es\/wp-json\/wp\/v2\/tags?post=314"},{"taxonomy":"product-type","embeddable":true,"href":"https:\/\/plastic-machines.org\/es\/wp-json\/wp\/v2\/product-type?post=314"}],"curies":[{"name":"wp","href":"https:\/\/api.w.org\/{rel}","templated":true}]}}