{"id":302,"date":"2022-07-12T10:45:36","date_gmt":"2022-07-12T10:45:36","guid":{"rendered":"https:\/\/plastic-machines.org\/?post_type=product&#038;p=302"},"modified":"2026-01-29T14:58:38","modified_gmt":"2026-01-29T06:58:38","slug":"plastic-float-sink-tank","status":"publish","type":"product","link":"https:\/\/plastic-machines.org\/es\/product\/plastic-float-sink-tank\/","title":{"rendered":"Tanque de flotador de pl\u00e1stico para lavado y separaci\u00f3n de escamas de alta pureza"},"content":{"rendered":"<div class=\"kk-star-ratings kksr-auto kksr-align-left kksr-valign-top\"     data-payload='{&quot;align&quot;:&quot;left&quot;,&quot;id&quot;:&quot;302&quot;,&quot;slug&quot;:&quot;default&quot;,&quot;valign&quot;:&quot;top&quot;,&quot;ignore&quot;:&quot;&quot;,&quot;reference&quot;:&quot;auto&quot;,&quot;class&quot;:&quot;&quot;,&quot;count&quot;:&quot;1&quot;,&quot;legendonly&quot;:&quot;&quot;,&quot;readonly&quot;:&quot;&quot;,&quot;score&quot;:&quot;5&quot;,&quot;starsonly&quot;:&quot;&quot;,&quot;best&quot;:&quot;5&quot;,&quot;gap&quot;:&quot;5&quot;,&quot;greet&quot;:&quot;Rate this product&quot;,&quot;legend&quot;:&quot;5\\\/5 - (1 voto)&quot;,&quot;size&quot;:&quot;24&quot;,&quot;title&quot;:&quot;Plastic Float Sink Tank for High-Purity Flake Washing Separating&quot;,&quot;width&quot;:&quot;142.5&quot;,&quot;_legend&quot;:&quot;{score}\\\/{best} - ({count} {votes})&quot;,&quot;font_factor&quot;:&quot;1.25&quot;}'>              <div class=\"kksr-stars\">      <div class=\"kksr-stars-inactive\">             <div class=\"kksr-star\" data-star=\"1\" style=\"padding-right: 5px\">               <div class=\"kksr-icon\" style=\"width: 24px; height: 24px;\"><\/div>         <\/div>             <div class=\"kksr-star\" data-star=\"2\" style=\"padding-right: 5px\">               <div class=\"kksr-icon\" style=\"width: 24px; height: 24px;\"><\/div>         <\/div>             <div class=\"kksr-star\" data-star=\"3\" style=\"padding-right: 5px\">               <div class=\"kksr-icon\" style=\"width: 24px; height: 24px;\"><\/div>         <\/div>             <div class=\"kksr-star\" data-star=\"4\" style=\"padding-right: 5px\">               <div class=\"kksr-icon\" style=\"width: 24px; height: 24px;\"><\/div>         <\/div>             <div class=\"kksr-star\" data-star=\"5\" style=\"padding-right: 5px\">               <div class=\"kksr-icon\" style=\"width: 24px; height: 24px;\"><\/div>         <\/div>     <\/div>      <div class=\"kksr-stars-active\" style=\"width: 142.5px;\">             <div class=\"kksr-star\" style=\"padding-right: 5px\">               <div class=\"kksr-icon\" style=\"width: 24px; height: 24px;\"><\/div>         <\/div>             <div class=\"kksr-star\" style=\"padding-right: 5px\">               <div class=\"kksr-icon\" style=\"width: 24px; height: 24px;\"><\/div>         <\/div>             <div class=\"kksr-star\" style=\"padding-right: 5px\">               <div class=\"kksr-icon\" style=\"width: 24px; height: 24px;\"><\/div>         <\/div>             <div class=\"kksr-star\" style=\"padding-right: 5px\">               <div class=\"kksr-icon\" style=\"width: 24px; height: 24px;\"><\/div>         <\/div>             <div class=\"kksr-star\" style=\"padding-right: 5px\">               <div class=\"kksr-icon\" style=\"width: 24px; height: 24px;\"><\/div>         <\/div>     <\/div> <\/div>                   <div class=\"kksr-legend\" style=\"font-size: 19.2px;\">             5\/5 - (1 voto)    <\/div>     <\/div>  <p>El tanque fregadero flotante de pl\u00e1stico es una de las m\u00e1quinas m\u00e1s populares en la l\u00ednea de reciclaje de botellas de pl\u00e1stico, tambi\u00e9n llamado tanque separador PP PE. El tanque separador utiliza diferentes densidades de pl\u00e1stico para rechazar las tapas de botellas de PP o PE, seleccionando as\u00ed piezas de PET limpias y asegurando la pureza del producto.<\/p>    <h2 class=\"wp-block-heading\" id=\"h-pet-bottle-washing-machine-application\">Aplicaci\u00f3n de lavadora de botellas de PET <\/h2>    <p class=\"translation-block\">En general, las botellas de PET recicladas se env\u00edan a un tanque de separaci\u00f3n de PP PE despu\u00e9s de ser <a href=\"https:\/\/plastic-machines.org\/es\/product\/plastic-bottle-crusher\/\">trituradas<\/a>. Debido a que las tapas de las botellas de pl\u00e1stico est\u00e1n hechas de PP o PE, es necesario separarlas de los trozos de PET. Solo despu\u00e9s de separar el material PET limpio, se puede iniciar el siguiente proceso de limpieza.<\/p>    <h2 class=\"wp-block-heading\">\u00bfPor qu\u00e9 un tanque de flotaci\u00f3n y hundimiento de PET es cr\u00edtico para la misi\u00f3n?<\/h2>    <p>\"En el mercado competitivo del PET reciclado, la pureza de las escamas no es una caracter\u00edstica, es su moneda. Una contaminaci\u00f3n del 1 % de PP\/PE en sus escamas de PET puede reducir dr\u00e1sticamente el valor de mercado del material y limitar su aplicaci\u00f3n, descalific\u00e1ndolo de sectores de alto beneficio como la producci\u00f3n de fibra o el reciclaje de botella a botella.\" <\/p>    <p>The sink-float separation tank acts as the primary guardian of your product&#8217;s purity and, ultimately, your profitability. It is the most cost-effective bulk separation method to remove polyolefin (PP\/PE) caps and labels, ensuring the final rPET flakes meet stringent quality standards (e.g., contamination levels below 100ppm).&#8221;<\/p>    <h2 class=\"wp-block-heading\">Exhibici\u00f3n de f\u00e1brica del tanque de fregadero flotante de pl\u00e1stico.<\/h2>    <figure class=\"wp-block-gallery has-nested-images columns-default is-cropped wp-block-gallery-2 is-layout-flex wp-block-gallery-is-layout-flex\"> <figure class=\"wp-block-image size-large\"><img loading=\"lazy\" decoding=\"async\" width=\"720\" height=\"540\" data-id=\"305\" src=\"https:\/\/plastic-machines.org\/wp-content\/uploads\/2022\/07\/plastic-washing-tank.webp\" alt=\"tanque de lavado de plastico\" class=\"wp-image-305\" srcset=\"https:\/\/plastic-machines.org\/wp-content\/uploads\/2022\/07\/plastic-washing-tank.webp 720w, https:\/\/plastic-machines.org\/wp-content\/uploads\/2022\/07\/plastic-washing-tank-300x225.webp 300w\" sizes=\"auto, (max-width: 720px) 100vw, 720px\" \/><figcaption class=\"wp-element-caption\">tanque de lavado de plastico<\/figcaption><\/figure>    <figure class=\"wp-block-image size-large\"><img loading=\"lazy\" decoding=\"async\" width=\"720\" height=\"540\" data-id=\"306\" src=\"https:\/\/plastic-machines.org\/wp-content\/uploads\/2022\/07\/PP-PE-separating-tank-in-plant.webp\" alt=\"Tanque separador PP PE en planta\" class=\"wp-image-306\" srcset=\"https:\/\/plastic-machines.org\/wp-content\/uploads\/2022\/07\/PP-PE-separating-tank-in-plant.webp 720w, https:\/\/plastic-machines.org\/wp-content\/uploads\/2022\/07\/PP-PE-separating-tank-in-plant-300x225.webp 300w\" sizes=\"auto, (max-width: 720px) 100vw, 720px\" \/><figcaption class=\"wp-element-caption\">Tanque separador PP PE en planta<\/figcaption><\/figure> <\/figure>    <figure class=\"wp-block-gallery has-nested-images columns-default is-cropped wp-block-gallery-3 is-layout-flex wp-block-gallery-is-layout-flex\"> <figure class=\"wp-block-image size-large\"><img loading=\"lazy\" decoding=\"async\" width=\"720\" height=\"540\" data-id=\"307\" src=\"https:\/\/plastic-machines.org\/wp-content\/uploads\/2022\/07\/plastic-float-sink-tank-in-plant-.webp\" alt=\"tanque fregadero de flotador de pl\u00e1stico en planta\" class=\"wp-image-307\" srcset=\"https:\/\/plastic-machines.org\/wp-content\/uploads\/2022\/07\/plastic-float-sink-tank-in-plant-.webp 720w, https:\/\/plastic-machines.org\/wp-content\/uploads\/2022\/07\/plastic-float-sink-tank-in-plant--300x225.webp 300w\" sizes=\"auto, (max-width: 720px) 100vw, 720px\" \/><figcaption class=\"wp-element-caption\">tanque fregadero de flotador de pl\u00e1stico en planta<\/figcaption><\/figure>    <figure class=\"wp-block-image size-large\"><img loading=\"lazy\" decoding=\"async\" width=\"720\" height=\"540\" data-id=\"308\" src=\"https:\/\/plastic-machines.org\/wp-content\/uploads\/2022\/07\/plastic-float-sink-tank.webp\" alt=\"tanque de fregadero de flotador de pl\u00e1stico\" class=\"wp-image-308\" srcset=\"https:\/\/plastic-machines.org\/wp-content\/uploads\/2022\/07\/plastic-float-sink-tank.webp 720w, https:\/\/plastic-machines.org\/wp-content\/uploads\/2022\/07\/plastic-float-sink-tank-300x225.webp 300w\" sizes=\"auto, (max-width: 720px) 100vw, 720px\" \/><figcaption class=\"wp-element-caption\">tanque de fregadero de flotador de pl\u00e1stico<\/figcaption><\/figure> <\/figure>    <figure class=\"wp-block-gallery has-nested-images columns-default is-cropped wp-block-gallery-4 is-layout-flex wp-block-gallery-is-layout-flex\"> <figure class=\"wp-block-image size-large\"><img loading=\"lazy\" decoding=\"async\" width=\"720\" height=\"540\" data-id=\"310\" src=\"https:\/\/plastic-machines.org\/wp-content\/uploads\/2022\/07\/PET-Bottle-Washing-Separating-Machine.webp\" alt=\"Tanque de fregadero flotante de pl\u00e1stico para reciclaje de botellas de PET\" class=\"wp-image-310\" srcset=\"https:\/\/plastic-machines.org\/wp-content\/uploads\/2022\/07\/PET-Bottle-Washing-Separating-Machine.webp 720w, https:\/\/plastic-machines.org\/wp-content\/uploads\/2022\/07\/PET-Bottle-Washing-Separating-Machine-300x225.webp 300w\" sizes=\"auto, (max-width: 720px) 100vw, 720px\" \/><figcaption class=\"wp-element-caption\">tanque de fregadero de flotador de pl\u00e1stico<\/figcaption><\/figure>    <figure class=\"wp-block-image size-large\"><img loading=\"lazy\" decoding=\"async\" width=\"720\" height=\"540\" data-id=\"311\" src=\"https:\/\/plastic-machines.org\/wp-content\/uploads\/2022\/07\/PP-PE-separating-tank.webp\" alt=\"Tanque separador PP PE\" class=\"wp-image-311\" srcset=\"https:\/\/plastic-machines.org\/wp-content\/uploads\/2022\/07\/PP-PE-separating-tank.webp 720w, https:\/\/plastic-machines.org\/wp-content\/uploads\/2022\/07\/PP-PE-separating-tank-300x225.webp 300w\" sizes=\"auto, (max-width: 720px) 100vw, 720px\" \/><figcaption class=\"wp-element-caption\">Tanque separador PP PE<\/figcaption><\/figure> <\/figure>    <h2 class=\"wp-block-heading\">\u00bfPor qu\u00e9 necesita un tanque de fregadero flotante de pl\u00e1stico?<\/h2>    <p>La mayor\u00eda de las botellas de bebidas y de agua mineral est\u00e1n hechas de pl\u00e1stico PET, y el pl\u00e1stico PET es un material reciclable 100%. Por lo tanto, tanto el pl\u00e1stico PET como el rPET (pl\u00e1stico PET reciclado) se pueden reciclar para volver a fabricar nuevos productos, como ropa, alfombras, productos industriales y nuevas botellas de pl\u00e1stico.<\/p>    <p class=\"translation-block\">Despu\u00e9s de pulverizar las botellas de pl\u00e1stico, es necesario des-pulverizarlas y limpiarlas a fondo mediante un tanque separador de PP PE, lo cual se realiza para obtener una sola variedad de escamas de pl\u00e1stico PET. En lugar de una mezcla de pl\u00e1stico intercalada con escamas de PP o PE. El pl\u00e1stico PET puro se vuelve a transformar en part\u00edculas de pl\u00e1stico crudo en un molde y finalmente se utiliza para la producci\u00f3n de nuevos productos. Por lo tanto, es necesario en una <a href=\"https:\/\/plastic-machines.org\/es\/product\/pet-bottle-recycling-line\/\">planta de reciclaje de botellas PET<\/a>.<\/p>    <h2 class=\"wp-block-heading\">C\u00f3mo funciona: Una mirada al proceso de separaci\u00f3n<\/h2>    <p>Nuestro tanque de flotaci\u00f3n aprovecha el principio fundamental de la densidad del material en un proceso meticulosamente dise\u00f1ado:<\/p>    <ul class=\"wp-block-list\"> <li>Alimentaci\u00f3n: Las escamas de pl\u00e1stico trituradas y prelavadas (una mezcla de PET, PP, PE) se alimentan en el tanque lleno de agua.<\/li>    <li>Separaci\u00f3n: Debido a su mayor densidad (&gt;1.3 g\/cm\u00b3), las escamas de PET comienzan a hundirse inmediatamente. Por el contrario, PP y PE de tapas de botellas y restos de etiquetas, con densidades &lt;1.0 g\/cm\u00b3, flotan en la superficie.<\/li>    <li>Descarga de PET: Un transportador de tornillo inferior de rotaci\u00f3n lenta (o rastrillo de cadena), dise\u00f1ado para minimizar la perturbaci\u00f3n del agua, transporta las escamas de PET hundidas a lo largo del tanque. Luego se descargan mediante un elevador de tornillo inclinado, que tambi\u00e9n ayuda a deshidratar el material.<\/li>    <li>Eliminaci\u00f3n de contaminantes: Al mismo tiempo, las palas rotativas superiores empujan suavemente los contaminantes flotantes de PP\/PE hacia un puerto de descarga lateral o un tambor giratorio para su eliminaci\u00f3n autom\u00e1tica. Una deflectora estrat\u00e9gicamente colocada evita que estos contaminantes entren en la corriente de descarga de PET.<\/li> <\/ul>    <p>Nota cr\u00edtica: Aunque es muy efectivo para PP\/PE, este m\u00e9todo no puede separar contaminantes con densidad similar a la del PET, como el PVC. Por eso, una etapa de preclasificaci\u00f3n robusta es esencial.<\/p>    <p>La lavadora de botellas de PET utiliza agua como medio para separar las tapas de PP y PE de las escamas de PET, mientras tanto, tambi\u00e9n puede limpiar las escamas de PET. Cuando las botellas de pl\u00e1stico trituradas ingresan a la m\u00e1quina, las tapas de las botellas de pl\u00e1stico cuya densidad es menor que la del agua flotar\u00e1n en la superficie del agua.<\/p>    <p>Debido a que las tapas de botellas de pl\u00e1stico est\u00e1n hechas de material PP y PE, ambas tienen menos densidad que el agua, por lo que flotar\u00e1n en la superficie del agua, mientras que las piezas de botellas de PET m\u00e1s densas se hundir\u00e1n hasta el fondo, lo cual es uno de los m\u00e9todos m\u00e1s f\u00e1ciles y efectivos. Formas de separar material PET limpio.<\/p>    <h2 class=\"wp-block-heading\">Caracter\u00edsticas clave de dise\u00f1o del tanque de flotaci\u00f3n y hundimiento de PET<\/h2>    <ul class=\"wp-block-list\"> <li>Construcci\u00f3n robusta de materiales: Todas las partes en contacto con agua y pl\u00e1stico est\u00e1n hechas de acero inoxidable tipo 304 para prevenir la oxidaci\u00f3n y la contaminaci\u00f3n del producto, asegurando una larga vida \u00fatil. El marco est\u00e1 construido con acero al carbono de alta resistencia para la integridad estructural.<\/li>    <li>Dimensiones optimizadas del tanque: Nuestros modelos est\u00e1ndar ofrecen una relaci\u00f3n longitud-ancho probada para un tiempo de residencia \u00f3ptimo del material, maximizando la eficiencia de separaci\u00f3n. Se pueden ofrecer dimensiones personalizadas para adaptarse a la disposici\u00f3n y capacidad espec\u00edficas de su planta.<\/li>    <li>Sistema de transporte eficiente: Ofrecemos tanto transportadores de tornillo para aplicaciones est\u00e1ndar como rastrillos de cadena de alta resistencia para capacidades mayores o materiales m\u00e1s abrasivos, asegurando un funcionamiento confiable y sin atascos.<\/li>    <li>Circulaci\u00f3n de agua integrada (opcional): Para reducir el consumo de agua, nuestro sistema puede equiparse con una bomba de filtraci\u00f3n y circulaci\u00f3n de agua, reduciendo significativamente sus costos operativos.<\/li>    <li>Acceso f\u00e1cil para mantenimiento: Dise\u00f1ados pensando en los operadores, nuestros tanques cuentan con grandes puertas de limpieza y componentes de f\u00e1cil acceso para un mantenimiento simplificado y menor tiempo de inactividad.<\/li> <\/ul>    <h2 class=\"wp-block-heading\">Especificaciones t\u00e9cnicas: Tanque de flotaci\u00f3n y hundimiento SL-Series PET<\/h2>    <figure class=\"wp-block-table\"><table><thead><tr><th>Par\u00e1metro<\/th><th>Especificaci\u00f3n<\/th><th>Notas<\/th><\/tr><\/thead><tbody><tr><td><strong>Modelo<\/strong><\/td><td>SL-500 \/ SL-1000 \/ SL-2000<\/td><td>O listarlo como \"Personalizable\"<\/td><\/tr><tr><td><strong>Capacidad de procesamiento<\/strong><\/td><td>500 \u2013 3.000 kg\/h<\/td><td>Var\u00eda seg\u00fan el modelo y el estado del material<\/td><\/tr><tr><td><strong>Dimensiones del tanque (L\u00d7W\u00d7H)<\/strong><\/td><td>Personalizable<\/td><td>Dimensiones est\u00e1ndar disponibles bajo solicitud<\/td><\/tr><tr><td><strong>Material interior<\/strong><\/td><td><strong>Acero inoxidable SUS304<\/strong><\/td><td>Garantiza que no haya contaminaci\u00f3n por \u00f3xido, larga vida \u00fatil<\/td><\/tr><tr><td><strong>Marco exterior<\/strong><\/td><td>Acero al carbono de alta resistencia<\/td><td>Recubierto con pintura marina anticorrosiva<\/td><\/tr><tr><td><strong>Sistema de transporte de PET<\/strong><\/td><td>Transportador de tornillo inferior (est\u00e1ndar)<\/td><td>Rastrillo de cadena disponible para capacidades mayores<\/td><\/tr><tr><td><strong>Eliminaci\u00f3n de impurezas flotantes<\/strong><\/td><td>Palas rotativas superiores<\/td><td>Descarga autom\u00e1tica a un puerto dedicado<\/td><\/tr><tr><td><strong>Potencia total del motor<\/strong><\/td><td>3 kW \u2013 11 kW<\/td><td>Dependiente de la capacidad y configuraci\u00f3n<\/td><\/tr><tr><td><strong>Voltaje<\/strong><\/td><td>380V\/50Hz\/3P (Personalizable)<\/td><td>Puede adaptarse a la norma de cualquier pa\u00eds<\/td><\/tr><tr><td><strong>Sistema de control<\/strong><\/td><td>Armario de control independiente<\/td><td>Con control de frecuencia (VFD) para los motores<\/td><\/tr><\/tbody><\/table><\/figure>","protected":false},"excerpt":{"rendered":"<p>The plastic float sink tank is one of the most popular machines in the plastic bottle recycling line, which is also called the PP PE separating tank. The separating tank uses different plastic densities to reject PP or PE bottle caps, thus selecting clean PET pieces and ensuring the purity of the product. PET bottle [&hellip;]<\/p>\n","protected":false},"author":1,"featured_media":457,"parent":0,"template":"","tags":[54,35],"product-type":[14,27],"class_list":["post-302","product","type-product","status-publish","has-post-thumbnail","hentry","tag-float","tag-pet","product-type-plastic-cleaning-drying-equipment","product-type-separation-technology"],"taxonomy_info":{"post_tag":[{"value":54,"label":"float"},{"value":35,"label":"PET"}],"product-type":[{"value":14,"label":"Plastic Cleaning&amp;Drying equipment"},{"value":27,"label":"Separation Technology"}]},"featured_image_src_large":["https:\/\/plastic-machines.org\/wp-content\/uploads\/2022\/06\/washing-and-sorting-tank1.webp",720,540,false],"author_info":{"display_name":"Ella","author_link":"https:\/\/plastic-machines.org\/es\/author\/admin\/"},"comment_info":"","_links":{"self":[{"href":"https:\/\/plastic-machines.org\/es\/wp-json\/wp\/v2\/product\/302","targetHints":{"allow":["GET"]}}],"collection":[{"href":"https:\/\/plastic-machines.org\/es\/wp-json\/wp\/v2\/product"}],"about":[{"href":"https:\/\/plastic-machines.org\/es\/wp-json\/wp\/v2\/types\/product"}],"author":[{"embeddable":true,"href":"https:\/\/plastic-machines.org\/es\/wp-json\/wp\/v2\/users\/1"}],"wp:featuredmedia":[{"embeddable":true,"href":"https:\/\/plastic-machines.org\/es\/wp-json\/wp\/v2\/media\/457"}],"wp:attachment":[{"href":"https:\/\/plastic-machines.org\/es\/wp-json\/wp\/v2\/media?parent=302"}],"wp:term":[{"taxonomy":"post_tag","embeddable":true,"href":"https:\/\/plastic-machines.org\/es\/wp-json\/wp\/v2\/tags?post=302"},{"taxonomy":"product-type","embeddable":true,"href":"https:\/\/plastic-machines.org\/es\/wp-json\/wp\/v2\/product-type?post=302"}],"curies":[{"name":"wp","href":"https:\/\/api.w.org\/{rel}","templated":true}]}}