{"id":293,"date":"2022-07-12T03:44:55","date_gmt":"2022-07-12T03:44:55","guid":{"rendered":"https:\/\/plastic-machines.org\/?post_type=product&#038;p=293"},"modified":"2025-11-14T16:03:42","modified_gmt":"2025-11-14T08:03:42","slug":"pet-flakes-friction-washer","status":"publish","type":"product","link":"https:\/\/plastic-machines.org\/es\/product\/pet-flakes-friction-washer\/","title":{"rendered":"Lavadora por fricci\u00f3n de escamas de PET para lavado de botellas"},"content":{"rendered":"<div class=\"kk-star-ratings kksr-auto kksr-align-left kksr-valign-top\"     data-payload='{&quot;align&quot;:&quot;left&quot;,&quot;id&quot;:&quot;293&quot;,&quot;slug&quot;:&quot;default&quot;,&quot;valign&quot;:&quot;top&quot;,&quot;ignore&quot;:&quot;&quot;,&quot;reference&quot;:&quot;auto&quot;,&quot;class&quot;:&quot;&quot;,&quot;count&quot;:&quot;2&quot;,&quot;legendonly&quot;:&quot;&quot;,&quot;readonly&quot;:&quot;&quot;,&quot;score&quot;:&quot;5&quot;,&quot;starsonly&quot;:&quot;&quot;,&quot;best&quot;:&quot;5&quot;,&quot;gap&quot;:&quot;5&quot;,&quot;greet&quot;:&quot;Rate this product&quot;,&quot;legend&quot;:&quot;5\\\/5 - (2 votos)&quot;,&quot;size&quot;:&quot;24&quot;,&quot;title&quot;:&quot;PET Flakes Friction Washer Machine for Bottle Washing&quot;,&quot;width&quot;:&quot;142.5&quot;,&quot;_legend&quot;:&quot;{score}\\\/{best} - ({count} {votes})&quot;,&quot;font_factor&quot;:&quot;1.25&quot;}'>              <div class=\"kksr-stars\">      <div class=\"kksr-stars-inactive\">             <div class=\"kksr-star\" data-star=\"1\" style=\"padding-right: 5px\">               <div class=\"kksr-icon\" style=\"width: 24px; height: 24px;\"><\/div>         <\/div>             <div class=\"kksr-star\" data-star=\"2\" style=\"padding-right: 5px\">               <div class=\"kksr-icon\" style=\"width: 24px; height: 24px;\"><\/div>         <\/div>             <div class=\"kksr-star\" data-star=\"3\" style=\"padding-right: 5px\">               <div class=\"kksr-icon\" style=\"width: 24px; height: 24px;\"><\/div>         <\/div>             <div class=\"kksr-star\" data-star=\"4\" style=\"padding-right: 5px\">               <div class=\"kksr-icon\" style=\"width: 24px; height: 24px;\"><\/div>         <\/div>             <div class=\"kksr-star\" data-star=\"5\" style=\"padding-right: 5px\">               <div class=\"kksr-icon\" style=\"width: 24px; height: 24px;\"><\/div>         <\/div>     <\/div>      <div class=\"kksr-stars-active\" style=\"width: 142.5px;\">             <div class=\"kksr-star\" style=\"padding-right: 5px\">               <div class=\"kksr-icon\" style=\"width: 24px; height: 24px;\"><\/div>         <\/div>             <div class=\"kksr-star\" style=\"padding-right: 5px\">               <div class=\"kksr-icon\" style=\"width: 24px; height: 24px;\"><\/div>         <\/div>             <div class=\"kksr-star\" style=\"padding-right: 5px\">               <div class=\"kksr-icon\" style=\"width: 24px; height: 24px;\"><\/div>         <\/div>             <div class=\"kksr-star\" style=\"padding-right: 5px\">               <div class=\"kksr-icon\" style=\"width: 24px; height: 24px;\"><\/div>         <\/div>             <div class=\"kksr-star\" style=\"padding-right: 5px\">               <div class=\"kksr-icon\" style=\"width: 24px; height: 24px;\"><\/div>         <\/div>     <\/div> <\/div>                   <div class=\"kksr-legend\" style=\"font-size: 19.2px;\">             5\/5 - (2 votos)    <\/div>     <\/div>  <p>La lavadora de fricci\u00f3n de escamas de PET se utiliza para limpiar escamas de pl\u00e1stico sucias, es uno de los equipos necesarios para los procesos de reciclaje de pl\u00e1stico y principalmente para las l\u00edneas de limpieza de botellas de pl\u00e1stico PET. La arandela de fricci\u00f3n de pl\u00e1stico puede equiparse con una cinta transportadora de material seg\u00fan las necesidades del cliente y el tama\u00f1o se puede personalizar.<\/p>    <h2 class=\"wp-block-heading\" id=\"h-introduction-of-pet-flakes-friction-washer\">Introducci\u00f3n de arandela de fricci\u00f3n de escamas de PET<\/h2>    <p class=\"translation-block\">La m\u00e1quina lavadora de botellas de pl\u00e1stico es un equipo eficiente para la limpieza de escamas de PET. En nuestra <a href=\"https:\/\/plastic-machines.org\/es\/product\/pet-bottle-recycling-line\/\">l\u00ednea de limpieza de PET<\/a> est\u00e1ndar, esta m\u00e1quina lavadora de alta velocidad frota a\u00fan m\u00e1s las escamas de pl\u00e1stico con agua fr\u00eda despu\u00e9s de que el material ha sido lavado en caliente.<\/p>    <p>Cuando la lavadora de pl\u00e1stico est\u00e1 funcionando, el tornillo interno gira a alta velocidad y la rotaci\u00f3n r\u00e1pida hace que los contaminantes adheridos a la l\u00e1mina de pl\u00e1stico se caigan y se descompongan en peque\u00f1as part\u00edculas. El tubo de malla interno de la lavadora de botellas de pl\u00e1stico se utiliza como dispositivo deshidratador para filtrar contaminantes. El tiempo de limpieza del pl\u00e1stico se puede ajustar seg\u00fan el grado de contaminaci\u00f3n.<\/p>    <figure class=\"wp-block-gallery has-nested-images columns-default is-cropped wp-block-gallery-2 is-layout-flex wp-block-gallery-is-layout-flex\"> <figure class=\"wp-block-image size-large\"><img loading=\"lazy\" decoding=\"async\" width=\"720\" height=\"540\" data-id=\"296\" src=\"https:\/\/plastic-machines.org\/wp-content\/uploads\/2022\/07\/plastic-friction-washer.webp\" alt=\"arandela de fricci\u00f3n de pl\u00e1stico\" class=\"wp-image-296\" srcset=\"https:\/\/plastic-machines.org\/wp-content\/uploads\/2022\/07\/plastic-friction-washer.webp 720w, https:\/\/plastic-machines.org\/wp-content\/uploads\/2022\/07\/plastic-friction-washer-300x225.webp 300w\" sizes=\"auto, (max-width: 720px) 100vw, 720px\" \/><figcaption class=\"wp-element-caption\">arandela de fricci\u00f3n de pl\u00e1stico<\/figcaption><\/figure>    <figure class=\"wp-block-image size-large\"><img loading=\"lazy\" decoding=\"async\" width=\"720\" height=\"540\" data-id=\"297\" src=\"https:\/\/plastic-machines.org\/wp-content\/uploads\/2022\/07\/plastic-washing-machine-in-plant.webp\" alt=\"lavadora de pl\u00e1stico en planta\" class=\"wp-image-297\" srcset=\"https:\/\/plastic-machines.org\/wp-content\/uploads\/2022\/07\/plastic-washing-machine-in-plant.webp 720w, https:\/\/plastic-machines.org\/wp-content\/uploads\/2022\/07\/plastic-washing-machine-in-plant-300x225.webp 300w\" sizes=\"auto, (max-width: 720px) 100vw, 720px\" \/><figcaption class=\"wp-element-caption\">Lavadora de fricci\u00f3n de escamas de PET en planta<\/figcaption><\/figure> <\/figure>    <figure class=\"wp-block-gallery has-nested-images columns-default is-cropped wp-block-gallery-3 is-layout-flex wp-block-gallery-is-layout-flex\"> <figure class=\"wp-block-image size-large\"><img loading=\"lazy\" decoding=\"async\" width=\"720\" height=\"540\" data-id=\"298\" src=\"https:\/\/plastic-machines.org\/wp-content\/uploads\/2022\/07\/plastic-friction-washer-in-plant.webp\" alt=\"arandela de fricci\u00f3n de pl\u00e1stico en planta\" class=\"wp-image-298\" srcset=\"https:\/\/plastic-machines.org\/wp-content\/uploads\/2022\/07\/plastic-friction-washer-in-plant.webp 720w, https:\/\/plastic-machines.org\/wp-content\/uploads\/2022\/07\/plastic-friction-washer-in-plant-300x225.webp 300w\" sizes=\"auto, (max-width: 720px) 100vw, 720px\" \/><figcaption class=\"wp-element-caption\">arandela de fricci\u00f3n de pl\u00e1stico en planta<\/figcaption><\/figure>    <figure class=\"wp-block-image size-large\"><img loading=\"lazy\" decoding=\"async\" width=\"720\" height=\"540\" data-id=\"299\" src=\"https:\/\/plastic-machines.org\/wp-content\/uploads\/2022\/07\/screw-conveyors-.webp\" alt=\"Transportadores de tornillo de lavadora de botellas de pl\u00e1stico.\" class=\"wp-image-299\" srcset=\"https:\/\/plastic-machines.org\/wp-content\/uploads\/2022\/07\/screw-conveyors-.webp 720w, https:\/\/plastic-machines.org\/wp-content\/uploads\/2022\/07\/screw-conveyors--300x225.webp 300w\" sizes=\"auto, (max-width: 720px) 100vw, 720px\" \/><figcaption class=\"wp-element-caption\">transportadores de tornillo<\/figcaption><\/figure> <\/figure>    <h2 class=\"wp-block-heading\">Principio de funcionamiento de la arandela de fricci\u00f3n de escamas de PET<\/h2>    <p>El centro de la m\u00e1quina tiene un eje giratorio de alta velocidad con muchas cuchillas. Alrededor del eje hay una pantalla para filtrar contaminantes. El eje gira a aproximadamente 1.000 revoluciones por minuto. El material se limpia mediante fricci\u00f3n a alta velocidad y se roc\u00eda agua continuamente sobre la pantalla para evitar obstrucciones.<\/p>    <p>Una gran carcasa rectangular se envuelve alrededor del exterior de la arandela de fricci\u00f3n de escamas de PET. Toda la m\u00e1quina est\u00e1 inclinada unos 15 grados, el material sucio entra por la parte inferior y los trozos de botella limpios salen por la parte superior para luego pasar a la etapa de secado.<\/p>    <figure class=\"wp-block-gallery has-nested-images columns-default is-cropped wp-block-gallery-4 is-layout-flex wp-block-gallery-is-layout-flex\"> <figure class=\"wp-block-image size-large\"><img loading=\"lazy\" decoding=\"async\" width=\"720\" height=\"540\" data-id=\"450\" src=\"https:\/\/plastic-machines.org\/wp-content\/uploads\/2022\/06\/PET-friction-washing-machine1.webp\" alt=\"La lavadora de botellas de pl\u00e1stico est\u00e1 inclinada unos 15 grados.\" class=\"wp-image-450\" srcset=\"https:\/\/plastic-machines.org\/wp-content\/uploads\/2022\/06\/PET-friction-washing-machine1.webp 720w, https:\/\/plastic-machines.org\/wp-content\/uploads\/2022\/06\/PET-friction-washing-machine1-300x225.webp 300w\" sizes=\"auto, (max-width: 720px) 100vw, 720px\" \/><figcaption class=\"wp-element-caption\">la m\u00e1quina est\u00e1 inclinada unos 15 grados<\/figcaption><\/figure>    <figure class=\"wp-block-image size-large\"><img loading=\"lazy\" decoding=\"async\" width=\"720\" height=\"540\" data-id=\"448\" src=\"https:\/\/plastic-machines.org\/wp-content\/uploads\/2022\/06\/PET-Flakes-Friction-Washer1.webp\" alt=\"Arandela de fricci\u00f3n de escamas de PET\" class=\"wp-image-448\" srcset=\"https:\/\/plastic-machines.org\/wp-content\/uploads\/2022\/06\/PET-Flakes-Friction-Washer1.webp 720w, https:\/\/plastic-machines.org\/wp-content\/uploads\/2022\/06\/PET-Flakes-Friction-Washer1-300x225.webp 300w\" sizes=\"auto, (max-width: 720px) 100vw, 720px\" \/><figcaption class=\"wp-element-caption\">Arandela de fricci\u00f3n de escamas de PET con carcasa<\/figcaption><\/figure> <\/figure>    <h2 class=\"wp-block-heading\">Estructuras de lavadora de pl\u00e1stico.<\/h2>    <p>El cuerpo de la arandela de fricci\u00f3n de pl\u00e1stico consta de una estructura principal, un motor, un soporte, una entrada de agua, una entrada de alimentaci\u00f3n y una salida de descarga. Al instalar la arandela de fricci\u00f3n de pl\u00e1stico, puede inclinar la m\u00e1quina a 45 grados para maximizar la fricci\u00f3n y eliminar impurezas y contaminantes.<\/p>    <p>La lavadora de botellas de pl\u00e1stico tiene un filtro de malla fina en la parte inferior, un rotor de alta velocidad en el interior, una rejilla extra\u00edble y m\u00faltiples boquillas que rociar\u00e1n agua sobre la rejilla para eliminar continuamente los contaminantes y la suciedad. Luego, los contaminantes y el agua sucia se descargan a trav\u00e9s de la rejilla perforada y se recogen en el fondo.<\/p>   <div class=\"wp-block-image\"> <figure class=\"aligncenter size-full\"><img loading=\"lazy\" decoding=\"async\" width=\"720\" height=\"540\" src=\"https:\/\/plastic-machines.org\/wp-content\/uploads\/2022\/07\/inside-structures-.webp\" alt=\"Estructuras interiores de lavadora de botellas de pl\u00e1stico.\" class=\"wp-image-300\" srcset=\"https:\/\/plastic-machines.org\/wp-content\/uploads\/2022\/07\/inside-structures-.webp 720w, https:\/\/plastic-machines.org\/wp-content\/uploads\/2022\/07\/inside-structures--300x225.webp 300w\" sizes=\"auto, (max-width: 720px) 100vw, 720px\" \/><figcaption class=\"wp-element-caption\">estructuras interiores<\/figcaption><\/figure> <\/div>   <h2 class=\"wp-block-heading\">Los productos finales de la arandela de fricci\u00f3n de pl\u00e1stico.<\/h2>    <p>La lavadora de botellas de pl\u00e1stico se utiliza para limpiar residuos de pl\u00e1stico triturados, como botellas de pl\u00e1stico, pel\u00edculas de tierras agr\u00edcolas, bolsas de cemento, nailon, residuos de f\u00e1bricas de papel y plantas de embalaje. Despu\u00e9s de que la lavadora limpie las escamas de pl\u00e1stico, quedar\u00e1n limpias y transparentes.<\/p>    <figure class=\"wp-block-gallery has-nested-images columns-default is-cropped wp-block-gallery-5 is-layout-flex wp-block-gallery-is-layout-flex\"> <figure class=\"wp-block-image size-large\"><img loading=\"lazy\" decoding=\"async\" width=\"720\" height=\"540\" data-id=\"566\" src=\"https:\/\/plastic-machines.org\/wp-content\/uploads\/2022\/07\/PET-flakes.webp\" alt=\"Productos finales de arandela de fricci\u00f3n de pl\u00e1stico.\" class=\"wp-image-566\" srcset=\"https:\/\/plastic-machines.org\/wp-content\/uploads\/2022\/07\/PET-flakes.webp 720w, https:\/\/plastic-machines.org\/wp-content\/uploads\/2022\/07\/PET-flakes-300x225.webp 300w\" sizes=\"auto, (max-width: 720px) 100vw, 720px\" \/><\/figure>    <figure class=\"wp-block-image size-large\"><img loading=\"lazy\" decoding=\"async\" width=\"720\" height=\"540\" data-id=\"568\" src=\"https:\/\/plastic-machines.org\/wp-content\/uploads\/2022\/07\/plastic.webp\" alt=\"Productos finales de arandela de fricci\u00f3n de pl\u00e1stico.\" class=\"wp-image-568\" srcset=\"https:\/\/plastic-machines.org\/wp-content\/uploads\/2022\/07\/plastic.webp 720w, https:\/\/plastic-machines.org\/wp-content\/uploads\/2022\/07\/plastic-300x225.webp 300w\" sizes=\"auto, (max-width: 720px) 100vw, 720px\" \/><\/figure>    <figure class=\"wp-block-image size-large\"><img loading=\"lazy\" decoding=\"async\" width=\"720\" height=\"540\" data-id=\"567\" src=\"https:\/\/plastic-machines.org\/wp-content\/uploads\/2022\/07\/PET-sheets.webp\" alt=\"Productos finales de la m\u00e1quina lavadora de botellas de pl\u00e1stico.\" class=\"wp-image-567\" srcset=\"https:\/\/plastic-machines.org\/wp-content\/uploads\/2022\/07\/PET-sheets.webp 720w, https:\/\/plastic-machines.org\/wp-content\/uploads\/2022\/07\/PET-sheets-300x225.webp 300w\" sizes=\"auto, (max-width: 720px) 100vw, 720px\" \/><\/figure> <figcaption class=\"blocks-gallery-caption wp-element-caption\">las escamas limpias de la botella de PET<\/figcaption><\/figure>    <h2 class=\"wp-block-heading\">Ventajas de la lavadora de botellas de pl\u00e1stico <\/h2>    <ol class=\"wp-block-list\"> <li>La arandela de fricci\u00f3n de escamas de PET separa eficazmente las impurezas y disuelve completamente las manchas adheridas. La arandela de fricci\u00f3n de pl\u00e1stico puede eliminar manchas hasta 90%, mejorando la eficiencia y calidad de todo el <strong><a href=\"https:\/\/plastic-machines.org\/es\/product\/pet-bottle-recycling-line\/\">l\u00ednea de reciclaje de botellas de pl\u00e1stico<\/a><\/strong>.<\/li>    <li>Se puede agregar detergente de lavado adicional durante el proceso de limpieza, lo que puede proporcionar un enjuague potente para mejorar el brillo de los productos terminados.<\/li>    <li>La lavadora de fricci\u00f3n de escamas de PET limpia autom\u00e1ticamente la pantalla llen\u00e1ndola con agua para un funcionamiento continuo de alta calidad.<\/li>    <li>La lavadora de pl\u00e1stico es f\u00e1cil de mantener y el mantenimiento posterior es casi gratuito, lo que ahorra dinero a los clientes.<\/li> <\/ol>    <h2 class=\"wp-block-heading\">Par\u00e1metros de la arandela de fricci\u00f3n de pl\u00e1stico.<\/h2>    <figure class=\"wp-block-table\"><table><tbody><tr><td>Modelo<\/td><td>SL-1000<\/td><td>SL-2000<\/td><\/tr><tr><td>Capacidad<\/td><td>500-1000kg\/hora<\/td><td>2000kg\/h<\/td><\/tr><tr><td>Longitud<\/td><td>3000 mm<\/td><td>3500 mm<\/td><\/tr><tr><td>Fuerza<\/td><td>7,5 kw<\/td><td>15kW<\/td><\/tr><tr><td>Capa exterior<\/td><td>4mm<\/td><td>4mm<\/td><\/tr><tr><td>Grosor de la hoja<\/td><td>6mm<\/td><td>6mm<\/td><\/tr><\/tbody><\/table><\/figure>    <h2 class=\"wp-block-heading\" id=\"h-recommended-matching-lines\">L\u00edneas coincidentes recomendadas<\/h2>    <p class=\"translation-block\">Las lavadoras de fricci\u00f3n para pl\u00e1stico son comunes en<strong> <a href=\"https:\/\/plastic-machines.org\/es\/product\/pet-bottle-recycling-line\/\">sistemas de limpieza de pl\u00e1stico<\/a><\/strong>. Son adecuadas para funcionar despu\u00e9s de que el pl\u00e1stico ya haya pasado por la<strong> <a href=\"https:\/\/plastic-machines.org\/es\/product\/pet-flakes-hot-washing-machine\/\">lavadora de lavado en caliente<\/a><\/strong> y el <strong><a href=\"https:\/\/plastic-machines.org\/es\/product\/plastic-film-washing-machine\/\">tanque de enjuague<\/a><\/strong>. Adem\u00e1s, existen muchos otros m\u00e9todos diferentes para combinar equipos de lavado. Shuliy Machinery puede dise\u00f1ar soluciones para adaptar el equipo de limpieza de pl\u00e1stico apropiado a la materia prima del cliente.<\/p>   <div class=\"wp-block-image\"> <figure class=\"aligncenter size-full\"><img loading=\"lazy\" decoding=\"async\" width=\"720\" height=\"540\" src=\"https:\/\/plastic-machines.org\/wp-content\/uploads\/2022\/07\/PET-washing-line-.webp\" alt=\"L\u00ednea de lavado de botellas de PET\" class=\"wp-image-284\" srcset=\"https:\/\/plastic-machines.org\/wp-content\/uploads\/2022\/07\/PET-washing-line-.webp 720w, https:\/\/plastic-machines.org\/wp-content\/uploads\/2022\/07\/PET-washing-line--300x225.webp 300w\" sizes=\"auto, (max-width: 720px) 100vw, 720px\" \/><figcaption class=\"wp-element-caption\">L\u00ednea de lavado de mascotas<\/figcaption><\/figure> <\/div>  <div class=\"wp-block-image\"> <figure class=\"aligncenter size-full\"><img loading=\"lazy\" decoding=\"async\" width=\"720\" height=\"540\" src=\"https:\/\/plastic-machines.org\/wp-content\/uploads\/2022\/07\/PET-washing-line1.webp\" alt=\"Planta de lavado de PET\" class=\"wp-image-301\" srcset=\"https:\/\/plastic-machines.org\/wp-content\/uploads\/2022\/07\/PET-washing-line1.webp 720w, https:\/\/plastic-machines.org\/wp-content\/uploads\/2022\/07\/PET-washing-line1-300x225.webp 300w\" sizes=\"auto, (max-width: 720px) 100vw, 720px\" \/><figcaption class=\"wp-element-caption\">Planta de lavado de PET<\/figcaption><\/figure> <\/div>   <h2 class=\"wp-block-heading\">Realice un pedido de arandela de fricci\u00f3n con escamas de PET<\/h2>    <p>Los plazos de entrega son de 30 d\u00edas para todas las m\u00e1quinas independientes est\u00e1ndar y de 60 a 90 d\u00edas para equipos personalizados o l\u00edneas completas. Los plazos de entrega reales dependen en gran medida de la complejidad del proyecto y del n\u00famero de unidades que realmente solicitemos.<\/p>    <p>No dude en contactarnos ahora para discutir los precios y los detalles del pedido. Arriba hay una breve descripci\u00f3n del proceso de pedido de equipos.<\/p>    <h2 class=\"wp-block-heading\">\u00bfQu\u00e9 puede hacer Shuliy Group por usted?<\/h2>    <ul class=\"wp-block-list\"> <li>Servicio de preventa: brindarle planificaci\u00f3n de proyectos de reciclaje de pl\u00e1stico, dise\u00f1o de procesos, desarrollar un conjunto de programas de m\u00e1quinas y equipos adecuados, adem\u00e1s, de acuerdo con sus necesidades especiales, dise\u00f1ar y fabricar productos, y para su capacitaci\u00f3n en operaci\u00f3n t\u00e9cnica;<\/li>    <li>Servicio de ventas: el gerente de ventas supervisa todo el proceso de fabricaci\u00f3n, carga y entrega de la m\u00e1quina, se comunica con el cliente sobre la m\u00e1quina a tiempo, acompa\u00f1a al cliente para completar la aceptaci\u00f3n del equipo y ayuda al cliente a instalar la m\u00e1quina. .<\/li>    <li>Servicio postventa: brindamos servicio de ense\u00f1anza de instalaci\u00f3n de video en l\u00ednea, si es necesario, la empresa puede enviar personal t\u00e9cnico al lugar para guiar la instalaci\u00f3n de equipos y capacitar a los operadores. Adem\u00e1s, a excepci\u00f3n de las piezas de desgaste, el mantenimiento de garant\u00eda de calidad de la m\u00e1quina dentro de un a\u00f1o.<\/li> <\/ul>","protected":false},"excerpt":{"rendered":"<p>PET flakes friction washer is used to clean dirty plastic flakes, it is one of the necessary equipment for plastic recycling processes, and mainly for PET plastic bottle cleaning lines. The plastic friction washer can be equipped with a material conveyor belt according to the customers&#8217; needs, and the size can be customized. Introduction of [&hellip;]<\/p>\n","protected":false},"author":1,"featured_media":448,"parent":0,"template":"","tags":[55,35],"product-type":[14],"class_list":["post-293","product","type-product","status-publish","has-post-thumbnail","hentry","tag-friction","tag-pet","product-type-plastic-cleaning-drying-equipment"],"taxonomy_info":{"post_tag":[{"value":55,"label":"friction"},{"value":35,"label":"PET"}],"product-type":[{"value":14,"label":"Plastic Cleaning&amp;Drying equipment"}]},"featured_image_src_large":["https:\/\/plastic-machines.org\/wp-content\/uploads\/2022\/06\/PET-Flakes-Friction-Washer1.webp",720,540,false],"author_info":{"display_name":"Ella","author_link":"https:\/\/plastic-machines.org\/es\/author\/admin\/"},"comment_info":"","_links":{"self":[{"href":"https:\/\/plastic-machines.org\/es\/wp-json\/wp\/v2\/product\/293","targetHints":{"allow":["GET"]}}],"collection":[{"href":"https:\/\/plastic-machines.org\/es\/wp-json\/wp\/v2\/product"}],"about":[{"href":"https:\/\/plastic-machines.org\/es\/wp-json\/wp\/v2\/types\/product"}],"author":[{"embeddable":true,"href":"https:\/\/plastic-machines.org\/es\/wp-json\/wp\/v2\/users\/1"}],"wp:featuredmedia":[{"embeddable":true,"href":"https:\/\/plastic-machines.org\/es\/wp-json\/wp\/v2\/media\/448"}],"wp:attachment":[{"href":"https:\/\/plastic-machines.org\/es\/wp-json\/wp\/v2\/media?parent=293"}],"wp:term":[{"taxonomy":"post_tag","embeddable":true,"href":"https:\/\/plastic-machines.org\/es\/wp-json\/wp\/v2\/tags?post=293"},{"taxonomy":"product-type","embeddable":true,"href":"https:\/\/plastic-machines.org\/es\/wp-json\/wp\/v2\/product-type?post=293"}],"curies":[{"name":"wp","href":"https:\/\/api.w.org\/{rel}","templated":true}]}}