{"id":276,"date":"2022-07-11T07:03:49","date_gmt":"2022-07-11T07:03:49","guid":{"rendered":"https:\/\/plastic-machines.org\/?post_type=product&#038;p=276"},"modified":"2026-01-29T15:39:41","modified_gmt":"2026-01-29T07:39:41","slug":"pet-flakes-hot-washing-machine","status":"publish","type":"product","link":"https:\/\/plastic-machines.org\/es\/product\/pet-flakes-hot-washing-machine\/","title":{"rendered":"Lavadora en caliente de escamas de PET para reciclaje de botellas de pl\u00e1stico"},"content":{"rendered":"<div class=\"kk-star-ratings kksr-auto kksr-align-left kksr-valign-top\"     data-payload='{&quot;align&quot;:&quot;left&quot;,&quot;id&quot;:&quot;276&quot;,&quot;slug&quot;:&quot;default&quot;,&quot;valign&quot;:&quot;top&quot;,&quot;ignore&quot;:&quot;&quot;,&quot;reference&quot;:&quot;auto&quot;,&quot;class&quot;:&quot;&quot;,&quot;count&quot;:&quot;2&quot;,&quot;legendonly&quot;:&quot;&quot;,&quot;readonly&quot;:&quot;&quot;,&quot;score&quot;:&quot;5&quot;,&quot;starsonly&quot;:&quot;&quot;,&quot;best&quot;:&quot;5&quot;,&quot;gap&quot;:&quot;5&quot;,&quot;greet&quot;:&quot;Rate this product&quot;,&quot;legend&quot;:&quot;5\\\/5 - (2 votos)&quot;,&quot;size&quot;:&quot;24&quot;,&quot;title&quot;:&quot;PET Flakes Hot Washing Machine for Plastic Bottle Recycling&quot;,&quot;width&quot;:&quot;142.5&quot;,&quot;_legend&quot;:&quot;{score}\\\/{best} - ({count} {votes})&quot;,&quot;font_factor&quot;:&quot;1.25&quot;}'>              <div class=\"kksr-stars\">      <div class=\"kksr-stars-inactive\">             <div class=\"kksr-star\" data-star=\"1\" style=\"padding-right: 5px\">               <div class=\"kksr-icon\" style=\"width: 24px; height: 24px;\"><\/div>         <\/div>             <div class=\"kksr-star\" data-star=\"2\" style=\"padding-right: 5px\">               <div class=\"kksr-icon\" style=\"width: 24px; height: 24px;\"><\/div>         <\/div>             <div class=\"kksr-star\" data-star=\"3\" style=\"padding-right: 5px\">               <div class=\"kksr-icon\" style=\"width: 24px; height: 24px;\"><\/div>         <\/div>             <div class=\"kksr-star\" data-star=\"4\" style=\"padding-right: 5px\">               <div class=\"kksr-icon\" style=\"width: 24px; height: 24px;\"><\/div>         <\/div>             <div class=\"kksr-star\" data-star=\"5\" style=\"padding-right: 5px\">               <div class=\"kksr-icon\" style=\"width: 24px; height: 24px;\"><\/div>         <\/div>     <\/div>      <div class=\"kksr-stars-active\" style=\"width: 142.5px;\">             <div class=\"kksr-star\" style=\"padding-right: 5px\">               <div class=\"kksr-icon\" style=\"width: 24px; height: 24px;\"><\/div>         <\/div>             <div class=\"kksr-star\" style=\"padding-right: 5px\">               <div class=\"kksr-icon\" style=\"width: 24px; height: 24px;\"><\/div>         <\/div>             <div class=\"kksr-star\" style=\"padding-right: 5px\">               <div class=\"kksr-icon\" style=\"width: 24px; height: 24px;\"><\/div>         <\/div>             <div class=\"kksr-star\" style=\"padding-right: 5px\">               <div class=\"kksr-icon\" style=\"width: 24px; height: 24px;\"><\/div>         <\/div>             <div class=\"kksr-star\" style=\"padding-right: 5px\">               <div class=\"kksr-icon\" style=\"width: 24px; height: 24px;\"><\/div>         <\/div>     <\/div> <\/div>                   <div class=\"kksr-legend\" style=\"font-size: 19.2px;\">             5\/5 - (2 votos)    <\/div>     <\/div>  <p>Se utiliza una lavadora caliente de escamas de PET para vaporizar las escamas de la botella a alta temperatura para ablandar el aceite, el pegamento, etc. en la superficie del pl\u00e1stico, y luego se enjuaga con agua caliente. Despu\u00e9s de limpiar y eliminar el agua, las escamas de las botellas de PET alcanzar\u00e1n el est\u00e1ndar de escamas limpias de primera clase y podr\u00e1n convertirse en materias primas de fibra.<\/p>    <h2 class=\"wp-block-heading\" id=\"h-pet-flakes-hot-washing-machine-application\">Aplicaci\u00f3n de lavadora en caliente de escamas de PET<\/h2>    <p class=\"translation-block\">Shuliy Machinery se especializa en la producci\u00f3n de laminas de PET para lavadora caliente de botellas, que es uno de los equipos de limpieza importantes en la<strong><a href=\"https:\/\/plastic-machines.org\/es\/product\/pet-bottle-recycling-line\/\">l\u00ednea de limpieza de botellas de bebidas PET<\/a><\/strong>y se utiliza ampliamente en la industria de reciclaje de pl\u00e1sticos desechados. Las escamas de PET se limpian repetidamente en agua hirviendo y, seg\u00fan las necesidades del cliente, se pueden a\u00f1adir agentes de limpieza a la m\u00e1quina para desinfectar eficazmente las escamas de pl\u00e1stico y eliminar a\u00fan m\u00e1s las etiquetas, manchas de aceite y otras manchas dif\u00edciles de eliminar de la pl\u00e1stico.<\/p>    <h2 class=\"wp-block-heading\">Estructura de la lavadora en caliente de escamas de PET.<\/h2>    <ol class=\"wp-block-list\"> <li>La superficie interior del tanque de lavado en caliente est\u00e1 pulida a espejo; la superficie exterior de la carcasa est\u00e1 pulida como espejo o con un tratamiento de superficie de pulido mate.<\/li>    <li>La boca de la tuber\u00eda de entrada y salida y la soldadura del cuerpo interno del tanque son procesos con bridas, utiliza una transici\u00f3n de arco redondo y el borde es liso y f\u00e1cil de limpiar.<\/li>    <li>Para calefacci\u00f3n se utiliza carb\u00f3n o gas natural. <a href=\"https:\/\/en.wikipedia.org\/wiki\/Polyethylene_terephthalate\" target=\"_blank\" rel=\"noopener\">MASCOTA<\/a> Lavadora de escamas en caliente. El agua es el medio de calentamiento que genera calor para calentar el material del tanque.<\/li> <\/ol>    <h2 class=\"wp-block-heading\">Ventajas de la lavadora de chatarra de pl\u00e1stico<\/h2>    <ul class=\"wp-block-list\"> <li>Si los clientes necesitan usar la lavadora caliente de escamas de PET al aire libre, nuestros ingenieros pueden agregar una capa de protecci\u00f3n t\u00e9rmica con aislamiento de lana de roca en el exterior de la m\u00e1quina al producirla, de modo que el cambio de temperatura exterior no afecte la temperatura en el tanque. lo que asegurar\u00e1 el efecto de limpieza del tanque de lavado en caliente de pl\u00e1stico.<\/li>    <li>Shuiy Machinery ofrece dos tipos de m\u00e9todos de calefacci\u00f3n, calefacci\u00f3n el\u00e9ctrica y calefacci\u00f3n a vapor, los clientes pueden elegir seg\u00fan su propia situaci\u00f3n.<\/li>    <li>La lavadora en caliente de escamas de botellas de PET utiliza agua en circulaci\u00f3n en el proceso de limpieza para garantizar el efecto de limpieza y al mismo tiempo reducir el consumo de agua, lo que puede ahorrar recursos y reducir efectivamente los costos para los clientes.<\/li>    <li>La lavadora de desechos de pl\u00e1stico utiliza un sistema de limpieza centr\u00edfugo de alta velocidad, la paleta se usa para agitar la l\u00e1mina de pl\u00e1stico para que funcione a una velocidad de rotaci\u00f3n adecuada y el impacto correspondiente en la resistencia del material es adecuado, lo que har\u00e1 que el efecto de limpieza sea bueno.<\/li> <\/ul>    <h2 class=\"wp-block-heading\" id=\"h-hot-washing-tank-plant-diplay\">Pantalla de planta de tanque de lavado en caliente <\/h2>   <div class=\"wp-block-image\"> <figure class=\"aligncenter size-full\"><img loading=\"lazy\" decoding=\"async\" width=\"720\" height=\"540\" src=\"https:\/\/plastic-machines.org\/wp-content\/uploads\/2022\/07\/hot-washing-tank-.webp\" alt=\"tanque de lavado caliente\" class=\"wp-image-279\" srcset=\"https:\/\/plastic-machines.org\/wp-content\/uploads\/2022\/07\/hot-washing-tank-.webp 720w, https:\/\/plastic-machines.org\/wp-content\/uploads\/2022\/07\/hot-washing-tank--300x225.webp 300w\" sizes=\"auto, (max-width: 720px) 100vw, 720px\" \/><figcaption class=\"wp-element-caption\">Lavadora caliente de escamas de PET<\/figcaption><\/figure> <\/div>  <div class=\"wp-block-image\"> <figure class=\"aligncenter size-full is-resized\"><img loading=\"lazy\" decoding=\"async\" width=\"720\" height=\"540\" src=\"https:\/\/plastic-machines.org\/wp-content\/uploads\/2022\/07\/plastic-washing-tank-in-plant.webp\" alt=\"tanque de lavado de pl\u00e1stico en planta\" class=\"wp-image-280\" style=\"width:720px;height:540px\" srcset=\"https:\/\/plastic-machines.org\/wp-content\/uploads\/2022\/07\/plastic-washing-tank-in-plant.webp 720w, https:\/\/plastic-machines.org\/wp-content\/uploads\/2022\/07\/plastic-washing-tank-in-plant-300x225.webp 300w\" sizes=\"auto, (max-width: 720px) 100vw, 720px\" \/><figcaption class=\"wp-element-caption\">tanque de lavado de pl\u00e1stico en la planta<\/figcaption><\/figure> <\/div>  <div class=\"wp-block-image\"> <figure class=\"aligncenter size-full\"><img loading=\"lazy\" decoding=\"async\" width=\"720\" height=\"540\" src=\"https:\/\/plastic-machines.org\/wp-content\/uploads\/2022\/07\/PET-Flakes-Hot-Washing-Machine.webp\" alt=\"Lavadora caliente de escamas de PET\" class=\"wp-image-281\" srcset=\"https:\/\/plastic-machines.org\/wp-content\/uploads\/2022\/07\/PET-Flakes-Hot-Washing-Machine.webp 720w, https:\/\/plastic-machines.org\/wp-content\/uploads\/2022\/07\/PET-Flakes-Hot-Washing-Machine-300x225.webp 300w\" sizes=\"auto, (max-width: 720px) 100vw, 720px\" \/><figcaption class=\"wp-element-caption\">Lavadora caliente de escamas de PET<\/figcaption><\/figure> <\/div>   <h2 class=\"wp-block-heading\">Par\u00e1metros de la lavadora en caliente de escamas de botellas de PET<\/h2>    <p>El modelo SL-500 es el tipo de tanque de lavado en caliente m\u00e1s popular, su di\u00e1metro y altura son adecuados para la mayor\u00eda de las plantas de reciclaje de pl\u00e1stico. Sin embargo, si est\u00e1 interesado en otros modelos, bienvenido a consultarnos, nuestro gerente de ventas le responder\u00e1 lo antes posible.<\/p>    <figure class=\"wp-block-table\"><table><tbody><tr><td>Modelo<\/td><td>SL-500<\/td><\/tr><tr><td>Altura<\/td><td>2m<\/td><\/tr><tr><td>Di\u00e1metro<\/td><td>1,3 m<\/td><\/tr><tr><td>Espesor exterior<\/td><td>4mm<\/td><\/tr><tr><td>Grosor del fondo<\/td><td>8mm<\/td><\/tr><tr><td>Material<\/td><td>Cart\u00f3n de acero<\/td><\/tr><tr><td>Fuerza<\/td><td>4kW<\/td><\/tr><tr><td>M\u00e9todo de calentamiento<\/td><td>Electrico y vapor<\/td><\/tr><\/tbody><\/table><\/figure>    <h2 class=\"wp-block-heading\">Recomendar l\u00ednea de reciclaje de pl\u00e1stico.<\/h2>    <p class=\"translation-block\">La l\u00ednea de lavado de botellas PET es una de las l\u00edneas de reciclaje m\u00e1s populares en Shuliy Machinery. El equipo habitual incluye <a href=\"https:\/\/plastic-machines.org\/es\/product\/pet-bottle-label-remover-machine\/\">extracci\u00f3n de etiquetas de botellas<\/a>, <a href=\"https:\/\/plastic-machines.org\/es\/product\/plastic-bottle-crusher\/\">trituradora de botellas PET<\/a>, <a href=\"https:\/\/plastic-machines.org\/es\/product\/plastic-float-sink-tank\/\">tanque de lavado de pl\u00e1stico<\/a>, <a href=\"https:\/\/plastic-machines.org\/es\/product\/pet-flakes-friction-washer\/\">lavadora de fricci\u00f3n de pl\u00e1stico<\/a>, tanque de lavado de agua caliente,<a href=\"https:\/\/plastic-machines.org\/es\/product\/plastic-chips-dryer-machine\/\"> secadora de pl\u00e1stico<\/a> y cintas transportadoras. <\/p>    <p>Nuestra empresa puede proporcionar sistemas de reciclaje de pl\u00e1stico PET est\u00e1ndar y personalizados para cumplir con los requisitos de empresas de reciclaje de todos los tama\u00f1os. El sistema de reciclaje es capaz de manipular una amplia gama de pl\u00e1sticos PET, con diferentes m\u00e1quinas de limpieza en funci\u00f3n de los diferentes niveles de contaminaci\u00f3n de sus materias primas. Toda la l\u00ednea de limpieza es f\u00e1cil de operar, altamente eficiente y con bajo consumo energ\u00e9tico.<\/p>   <div class=\"wp-block-image\"> <figure class=\"aligncenter size-full\"><img loading=\"lazy\" decoding=\"async\" width=\"720\" height=\"540\" src=\"https:\/\/plastic-machines.org\/wp-content\/uploads\/2022\/07\/PET-washer-machine.webp\" alt=\"Lavadora en caliente de escamas de PET para reciclaje de botellas de pl\u00e1stico\" class=\"wp-image-1206\" srcset=\"https:\/\/plastic-machines.org\/wp-content\/uploads\/2022\/07\/PET-washer-machine.webp 720w, https:\/\/plastic-machines.org\/wp-content\/uploads\/2022\/07\/PET-washer-machine-300x225.webp 300w, https:\/\/plastic-machines.org\/wp-content\/uploads\/2022\/07\/PET-washer-machine-16x12.webp 16w\" sizes=\"auto, (max-width: 720px) 100vw, 720px\" \/><figcaption class=\"wp-element-caption\">Lavadora caliente de escamas de PET<\/figcaption><\/figure> <\/div>  <div class=\"wp-block-image\"> <figure class=\"aligncenter size-full\"><img loading=\"lazy\" decoding=\"async\" width=\"720\" height=\"540\" src=\"https:\/\/plastic-machines.org\/wp-content\/uploads\/2022\/07\/PET-washing-line1.webp\" alt=\"Lavadora caliente de escamas de PET \" class=\"wp-image-301\" srcset=\"https:\/\/plastic-machines.org\/wp-content\/uploads\/2022\/07\/PET-washing-line1.webp 720w, https:\/\/plastic-machines.org\/wp-content\/uploads\/2022\/07\/PET-washing-line1-300x225.webp 300w\" sizes=\"auto, (max-width: 720px) 100vw, 720px\" \/><figcaption class=\"wp-element-caption\">Planta de lavado de botellas de PET <\/figcaption><\/figure> <\/div>","protected":false},"excerpt":{"rendered":"<p>A PET flakes hot washing machine is used to steam the bottle chips at a high temperature to soften the oil, glue, etc. on the plastic surface, and then rinsed with hot water. After cleaning and removing water, the PET bottle flakes will reach the standard of first-class clean flakes requirement and can be made [&hellip;]<\/p>\n","protected":false},"author":1,"featured_media":444,"parent":0,"template":"","tags":[56,35],"product-type":[14],"class_list":["post-276","product","type-product","status-publish","has-post-thumbnail","hentry","tag-hot-washing","tag-pet","product-type-plastic-cleaning-drying-equipment"],"taxonomy_info":{"post_tag":[{"value":56,"label":"hot washing"},{"value":35,"label":"PET"}],"product-type":[{"value":14,"label":"Plastic Cleaning&amp;Drying equipment"}]},"featured_image_src_large":["https:\/\/plastic-machines.org\/wp-content\/uploads\/2022\/06\/hot-water-washing-machine1.webp",720,540,false],"author_info":{"display_name":"Ella","author_link":"https:\/\/plastic-machines.org\/es\/author\/admin\/"},"comment_info":"","_links":{"self":[{"href":"https:\/\/plastic-machines.org\/es\/wp-json\/wp\/v2\/product\/276","targetHints":{"allow":["GET"]}}],"collection":[{"href":"https:\/\/plastic-machines.org\/es\/wp-json\/wp\/v2\/product"}],"about":[{"href":"https:\/\/plastic-machines.org\/es\/wp-json\/wp\/v2\/types\/product"}],"author":[{"embeddable":true,"href":"https:\/\/plastic-machines.org\/es\/wp-json\/wp\/v2\/users\/1"}],"wp:featuredmedia":[{"embeddable":true,"href":"https:\/\/plastic-machines.org\/es\/wp-json\/wp\/v2\/media\/444"}],"wp:attachment":[{"href":"https:\/\/plastic-machines.org\/es\/wp-json\/wp\/v2\/media?parent=276"}],"wp:term":[{"taxonomy":"post_tag","embeddable":true,"href":"https:\/\/plastic-machines.org\/es\/wp-json\/wp\/v2\/tags?post=276"},{"taxonomy":"product-type","embeddable":true,"href":"https:\/\/plastic-machines.org\/es\/wp-json\/wp\/v2\/product-type?post=276"}],"curies":[{"name":"wp","href":"https:\/\/api.w.org\/{rel}","templated":true}]}}