{"id":273,"date":"2022-07-11T03:07:36","date_gmt":"2022-07-11T03:07:36","guid":{"rendered":"https:\/\/plastic-machines.org\/?post_type=product&#038;p=273"},"modified":"2025-11-14T16:37:05","modified_gmt":"2025-11-14T08:37:05","slug":"plastic-chips-dryer-machine","status":"publish","type":"product","link":"https:\/\/plastic-machines.org\/es\/product\/plastic-chips-dryer-machine\/","title":{"rendered":"M\u00e1quina secadora de chips de pl\u00e1stico horizontal"},"content":{"rendered":"<div class=\"kk-star-ratings kksr-auto kksr-align-left kksr-valign-top\"     data-payload='{&quot;align&quot;:&quot;left&quot;,&quot;id&quot;:&quot;273&quot;,&quot;slug&quot;:&quot;default&quot;,&quot;valign&quot;:&quot;top&quot;,&quot;ignore&quot;:&quot;&quot;,&quot;reference&quot;:&quot;auto&quot;,&quot;class&quot;:&quot;&quot;,&quot;count&quot;:&quot;5&quot;,&quot;legendonly&quot;:&quot;&quot;,&quot;readonly&quot;:&quot;&quot;,&quot;score&quot;:&quot;5&quot;,&quot;starsonly&quot;:&quot;&quot;,&quot;best&quot;:&quot;5&quot;,&quot;gap&quot;:&quot;5&quot;,&quot;greet&quot;:&quot;Rate this product&quot;,&quot;legend&quot;:&quot;5\\\/5 - (5 votos)&quot;,&quot;size&quot;:&quot;24&quot;,&quot;title&quot;:&quot;Horizontal Plastic Chips Dryer Machine&quot;,&quot;width&quot;:&quot;142.5&quot;,&quot;_legend&quot;:&quot;{score}\\\/{best} - ({count} {votes})&quot;,&quot;font_factor&quot;:&quot;1.25&quot;}'>              <div class=\"kksr-stars\">      <div class=\"kksr-stars-inactive\">             <div class=\"kksr-star\" data-star=\"1\" style=\"padding-right: 5px\">               <div class=\"kksr-icon\" style=\"width: 24px; height: 24px;\"><\/div>         <\/div>             <div class=\"kksr-star\" data-star=\"2\" style=\"padding-right: 5px\">               <div class=\"kksr-icon\" style=\"width: 24px; height: 24px;\"><\/div>         <\/div>             <div class=\"kksr-star\" data-star=\"3\" style=\"padding-right: 5px\">               <div class=\"kksr-icon\" style=\"width: 24px; height: 24px;\"><\/div>         <\/div>             <div class=\"kksr-star\" data-star=\"4\" style=\"padding-right: 5px\">               <div class=\"kksr-icon\" style=\"width: 24px; height: 24px;\"><\/div>         <\/div>             <div class=\"kksr-star\" data-star=\"5\" style=\"padding-right: 5px\">               <div class=\"kksr-icon\" style=\"width: 24px; height: 24px;\"><\/div>         <\/div>     <\/div>      <div class=\"kksr-stars-active\" style=\"width: 142.5px;\">             <div class=\"kksr-star\" style=\"padding-right: 5px\">               <div class=\"kksr-icon\" style=\"width: 24px; height: 24px;\"><\/div>         <\/div>             <div class=\"kksr-star\" style=\"padding-right: 5px\">               <div class=\"kksr-icon\" style=\"width: 24px; height: 24px;\"><\/div>         <\/div>             <div class=\"kksr-star\" style=\"padding-right: 5px\">               <div class=\"kksr-icon\" style=\"width: 24px; height: 24px;\"><\/div>         <\/div>             <div class=\"kksr-star\" style=\"padding-right: 5px\">               <div class=\"kksr-icon\" style=\"width: 24px; height: 24px;\"><\/div>         <\/div>             <div class=\"kksr-star\" style=\"padding-right: 5px\">               <div class=\"kksr-icon\" style=\"width: 24px; height: 24px;\"><\/div>         <\/div>     <\/div> <\/div>                   <div class=\"kksr-legend\" style=\"font-size: 19.2px;\">             5\/5 - (5 votos)    <\/div>     <\/div>  <p>Una m\u00e1quina secadora de virutas de pl\u00e1stico es un equipo eficiente de reciclaje de pl\u00e1stico. Las piezas de pl\u00e1stico limpias se deshidratan y se secan a alta velocidad en la secadora antes de la granulaci\u00f3n. Por lo tanto, el secador deshumidificador de pl\u00e1stico juega un papel importante en el proceso de granulaci\u00f3n de residuos de pl\u00e1stico. Es un equipo auxiliar autom\u00e1tico avanzado para el reciclaje de pl\u00e1stico.<\/p>    <h2 class=\"wp-block-heading\" id=\"h-plastic-dryer-machine-application\">Aplicaci\u00f3n de la m\u00e1quina secadora de pl\u00e1stico.<\/h2>    <p class=\"translation-block\">Esta m\u00e1quina secadora de chips de pl\u00e1stico es adecuada para materiales pl\u00e1sticos duros como barriles de PP, tambores, cestas, juguetes, botellas, etc. Un secador horizontal se utiliza siempre en la <strong><a href=\"https:\/\/plastic-machines.org\/es\/product\/plastic-recycling-granulating-line\/\">l\u00ednea de granulaci\u00f3n de tambores de pl\u00e1stico<\/a><\/strong> para secar chips de pl\u00e1stico triturado antes de la granulaci\u00f3n. Adem\u00e1s, la m\u00e1quina deshidratadora de pl\u00e1stico tambi\u00e9n es aplicable a la <strong><a href=\"https:\/\/plastic-machines.org\/es\/product\/pet-bottle-recycling-line\/\">l\u00ednea de lavado de botellas PET<\/a><\/strong>. En el \u00faltimo paso del proceso de reciclaje, <a href=\"https:\/\/en.wikipedia.org\/wiki\/Polyethylene_terephthalate\" target=\"_blank\" rel=\"noopener\">los chips de PET<\/a> ser\u00e1n deshidratados por la secadora de pl\u00e1stico, para que esos copos de pl\u00e1stico secos puedan ser empaquetados.<\/p>    <figure class=\"wp-block-embed is-type-video is-provider-youtube wp-block-embed-youtube wp-embed-aspect-4-3 wp-has-aspect-ratio\"><div class=\"wp-block-embed__wrapper\"> <iframe loading=\"lazy\" title=\"Secadora horizontal para reciclaje de pl\u00e1stico #plasticrecycling #machine\" width=\"500\" height=\"375\" src=\"https:\/\/www.youtube.com\/embed\/tw-SdiclyeE?feature=oembed\" frameborder=\"0\" allow=\"accelerometer; autoplay; clipboard-write; encrypted-media; gyroscope; picture-in-picture; web-share\" referrerpolicy=\"strict-origin-when-cross-origin\" allowfullscreen><\/iframe> <\/div><\/figure>    <h2 class=\"wp-block-heading\" id=\"h-advantages-of-plastic-chips-dryer-machine\">Ventajas de la secadora de virutas de pl\u00e1stico.<\/h2>    <ol class=\"wp-block-list\"> <li>La m\u00e1quina deshidratadora de pl\u00e1stico tiene amplias aplicaciones, que pueden ayudar eficazmente a deshidratar diversos pl\u00e1sticos triturados, como botellas de PET, escamas de PE, escamas de PP, etc.<\/li>    <li>El secador deshumidificador de pl\u00e1stico tiene un buen efecto de deshidrataci\u00f3n y un bajo consumo de energ\u00eda. Adem\u00e1s de deshidratar, el secador horizontal tambi\u00e9n puede filtrar la arena y otros desechos microsc\u00f3picos adheridos a la superficie de las escamas de pl\u00e1stico.<\/li>    <li>La malla dentro de la secadora de pl\u00e1stico est\u00e1 hecha de acero inoxidable de alta calidad, el rotor y la carcasa est\u00e1n fabricados con material anticorrosivo, y todo el equipo es duradero.<\/li>    <li>La estructura de la m\u00e1quina secadora de virutas de pl\u00e1stico est\u00e1 dise\u00f1ada de manera muy razonable, el personal puede abrir f\u00e1cilmente el cuerpo y eliminar oportunamente las impurezas que quedan en la pantalla dentro del secador horizontal, y el m\u00e9todo de mantenimiento diario es simple.<\/li> <\/ol>    <h2 class=\"wp-block-heading\" id=\"h-technical-data-of-horizontal-dryer\">Datos t\u00e9cnicos de la m\u00e1quina secadora horizontal<\/h2>    <figure class=\"wp-block-table\"><table><tbody><tr><td>&nbsp;Modelo<\/td><td>SL-550<\/td><\/tr><tr><td>Di\u00e1metro externo<\/td><td>550 mm<\/td><\/tr><tr><td>Longitud<\/td><td>1000 mm<\/td><\/tr><tr><td>Di\u00e1metro del orificio del filtro<\/td><td>4mm<\/td><\/tr><tr><td>Capacidad<\/td><td>1000kg\/hora<\/td><\/tr><\/tbody><\/table><\/figure>    <h2 class=\"wp-block-heading\" id=\"h-horizontal-dewatering-machine-display\">Exhibici\u00f3n de la m\u00e1quina deshidratadora de pl\u00e1stico<\/h2>    <p>La carcasa de la m\u00e1quina deshidratadora horizontal se puede personalizar, generalmente en gris o azul, y tambi\u00e9n se puede ajustar seg\u00fan las necesidades espec\u00edficas de los clientes.<\/p>    <figure class=\"wp-block-gallery has-nested-images columns-default is-cropped wp-block-gallery-2 is-layout-flex wp-block-gallery-is-layout-flex\"> <figure class=\"wp-block-image size-large\"><img loading=\"lazy\" decoding=\"async\" width=\"720\" height=\"540\" data-id=\"283\" src=\"https:\/\/plastic-machines.org\/wp-content\/uploads\/2022\/07\/horizontal-plastic-dryer.webp\" alt=\"secador de plastico horizontal\" class=\"wp-image-283\" srcset=\"https:\/\/plastic-machines.org\/wp-content\/uploads\/2022\/07\/horizontal-plastic-dryer.webp 720w, https:\/\/plastic-machines.org\/wp-content\/uploads\/2022\/07\/horizontal-plastic-dryer-300x225.webp 300w\" sizes=\"auto, (max-width: 720px) 100vw, 720px\" \/><figcaption class=\"wp-element-caption\">secador de plastico horizontal<\/figcaption><\/figure>    <figure class=\"wp-block-image size-large\"><img loading=\"lazy\" decoding=\"async\" width=\"720\" height=\"540\" data-id=\"284\" src=\"https:\/\/plastic-machines.org\/wp-content\/uploads\/2022\/07\/PET-washing-line-.webp\" alt=\"Maquinaria para l\u00ednea de lavado de botellas de PET\" class=\"wp-image-284\" srcset=\"https:\/\/plastic-machines.org\/wp-content\/uploads\/2022\/07\/PET-washing-line-.webp 720w, https:\/\/plastic-machines.org\/wp-content\/uploads\/2022\/07\/PET-washing-line--300x225.webp 300w\" sizes=\"auto, (max-width: 720px) 100vw, 720px\" \/><figcaption class=\"wp-element-caption\">L\u00ednea de lavado de mascotas<\/figcaption><\/figure> <\/figure>    <figure class=\"wp-block-gallery has-nested-images columns-default is-cropped wp-block-gallery-3 is-layout-flex wp-block-gallery-is-layout-flex\"> <figure class=\"wp-block-image size-large\"><img loading=\"lazy\" decoding=\"async\" width=\"720\" height=\"540\" data-id=\"285\" src=\"https:\/\/plastic-machines.org\/wp-content\/uploads\/2022\/07\/horizontal-dryer-in-plant.webp\" alt=\"m\u00e1quina deshidratadora de pl\u00e1stico\" class=\"wp-image-285\" srcset=\"https:\/\/plastic-machines.org\/wp-content\/uploads\/2022\/07\/horizontal-dryer-in-plant.webp 720w, https:\/\/plastic-machines.org\/wp-content\/uploads\/2022\/07\/horizontal-dryer-in-plant-300x225.webp 300w\" sizes=\"auto, (max-width: 720px) 100vw, 720px\" \/><figcaption class=\"wp-element-caption\">secador horizontal en planta<\/figcaption><\/figure>    <figure class=\"wp-block-image size-large\"><img loading=\"lazy\" decoding=\"async\" width=\"720\" height=\"540\" data-id=\"286\" src=\"https:\/\/plastic-machines.org\/wp-content\/uploads\/2022\/07\/horizontal-dryer-1.webp\" alt=\"secador de plastico horizontal\" class=\"wp-image-286\" srcset=\"https:\/\/plastic-machines.org\/wp-content\/uploads\/2022\/07\/horizontal-dryer-1.webp 720w, https:\/\/plastic-machines.org\/wp-content\/uploads\/2022\/07\/horizontal-dryer-1-300x225.webp 300w\" sizes=\"auto, (max-width: 720px) 100vw, 720px\" \/><figcaption class=\"wp-element-caption\">secadora de virutas de pl\u00e1stico<\/figcaption><\/figure> <\/figure>    <figure class=\"wp-block-gallery has-nested-images columns-default is-cropped wp-block-gallery-4 is-layout-flex wp-block-gallery-is-layout-flex\"> <figure class=\"wp-block-image size-large\"><img loading=\"lazy\" decoding=\"async\" width=\"720\" height=\"540\" data-id=\"289\" src=\"https:\/\/plastic-machines.org\/wp-content\/uploads\/2022\/07\/plastic-dryer-machine-1.webp\" alt=\"maquina secadora de plastico\" class=\"wp-image-289\" srcset=\"https:\/\/plastic-machines.org\/wp-content\/uploads\/2022\/07\/plastic-dryer-machine-1.webp 720w, https:\/\/plastic-machines.org\/wp-content\/uploads\/2022\/07\/plastic-dryer-machine-1-300x225.webp 300w\" sizes=\"auto, (max-width: 720px) 100vw, 720px\" \/><figcaption class=\"wp-element-caption\">maquina secadora de plastico<\/figcaption><\/figure>    <figure class=\"wp-block-image size-large\"><img loading=\"lazy\" decoding=\"async\" width=\"720\" height=\"540\" data-id=\"290\" src=\"https:\/\/plastic-machines.org\/wp-content\/uploads\/2022\/07\/plastic-dryer.webp\" alt=\"maquina secadora de plastico\" class=\"wp-image-290\" srcset=\"https:\/\/plastic-machines.org\/wp-content\/uploads\/2022\/07\/plastic-dryer.webp 720w, https:\/\/plastic-machines.org\/wp-content\/uploads\/2022\/07\/plastic-dryer-300x225.webp 300w\" sizes=\"auto, (max-width: 720px) 100vw, 720px\" \/><figcaption class=\"wp-element-caption\">secadora de plastico<\/figcaption><\/figure> <\/figure>    <h2 class=\"wp-block-heading\">Recomendar maquinaria de l\u00ednea de reciclaje de pl\u00e1stico.<\/h2>    <p class=\"translation-block\">La m\u00e1quina deshidratadora de pl\u00e1stico horizontal se utiliza siempre en una <a href=\"https:\/\/plastic-machines.org\/es\/product\/plastic-recycling-granulating-line\/\">l\u00ednea de peletizado de pl\u00e1stico<\/a> y en una <a href=\"https:\/\/plastic-machines.org\/es\/product\/pet-bottle-recycling-line\/\">l\u00ednea de lavado de botellas PET<\/a>. El secador eliminar\u00e1 el agua de las piezas de pl\u00e1stico y es el \u00faltimo paso de la l\u00ednea de reciclaje completa. Si sus materias primas son pl\u00e1sticos blandos como pel\u00edculas o bolsas de pl\u00e1stico, le recomendamos que elija un <a href=\"https:\/\/plastic-machines.org\/es\/product\/plastic-film-dryer-machine\/\">secador de pl\u00e1stico de tipo vertical<\/a>.<\/p>    <figure class=\"wp-block-image size-large\"><img loading=\"lazy\" decoding=\"async\" width=\"1024\" height=\"576\" src=\"https:\/\/plastic-machines.org\/wp-content\/uploads\/2022\/06\/plastic-washing-machine-1024x576.webp\" alt=\"lavadora de plastico\" class=\"wp-image-148\" srcset=\"https:\/\/plastic-machines.org\/wp-content\/uploads\/2022\/06\/plastic-washing-machine-1024x576.webp 1024w, https:\/\/plastic-machines.org\/wp-content\/uploads\/2022\/06\/plastic-washing-machine-300x169.webp 300w, https:\/\/plastic-machines.org\/wp-content\/uploads\/2022\/06\/plastic-washing-machine-768x432.webp 768w, https:\/\/plastic-machines.org\/wp-content\/uploads\/2022\/06\/plastic-washing-machine-1536x864.webp 1536w, https:\/\/plastic-machines.org\/wp-content\/uploads\/2022\/06\/plastic-washing-machine.webp 1920w\" sizes=\"auto, (max-width: 1024px) 100vw, 1024px\" \/><figcaption class=\"wp-element-caption\">Lavadora de pl\u00e1stico y secadora horizontal.<\/figcaption><\/figure>    <h2 class=\"wp-block-heading\"> Servicios Shuliy para nuestros clientes.<\/h2>    <ul class=\"wp-block-list\"> <li><strong>Servicio de preventa: <\/strong>Proporcionaremos una planificaci\u00f3n de proyecto de reciclaje de pl\u00e1stico y desarrollaremos un conjunto de programas de maquinaria y equipos adecuados. Adem\u00e1s, de acuerdo con sus necesidades especiales, nuestra f\u00e1brica admite m\u00e1quinas de reciclaje de pl\u00e1stico hechas a medida.<\/li>    <li><strong>Servicio a mitad de venta<\/strong>: El director comercial se mantiene en contacto con usted durante todo el proceso y supervisa la producci\u00f3n, carga y entrega de la m\u00e1quina. Nuestro responsable de ventas acompa\u00f1ar\u00e1 al cliente para completar la aceptaci\u00f3n del equipo.<\/li>    <li><strong>Servicio postventa:<\/strong> Shuliy Group proporcionar\u00e1 instrucciones de instalaci\u00f3n en video en l\u00ednea. De ser necesario, podemos enviar personal t\u00e9cnico al pa\u00eds del cliente para guiar la instalaci\u00f3n del equipo y capacitar a los operadores. Adem\u00e1s, a excepci\u00f3n de las piezas de desgaste, las m\u00e1quinas de reciclaje de pl\u00e1stico Shuliy tienen garantizado un mantenimiento de calidad dentro de los 12 meses.<\/li> <\/ul>","protected":false},"excerpt":{"rendered":"<p>A plastic chips dryer machine is efficient plastic recycling equipment. The cleaned plastic pieces are dewatered and dried at high speed by the dryer before granulation. So the plastic dehumidifying dryer plays an important role in the process of waste plastic granulation. It is an advanced automatic auxiliary equipment for plastic recycling. Plastic dryer machine [&hellip;]<\/p>\n","protected":false},"author":1,"featured_media":443,"parent":0,"template":"","tags":[57,39],"product-type":[14],"class_list":["post-273","product","type-product","status-publish","has-post-thumbnail","hentry","tag-dry","tag-flake","product-type-plastic-cleaning-drying-equipment"],"taxonomy_info":{"post_tag":[{"value":57,"label":"dry"},{"value":39,"label":"flake"}],"product-type":[{"value":14,"label":"Plastic Cleaning&amp;Drying equipment"}]},"featured_image_src_large":["https:\/\/plastic-machines.org\/wp-content\/uploads\/2022\/06\/horizontal-dryer1.webp",720,540,false],"author_info":{"display_name":"Ella","author_link":"https:\/\/plastic-machines.org\/es\/author\/admin\/"},"comment_info":"","_links":{"self":[{"href":"https:\/\/plastic-machines.org\/es\/wp-json\/wp\/v2\/product\/273","targetHints":{"allow":["GET"]}}],"collection":[{"href":"https:\/\/plastic-machines.org\/es\/wp-json\/wp\/v2\/product"}],"about":[{"href":"https:\/\/plastic-machines.org\/es\/wp-json\/wp\/v2\/types\/product"}],"author":[{"embeddable":true,"href":"https:\/\/plastic-machines.org\/es\/wp-json\/wp\/v2\/users\/1"}],"wp:featuredmedia":[{"embeddable":true,"href":"https:\/\/plastic-machines.org\/es\/wp-json\/wp\/v2\/media\/443"}],"wp:attachment":[{"href":"https:\/\/plastic-machines.org\/es\/wp-json\/wp\/v2\/media?parent=273"}],"wp:term":[{"taxonomy":"post_tag","embeddable":true,"href":"https:\/\/plastic-machines.org\/es\/wp-json\/wp\/v2\/tags?post=273"},{"taxonomy":"product-type","embeddable":true,"href":"https:\/\/plastic-machines.org\/es\/wp-json\/wp\/v2\/product-type?post=273"}],"curies":[{"name":"wp","href":"https:\/\/api.w.org\/{rel}","templated":true}]}}