{"id":262,"date":"2022-07-08T08:45:58","date_gmt":"2022-07-08T08:45:58","guid":{"rendered":"https:\/\/plastic-machines.org\/?post_type=product&#038;p=262"},"modified":"2025-11-14T16:38:43","modified_gmt":"2025-11-14T08:38:43","slug":"plastic-film-dryer-machine","status":"publish","type":"product","link":"https:\/\/plastic-machines.org\/es\/product\/plastic-film-dryer-machine\/","title":{"rendered":"M\u00e1quina secadora vertical de pel\u00edcula pl\u00e1stica"},"content":{"rendered":"<div class=\"kk-star-ratings kksr-auto kksr-align-left kksr-valign-top\"     data-payload='{&quot;align&quot;:&quot;left&quot;,&quot;id&quot;:&quot;262&quot;,&quot;slug&quot;:&quot;default&quot;,&quot;valign&quot;:&quot;top&quot;,&quot;ignore&quot;:&quot;&quot;,&quot;reference&quot;:&quot;auto&quot;,&quot;class&quot;:&quot;&quot;,&quot;count&quot;:&quot;9&quot;,&quot;legendonly&quot;:&quot;&quot;,&quot;readonly&quot;:&quot;&quot;,&quot;score&quot;:&quot;4.6&quot;,&quot;starsonly&quot;:&quot;&quot;,&quot;best&quot;:&quot;5&quot;,&quot;gap&quot;:&quot;5&quot;,&quot;greet&quot;:&quot;Rate this product&quot;,&quot;legend&quot;:&quot;4.6\\\/5 - (9 votos)&quot;,&quot;size&quot;:&quot;24&quot;,&quot;title&quot;:&quot;Vertical Plastic Film Dryer Machine&quot;,&quot;width&quot;:&quot;130.9&quot;,&quot;_legend&quot;:&quot;{score}\\\/{best} - ({count} {votes})&quot;,&quot;font_factor&quot;:&quot;1.25&quot;}'>              <div class=\"kksr-stars\">      <div class=\"kksr-stars-inactive\">             <div class=\"kksr-star\" data-star=\"1\" style=\"padding-right: 5px\">               <div class=\"kksr-icon\" style=\"width: 24px; height: 24px;\"><\/div>         <\/div>             <div class=\"kksr-star\" data-star=\"2\" style=\"padding-right: 5px\">               <div class=\"kksr-icon\" style=\"width: 24px; height: 24px;\"><\/div>         <\/div>             <div class=\"kksr-star\" data-star=\"3\" style=\"padding-right: 5px\">               <div class=\"kksr-icon\" style=\"width: 24px; height: 24px;\"><\/div>         <\/div>             <div class=\"kksr-star\" data-star=\"4\" style=\"padding-right: 5px\">               <div class=\"kksr-icon\" style=\"width: 24px; height: 24px;\"><\/div>         <\/div>             <div class=\"kksr-star\" data-star=\"5\" style=\"padding-right: 5px\">               <div class=\"kksr-icon\" style=\"width: 24px; height: 24px;\"><\/div>         <\/div>     <\/div>      <div class=\"kksr-stars-active\" style=\"width: 130.9px;\">             <div class=\"kksr-star\" style=\"padding-right: 5px\">               <div class=\"kksr-icon\" style=\"width: 24px; height: 24px;\"><\/div>         <\/div>             <div class=\"kksr-star\" style=\"padding-right: 5px\">               <div class=\"kksr-icon\" style=\"width: 24px; height: 24px;\"><\/div>         <\/div>             <div class=\"kksr-star\" style=\"padding-right: 5px\">               <div class=\"kksr-icon\" style=\"width: 24px; height: 24px;\"><\/div>         <\/div>             <div class=\"kksr-star\" style=\"padding-right: 5px\">               <div class=\"kksr-icon\" style=\"width: 24px; height: 24px;\"><\/div>         <\/div>             <div class=\"kksr-star\" style=\"padding-right: 5px\">               <div class=\"kksr-icon\" style=\"width: 24px; height: 24px;\"><\/div>         <\/div>     <\/div> <\/div>                   <div class=\"kksr-legend\" style=\"font-size: 19.2px;\">             4,6\/5 - (9 votos)    <\/div>     <\/div>  <p>Una m\u00e1quina secadora de pel\u00edcula pl\u00e1stica es uno de los dispositivos m\u00e1s importantes en el proceso de reciclaje de pl\u00e1stico. Eliminar\u00e1 el agua de los desechos de pl\u00e1stico, a algunos clientes les gustar\u00eda preparar m\u00e1s de una m\u00e1quina secadora de desechos de pl\u00e1stico, que combine con sus tanques de lavado para producir desechos de pl\u00e1stico mucho m\u00e1s limpios.<\/p>    <figure class=\"wp-block-embed is-type-video is-provider-youtube wp-block-embed-youtube wp-embed-aspect-16-9 wp-has-aspect-ratio\"><div class=\"wp-block-embed__wrapper\"> <iframe loading=\"lazy\" title=\"M\u00e1quina vertical de elevaci\u00f3n y deshidrataci\u00f3n para f\u00e1bricas de reciclaje de pl\u00e1stico\" width=\"500\" height=\"281\" src=\"https:\/\/www.youtube.com\/embed\/b9OoE2BIFGA?feature=oembed\" frameborder=\"0\" allow=\"accelerometer; autoplay; clipboard-write; encrypted-media; gyroscope; picture-in-picture; web-share\" referrerpolicy=\"strict-origin-when-cross-origin\" allowfullscreen><\/iframe> <\/div><\/figure>    <h2 class=\"wp-block-heading\" id=\"h-application-of-plastic-film-dryer-machine\">Aplicaci\u00f3n de la m\u00e1quina secadora de pel\u00edcula pl\u00e1stica.<\/h2>    <p class=\"translation-block\">La secadora de pl\u00e1stico se instala al final de la cuba y tiene la funci\u00f3n de secar. Una secadora vertical se utiliza principalmente para secar pel\u00edcula pl\u00e1stica triturada y limpiada, bolsas de poli\u00e9ster desechadas, bolsas de pl\u00e1stico y otros materiales. En el proceso de granulaci\u00f3n de pl\u00e1stico, el pl\u00e1stico que entra en la <a href=\"https:\/\/plastic-machines.org\/es\/product\/plastic-extruder-machine\/\">m\u00e1quina de pellets de pl\u00e1stico<\/a> debe estar seco, por lo que el secado de pl\u00e1stico es una pieza esencial de equipo en la <a href=\"https:\/\/plastic-machines.org\/es\/product\/plastic-granulating-line\/\">l\u00ednea de granulaci\u00f3n de pl\u00e1stico<\/a>. Las piezas de pl\u00e1stico secas entrar\u00e1n al extrusor de pellets a trav\u00e9s de una cinta transportadora autom\u00e1tica.<\/p>    <h2 class=\"wp-block-heading\">Principio de funcionamiento de la m\u00e1quina secadora de pl\u00e1stico<\/h2>    <p>El secador de pel\u00edcula pl\u00e1stica es monomotor, se transporta en posici\u00f3n vertical y est\u00e1 equipado con un dispositivo de desviaci\u00f3n. Hay una pantalla de filtro de alta calidad dentro del deshidratador de pl\u00e1stico. La pantalla del filtro gira a alta velocidad durante el funcionamiento y el pl\u00e1stico se deshidrata mediante la fuerza centr\u00edfuga de alta velocidad. La velocidad de trabajo del equipo es de 900-1500r\/min. Shuliy Machinery admite servicios personalizados. El acelerador se puede agregar seg\u00fan las necesidades del cliente para aumentar la velocidad de la m\u00e1quina secadora de desechos de pl\u00e1stico.<\/p>   <div class=\"wp-block-image\"> <figure class=\"aligncenter size-full\"><img loading=\"lazy\" decoding=\"async\" width=\"720\" height=\"540\" src=\"https:\/\/plastic-machines.org\/wp-content\/uploads\/2022\/07\/inside-structure-of-plastic-dryer.webp\" alt=\"Estructura interior del secador de pl\u00e1stico.\" class=\"wp-image-266\" srcset=\"https:\/\/plastic-machines.org\/wp-content\/uploads\/2022\/07\/inside-structure-of-plastic-dryer.webp 720w, https:\/\/plastic-machines.org\/wp-content\/uploads\/2022\/07\/inside-structure-of-plastic-dryer-300x225.webp 300w\" sizes=\"auto, (max-width: 720px) 100vw, 720px\" \/><figcaption class=\"wp-element-caption\">Estructura interior del secador de pl\u00e1stico.<\/figcaption><\/figure> <\/div>  <div class=\"wp-block-image\"> <figure class=\"aligncenter size-full\"><img loading=\"lazy\" decoding=\"async\" width=\"720\" height=\"540\" src=\"https:\/\/plastic-machines.org\/wp-content\/uploads\/2022\/07\/filter.webp\" alt=\"Filtro de secadora de pl\u00e1stico.\" class=\"wp-image-267\" srcset=\"https:\/\/plastic-machines.org\/wp-content\/uploads\/2022\/07\/filter.webp 720w, https:\/\/plastic-machines.org\/wp-content\/uploads\/2022\/07\/filter-300x225.webp 300w\" sizes=\"auto, (max-width: 720px) 100vw, 720px\" \/><figcaption class=\"wp-element-caption\">filtro de la m\u00e1quina deshidratadora de pl\u00e1stico<\/figcaption><\/figure> <\/div>  <div class=\"wp-block-image\"> <figure class=\"aligncenter size-full\"><img loading=\"lazy\" decoding=\"async\" width=\"720\" height=\"540\" src=\"https:\/\/plastic-machines.org\/wp-content\/uploads\/2022\/07\/structure-details.webp\" alt=\"Detalles de la estructura del secador de pl\u00e1stico.\" class=\"wp-image-268\" srcset=\"https:\/\/plastic-machines.org\/wp-content\/uploads\/2022\/07\/structure-details.webp 720w, https:\/\/plastic-machines.org\/wp-content\/uploads\/2022\/07\/structure-details-300x225.webp 300w\" sizes=\"auto, (max-width: 720px) 100vw, 720px\" \/><figcaption class=\"wp-element-caption\">detalles de la estructura<\/figcaption><\/figure> <\/div>   <h2 class=\"wp-block-heading\">Par\u00e1metros de la secadora de pl\u00e1stico.<\/h2>    <p>Los modelos m\u00e1s vendidos son SL-500 y SL-600, le recomendaremos el modelo adecuado seg\u00fan sus demandas.<\/p>    <figure class=\"wp-block-table\"><table><tbody><tr><td>Modelo<\/td><td>SL-500<\/td><td>SL-600<\/td><\/tr><tr><td>Fuerza<\/td><td>7,5 kw<\/td><td>15kW<\/td><\/tr><\/tbody><\/table><\/figure>    <h2 class=\"wp-block-heading\">Exhibici\u00f3n de la f\u00e1brica de la m\u00e1quina deshidratadora de pel\u00edcula pl\u00e1stica<\/h2>    <p>Las m\u00e1quinas secadoras de pl\u00e1stico ya est\u00e1n completamente equipadas y listas para su env\u00edo inmediato. Si est\u00e1 interesado en la m\u00e1quina de reciclaje, bienvenido a consultarnos, le enviaremos una cotizaci\u00f3n de la m\u00e1quina lo antes posible.<\/p>    <figure class=\"wp-block-gallery has-nested-images columns-default is-cropped wp-block-gallery-2 is-layout-flex wp-block-gallery-is-layout-flex\"> <figure class=\"wp-block-image size-large\"><img loading=\"lazy\" decoding=\"async\" width=\"540\" height=\"720\" data-id=\"264\" src=\"https:\/\/plastic-machines.org\/wp-content\/uploads\/2022\/07\/placed-after-a-washing-tank.webp\" alt=\"La secadora de pl\u00e1stico se coloca despu\u00e9s de un tanque de lavado.\" class=\"wp-image-264\" srcset=\"https:\/\/plastic-machines.org\/wp-content\/uploads\/2022\/07\/placed-after-a-washing-tank.webp 540w, https:\/\/plastic-machines.org\/wp-content\/uploads\/2022\/07\/placed-after-a-washing-tank-225x300.webp 225w\" sizes=\"auto, (max-width: 540px) 100vw, 540px\" \/><figcaption class=\"wp-element-caption\">colocado despu\u00e9s de un tanque de lavado<\/figcaption><\/figure>    <figure class=\"wp-block-image size-large\"><img loading=\"lazy\" decoding=\"async\" width=\"540\" height=\"720\" data-id=\"265\" src=\"https:\/\/plastic-machines.org\/wp-content\/uploads\/2022\/07\/plastic-drying-machine-.webp\" alt=\"secadora de plastico\" class=\"wp-image-265\" srcset=\"https:\/\/plastic-machines.org\/wp-content\/uploads\/2022\/07\/plastic-drying-machine-.webp 540w, https:\/\/plastic-machines.org\/wp-content\/uploads\/2022\/07\/plastic-drying-machine--225x300.webp 225w\" sizes=\"auto, (max-width: 540px) 100vw, 540px\" \/><figcaption class=\"wp-element-caption\">secadora de plastico<\/figcaption><\/figure> <\/figure>    <figure class=\"wp-block-gallery has-nested-images columns-default is-cropped wp-block-gallery-3 is-layout-flex wp-block-gallery-is-layout-flex\"> <figure class=\"wp-block-image size-large\"><img loading=\"lazy\" decoding=\"async\" width=\"720\" height=\"540\" data-id=\"269\" src=\"https:\/\/plastic-machines.org\/wp-content\/uploads\/2022\/07\/plastic-film-dryer-machine-in-plant.webp\" alt=\"M\u00e1quina secadora de pel\u00edcula pl\u00e1stica en planta.\" class=\"wp-image-269\" srcset=\"https:\/\/plastic-machines.org\/wp-content\/uploads\/2022\/07\/plastic-film-dryer-machine-in-plant.webp 720w, https:\/\/plastic-machines.org\/wp-content\/uploads\/2022\/07\/plastic-film-dryer-machine-in-plant-300x225.webp 300w\" sizes=\"auto, (max-width: 720px) 100vw, 720px\" \/><figcaption class=\"wp-element-caption\">M\u00e1quina secadora de pel\u00edcula pl\u00e1stica en planta.<\/figcaption><\/figure>    <figure class=\"wp-block-image size-large\"><img loading=\"lazy\" decoding=\"async\" width=\"720\" height=\"540\" data-id=\"270\" src=\"https:\/\/plastic-machines.org\/wp-content\/uploads\/2022\/07\/vertical-dryer.webp\" alt=\"secador de plastico vertical\" class=\"wp-image-270\" srcset=\"https:\/\/plastic-machines.org\/wp-content\/uploads\/2022\/07\/vertical-dryer.webp 720w, https:\/\/plastic-machines.org\/wp-content\/uploads\/2022\/07\/vertical-dryer-300x225.webp 300w\" sizes=\"auto, (max-width: 720px) 100vw, 720px\" \/><figcaption class=\"wp-element-caption\">m\u00e1quina deshidratadora vertical<\/figcaption><\/figure> <\/figure>    <h2 class=\"wp-block-heading\">Elija una l\u00ednea de procesamiento de residuos de pl\u00e1stico <\/h2>    <p class=\"translation-block\">La m\u00e1quina de secado se utiliza siempre en la l\u00ednea de pelletizaci\u00f3n de pl\u00e1stico y la <a href=\"https:\/\/en.wikipedia.org\/wiki\/Polyethylene_terephthalate\" target=\"_blank\" rel=\"noopener\"> PET<\/a> lavadora, y siempre se conecta a un <a href=\"https:\/\/plastic-machines.org\/es\/product\/plastic-film-washing-machine\/\">tanque de lavado<\/a> para secar las l\u00e1minas de pl\u00e1stico a tiempo. El n\u00famero de m\u00e1quinas de deshidrataci\u00f3n y de tanques de lavado puede ser decidido seg\u00fan la limpieza de tu pl\u00e1stico.<\/p>   <div class=\"wp-block-image\"> <figure class=\"aligncenter size-full\"><img loading=\"lazy\" decoding=\"async\" width=\"720\" height=\"540\" src=\"https:\/\/plastic-machines.org\/wp-content\/uploads\/2022\/07\/washing-tank.webp\" alt=\"\" class=\"wp-image-257\" srcset=\"https:\/\/plastic-machines.org\/wp-content\/uploads\/2022\/07\/washing-tank.webp 720w, https:\/\/plastic-machines.org\/wp-content\/uploads\/2022\/07\/washing-tank-300x225.webp 300w\" sizes=\"auto, (max-width: 720px) 100vw, 720px\" \/><figcaption class=\"wp-element-caption\">M\u00e1quina secadora de pel\u00edcula pl\u00e1stica y tanque de lavado.<\/figcaption><\/figure> <\/div>","protected":false},"excerpt":{"rendered":"<p>A plastic film dryer machine is one of the most important devices in the plastic recycling process. It will remove the water from the plastic scrap, some customer would like to prepare more than one plastic scrap dryer machines, which match their washing tanks to make much cleaner plastic chips. Application of plastic film dryer [&hellip;]<\/p>\n","protected":false},"author":1,"featured_media":456,"parent":0,"template":"","tags":[57,49],"product-type":[14],"class_list":["post-262","product","type-product","status-publish","has-post-thumbnail","hentry","tag-dry","tag-film","product-type-plastic-cleaning-drying-equipment"],"taxonomy_info":{"post_tag":[{"value":57,"label":"dry"},{"value":49,"label":"film"}],"product-type":[{"value":14,"label":"Plastic Cleaning&amp;Drying equipment"}]},"featured_image_src_large":["https:\/\/plastic-machines.org\/wp-content\/uploads\/2022\/06\/vertical-dewatering-machine1.webp",720,540,false],"author_info":{"display_name":"Ella","author_link":"https:\/\/plastic-machines.org\/es\/author\/admin\/"},"comment_info":"","_links":{"self":[{"href":"https:\/\/plastic-machines.org\/es\/wp-json\/wp\/v2\/product\/262","targetHints":{"allow":["GET"]}}],"collection":[{"href":"https:\/\/plastic-machines.org\/es\/wp-json\/wp\/v2\/product"}],"about":[{"href":"https:\/\/plastic-machines.org\/es\/wp-json\/wp\/v2\/types\/product"}],"author":[{"embeddable":true,"href":"https:\/\/plastic-machines.org\/es\/wp-json\/wp\/v2\/users\/1"}],"wp:featuredmedia":[{"embeddable":true,"href":"https:\/\/plastic-machines.org\/es\/wp-json\/wp\/v2\/media\/456"}],"wp:attachment":[{"href":"https:\/\/plastic-machines.org\/es\/wp-json\/wp\/v2\/media?parent=262"}],"wp:term":[{"taxonomy":"post_tag","embeddable":true,"href":"https:\/\/plastic-machines.org\/es\/wp-json\/wp\/v2\/tags?post=262"},{"taxonomy":"product-type","embeddable":true,"href":"https:\/\/plastic-machines.org\/es\/wp-json\/wp\/v2\/product-type?post=262"}],"curies":[{"name":"wp","href":"https:\/\/api.w.org\/{rel}","templated":true}]}}