{"id":251,"date":"2022-07-07T03:45:17","date_gmt":"2022-07-07T03:45:17","guid":{"rendered":"https:\/\/plastic-machines.org\/?post_type=product&#038;p=251"},"modified":"2025-11-18T09:39:23","modified_gmt":"2025-11-18T01:39:23","slug":"plastic-film-washing-machine","status":"publish","type":"product","link":"https:\/\/plastic-machines.org\/es\/product\/plastic-film-washing-machine\/","title":{"rendered":"Lavadora de pel\u00edcula pl\u00e1stica para planta de reciclaje de LDPE PP"},"content":{"rendered":"<div class=\"kk-star-ratings kksr-auto kksr-align-left kksr-valign-top\"     data-payload='{&quot;align&quot;:&quot;left&quot;,&quot;id&quot;:&quot;251&quot;,&quot;slug&quot;:&quot;default&quot;,&quot;valign&quot;:&quot;top&quot;,&quot;ignore&quot;:&quot;&quot;,&quot;reference&quot;:&quot;auto&quot;,&quot;class&quot;:&quot;&quot;,&quot;count&quot;:&quot;5&quot;,&quot;legendonly&quot;:&quot;&quot;,&quot;readonly&quot;:&quot;&quot;,&quot;score&quot;:&quot;5&quot;,&quot;starsonly&quot;:&quot;&quot;,&quot;best&quot;:&quot;5&quot;,&quot;gap&quot;:&quot;5&quot;,&quot;greet&quot;:&quot;Rate this product&quot;,&quot;legend&quot;:&quot;5\\\/5 - (5 votos)&quot;,&quot;size&quot;:&quot;24&quot;,&quot;title&quot;:&quot;Plastic Film Washing Machine for LDPE PP recycling plant&quot;,&quot;width&quot;:&quot;142.5&quot;,&quot;_legend&quot;:&quot;{score}\\\/{best} - ({count} {votes})&quot;,&quot;font_factor&quot;:&quot;1.25&quot;}'>              <div class=\"kksr-stars\">      <div class=\"kksr-stars-inactive\">             <div class=\"kksr-star\" data-star=\"1\" style=\"padding-right: 5px\">               <div class=\"kksr-icon\" style=\"width: 24px; height: 24px;\"><\/div>         <\/div>             <div class=\"kksr-star\" data-star=\"2\" style=\"padding-right: 5px\">               <div class=\"kksr-icon\" style=\"width: 24px; height: 24px;\"><\/div>         <\/div>             <div class=\"kksr-star\" data-star=\"3\" style=\"padding-right: 5px\">               <div class=\"kksr-icon\" style=\"width: 24px; height: 24px;\"><\/div>         <\/div>             <div class=\"kksr-star\" data-star=\"4\" style=\"padding-right: 5px\">               <div class=\"kksr-icon\" style=\"width: 24px; height: 24px;\"><\/div>         <\/div>             <div class=\"kksr-star\" data-star=\"5\" style=\"padding-right: 5px\">               <div class=\"kksr-icon\" style=\"width: 24px; height: 24px;\"><\/div>         <\/div>     <\/div>      <div class=\"kksr-stars-active\" style=\"width: 142.5px;\">             <div class=\"kksr-star\" style=\"padding-right: 5px\">               <div class=\"kksr-icon\" style=\"width: 24px; height: 24px;\"><\/div>         <\/div>             <div class=\"kksr-star\" style=\"padding-right: 5px\">               <div class=\"kksr-icon\" style=\"width: 24px; height: 24px;\"><\/div>         <\/div>             <div class=\"kksr-star\" style=\"padding-right: 5px\">               <div class=\"kksr-icon\" style=\"width: 24px; height: 24px;\"><\/div>         <\/div>             <div class=\"kksr-star\" style=\"padding-right: 5px\">               <div class=\"kksr-icon\" style=\"width: 24px; height: 24px;\"><\/div>         <\/div>             <div class=\"kksr-star\" style=\"padding-right: 5px\">               <div class=\"kksr-icon\" style=\"width: 24px; height: 24px;\"><\/div>         <\/div>     <\/div> <\/div>                   <div class=\"kksr-legend\" style=\"font-size: 19.2px;\">             5\/5 - (5 votos)    <\/div>     <\/div>  <p>Una lavadora de pel\u00edculas pl\u00e1sticas es uno de los equipos de limpieza de pl\u00e1stico m\u00e1s comunes que se utilizan en las l\u00edneas de reciclaje de pel\u00edculas pl\u00e1sticas para enjuagar los trozos de pl\u00e1stico y eliminar los residuos de pegatinas del pl\u00e1stico. El tanque de lavado de pl\u00e1stico est\u00e1 hecho de acero inoxidable, que no se oxida f\u00e1cilmente y tiene una larga vida \u00fatil.<\/p>    <figure class=\"wp-block-embed is-type-video is-provider-youtube wp-block-embed-youtube wp-embed-aspect-16-9 wp-has-aspect-ratio\"><div class=\"wp-block-embed__wrapper\"> <iframe loading=\"lazy\" title=\"Tanque de enjuague de pl\u00e1stico para reciclaje de escamas de pel\u00edculas de PP LDPE HDPE\" width=\"500\" height=\"281\" src=\"https:\/\/www.youtube.com\/embed\/jxk0iCaV3PE?start=30&#038;feature=oembed\" frameborder=\"0\" allow=\"accelerometer; autoplay; clipboard-write; encrypted-media; gyroscope; picture-in-picture; web-share\" referrerpolicy=\"strict-origin-when-cross-origin\" allowfullscreen><\/iframe> <\/div><\/figure>    <h2 class=\"wp-block-heading\" id=\"h-application-of-plastic-film-washing-machine\">Aplicaci\u00f3n de lavadora de pel\u00edcula pl\u00e1stica.<\/h2>    <p class=\"translation-block\">La lavadora de pel\u00edcula de PE limpia principalmente piezas de pel\u00edcula pl\u00e1stica. Despu\u00e9s de que la trituradora de pel\u00edcula pl\u00e1stica triture las bolsas de pl\u00e1stico desechadas, el residuo pl\u00e1stico todav\u00eda est\u00e1 sucio. Como hay muchas manchas de aceite, polvo, pintura y otras manchas en la bolsa de pl\u00e1stico, es necesario limpiarlo antes de <a href=\"https:\/\/plastic-machines.org\/es\/product\/plastic-granulating-line\/\">granulaci\u00f3n<\/a>. Por lo tanto, es muy necesario enviarlo al tanque de limpieza de pl\u00e1stico para mejorar la calidad de las pellets recicladas y aumentar la eficiencia econ\u00f3mica.<\/p>    <h2 class=\"wp-block-heading\">Principio de funcionamiento de la lavadora de pl\u00e1stico.<\/h2>    <p>La lavadora de reciclaje de pl\u00e1stico se compone principalmente de un tanque de agua, un engranaje giratorio, un puerto de drenaje y otras estructuras. Cuando la pieza de pl\u00e1stico ingresa al tanque de agua, los engranajes giratorios impulsar\u00e1n una gran cantidad de pl\u00e1stico para que gire y se limpie durante la rotaci\u00f3n, y lo transportar\u00e1n al siguiente engranaje. Se instalan un total de diez engranajes en el tanque de agua y el movimiento circular limpiar\u00e1 el pl\u00e1stico.<\/p>    <figure class=\"wp-block-gallery has-nested-images columns-default is-cropped wp-block-gallery-2 is-layout-flex wp-block-gallery-is-layout-flex\"> <figure class=\"wp-block-image size-large\"><img loading=\"lazy\" decoding=\"async\" width=\"720\" height=\"540\" data-id=\"255\" src=\"https:\/\/plastic-machines.org\/wp-content\/uploads\/2022\/07\/rotating-gear.webp\" alt=\"Engranajes giratorios de lavadora de pel\u00edcula pl\u00e1stica.\" class=\"wp-image-255\" srcset=\"https:\/\/plastic-machines.org\/wp-content\/uploads\/2022\/07\/rotating-gear.webp 720w, https:\/\/plastic-machines.org\/wp-content\/uploads\/2022\/07\/rotating-gear-300x225.webp 300w\" sizes=\"auto, (max-width: 720px) 100vw, 720px\" \/><figcaption class=\"wp-element-caption\">engranajes giratorios<\/figcaption><\/figure>    <figure class=\"wp-block-image size-large\"><img loading=\"lazy\" decoding=\"async\" width=\"720\" height=\"540\" data-id=\"256\" src=\"https:\/\/plastic-machines.org\/wp-content\/uploads\/2022\/07\/drainage-port-on-the-tank.webp\" alt=\"Puerto de drenaje en el tanque de enjuague de pl\u00e1stico.\" class=\"wp-image-256\" srcset=\"https:\/\/plastic-machines.org\/wp-content\/uploads\/2022\/07\/drainage-port-on-the-tank.webp 720w, https:\/\/plastic-machines.org\/wp-content\/uploads\/2022\/07\/drainage-port-on-the-tank-300x225.webp 300w\" sizes=\"auto, (max-width: 720px) 100vw, 720px\" \/><figcaption class=\"wp-element-caption\">Puerto de drenaje en la lavadora de pel\u00edcula pl\u00e1stica.<\/figcaption><\/figure> <\/figure>    <h2 class=\"wp-block-heading\">Expositor de f\u00e1brica de tanques de lavado de pl\u00e1stico. <\/h2>    <p>Se necesitan un total de 10 engranajes giratorios, la distancia entre cada dos ruedas de mezcla es de 1.5-2 metros y la longitud de toda la m\u00e1quina es de aproximadamente 15-20 metros. El color de la m\u00e1quina ascendente puede ser personalizado por las demandas de nuestros clientes.<\/p>    <p class=\"translation-block\">En la <a href=\"https:\/\/plastic-machines.org\/es\/product\/plastic-granulating-line\/\">l\u00ednea de reciclaje de pl\u00e1stico<\/a> completa, el tanque de enjuague siempre est\u00e1 conectado con una <a href=\"https:\/\/plastic-machines.org\/es\/product\/plastic-film-dryer-machine\/\">m\u00e1quina de deshidrataci\u00f3n<\/a>, que se utiliza para elevar los materiales en el tanque y eliminar su agua extra.<\/p>    <figure class=\"wp-block-gallery has-nested-images columns-default is-cropped wp-block-gallery-3 is-layout-flex wp-block-gallery-is-layout-flex\"> <figure class=\"wp-block-image size-large\"><img loading=\"lazy\" decoding=\"async\" width=\"720\" height=\"540\" data-id=\"257\" src=\"https:\/\/plastic-machines.org\/wp-content\/uploads\/2022\/07\/washing-tank.webp\" alt=\"tanque de lavado para reciclaje de PP PE LDPE \" class=\"wp-image-257\" srcset=\"https:\/\/plastic-machines.org\/wp-content\/uploads\/2022\/07\/washing-tank.webp 720w, https:\/\/plastic-machines.org\/wp-content\/uploads\/2022\/07\/washing-tank-300x225.webp 300w\" sizes=\"auto, (max-width: 720px) 100vw, 720px\" \/><figcaption class=\"wp-element-caption\">tanque de lavado<\/figcaption><\/figure>    <figure class=\"wp-block-image size-large\"><img loading=\"lazy\" decoding=\"async\" width=\"720\" height=\"540\" data-id=\"258\" src=\"https:\/\/plastic-machines.org\/wp-content\/uploads\/2022\/07\/plastic-washing-machine.webp\" alt=\"lavadora de pelicula plastica\" class=\"wp-image-258\" srcset=\"https:\/\/plastic-machines.org\/wp-content\/uploads\/2022\/07\/plastic-washing-machine.webp 720w, https:\/\/plastic-machines.org\/wp-content\/uploads\/2022\/07\/plastic-washing-machine-300x225.webp 300w\" sizes=\"auto, (max-width: 720px) 100vw, 720px\" \/><figcaption class=\"wp-element-caption\">lavadora de plastico<\/figcaption><\/figure> <\/figure>    <figure class=\"wp-block-gallery has-nested-images columns-default is-cropped wp-block-gallery-4 is-layout-flex wp-block-gallery-is-layout-flex\"> <figure class=\"wp-block-image size-large\"><img loading=\"lazy\" decoding=\"async\" width=\"720\" height=\"540\" data-id=\"259\" src=\"https:\/\/plastic-machines.org\/wp-content\/uploads\/2022\/07\/plastic-rinsing-tank.webp\" alt=\"tanque de enjuague de pl\u00e1stico\" class=\"wp-image-259\" srcset=\"https:\/\/plastic-machines.org\/wp-content\/uploads\/2022\/07\/plastic-rinsing-tank.webp 720w, https:\/\/plastic-machines.org\/wp-content\/uploads\/2022\/07\/plastic-rinsing-tank-300x225.webp 300w\" sizes=\"auto, (max-width: 720px) 100vw, 720px\" \/><figcaption class=\"wp-element-caption\">tanque de enjuague de pl\u00e1stico<\/figcaption><\/figure>    <figure class=\"wp-block-image size-large\"><img loading=\"lazy\" decoding=\"async\" width=\"720\" height=\"540\" data-id=\"260\" src=\"https:\/\/plastic-machines.org\/wp-content\/uploads\/2022\/07\/rotating-gears.webp\" alt=\"Engranajes giratorios de lavadora de pl\u00e1stico.\" class=\"wp-image-260\" srcset=\"https:\/\/plastic-machines.org\/wp-content\/uploads\/2022\/07\/rotating-gears.webp 720w, https:\/\/plastic-machines.org\/wp-content\/uploads\/2022\/07\/rotating-gears-300x225.webp 300w\" sizes=\"auto, (max-width: 720px) 100vw, 720px\" \/><figcaption class=\"wp-element-caption\">engranajes giratorios<\/figcaption><\/figure> <\/figure>","protected":false},"excerpt":{"rendered":"<p>A plastic film washing machine is one of the common plastic cleaning equipment used in plastic film recycling lines for rinsing plastic shreds and removing sticker residue from plastic. The plastic washing tank is made of stainless steel, which is not easy to rust and has a long service life. Application of plastic film washing [&hellip;]<\/p>\n","protected":false},"author":1,"featured_media":455,"parent":0,"template":"","tags":[57,49,37,44],"product-type":[14],"class_list":["post-251","product","type-product","status-publish","has-post-thumbnail","hentry","tag-dry","tag-film","tag-hdpe","tag-pp","product-type-plastic-cleaning-drying-equipment"],"taxonomy_info":{"post_tag":[{"value":57,"label":"dry"},{"value":49,"label":"film"},{"value":37,"label":"HDPE"},{"value":44,"label":"PP"}],"product-type":[{"value":14,"label":"Plastic Cleaning&amp;Drying equipment"}]},"featured_image_src_large":["https:\/\/plastic-machines.org\/wp-content\/uploads\/2022\/06\/rinsing-tank1.webp",720,540,false],"author_info":{"display_name":"Ella","author_link":"https:\/\/plastic-machines.org\/es\/author\/admin\/"},"comment_info":"","_links":{"self":[{"href":"https:\/\/plastic-machines.org\/es\/wp-json\/wp\/v2\/product\/251","targetHints":{"allow":["GET"]}}],"collection":[{"href":"https:\/\/plastic-machines.org\/es\/wp-json\/wp\/v2\/product"}],"about":[{"href":"https:\/\/plastic-machines.org\/es\/wp-json\/wp\/v2\/types\/product"}],"author":[{"embeddable":true,"href":"https:\/\/plastic-machines.org\/es\/wp-json\/wp\/v2\/users\/1"}],"wp:featuredmedia":[{"embeddable":true,"href":"https:\/\/plastic-machines.org\/es\/wp-json\/wp\/v2\/media\/455"}],"wp:attachment":[{"href":"https:\/\/plastic-machines.org\/es\/wp-json\/wp\/v2\/media?parent=251"}],"wp:term":[{"taxonomy":"post_tag","embeddable":true,"href":"https:\/\/plastic-machines.org\/es\/wp-json\/wp\/v2\/tags?post=251"},{"taxonomy":"product-type","embeddable":true,"href":"https:\/\/plastic-machines.org\/es\/wp-json\/wp\/v2\/product-type?post=251"}],"curies":[{"name":"wp","href":"https:\/\/api.w.org\/{rel}","templated":true}]}}