{"id":186,"date":"2022-07-05T09:49:54","date_gmt":"2022-07-05T09:49:54","guid":{"rendered":"https:\/\/plastic-machines.org\/?post_type=product&#038;p=186"},"modified":"2025-11-13T16:09:36","modified_gmt":"2025-11-13T08:09:36","slug":"plastic-foam-pelletizing-line","status":"publish","type":"product","link":"https:\/\/plastic-machines.org\/es\/product\/plastic-foam-pelletizing-line\/","title":{"rendered":"L\u00ednea de granulaci\u00f3n de espuma pl\u00e1stica para reciclaje de poliestireno"},"content":{"rendered":"<div class=\"kk-star-ratings kksr-auto kksr-align-left kksr-valign-top\"     data-payload='{&quot;align&quot;:&quot;left&quot;,&quot;id&quot;:&quot;186&quot;,&quot;slug&quot;:&quot;default&quot;,&quot;valign&quot;:&quot;top&quot;,&quot;ignore&quot;:&quot;&quot;,&quot;reference&quot;:&quot;auto&quot;,&quot;class&quot;:&quot;&quot;,&quot;count&quot;:&quot;3&quot;,&quot;legendonly&quot;:&quot;&quot;,&quot;readonly&quot;:&quot;&quot;,&quot;score&quot;:&quot;5&quot;,&quot;starsonly&quot;:&quot;&quot;,&quot;best&quot;:&quot;5&quot;,&quot;gap&quot;:&quot;5&quot;,&quot;greet&quot;:&quot;Rate this product&quot;,&quot;legend&quot;:&quot;5\\\/5 - (3 votos)&quot;,&quot;size&quot;:&quot;24&quot;,&quot;title&quot;:&quot;Plastic Foam Pelletizing Line for Polystyrene Recycling&quot;,&quot;width&quot;:&quot;142.5&quot;,&quot;_legend&quot;:&quot;{score}\\\/{best} - ({count} {votes})&quot;,&quot;font_factor&quot;:&quot;1.25&quot;}'>              <div class=\"kksr-stars\">      <div class=\"kksr-stars-inactive\">             <div class=\"kksr-star\" data-star=\"1\" style=\"padding-right: 5px\">               <div class=\"kksr-icon\" style=\"width: 24px; height: 24px;\"><\/div>         <\/div>             <div class=\"kksr-star\" data-star=\"2\" style=\"padding-right: 5px\">               <div class=\"kksr-icon\" style=\"width: 24px; height: 24px;\"><\/div>         <\/div>             <div class=\"kksr-star\" data-star=\"3\" style=\"padding-right: 5px\">               <div class=\"kksr-icon\" style=\"width: 24px; height: 24px;\"><\/div>         <\/div>             <div class=\"kksr-star\" data-star=\"4\" style=\"padding-right: 5px\">               <div class=\"kksr-icon\" style=\"width: 24px; height: 24px;\"><\/div>         <\/div>             <div class=\"kksr-star\" data-star=\"5\" style=\"padding-right: 5px\">               <div class=\"kksr-icon\" style=\"width: 24px; height: 24px;\"><\/div>         <\/div>     <\/div>      <div class=\"kksr-stars-active\" style=\"width: 142.5px;\">             <div class=\"kksr-star\" style=\"padding-right: 5px\">               <div class=\"kksr-icon\" style=\"width: 24px; height: 24px;\"><\/div>         <\/div>             <div class=\"kksr-star\" style=\"padding-right: 5px\">               <div class=\"kksr-icon\" style=\"width: 24px; height: 24px;\"><\/div>         <\/div>             <div class=\"kksr-star\" style=\"padding-right: 5px\">               <div class=\"kksr-icon\" style=\"width: 24px; height: 24px;\"><\/div>         <\/div>             <div class=\"kksr-star\" style=\"padding-right: 5px\">               <div class=\"kksr-icon\" style=\"width: 24px; height: 24px;\"><\/div>         <\/div>             <div class=\"kksr-star\" style=\"padding-right: 5px\">               <div class=\"kksr-icon\" style=\"width: 24px; height: 24px;\"><\/div>         <\/div>     <\/div> <\/div>                   <div class=\"kksr-legend\" style=\"font-size: 19.2px;\">             5\/5 - (3 votos)    <\/div>     <\/div>  <p>La l\u00ednea de peletizaci\u00f3n de espuma pl\u00e1stica Shuliy se ocupa principalmente de espumas pl\u00e1sticas de desecho, los pl\u00e1sticos de desecho se triturar\u00e1n y luego se convertir\u00e1n en peque\u00f1os gr\u00e1nulos de pl\u00e1stico, que pueden reutilizarse como materiales de embalaje, aislamiento y otros materiales. El equipo m\u00e1s importante para las m\u00e1quinas de reciclaje de EPS son los granuladores, que funden y extruyen los gr\u00e1nulos.<\/p>    <figure class=\"wp-block-embed is-type-video is-provider-youtube wp-block-embed-youtube wp-embed-aspect-16-9 wp-has-aspect-ratio\"><div class=\"wp-block-embed__wrapper\"> <iframe loading=\"lazy\" title=\"M\u00e1quina de reciclaje de EPE EPS\/espuma de poliestireno | Granulador EPE EPS\" width=\"500\" height=\"281\" src=\"https:\/\/www.youtube.com\/embed\/cshcld4EPWc?feature=oembed\" frameborder=\"0\" allow=\"accelerometer; autoplay; clipboard-write; encrypted-media; gyroscope; picture-in-picture; web-share\" referrerpolicy=\"strict-origin-when-cross-origin\" allowfullscreen><\/iframe> <\/div><\/figure>    <h2 class=\"wp-block-heading\" id=\"h-what-are-the-waste-eps-and-epe-materials\">\u00bfCu\u00e1les son los materiales de desecho de EPS y EPE?<\/h2>    <p>Las personas en la vida diaria en todas partes y los productos pl\u00e1sticos en contacto, se han convertido en uno de los materiales indispensables para la vida y el desarrollo econ\u00f3mico de las personas. Con el continuo desarrollo y aplicaci\u00f3n de los pl\u00e1sticos, el EPE y el EPS (espuma de poliestireno\/poliestireno) se han utilizado ampliamente en materiales de embalaje y relleno.<\/p>    <p>La espuma de algod\u00f3n perlado EPE es un nuevo tipo de material de producto pl\u00e1stico, ampliamente utilizado en empaques de regalos, productos de ferreter\u00eda, art\u00edculos de primera necesidad y empaques de otros productos. El poliestireno expandido, conocido como EPS, es un pol\u00edmero ligero. Como cajas de espuma para comida r\u00e1pida, cajas de embalaje de espuma, materiales aislantes, espuma para embalaje exterior de refrigeradores y otra basura de espuma blanca.<\/p>   <div class=\"wp-block-image is-resized\"> <figure class=\"aligncenter size-full\"><img loading=\"lazy\" decoding=\"async\" width=\"720\" height=\"540\" src=\"https:\/\/plastic-machines.org\/wp-content\/uploads\/2022\/07\/raw-materials-of-the-EPS-granulators.webp\" alt=\"M\u00e1quina de reciclaje de poliestireno expandido\" class=\"wp-image-196\" srcset=\"https:\/\/plastic-machines.org\/wp-content\/uploads\/2022\/07\/raw-materials-of-the-EPS-granulators.webp 720w, https:\/\/plastic-machines.org\/wp-content\/uploads\/2022\/07\/raw-materials-of-the-EPS-granulators-300x225.webp 300w\" sizes=\"auto, (max-width: 720px) 100vw, 720px\" \/><figcaption class=\"wp-element-caption\">Materias primas de la l\u00ednea de granulaci\u00f3n de espuma pl\u00e1stica.<\/figcaption><\/figure> <\/div>   <h2 class=\"wp-block-heading\">Proceso de l\u00ednea de granulaci\u00f3n de espuma pl\u00e1stica.<\/h2>    <p>La espuma pl\u00e1stica de desecho recolectada se triturar\u00e1 primero con una trituradora de espuma de poliestireno y luego se fundir\u00e1 y extruir\u00e1 con un granulador de EPS.<\/p>    <div class=\"wp-block-media-text alignwide is-stacked-on-mobile\"><figure class=\"wp-block-media-text__media\"><img loading=\"lazy\" decoding=\"async\" width=\"720\" height=\"540\" src=\"https:\/\/plastic-machines.org\/wp-content\/uploads\/2022\/07\/horizontal-foam-compactor.webp\" alt=\"Compactador de reciclaje de espuma de poliestireno EPS\" class=\"wp-image-192 size-full\" srcset=\"https:\/\/plastic-machines.org\/wp-content\/uploads\/2022\/07\/horizontal-foam-compactor.webp 720w, https:\/\/plastic-machines.org\/wp-content\/uploads\/2022\/07\/horizontal-foam-compactor-300x225.webp 300w\" sizes=\"auto, (max-width: 720px) 100vw, 720px\" \/><\/figure><div class=\"wp-block-media-text__content\"> <p class=\"has-large-font-size\">compactador de poliestireno<\/p>    <p>Despu\u00e9s de que la espuma pl\u00e1stica es comprimida por el compactador de reciclaje de espuma de poliestireno EPS, la densidad de la espuma aumenta y la espuma tiene la forma de un bloque cuadrado, lo cual es muy conveniente para el transporte y el almacenamiento.<\/p> <\/div><\/div>    <div class=\"wp-block-media-text alignwide is-stacked-on-mobile\"><figure class=\"wp-block-media-text__media\"><img loading=\"lazy\" decoding=\"async\" width=\"720\" height=\"540\" src=\"https:\/\/plastic-machines.org\/wp-content\/uploads\/2022\/07\/Horizontal-foam-crusher.webp\" alt=\"Trituradora de espuma de pl\u00e1stico\" class=\"wp-image-190 size-full\" srcset=\"https:\/\/plastic-machines.org\/wp-content\/uploads\/2022\/07\/Horizontal-foam-crusher.webp 720w, https:\/\/plastic-machines.org\/wp-content\/uploads\/2022\/07\/Horizontal-foam-crusher-300x225.webp 300w\" sizes=\"auto, (max-width: 720px) 100vw, 720px\" \/><\/figure><div class=\"wp-block-media-text__content\"> <p class=\"has-large-font-size\">Trituradora de poliestireno<\/p>    <p>La m\u00e1quina trituradora de poliestireno se utiliza principalmente para triturar diversos materiales de espuma en trozos peque\u00f1os, y el estilo horizontal ahorra m\u00e1s trabajo.<\/p> <\/div><\/div>    <div class=\"wp-block-media-text alignwide is-stacked-on-mobile\"><figure class=\"wp-block-media-text__media\"><img loading=\"lazy\" decoding=\"async\" width=\"721\" height=\"543\" src=\"https:\/\/plastic-machines.org\/wp-content\/uploads\/2022\/07\/plastic-foam-granulator-.webp\" alt=\"M\u00e1quina granuladora de pl\u00e1stico para espuma pl\u00e1stica.\" class=\"wp-image-191 size-full\" srcset=\"https:\/\/plastic-machines.org\/wp-content\/uploads\/2022\/07\/plastic-foam-granulator-.webp 721w, https:\/\/plastic-machines.org\/wp-content\/uploads\/2022\/07\/plastic-foam-granulator--300x226.webp 300w\" sizes=\"auto, (max-width: 721px) 100vw, 721px\" \/><\/figure><div class=\"wp-block-media-text__content\"> <p class=\"has-large-font-size\">Granulador EPE EPS<\/p>    <p>El peletizador es adecuado para extruir y peletizar pl\u00e1sticos de desecho de EPE y EPS como materia prima y procesarlos en gr\u00e1nulos de pl\u00e1stico de EPE que son escasos en la industria del pl\u00e1stico.<\/p> <\/div><\/div>    <h2 class=\"wp-block-heading\">\u00bfPor qu\u00e9 necesita un compactador de reciclaje de poliestireno EPS?<\/h2>    <p class=\"translation-block\">La <strong><a href=\"https:\/\/plastic-machines.org\/es\/product\/foam-densifier-machine\/\" data-type=\"link\" data-id=\"https:\/\/plastic-machines.org\/product\/foam-densifier-machine\/\">m\u00e1quina de compactaci\u00f3n de espuma<\/a><\/strong> EPS es uno de los equipos de reciclaje de espuma pl\u00e1stica. Debido al gran tama\u00f1o y bajo peso de la espuma, el transporte es una gran inconveniencia. La prensa en fr\u00edo de espuma EPS puede compactar f\u00e1cilmente la espuma y reducir el volumen del pl\u00e1stico.<\/p>   <div class=\"wp-block-image\"> <figure class=\"aligncenter size-full\"><img loading=\"lazy\" decoding=\"async\" width=\"720\" height=\"540\" src=\"https:\/\/plastic-machines.org\/wp-content\/uploads\/2022\/07\/compressed-foam.webp\" alt=\"espuma comprimida\" class=\"wp-image-197\" srcset=\"https:\/\/plastic-machines.org\/wp-content\/uploads\/2022\/07\/compressed-foam.webp 720w, https:\/\/plastic-machines.org\/wp-content\/uploads\/2022\/07\/compressed-foam-300x225.webp 300w\" sizes=\"auto, (max-width: 720px) 100vw, 720px\" \/><figcaption class=\"wp-element-caption\">espuma comprimida<\/figcaption><\/figure> <\/div>   <ul class=\"wp-block-list\"> <li>El compactador de poliestireno est\u00e1 equipado con un dispositivo de pretrituraci\u00f3n independiente que puede triturar grandes trozos de espuma directamente.<\/li>    <li>La m\u00e1quina recicladora de espuma tiene una alta relaci\u00f3n de compresi\u00f3n, lo que puede reducir el volumen de espuma pl\u00e1stica 40 veces, ahorrando espacio de almacenamiento y transporte conveniente, ahorrando as\u00ed costos de almacenamiento.<\/li>    <li>No es necesario agregar materiales qu\u00edmicos ni calor durante el funcionamiento, y los bloques de espuma procesados \u200b\u200bno son t\u00f3xicos, son inodoros y son respetuosos con el medio ambiente.<\/li> <\/ul>   <div class=\"wp-block-image\"> <figure class=\"aligncenter size-large\"><img loading=\"lazy\" decoding=\"async\" width=\"679\" height=\"1024\" src=\"https:\/\/plastic-machines.org\/wp-content\/uploads\/2022\/07\/EPS-styrofoam-recycling-compactor-679x1024.webp\" alt=\"Compactador de reciclaje de espuma de poliestireno EPS\" class=\"wp-image-198\" srcset=\"https:\/\/plastic-machines.org\/wp-content\/uploads\/2022\/07\/EPS-styrofoam-recycling-compactor-679x1024.webp 679w, https:\/\/plastic-machines.org\/wp-content\/uploads\/2022\/07\/EPS-styrofoam-recycling-compactor-199x300.webp 199w, https:\/\/plastic-machines.org\/wp-content\/uploads\/2022\/07\/EPS-styrofoam-recycling-compactor.webp 720w\" sizes=\"auto, (max-width: 679px) 100vw, 679px\" \/><figcaption class=\"wp-element-caption\">Compactador de reciclaje de espuma de poliestireno EPS<\/figcaption><\/figure> <\/div>   <h2 class=\"wp-block-heading\">Equipo de granulaci\u00f3n de l\u00ednea de granulaci\u00f3n de espuma pl\u00e1stica.<\/h2>    <h3 class=\"wp-block-heading\">M\u00e1quina granuladora de espuma EPS<\/h3>    <p class=\"translation-block\">El <a href=\"https:\/\/plastic-machines.org\/es\/product\/eps-pelletizing-machine\/\">granulador de espuma EPS<\/a> adopta un barril de tornillo doble c\u00f3nico, lo que acelera la velocidad de alimentaci\u00f3n y aumenta significativamente la producci\u00f3n. La producci\u00f3n del modelo com\u00fanmente utilizado es de 150-375kg\/hora. La m\u00e1quina granuladora de pl\u00e1stico se produce mediante las m\u00e1quinas principales y auxiliares, la temperatura de calentamiento es estable, la estructura molecular del material se mejora eficazmente y la calidad de las part\u00edculas pl\u00e1sticas es alta. La unidad de pelletizado est\u00e1 compuesta principalmente por un triturador, un extrusor y un pelletizador de tracci\u00f3n autom\u00e1tica, y el proceso de producci\u00f3n es libre de contaminaci\u00f3n.<\/p>   <div class=\"wp-block-image\"> <figure class=\"aligncenter size-full\"><img loading=\"lazy\" decoding=\"async\" width=\"720\" height=\"540\" src=\"https:\/\/plastic-machines.org\/wp-content\/uploads\/2022\/06\/EPS-Pelletizing-Machine1.webp\" alt=\"M\u00e1quina granuladora de EPS\" class=\"wp-image-442\" srcset=\"https:\/\/plastic-machines.org\/wp-content\/uploads\/2022\/06\/EPS-Pelletizing-Machine1.webp 720w, https:\/\/plastic-machines.org\/wp-content\/uploads\/2022\/06\/EPS-Pelletizing-Machine1-300x225.webp 300w\" sizes=\"auto, (max-width: 720px) 100vw, 720px\" \/><figcaption class=\"wp-element-caption\">M\u00e1quina granuladora de EPS<\/figcaption><\/figure> <\/div>   <h3 class=\"wp-block-heading\">M\u00e1quina granuladora de espuma EPE<\/h3>    <p>El granulador de espuma EPE incluye un sistema de alimentaci\u00f3n, sistemas de compactaci\u00f3n y extrusi\u00f3n. Debido a la particularidad del pl\u00e1stico EPE, la longitud del cilindro de la peletizadora es m\u00e1s larga que la de la peletizadora EPS, y es f\u00e1cil de identificar observando la apariencia. Todos los est\u00e1ndares el\u00e9ctricos del equipo cumplen con los est\u00e1ndares europeos y el rendimiento es alto.<\/p>   <div class=\"wp-block-image\"> <figure class=\"aligncenter size-full\"><img loading=\"lazy\" decoding=\"async\" width=\"720\" height=\"540\" src=\"https:\/\/plastic-machines.org\/wp-content\/uploads\/2022\/07\/EPE-granulator.webp\" alt=\"granulador EPE\" class=\"wp-image-200\" srcset=\"https:\/\/plastic-machines.org\/wp-content\/uploads\/2022\/07\/EPE-granulator.webp 720w, https:\/\/plastic-machines.org\/wp-content\/uploads\/2022\/07\/EPE-granulator-300x225.webp 300w\" sizes=\"auto, (max-width: 720px) 100vw, 720px\" \/><figcaption class=\"wp-element-caption\">granulador EPE<\/figcaption><\/figure> <\/div>   <h2 class=\"wp-block-heading\">Video de la l\u00ednea de granulaci\u00f3n de espuma pl\u00e1stica.<\/h2>    <figure class=\"wp-block-embed is-type-video is-provider-youtube wp-block-embed-youtube wp-embed-aspect-16-9 wp-has-aspect-ratio\"><div class=\"wp-block-embed__wrapper\"> <iframe loading=\"lazy\" title=\"M\u00e1quina para fabricar gr\u00e1nulos de EPS\" width=\"500\" height=\"281\" src=\"https:\/\/www.youtube.com\/embed\/3qXNT5nN5Ag?list=PLmQgsSbeu0tXsNBww95upbWcnO_cYfyh4\" frameborder=\"0\" allow=\"accelerometer; autoplay; clipboard-write; encrypted-media; gyroscope; picture-in-picture; web-share\" referrerpolicy=\"strict-origin-when-cross-origin\" allowfullscreen><\/iframe> <\/div><\/figure>    <h2 class=\"wp-block-heading\" id=\"h-plastic-foam-pelletizing-line-factory-display\">Pantalla de f\u00e1brica de l\u00ednea de granulaci\u00f3n de espuma pl\u00e1stica <\/h2>    <figure class=\"wp-block-gallery has-nested-images columns-default is-cropped wp-block-gallery-2 is-layout-flex wp-block-gallery-is-layout-flex\"> <figure class=\"wp-block-image size-large\"><img loading=\"lazy\" decoding=\"async\" width=\"720\" height=\"540\" data-id=\"201\" src=\"https:\/\/plastic-machines.org\/wp-content\/uploads\/2022\/07\/EPE-pelletizer.webp\" alt=\"peletizadora EPE\" class=\"wp-image-201\" srcset=\"https:\/\/plastic-machines.org\/wp-content\/uploads\/2022\/07\/EPE-pelletizer.webp 720w, https:\/\/plastic-machines.org\/wp-content\/uploads\/2022\/07\/EPE-pelletizer-300x225.webp 300w\" sizes=\"auto, (max-width: 720px) 100vw, 720px\" \/><figcaption class=\"wp-element-caption\">peletizadora EPE<\/figcaption><\/figure>    <figure class=\"wp-block-image size-large\"><img loading=\"lazy\" decoding=\"async\" width=\"720\" height=\"540\" data-id=\"202\" src=\"https:\/\/plastic-machines.org\/wp-content\/uploads\/2022\/07\/EPS-pelletizer.webp\" alt=\"peletizadora de EPS\" class=\"wp-image-202\" srcset=\"https:\/\/plastic-machines.org\/wp-content\/uploads\/2022\/07\/EPS-pelletizer.webp 720w, https:\/\/plastic-machines.org\/wp-content\/uploads\/2022\/07\/EPS-pelletizer-300x225.webp 300w\" sizes=\"auto, (max-width: 720px) 100vw, 720px\" \/><figcaption class=\"wp-element-caption\">peletizadora de EPS<\/figcaption><\/figure> <\/figure>    <figure class=\"wp-block-gallery has-nested-images columns-default is-cropped wp-block-gallery-3 is-layout-flex wp-block-gallery-is-layout-flex\"> <figure class=\"wp-block-image size-large\"><img loading=\"lazy\" decoding=\"async\" width=\"720\" height=\"540\" data-id=\"204\" src=\"https:\/\/plastic-machines.org\/wp-content\/uploads\/2022\/07\/machines-in-stock-.webp\" alt=\"M\u00e1quinas de reciclaje de poliestireno en stock\" class=\"wp-image-204\" srcset=\"https:\/\/plastic-machines.org\/wp-content\/uploads\/2022\/07\/machines-in-stock-.webp 720w, https:\/\/plastic-machines.org\/wp-content\/uploads\/2022\/07\/machines-in-stock--300x225.webp 300w\" sizes=\"auto, (max-width: 720px) 100vw, 720px\" \/><figcaption class=\"wp-element-caption\">M\u00e1quinas de reciclaje de poliestireno en stock<\/figcaption><\/figure>    <figure class=\"wp-block-image size-large\"><img loading=\"lazy\" decoding=\"async\" width=\"720\" height=\"540\" data-id=\"205\" src=\"https:\/\/plastic-machines.org\/wp-content\/uploads\/2022\/07\/our-factory.webp\" alt=\"nuestra f\u00e1brica\" class=\"wp-image-205\" srcset=\"https:\/\/plastic-machines.org\/wp-content\/uploads\/2022\/07\/our-factory.webp 720w, https:\/\/plastic-machines.org\/wp-content\/uploads\/2022\/07\/our-factory-300x225.webp 300w\" sizes=\"auto, (max-width: 720px) 100vw, 720px\" \/><figcaption class=\"wp-element-caption\">nuestra f\u00e1brica<\/figcaption><\/figure> <\/figure>    <figure class=\"wp-block-gallery has-nested-images columns-default is-cropped wp-block-gallery-4 is-layout-flex wp-block-gallery-is-layout-flex\"> <figure class=\"wp-block-image size-large\"><img loading=\"lazy\" decoding=\"async\" width=\"720\" height=\"540\" data-id=\"206\" src=\"https:\/\/plastic-machines.org\/wp-content\/uploads\/2022\/07\/plastic-crusher-1-1.webp\" alt=\"trituradora de pl\u00e1stico para EPS EPE\" class=\"wp-image-206\" srcset=\"https:\/\/plastic-machines.org\/wp-content\/uploads\/2022\/07\/plastic-crusher-1-1.webp 720w, https:\/\/plastic-machines.org\/wp-content\/uploads\/2022\/07\/plastic-crusher-1-1-300x225.webp 300w\" sizes=\"auto, (max-width: 720px) 100vw, 720px\" \/><figcaption class=\"wp-element-caption\">trituradora de pl\u00e1stico para EPS EPE<\/figcaption><\/figure>    <figure class=\"wp-block-image size-large\"><img loading=\"lazy\" decoding=\"async\" width=\"720\" height=\"540\" data-id=\"207\" src=\"https:\/\/plastic-machines.org\/wp-content\/uploads\/2022\/07\/storage-bins.webp\" alt=\"contenedores de almacenamiento de pellets\" class=\"wp-image-207\" srcset=\"https:\/\/plastic-machines.org\/wp-content\/uploads\/2022\/07\/storage-bins.webp 720w, https:\/\/plastic-machines.org\/wp-content\/uploads\/2022\/07\/storage-bins-300x225.webp 300w\" sizes=\"auto, (max-width: 720px) 100vw, 720px\" \/><figcaption class=\"wp-element-caption\">contenedores de almacenamiento de pellets<\/figcaption><\/figure> <\/figure>    <figure class=\"wp-block-gallery has-nested-images columns-default is-cropped wp-block-gallery-5 is-layout-flex wp-block-gallery-is-layout-flex\"> <figure class=\"wp-block-image size-large\"><img loading=\"lazy\" decoding=\"async\" width=\"720\" height=\"540\" data-id=\"208\" src=\"https:\/\/plastic-machines.org\/wp-content\/uploads\/2022\/07\/quality-accessories-2.webp\" alt=\"accesorios de calidad\" class=\"wp-image-208\" srcset=\"https:\/\/plastic-machines.org\/wp-content\/uploads\/2022\/07\/quality-accessories-2.webp 720w, https:\/\/plastic-machines.org\/wp-content\/uploads\/2022\/07\/quality-accessories-2-300x225.webp 300w\" sizes=\"auto, (max-width: 720px) 100vw, 720px\" \/><figcaption class=\"wp-element-caption\">accesorios de calidad <\/figcaption><\/figure>    <figure class=\"wp-block-image size-large\"><img loading=\"lazy\" decoding=\"async\" width=\"720\" height=\"540\" data-id=\"211\" src=\"https:\/\/plastic-machines.org\/wp-content\/uploads\/2022\/07\/Quality-motors-1.webp\" alt=\"Motores de calidad para reciclaje de poliestireno\" class=\"wp-image-211\" srcset=\"https:\/\/plastic-machines.org\/wp-content\/uploads\/2022\/07\/Quality-motors-1.webp 720w, https:\/\/plastic-machines.org\/wp-content\/uploads\/2022\/07\/Quality-motors-1-300x225.webp 300w\" sizes=\"auto, (max-width: 720px) 100vw, 720px\" \/><figcaption class=\"wp-element-caption\">Motores de calidad para reciclaje de poliestireno<\/figcaption><\/figure> <\/figure>","protected":false},"excerpt":{"rendered":"<p>Shuliy plastic foam pelletizing line mainly copes with waste plastic foams, the waste plastics will be crushed and then turned into small plastic pellets, which can be reused as packaging materials, insulation, and other materials. The most important equipment for EPS recycling machines is granulators, which will melt and extrude pellets. What are the waste [&hellip;]<\/p>\n","protected":false},"author":1,"featured_media":1546,"parent":0,"template":"","tags":[43],"product-type":[13],"class_list":["post-186","product","type-product","status-publish","has-post-thumbnail","hentry","tag-eps","product-type-plastic-recycling-lines"],"taxonomy_info":{"post_tag":[{"value":43,"label":"EPS"}],"product-type":[{"value":13,"label":"Plastic Recycling Lines"}]},"featured_image_src_large":["https:\/\/plastic-machines.org\/wp-content\/uploads\/2022\/07\/eps-recycling-machine.webp",720,540,false],"author_info":{"display_name":"Ella","author_link":"https:\/\/plastic-machines.org\/es\/author\/admin\/"},"comment_info":"","_links":{"self":[{"href":"https:\/\/plastic-machines.org\/es\/wp-json\/wp\/v2\/product\/186","targetHints":{"allow":["GET"]}}],"collection":[{"href":"https:\/\/plastic-machines.org\/es\/wp-json\/wp\/v2\/product"}],"about":[{"href":"https:\/\/plastic-machines.org\/es\/wp-json\/wp\/v2\/types\/product"}],"author":[{"embeddable":true,"href":"https:\/\/plastic-machines.org\/es\/wp-json\/wp\/v2\/users\/1"}],"wp:featuredmedia":[{"embeddable":true,"href":"https:\/\/plastic-machines.org\/es\/wp-json\/wp\/v2\/media\/1546"}],"wp:attachment":[{"href":"https:\/\/plastic-machines.org\/es\/wp-json\/wp\/v2\/media?parent=186"}],"wp:term":[{"taxonomy":"post_tag","embeddable":true,"href":"https:\/\/plastic-machines.org\/es\/wp-json\/wp\/v2\/tags?post=186"},{"taxonomy":"product-type","embeddable":true,"href":"https:\/\/plastic-machines.org\/es\/wp-json\/wp\/v2\/product-type?post=186"}],"curies":[{"name":"wp","href":"https:\/\/api.w.org\/{rel}","templated":true}]}}