{"id":1661,"date":"2024-12-12T17:36:38","date_gmt":"2024-12-12T09:36:38","guid":{"rendered":"https:\/\/plastic-machines.org\/?post_type=product&#038;p=1661"},"modified":"2026-01-28T14:21:03","modified_gmt":"2026-01-28T06:21:03","slug":"styrofoam-shredder","status":"publish","type":"product","link":"https:\/\/plastic-machines.org\/es\/product\/styrofoam-shredder\/","title":{"rendered":"Trituradora de poliestireno | Trituradora de espuma EPS"},"content":{"rendered":"<div class=\"kk-star-ratings kksr-auto kksr-align-left kksr-valign-top\"     data-payload='{&quot;align&quot;:&quot;left&quot;,&quot;id&quot;:&quot;1661&quot;,&quot;slug&quot;:&quot;default&quot;,&quot;valign&quot;:&quot;top&quot;,&quot;ignore&quot;:&quot;&quot;,&quot;reference&quot;:&quot;auto&quot;,&quot;class&quot;:&quot;&quot;,&quot;count&quot;:&quot;4&quot;,&quot;legendonly&quot;:&quot;&quot;,&quot;readonly&quot;:&quot;&quot;,&quot;score&quot;:&quot;5&quot;,&quot;starsonly&quot;:&quot;&quot;,&quot;best&quot;:&quot;5&quot;,&quot;gap&quot;:&quot;5&quot;,&quot;greet&quot;:&quot;Rate this product&quot;,&quot;legend&quot;:&quot;5\\\/5 - (4 votos)&quot;,&quot;size&quot;:&quot;24&quot;,&quot;title&quot;:&quot;Styrofoam Shredder | EPS Foam Crusher&quot;,&quot;width&quot;:&quot;142.5&quot;,&quot;_legend&quot;:&quot;{score}\\\/{best} - ({count} {votes})&quot;,&quot;font_factor&quot;:&quot;1.25&quot;}'>              <div class=\"kksr-stars\">      <div class=\"kksr-stars-inactive\">             <div class=\"kksr-star\" data-star=\"1\" style=\"padding-right: 5px\">               <div class=\"kksr-icon\" style=\"width: 24px; height: 24px;\"><\/div>         <\/div>             <div class=\"kksr-star\" data-star=\"2\" style=\"padding-right: 5px\">               <div class=\"kksr-icon\" style=\"width: 24px; height: 24px;\"><\/div>         <\/div>             <div class=\"kksr-star\" data-star=\"3\" style=\"padding-right: 5px\">               <div class=\"kksr-icon\" style=\"width: 24px; height: 24px;\"><\/div>         <\/div>             <div class=\"kksr-star\" data-star=\"4\" style=\"padding-right: 5px\">               <div class=\"kksr-icon\" style=\"width: 24px; height: 24px;\"><\/div>         <\/div>             <div class=\"kksr-star\" data-star=\"5\" style=\"padding-right: 5px\">               <div class=\"kksr-icon\" style=\"width: 24px; height: 24px;\"><\/div>         <\/div>     <\/div>      <div class=\"kksr-stars-active\" style=\"width: 142.5px;\">             <div class=\"kksr-star\" style=\"padding-right: 5px\">               <div class=\"kksr-icon\" style=\"width: 24px; height: 24px;\"><\/div>         <\/div>             <div class=\"kksr-star\" style=\"padding-right: 5px\">               <div class=\"kksr-icon\" style=\"width: 24px; height: 24px;\"><\/div>         <\/div>             <div class=\"kksr-star\" style=\"padding-right: 5px\">               <div class=\"kksr-icon\" style=\"width: 24px; height: 24px;\"><\/div>         <\/div>             <div class=\"kksr-star\" style=\"padding-right: 5px\">               <div class=\"kksr-icon\" style=\"width: 24px; height: 24px;\"><\/div>         <\/div>             <div class=\"kksr-star\" style=\"padding-right: 5px\">               <div class=\"kksr-icon\" style=\"width: 24px; height: 24px;\"><\/div>         <\/div>     <\/div> <\/div>                   <div class=\"kksr-legend\" style=\"font-size: 19.2px;\">             5\/5 - (4 votos)    <\/div>     <\/div>  <p>La trituradora de espuma Shuily puede triturar los residuos de espuma pl\u00e1stica en pedazos peque\u00f1os, un paso que suele ser el primer paso en el reciclaje. La trituradora de espuma tritura una variedad de materiales de EPS y EPE y puede ayudarlo a reducir el volumen de sus desechos de EPS. La espuma triturada se puede comprimir en bloques de espuma o fundir para granular.<\/p>    <p>Materiales aplicables: EPS\/espuma, espuma EPE\/PE, EPP, PSP, XPS, PUR y otros pl\u00e1sticos tipo espuma.<\/p>    <figure class=\"wp-block-embed is-type-video is-provider-youtube wp-block-embed-youtube wp-embed-aspect-16-9 wp-has-aspect-ratio\"><div class=\"wp-block-embed__wrapper\"> <iframe loading=\"lazy\" title=\"M\u00e1quinas trituradoras de EPS\/estireno\/poliestireno para planta de reciclaje de pl\u00e1stico\" width=\"500\" height=\"281\" src=\"https:\/\/www.youtube.com\/embed\/uM_sUH_1OwE?feature=oembed\" frameborder=\"0\" allow=\"accelerometer; autoplay; clipboard-write; encrypted-media; gyroscope; picture-in-picture; web-share\" referrerpolicy=\"strict-origin-when-cross-origin\" allowfullscreen><\/iframe> <\/div><\/figure>    <h2 class=\"wp-block-heading\">Ventajas de la trituradora de poliestireno<\/h2>    <ul class=\"wp-block-list\"> <li>La m\u00e1quina trituradora Shuliy cumple con las normas CE y se ha vendido en todo el mundo.<\/li>    <li>En comparaci\u00f3n con la trituradora vertical tradicional, Shuliy dise\u00f1\u00f3 una gran tolva de alimentaci\u00f3n horizontal, que est\u00e1 horizontal al suelo, su alimentaci\u00f3n es m\u00e1s r\u00e1pida y conveniente.<\/li>    <li>La eficiente trituradora de poliestireno tritura la espuma en peque\u00f1os trozos de 30 a 60 mm de tama\u00f1o.<\/li>    <li>Shuliy proporciona una soluci\u00f3n completa de reciclaje de espuma de poliestireno para plantas de reciclaje globales. Despu\u00e9s de una trituradora, las hojuelas de espuma trituradas se pueden enviar a un granulador y otras secciones de peletizaci\u00f3n. Los pellets finales se pueden utilizar para producir otros productos.<\/li> <\/ul>    <figure class=\"wp-block-gallery has-nested-images columns-default is-cropped wp-block-gallery-2 is-layout-flex wp-block-gallery-is-layout-flex\"> <figure class=\"wp-block-image size-large\"><img loading=\"lazy\" decoding=\"async\" width=\"720\" height=\"540\" data-id=\"1543\" src=\"https:\/\/plastic-machines.org\/wp-content\/uploads\/2022\/07\/eps-polystyrene-recycling-machine.webp\" alt=\"m\u00e1quina de reciclaje de poliestireno eps\" class=\"wp-image-1543\" srcset=\"https:\/\/plastic-machines.org\/wp-content\/uploads\/2022\/07\/eps-polystyrene-recycling-machine.webp 720w, https:\/\/plastic-machines.org\/wp-content\/uploads\/2022\/07\/eps-polystyrene-recycling-machine-300x225.webp 300w, https:\/\/plastic-machines.org\/wp-content\/uploads\/2022\/07\/eps-polystyrene-recycling-machine-16x12.webp 16w\" sizes=\"auto, (max-width: 720px) 100vw, 720px\" \/><figcaption class=\"wp-element-caption\">granulador de reciclaje de poliestireno<\/figcaption><\/figure>    <figure class=\"wp-block-image size-large\"><img loading=\"lazy\" decoding=\"async\" width=\"720\" height=\"540\" data-id=\"1544\" src=\"https:\/\/plastic-machines.org\/wp-content\/uploads\/2022\/07\/eps-recycling-machine-2.webp\" alt=\"m\u00e1quina de reciclaje de eps\" class=\"wp-image-1544\" srcset=\"https:\/\/plastic-machines.org\/wp-content\/uploads\/2022\/07\/eps-recycling-machine-2.webp 720w, https:\/\/plastic-machines.org\/wp-content\/uploads\/2022\/07\/eps-recycling-machine-2-300x225.webp 300w, https:\/\/plastic-machines.org\/wp-content\/uploads\/2022\/07\/eps-recycling-machine-2-16x12.webp 16w\" sizes=\"auto, (max-width: 720px) 100vw, 720px\" \/><figcaption class=\"wp-element-caption\">unidad de peletizaci\u00f3n de reciclaje de eps<\/figcaption><\/figure> <\/figure>    <figure class=\"wp-block-gallery has-nested-images columns-default is-cropped wp-block-gallery-3 is-layout-flex wp-block-gallery-is-layout-flex\"> <figure class=\"wp-block-image size-large\"><img loading=\"lazy\" decoding=\"async\" width=\"720\" height=\"540\" data-id=\"2037\" src=\"https:\/\/plastic-machines.org\/wp-content\/uploads\/2024\/12\/EPS-Foam-Crusher.jpg\" alt=\"Trituradora de Espuma de EPS\" class=\"wp-image-2037\" srcset=\"https:\/\/plastic-machines.org\/wp-content\/uploads\/2024\/12\/EPS-Foam-Crusher.jpg 720w, https:\/\/plastic-machines.org\/wp-content\/uploads\/2024\/12\/EPS-Foam-Crusher-300x225.jpg 300w, https:\/\/plastic-machines.org\/wp-content\/uploads\/2024\/12\/EPS-Foam-Crusher-16x12.jpg 16w\" sizes=\"auto, (max-width: 720px) 100vw, 720px\" \/><figcaption class=\"wp-element-caption\">Trituradora de Espuma de EPS<\/figcaption><\/figure>    <figure class=\"wp-block-image size-large\"><img loading=\"lazy\" decoding=\"async\" width=\"720\" height=\"540\" data-id=\"2038\" src=\"https:\/\/plastic-machines.org\/wp-content\/uploads\/2024\/12\/Styrofoam-Shredder.jpg\" alt=\"Trituradora de Poliestireno\" class=\"wp-image-2038\" srcset=\"https:\/\/plastic-machines.org\/wp-content\/uploads\/2024\/12\/Styrofoam-Shredder.jpg 720w, https:\/\/plastic-machines.org\/wp-content\/uploads\/2024\/12\/Styrofoam-Shredder-300x225.jpg 300w, https:\/\/plastic-machines.org\/wp-content\/uploads\/2024\/12\/Styrofoam-Shredder-16x12.jpg 16w\" sizes=\"auto, (max-width: 720px) 100vw, 720px\" \/><figcaption class=\"wp-element-caption\">Trituradora de Poliestireno<\/figcaption><\/figure>    <figure class=\"wp-block-image size-large\"><img loading=\"lazy\" decoding=\"async\" width=\"720\" height=\"540\" data-id=\"2039\" src=\"https:\/\/plastic-machines.org\/wp-content\/uploads\/2024\/12\/Styrofoam-Shredder-machine.jpg\" alt=\"M\u00e1quina trituradora de poliestireno\" class=\"wp-image-2039\" srcset=\"https:\/\/plastic-machines.org\/wp-content\/uploads\/2024\/12\/Styrofoam-Shredder-machine.jpg 720w, https:\/\/plastic-machines.org\/wp-content\/uploads\/2024\/12\/Styrofoam-Shredder-machine-300x225.jpg 300w, https:\/\/plastic-machines.org\/wp-content\/uploads\/2024\/12\/Styrofoam-Shredder-machine-16x12.jpg 16w\" sizes=\"auto, (max-width: 720px) 100vw, 720px\" \/><figcaption class=\"wp-element-caption\">M\u00e1quina trituradora de poliestireno<\/figcaption><\/figure> <\/figure>    <h2 class=\"wp-block-heading\">Datos t\u00e9cnicos de la trituradora de EPS\/espuma de poliestireno<\/h2>    <p>La capacidad de trituraci\u00f3n de la m\u00e1quina trituradora es de 250-500 kg\/h. El puerto de alimentaci\u00f3n de la trituradora es lo suficientemente grande para la mayor\u00eda de las f\u00e1bricas de reciclaje. Si tiene otros requisitos, puede contactarnos en cualquier momento.<\/p>    <figure class=\"wp-block-table\"><table class=\"has-fixed-layout\"><tbody><tr><td>Modelo trituradora<\/td><td>Tama\u00f1o total (mm)<\/td><td>Tama\u00f1o del puerto de alimentaci\u00f3n (mm)<\/td><td>Potencia (kilovatios)<\/td><td>Salida de trituraci\u00f3n (KG\/H)<\/td><\/tr><tr><td>SL-800<\/td><td>1250*1290*660<\/td><td>800*600<\/td><td>5.5<\/td><td>250-300<\/td><\/tr><tr><td>SL-1000<\/td><td>1250*1530*660<\/td><td>1000*600<\/td><td>5.5<\/td><td>300-350<\/td><\/tr><tr><td>SL-1200<\/td><td>1300*1730*700<\/td><td>1200*600<\/td><td>7.5<\/td><td>400-450<\/td><\/tr><tr><td>SL-1500<\/td><td>1600*2200*800<\/td><td>1500*800<\/td><td>11<\/td><td>450-500<\/td><\/tr><\/tbody><\/table><\/figure>    <h2 class=\"wp-block-heading\"> Trituradora para espuma EPS<\/h2>    <p>En la imagen, puede ver que los residuos de EPS y EPE se han triturado en pedazos; la trituradora de espuma puede triturar todo tipo de espuma a granel en tama\u00f1os uniformes. La espuma EPS se puede convertir en otros productos despu\u00e9s de triturarla.<\/p>    <figure class=\"wp-block-gallery has-nested-images columns-default is-cropped wp-block-gallery-4 is-layout-flex wp-block-gallery-is-layout-flex\"> <figure class=\"wp-block-image size-large\"><img loading=\"lazy\" decoding=\"async\" width=\"720\" height=\"540\" data-id=\"1662\" src=\"https:\/\/plastic-machines.org\/wp-content\/uploads\/2024\/12\/EPS-crushing-.webp\" alt=\"Trituraci\u00f3n de EPS\" class=\"wp-image-1662\" srcset=\"https:\/\/plastic-machines.org\/wp-content\/uploads\/2024\/12\/EPS-crushing-.webp 720w, https:\/\/plastic-machines.org\/wp-content\/uploads\/2024\/12\/EPS-crushing--300x225.webp 300w, https:\/\/plastic-machines.org\/wp-content\/uploads\/2024\/12\/EPS-crushing--16x12.webp 16w\" sizes=\"auto, (max-width: 720px) 100vw, 720px\" \/><figcaption class=\"wp-element-caption\">Trituraci\u00f3n de EPS<\/figcaption><\/figure>    <figure class=\"wp-block-image size-large\"><img loading=\"lazy\" decoding=\"async\" width=\"720\" height=\"540\" data-id=\"1663\" src=\"https:\/\/plastic-machines.org\/wp-content\/uploads\/2024\/12\/PE-foam-recycling.webp\" alt=\"Reciclaje de espuma de PE\" class=\"wp-image-1663\" srcset=\"https:\/\/plastic-machines.org\/wp-content\/uploads\/2024\/12\/PE-foam-recycling.webp 720w, https:\/\/plastic-machines.org\/wp-content\/uploads\/2024\/12\/PE-foam-recycling-300x225.webp 300w, https:\/\/plastic-machines.org\/wp-content\/uploads\/2024\/12\/PE-foam-recycling-16x12.webp 16w\" sizes=\"auto, (max-width: 720px) 100vw, 720px\" \/><figcaption class=\"wp-element-caption\">Reciclaje de espuma de PE<\/figcaption><\/figure> <\/figure>","protected":false},"excerpt":{"rendered":"<p>Shuily foam crusher can crush waste plastic foam into small pieces, a step that is usually the first step in recycling. The Foam Crusher crushes a variety of EPS and EPE materials and can help you reduce the volume of your EPS waste. The crushed foam can be compressed into foam blocks or melted for [&hellip;]<\/p>\n","protected":false},"author":1,"featured_media":1664,"parent":0,"template":"","tags":[43],"product-type":[15],"class_list":["post-1661","product","type-product","status-publish","has-post-thumbnail","hentry","tag-eps","product-type-plastic-crushing-equipment"],"taxonomy_info":{"post_tag":[{"value":43,"label":"EPS"}],"product-type":[{"value":15,"label":"Plastic Crushing Equipment"}]},"featured_image_src_large":["https:\/\/plastic-machines.org\/wp-content\/uploads\/2024\/12\/styrofoam-shredder2.webp",720,540,false],"author_info":{"display_name":"Ella","author_link":"https:\/\/plastic-machines.org\/es\/author\/admin\/"},"comment_info":"","_links":{"self":[{"href":"https:\/\/plastic-machines.org\/es\/wp-json\/wp\/v2\/product\/1661","targetHints":{"allow":["GET"]}}],"collection":[{"href":"https:\/\/plastic-machines.org\/es\/wp-json\/wp\/v2\/product"}],"about":[{"href":"https:\/\/plastic-machines.org\/es\/wp-json\/wp\/v2\/types\/product"}],"author":[{"embeddable":true,"href":"https:\/\/plastic-machines.org\/es\/wp-json\/wp\/v2\/users\/1"}],"wp:featuredmedia":[{"embeddable":true,"href":"https:\/\/plastic-machines.org\/es\/wp-json\/wp\/v2\/media\/1664"}],"wp:attachment":[{"href":"https:\/\/plastic-machines.org\/es\/wp-json\/wp\/v2\/media?parent=1661"}],"wp:term":[{"taxonomy":"post_tag","embeddable":true,"href":"https:\/\/plastic-machines.org\/es\/wp-json\/wp\/v2\/tags?post=1661"},{"taxonomy":"product-type","embeddable":true,"href":"https:\/\/plastic-machines.org\/es\/wp-json\/wp\/v2\/product-type?post=1661"}],"curies":[{"name":"wp","href":"https:\/\/api.w.org\/{rel}","templated":true}]}}