{"id":155,"date":"2022-07-04T03:45:03","date_gmt":"2022-07-04T03:45:03","guid":{"rendered":"https:\/\/plastic-machines.org\/?post_type=product&#038;p=155"},"modified":"2025-11-18T11:34:53","modified_gmt":"2025-11-18T03:34:53","slug":"plastic-bottle-crusher","status":"publish","type":"product","link":"https:\/\/plastic-machines.org\/es\/product\/plastic-bottle-crusher\/","title":{"rendered":"Trituradora de botellas de pl\u00e1stico para planta de molienda de PET"},"content":{"rendered":"<div class=\"kk-star-ratings kksr-auto kksr-align-left kksr-valign-top\"     data-payload='{&quot;align&quot;:&quot;left&quot;,&quot;id&quot;:&quot;155&quot;,&quot;slug&quot;:&quot;default&quot;,&quot;valign&quot;:&quot;top&quot;,&quot;ignore&quot;:&quot;&quot;,&quot;reference&quot;:&quot;auto&quot;,&quot;class&quot;:&quot;&quot;,&quot;count&quot;:&quot;3&quot;,&quot;legendonly&quot;:&quot;&quot;,&quot;readonly&quot;:&quot;&quot;,&quot;score&quot;:&quot;5&quot;,&quot;starsonly&quot;:&quot;&quot;,&quot;best&quot;:&quot;5&quot;,&quot;gap&quot;:&quot;5&quot;,&quot;greet&quot;:&quot;Rate this product&quot;,&quot;legend&quot;:&quot;5\\\/5 - (3 votos)&quot;,&quot;size&quot;:&quot;24&quot;,&quot;title&quot;:&quot;Plastic Bottle Crusher for PET Grinding Plant&quot;,&quot;width&quot;:&quot;142.5&quot;,&quot;_legend&quot;:&quot;{score}\\\/{best} - ({count} {votes})&quot;,&quot;font_factor&quot;:&quot;1.25&quot;}'>              <div class=\"kksr-stars\">      <div class=\"kksr-stars-inactive\">             <div class=\"kksr-star\" data-star=\"1\" style=\"padding-right: 5px\">               <div class=\"kksr-icon\" style=\"width: 24px; height: 24px;\"><\/div>         <\/div>             <div class=\"kksr-star\" data-star=\"2\" style=\"padding-right: 5px\">               <div class=\"kksr-icon\" style=\"width: 24px; height: 24px;\"><\/div>         <\/div>             <div class=\"kksr-star\" data-star=\"3\" style=\"padding-right: 5px\">               <div class=\"kksr-icon\" style=\"width: 24px; height: 24px;\"><\/div>         <\/div>             <div class=\"kksr-star\" data-star=\"4\" style=\"padding-right: 5px\">               <div class=\"kksr-icon\" style=\"width: 24px; height: 24px;\"><\/div>         <\/div>             <div class=\"kksr-star\" data-star=\"5\" style=\"padding-right: 5px\">               <div class=\"kksr-icon\" style=\"width: 24px; height: 24px;\"><\/div>         <\/div>     <\/div>      <div class=\"kksr-stars-active\" style=\"width: 142.5px;\">             <div class=\"kksr-star\" style=\"padding-right: 5px\">               <div class=\"kksr-icon\" style=\"width: 24px; height: 24px;\"><\/div>         <\/div>             <div class=\"kksr-star\" style=\"padding-right: 5px\">               <div class=\"kksr-icon\" style=\"width: 24px; height: 24px;\"><\/div>         <\/div>             <div class=\"kksr-star\" style=\"padding-right: 5px\">               <div class=\"kksr-icon\" style=\"width: 24px; height: 24px;\"><\/div>         <\/div>             <div class=\"kksr-star\" style=\"padding-right: 5px\">               <div class=\"kksr-icon\" style=\"width: 24px; height: 24px;\"><\/div>         <\/div>             <div class=\"kksr-star\" style=\"padding-right: 5px\">               <div class=\"kksr-icon\" style=\"width: 24px; height: 24px;\"><\/div>         <\/div>     <\/div> <\/div>                   <div class=\"kksr-legend\" style=\"font-size: 19.2px;\">             5\/5 - (3 votos)    <\/div>     <\/div>  <p>La trituradora de botellas de pl\u00e1stico Shuliy se utiliza principalmente para la trituraci\u00f3n profesional de restos de pl\u00e1stico, como botellas de aguas residuales, botellas de leche y latas de aceite.  Tambi\u00e9n lo llamamos molinillo de botellas de pl\u00e1stico. La caracter\u00edstica principal de este triturador de botellas es que tiene una nueva mejora en la estructura de descarga, que puede lograr de manera efectiva la trituraci\u00f3n de escamas de botellas de PET. Es una de las m\u00e1quinas importantes de la l\u00ednea completa de reciclaje de PET.<\/p>    <h2 class=\"wp-block-heading\" id=\"h-introduction-of-plastic-bottle-crusher\">Introducci\u00f3n de la trituradora de botellas de pl\u00e1stico. <\/h2>    <p class=\"translation-block\">En la actualidad, como la contaminaci\u00f3n por residuos blancos se vuelve grave, cada vez m\u00e1s pa\u00edses han comenzado a promover el reciclaje y la reutilizaci\u00f3n de los recursos pl\u00e1sticos residuos. En el <a href=\"https:\/\/en.wikipedia.org\/wiki\/PET_bottle_recycling\" target=\"_blank\" rel=\"noopener\">reciclaje de botellas de PET<\/a>, una trituradora de botellas de pl\u00e1stico es una pieza de equipo muy importante. La m\u00e1quina de trituraci\u00f3n de pl\u00e1stico puede triturar de manera eficiente las botellas de pl\u00e1stico residuales y triturarlas en escamas de PET de tama\u00f1o uniforme.<\/p>   <div class=\"wp-block-image\"> <figure class=\"aligncenter size-full\"><img loading=\"lazy\" decoding=\"async\" width=\"720\" height=\"540\" src=\"https:\/\/plastic-machines.org\/wp-content\/uploads\/2022\/07\/plastic-shredder.webp\" alt=\"trituradora de botellas de plastico\" class=\"wp-image-158\" srcset=\"https:\/\/plastic-machines.org\/wp-content\/uploads\/2022\/07\/plastic-shredder.webp 720w, https:\/\/plastic-machines.org\/wp-content\/uploads\/2022\/07\/plastic-shredder-300x225.webp 300w\" sizes=\"auto, (max-width: 720px) 100vw, 720px\" \/><figcaption class=\"wp-element-caption\">trituradora de botellas de plastico<\/figcaption><\/figure> <\/div>  <div class=\"wp-block-image\"> <figure class=\"aligncenter size-full\"><img loading=\"lazy\" decoding=\"async\" width=\"720\" height=\"540\" src=\"https:\/\/plastic-machines.org\/wp-content\/uploads\/2022\/07\/plastic-bottle-shredder.webp\" alt=\"Rectificadora de botellas de PET\" class=\"wp-image-160\" srcset=\"https:\/\/plastic-machines.org\/wp-content\/uploads\/2022\/07\/plastic-bottle-shredder.webp 720w, https:\/\/plastic-machines.org\/wp-content\/uploads\/2022\/07\/plastic-bottle-shredder-300x225.webp 300w\" sizes=\"auto, (max-width: 720px) 100vw, 720px\" \/><figcaption class=\"wp-element-caption\">Molinillos de botellas de pl\u00e1stico en f\u00e1brica.<\/figcaption><\/figure> <\/div>   <h2 class=\"wp-block-heading\">Materias primas y productos finales de la trituradora de PET.<\/h2>    <p>La trituradora de botellas de pl\u00e1stico se utiliza para triturar botellas de PET, incluidas botellas de agua mineral, botellas de bebidas, botellas de aceite, etc. Tambi\u00e9n se encuentran disponibles botellas de pl\u00e1stico aplanadas y ladrillos de botellas empaquetadas. Las cuchillas especiales de la trituradora est\u00e1n dise\u00f1adas contra la electricidad est\u00e1tica generada por la fricci\u00f3n de las hojuelas de PET. Las hojuelas finales est\u00e1n uniformes y listas para ser procesadas.<\/p>   <div class=\"wp-block-image\"> <figure class=\"aligncenter size-full\"><img loading=\"lazy\" decoding=\"async\" width=\"720\" height=\"540\" src=\"https:\/\/plastic-machines.org\/wp-content\/uploads\/2022\/07\/PET-materials-1.webp\" alt=\"Materias primas trituradoras de botellas de pl\u00e1stico.\" class=\"wp-image-549\" srcset=\"https:\/\/plastic-machines.org\/wp-content\/uploads\/2022\/07\/PET-materials-1.webp 720w, https:\/\/plastic-machines.org\/wp-content\/uploads\/2022\/07\/PET-materials-1-300x225.webp 300w\" sizes=\"auto, (max-width: 720px) 100vw, 720px\" \/><\/figure> <\/div>   <h2 class=\"wp-block-heading\">Principio de funcionamiento de la trituradora de botellas de pl\u00e1stico.<\/h2>    <p>El principio de funcionamiento de nuestra m\u00e1quina trituradora de botellas de PET es f\u00e1cil de entender. La cavidad de trituraci\u00f3n dentro de la cuchilla fija y la cuchilla m\u00f3vil, basada en los cambios en el corte entre las dos cuchillas para formar un \u00e1ngulo de corte en la botella de pl\u00e1stico, luego las cuchillas aplastar\u00e1n la botella de pl\u00e1stico.<\/p>   <div class=\"wp-block-image\"> <figure class=\"aligncenter size-full\"><img loading=\"lazy\" decoding=\"async\" width=\"720\" height=\"540\" src=\"https:\/\/plastic-machines.org\/wp-content\/uploads\/2022\/07\/blades-of-PET-crusher.webp\" alt=\"Cuchillas de trituradora de botellas de PET.\" class=\"wp-image-161\" srcset=\"https:\/\/plastic-machines.org\/wp-content\/uploads\/2022\/07\/blades-of-PET-crusher.webp 720w, https:\/\/plastic-machines.org\/wp-content\/uploads\/2022\/07\/blades-of-PET-crusher-300x225.webp 300w\" sizes=\"auto, (max-width: 720px) 100vw, 720px\" \/><figcaption class=\"wp-element-caption\">cuchillas de trituradora de PET<\/figcaption><\/figure> <\/div>  <div class=\"wp-block-image\"> <figure class=\"aligncenter size-full\"><img loading=\"lazy\" decoding=\"async\" width=\"720\" height=\"540\" src=\"https:\/\/plastic-machines.org\/wp-content\/uploads\/2022\/07\/inside-structure.webp\" alt=\"Eje de cuchillas (estructura interior) de la m\u00e1quina trituradora de botellas de PET\" class=\"wp-image-162\" srcset=\"https:\/\/plastic-machines.org\/wp-content\/uploads\/2022\/07\/inside-structure.webp 720w, https:\/\/plastic-machines.org\/wp-content\/uploads\/2022\/07\/inside-structure-300x225.webp 300w\" sizes=\"auto, (max-width: 720px) 100vw, 720px\" \/><figcaption class=\"wp-element-caption\">Eje de cuchillas de molinillo de botellas de pl\u00e1stico (estructura interior)<\/figcaption><\/figure> <\/div>   <h2 class=\"wp-block-heading\">Par\u00e1metros de la m\u00e1quina trituradora de botellas de PET <\/h2>    <figure class=\"wp-block-table\"><table><tbody><tr><td>Modelo<\/td><td>SL-60<\/td><td>SL-80<\/td><td>SL-100<\/td><td>SL-120<\/td><\/tr><tr><td>Capacidad (kg\/h)<\/td><td>500<\/td><td>1000<\/td><td>1500<\/td><td>3000<\/td><\/tr><tr><td>Motor (kilovatios)<\/td><td>22<\/td><td>37<\/td><td>75<\/td><td>90<\/td><\/tr><tr><td>Altura (m)<\/td><td>1.8<\/td><td>2.6<\/td><td>2.6<\/td><td>2.6<\/td><\/tr><tr><td>Grosor del cuchillo (mm)<\/td><td>30<\/td><td>40<\/td><td>40<\/td><td>40<\/td><\/tr><tr><td>Grosor de la placa (mm)<\/td><td>16<\/td><td>20<\/td><td>30<\/td><td>30<\/td><\/tr><\/tbody><\/table><\/figure>    <p>Adem\u00e1s, el rango de tama\u00f1o de malla de las trituradoras de pl\u00e1stico es de 14 a 18 mm; cada trituradora dispondr\u00e1 de un elevador de alimentaci\u00f3n con una potencia de 1,5kw. El espesor de la c\u00e1mara de trituraci\u00f3n de la m\u00e1quina trituradora de botellas de pl\u00e1stico se vuelve m\u00e1s grueso a medida que el modelo de la m\u00e1quina se hace m\u00e1s grande.<\/p>    <h2 class=\"wp-block-heading\">Ventajas de la m\u00e1quina trituradora de botellas de PET<\/h2>    <ol class=\"wp-block-list\"> <li>La trituradora de botellas de pl\u00e1stico de Shuliy tiene un descargador en espiral en la parte inferior de la m\u00e1quina, que puede expulsar autom\u00e1ticamente los trozos de botellas de pl\u00e1stico trituradas a trav\u00e9s del transportador en espiral y formar r\u00e1pidamente una l\u00ednea de producci\u00f3n de lavado y secado con el equipo de enjuague bajo la acci\u00f3n de la placa de elevaci\u00f3n. .<\/li>    <li>El triturador de botellas de pl\u00e1stico aument\u00f3 el dispositivo de alimentaci\u00f3n forzada, que puede ingresar de manera efectiva a la cavidad de la botella de pl\u00e1stico para su trituraci\u00f3n forzada. El dispositivo de alimentaci\u00f3n forzada puede prevenir eficazmente que el material retroceda y al mismo tiempo mejorar la eficiencia de trituraci\u00f3n.<\/li>    <li>El dise\u00f1o de la cuchilla de la m\u00e1quina rectificadora de botellas de pl\u00e1stico Shuliy es \u00fanico, lo que puede evitar eficazmente la fuerza de corte de la botella de pl\u00e1stico causada por la potencia excesiva y el fen\u00f3meno de atasco del husillo, reduciendo el fen\u00f3meno de atasco. La m\u00e1quina trituradora de botellas de PET con esas cuchillas garantizar\u00e1 un funcionamiento prolongado y estable.<\/li> <\/ol>    <h2 class=\"wp-block-heading\">V\u00eddeo de triturador de botellas de PET<\/h2>    <figure class=\"wp-block-embed is-type-video is-provider-youtube wp-block-embed-youtube wp-embed-aspect-16-9 wp-has-aspect-ratio\"><div class=\"wp-block-embed__wrapper\"> <iframe loading=\"lazy\" title=\"Trituradora de botellas de pl\u00e1stico | M\u00e1quina trituradora de pl\u00e1stico PET\" width=\"500\" height=\"281\" src=\"https:\/\/www.youtube.com\/embed\/aMnGnzOSAkI?feature=oembed\" frameborder=\"0\" allow=\"accelerometer; autoplay; clipboard-write; encrypted-media; gyroscope; picture-in-picture; web-share\" referrerpolicy=\"strict-origin-when-cross-origin\" allowfullscreen><\/iframe> <\/div><\/figure>    <h2 class=\"wp-block-heading\">Recomendarle una l\u00ednea de reciclaje de botellas de PET<\/h2>    <p class=\"translation-block\">Shuliy La maquinaria proporciona una l\u00ednea de lavado de reciclaje para botellas de PET desechadas completa <a href=\"https:\/\/plastic-machines.org\/es\/product\/pet-bottle-recycling-line\/\">l\u00ednea de lavado de reciclaje para botellas PET desechadas<\/a>. El equipo principal incluye un triturador de botellas de pl\u00e1stico, tanque de enjuague, m\u00e1quina de lavado por fricci\u00f3n PET y tanque de lavado en agua caliente. Tambi\u00e9n apoyamos m\u00e1quinas personalizadas para las demandas de los clientes. Cons\u00faltenos o deje sus mensajes en nuestro sitio web ahora.<\/p>   <div class=\"wp-block-image\"> <figure class=\"aligncenter size-full\"><img loading=\"lazy\" decoding=\"async\" width=\"720\" height=\"540\" src=\"https:\/\/plastic-machines.org\/wp-content\/uploads\/2022\/07\/PET-washing-line1.webp\" alt=\"M\u00e1quina de reciclaje de botellas de PET\" class=\"wp-image-301\" srcset=\"https:\/\/plastic-machines.org\/wp-content\/uploads\/2022\/07\/PET-washing-line1.webp 720w, https:\/\/plastic-machines.org\/wp-content\/uploads\/2022\/07\/PET-washing-line1-300x225.webp 300w\" sizes=\"auto, (max-width: 720px) 100vw, 720px\" \/><figcaption class=\"wp-element-caption\">L\u00ednea de reciclaje de lavado de PET<\/figcaption><\/figure> <\/div>","protected":false},"excerpt":{"rendered":"<p>Shuliy plastic bottle crusher is mainly used for the professional crushing of plastic scraps such as waste water bottles, milk bottles and oil cans. We also call it a plastic bottle grinder. The main feature of this bottle grinder is that it has a new improvement in the discharge structure, which can effectively achieve the [&hellip;]<\/p>\n","protected":false},"author":1,"featured_media":449,"parent":0,"template":"","tags":[39,35],"product-type":[15],"class_list":["post-155","product","type-product","status-publish","has-post-thumbnail","hentry","tag-flake","tag-pet","product-type-plastic-crushing-equipment"],"taxonomy_info":{"post_tag":[{"value":39,"label":"flake"},{"value":35,"label":"PET"}],"product-type":[{"value":15,"label":"Plastic Crushing Equipment"}]},"featured_image_src_large":["https:\/\/plastic-machines.org\/wp-content\/uploads\/2022\/06\/PET-plastic-crusher1.webp",720,540,false],"author_info":{"display_name":"Ella","author_link":"https:\/\/plastic-machines.org\/es\/author\/admin\/"},"comment_info":"","_links":{"self":[{"href":"https:\/\/plastic-machines.org\/es\/wp-json\/wp\/v2\/product\/155","targetHints":{"allow":["GET"]}}],"collection":[{"href":"https:\/\/plastic-machines.org\/es\/wp-json\/wp\/v2\/product"}],"about":[{"href":"https:\/\/plastic-machines.org\/es\/wp-json\/wp\/v2\/types\/product"}],"author":[{"embeddable":true,"href":"https:\/\/plastic-machines.org\/es\/wp-json\/wp\/v2\/users\/1"}],"wp:featuredmedia":[{"embeddable":true,"href":"https:\/\/plastic-machines.org\/es\/wp-json\/wp\/v2\/media\/449"}],"wp:attachment":[{"href":"https:\/\/plastic-machines.org\/es\/wp-json\/wp\/v2\/media?parent=155"}],"wp:term":[{"taxonomy":"post_tag","embeddable":true,"href":"https:\/\/plastic-machines.org\/es\/wp-json\/wp\/v2\/tags?post=155"},{"taxonomy":"product-type","embeddable":true,"href":"https:\/\/plastic-machines.org\/es\/wp-json\/wp\/v2\/product-type?post=155"}],"curies":[{"name":"wp","href":"https:\/\/api.w.org\/{rel}","templated":true}]}}