{"id":1165,"date":"2023-12-14T18:02:41","date_gmt":"2023-12-14T10:02:41","guid":{"rendered":"https:\/\/plastic-machines.org\/?post_type=product&#038;p=1165"},"modified":"2025-11-14T16:01:20","modified_gmt":"2025-11-14T08:01:20","slug":"plastic-pellet-storage-silo","status":"publish","type":"product","link":"https:\/\/plastic-machines.org\/es\/product\/plastic-pellet-storage-silo\/","title":{"rendered":"Silo de almacenamiento de pellets de pl\u00e1stico"},"content":{"rendered":"<div class=\"kk-star-ratings kksr-auto kksr-align-left kksr-valign-top\"     data-payload='{&quot;align&quot;:&quot;left&quot;,&quot;id&quot;:&quot;1165&quot;,&quot;slug&quot;:&quot;default&quot;,&quot;valign&quot;:&quot;top&quot;,&quot;ignore&quot;:&quot;&quot;,&quot;reference&quot;:&quot;auto&quot;,&quot;class&quot;:&quot;&quot;,&quot;count&quot;:&quot;1&quot;,&quot;legendonly&quot;:&quot;&quot;,&quot;readonly&quot;:&quot;&quot;,&quot;score&quot;:&quot;5&quot;,&quot;starsonly&quot;:&quot;&quot;,&quot;best&quot;:&quot;5&quot;,&quot;gap&quot;:&quot;5&quot;,&quot;greet&quot;:&quot;Rate this product&quot;,&quot;legend&quot;:&quot;5\\\/5 - (1 voto)&quot;,&quot;size&quot;:&quot;24&quot;,&quot;title&quot;:&quot;Plastic Pellet Storage Silo&quot;,&quot;width&quot;:&quot;142.5&quot;,&quot;_legend&quot;:&quot;{score}\\\/{best} - ({count} {votes})&quot;,&quot;font_factor&quot;:&quot;1.25&quot;}'>              <div class=\"kksr-stars\">      <div class=\"kksr-stars-inactive\">             <div class=\"kksr-star\" data-star=\"1\" style=\"padding-right: 5px\">               <div class=\"kksr-icon\" style=\"width: 24px; height: 24px;\"><\/div>         <\/div>             <div class=\"kksr-star\" data-star=\"2\" style=\"padding-right: 5px\">               <div class=\"kksr-icon\" style=\"width: 24px; height: 24px;\"><\/div>         <\/div>             <div class=\"kksr-star\" data-star=\"3\" style=\"padding-right: 5px\">               <div class=\"kksr-icon\" style=\"width: 24px; height: 24px;\"><\/div>         <\/div>             <div class=\"kksr-star\" data-star=\"4\" style=\"padding-right: 5px\">               <div class=\"kksr-icon\" style=\"width: 24px; height: 24px;\"><\/div>         <\/div>             <div class=\"kksr-star\" data-star=\"5\" style=\"padding-right: 5px\">               <div class=\"kksr-icon\" style=\"width: 24px; height: 24px;\"><\/div>         <\/div>     <\/div>      <div class=\"kksr-stars-active\" style=\"width: 142.5px;\">             <div class=\"kksr-star\" style=\"padding-right: 5px\">               <div class=\"kksr-icon\" style=\"width: 24px; height: 24px;\"><\/div>         <\/div>             <div class=\"kksr-star\" style=\"padding-right: 5px\">               <div class=\"kksr-icon\" style=\"width: 24px; height: 24px;\"><\/div>         <\/div>             <div class=\"kksr-star\" style=\"padding-right: 5px\">               <div class=\"kksr-icon\" style=\"width: 24px; height: 24px;\"><\/div>         <\/div>             <div class=\"kksr-star\" style=\"padding-right: 5px\">               <div class=\"kksr-icon\" style=\"width: 24px; height: 24px;\"><\/div>         <\/div>             <div class=\"kksr-star\" style=\"padding-right: 5px\">               <div class=\"kksr-icon\" style=\"width: 24px; height: 24px;\"><\/div>         <\/div>     <\/div> <\/div>                   <div class=\"kksr-legend\" style=\"font-size: 19.2px;\">             5\/5 - (1 voto)    <\/div>     <\/div>  <p class=\"translation-block\">El silo de almacenamiento de gr\u00e1nulos de pl\u00e1stico en una planta de reciclaje de pl\u00e1stico es un componente clave cuya funci\u00f3n principal es almacenar y gestionar los gr\u00e1nulos de pl\u00e1stico reciclado producidos por la m\u00e1quina peletizadora de pl\u00e1stico. Muchos de nuestros clientes est\u00e1n equipados con un silo cuando compran una <strong><a href=\"https:\/\/plastic-machines.org\/es\/product\/plastic-granulating-line\/\" data-type=\"link\" data-id=\"https:\/\/plastic-machines.org\/product\/plastic-granulating-line\/\">l\u00ednea de producci\u00f3n de gr\u00e1nulos de pl\u00e1stico<\/a><\/strong>.<\/p>    <figure class=\"wp-block-gallery has-nested-images columns-default is-cropped wp-block-gallery-2 is-layout-flex wp-block-gallery-is-layout-flex\"> <figure class=\"wp-block-image size-large\"><img loading=\"lazy\" decoding=\"async\" width=\"540\" height=\"720\" data-id=\"1320\" src=\"https:\/\/plastic-machines.org\/wp-content\/uploads\/2023\/12\/plastic-granule-silo-2.webp\" alt=\"Silo de almacenamiento de pellets de pl\u00e1stico\" class=\"wp-image-1320\" srcset=\"https:\/\/plastic-machines.org\/wp-content\/uploads\/2023\/12\/plastic-granule-silo-2.webp 540w, https:\/\/plastic-machines.org\/wp-content\/uploads\/2023\/12\/plastic-granule-silo-2-225x300.webp 225w, https:\/\/plastic-machines.org\/wp-content\/uploads\/2023\/12\/plastic-granule-silo-2-9x12.webp 9w\" sizes=\"auto, (max-width: 540px) 100vw, 540px\" \/><\/figure>    <figure class=\"wp-block-image size-large\"><img loading=\"lazy\" decoding=\"async\" width=\"540\" height=\"720\" data-id=\"1323\" src=\"https:\/\/plastic-machines.org\/wp-content\/uploads\/2023\/12\/plastic-stock-bin.webp\" alt=\"Silo de almacenamiento de pellets de pl\u00e1stico\" class=\"wp-image-1323\" srcset=\"https:\/\/plastic-machines.org\/wp-content\/uploads\/2023\/12\/plastic-stock-bin.webp 540w, https:\/\/plastic-machines.org\/wp-content\/uploads\/2023\/12\/plastic-stock-bin-225x300.webp 225w, https:\/\/plastic-machines.org\/wp-content\/uploads\/2023\/12\/plastic-stock-bin-9x12.webp 9w\" sizes=\"auto, (max-width: 540px) 100vw, 540px\" \/><\/figure>    <figure class=\"wp-block-image size-large\"><img loading=\"lazy\" decoding=\"async\" width=\"540\" height=\"720\" data-id=\"1322\" src=\"https:\/\/plastic-machines.org\/wp-content\/uploads\/2023\/12\/plastic-granule-silo.webp\" alt=\"Contenedor de almacenamiento de pl\u00e1stico\" class=\"wp-image-1322\" srcset=\"https:\/\/plastic-machines.org\/wp-content\/uploads\/2023\/12\/plastic-granule-silo.webp 540w, https:\/\/plastic-machines.org\/wp-content\/uploads\/2023\/12\/plastic-granule-silo-225x300.webp 225w, https:\/\/plastic-machines.org\/wp-content\/uploads\/2023\/12\/plastic-granule-silo-9x12.webp 9w\" sizes=\"auto, (max-width: 540px) 100vw, 540px\" \/><\/figure> <\/figure>    <h2 class=\"wp-block-heading\">V\u00eddeo del silo de almacenamiento de pellets de pl\u00e1stico.<\/h2>    <figure class=\"wp-block-embed is-type-video is-provider-youtube wp-block-embed-youtube wp-embed-aspect-16-9 wp-has-aspect-ratio\"><div class=\"wp-block-embed__wrapper\"> <iframe loading=\"lazy\" title=\"Silos de almacenamiento personalizables para gr\u00e1nulos de pl\u00e1stico en una f\u00e1brica de reciclaje de pl\u00e1stico\" width=\"500\" height=\"281\" src=\"https:\/\/www.youtube.com\/embed\/mWDMYbnqnXE?start=1&#038;feature=oembed\" frameborder=\"0\" allow=\"accelerometer; autoplay; clipboard-write; encrypted-media; gyroscope; picture-in-picture; web-share\" referrerpolicy=\"strict-origin-when-cross-origin\" allowfullscreen><\/iframe> <\/div><\/figure>    <h2 class=\"wp-block-heading\">Ventajas del contenedor de almacenamiento de gr\u00e1nulos de pl\u00e1stico Shuliy<\/h2>    <p class=\"translation-block\">Almacenamiento de Gr\u00e1nulos Reciclados: El silo sirve como instalaci\u00f3n de almacenamiento para almacenar temporalmente los gr\u00e1nulos reciclados producidos por la <a href=\"https:\/\/plastic-machines.org\/es\/product\/plastic-extruder-machine\/\">peletizadora de pl\u00e1stico<\/a>. Esto ayuda a ajustar la producci\u00f3n y a acumular suficientes gr\u00e1nulos para hacer frente a los cambios en los requisitos de producci\u00f3n.<\/p>    <p>Protecci\u00f3n contra la humedad y el polvo: Los silos de almacenamiento de pellets de pl\u00e1stico a menudo se dise\u00f1an teniendo en cuenta la protecci\u00f3n contra la humedad y el polvo para proteger los pellets almacenados de la humedad y los contaminantes y para mantener la calidad de los mismos.<\/p>    <p>Continuidad de producci\u00f3n mejorada: al racionalizar los pellets en el silo de almacenamiento de pellets de pl\u00e1stico, la l\u00ednea de producci\u00f3n puede funcionar de manera m\u00e1s continua, lo que reduce el tiempo de inactividad y el tiempo de cambio, mejorando as\u00ed la continuidad y eficiencia general de la producci\u00f3n.<\/p>    <h2 class=\"wp-block-heading\">Par\u00e1metros personalizados del silo de pellets Shuliy<\/h2>    <p>En Shuliy Machinery, las dimensiones de los silos de pl\u00e1stico se pueden personalizar para satisfacer necesidades espec\u00edficas, incluidos par\u00e1metros como di\u00e1metro, altura y capacidad. Esta personalizaci\u00f3n permite adaptar mejor los silos a plantas de reciclaje de pl\u00e1stico de diferentes tama\u00f1os y necesidades de producci\u00f3n.<\/p>    <p>En primer lugar, el di\u00e1metro y la altura del silo se pueden ajustar a las limitaciones de espacio y las necesidades de proceso espec\u00edficas del fabricante. Este dise\u00f1o individualizado permite a los fabricantes hacer el mejor uso del espacio y maximizar la eficiencia de producci\u00f3n dentro de un sitio limitado.<\/p>    <p>La capacidad es otro par\u00e1metro personalizable importante. En general, la capacidad de un contenedor de almacenamiento de gr\u00e1nulos de pl\u00e1stico se puede personalizar seg\u00fan el tama\u00f1o y la frecuencia de producci\u00f3n, con capacidades comunes que incluyen una variedad de opciones que van desde 1 tonelada, 3 toneladas y 10 toneladas. Esta flexibilidad permite que las plantas de reciclaje se ajusten mejor a las necesidades de almacenamiento de materias primas y garanticen la continuidad de la cadena de suministro.<\/p>","protected":false},"excerpt":{"rendered":"<p>The plastic pellet storage silo in a plastic recycling plant is a key component whose primary function is to store and manage the recycled plastic pellets produced from the plastic pelletizer machine. Many of our customers are equipped with a silo when they purchase a plastic pellet production line. Video of plastic pellet storage silo [&hellip;]<\/p>\n","protected":false},"author":1,"featured_media":1166,"parent":0,"template":"","tags":[52],"product-type":[26],"class_list":["post-1165","product","type-product","status-publish","has-post-thumbnail","hentry","tag-silo","product-type-plastic-baler"],"taxonomy_info":{"post_tag":[{"value":52,"label":"silo"}],"product-type":[{"value":26,"label":"Plastic Baler"}]},"featured_image_src_large":["https:\/\/plastic-machines.org\/wp-content\/uploads\/2023\/12\/plastic-granules-storage-bin.webp",720,540,false],"author_info":{"display_name":"Ella","author_link":"https:\/\/plastic-machines.org\/es\/author\/admin\/"},"comment_info":"","_links":{"self":[{"href":"https:\/\/plastic-machines.org\/es\/wp-json\/wp\/v2\/product\/1165","targetHints":{"allow":["GET"]}}],"collection":[{"href":"https:\/\/plastic-machines.org\/es\/wp-json\/wp\/v2\/product"}],"about":[{"href":"https:\/\/plastic-machines.org\/es\/wp-json\/wp\/v2\/types\/product"}],"author":[{"embeddable":true,"href":"https:\/\/plastic-machines.org\/es\/wp-json\/wp\/v2\/users\/1"}],"wp:featuredmedia":[{"embeddable":true,"href":"https:\/\/plastic-machines.org\/es\/wp-json\/wp\/v2\/media\/1166"}],"wp:attachment":[{"href":"https:\/\/plastic-machines.org\/es\/wp-json\/wp\/v2\/media?parent=1165"}],"wp:term":[{"taxonomy":"post_tag","embeddable":true,"href":"https:\/\/plastic-machines.org\/es\/wp-json\/wp\/v2\/tags?post=1165"},{"taxonomy":"product-type","embeddable":true,"href":"https:\/\/plastic-machines.org\/es\/wp-json\/wp\/v2\/product-type?post=1165"}],"curies":[{"name":"wp","href":"https:\/\/api.w.org\/{rel}","templated":true}]}}