{"id":1120,"date":"2023-11-20T16:33:44","date_gmt":"2023-11-20T08:33:44","guid":{"rendered":"https:\/\/plastic-machines.org\/?post_type=product&#038;p=1120"},"modified":"2025-11-13T16:42:13","modified_gmt":"2025-11-13T08:42:13","slug":"foam-densifier-machine","status":"publish","type":"product","link":"https:\/\/plastic-machines.org\/es\/product\/foam-densifier-machine\/","title":{"rendered":"Compactador de espuma de poliestireno EPE\/EPS"},"content":{"rendered":"<div class=\"kk-star-ratings kksr-auto kksr-align-left kksr-valign-top\"     data-payload='{&quot;align&quot;:&quot;left&quot;,&quot;id&quot;:&quot;1120&quot;,&quot;slug&quot;:&quot;default&quot;,&quot;valign&quot;:&quot;top&quot;,&quot;ignore&quot;:&quot;&quot;,&quot;reference&quot;:&quot;auto&quot;,&quot;class&quot;:&quot;&quot;,&quot;count&quot;:&quot;1&quot;,&quot;legendonly&quot;:&quot;&quot;,&quot;readonly&quot;:&quot;&quot;,&quot;score&quot;:&quot;5&quot;,&quot;starsonly&quot;:&quot;&quot;,&quot;best&quot;:&quot;5&quot;,&quot;gap&quot;:&quot;5&quot;,&quot;greet&quot;:&quot;Rate this product&quot;,&quot;legend&quot;:&quot;5\\\/5 - (1 voto)&quot;,&quot;size&quot;:&quot;24&quot;,&quot;title&quot;:&quot;EPE\\\/EPS Polystrene Styrofoam Compactor&quot;,&quot;width&quot;:&quot;142.5&quot;,&quot;_legend&quot;:&quot;{score}\\\/{best} - ({count} {votes})&quot;,&quot;font_factor&quot;:&quot;1.25&quot;}'>              <div class=\"kksr-stars\">      <div class=\"kksr-stars-inactive\">             <div class=\"kksr-star\" data-star=\"1\" style=\"padding-right: 5px\">               <div class=\"kksr-icon\" style=\"width: 24px; height: 24px;\"><\/div>         <\/div>             <div class=\"kksr-star\" data-star=\"2\" style=\"padding-right: 5px\">               <div class=\"kksr-icon\" style=\"width: 24px; height: 24px;\"><\/div>         <\/div>             <div class=\"kksr-star\" data-star=\"3\" style=\"padding-right: 5px\">               <div class=\"kksr-icon\" style=\"width: 24px; height: 24px;\"><\/div>         <\/div>             <div class=\"kksr-star\" data-star=\"4\" style=\"padding-right: 5px\">               <div class=\"kksr-icon\" style=\"width: 24px; height: 24px;\"><\/div>         <\/div>             <div class=\"kksr-star\" data-star=\"5\" style=\"padding-right: 5px\">               <div class=\"kksr-icon\" style=\"width: 24px; height: 24px;\"><\/div>         <\/div>     <\/div>      <div class=\"kksr-stars-active\" style=\"width: 142.5px;\">             <div class=\"kksr-star\" style=\"padding-right: 5px\">               <div class=\"kksr-icon\" style=\"width: 24px; height: 24px;\"><\/div>         <\/div>             <div class=\"kksr-star\" style=\"padding-right: 5px\">               <div class=\"kksr-icon\" style=\"width: 24px; height: 24px;\"><\/div>         <\/div>             <div class=\"kksr-star\" style=\"padding-right: 5px\">               <div class=\"kksr-icon\" style=\"width: 24px; height: 24px;\"><\/div>         <\/div>             <div class=\"kksr-star\" style=\"padding-right: 5px\">               <div class=\"kksr-icon\" style=\"width: 24px; height: 24px;\"><\/div>         <\/div>             <div class=\"kksr-star\" style=\"padding-right: 5px\">               <div class=\"kksr-icon\" style=\"width: 24px; height: 24px;\"><\/div>         <\/div>     <\/div> <\/div>                   <div class=\"kksr-legend\" style=\"font-size: 19.2px;\">             5\/5 - (1 voto)    <\/div>     <\/div>  <p>El compactador de espuma de poliestireno es un equipo especializado que se utiliza para procesar materiales de espuma de desecho, y muchas plantas de reciclaje de pl\u00e1stico utilizan esta m\u00e1quina para procesar inicialmente los desechos de espuma. A continuaci\u00f3n se detallan algunas de las ventajas de la prensa en fr\u00edo de espuma y las ventajas de utilizar esta m\u00e1quina para plantas de reciclaje.<\/p>   <div class=\"wp-block-image\"> <figure class=\"aligncenter size-full\"><img loading=\"lazy\" decoding=\"async\" width=\"720\" height=\"540\" src=\"https:\/\/plastic-machines.org\/wp-content\/uploads\/2022\/06\/horizontal-foam-compactor.webp\" alt=\"m\u00e1quina espesadora de espuma\" class=\"wp-image-1123\" srcset=\"https:\/\/plastic-machines.org\/wp-content\/uploads\/2022\/06\/horizontal-foam-compactor.webp 720w, https:\/\/plastic-machines.org\/wp-content\/uploads\/2022\/06\/horizontal-foam-compactor-300x225.webp 300w\" sizes=\"auto, (max-width: 720px) 100vw, 720px\" \/><figcaption class=\"wp-element-caption\">m\u00e1quina espesadora de espuma<\/figcaption><\/figure> <\/div>   <h2 class=\"wp-block-heading\">Materias primas y productos finales del compactador de espuma de poliestireno prensado en fr\u00edo de espuma EPS<\/h2>    <p>La espuma es un tipo de material ligero y poroso tambi\u00e9n conocido como espuma blanca o poliestireno. Se utiliza com\u00fanmente en materiales de embalaje, aislamiento de edificios y espuma aislante. Nuestro compactador de espuma de poliestireno prensado en fr\u00edo de espuma EPS puede manejar todos los desechos de espuma del mercado.<\/p>   <div class=\"wp-block-image\"> <figure class=\"aligncenter size-full\"><img loading=\"lazy\" decoding=\"async\" width=\"720\" height=\"540\" src=\"https:\/\/plastic-machines.org\/wp-content\/uploads\/2023\/11\/foam-densifier-machine.webp\" alt=\"espuma pl\u00e1stica compactada\" class=\"wp-image-1124\" srcset=\"https:\/\/plastic-machines.org\/wp-content\/uploads\/2023\/11\/foam-densifier-machine.webp 720w, https:\/\/plastic-machines.org\/wp-content\/uploads\/2023\/11\/foam-densifier-machine-300x225.webp 300w\" sizes=\"auto, (max-width: 720px) 100vw, 720px\" \/><figcaption class=\"wp-element-caption\">espuma pl\u00e1stica compactada<\/figcaption><\/figure> <\/div>   <h2 class=\"wp-block-heading\">Principio de funcionamiento del compactador de espuma pl\u00e1stica.<\/h2>    <p>Alimentaci\u00f3n: El material de espuma residual se introduce primero en el compactador de espuma pl\u00e1stica a trav\u00e9s del sistema de alimentaci\u00f3n. Antes de ingresar al compactador de espuma pl\u00e1stica, el material de espuma generalmente tiene que pasar a trav\u00e9s de un puerto de trituraci\u00f3n. El objetivo de este paso es pulverizar la espuma en trozos m\u00e1s peque\u00f1os para facilitar su posterior procesamiento.<\/p>    <p>Precompresi\u00f3n: el material de espuma ingresa a un \u00e1rea de precompresi\u00f3n donde el material se comprime hasta darle una forma preliminar para reducir su volumen.<\/p>    <p>Prensa principal: Despu\u00e9s de la precompresi\u00f3n, el material de espuma ingresa al \u00e1rea de prensa principal. Aqu\u00ed, un sistema hidr\u00e1ulico u otro mecanismo de presi\u00f3n aplica m\u00e1s presi\u00f3n al material, comprimi\u00e9ndolo a\u00fan m\u00e1s en un bloque m\u00e1s apretado y denso.<\/p>    <h2 class=\"wp-block-heading\">Ventajas de utilizar compactador de espuma de poliestireno. <\/h2>    <p>Compresi\u00f3n eficiente: el compactador de poliestireno adopta una tecnolog\u00eda eficiente de prensado en fr\u00edo, que puede comprimir r\u00e1pida y eficientemente un gran volumen de material de espuma residual en bloques compactos, reduciendo el volumen y facilitando su almacenamiento y transporte.<\/p>    <p>Ahorro de espacio: al comprimir los residuos de espuma en bloques de alta densidad, el compactador de poliestireno ahorra mucho espacio de almacenamiento. Esta es una ventaja muy importante para las plantas de reciclaje, especialmente aquellas que tienen un espacio de almacenamiento limitado.<\/p>    <p>Eficiencia de transporte mejorada: los bloques de espuma comprimida son m\u00e1s f\u00e1ciles de cargar y transportar, lo que mejora la eficiencia log\u00edstica. Esto reduce los costos de transporte y reduce la necesidad de recursos de transporte.<\/p>    <p class=\"translation-block\">Mejora de la imagen ambiental: el uso de prensas fr\u00edas de espuma ayuda a<strong><a href=\"https:\/\/plastic-machines.org\/es\/product\/plastic-foam-pelletizing-line\/\" data-type=\"link\" data-id=\"https:\/\/plastic-machines.org\/product\/plastic-foam-pelletizing-line\/\">plantas de reciclaje de espuma<\/a><\/strong> a mejorar su imagen ambiental. A trav\u00e9s de un tratamiento de residuos eficiente y ahorrador de energ\u00eda, los fabricantes pueden demostrar su compromiso con la protecci\u00f3n del medio ambiente y el desarrollo sostenible, y mejorar su imagen corporativa.<\/p>    <h2 class=\"wp-block-heading\">Video de trabajo del compactador de espuma.<\/h2>    <figure class=\"wp-block-embed is-type-video is-provider-youtube wp-block-embed-youtube wp-embed-aspect-16-9 wp-has-aspect-ratio\"><div class=\"wp-block-embed__wrapper\"> <iframe loading=\"lazy\" title=\"Densificador de espuma de poliestireno prensado en fr\u00edo de espuma EPS EPE #plasticrecycling #plasticrecyclingmachine\" width=\"422\" height=\"750\" src=\"https:\/\/www.youtube.com\/embed\/5c6mK2au-mA?feature=oembed\" frameborder=\"0\" allow=\"accelerometer; autoplay; clipboard-write; encrypted-media; gyroscope; picture-in-picture; web-share\" referrerpolicy=\"strict-origin-when-cross-origin\" allowfullscreen><\/iframe> <\/div><\/figure>    <figure class=\"wp-block-embed is-type-video is-provider-youtube wp-block-embed-youtube wp-embed-aspect-16-9 wp-has-aspect-ratio\"><div class=\"wp-block-embed__wrapper\"> <iframe loading=\"lazy\" title=\"Densificador de espuma EPE EPS | m\u00e1quina compactadora #plasticrecyclingmachine\" width=\"422\" height=\"750\" src=\"https:\/\/www.youtube.com\/embed\/kHL0wOsJzIg?feature=oembed\" frameborder=\"0\" allow=\"accelerometer; autoplay; clipboard-write; encrypted-media; gyroscope; picture-in-picture; web-share\" referrerpolicy=\"strict-origin-when-cross-origin\" allowfullscreen><\/iframe> <\/div><\/figure>    <h2 class=\"wp-block-heading\">M\u00e1quinas relacionadas para el reciclaje de espuma pl\u00e1stica<\/h2>   <style>.kt-post-loop1120_4c5ea8-5c .kadence-post-image{padding-top:0px;padding-right:10px;padding-bottom:10px;padding-left:0px;}.kt-post-loop1120_4c5ea8-5c .kt-feat-image-align-left{grid-template-columns:40% auto;}.kt-post-loop1120_4c5ea8-5c .kt-blocks-post-grid-item-inner-wrap .kt-blocks-post-grid-item-inner{display:flex;flex-direction:column;justify-content:center;}.kt-post-loop1120_4c5ea8-5c .kt-post-grid-wrap{gap:30px 30px;}.kt-post-loop1120_4c5ea8-5c .kt-blocks-post-grid-item{border-top-left-radius:0px;border-top-right-radius:0px;border-bottom-right-radius:0px;border-bottom-left-radius:0px;border-top:0px solid currentColor;border-right:0px solid currentColor;border-bottom:0px solid currentColor;border-left:0px solid currentColor;overflow:hidden;}.kt-post-loop1120_4c5ea8-5c .kt-blocks-post-grid-item .kt-blocks-post-grid-item-inner{text-align:left;}.kt-post-loop1120_4c5ea8-5c .kt-blocks-post-grid-item header{padding-top:0px;padding-right:0px;padding-bottom:10px;padding-left:0px;margin-top:0px;margin-right:0px;margin-bottom:0px;margin-left:0px;}.kt-post-loop1120_4c5ea8-5c .kt-blocks-post-grid-item .entry-title{padding-top:10px;padding-right:0px;padding-bottom:5px;padding-left:0px;margin-top:0px;margin-right:0px;margin-bottom:0px;margin-left:0px;font-size:20px;line-height:24px;}.kt-post-loop1120_4c5ea8-5c .kt-blocks-post-grid-item .kt-blocks-post-top-meta{color:#777777;}.kt-post-loop1120_4c5ea8-5c .kt-blocks-post-grid-item .kt-blocks-post-top-meta a{color:#777777;}.kt-post-loop1120_4c5ea8-5c .kt-blocks-post-grid-item .kt-blocks-post-top-meta a:hover{color:#444444;}.kt-post-loop1120_4c5ea8-5c .entry-content{padding-top:0px;padding-right:0px;padding-bottom:0px;padding-left:0px;margin-top:0px;margin-right:0px;margin-bottom:0px;margin-left:0px;}.kt-post-loop1120_4c5ea8-5c .kt-blocks-post-footer{color:#777777;border-top-width:0px;border-right-width:0px;border-bottom-width:0px;border-left-width:0px;padding-top:0px;padding-right:0px;padding-bottom:0px;padding-left:0px;margin-top:0px;margin-right:0px;margin-bottom:0px;margin-left:0px;font-size:12px;line-height:20px;}.kt-post-loop1120_4c5ea8-5c .entry-content:after{height:0px;}.kt-post-loop1120_4c5ea8-5c .kt-blocks-post-footer a{color:#777777;}.kt-post-loop1120_4c5ea8-5c .kt-blocks-post-footer a:hover{color:#444444;}.kt-post-loop1120_4c5ea8-5c .entry-content .kt-blocks-post-readmore{background-color:#444444;border-color:#444444;color:#ffffff;border-radius:5px;padding-top:4px;padding-right:8px;padding-bottom:4px;padding-left:8px;margin-top:0px;margin-right:0px;margin-bottom:0px;margin-left:0px;font-size:var(--global-kb-font-size-sm, 0.9rem);}.kt-post-loop1120_4c5ea8-5c .entry-content .kt-blocks-post-readmore:hover{color:#ffffff;border-color:#555555;background-color:#555555;}.kt-post-loop1120_4c5ea8-5c .kb-filter-item{border-top-width:0px;border-right-width:0px;border-bottom-width:2px;border-left-width:0px;padding-top:5px;padding-right:8px;padding-bottom:5px;padding-left:8px;margin-top:0px;margin-right:10px;margin-bottom:0px;margin-left:0px;}.kt-post-loop1120_4c5ea8-5c.kt-post-grid-layout-carousel .kb-post-grid-pause-button{color:#fff;background-color:rgba(0, 0, 0, 0.5);border:1px solid transparent;}@media all and (max-width: 1024px){.kt-post-loop1120_4c5ea8-5c .kt-blocks-post-grid-item{border-top:0px solid currentColor;border-right:0px solid currentColor;border-bottom:0px solid currentColor;border-left:0px solid currentColor;}}@media all and (max-width: 767px){.kt-post-loop1120_4c5ea8-5c .kt-blocks-post-grid-item{border-top:0px solid currentColor;border-right:0px solid currentColor;border-bottom:0px solid currentColor;border-left:0px solid currentColor;}}<\/style><div class=\"wp-block-kadence-postgrid kt-blocks-post-loop-block alignnone kt-post-loop1120_4c5ea8-5c kt-post-grid-layout-carousel kadence-splide-wrap\"><div class=\"kt-post-grid-layout-carousel-wrap splide kt-carousel-arrowstyle-whiteondark kt-carousel-dotstyle-dark kb-slider-group-arrow kb-slider-arrow-position-center\" data-columns-xxl=\"1\" data-columns-xl=\"1\" data-columns-md=\"1\" data-columns-sm=\"1\" data-columns-xs=\"1\" data-columns-ss=\"1\" data-slider-anim-speed=\"400\" data-slider-scroll=\"1\" data-slider-dots=\"true\" data-slider-arrows=\"true\" data-slider-hover-pause=\"false\" data-slider-auto=\"true\"  data-slider-auto-scroll=\"false\" data-slider-speed=\"7000\" data-slider-gap=\"30\" data-slider-gap-tablet=\"30\" data-slider-gap-mobile=\"30\" data-slider-gap-unit=\"px\" data-show-pause-button=\"false\" data-item-selector=\".kt-post-masonry-item\" aria-label=\"Carrusel de publicaciones\"><div class=\"kadence-splide-slider-init splide__track\"><ul class=\"kadence-splide-slider-wrap kt-post-grid-wrap\" data-columns-xxl=\"1\" data-columns-xl=\"1\" data-columns-md=\"1\" data-columns-sm=\"1\" data-columns-xs=\"1\" data-columns-ss=\"1\"><li class=\"kt-post-slider-item post-630 product type-product status-publish has-post-thumbnail hentry tag-densifier tag-eps product-type-plastic-crushing-equipment\"><article class=\"kt-blocks-post-grid-item\"><div class=\"kt-blocks-post-grid-item-inner-wrap kt-feat-image-align-left kt-feat-image-mobile-align-top\"><div class=\"kadence-post-image\"><div class=\"kadence-post-image-intrisic kt-image-ratio-75\" style=\"padding-bottom:75%;\"><div class=\"kadence-post-image-inner-intrisic\"><a aria-hidden=\"true\" tabindex=\"-1\" role=\"presentation\" href=\"https:\/\/plastic-machines.org\/es\/product\/eps-foam-melting-machine\/\" aria-label=\"M\u00e1quina de fusi\u00f3n de espuma EPS para reciclaje de espuma pl\u00e1stica\" class=\"kadence-post-image-inner-wrap\"><img loading=\"lazy\" decoding=\"async\" width=\"300\" height=\"225\" src=\"https:\/\/plastic-machines.org\/wp-content\/uploads\/2022\/12\/plastic-foam-melting-machine1-300x225.webp\" class=\"attachment-medium size-medium wp-post-image\" alt=\"m\u00e1quina de fusi\u00f3n de espuma pl\u00e1stica\" srcset=\"https:\/\/plastic-machines.org\/wp-content\/uploads\/2022\/12\/plastic-foam-melting-machine1-300x225.webp 300w, https:\/\/plastic-machines.org\/wp-content\/uploads\/2022\/12\/plastic-foam-melting-machine1.webp 720w\" sizes=\"auto, (max-width: 300px) 100vw, 300px\" \/><\/a><\/div><\/div><\/div><div class=\"kt-blocks-post-grid-item-inner\"><header><h3 class=\"entry-title\"><a href=\"https:\/\/plastic-machines.org\/es\/product\/eps-foam-melting-machine\/\">M\u00e1quina de fusi\u00f3n de espuma EPS para reciclaje de espuma pl\u00e1stica<\/a><\/h3><div class=\"kt-blocks-post-top-meta\"><\/div><\/header><div class=\"entry-content\"><div class=\"kt-blocks-post-readmore-wrap\"><a class=\"kt-blocks-post-readmore\" href=\"https:\/\/plastic-machines.org\/es\/product\/eps-foam-melting-machine\/\">Leer m\u00e1s<span class=\"screen-reader-text\"> M\u00e1quina de fusi\u00f3n de espuma EPS para reciclaje de espuma pl\u00e1stica<\/span><\/a><\/div><\/div><footer class=\"kt-blocks-post-footer\"><div class=\"kt-blocks-post-footer-left\"><\/div><div class=\"kt-blocks-post-footer-right\"><\/div><\/footer><\/div><\/div><\/article><\/li><li class=\"kt-post-slider-item post-314 product type-product status-publish has-post-thumbnail hentry tag-eps product-type-plastic-pelletizer\"><article class=\"kt-blocks-post-grid-item hide-on-js\"><div class=\"kt-blocks-post-grid-item-inner-wrap kt-feat-image-align-left kt-feat-image-mobile-align-top\"><div class=\"kadence-post-image\"><div class=\"kadence-post-image-intrisic kt-image-ratio-75\" style=\"padding-bottom:75%;\"><div class=\"kadence-post-image-inner-intrisic\"><a aria-hidden=\"true\" tabindex=\"-1\" role=\"presentation\" href=\"https:\/\/plastic-machines.org\/es\/product\/eps-pelletizing-machine\/\" aria-label=\"M\u00e1quina granuladora de EPS para reciclaje de espuma pl\u00e1stica\" class=\"kadence-post-image-inner-wrap\"><img loading=\"lazy\" decoding=\"async\" width=\"300\" height=\"225\" src=\"https:\/\/plastic-machines.org\/wp-content\/uploads\/2022\/06\/EPS-Pelletizing-Machine1-300x225.webp\" class=\"attachment-medium size-medium wp-post-image\" alt=\"M\u00e1quina granuladora de EPS\" srcset=\"https:\/\/plastic-machines.org\/wp-content\/uploads\/2022\/06\/EPS-Pelletizing-Machine1-300x225.webp 300w, https:\/\/plastic-machines.org\/wp-content\/uploads\/2022\/06\/EPS-Pelletizing-Machine1.webp 720w\" sizes=\"auto, (max-width: 300px) 100vw, 300px\" \/><\/a><\/div><\/div><\/div><div class=\"kt-blocks-post-grid-item-inner\"><header><h3 class=\"entry-title\"><a href=\"https:\/\/plastic-machines.org\/es\/product\/eps-pelletizing-machine\/\">M\u00e1quina granuladora de EPS para reciclaje de espuma pl\u00e1stica<\/a><\/h3><div class=\"kt-blocks-post-top-meta\"><\/div><\/header><div class=\"entry-content\"><div class=\"kt-blocks-post-readmore-wrap\"><a class=\"kt-blocks-post-readmore\" href=\"https:\/\/plastic-machines.org\/es\/product\/eps-pelletizing-machine\/\">Leer m\u00e1s<span class=\"screen-reader-text\"> M\u00e1quina granuladora de EPS para reciclaje de espuma pl\u00e1stica<\/span><\/a><\/div><\/div><footer class=\"kt-blocks-post-footer\"><div class=\"kt-blocks-post-footer-left\"><\/div><div class=\"kt-blocks-post-footer-right\"><\/div><\/footer><\/div><\/div><\/article><\/li><li class=\"kt-post-slider-item post-186 product type-product status-publish has-post-thumbnail hentry tag-eps product-type-plastic-recycling-lines\"><article class=\"kt-blocks-post-grid-item hide-on-js\"><div class=\"kt-blocks-post-grid-item-inner-wrap kt-feat-image-align-left kt-feat-image-mobile-align-top\"><div class=\"kadence-post-image\"><div class=\"kadence-post-image-intrisic kt-image-ratio-75\" style=\"padding-bottom:75%;\"><div class=\"kadence-post-image-inner-intrisic\"><a aria-hidden=\"true\" tabindex=\"-1\" role=\"presentation\" href=\"https:\/\/plastic-machines.org\/es\/product\/plastic-foam-pelletizing-line\/\" aria-label=\"L\u00ednea de granulaci\u00f3n de espuma pl\u00e1stica para reciclaje de poliestireno\" class=\"kadence-post-image-inner-wrap\"><img loading=\"lazy\" decoding=\"async\" width=\"300\" height=\"225\" src=\"https:\/\/plastic-machines.org\/wp-content\/uploads\/2022\/07\/eps-recycling-machine-300x225.webp\" class=\"attachment-medium size-medium wp-post-image\" alt=\"\" srcset=\"https:\/\/plastic-machines.org\/wp-content\/uploads\/2022\/07\/eps-recycling-machine-300x225.webp 300w, https:\/\/plastic-machines.org\/wp-content\/uploads\/2022\/07\/eps-recycling-machine-16x12.webp 16w, https:\/\/plastic-machines.org\/wp-content\/uploads\/2022\/07\/eps-recycling-machine.webp 720w\" sizes=\"auto, (max-width: 300px) 100vw, 300px\" \/><\/a><\/div><\/div><\/div><div class=\"kt-blocks-post-grid-item-inner\"><header><h3 class=\"entry-title\"><a href=\"https:\/\/plastic-machines.org\/es\/product\/plastic-foam-pelletizing-line\/\">L\u00ednea de granulaci\u00f3n de espuma pl\u00e1stica para reciclaje de poliestireno<\/a><\/h3><div class=\"kt-blocks-post-top-meta\"><\/div><\/header><div class=\"entry-content\"><div class=\"kt-blocks-post-readmore-wrap\"><a class=\"kt-blocks-post-readmore\" href=\"https:\/\/plastic-machines.org\/es\/product\/plastic-foam-pelletizing-line\/\">Leer m\u00e1s<span class=\"screen-reader-text\"> L\u00ednea de granulaci\u00f3n de espuma pl\u00e1stica para reciclaje de poliestireno<\/span><\/a><\/div><\/div><footer class=\"kt-blocks-post-footer\"><div class=\"kt-blocks-post-footer-left\"><\/div><div class=\"kt-blocks-post-footer-right\"><\/div><\/footer><\/div><\/div><\/article><\/li><li class=\"kt-post-slider-item post-1661 product type-product status-publish has-post-thumbnail hentry tag-eps product-type-plastic-crushing-equipment\"><article class=\"kt-blocks-post-grid-item hide-on-js\"><div class=\"kt-blocks-post-grid-item-inner-wrap kt-feat-image-align-left kt-feat-image-mobile-align-top\"><div class=\"kadence-post-image\"><div class=\"kadence-post-image-intrisic kt-image-ratio-75\" style=\"padding-bottom:75%;\"><div class=\"kadence-post-image-inner-intrisic\"><a aria-hidden=\"true\" tabindex=\"-1\" role=\"presentation\" href=\"https:\/\/plastic-machines.org\/es\/product\/styrofoam-shredder\/\" aria-label=\"Trituradora de poliestireno | Trituradora de espuma EPS\" class=\"kadence-post-image-inner-wrap\"><img loading=\"lazy\" decoding=\"async\" width=\"300\" height=\"225\" src=\"https:\/\/plastic-machines.org\/wp-content\/uploads\/2024\/12\/styrofoam-shredder2-300x225.webp\" class=\"attachment-medium size-medium wp-post-image\" alt=\"trituradora de poliestireno\" srcset=\"https:\/\/plastic-machines.org\/wp-content\/uploads\/2024\/12\/styrofoam-shredder2-300x225.webp 300w, https:\/\/plastic-machines.org\/wp-content\/uploads\/2024\/12\/styrofoam-shredder2-16x12.webp 16w, https:\/\/plastic-machines.org\/wp-content\/uploads\/2024\/12\/styrofoam-shredder2.webp 720w\" sizes=\"auto, (max-width: 300px) 100vw, 300px\" \/><\/a><\/div><\/div><\/div><div class=\"kt-blocks-post-grid-item-inner\"><header><h3 class=\"entry-title\"><a href=\"https:\/\/plastic-machines.org\/es\/product\/styrofoam-shredder\/\">Trituradora de poliestireno | Trituradora de espuma EPS<\/a><\/h3><div class=\"kt-blocks-post-top-meta\"><\/div><\/header><div class=\"entry-content\"><div class=\"kt-blocks-post-readmore-wrap\"><a class=\"kt-blocks-post-readmore\" href=\"https:\/\/plastic-machines.org\/es\/product\/styrofoam-shredder\/\">Leer m\u00e1s<span class=\"screen-reader-text\"> Trituradora de poliestireno | Trituradora de espuma EPS<\/span><\/a><\/div><\/div><footer class=\"kt-blocks-post-footer\"><div class=\"kt-blocks-post-footer-left\"><\/div><div class=\"kt-blocks-post-footer-right\"><\/div><\/footer><\/div><\/div><\/article><\/li><li class=\"kt-post-slider-item post-1120 product type-product status-publish has-post-thumbnail hentry tag-eps product-type-plastic-crushing-equipment\"><article class=\"kt-blocks-post-grid-item hide-on-js\"><div class=\"kt-blocks-post-grid-item-inner-wrap kt-feat-image-align-left kt-feat-image-mobile-align-top\"><div class=\"kadence-post-image\"><div class=\"kadence-post-image-intrisic kt-image-ratio-75\" style=\"padding-bottom:75%;\"><div class=\"kadence-post-image-inner-intrisic\"><a aria-hidden=\"true\" tabindex=\"-1\" role=\"presentation\" href=\"https:\/\/plastic-machines.org\/es\/product\/foam-densifier-machine\/\" aria-label=\"Compactador de espuma de poliestireno EPE\/EPS\" class=\"kadence-post-image-inner-wrap\"><img loading=\"lazy\" decoding=\"async\" width=\"300\" height=\"225\" src=\"https:\/\/plastic-machines.org\/wp-content\/uploads\/2022\/06\/horizontal-foam-compactor-300x225.webp\" class=\"attachment-medium size-medium wp-post-image\" alt=\"\" srcset=\"https:\/\/plastic-machines.org\/wp-content\/uploads\/2022\/06\/horizontal-foam-compactor-300x225.webp 300w, https:\/\/plastic-machines.org\/wp-content\/uploads\/2022\/06\/horizontal-foam-compactor.webp 720w\" sizes=\"auto, (max-width: 300px) 100vw, 300px\" \/><\/a><\/div><\/div><\/div><div class=\"kt-blocks-post-grid-item-inner\"><header><h3 class=\"entry-title\"><a href=\"https:\/\/plastic-machines.org\/es\/product\/foam-densifier-machine\/\">Compactador de espuma de poliestireno EPE\/EPS<\/a><\/h3><div class=\"kt-blocks-post-top-meta\"><\/div><\/header><div class=\"entry-content\"><div class=\"kt-blocks-post-readmore-wrap\"><a class=\"kt-blocks-post-readmore\" href=\"https:\/\/plastic-machines.org\/es\/product\/foam-densifier-machine\/\">Leer m\u00e1s<span class=\"screen-reader-text\"> Compactador de espuma de poliestireno EPE\/EPS<\/span><\/a><\/div><\/div><footer class=\"kt-blocks-post-footer\"><div class=\"kt-blocks-post-footer-left\"><\/div><div class=\"kt-blocks-post-footer-right\"><\/div><\/footer><\/div><\/div><\/article><\/li><\/ul><\/div><\/div><\/div><!-- .wp-block-kadence-postgrid -->","protected":false},"excerpt":{"rendered":"<p>Styrofoam compactor is a specialized equipment used to process waste foam materials, and many plastic recycling plants use this machine to initially process foam waste. Below are some of the advantages of the foam cold press and the advantages of using this machine for recycling plants. Raw materials &amp; end products of EPS foam cold [&hellip;]<\/p>\n","protected":false},"author":1,"featured_media":1123,"parent":0,"template":"","tags":[43],"product-type":[15],"class_list":["post-1120","product","type-product","status-publish","has-post-thumbnail","hentry","tag-eps","product-type-plastic-crushing-equipment"],"taxonomy_info":{"post_tag":[{"value":43,"label":"EPS"}],"product-type":[{"value":15,"label":"Plastic Crushing Equipment"}]},"featured_image_src_large":["https:\/\/plastic-machines.org\/wp-content\/uploads\/2022\/06\/horizontal-foam-compactor.webp",720,540,false],"author_info":{"display_name":"Ella","author_link":"https:\/\/plastic-machines.org\/es\/author\/admin\/"},"comment_info":"","_links":{"self":[{"href":"https:\/\/plastic-machines.org\/es\/wp-json\/wp\/v2\/product\/1120","targetHints":{"allow":["GET"]}}],"collection":[{"href":"https:\/\/plastic-machines.org\/es\/wp-json\/wp\/v2\/product"}],"about":[{"href":"https:\/\/plastic-machines.org\/es\/wp-json\/wp\/v2\/types\/product"}],"author":[{"embeddable":true,"href":"https:\/\/plastic-machines.org\/es\/wp-json\/wp\/v2\/users\/1"}],"wp:featuredmedia":[{"embeddable":true,"href":"https:\/\/plastic-machines.org\/es\/wp-json\/wp\/v2\/media\/1123"}],"wp:attachment":[{"href":"https:\/\/plastic-machines.org\/es\/wp-json\/wp\/v2\/media?parent=1120"}],"wp:term":[{"taxonomy":"post_tag","embeddable":true,"href":"https:\/\/plastic-machines.org\/es\/wp-json\/wp\/v2\/tags?post=1120"},{"taxonomy":"product-type","embeddable":true,"href":"https:\/\/plastic-machines.org\/es\/wp-json\/wp\/v2\/product-type?post=1120"}],"curies":[{"name":"wp","href":"https:\/\/api.w.org\/{rel}","templated":true}]}}