{"id":1045,"date":"2023-10-20T14:19:51","date_gmt":"2023-10-20T06:19:51","guid":{"rendered":"https:\/\/plastic-machines.org\/?post_type=product&#038;p=1045"},"modified":"2026-02-27T15:15:34","modified_gmt":"2026-02-27T07:15:34","slug":"trommel-screen-for-plastic-bottle-recycling","status":"publish","type":"product","link":"https:\/\/plastic-machines.org\/es\/product\/trommel-screen-for-plastic-bottle-recycling\/","title":{"rendered":"Criba tr\u00f3mel para reciclaje de botellas de pl\u00e1stico"},"content":{"rendered":"<div class=\"kk-star-ratings kksr-auto kksr-align-left kksr-valign-top\"     data-payload='{&quot;align&quot;:&quot;left&quot;,&quot;id&quot;:&quot;1045&quot;,&quot;slug&quot;:&quot;default&quot;,&quot;valign&quot;:&quot;top&quot;,&quot;ignore&quot;:&quot;&quot;,&quot;reference&quot;:&quot;auto&quot;,&quot;class&quot;:&quot;&quot;,&quot;count&quot;:&quot;1&quot;,&quot;legendonly&quot;:&quot;&quot;,&quot;readonly&quot;:&quot;&quot;,&quot;score&quot;:&quot;5&quot;,&quot;starsonly&quot;:&quot;&quot;,&quot;best&quot;:&quot;5&quot;,&quot;gap&quot;:&quot;5&quot;,&quot;greet&quot;:&quot;Rate this product&quot;,&quot;legend&quot;:&quot;5\\\/5 - (1 voto)&quot;,&quot;size&quot;:&quot;24&quot;,&quot;title&quot;:&quot;Trommel screen for plastic bottle recycling&quot;,&quot;width&quot;:&quot;142.5&quot;,&quot;_legend&quot;:&quot;{score}\\\/{best} - ({count} {votes})&quot;,&quot;font_factor&quot;:&quot;1.25&quot;}'>              <div class=\"kksr-stars\">      <div class=\"kksr-stars-inactive\">             <div class=\"kksr-star\" data-star=\"1\" style=\"padding-right: 5px\">               <div class=\"kksr-icon\" style=\"width: 24px; height: 24px;\"><\/div>         <\/div>             <div class=\"kksr-star\" data-star=\"2\" style=\"padding-right: 5px\">               <div class=\"kksr-icon\" style=\"width: 24px; height: 24px;\"><\/div>         <\/div>             <div class=\"kksr-star\" data-star=\"3\" style=\"padding-right: 5px\">               <div class=\"kksr-icon\" style=\"width: 24px; height: 24px;\"><\/div>         <\/div>             <div class=\"kksr-star\" data-star=\"4\" style=\"padding-right: 5px\">               <div class=\"kksr-icon\" style=\"width: 24px; height: 24px;\"><\/div>         <\/div>             <div class=\"kksr-star\" data-star=\"5\" style=\"padding-right: 5px\">               <div class=\"kksr-icon\" style=\"width: 24px; height: 24px;\"><\/div>         <\/div>     <\/div>      <div class=\"kksr-stars-active\" style=\"width: 142.5px;\">             <div class=\"kksr-star\" style=\"padding-right: 5px\">               <div class=\"kksr-icon\" style=\"width: 24px; height: 24px;\"><\/div>         <\/div>             <div class=\"kksr-star\" style=\"padding-right: 5px\">               <div class=\"kksr-icon\" style=\"width: 24px; height: 24px;\"><\/div>         <\/div>             <div class=\"kksr-star\" style=\"padding-right: 5px\">               <div class=\"kksr-icon\" style=\"width: 24px; height: 24px;\"><\/div>         <\/div>             <div class=\"kksr-star\" style=\"padding-right: 5px\">               <div class=\"kksr-icon\" style=\"width: 24px; height: 24px;\"><\/div>         <\/div>             <div class=\"kksr-star\" style=\"padding-right: 5px\">               <div class=\"kksr-icon\" style=\"width: 24px; height: 24px;\"><\/div>         <\/div>     <\/div> <\/div>                   <div class=\"kksr-legend\" style=\"font-size: 19.2px;\">             5\/5 - (1 voto)    <\/div>     <\/div>  <p>El objetivo principal de utilizar un tr\u00f3mel al reciclar botellas de pl\u00e1stico PET es realizar la separaci\u00f3n y el cribado de materiales para garantizar que se obtengan escamas de botellas de PET de alta calidad a partir de material virgen.<\/p>    <h2 class=\"wp-block-heading\">Introducci\u00f3n a la pantalla Trommel<\/h2>    <p>La funci\u00f3n principal de esta m\u00e1quina recicladora de botellas de PET es la separaci\u00f3n de materiales. El reciclaje de botellas de pl\u00e1stico PET suele ir acompa\u00f1ado de algunas impurezas, como piedras, madera, malas hierbas, metales, tapas de botellas de pl\u00e1stico, etc. Las cribas de vaso separan estas impurezas de las botellas de pl\u00e1stico PET, garantizando una materia prima limpia.<\/p>    <figure class=\"wp-block-gallery has-nested-images columns-default is-cropped wp-block-gallery-2 is-layout-flex wp-block-gallery-is-layout-flex\"> <figure class=\"wp-block-image size-large\"><img loading=\"lazy\" decoding=\"async\" width=\"720\" height=\"540\" data-id=\"2079\" src=\"https:\/\/plastic-machines.org\/wp-content\/uploads\/2023\/10\/Trommel-Screen-For-Plastic-Bottle-Recycling.webp\" alt=\"Criba de tambor para reciclaje de botellas de pl\u00e1stico\" class=\"wp-image-2079\" srcset=\"https:\/\/plastic-machines.org\/wp-content\/uploads\/2023\/10\/Trommel-Screen-For-Plastic-Bottle-Recycling.webp 720w, https:\/\/plastic-machines.org\/wp-content\/uploads\/2023\/10\/Trommel-Screen-For-Plastic-Bottle-Recycling-300x225.webp 300w, https:\/\/plastic-machines.org\/wp-content\/uploads\/2023\/10\/Trommel-Screen-For-Plastic-Bottle-Recycling-16x12.webp 16w\" sizes=\"auto, (max-width: 720px) 100vw, 720px\" \/><figcaption class=\"wp-element-caption\">Criba de tambor para reciclaje de botellas de pl\u00e1stico<\/figcaption><\/figure>    <figure class=\"wp-block-image size-large\"><img loading=\"lazy\" decoding=\"async\" width=\"720\" height=\"540\" data-id=\"2080\" src=\"https:\/\/plastic-machines.org\/wp-content\/uploads\/2023\/10\/Trommel-Screen.webp\" alt=\"Tamiz rotatorio\" class=\"wp-image-2080\" srcset=\"https:\/\/plastic-machines.org\/wp-content\/uploads\/2023\/10\/Trommel-Screen.webp 720w, https:\/\/plastic-machines.org\/wp-content\/uploads\/2023\/10\/Trommel-Screen-300x225.webp 300w, https:\/\/plastic-machines.org\/wp-content\/uploads\/2023\/10\/Trommel-Screen-16x12.webp 16w\" sizes=\"auto, (max-width: 720px) 100vw, 720px\" \/><figcaption class=\"wp-element-caption\">Tamiz rotatorio<\/figcaption><\/figure> <\/figure>    <figure class=\"wp-block-gallery has-nested-images columns-default is-cropped wp-block-gallery-3 is-layout-flex wp-block-gallery-is-layout-flex\"> <figure class=\"wp-block-image size-full\"><img loading=\"lazy\" decoding=\"async\" width=\"720\" height=\"540\" data-id=\"1048\" src=\"https:\/\/plastic-machines.org\/wp-content\/uploads\/2023\/10\/industrial-trommel-machine.webp\" alt=\"\" class=\"wp-image-1048\" srcset=\"https:\/\/plastic-machines.org\/wp-content\/uploads\/2023\/10\/industrial-trommel-machine.webp 720w, https:\/\/plastic-machines.org\/wp-content\/uploads\/2023\/10\/industrial-trommel-machine-300x225.webp 300w\" sizes=\"auto, (max-width: 720px) 100vw, 720px\" \/><\/figure>    <figure class=\"wp-block-image size-full\"><img loading=\"lazy\" decoding=\"async\" width=\"720\" height=\"541\" data-id=\"1047\" src=\"https:\/\/plastic-machines.org\/wp-content\/uploads\/2023\/10\/recycling-machine-1.webp\" alt=\"Criba tr\u00f3mel para reciclaje de botellas de pl\u00e1stico\" class=\"wp-image-1047\" srcset=\"https:\/\/plastic-machines.org\/wp-content\/uploads\/2023\/10\/recycling-machine-1.webp 720w, https:\/\/plastic-machines.org\/wp-content\/uploads\/2023\/10\/recycling-machine-1-300x225.webp 300w\" sizes=\"auto, (max-width: 720px) 100vw, 720px\" \/><figcaption class=\"wp-element-caption\">Criba tr\u00f3mel para reciclaje de botellas de pl\u00e1stico<\/figcaption><\/figure> <\/figure>    <h2 class=\"wp-block-heading\">\u00bfPor qu\u00e9 necesita un tr\u00f3mel para reciclar botellas?<\/h2>    <p class=\"translation-block\">Las mallas de tambor son especialmente necesarias para <strong><a href=\"https:\/\/plastic-machines.org\/es\/product\/pet-bottle-recycling-line\/\" data-type=\"link\" data-id=\"https:\/\/plastic-machines.org\/product\/pet-bottle-recycling-line\/\">l\u00edneas de reciclaje de botellas PET<\/a><\/strong> con alta capacidad de producci\u00f3n para ayudar a las plantas de reciclaje a mejorar la eficiencia del reciclaje. Supongamos que hay piedras u objetos de metal extra\u00f1os que entran en el proceso de reciclaje subsiguiente. En ese caso, las piezas internas de m\u00e1quinas como trituradoras de pl\u00e1stico y lavadoras de fricci\u00f3n se desgastar\u00e1n, reduciendo la vida \u00fatil de la m\u00e1quina.<\/p>    <h2 class=\"wp-block-heading\">M\u00e1quinas de reciclaje de pl\u00e1stico relacionadas para botellas de PET<\/h2>    <p class=\"translation-block\">La l\u00ednea completa de reciclaje de botellas PET incluye <strong><a href=\"https:\/\/plastic-machines.org\/es\/product\/plastic-bottle-crusher\/\" data-type=\"link\" data-id=\"https:\/\/plastic-machines.org\/product\/plastic-bottle-crusher\/\">trituradoras de pl\u00e1stico<\/a><\/strong>, lavadoras por fricci\u00f3n, lavadora de escamas PET y m\u00e1s. La siguiente foto es una m\u00e1quina de reciclaje de botellas PET dise\u00f1ada para nuestro cliente en Nigeria con una capacidad de 500 kg\/h.<\/p>    <p>Si est\u00e1 interesado en m\u00e1quinas de reciclaje de botellas de pl\u00e1stico, bienvenido a consultar completando la tabla debajo de nuestro sitio web. Nuestro gerente de ventas le enviar\u00e1 los detalles de la m\u00e1quina y dise\u00f1ar\u00e1 una soluci\u00f3n para usted pronto.<\/p>    <figure class=\"wp-block-image size-full\"><img loading=\"lazy\" decoding=\"async\" width=\"720\" height=\"541\" src=\"https:\/\/plastic-machines.org\/wp-content\/uploads\/2023\/10\/PET-bottle-washing-shredding-machines-shipped-to-Nigeria-3.webp\" alt=\"M\u00e1quinas trituradoras de lavado de botellas de PET enviadas a Nigeria\" class=\"wp-image-1041\" srcset=\"https:\/\/plastic-machines.org\/wp-content\/uploads\/2023\/10\/PET-bottle-washing-shredding-machines-shipped-to-Nigeria-3.webp 720w, https:\/\/plastic-machines.org\/wp-content\/uploads\/2023\/10\/PET-bottle-washing-shredding-machines-shipped-to-Nigeria-3-300x225.webp 300w\" sizes=\"auto, (max-width: 720px) 100vw, 720px\" \/><figcaption class=\"wp-element-caption\">M\u00e1quinas trituradoras de lavado de botellas de PET enviadas a Nigeria<\/figcaption><\/figure>","protected":false},"excerpt":{"rendered":"<p>The main purpose of using a trommel screen when recycling PET plastic bottles is to perform material separation and screening to ensure that high-quality PET bottle flakes are obtained from virgin material. Trommel screen introduction The main function of this PET bottle recycling machine is material separation. Recycling of PET plastic bottles is usually accompanied [&hellip;]<\/p>\n","protected":false},"author":1,"featured_media":1046,"parent":0,"template":"","tags":[60],"product-type":[27],"class_list":["post-1045","product","type-product","status-publish","has-post-thumbnail","hentry","tag-trommel","product-type-separation-technology"],"taxonomy_info":{"post_tag":[{"value":60,"label":"trommel"}],"product-type":[{"value":27,"label":"Separation Technology"}]},"featured_image_src_large":["https:\/\/plastic-machines.org\/wp-content\/uploads\/2023\/10\/Tumbler-Screen2.webp",720,540,false],"author_info":{"display_name":"Ella","author_link":"https:\/\/plastic-machines.org\/es\/author\/admin\/"},"comment_info":"","_links":{"self":[{"href":"https:\/\/plastic-machines.org\/es\/wp-json\/wp\/v2\/product\/1045","targetHints":{"allow":["GET"]}}],"collection":[{"href":"https:\/\/plastic-machines.org\/es\/wp-json\/wp\/v2\/product"}],"about":[{"href":"https:\/\/plastic-machines.org\/es\/wp-json\/wp\/v2\/types\/product"}],"author":[{"embeddable":true,"href":"https:\/\/plastic-machines.org\/es\/wp-json\/wp\/v2\/users\/1"}],"wp:featuredmedia":[{"embeddable":true,"href":"https:\/\/plastic-machines.org\/es\/wp-json\/wp\/v2\/media\/1046"}],"wp:attachment":[{"href":"https:\/\/plastic-machines.org\/es\/wp-json\/wp\/v2\/media?parent=1045"}],"wp:term":[{"taxonomy":"post_tag","embeddable":true,"href":"https:\/\/plastic-machines.org\/es\/wp-json\/wp\/v2\/tags?post=1045"},{"taxonomy":"product-type","embeddable":true,"href":"https:\/\/plastic-machines.org\/es\/wp-json\/wp\/v2\/product-type?post=1045"}],"curies":[{"name":"wp","href":"https:\/\/api.w.org\/{rel}","templated":true}]}}