{"id":2,"date":"2022-06-23T01:24:56","date_gmt":"2022-06-23T01:24:56","guid":{"rendered":"http:\/\/tailwind-themes.local\/?page_id=2"},"modified":"2024-05-11T09:56:39","modified_gmt":"2024-05-11T01:56:39","slug":"about","status":"publish","type":"page","link":"https:\/\/plastic-machines.org\/es\/about\/","title":{"rendered":"Sobre nosotros"},"content":{"rendered":"<h2 class=\"wp-block-heading\">Quienes somos<\/h2>    <p>Shuliy Machinery es un fabricante de m\u00e1quinas de reciclaje de pl\u00e1stico que se centra en el desarrollo y producci\u00f3n de equipos de reciclaje de pl\u00e1stico. Nuestra empresa se fund\u00f3 en 2011 y cuenta con m\u00e1s de diez a\u00f1os de experiencia en la fabricaci\u00f3n de maquinaria para el reciclaje de pl\u00e1stico. <\/p>    <p>En m\u00e1s de una d\u00e9cada de funcionamiento, Shuliy Machinery siempre se ha adherido a la misi\u00f3n de \"Dejar que las m\u00e1quinas chinas cambien cada rinc\u00f3n del mundo\". Hacemos todo lo posible para brindar valor a nuestros clientes, haciendo que nuestras m\u00e1quinas ayuden a las plantas de reciclaje de pl\u00e1stico de todo el mundo a mejorar la productividad y generar mayores ganancias.<\/p>    <figure class=\"wp-block-gallery has-nested-images columns-default is-cropped wp-block-gallery-2 is-layout-flex wp-block-gallery-is-layout-flex\"> <figure class=\"wp-block-image size-large\"><img loading=\"lazy\" decoding=\"async\" width=\"720\" height=\"540\" data-id=\"1132\" src=\"https:\/\/plastic-machines.org\/wp-content\/uploads\/2023\/11\/plastic-recycling-visit.webp\" alt=\"\" class=\"wp-image-1132\" srcset=\"https:\/\/plastic-machines.org\/wp-content\/uploads\/2023\/11\/plastic-recycling-visit.webp 720w, https:\/\/plastic-machines.org\/wp-content\/uploads\/2023\/11\/plastic-recycling-visit-300x225.webp 300w\" sizes=\"auto, (max-width: 720px) 100vw, 720px\" \/><figcaption class=\"wp-element-caption\">visita de cliente<\/figcaption><\/figure>    <figure class=\"wp-block-image size-large\"><img loading=\"lazy\" decoding=\"async\" width=\"720\" height=\"540\" data-id=\"1133\" src=\"https:\/\/plastic-machines.org\/wp-content\/uploads\/2023\/11\/plastic-recycling-equipment2.webp\" alt=\"\" class=\"wp-image-1133\" srcset=\"https:\/\/plastic-machines.org\/wp-content\/uploads\/2023\/11\/plastic-recycling-equipment2.webp 720w, https:\/\/plastic-machines.org\/wp-content\/uploads\/2023\/11\/plastic-recycling-equipment2-300x225.webp 300w\" sizes=\"auto, (max-width: 720px) 100vw, 720px\" \/><figcaption class=\"wp-element-caption\">Excursi\u00f3n a la planta de reciclaje de pl\u00e1stico.<\/figcaption><\/figure> <figcaption class=\"blocks-gallery-caption wp-element-caption\">fabricante de m\u00e1quinas de reciclaje de pl\u00e1stico ubicado en China<\/figcaption><\/figure>    <h2 class=\"wp-block-heading\">Qu\u00e9 ofrecemos<\/h2>    <p class=\"translation-block\">Nuestros productos principales son <a href=\"https:\/\/plastic-machines.org\/es\/product\/plastic-granulating-line\/\">l\u00ednea de granulado de reciclaje de PP PE<\/a>, <a href=\"https:\/\/plastic-machines.org\/es\/product\/pet-bottle-recycling-line\/\">l\u00ednea de limpieza de botellas PET<\/a> y<a href=\"https:\/\/plastic-machines.org\/es\/product\/plastic-foam-pelletizing-line\/\">l\u00ednea de pelletizaci\u00f3n de espuma pl\u00e1stica<\/a>, m\u00e1quina trituradora de pl\u00e1stico, m\u00e1quina de limpieza de pl\u00e1stico y otras auxiliares de reciclaje de pl\u00e1stico. <\/p>    <p>Como fabricante de m\u00e1quinas de reciclaje de pl\u00e1stico, ofrecemos m\u00e1quinas de alta calidad, as\u00ed como soluciones integrales de reciclaje de pl\u00e1stico, como instalaci\u00f3n in situ y servicio posventa. Hasta ahora, nuestras m\u00e1quinas de reciclaje de pl\u00e1stico se han exportado a m\u00e1s de 60 pa\u00edses y regiones, como Alemania, EE. UU., Arabia Saudita, Ghana, Congo, Kenia, Nigeria, etc. y han sido bien recibidas por nuestros clientes.<\/p>   <div class=\"wp-block-image\"> <figure class=\"aligncenter size-full\"><img loading=\"lazy\" decoding=\"async\" width=\"720\" height=\"540\" src=\"https:\/\/plastic-machines.org\/wp-content\/uploads\/2022\/10\/recycling-materials.jpg\" alt=\"\" class=\"wp-image-508\" srcset=\"https:\/\/plastic-machines.org\/wp-content\/uploads\/2022\/10\/recycling-materials.jpg 720w, https:\/\/plastic-machines.org\/wp-content\/uploads\/2022\/10\/recycling-materials-300x225.jpg 300w\" sizes=\"auto, (max-width: 720px) 100vw, 720px\" \/><\/figure> <\/div>   <h2 class=\"wp-block-heading\">D\u00f3nde estamos<\/h2>    <p>Shuliy Machinery est\u00e1 ubicada en Zhengzhou, Henan, China. Nuestra oficina est\u00e1 ubicada en la Zona de Desarrollo Econ\u00f3mico de Zhengzhou. Si est\u00e1 interesado en equipos de reciclaje de pl\u00e1stico, \u00a1le invitamos a visitar Shuliy Machinery!<\/p>    <figure class=\"wp-block-image size-full\"><img loading=\"lazy\" decoding=\"async\" width=\"1024\" height=\"486\" src=\"https:\/\/plastic-machines.org\/wp-content\/uploads\/2022\/10\/global-market.webp\" alt=\"\" class=\"wp-image-506\" srcset=\"https:\/\/plastic-machines.org\/wp-content\/uploads\/2022\/10\/global-market.webp 1024w, https:\/\/plastic-machines.org\/wp-content\/uploads\/2022\/10\/global-market-300x142.webp 300w, https:\/\/plastic-machines.org\/wp-content\/uploads\/2022\/10\/global-market-768x365.webp 768w\" sizes=\"auto, (max-width: 1024px) 100vw, 1024px\" \/><\/figure>","protected":false},"excerpt":{"rendered":"<p>Who are we Shuliy Machinery is a plastic recycling machine manufacturer focusing on the development and production of plastic recycling equipment. Our company was established in 2011, with over ten years of experience in plastic recycling machinery manufacturing. In more than a decade of operation, Shuliy Machinery has always adhered to the mission of &#8220;Let [&hellip;]<\/p>\n","protected":false},"author":1,"featured_media":0,"parent":0,"menu_order":0,"comment_status":"closed","ping_status":"closed","template":"","meta":{"_kad_blocks_custom_css":"","_kad_blocks_head_custom_js":"","_kad_blocks_body_custom_js":"","_kad_blocks_footer_custom_js":"","footnotes":""},"class_list":["post-2","page","type-page","status-publish","hentry"],"taxonomy_info":[],"featured_image_src_large":false,"author_info":{"display_name":"Ella","author_link":"https:\/\/plastic-machines.org\/es\/author\/admin\/"},"comment_info":0,"_links":{"self":[{"href":"https:\/\/plastic-machines.org\/es\/wp-json\/wp\/v2\/pages\/2","targetHints":{"allow":["GET"]}}],"collection":[{"href":"https:\/\/plastic-machines.org\/es\/wp-json\/wp\/v2\/pages"}],"about":[{"href":"https:\/\/plastic-machines.org\/es\/wp-json\/wp\/v2\/types\/page"}],"author":[{"embeddable":true,"href":"https:\/\/plastic-machines.org\/es\/wp-json\/wp\/v2\/users\/1"}],"replies":[{"embeddable":true,"href":"https:\/\/plastic-machines.org\/es\/wp-json\/wp\/v2\/comments?post=2"}],"version-history":[{"count":0,"href":"https:\/\/plastic-machines.org\/es\/wp-json\/wp\/v2\/pages\/2\/revisions"}],"wp:attachment":[{"href":"https:\/\/plastic-machines.org\/es\/wp-json\/wp\/v2\/media?parent=2"}],"curies":[{"name":"wp","href":"https:\/\/api.w.org\/{rel}","templated":true}]}}