{"id":1597,"date":"2024-11-28T14:23:04","date_gmt":"2024-11-28T06:23:04","guid":{"rendered":"https:\/\/plastic-machines.org\/?page_id=1597"},"modified":"2024-11-28T14:23:05","modified_gmt":"2024-11-28T06:23:05","slug":"frequently-asked-questions","status":"publish","type":"page","link":"https:\/\/plastic-machines.org\/es\/frequently-asked-questions\/","title":{"rendered":"Preguntas frecuentes"},"content":{"rendered":"<p>Invertir en m\u00e1quinas de reciclaje de pl\u00e1stico es una decisi\u00f3n costosa, por lo que recomendamos hacer m\u00e1s preguntas sobre las m\u00e1quinas y los servicios relacionados. A continuaci\u00f3n se muestran las preguntas frecuentes que recibimos y las preguntas m\u00e1s frecuentes. Si tienes otros puntos que conocer, cont\u00e1ctanos en cualquier momento. <\/p>    <h2 class=\"wp-block-heading\">Acerca del fabricante de m\u00e1quinas de pl\u00e1stico Shuliy<\/h2>   <div id=\"rank-math-faq\" class=\"rank-math-block\"> <div class=\"rank-math-list\"> <div id=\"faq-question-1732763357448\" class=\"rank-math-list-item\"> <h3 class=\"rank-math-question\">\u00bfEs usted una empresa comercial o una f\u00e1brica?<\/h3> <div class=\"rank-math-answer\">  <p>Shuliy es un fabricante de m\u00e1quinas de reciclaje de pl\u00e1stico con m\u00e1s de 10 a\u00f1os de experiencia, tenemos nuestra propia f\u00e1brica. <\/p>  <\/div> <\/div> <div id=\"faq-question-1732763512463\" class=\"rank-math-list-item\"> <h3 class=\"rank-math-question\">\u00bfD\u00f3nde est\u00e1 tu f\u00e1brica?<\/h3> <div class=\"rank-math-answer\">  <p>Shuliy Machinery est\u00e1 ubicada en Zhengzhou, provincia de Henan en China. Direcci\u00f3n: Zona de Desarrollo Econ\u00f3mico de Zhengzhou Ninth Street, Jingkai.<\/p>  <\/div> <\/div> <div id=\"faq-question-1732763533916\" class=\"rank-math-list-item\"> <h3 class=\"rank-math-question\">\u00bfPuedo visitar su f\u00e1brica?<\/h3> <div class=\"rank-math-answer\">  <p>\u00a1S\u00ed, claro! Le invitamos a nuestra empresa y f\u00e1brica. Comprar un juego de m\u00e1quinas de reciclaje de pl\u00e1stico es costoso, usted debe venir a ver nuestras m\u00e1quinas en persona, observar su apariencia y c\u00f3mo funcionan. <\/p>  <\/div> <\/div> <div id=\"faq-question-1732763562784\" class=\"rank-math-list-item\"> <h3 class=\"rank-math-question\">\u00bfC\u00f3mo viajo a su f\u00e1brica?<\/h3> <div class=\"rank-math-answer\">  <p>Tome un vuelo al Aeropuerto Internacional Xinzheng en China, salga en la Terminal T2, nuestro conductor y equipo de ventas lo recoger\u00e1n en la salida y viajar\u00e1n juntos a la f\u00e1brica, el viaje es de aproximadamente una hora.<\/p>  <\/div> <\/div> <div id=\"faq-question-1732765124586\" class=\"rank-math-list-item\"> <h3 class=\"rank-math-question\">\u00bfQu\u00e9 esperar durante la visita?<\/h3> <div class=\"rank-math-answer\">  <p>Puede consultar nuestra oficina y equipo de ventas, ellos son las personas que hablan con usted por WhatsApp y le brindan el m\u00e1s alto nivel de servicio al cliente.<br \/>Entonces podr\u00e1 comprobar nuestras m\u00e1quinas de reciclaje y ver una prueba en persona. Tras una inspecci\u00f3n visual, notar\u00e1 f\u00e1cilmente la excelente artesan\u00eda de la m\u00e1quina.<\/p>  <\/div> <\/div> <div id=\"faq-question-1732765082445\" class=\"rank-math-list-item\"> <h3 class=\"rank-math-question\">\u00bfPor qu\u00e9 elegir el fabricante de m\u00e1quinas de reciclaje de pl\u00e1stico Shuliy?<\/h3> <div class=\"rank-math-answer\">  <p>Como proveedor profesional de m\u00e1quinas de reciclaje de pl\u00e1stico, refinamos nuestro m\u00e9todo de producci\u00f3n y ofrecemos m\u00e1quinas de la m\u00e1s alta calidad con las mejores piezas. A trav\u00e9s de su observaci\u00f3n encontrar\u00e1 que nuestras m\u00e1quinas funcionan m\u00e1s r\u00e1pido, el material es m\u00e1s grueso, ya sea equipo de limpieza, trituraci\u00f3n o peletizaci\u00f3n, estamos mejorando constantemente los detalles, para que la eficiencia de reciclaje de la m\u00e1quina contin\u00fae mejorando.<\/p>  <\/div> <\/div> <\/div> <\/div>   <h2 class=\"wp-block-heading\">Sobre el proceso de pedido<\/h2>    <p>A continuaci\u00f3n se encuentran las preguntas frecuentes sobre el proceso de pedido.<\/p>   <div id=\"rank-math-faq\" class=\"rank-math-block\"> <div class=\"rank-math-list\"> <div id=\"faq-question-1732765274262\" class=\"rank-math-list-item\"> <h3 class=\"rank-math-question\">\u00bfC\u00f3mo hago un pedido?<\/h3> <div class=\"rank-math-answer\">  <p>El primer paso es conectarnos y decirnos qu\u00e9 m\u00e1quina necesita y el rendimiento deseado. Entonces obtendr\u00e1 un atento servicio al cliente del m\u00e1s alto nivel. <\/p>  <\/div> <\/div> <div id=\"faq-question-1732765297651\" class=\"rank-math-list-item\"> <h3 class=\"rank-math-question\">\u00bfCu\u00e1l es el tiempo de entrega despu\u00e9s de mi pedido?<\/h3> <div class=\"rank-math-answer\">  <p>Nuestro plazo de entrega est\u00e1ndar es de 20 a 25 d\u00edas h\u00e1biles despu\u00e9s de pagar el dep\u00f3sito. Para las l\u00edneas de reciclaje completas, el plazo de entrega puede ampliarse a 30 d\u00edas h\u00e1biles.<\/p>  <\/div> <\/div> <div id=\"faq-question-1732765549681\" class=\"rank-math-list-item\"> <h3 class=\"rank-math-question\">\u00bfTienen sus m\u00e1quinas la certificaci\u00f3n CE?<\/h3> <div class=\"rank-math-answer\">  <p>Nuestras m\u00e1quinas han pasado la certificaci\u00f3n CE. Si necesita otra certificaci\u00f3n para usar la m\u00e1quina en su pa\u00eds, puede informarnos, tenemos muchas experiencias relacionadas.<\/p>  <\/div> <\/div> <div id=\"faq-question-1732765583791\" class=\"rank-math-list-item\"> <h3 class=\"rank-math-question\">\u00bfCu\u00e1nto dura la garant\u00eda de sus m\u00e1quinas de reciclaje?<\/h3> <div class=\"rank-math-answer\">  <p>La garant\u00eda de nuestras m\u00e1quinas de reciclaje es de un a\u00f1o.<\/p>  <\/div> <\/div> <div id=\"faq-question-1732765630702\" class=\"rank-math-list-item\"> <h3 class=\"rank-math-question\">\u00bfFuncionar\u00e1n sus m\u00e1quinas en mis pa\u00edses?<\/h3> <div class=\"rank-math-answer\">  <p>S\u00ed, todas nuestras m\u00e1quinas de reciclaje de pl\u00e1stico pueden funcionar en sus pa\u00edses. Nuestras m\u00e1quinas se fabrican de acuerdo con los est\u00e1ndares del pa\u00eds al que prestaremos servicio. Si tu pa\u00eds tiene una estrategia medioambiental especial, tambi\u00e9n puedes dec\u00edrnoslo. <\/p>  <\/div> <\/div> <div id=\"faq-question-1732765647746\" class=\"rank-math-list-item\"> <h3 class=\"rank-math-question\">\u00bfCu\u00e1nto cuestan sus m\u00e1quinas de reciclaje de pl\u00e1stico?<\/h3> <div class=\"rank-math-answer\">  <p>Como las tarifas de env\u00edo, el modelo de la m\u00e1quina, la moneda y otros factores difieren de un pa\u00eds a otro, el costo de cada pedido es diferente. Para cotizaciones detalladas de la m\u00e1quina de reciclaje, puede contactarnos. <\/p>  <\/div> <\/div> <div id=\"faq-question-1732765673123\" class=\"rank-math-list-item\"> <h3 class=\"rank-math-question\">\u00bfSe prueban las m\u00e1quinas antes de la entrega?<\/h3> <div class=\"rank-math-answer\">  <p>S\u00ed, todas nuestras m\u00e1quinas y plantas de reciclaje completas ser\u00e1n probadas antes de la entrega. Tambi\u00e9n le enviaremos el v\u00eddeo y las im\u00e1genes de prueba de la m\u00e1quina. <\/p>  <\/div> <\/div> <div id=\"faq-question-1732765717919\" class=\"rank-math-list-item\"> <h3 class=\"rank-math-question\">\u00bfPuedes instalarnos las m\u00e1quinas?<\/h3> <div class=\"rank-math-answer\">  <p>Proporcionamos un manual de instalaci\u00f3n para cada m\u00e1quina. Para l\u00edneas de reciclaje grandes, podemos organizar el viaje de un ingeniero mec\u00e1nico a su pa\u00eds para ayudar con la instalaci\u00f3n, la puesta en marcha de la m\u00e1quina y la capacitaci\u00f3n de los trabajadores.<br \/>Por cierto, el tiempo de instalaci\u00f3n suele ser entre 7 y 20 d\u00edas, dependiendo del tama\u00f1o de tu proyecto.<\/p>  <\/div> <\/div> <div id=\"faq-question-1732765810341\" class=\"rank-math-list-item\"> <h3 class=\"rank-math-question\">\u00bfC\u00f3mo compro repuestos?<\/h3> <div class=\"rank-math-answer\">  <p>En el momento del env\u00edo, le prepararemos piezas port\u00e1tiles adicionales. Cuando necesite m\u00e1s m\u00e1s adelante, tenemos muchas piezas en stock, as\u00ed que no dude en contactarnos.<\/p>  <\/div> <\/div> <div id=\"faq-question-1732771420060\" class=\"rank-math-list-item\"> <h3 class=\"rank-math-question\">\u00bfQu\u00e9 servicio postventa ofrecen?<\/h3> <div class=\"rank-math-answer\">  <p>Despu\u00e9s de comprar nuestras m\u00e1quinas, nuestros vendedores se mantendr\u00e1n en contacto con usted hasta que su m\u00e1quina funcione sin problemas. Muchos de nuestros clientes nos comparten v\u00eddeos de sus m\u00e1quinas funcionando y est\u00e1n satisfechos con nuestro servicio. Shuliy siempre ser\u00e1 su socio fiel despu\u00e9s de que se establezca la asociaci\u00f3n.<\/p>  <\/div> <\/div> <\/div> <\/div>","protected":false},"excerpt":{"rendered":"<p>Investing in plastic recycling machines is a costly decision, so we recommend asking more questions about the machines and related services. Below are the FAQs we received the most commonly asked questions. If you have other points to know, contact us anytime. About Shuliy plastic machine manufaturer About ordering process Below are the frequently asked [&hellip;]<\/p>\n","protected":false},"author":1,"featured_media":0,"parent":0,"menu_order":0,"comment_status":"closed","ping_status":"closed","template":"","meta":{"_kad_blocks_custom_css":"","_kad_blocks_head_custom_js":"","_kad_blocks_body_custom_js":"","_kad_blocks_footer_custom_js":"","footnotes":""},"class_list":["post-1597","page","type-page","status-publish","hentry"],"taxonomy_info":[],"featured_image_src_large":false,"author_info":{"display_name":"Ella","author_link":"https:\/\/plastic-machines.org\/es\/author\/admin\/"},"comment_info":0,"_links":{"self":[{"href":"https:\/\/plastic-machines.org\/es\/wp-json\/wp\/v2\/pages\/1597","targetHints":{"allow":["GET"]}}],"collection":[{"href":"https:\/\/plastic-machines.org\/es\/wp-json\/wp\/v2\/pages"}],"about":[{"href":"https:\/\/plastic-machines.org\/es\/wp-json\/wp\/v2\/types\/page"}],"author":[{"embeddable":true,"href":"https:\/\/plastic-machines.org\/es\/wp-json\/wp\/v2\/users\/1"}],"replies":[{"embeddable":true,"href":"https:\/\/plastic-machines.org\/es\/wp-json\/wp\/v2\/comments?post=1597"}],"version-history":[{"count":0,"href":"https:\/\/plastic-machines.org\/es\/wp-json\/wp\/v2\/pages\/1597\/revisions"}],"wp:attachment":[{"href":"https:\/\/plastic-machines.org\/es\/wp-json\/wp\/v2\/media?parent=1597"}],"curies":[{"name":"wp","href":"https:\/\/api.w.org\/{rel}","templated":true}]}}