{"id":901,"date":"2023-07-25T16:02:31","date_gmt":"2023-07-25T08:02:31","guid":{"rendered":"https:\/\/plastic-machines.org\/?post_type=product&#038;p=901"},"modified":"2025-11-18T09:48:33","modified_gmt":"2025-11-18T01:48:33","slug":"plastic-shredder-for-recycling-rigid-plastics","status":"publish","type":"product","link":"https:\/\/plastic-machines.org\/de\/product\/plastic-shredder-for-recycling-rigid-plastics\/","title":{"rendered":"Kunststoffzerkleinerer zum Recycling von Hartkunststoffen"},"content":{"rendered":"<div class=\"kk-star-ratings kksr-auto kksr-align-left kksr-valign-top\"     data-payload='{&quot;align&quot;:&quot;left&quot;,&quot;id&quot;:&quot;901&quot;,&quot;slug&quot;:&quot;default&quot;,&quot;valign&quot;:&quot;top&quot;,&quot;ignore&quot;:&quot;&quot;,&quot;reference&quot;:&quot;auto&quot;,&quot;class&quot;:&quot;&quot;,&quot;count&quot;:&quot;3&quot;,&quot;legendonly&quot;:&quot;&quot;,&quot;readonly&quot;:&quot;&quot;,&quot;score&quot;:&quot;5&quot;,&quot;starsonly&quot;:&quot;&quot;,&quot;best&quot;:&quot;5&quot;,&quot;gap&quot;:&quot;5&quot;,&quot;greet&quot;:&quot;Rate this product&quot;,&quot;legend&quot;:&quot;5\\\/5 - (3 votes)&quot;,&quot;size&quot;:&quot;24&quot;,&quot;title&quot;:&quot;Plastic shredder for recycling rigid plastics&quot;,&quot;width&quot;:&quot;142.5&quot;,&quot;_legend&quot;:&quot;{score}\\\/{best} - ({count} {votes})&quot;,&quot;font_factor&quot;:&quot;1.25&quot;}'>              <div class=\"kksr-stars\">      <div class=\"kksr-stars-inactive\">             <div class=\"kksr-star\" data-star=\"1\" style=\"padding-right: 5px\">               <div class=\"kksr-icon\" style=\"width: 24px; height: 24px;\"><\/div>         <\/div>             <div class=\"kksr-star\" data-star=\"2\" style=\"padding-right: 5px\">               <div class=\"kksr-icon\" style=\"width: 24px; height: 24px;\"><\/div>         <\/div>             <div class=\"kksr-star\" data-star=\"3\" style=\"padding-right: 5px\">               <div class=\"kksr-icon\" style=\"width: 24px; height: 24px;\"><\/div>         <\/div>             <div class=\"kksr-star\" data-star=\"4\" style=\"padding-right: 5px\">               <div class=\"kksr-icon\" style=\"width: 24px; height: 24px;\"><\/div>         <\/div>             <div class=\"kksr-star\" data-star=\"5\" style=\"padding-right: 5px\">               <div class=\"kksr-icon\" style=\"width: 24px; height: 24px;\"><\/div>         <\/div>     <\/div>      <div class=\"kksr-stars-active\" style=\"width: 142.5px;\">             <div class=\"kksr-star\" style=\"padding-right: 5px\">               <div class=\"kksr-icon\" style=\"width: 24px; height: 24px;\"><\/div>         <\/div>             <div class=\"kksr-star\" style=\"padding-right: 5px\">               <div class=\"kksr-icon\" style=\"width: 24px; height: 24px;\"><\/div>         <\/div>             <div class=\"kksr-star\" style=\"padding-right: 5px\">               <div class=\"kksr-icon\" style=\"width: 24px; height: 24px;\"><\/div>         <\/div>             <div class=\"kksr-star\" style=\"padding-right: 5px\">               <div class=\"kksr-icon\" style=\"width: 24px; height: 24px;\"><\/div>         <\/div>             <div class=\"kksr-star\" style=\"padding-right: 5px\">               <div class=\"kksr-icon\" style=\"width: 24px; height: 24px;\"><\/div>         <\/div>     <\/div> <\/div>                   <div class=\"kksr-legend\" style=\"font-size: 19.2px;\">             5\/5 - (3 Stimmen)    <\/div>     <\/div>  <p>Der Kunststoffzerkleinerer f\u00fcr Recycling wird zum Zerkleinern von Hartkunststoffen wie Kunststoffrohren, Kunststofff\u00e4ssern, Kunststoffklumpen usw. verwendet.<\/p>    <h2 class=\"wp-block-heading\">Merkmale der industriellen Kunststoffzerkleinerungsmaschine <\/h2>    <ul class=\"wp-block-list\"> <li><strong>Starke Zerkleinerungsf\u00e4higkeit<\/strong>. Hartkunststoffe weisen in der Regel eine hohe Druck- und Verschlei\u00dffestigkeit auf, und der auf die Zerkleinerung von Hartkunststoffen spezialisierte Kunststoffzerkleinerer kann diese Eigenschaften bew\u00e4ltigen und Hartkunststoffe effektiv in kleine Partikel zerkleinern.<\/li>    <li><strong>Langlebige Messer und abgenutzte Teile<\/strong>. Um der hohen H\u00e4rte und Abriebfestigkeit harter Kunststoffe gerecht zu werden, werden im Kunststoffzerkleinerer in der Regel hochwertige Messer und Verschlei\u00dfteile eingesetzt, um einen stabilen Betrieb \u00fcber einen langen Zeitraum zu gew\u00e4hrleisten.<\/li>    <li><strong>Stabiler Betrieb<\/strong>. Der Zerkleinerungsprozess von starren Kunststoffen erfordert mehr Leistung und einen stabileren Betrieb. Daher sind diese Brecher normalerweise mit leistungsstarken Motoren und stabilen Steuerungssystemen ausgestattet, um einen effizienten und stabilen Zerkleinerungsbetrieb zu gew\u00e4hrleisten.<\/li>    <li><strong>Professionelles Design<\/strong>. Um sich an die Eigenschaften starrer Kunststoffe anzupassen, wird diese Art von industriellen Kunststoffzerkleinerungsmaschinen in der Regel professionell konstruiert, einschlie\u00dflich der Struktur der Zerkleinerungskammer, des Zuf\u00fchrmodus, der Messeranordnung usw. Vor Verlassen des Werks f\u00fchrt jede Zerkleinerungsmaschine folgende Schritte aus: dynamischer Gleichgewichtstest, um sicherzustellen, dass die Klinge den Qualit\u00e4tsanforderungen entspricht.<\/li> <\/ul>    <h2 class=\"wp-block-heading\">Parameter des Kunststoffzerkleinerers f\u00fcr das Recycling<\/h2>    <figure class=\"wp-block-table\"><table><tbody><tr><td>Typ<\/td><td>SL-600<\/td><td>SL-800<\/td><td>SL-1000<\/td><\/tr><tr><td>Leistung<\/td><td>30 kW<\/td><td>45 kW<\/td><td>55 kW<\/td><\/tr><tr><td>Kapazit\u00e4t<\/td><td>800kg\/h<\/td><td>1000 kg\/h<\/td><td>1200 kg\/h<\/td><\/tr><tr><td>Messermaterial <\/td><td>60Si2Mn<\/td><td>60Si2Mn<\/td><td>60Si2Mn<\/td><\/tr><tr><td>Messermenge<\/td><td>&nbsp;10 St\u00fcck<\/td><td>&nbsp;10 St\u00fcck&nbsp;<\/td><td>10 St\u00fcck&nbsp;<\/td><\/tr><\/tbody><\/table><figcaption class=\"wp-element-caption\">Parameter des Kunststoffschredders<\/figcaption><\/figure>    <ul class=\"wp-block-list\"> <li>Die Kunststoff-Aktenvernichter von Shuliy sind alle CE-zertifiziert.<\/li>    <li>Basierend auf Ihren Anforderungen bieten wir ein gr\u00f6\u00dferes Modell einer Zerkleinerungsmaschine an.<\/li> <\/ul>    <h2 class=\"wp-block-heading\">Zus\u00e4tzliche Bilder<\/h2>    <figure class=\"wp-block-gallery has-nested-images columns-default is-cropped wp-block-gallery-2 is-layout-flex wp-block-gallery-is-layout-flex\"> <figure class=\"wp-block-image size-large\"><img loading=\"lazy\" decoding=\"async\" width=\"768\" height=\"1024\" data-id=\"909\" src=\"https:\/\/plastic-machines.org\/wp-content\/uploads\/2023\/07\/plastic-shredder-machine-768x1024.webp\" alt=\"Kunststoffzerkleinerungsmaschine f\u00fcr starre Materialien\" class=\"wp-image-909\" srcset=\"https:\/\/plastic-machines.org\/wp-content\/uploads\/2023\/07\/plastic-shredder-machine-768x1024.webp 768w, https:\/\/plastic-machines.org\/wp-content\/uploads\/2023\/07\/plastic-shredder-machine-225x300.webp 225w, https:\/\/plastic-machines.org\/wp-content\/uploads\/2023\/07\/plastic-shredder-machine-1152x1536.webp 1152w, https:\/\/plastic-machines.org\/wp-content\/uploads\/2023\/07\/plastic-shredder-machine.webp 1276w\" sizes=\"auto, (max-width: 768px) 100vw, 768px\" \/><figcaption class=\"wp-element-caption\">Kunststoffzerkleinerungsmaschine f\u00fcr starre Materialien<\/figcaption><\/figure>    <figure class=\"wp-block-image size-large\"><img loading=\"lazy\" decoding=\"async\" width=\"768\" height=\"1024\" data-id=\"908\" src=\"https:\/\/plastic-machines.org\/wp-content\/uploads\/2023\/07\/plastic-shredder-machine-2-768x1024.webp\" alt=\"Plastikzerkleinerungsmaschine \" class=\"wp-image-908\" srcset=\"https:\/\/plastic-machines.org\/wp-content\/uploads\/2023\/07\/plastic-shredder-machine-2-768x1024.webp 768w, https:\/\/plastic-machines.org\/wp-content\/uploads\/2023\/07\/plastic-shredder-machine-2-225x300.webp 225w, https:\/\/plastic-machines.org\/wp-content\/uploads\/2023\/07\/plastic-shredder-machine-2-1152x1536.webp 1152w, https:\/\/plastic-machines.org\/wp-content\/uploads\/2023\/07\/plastic-shredder-machine-2.webp 1276w\" sizes=\"auto, (max-width: 768px) 100vw, 768px\" \/><figcaption class=\"wp-element-caption\">Plastikzerkleinerungsmaschine <\/figcaption><\/figure> <\/figure>    <figure class=\"wp-block-gallery has-nested-images columns-default is-cropped wp-block-gallery-3 is-layout-flex wp-block-gallery-is-layout-flex\"> <figure class=\"wp-block-image size-large\"><img loading=\"lazy\" decoding=\"async\" width=\"768\" height=\"1024\" data-id=\"905\" src=\"https:\/\/plastic-machines.org\/wp-content\/uploads\/2023\/07\/plastic-film-shredder-3-768x1024.webp\" alt=\"Plastikzerkleinerer \" class=\"wp-image-905\" srcset=\"https:\/\/plastic-machines.org\/wp-content\/uploads\/2023\/07\/plastic-film-shredder-3-768x1024.webp 768w, https:\/\/plastic-machines.org\/wp-content\/uploads\/2023\/07\/plastic-film-shredder-3-225x300.webp 225w, https:\/\/plastic-machines.org\/wp-content\/uploads\/2023\/07\/plastic-film-shredder-3-1152x1536.webp 1152w, https:\/\/plastic-machines.org\/wp-content\/uploads\/2023\/07\/plastic-film-shredder-3.webp 1276w\" sizes=\"auto, (max-width: 768px) 100vw, 768px\" \/><figcaption class=\"wp-element-caption\">Plastikzerkleinerer <\/figcaption><\/figure>    <figure class=\"wp-block-image size-large\"><img loading=\"lazy\" decoding=\"async\" width=\"768\" height=\"1024\" data-id=\"904\" src=\"https:\/\/plastic-machines.org\/wp-content\/uploads\/2023\/07\/plastic-film-shredder-2-768x1024.webp\" alt=\"Plastikzerkleinerer\" class=\"wp-image-904\" srcset=\"https:\/\/plastic-machines.org\/wp-content\/uploads\/2023\/07\/plastic-film-shredder-2-768x1024.webp 768w, https:\/\/plastic-machines.org\/wp-content\/uploads\/2023\/07\/plastic-film-shredder-2-225x300.webp 225w, https:\/\/plastic-machines.org\/wp-content\/uploads\/2023\/07\/plastic-film-shredder-2-1152x1536.webp 1152w, https:\/\/plastic-machines.org\/wp-content\/uploads\/2023\/07\/plastic-film-shredder-2.webp 1276w\" sizes=\"auto, (max-width: 768px) 100vw, 768px\" \/><figcaption class=\"wp-element-caption\">Plastikzerkleinerer<\/figcaption><\/figure> <figcaption class=\"blocks-gallery-caption wp-element-caption\">Kunststoffzerkleinerer zum Recycling von Hartkunststoffen<\/figcaption><\/figure>    <h2 class=\"wp-block-heading\">Anfragen f\u00fcr Hartplastik-Zerkleinerer <\/h2>    <p>Wenn Sie an der industriellen Kunststoffzerkleinerungsmaschine interessiert sind, f\u00fcllen Sie das Formular rechts in der Ecke aus. <\/p>    <p class=\"translation-block\">Unser Vertriebsleiter wird Ihnen so schnell wie m\u00f6glich <a href=\"https:\/\/plastic-machines.org\/de\/product\/pelletization-machine-for-rigid-plastic-recycling\/\">Angebote f\u00fcr Recyclingmaschinen<\/a> zusenden. <\/p>","protected":false},"excerpt":{"rendered":"<p>The plastic shredder for recycling is used to crush rigid plastics, such as plastic pipes, plastic drums, plastic lumps and so on. Features of industrial plastic shredder machine Parameters of plastic shredder for recycling Type SL-600 SL-800 SL-1000 Power 30&nbsp;kw 45 kw 55 kw Capacity 800kg\/h 1000kg\/h 1200kg\/h Knives material 60Si2Mn 60Si2Mn 60Si2Mn Knive qty [&hellip;]<\/p>\n","protected":false},"author":1,"featured_media":902,"parent":0,"template":"","tags":[51],"product-type":[15],"class_list":["post-901","product","type-product","status-publish","has-post-thumbnail","hentry","tag-rigid","product-type-plastic-crushing-equipment"],"taxonomy_info":{"post_tag":[{"value":51,"label":"rigid"}],"product-type":[{"value":15,"label":"Plastic Crushing Equipment"}]},"featured_image_src_large":["https:\/\/plastic-machines.org\/wp-content\/uploads\/2023\/07\/plastic-crusher-1.webp",720,540,false],"author_info":{"display_name":"Ella","author_link":"https:\/\/plastic-machines.org\/de\/author\/admin\/"},"comment_info":"","_links":{"self":[{"href":"https:\/\/plastic-machines.org\/de\/wp-json\/wp\/v2\/product\/901","targetHints":{"allow":["GET"]}}],"collection":[{"href":"https:\/\/plastic-machines.org\/de\/wp-json\/wp\/v2\/product"}],"about":[{"href":"https:\/\/plastic-machines.org\/de\/wp-json\/wp\/v2\/types\/product"}],"author":[{"embeddable":true,"href":"https:\/\/plastic-machines.org\/de\/wp-json\/wp\/v2\/users\/1"}],"wp:featuredmedia":[{"embeddable":true,"href":"https:\/\/plastic-machines.org\/de\/wp-json\/wp\/v2\/media\/902"}],"wp:attachment":[{"href":"https:\/\/plastic-machines.org\/de\/wp-json\/wp\/v2\/media?parent=901"}],"wp:term":[{"taxonomy":"post_tag","embeddable":true,"href":"https:\/\/plastic-machines.org\/de\/wp-json\/wp\/v2\/tags?post=901"},{"taxonomy":"product-type","embeddable":true,"href":"https:\/\/plastic-machines.org\/de\/wp-json\/wp\/v2\/product-type?post=901"}],"curies":[{"name":"wp","href":"https:\/\/api.w.org\/{rel}","templated":true}]}}