{"id":899,"date":"2023-07-25T14:56:18","date_gmt":"2023-07-25T06:56:18","guid":{"rendered":"https:\/\/plastic-machines.org\/?post_type=product&#038;p=899"},"modified":"2026-03-24T09:45:27","modified_gmt":"2026-03-24T01:45:27","slug":"plastic-film-woven-bag-pelletizer-machine","status":"publish","type":"product","link":"https:\/\/plastic-machines.org\/de\/product\/plastic-film-woven-bag-pelletizer-machine\/","title":{"rendered":"Pelletiermaschine f\u00fcr gewebte Beutel aus PP-PE-Kunststofffolie"},"content":{"rendered":"<div class=\"kk-star-ratings kksr-auto kksr-align-left kksr-valign-top\"     data-payload='{&quot;align&quot;:&quot;left&quot;,&quot;id&quot;:&quot;899&quot;,&quot;slug&quot;:&quot;default&quot;,&quot;valign&quot;:&quot;top&quot;,&quot;ignore&quot;:&quot;&quot;,&quot;reference&quot;:&quot;auto&quot;,&quot;class&quot;:&quot;&quot;,&quot;count&quot;:&quot;4&quot;,&quot;legendonly&quot;:&quot;&quot;,&quot;readonly&quot;:&quot;&quot;,&quot;score&quot;:&quot;5&quot;,&quot;starsonly&quot;:&quot;&quot;,&quot;best&quot;:&quot;5&quot;,&quot;gap&quot;:&quot;5&quot;,&quot;greet&quot;:&quot;Rate this product&quot;,&quot;legend&quot;:&quot;5\\\/5 - (4 votes)&quot;,&quot;size&quot;:&quot;24&quot;,&quot;title&quot;:&quot;PP PE Plastic Film Woven Bags Pelletizer Machine&quot;,&quot;width&quot;:&quot;142.5&quot;,&quot;_legend&quot;:&quot;{score}\\\/{best} - ({count} {votes})&quot;,&quot;font_factor&quot;:&quot;1.25&quot;}'>              <div class=\"kksr-stars\">      <div class=\"kksr-stars-inactive\">             <div class=\"kksr-star\" data-star=\"1\" style=\"padding-right: 5px\">               <div class=\"kksr-icon\" style=\"width: 24px; height: 24px;\"><\/div>         <\/div>             <div class=\"kksr-star\" data-star=\"2\" style=\"padding-right: 5px\">               <div class=\"kksr-icon\" style=\"width: 24px; height: 24px;\"><\/div>         <\/div>             <div class=\"kksr-star\" data-star=\"3\" style=\"padding-right: 5px\">               <div class=\"kksr-icon\" style=\"width: 24px; height: 24px;\"><\/div>         <\/div>             <div class=\"kksr-star\" data-star=\"4\" style=\"padding-right: 5px\">               <div class=\"kksr-icon\" style=\"width: 24px; height: 24px;\"><\/div>         <\/div>             <div class=\"kksr-star\" data-star=\"5\" style=\"padding-right: 5px\">               <div class=\"kksr-icon\" style=\"width: 24px; height: 24px;\"><\/div>         <\/div>     <\/div>      <div class=\"kksr-stars-active\" style=\"width: 142.5px;\">             <div class=\"kksr-star\" style=\"padding-right: 5px\">               <div class=\"kksr-icon\" style=\"width: 24px; height: 24px;\"><\/div>         <\/div>             <div class=\"kksr-star\" style=\"padding-right: 5px\">               <div class=\"kksr-icon\" style=\"width: 24px; height: 24px;\"><\/div>         <\/div>             <div class=\"kksr-star\" style=\"padding-right: 5px\">               <div class=\"kksr-icon\" style=\"width: 24px; height: 24px;\"><\/div>         <\/div>             <div class=\"kksr-star\" style=\"padding-right: 5px\">               <div class=\"kksr-icon\" style=\"width: 24px; height: 24px;\"><\/div>         <\/div>             <div class=\"kksr-star\" style=\"padding-right: 5px\">               <div class=\"kksr-icon\" style=\"width: 24px; height: 24px;\"><\/div>         <\/div>     <\/div> <\/div>                   <div class=\"kksr-legend\" style=\"font-size: 19.2px;\">             5\/5 - (4 Stimmen)    <\/div>     <\/div>  <p>Die Pelletiermaschine f\u00fcr PP-PE-Kunststofffolien vereint die Funktionen Zerkleinern, Verdichten, Schmelzen und Extrudieren in einem einzigen Schritt. Die Shuliy Group stellt seit \u00fcber 20 Jahren Pelletiermaschinen f\u00fcr Kunststofffolien her und hat vielen Recyclingbetrieben dabei geholfen, ihre Gesch\u00e4fte zu starten und gro\u00dfe Gewinne zu erzielen.<\/p>    <p>Neben der Pelletierung von Kunststoffabf\u00e4llen kann die Pelletiermaschine auch gewebte PP-PE-Beutel, Zements\u00e4cke, PP-Bast, Plastikverpackungsbeutel usw. pelletieren. Die Endprodukte der Kunststoffgranuliermaschine sind recycelte Pellets oder Granulate, die direkt in der Rohrextrusion, der Kunststoffherstellung, beim Folienblasen und beim Kunststoffspritzen verwendet werden k\u00f6nnen.<\/p>    <h2 class=\"wp-block-heading\">Funktionsprinzip der Pelletiermaschine<\/h2>    <p class=\"translation-block\"><strong>Extrusionssystem<\/strong>: Das Extrusionssystem der Kunststofffolien-Granuliermaschine umfasst eine Schnecke, einen Zylinder, einen Trichter, einen Kopf und eine D\u00fcse. Der Kunststoff wird durch das Extrusionssystem zu einer gleichm\u00e4\u00dfigen Schmelze klassifiziert und unter dem dabei aufgebauten Druck kontinuierlich durch die Schnecke aus dem Kopf extrudiert.<\/p>    <ol class=\"wp-block-list\"> <li>Schnecke: Das Prinzip der Filmpelletiermaschine stellt die wichtigsten Teile dar und steht in direktem Zusammenhang mit dem Anwendungsbereich des Extruders und der Produktionseffizienz. Er besteht aus hochfestem, korrosionsbest\u00e4ndigem legiertem Stahl.<\/li>    <li>Lauf: ein nahtloses Metallrohr, im Allgemeinen hitzebest\u00e4ndig, druckbest\u00e4ndig, hochfest, stark verschlei\u00dffest, korrosionsbest\u00e4ndiger legierter Stahl oder legierter Stahl, ausgekleidet mit einem Verbundstahlrohr.<\/li>    <li>Trichter: Der Boden des Trichters ist mit einer Absperrvorrichtung ausgestattet, um den Materialfluss einzustellen und zu unterbrechen, die Seite des Trichters ist mit einem Sichtloch und einem Kalibrierungsmessger\u00e4t ausgestattet.<\/li>    <li>Kopf und Form: Der Kopf besteht aus einer Innenh\u00fclse aus legiertem Stahl und einer Au\u00dfenh\u00fclse aus Kohlenstoffstahl, der Kopf ist mit einer Formmatrize ausgestattet.<\/li> <\/ol>    <p class=\"translation-block\"><strong>Antriebssystem<\/strong>: Beim Funktionsprinzip der Gewebesack-Granuliermaschine treibt das Antriebssystem die Schnecke an und liefert das f\u00fcr den Extrusionsprozess erforderliche Drehmoment und die Geschwindigkeit. Es besteht in der Regel aus Motor, Getriebe und Lagern sowie anderen Komponenten.<\/p>    <p class=\"translation-block\"><strong>Heiz- und K\u00fchlvorrichtungen<\/strong>: Heutzutage verwendet die Gewebesack-Granuliermaschine haupts\u00e4chlich elektrische Heizungen, die in Widerstandsheizungen und Induktionsheizungen unterteilt sind. Das Heizelement ist in jedem Teil des K\u00f6rpers, des Halses und des Kopfes installiert. Die Heizvorrichtung erw\u00e4rmt den Kunststoff im Zylinder von au\u00dfen, sodass er sich auf die f\u00fcr den Prozess erforderliche Temperatur erw\u00e4rmt. Die K\u00fchlvorrichtung ist so eingerichtet, dass der Kunststoff im Temperaturbereich des Granulierprozesses gehalten wird.<\/p>    <h2 class=\"wp-block-heading\">Arbeitsvideo der Pelletiermaschine<\/h2>    <figure class=\"wp-block-embed is-type-video is-provider-youtube wp-block-embed-youtube wp-embed-aspect-16-9 wp-has-aspect-ratio\"><div class=\"wp-block-embed__wrapper\"> <iframe loading=\"lazy\" title=\"300 kg\/h Kunststofffolien-Wasch- und Pelletierlinie | Recyclingmaschinen f\u00fcr PP PE LDPE-Kunststoffabf\u00e4lle\" width=\"500\" height=\"281\" src=\"https:\/\/www.youtube.com\/embed\/I4dkCkfIOmc?feature=oembed\" frameborder=\"0\" allow=\"accelerometer; autoplay; clipboard-write; encrypted-media; gyroscope; picture-in-picture; web-share\" referrerpolicy=\"strict-origin-when-cross-origin\" allowfullscreen><\/iframe> <\/div><\/figure>    <h2 class=\"wp-block-heading\">Technische Spezifikationen<\/h2>    <figure class=\"wp-block-table\"><table><tbody><tr><td>Modell<\/td><td>SL-125<\/td><td>SL-150<\/td><td>SL-180<\/td><td>SL-200<\/td><td>SL-220<\/td><\/tr><tr><td>Schraubendurchmesser<\/td><td>125mm<\/td><td>150mm<\/td><td>180mm<\/td><td>200mm<\/td><td>220mm<\/td><\/tr><tr><td>Spulengeschwindigkeit<\/td><td>50-70\/Min<\/td><td>40-50\/Min<\/td><td>40-50\/Min<\/td><td>40-50\/Min<\/td><td>40-50\/Min<\/td><\/tr><tr><td>Hauptmotorleistung<\/td><td>30 kW<\/td><td>37 kW<\/td><td>55 kW<\/td><td>75 kW<\/td><td>90 kW<\/td><\/tr><tr><td>Gewicht<\/td><td>1,8T<\/td><td>2T<\/td><td>2,2T<\/td><td>2,8T<\/td><td>3,2T<\/td><\/tr><tr><td>Dementionen<\/td><td>2.6*0.7*0.7<\/td><td>3.0*0.7*0.8<\/td><td>3.2*0.7*0.8<\/td><td>3.5*1*1<\/td><td>3.8*1.2*1<\/td><\/tr><tr><td>Kapazit\u00e4t<\/td><td>180 kg\/h<\/td><td>300 kg\/h<\/td><td>350 kg\/h<\/td><td>380 kg\/h<\/td><td>420 kg\/h<\/td><\/tr><\/tbody><\/table><\/figure>    <ul class=\"wp-block-list\"> <li>CE-Zertifizierung liegt vor.<\/li>    <li>Die Shuliy Group bietet auf Anfrage mehr Modelle von Kunststoffpelletisiermaschinen mit gr\u00f6\u00dferer Leistung und Aussto\u00df an.<\/li> <\/ul>    <h2 class=\"wp-block-heading\">Zus\u00e4tzliche Bilder des Granulators mit gewebten Beuteln<\/h2>    <figure class=\"wp-block-image size-full\"><img loading=\"lazy\" decoding=\"async\" width=\"720\" height=\"540\" src=\"https:\/\/plastic-machines.org\/wp-content\/uploads\/2022\/06\/plastic-pellet-making-machine1.webp\" alt=\"Kunststoffgranuliermaschine\" class=\"wp-image-477\" srcset=\"https:\/\/plastic-machines.org\/wp-content\/uploads\/2022\/06\/plastic-pellet-making-machine1.webp 720w, https:\/\/plastic-machines.org\/wp-content\/uploads\/2022\/06\/plastic-pellet-making-machine1-300x225.webp 300w\" sizes=\"auto, (max-width: 720px) 100vw, 720px\" \/><figcaption class=\"wp-element-caption\">Granulator mit gewebten Beuteln <\/figcaption><\/figure>    <figure class=\"wp-block-image size-full is-resized\"><img loading=\"lazy\" decoding=\"async\" width=\"720\" height=\"540\" src=\"https:\/\/plastic-machines.org\/wp-content\/uploads\/2022\/06\/plastic-pelletizer-machine.webp\" alt=\"Pelletierer aus Kunststoff\" class=\"wp-image-523\" srcset=\"https:\/\/plastic-machines.org\/wp-content\/uploads\/2022\/06\/plastic-pelletizer-machine.webp 720w, https:\/\/plastic-machines.org\/wp-content\/uploads\/2022\/06\/plastic-pelletizer-machine-300x225.webp 300w\" sizes=\"auto, (max-width: 720px) 100vw, 720px\" \/><figcaption class=\"wp-element-caption\">Pelletiermaschine f\u00fcr Kunststofffolien<\/figcaption><\/figure>    <figure class=\"wp-block-image size-full\"><img loading=\"lazy\" decoding=\"async\" width=\"720\" height=\"540\" src=\"https:\/\/plastic-machines.org\/wp-content\/uploads\/2022\/12\/plastic-pelletizing-machne.webp\" alt=\"Kunststoff-Granuliermaschine\" class=\"wp-image-623\" srcset=\"https:\/\/plastic-machines.org\/wp-content\/uploads\/2022\/12\/plastic-pelletizing-machne.webp 720w, https:\/\/plastic-machines.org\/wp-content\/uploads\/2022\/12\/plastic-pelletizing-machne-300x225.webp 300w\" sizes=\"auto, (max-width: 720px) 100vw, 720px\" \/><figcaption class=\"wp-element-caption\">Kunststoff-Granuliermaschine<\/figcaption><\/figure>    <h2 class=\"wp-block-heading\">Anfragen zur Pelletiermaschine f\u00fcr Kunststofffolien<\/h2>    <p class=\"translation-block\">Senden Sie uns Ihre Anfragen, indem Sie das Formular in der rechten Ecke ausf\u00fcllen. Unser Projektmanager wird sich bald mit Ihnen in Verbindung setzen und Ihnen einen ma\u00dfgeschneiderten Service sowie Recyclingl\u00f6sungen f\u00fcr Ihre Materialien anbieten. Wenn Sie mehr \u00fcber Maschinen zur Kunststoffrecycling erfahren m\u00f6chten, lesen Sie den Artikel: <a href=\"https:\/\/plastic-machines.org\/de\/info\/what-machines-are-used-to-recycle-plastic\/\">Maschinen, die zur Wiederverwertung von Kunststoff verwendet werden<\/a><\/p>","protected":false},"excerpt":{"rendered":"<p>PP PE plastic film pelletizer machine combines functions of crushing, compacting, melting, and extruding all in one single step. Shuliy Group has manufactured plastic film pelletizing machines for over 20 years and helped many recycling plants start their businesses and obtain great profits. In addition to pelletizing waste plastic films, the pelletizer machine can also [&hellip;]<\/p>\n","protected":false},"author":1,"featured_media":623,"parent":0,"template":"","tags":[49,50,59],"product-type":[9],"class_list":["post-899","product","type-product","status-publish","has-post-thumbnail","hentry","tag-film","tag-pellet","tag-woven-bag","product-type-plastic-pelletizer"],"taxonomy_info":{"post_tag":[{"value":49,"label":"film"},{"value":50,"label":"pellet"},{"value":59,"label":"woven bag"}],"product-type":[{"value":9,"label":"Plastic Pelletizer"}]},"featured_image_src_large":["https:\/\/plastic-machines.org\/wp-content\/uploads\/2022\/12\/plastic-pelletizing-machne.webp",720,540,false],"author_info":{"display_name":"Ella","author_link":"https:\/\/plastic-machines.org\/de\/author\/admin\/"},"comment_info":"","_links":{"self":[{"href":"https:\/\/plastic-machines.org\/de\/wp-json\/wp\/v2\/product\/899","targetHints":{"allow":["GET"]}}],"collection":[{"href":"https:\/\/plastic-machines.org\/de\/wp-json\/wp\/v2\/product"}],"about":[{"href":"https:\/\/plastic-machines.org\/de\/wp-json\/wp\/v2\/types\/product"}],"author":[{"embeddable":true,"href":"https:\/\/plastic-machines.org\/de\/wp-json\/wp\/v2\/users\/1"}],"wp:featuredmedia":[{"embeddable":true,"href":"https:\/\/plastic-machines.org\/de\/wp-json\/wp\/v2\/media\/623"}],"wp:attachment":[{"href":"https:\/\/plastic-machines.org\/de\/wp-json\/wp\/v2\/media?parent=899"}],"wp:term":[{"taxonomy":"post_tag","embeddable":true,"href":"https:\/\/plastic-machines.org\/de\/wp-json\/wp\/v2\/tags?post=899"},{"taxonomy":"product-type","embeddable":true,"href":"https:\/\/plastic-machines.org\/de\/wp-json\/wp\/v2\/product-type?post=899"}],"curies":[{"name":"wp","href":"https:\/\/api.w.org\/{rel}","templated":true}]}}