{"id":895,"date":"2023-07-24T17:16:54","date_gmt":"2023-07-24T09:16:54","guid":{"rendered":"https:\/\/plastic-machines.org\/?post_type=product&#038;p=895"},"modified":"2025-11-10T16:38:39","modified_gmt":"2025-11-10T08:38:39","slug":"plastic-film-washing-line","status":"publish","type":"product","link":"https:\/\/plastic-machines.org\/de\/product\/plastic-film-washing-line\/","title":{"rendered":"W\u00e4scheleine aus Kunststofffolie"},"content":{"rendered":"<div class=\"kk-star-ratings kksr-auto kksr-align-left kksr-valign-top\"     data-payload='{&quot;align&quot;:&quot;left&quot;,&quot;id&quot;:&quot;895&quot;,&quot;slug&quot;:&quot;default&quot;,&quot;valign&quot;:&quot;top&quot;,&quot;ignore&quot;:&quot;&quot;,&quot;reference&quot;:&quot;auto&quot;,&quot;class&quot;:&quot;&quot;,&quot;count&quot;:&quot;5&quot;,&quot;legendonly&quot;:&quot;&quot;,&quot;readonly&quot;:&quot;&quot;,&quot;score&quot;:&quot;5&quot;,&quot;starsonly&quot;:&quot;&quot;,&quot;best&quot;:&quot;5&quot;,&quot;gap&quot;:&quot;5&quot;,&quot;greet&quot;:&quot;Rate this product&quot;,&quot;legend&quot;:&quot;5\\\/5 - (5 votes)&quot;,&quot;size&quot;:&quot;24&quot;,&quot;title&quot;:&quot;Plastic Film Washing Line&quot;,&quot;width&quot;:&quot;142.5&quot;,&quot;_legend&quot;:&quot;{score}\\\/{best} - ({count} {votes})&quot;,&quot;font_factor&quot;:&quot;1.25&quot;}'>              <div class=\"kksr-stars\">      <div class=\"kksr-stars-inactive\">             <div class=\"kksr-star\" data-star=\"1\" style=\"padding-right: 5px\">               <div class=\"kksr-icon\" style=\"width: 24px; height: 24px;\"><\/div>         <\/div>             <div class=\"kksr-star\" data-star=\"2\" style=\"padding-right: 5px\">               <div class=\"kksr-icon\" style=\"width: 24px; height: 24px;\"><\/div>         <\/div>             <div class=\"kksr-star\" data-star=\"3\" style=\"padding-right: 5px\">               <div class=\"kksr-icon\" style=\"width: 24px; height: 24px;\"><\/div>         <\/div>             <div class=\"kksr-star\" data-star=\"4\" style=\"padding-right: 5px\">               <div class=\"kksr-icon\" style=\"width: 24px; height: 24px;\"><\/div>         <\/div>             <div class=\"kksr-star\" data-star=\"5\" style=\"padding-right: 5px\">               <div class=\"kksr-icon\" style=\"width: 24px; height: 24px;\"><\/div>         <\/div>     <\/div>      <div class=\"kksr-stars-active\" style=\"width: 142.5px;\">             <div class=\"kksr-star\" style=\"padding-right: 5px\">               <div class=\"kksr-icon\" style=\"width: 24px; height: 24px;\"><\/div>         <\/div>             <div class=\"kksr-star\" style=\"padding-right: 5px\">               <div class=\"kksr-icon\" style=\"width: 24px; height: 24px;\"><\/div>         <\/div>             <div class=\"kksr-star\" style=\"padding-right: 5px\">               <div class=\"kksr-icon\" style=\"width: 24px; height: 24px;\"><\/div>         <\/div>             <div class=\"kksr-star\" style=\"padding-right: 5px\">               <div class=\"kksr-icon\" style=\"width: 24px; height: 24px;\"><\/div>         <\/div>             <div class=\"kksr-star\" style=\"padding-right: 5px\">               <div class=\"kksr-icon\" style=\"width: 24px; height: 24px;\"><\/div>         <\/div>     <\/div> <\/div>                   <div class=\"kksr-legend\" style=\"font-size: 19.2px;\">             5\/5 - (5 Stimmen)    <\/div>     <\/div>  <p>Die hocheffiziente Kunststofffolien-Waschanlage von Shuliy ist f\u00fcr Post-Consumer-Abf\u00e4lle konzipiert. Es kann PE-Polyethylen (HDPE, LDPE, LLDPE) und PP-Polypropylen-Abf\u00e4lle verarbeiten, wie gebrauchte Bew\u00e4sserungsrohre, M\u00fclls\u00e4cke, gewebte S\u00e4cke, Luftpolsterfolien und laminierte (mehrschichtige) Folien. Dieses Folienrecyclingsystem ist mit Zerkleinerung und Reinigung ausgestattet und Trocknungsger\u00e4te und produziert gleichzeitig hochreine Filmflocken mit produktiver Geschwindigkeit.<\/p>    <figure class=\"wp-block-embed is-type-video is-provider-youtube wp-block-embed-youtube wp-embed-aspect-16-9 wp-has-aspect-ratio\"><div class=\"wp-block-embed__wrapper\"> <iframe loading=\"lazy\" title=\"LDPE LDPE PP HDPE Kunststofffolienwaschanlage\" width=\"500\" height=\"281\" src=\"https:\/\/www.youtube.com\/embed\/ENh4yPyonP8?feature=oembed\" frameborder=\"0\" allow=\"accelerometer; autoplay; clipboard-write; encrypted-media; gyroscope; picture-in-picture; web-share\" referrerpolicy=\"strict-origin-when-cross-origin\" allowfullscreen><\/iframe> <\/div><\/figure>    <h2 class=\"wp-block-heading\">Arbeitsablauf einer Kunststofffolien-Waschanlage<\/h2>   <div class=\"wp-block-image\"> <figure class=\"aligncenter size-full\"><img loading=\"lazy\" decoding=\"async\" width=\"720\" height=\"540\" src=\"https:\/\/plastic-machines.org\/wp-content\/uploads\/2023\/07\/plastic-film-washing-machines.webp\" alt=\"Kunststofffolienwaschmaschinen\" class=\"wp-image-1366\" srcset=\"https:\/\/plastic-machines.org\/wp-content\/uploads\/2023\/07\/plastic-film-washing-machines.webp 720w, https:\/\/plastic-machines.org\/wp-content\/uploads\/2023\/07\/plastic-film-washing-machines-300x225.webp 300w, https:\/\/plastic-machines.org\/wp-content\/uploads\/2023\/07\/plastic-film-washing-machines-16x12.webp 16w\" sizes=\"auto, (max-width: 720px) 100vw, 720px\" \/><figcaption class=\"wp-element-caption\">Maschinen f\u00fcr die Kunststofffolienwaschanlage<\/figcaption><\/figure> <\/div>   <p class=\"translation-block\"><strong>Kunststoffschredder<\/strong>: Der erste Schritt der Kunststoff-Trocknungs- und Pelletierlinie ist die Verwendung eines Kunststoff-Schredders, um Kunststofffolien in kleine St\u00fccke zu schneiden. Die resultierenden Kunststoffst\u00fccke aus dem <strong><a href=\"https:\/\/plastic-machines.org\/de\/product\/plastic-shredder-machine\/\">Kunststoffschredder<\/a><\/strong>sind etwa 30mm-100mm gro\u00df.<\/p>    <p class=\"translation-block\"><strong>Kunststoffsp\u00fclbeh\u00e4lter<\/strong>: Der Kunststoffsp\u00fclbeh\u00e4lter spielt eine Schl\u00fcsselrolle. <strong><a href=\"https:\/\/plastic-machines.org\/de\/product\/plastic-film-washing-machine\/\">Kunststoffsp\u00fclmaschinen<\/a><\/strong> k\u00f6nnen Schmutz, Fett, Staub, R\u00fcckst\u00e4nde und andere Verunreinigungen von der Oberfl\u00e4che des Kunststoffs durch eine Reihe von Wasser-Sp\u00fclprozessen entfernen, so dass die Kunststoffreste sauberer und reiner behandelt werden k\u00f6nnen. Sauberes Kunststoffmaterial f\u00fchrt zu einem hochwertigeren recycelten Produkt und weniger Abnutzung und Sch\u00e4den an Zerkleinerern und anderen Recyclingmaschinen.<\/p>    <p class=\"translation-block\"><strong>Zentrifugalschmutz-Entw\u00e4sserungsmaschine<\/strong>: Vertikal<strong><a href=\"https:\/\/plastic-machines.org\/de\/product\/plastic-film-dryer-machine\/\"> Zentrifugal-Entw\u00e4sserungsmaschine<\/a><\/strong> ist eine \u00fcbliche Ausr\u00fcstung f\u00fcr Fest-Fl\u00fcssig-Trennung, und ihr Hauptzweck besteht darin, Kunststoffe in Fl\u00fcssigkeiten so stark zu entw\u00e4ssern, dass ein gew\u00fcnschter Feuchte- oder Trockenheitsgrad erreicht wird. Diese Zentrifugalschmutz-Entw\u00e4sserungsmaschine trennt Fl\u00fcssigkeiten und Feststoffe durch Zentrifugalkraft und f\u00fchrt zu einem effizienten Entw\u00e4sserungsprozess.<\/p>    <p class=\"translation-block\"><strong>Produkt-Silo<\/strong>: Das Silo dient der Lagerung von sauberen und getrockneten Kunststofffolienst\u00fccken.<\/p>    <p class=\"translation-block\"><strong>Kunststoff-Granulator<\/strong> (optionale Maschine): <strong><a href=\"https:\/\/plastic-machines.org\/de\/product\/plastic-extruder-machine\/\">Kunststoff-Granulator-Maschine<\/a><\/strong>ist eine der wichtigen Recyclingmaschinen in der Kunststoff-Folienwaschlinie. Hauptzweck ist es, das recycelte Abfallkunststoff zu erhitzen und zu schmelzen und dann die Kunststoffschmelze durch die D\u00fcse zu extrudieren. Recycelte Kunststoffpellets k\u00f6nnen als alternatives Rohmaterial f\u00fcr die Herstellung einer breiten Palette von Kunststoffprodukten verwendet werden, wodurch der Bedarf an Jungkunststoff reduziert und die Produktionskosten gesenkt werden.<\/p>    <p class=\"translation-block\"><strong>Pelletverpackungsmaschine<\/strong> (optionale Maschine): Die Verpackungsmaschine wird verwendet, um Kunststoffpellets in Beutel zu verpacken.<\/p>    <h2 class=\"wp-block-heading\">Zus\u00e4tzliche Bilder <\/h2>    <figure class=\"wp-block-image size-full\"><img loading=\"lazy\" decoding=\"async\" width=\"720\" height=\"540\" src=\"https:\/\/plastic-machines.org\/wp-content\/uploads\/2023\/07\/plastic-film-washing-recycling-line.webp\" alt=\"W\u00e4scheleine aus Kunststofffolie\" class=\"wp-image-807\" srcset=\"https:\/\/plastic-machines.org\/wp-content\/uploads\/2023\/07\/plastic-film-washing-recycling-line.webp 720w, https:\/\/plastic-machines.org\/wp-content\/uploads\/2023\/07\/plastic-film-washing-recycling-line-300x225.webp 300w\" sizes=\"auto, (max-width: 720px) 100vw, 720px\" \/><figcaption class=\"wp-element-caption\">Kunststofffolien-Recyclingmaschinen<\/figcaption><\/figure>    <figure class=\"wp-block-image size-full\"><img loading=\"lazy\" decoding=\"async\" width=\"720\" height=\"540\" src=\"https:\/\/plastic-machines.org\/wp-content\/uploads\/2022\/06\/plastic-granulating-line1.webp\" alt=\"Granuliermaschinen f\u00fcr Kunststoffe\" class=\"wp-image-476\" srcset=\"https:\/\/plastic-machines.org\/wp-content\/uploads\/2022\/06\/plastic-granulating-line1.webp 720w, https:\/\/plastic-machines.org\/wp-content\/uploads\/2022\/06\/plastic-granulating-line1-300x225.webp 300w\" sizes=\"auto, (max-width: 720px) 100vw, 720px\" \/><figcaption class=\"wp-element-caption\">Wasch- und Pelletierlinie f\u00fcr Kunststofffolien<\/figcaption><\/figure>    <h2 class=\"wp-block-heading\">Erfolgreiche F\u00e4lle von W\u00e4scheleinen aus Kunststofffolie<\/h2>    <figure class=\"wp-block-embed is-type-video is-provider-youtube wp-block-embed-youtube wp-embed-aspect-16-9 wp-has-aspect-ratio\"><div class=\"wp-block-embed__wrapper\"> <iframe loading=\"lazy\" title=\"Die PP-PE-Kunststoffwasch-, Zerkleinerungs- und Pelletierungsanlage in Tansania l\u00e4uft erfolgreich\" width=\"500\" height=\"281\" src=\"https:\/\/www.youtube.com\/embed\/PK77av8TFEg?start=12&#038;feature=oembed\" frameborder=\"0\" allow=\"accelerometer; autoplay; clipboard-write; encrypted-media; gyroscope; picture-in-picture; web-share\" referrerpolicy=\"strict-origin-when-cross-origin\" allowfullscreen><\/iframe> <\/div><\/figure>    <figure class=\"wp-block-embed is-type-video is-provider-youtube wp-block-embed-youtube wp-embed-aspect-16-9 wp-has-aspect-ratio\"><div class=\"wp-block-embed__wrapper\"> <iframe loading=\"lazy\" title=\"Kunststoffrecyclinganlage in Saudi-Arabien installiert | Feedback zur Kunststoffgranuliermaschine\" width=\"500\" height=\"281\" src=\"https:\/\/www.youtube.com\/embed\/rDw_8i8uBAo?start=15&#038;feature=oembed\" frameborder=\"0\" allow=\"accelerometer; autoplay; clipboard-write; encrypted-media; gyroscope; picture-in-picture; web-share\" referrerpolicy=\"strict-origin-when-cross-origin\" allowfullscreen><\/iframe> <\/div><\/figure>    <h2 class=\"wp-block-heading\">Merkmale der W\u00e4scheleine aus Kunststofffolie<\/h2>    <ul class=\"wp-block-list\"> <li>Multifunktionalit\u00e4t: Die Wasch- und Pelletierungslinie f\u00fcr Kunststofffolien kann an viele Arten von Kunststoffabf\u00e4llen angepasst werden, einschlie\u00dflich gewebter Kunststoffbeutel, Kunststofffolienabf\u00e4lle, Kunststoffverpackungsbeutel usw. Sie kann die Anforderungen aller Kunststoffrecyclinganlagen an das Recycling von Kunststofffolien erf\u00fcllen.<\/li>    <li>Hoher Automatisierungsgrad: Die Waschanlage f\u00fcr Kunststofffolien ist in der Regel mit einem fortschrittlichen Automatisierungskontrollsystem ausgestattet, Silo und F\u00f6rderband sind mit automatischer Steuerung und Entladevorrichtung ausgestattet, was den manuellen Betrieb reduziert und die Recyclingeffizienz verbessert.<\/li>    <li>Effiziente Reinigung: Die Kunststoffwasch-Pelletierlinie verwendet einen mehrstufigen Reinigungsprozess, der Schmutz, \u00d6l und andere Verunreinigungen auf der Oberfl\u00e4che von Kunststoffabf\u00e4llen effektiv entfernen und die Sauberkeit und Qualit\u00e4t von Kunststoffabf\u00e4llen gew\u00e4hrleisten kann.<\/li>    <li>Wasserrecycling: Um den Verbrauch von Wasserressourcen zu reduzieren, verf\u00fcgt die Kunststofffolienwaschanlage \u00fcber ein Wasserrecyclingsystem, um das Wasser im Reinigungsprozess zu recyceln, was den Wasserverbrauch reduziert.<\/li>    <li>Flexible Anpassung: Wasch- und Pelletierlinien f\u00fcr Kunststofffolien k\u00f6nnen in der Regel flexibel angepasst und an die unterschiedlichen Bed\u00fcrfnisse der Kunden angepasst werden. Die Recyclingmaschinen k\u00f6nnen an verschiedene Arten und Spezifikationen von Kunststoffabf\u00e4llen angepasst werden.<\/li> <\/ul>    <h2 class=\"wp-block-heading\">Anfragen zum Recycling von Kunststofffolien<\/h2>    <p>Wenn Sie an Kunststofffolien-Recyclingmaschinen interessiert sind, f\u00fcllen Sie das Formular unten rechts aus.<\/p>    <p>Unser Projektmanager wird sich so schnell wie m\u00f6glich mit Ihnen in Verbindung setzen und Ihnen ein Angebot f\u00fcr eine Recyclingmaschine zukommen lassen.<\/p>","protected":false},"excerpt":{"rendered":"<p>Shuliy&#8217;s high-efficiency plastic film washing line is designed for post-consumer waste. It can process PE polyethylene (HDPE, LDPE, LLDPE) and PP polypropylene waste material, such as used irrigation pipes, garbage bags, woven sacks, bubble wraps and laminated (muti-layered films. This film recycling system is equipped with crushing, cleaning and drying devices while producing high-cleanness film [&hellip;]<\/p>\n","protected":false},"author":1,"featured_media":1404,"parent":0,"template":"","tags":[49],"product-type":[13],"class_list":["post-895","product","type-product","status-publish","has-post-thumbnail","hentry","tag-film","product-type-plastic-recycling-lines"],"taxonomy_info":{"post_tag":[{"value":49,"label":"film"}],"product-type":[{"value":13,"label":"Plastic Recycling Lines"}]},"featured_image_src_large":["https:\/\/plastic-machines.org\/wp-content\/uploads\/2023\/07\/plastic-film-washing-line-1.webp",720,540,false],"author_info":{"display_name":"Ella","author_link":"https:\/\/plastic-machines.org\/de\/author\/admin\/"},"comment_info":"","_links":{"self":[{"href":"https:\/\/plastic-machines.org\/de\/wp-json\/wp\/v2\/product\/895","targetHints":{"allow":["GET"]}}],"collection":[{"href":"https:\/\/plastic-machines.org\/de\/wp-json\/wp\/v2\/product"}],"about":[{"href":"https:\/\/plastic-machines.org\/de\/wp-json\/wp\/v2\/types\/product"}],"author":[{"embeddable":true,"href":"https:\/\/plastic-machines.org\/de\/wp-json\/wp\/v2\/users\/1"}],"wp:featuredmedia":[{"embeddable":true,"href":"https:\/\/plastic-machines.org\/de\/wp-json\/wp\/v2\/media\/1404"}],"wp:attachment":[{"href":"https:\/\/plastic-machines.org\/de\/wp-json\/wp\/v2\/media?parent=895"}],"wp:term":[{"taxonomy":"post_tag","embeddable":true,"href":"https:\/\/plastic-machines.org\/de\/wp-json\/wp\/v2\/tags?post=895"},{"taxonomy":"product-type","embeddable":true,"href":"https:\/\/plastic-machines.org\/de\/wp-json\/wp\/v2\/product-type?post=895"}],"curies":[{"name":"wp","href":"https:\/\/api.w.org\/{rel}","templated":true}]}}