{"id":822,"date":"2023-07-24T15:09:57","date_gmt":"2023-07-24T07:09:57","guid":{"rendered":"https:\/\/plastic-machines.org\/?post_type=product&#038;p=822"},"modified":"2026-03-24T09:48:39","modified_gmt":"2026-03-24T01:48:39","slug":"pelletization-machine-for-rigid-plastic-recycling","status":"publish","type":"product","link":"https:\/\/plastic-machines.org\/de\/product\/pelletization-machine-for-rigid-plastic-recycling\/","title":{"rendered":"Pelletiermaschine f\u00fcr das Recycling von starrem Kunststoff"},"content":{"rendered":"<div class=\"kk-star-ratings kksr-auto kksr-align-left kksr-valign-top\"     data-payload='{&quot;align&quot;:&quot;left&quot;,&quot;id&quot;:&quot;822&quot;,&quot;slug&quot;:&quot;default&quot;,&quot;valign&quot;:&quot;top&quot;,&quot;ignore&quot;:&quot;&quot;,&quot;reference&quot;:&quot;auto&quot;,&quot;class&quot;:&quot;&quot;,&quot;count&quot;:&quot;5&quot;,&quot;legendonly&quot;:&quot;&quot;,&quot;readonly&quot;:&quot;&quot;,&quot;score&quot;:&quot;5&quot;,&quot;starsonly&quot;:&quot;&quot;,&quot;best&quot;:&quot;5&quot;,&quot;gap&quot;:&quot;5&quot;,&quot;greet&quot;:&quot;Rate this product&quot;,&quot;legend&quot;:&quot;5\\\/5 - (5 votes)&quot;,&quot;size&quot;:&quot;24&quot;,&quot;title&quot;:&quot;Pelletization Machine for Rigid Plastic Recycling&quot;,&quot;width&quot;:&quot;142.5&quot;,&quot;_legend&quot;:&quot;{score}\\\/{best} - ({count} {votes})&quot;,&quot;font_factor&quot;:&quot;1.25&quot;}'>              <div class=\"kksr-stars\">      <div class=\"kksr-stars-inactive\">             <div class=\"kksr-star\" data-star=\"1\" style=\"padding-right: 5px\">               <div class=\"kksr-icon\" style=\"width: 24px; height: 24px;\"><\/div>         <\/div>             <div class=\"kksr-star\" data-star=\"2\" style=\"padding-right: 5px\">               <div class=\"kksr-icon\" style=\"width: 24px; height: 24px;\"><\/div>         <\/div>             <div class=\"kksr-star\" data-star=\"3\" style=\"padding-right: 5px\">               <div class=\"kksr-icon\" style=\"width: 24px; height: 24px;\"><\/div>         <\/div>             <div class=\"kksr-star\" data-star=\"4\" style=\"padding-right: 5px\">               <div class=\"kksr-icon\" style=\"width: 24px; height: 24px;\"><\/div>         <\/div>             <div class=\"kksr-star\" data-star=\"5\" style=\"padding-right: 5px\">               <div class=\"kksr-icon\" style=\"width: 24px; height: 24px;\"><\/div>         <\/div>     <\/div>      <div class=\"kksr-stars-active\" style=\"width: 142.5px;\">             <div class=\"kksr-star\" style=\"padding-right: 5px\">               <div class=\"kksr-icon\" style=\"width: 24px; height: 24px;\"><\/div>         <\/div>             <div class=\"kksr-star\" style=\"padding-right: 5px\">               <div class=\"kksr-icon\" style=\"width: 24px; height: 24px;\"><\/div>         <\/div>             <div class=\"kksr-star\" style=\"padding-right: 5px\">               <div class=\"kksr-icon\" style=\"width: 24px; height: 24px;\"><\/div>         <\/div>             <div class=\"kksr-star\" style=\"padding-right: 5px\">               <div class=\"kksr-icon\" style=\"width: 24px; height: 24px;\"><\/div>         <\/div>             <div class=\"kksr-star\" style=\"padding-right: 5px\">               <div class=\"kksr-icon\" style=\"width: 24px; height: 24px;\"><\/div>         <\/div>     <\/div> <\/div>                   <div class=\"kksr-legend\" style=\"font-size: 19.2px;\">             5\/5 - (5 Stimmen)    <\/div>     <\/div>  <p>Die Shuliy-Granuliermaschine f\u00fcr das Hartkunststoffrecycling bietet eine einfache und schnelle L\u00f6sung f\u00fcr Recyclinganlagen und Kunststoffhersteller. Der schmutzige starre Kunststoff wie HDPE-Milchflaschen, Shampooflaschen, Rohre, F\u00e4sser, F\u00e4sser, Spielzeuge, defekte Produktionsunterbrechungen, gebrauchte Stromz\u00e4hler f\u00fcr Privathaushalte usw. werden von einigen Kunststoffrecyclingmaschinen zu kleinen und runden Kunststoffk\u00f6rnchen verarbeitet. Das Endprodukt ist ein v\u00f6llig sauberes Granulat, das f\u00fcr die Herstellung wiederverwendet werden kann. Unsere Hartkunststoff-Recyclingmaschinen haben Kapazit\u00e4ten von 100 kg\/h bis 500 kg\/h.<\/p>    <h2 class=\"wp-block-heading\">Prinzip des starren Kunststoffrecyclings<\/h2>    <p>Eine Kunststoffgranuliermaschine f\u00fcr das Kunststoffrecycling eignet sich zur Herstellung von PP, PE, PS, ABS, PA, PVC, PC, POM und anderen Arten des Kunststoffrecyclings. Nachdem der Kunststoff aus dem Trichter in die Schnecke gelangt ist, wird er unter der Wirkung der rotierenden Schnecke nach vorne transportiert und der lose feste Kunststoff beginnt sich zu verdichten.<\/p>    <p>Gleichzeitig steigt die Temperatur des Kunststoffs unter der Wirkung des Heizrings au\u00dferhalb des Zylinders und der st\u00e4ndigen Reibung zwischen der Schnecke und dem Material im Zylinder kontinuierlich an, und schlie\u00dflich erreicht die Temperatur des Kunststoffs den Schmelzpunkt , es beginnt zu schmelzen.<\/p>    <p>Am Ende des Kompressionsabschnitts werden alle Materialien in einen viskosen Flie\u00dfzustand umgewandelt, aber zu diesem Zeitpunkt ist die Temperatur an jedem Punkt noch nicht gleichm\u00e4\u00dfig, nach dem Homogenisierungsabschnitt wird die Rolle gleichm\u00e4\u00dfiger und dann Die Schnecke wird das geschmolzene Material quantitativ, mit festem Druck und fester Temperatur in den Kopf extrudieren.<\/p>    <p>Der Kopf der Matrizenform ist ein Formteil, das Material flie\u00dft hindurch und erh\u00e4lt eine feste Gr\u00f6\u00dfe des Kunststoffstreifens, und nach dem Abk\u00fchl- und Schneidevorgang k\u00f6nnen Sie die geformten recycelten Kunststoffpartikel erhalten.<\/p>    <figure class=\"wp-block-gallery has-nested-images columns-default is-cropped wp-block-gallery-2 is-layout-flex wp-block-gallery-is-layout-flex\"> <figure class=\"wp-block-image size-large\"><img loading=\"lazy\" decoding=\"async\" width=\"720\" height=\"540\" data-id=\"894\" src=\"https:\/\/plastic-machines.org\/wp-content\/uploads\/2023\/07\/heating-device-2.webp\" alt=\"Heizringe f\u00fcr Pelletiermaschinen\" class=\"wp-image-894\" srcset=\"https:\/\/plastic-machines.org\/wp-content\/uploads\/2023\/07\/heating-device-2.webp 720w, https:\/\/plastic-machines.org\/wp-content\/uploads\/2023\/07\/heating-device-2-300x225.webp 300w\" sizes=\"auto, (max-width: 720px) 100vw, 720px\" \/><figcaption class=\"wp-element-caption\">Heizringe<\/figcaption><\/figure>    <figure class=\"wp-block-image size-large\"><img loading=\"lazy\" decoding=\"async\" width=\"720\" height=\"540\" data-id=\"893\" src=\"https:\/\/plastic-machines.org\/wp-content\/uploads\/2023\/07\/die-head-of-plastic-pelletizer-machine.webp\" alt=\"D\u00fcsenkopf der Pelletiermaschine\" class=\"wp-image-893\" srcset=\"https:\/\/plastic-machines.org\/wp-content\/uploads\/2023\/07\/die-head-of-plastic-pelletizer-machine.webp 720w, https:\/\/plastic-machines.org\/wp-content\/uploads\/2023\/07\/die-head-of-plastic-pelletizer-machine-300x225.webp 300w\" sizes=\"auto, (max-width: 720px) 100vw, 720px\" \/><figcaption class=\"wp-element-caption\">der Kopf<\/figcaption><\/figure> <\/figure>    <h2 class=\"wp-block-heading\">Merkmale der Pelletiermaschine f\u00fcr Extruder aus starrem Kunststoff<\/h2>    <ul class=\"wp-block-list\"> <li>Unsere Extruder-Granuliermaschine aus starrem Kunststoff ist angemessen konzipiert, mit einem hohen Automatisierungsgrad, guter Produktqualit\u00e4t, gleichm\u00e4\u00dfiger Partikelgr\u00f6\u00dfe und reiner Farbe und erf\u00fcllt die Anforderungen des internationalen Marktes.<\/li>    <li>Das \u00c4u\u00dfere der Kunststoff-Granuliermaschine ist mit einem vollst\u00e4ndig geschlossenen Sicherheitsschild ausgestattet. Eines soll den Bediener vor hohen Temperaturen und Verbr\u00fchungen sch\u00fctzen, au\u00dferdem das Problem elektrischer Leckagen vermeiden und auch eine Rolle bei der W\u00e4rmeerhaltung spielen.<\/li>    <li>Die Pelletiermaschine verwendet den hochwertigsten Motor. Bei der Pelletiermaschine ist der Hochgeschwindigkeitsbetrieb des Motors am anf\u00e4lligsten f\u00fcr Probleme. Wir verwenden Chinas beste Qualit\u00e4tsmotoren, um sicherzustellen, dass der Granulator einen langen und reibungslosen Betrieb erm\u00f6glicht.<\/li>    <li>Da das Risiko f\u00fcr den Gr\u00fcnder der Recycling-Kunststoff-Pelletierungsanlage gering ist, kann die Gr\u00f6\u00dfe der Investition auch niedrig sein. Anleger k\u00f6nnen mit a beginnen<strong><a href=\"https:\/\/plastic-machines.org\/de\/product\/plastic-recycling-granulating-line\/\"> Kunststoff-Pelletier-Recyclinglinie<\/a><\/strong>, sondern auch gleichzeitig eine Reihe von Recyclingmaschinen zu starten.<\/li> <\/ul>    <h2 class=\"wp-block-heading\">Garantie und Serviceleistungen f\u00fcr die Granuliermaschine f\u00fcr starre Stoffe  <\/h2>    <p>F\u00fcr jede Recyclingmaschine gilt eine eingeschr\u00e4nkte Garantie. Die Shuliy Group stellt 12 Monate f\u00fcr unsere Kunststoffgranuliermaschine f\u00fcr das Kunststoffrecycling bereit. Wir bieten auch die Installation vor Ort an. Unser Projektmanager wird in Ihr Land reisen und Ihnen bei der Maschineninstallation helfen.<\/p>    <figure class=\"wp-block-image size-full\"><img loading=\"lazy\" decoding=\"async\" width=\"720\" height=\"540\" src=\"https:\/\/plastic-machines.org\/wp-content\/uploads\/2023\/01\/plastic-pelletizing-plant-21.webp\" alt=\"Kunststoffrecyclingmaschinen in Saudi-Arabien installiert\" class=\"wp-image-697\" srcset=\"https:\/\/plastic-machines.org\/wp-content\/uploads\/2023\/01\/plastic-pelletizing-plant-21.webp 720w, https:\/\/plastic-machines.org\/wp-content\/uploads\/2023\/01\/plastic-pelletizing-plant-21-300x225.webp 300w\" sizes=\"auto, (max-width: 720px) 100vw, 720px\" \/><figcaption class=\"wp-element-caption\">Kunststoffrecyclingmaschinen in Saudi-Arabien installiert<\/figcaption><\/figure>    <h2 class=\"wp-block-heading\">Pelletierer Zusatzbilder<\/h2>    <figure class=\"wp-block-image size-full\"><img loading=\"lazy\" decoding=\"async\" width=\"720\" height=\"540\" src=\"https:\/\/plastic-machines.org\/wp-content\/uploads\/2023\/07\/Plastic-pelletizing-machine-2.webp\" alt=\"Zweistufige Kunststoffgranulierungsmaschine \" class=\"wp-image-890\" srcset=\"https:\/\/plastic-machines.org\/wp-content\/uploads\/2023\/07\/Plastic-pelletizing-machine-2.webp 720w, https:\/\/plastic-machines.org\/wp-content\/uploads\/2023\/07\/Plastic-pelletizing-machine-2-300x225.webp 300w\" sizes=\"auto, (max-width: 720px) 100vw, 720px\" \/><\/figure>    <figure class=\"wp-block-image size-full\"><img loading=\"lazy\" decoding=\"async\" width=\"720\" height=\"540\" src=\"https:\/\/plastic-machines.org\/wp-content\/uploads\/2023\/07\/plastic-granulator-2.webp\" alt=\"Pelletiermaschine\" class=\"wp-image-878\" srcset=\"https:\/\/plastic-machines.org\/wp-content\/uploads\/2023\/07\/plastic-granulator-2.webp 720w, https:\/\/plastic-machines.org\/wp-content\/uploads\/2023\/07\/plastic-granulator-2-300x225.webp 300w\" sizes=\"auto, (max-width: 720px) 100vw, 720px\" \/><\/figure>    <figure class=\"wp-block-image size-full\"><img loading=\"lazy\" decoding=\"async\" width=\"720\" height=\"540\" src=\"https:\/\/plastic-machines.org\/wp-content\/uploads\/2023\/07\/hdpe-granules-making-machine-2.webp\" alt=\"Pelletierer mit K\u00fchl- und Schneidsystem\" class=\"wp-image-859\" srcset=\"https:\/\/plastic-machines.org\/wp-content\/uploads\/2023\/07\/hdpe-granules-making-machine-2.webp 720w, https:\/\/plastic-machines.org\/wp-content\/uploads\/2023\/07\/hdpe-granules-making-machine-2-300x225.webp 300w\" sizes=\"auto, (max-width: 720px) 100vw, 720px\" \/><figcaption class=\"wp-element-caption\">Extruder-Granuliermaschine f\u00fcr das Hartkunststoffrecycling<\/figcaption><\/figure>    <h2 class=\"wp-block-heading\">Anfragen f\u00fcr den festen Kunststoffpelletierer<\/h2>    <p>Um begrenzte Preise und Lieferzeiten f\u00fcr die Pelletierer zu erhalten, senden Sie uns eine Nachricht \u00fcber das Formular in der unteren rechten Ecke.<\/p>    <p class=\"translation-block\">Unser professioneller Verkaufsleiter wird Ihnen in K\u00fcrze die Details der Recyclingmaschinen zusenden. Erfahren Sie mehr \u00fcber Maschinen zum Recycling von Kunststoff: <a href=\"https:\/\/plastic-machines.org\/de\/info\/what-machines-are-used-to-recycle-plastic\/\">Maschinen, die zum Recycling von Kunststoff verwendet werden<\/a><\/p>","protected":false},"excerpt":{"rendered":"<p>Shuliy pelletization machine for rigid plastic recycling offers an easy and quick solution for recycling plants and plastic producers. The dirty rigid plastic like HDPE milk bottles, shampoo bottles, pipes, barrels, drums, toys, defective production cut-offs, waste residential electric meters, etc., they will be processed to small and round plastic granules by some plastic recycling [&hellip;]<\/p>\n","protected":false},"author":1,"featured_media":891,"parent":0,"template":"","tags":[51],"product-type":[9],"class_list":["post-822","product","type-product","status-publish","has-post-thumbnail","hentry","tag-rigid","product-type-plastic-pelletizer"],"taxonomy_info":{"post_tag":[{"value":51,"label":"rigid"}],"product-type":[{"value":9,"label":"Plastic Pelletizer"}]},"featured_image_src_large":["https:\/\/plastic-machines.org\/wp-content\/uploads\/2023\/07\/Plastic-pelletizing-machine.webp",720,540,false],"author_info":{"display_name":"Ella","author_link":"https:\/\/plastic-machines.org\/de\/author\/admin\/"},"comment_info":"","_links":{"self":[{"href":"https:\/\/plastic-machines.org\/de\/wp-json\/wp\/v2\/product\/822","targetHints":{"allow":["GET"]}}],"collection":[{"href":"https:\/\/plastic-machines.org\/de\/wp-json\/wp\/v2\/product"}],"about":[{"href":"https:\/\/plastic-machines.org\/de\/wp-json\/wp\/v2\/types\/product"}],"author":[{"embeddable":true,"href":"https:\/\/plastic-machines.org\/de\/wp-json\/wp\/v2\/users\/1"}],"wp:featuredmedia":[{"embeddable":true,"href":"https:\/\/plastic-machines.org\/de\/wp-json\/wp\/v2\/media\/891"}],"wp:attachment":[{"href":"https:\/\/plastic-machines.org\/de\/wp-json\/wp\/v2\/media?parent=822"}],"wp:term":[{"taxonomy":"post_tag","embeddable":true,"href":"https:\/\/plastic-machines.org\/de\/wp-json\/wp\/v2\/tags?post=822"},{"taxonomy":"product-type","embeddable":true,"href":"https:\/\/plastic-machines.org\/de\/wp-json\/wp\/v2\/product-type?post=822"}],"curies":[{"name":"wp","href":"https:\/\/api.w.org\/{rel}","templated":true}]}}