{"id":725,"date":"2023-05-15T14:18:41","date_gmt":"2023-05-15T06:18:41","guid":{"rendered":"https:\/\/plastic-machines.org\/?post_type=product&#038;p=725"},"modified":"2026-03-24T09:51:05","modified_gmt":"2026-03-24T01:51:05","slug":"plastic-granule-cutter","status":"publish","type":"product","link":"https:\/\/plastic-machines.org\/de\/product\/plastic-granule-cutter\/","title":{"rendered":"Granulatschneider aus Kunststoff f\u00fcr die Strangpelletierung"},"content":{"rendered":"<div class=\"kk-star-ratings kksr-auto kksr-align-left kksr-valign-top\"     data-payload='{&quot;align&quot;:&quot;left&quot;,&quot;id&quot;:&quot;725&quot;,&quot;slug&quot;:&quot;default&quot;,&quot;valign&quot;:&quot;top&quot;,&quot;ignore&quot;:&quot;&quot;,&quot;reference&quot;:&quot;auto&quot;,&quot;class&quot;:&quot;&quot;,&quot;count&quot;:&quot;2&quot;,&quot;legendonly&quot;:&quot;&quot;,&quot;readonly&quot;:&quot;&quot;,&quot;score&quot;:&quot;4.5&quot;,&quot;starsonly&quot;:&quot;&quot;,&quot;best&quot;:&quot;5&quot;,&quot;gap&quot;:&quot;5&quot;,&quot;greet&quot;:&quot;Rate this product&quot;,&quot;legend&quot;:&quot;4.5\\\/5 - (2 votes)&quot;,&quot;size&quot;:&quot;24&quot;,&quot;title&quot;:&quot;Plastic Granule Cutter for Strand Pelletizing&quot;,&quot;width&quot;:&quot;128&quot;,&quot;_legend&quot;:&quot;{score}\\\/{best} - ({count} {votes})&quot;,&quot;font_factor&quot;:&quot;1.25&quot;}'>              <div class=\"kksr-stars\">      <div class=\"kksr-stars-inactive\">             <div class=\"kksr-star\" data-star=\"1\" style=\"padding-right: 5px\">               <div class=\"kksr-icon\" style=\"width: 24px; height: 24px;\"><\/div>         <\/div>             <div class=\"kksr-star\" data-star=\"2\" style=\"padding-right: 5px\">               <div class=\"kksr-icon\" style=\"width: 24px; height: 24px;\"><\/div>         <\/div>             <div class=\"kksr-star\" data-star=\"3\" style=\"padding-right: 5px\">               <div class=\"kksr-icon\" style=\"width: 24px; height: 24px;\"><\/div>         <\/div>             <div class=\"kksr-star\" data-star=\"4\" style=\"padding-right: 5px\">               <div class=\"kksr-icon\" style=\"width: 24px; height: 24px;\"><\/div>         <\/div>             <div class=\"kksr-star\" data-star=\"5\" style=\"padding-right: 5px\">               <div class=\"kksr-icon\" style=\"width: 24px; height: 24px;\"><\/div>         <\/div>     <\/div>      <div class=\"kksr-stars-active\" style=\"width: 128px;\">             <div class=\"kksr-star\" style=\"padding-right: 5px\">               <div class=\"kksr-icon\" style=\"width: 24px; height: 24px;\"><\/div>         <\/div>             <div class=\"kksr-star\" style=\"padding-right: 5px\">               <div class=\"kksr-icon\" style=\"width: 24px; height: 24px;\"><\/div>         <\/div>             <div class=\"kksr-star\" style=\"padding-right: 5px\">               <div class=\"kksr-icon\" style=\"width: 24px; height: 24px;\"><\/div>         <\/div>             <div class=\"kksr-star\" style=\"padding-right: 5px\">               <div class=\"kksr-icon\" style=\"width: 24px; height: 24px;\"><\/div>         <\/div>             <div class=\"kksr-star\" style=\"padding-right: 5px\">               <div class=\"kksr-icon\" style=\"width: 24px; height: 24px;\"><\/div>         <\/div>     <\/div> <\/div>                   <div class=\"kksr-legend\" style=\"font-size: 19.2px;\">             4,5\/5 - (2 Stimmen)    <\/div>     <\/div>  <p>Der Kunststoffgranulatschneider ist eine unverzichtbare Hilfsmaschine f\u00fcr die Kunststoffgranulierlinie. Shuliy-Kunststoffgranulatschneider wurden in viele L\u00e4nder der Welt exportiert, um deren Kunststoffrecyclingunternehmen zu unterst\u00fctzen. Das fertige Kunststoffgranulat ist von hoher Qualit\u00e4t und rentablen Gewinnen, was unseren Kunden enorme wirtschaftliche Gewinnspannen beschert.<\/p>   <div class=\"wp-block-image\"> <figure class=\"aligncenter size-full\"><img loading=\"lazy\" decoding=\"async\" width=\"720\" height=\"540\" src=\"https:\/\/plastic-machines.org\/wp-content\/uploads\/2023\/05\/plastic-dana-cutter-.webp\" alt=\"Dana-Cutter aus Kunststoff\" class=\"wp-image-733\" srcset=\"https:\/\/plastic-machines.org\/wp-content\/uploads\/2023\/05\/plastic-dana-cutter-.webp 720w, https:\/\/plastic-machines.org\/wp-content\/uploads\/2023\/05\/plastic-dana-cutter--300x225.webp 300w\" sizes=\"auto, (max-width: 720px) 100vw, 720px\" \/><figcaption class=\"wp-element-caption\">Dana-Cutter aus Kunststoff<\/figcaption><\/figure> <\/div>   <h2 class=\"wp-block-heading\">Einf\u00fchrung in den Kunststoffgranulatschneider<\/h2>    <p>Der Kunststoffgranulatschneider wird in einer Kunststoffpelletproduktionslinie verwendet und schneidet Kunststoff am Ende der Linie perfekt. Die Granulatschneidemaschine ist geeignet f\u00fcr PP, PE, HDPE, LDPE, ABS, PVC und andere Kunststoffe. Der lange Kunststoffstreifen wird von einer rotierenden Klinge und einer festen Klinge geschnitten. Dann werden die gro\u00dfen Kunststoffabf\u00e4lle in kleine Pellets f\u00fcr die nachfolgende Verarbeitung oder Wiederverwendung umgewandelt. Sie k\u00f6nnen viele verschiedene Modelle mit unterschiedlichen Spannungen w\u00e4hlen, die ebenfalls angepasst werden k\u00f6nnen.<\/p>    <h2 class=\"wp-block-heading\">Display der Dana-Schneidemaschine aus Kunststoff<\/h2>    <figure class=\"wp-block-gallery has-nested-images columns-default is-cropped wp-block-gallery-2 is-layout-flex wp-block-gallery-is-layout-flex\"> <figure class=\"wp-block-image size-large\"><img loading=\"lazy\" decoding=\"async\" width=\"720\" height=\"540\" data-id=\"731\" src=\"https:\/\/plastic-machines.org\/wp-content\/uploads\/2023\/05\/Plastic-granule-cutter-21.webp\" alt=\"Granulatschneider aus Kunststoff \" class=\"wp-image-731\" srcset=\"https:\/\/plastic-machines.org\/wp-content\/uploads\/2023\/05\/Plastic-granule-cutter-21.webp 720w, https:\/\/plastic-machines.org\/wp-content\/uploads\/2023\/05\/Plastic-granule-cutter-21-300x225.webp 300w\" sizes=\"auto, (max-width: 720px) 100vw, 720px\" \/><figcaption class=\"wp-element-caption\">Granulatschneider aus Kunststoff <\/figcaption><\/figure>    <figure class=\"wp-block-image size-large\"><img loading=\"lazy\" decoding=\"async\" width=\"720\" height=\"540\" data-id=\"728\" src=\"https:\/\/plastic-machines.org\/wp-content\/uploads\/2023\/05\/plastic-granule-cutter-machine1.webp\" alt=\"Kunststoffgranulatschneidemaschine\" class=\"wp-image-728\" srcset=\"https:\/\/plastic-machines.org\/wp-content\/uploads\/2023\/05\/plastic-granule-cutter-machine1.webp 720w, https:\/\/plastic-machines.org\/wp-content\/uploads\/2023\/05\/plastic-granule-cutter-machine1-300x225.webp 300w\" sizes=\"auto, (max-width: 720px) 100vw, 720px\" \/><figcaption class=\"wp-element-caption\">Kunststoffgranulatschneidemaschine<\/figcaption><\/figure> <\/figure>    <figure class=\"wp-block-gallery has-nested-images columns-default is-cropped wp-block-gallery-3 is-layout-flex wp-block-gallery-is-layout-flex\"> <figure class=\"wp-block-image size-large\"><img loading=\"lazy\" decoding=\"async\" width=\"720\" height=\"540\" data-id=\"732\" src=\"https:\/\/plastic-machines.org\/wp-content\/uploads\/2023\/05\/Plastic-granule-cutter-1.webp\" alt=\"Granulatschneider aus Kunststoff\" class=\"wp-image-732\" srcset=\"https:\/\/plastic-machines.org\/wp-content\/uploads\/2023\/05\/Plastic-granule-cutter-1.webp 720w, https:\/\/plastic-machines.org\/wp-content\/uploads\/2023\/05\/Plastic-granule-cutter-1-300x225.webp 300w\" sizes=\"auto, (max-width: 720px) 100vw, 720px\" \/><figcaption class=\"wp-element-caption\">Granulatschneider aus Kunststoff<\/figcaption><\/figure>    <figure class=\"wp-block-image size-large\"><img loading=\"lazy\" decoding=\"async\" width=\"720\" height=\"540\" data-id=\"729\" src=\"https:\/\/plastic-machines.org\/wp-content\/uploads\/2023\/05\/Plastic-Strip-Cutting-Machine1.webp\" alt=\"Kunststoffstreifenschneidemaschine\" class=\"wp-image-729\" srcset=\"https:\/\/plastic-machines.org\/wp-content\/uploads\/2023\/05\/Plastic-Strip-Cutting-Machine1.webp 720w, https:\/\/plastic-machines.org\/wp-content\/uploads\/2023\/05\/Plastic-Strip-Cutting-Machine1-300x225.webp 300w\" sizes=\"auto, (max-width: 720px) 100vw, 720px\" \/><figcaption class=\"wp-element-caption\">Kunststoffstreifenschneidemaschine<\/figcaption><\/figure> <\/figure>    <h2 class=\"wp-block-heading\">Merkmale der Kunststoffgranulatschneidemaschine<\/h2>    <ul class=\"wp-block-list\"> <li>Hohe Effizienz: Die Kunststoffstreifenschneidemaschine verf\u00fcgt \u00fcber rotierende Hochgeschwindigkeitsmesser, die Kunststoffmaterialien schnell schneiden und einen hocheffizienten Schnitt erzielen k\u00f6nnen.<\/li>    <li>Hoher Automatisierungsgrad: Kunststoffpelletschneidemaschinen verf\u00fcgen normalerweise \u00fcber ein automatisches Steuerungssystem, das den Prozess des Zuf\u00fchrens, Schneidens und Entladens automatisch abschlie\u00dfen kann, wodurch manuelle Eingriffe reduziert und die Produktionseffizienz verbessert werden.<\/li>    <li>Einstellbare Schnittgr\u00f6\u00dfe: Der Klingenabstand und der Klingenwinkel der Kunststoffstreifenschneidemaschine k\u00f6nnen angepasst werden, um unterschiedliche Schnitteffekte zu erzielen und den Bed\u00fcrfnissen verschiedener Kunden gerecht zu werden.<\/li>    <li>Hohe Sicherheit: Der Kunststoffgranulatschneider verf\u00fcgt in der Regel \u00fcber mehrere Sicherheitsschutzma\u00dfnahmen wie \u00dcberlastschutz, Not-Aus usw., um die Sicherheit der Betreiber der Kunststoffrecyclinganlage zu gew\u00e4hrleisten.<\/li>    <li>Einfache Wartung: Die Maschine verwendet Klingen aus legiertem Stahl, ein Sch\u00e4rfen und Polieren der Klingen innerhalb eines Jahres ist nicht erforderlich. Der Aufbau der Kunststoff-Granulatschneidemaschine ist einfach und leicht zu warten. Auch der Austausch des Messers und die Reinigung der Maschine sind relativ einfach.<\/li> <\/ul>    <h2 class=\"wp-block-heading\">Parameter der Kunststoffpelletschneidemaschine<\/h2>    <p>Die Kunststoffpelletschneidemaschine wird nach der Breite der Messer benannt, zum Beispiel beim Modell SL-260, die Breite der Messer betr\u00e4gt 260 mm. Bei den folgenden Daten handelt es sich um die Grundparameter des Kunststoffgranulatschneiders. Hinterlassen Sie Ihre Anforderungen gerne auf unserer Website und unser Vertriebsleiter hilft Ihnen gerne bei der Auswahl des f\u00fcr Sie am besten geeigneten Modells.<\/p>    <figure class=\"wp-block-table\"><table><tbody><tr><td>Modell<\/td><td>Leistung (kw)<\/td><td>Messerbreite (mm)<\/td><td>Art der Messer<\/td><\/tr><tr><td>SL-180<\/td><td>3<\/td><td>180<\/td><td>Kochfeld<\/td><\/tr><tr><td>SL-220<\/td><td>5.5<\/td><td>220<\/td><td>Kochfeld<\/td><\/tr><tr><td>SL-260<\/td><td>5.5<\/td><td>260<\/td><td>Kochfeld<\/td><\/tr><\/tbody><\/table><\/figure>    <h2 class=\"wp-block-heading\">Zugeh\u00f6rige Recyclinglinie f\u00fcr Kunststoffstreifenschneidemaschinen  <\/h2>    <p class=\"translation-block\">Ein Kunststoff-Dana-Schneider wird normalerweise in Kombination mit anderen Kunststoffrecyclingger\u00e4ten verwendet, um eine vollst\u00e4ndige Abfall<strong><a href=\"https:\/\/plastic-machines.org\/de\/product\/plastic-recycling-granulating-line\/\">Kunststoffgranulat-Produktionslinie<\/a><\/strong> zu bilden. Zum Beispiel wird eine Kunststoffgranulat-Schneidemaschine normalerweise in Verbindung mit einer <strong><a href=\"https:\/\/plastic-machines.org\/de\/products\/plastic-cleaning-drying-equipment\/\">Waschmaschine<\/a><\/strong> und einem <strong><a href=\"https:\/\/plastic-machines.org\/de\/product\/plastic-extruder-machine\/\">Kunststoffgranulator<\/a><\/strong> verwendet. Die Kunststoffwaschmaschine reinigt zuerst den Kunststoffabfall, und dann schmilzt und granuliert der Kunststoffgranulator den Kunststoff bei hohen Temperaturen. <\/p>   <div class=\"wp-block-image\"> <figure class=\"aligncenter size-full\"><img loading=\"lazy\" decoding=\"async\" width=\"720\" height=\"540\" src=\"https:\/\/plastic-machines.org\/wp-content\/uploads\/2023\/01\/Plastic-recycling-factory-Suadi-Arabia1.webp\" alt=\"Kunststoffrecyclinganlage\" class=\"wp-image-700\" srcset=\"https:\/\/plastic-machines.org\/wp-content\/uploads\/2023\/01\/Plastic-recycling-factory-Suadi-Arabia1.webp 720w, https:\/\/plastic-machines.org\/wp-content\/uploads\/2023\/01\/Plastic-recycling-factory-Suadi-Arabia1-300x225.webp 300w\" sizes=\"auto, (max-width: 720px) 100vw, 720px\" \/><\/figure> <\/div>   <p>Die Kunststoffpellets m\u00fcssen abschlie\u00dfend mit dem Kunststoffgranulatschneider zu kleinen Pellets verarbeitet werden. Diese recycelten Kunststoffpellets sind die Rohstoffe, aus denen Kunststoffprodukte hergestellt werden k\u00f6nnen.<\/p>    <p>Die Recyclinglinie kann auch mit Kunststofff\u00f6rderern, Kunststoffzerkleinerern, Kunststofftrocknungsmaschinen und anderen Ger\u00e4ten zum F\u00f6rdern, Zerkleinern und Trocknen des Kunststoffs ausgestattet werden, um die Qualit\u00e4t der Kunststoffpellets sicherzustellen. Durch den gemeinsamen Einsatz dieser Maschinen k\u00f6nnen Kunststoffabf\u00e4lle effizient recycelt werden und den Herstellern von Kunststoffpellets mehr Gewinn bringen.<\/p>    <h2 class=\"wp-block-heading\">Erfolgreiche F\u00e4lle von Kunststoffgranulatschneidern<\/h2>    <h3 class=\"wp-block-heading\">Die in Saudi-Arabien installierte Kunststoffpelletschneidemaschine <\/h3>    <figure class=\"wp-block-gallery has-nested-images columns-default is-cropped wp-block-gallery-4 is-layout-flex wp-block-gallery-is-layout-flex\"> <figure class=\"wp-block-image size-large\"><img loading=\"lazy\" decoding=\"async\" width=\"720\" height=\"540\" data-id=\"700\" src=\"https:\/\/plastic-machines.org\/wp-content\/uploads\/2023\/01\/Plastic-recycling-factory-Suadi-Arabia1.webp\" alt=\"Kunststoffrecyclinganlage\" class=\"wp-image-700\" srcset=\"https:\/\/plastic-machines.org\/wp-content\/uploads\/2023\/01\/Plastic-recycling-factory-Suadi-Arabia1.webp 720w, https:\/\/plastic-machines.org\/wp-content\/uploads\/2023\/01\/Plastic-recycling-factory-Suadi-Arabia1-300x225.webp 300w\" sizes=\"auto, (max-width: 720px) 100vw, 720px\" \/><\/figure>    <figure class=\"wp-block-image size-large\"><img loading=\"lazy\" decoding=\"async\" width=\"720\" height=\"540\" data-id=\"621\" src=\"https:\/\/plastic-machines.org\/wp-content\/uploads\/2022\/12\/plastic-pellet-cutter.webp\" alt=\"Pelletschneider aus Kunststoff\" class=\"wp-image-621\" srcset=\"https:\/\/plastic-machines.org\/wp-content\/uploads\/2022\/12\/plastic-pellet-cutter.webp 720w, https:\/\/plastic-machines.org\/wp-content\/uploads\/2022\/12\/plastic-pellet-cutter-300x225.webp 300w\" sizes=\"auto, (max-width: 720px) 100vw, 720px\" \/><figcaption class=\"wp-element-caption\">Pelletschneider aus Kunststoff<\/figcaption><\/figure> <\/figure>    <h3 class=\"wp-block-heading\">Kunststoffgranulat-Schneidemaschine nach Mosambik geliefert<\/h3>    <figure class=\"wp-block-gallery has-nested-images columns-default is-cropped wp-block-gallery-5 is-layout-flex wp-block-gallery-is-layout-flex\"> <figure class=\"wp-block-image size-large\"><img loading=\"lazy\" decoding=\"async\" width=\"540\" height=\"720\" data-id=\"670\" src=\"https:\/\/plastic-machines.org\/wp-content\/uploads\/2023\/01\/industrial-plastic-granulator-shipped-to-Mozambique1.webp\" alt=\"Industrieller Kunststoffgranulator nach Mosambik geliefert\" class=\"wp-image-670\" srcset=\"https:\/\/plastic-machines.org\/wp-content\/uploads\/2023\/01\/industrial-plastic-granulator-shipped-to-Mozambique1.webp 540w, https:\/\/plastic-machines.org\/wp-content\/uploads\/2023\/01\/industrial-plastic-granulator-shipped-to-Mozambique1-225x300.webp 225w\" sizes=\"auto, (max-width: 540px) 100vw, 540px\" \/><figcaption class=\"wp-element-caption\">Industrieller Kunststoffgranulator nach Mosambik geliefert<\/figcaption><\/figure>    <figure class=\"wp-block-image size-large\"><img loading=\"lazy\" decoding=\"async\" width=\"540\" height=\"720\" data-id=\"674\" src=\"https:\/\/plastic-machines.org\/wp-content\/uploads\/2023\/01\/top-10-plastic-granulators1.webp\" alt=\"Kunststoffrecyclingmaschine aus Mosambik\" class=\"wp-image-674\" srcset=\"https:\/\/plastic-machines.org\/wp-content\/uploads\/2023\/01\/top-10-plastic-granulators1.webp 540w, https:\/\/plastic-machines.org\/wp-content\/uploads\/2023\/01\/top-10-plastic-granulators1-225x300.webp 225w\" sizes=\"auto, (max-width: 540px) 100vw, 540px\" \/><figcaption class=\"wp-element-caption\">Kunststoffrecyclingmaschine aus Mosambik<\/figcaption><\/figure> <\/figure>    <h3 class=\"wp-block-heading\">Kunststoffgranulatschneidemaschine nach \u00c4thiopien geschickt<\/h3>    <figure class=\"wp-block-gallery has-nested-images columns-default is-cropped wp-block-gallery-6 is-layout-flex wp-block-gallery-is-layout-flex\"> <figure class=\"wp-block-image size-large\"><img loading=\"lazy\" decoding=\"async\" width=\"540\" height=\"720\" data-id=\"585\" src=\"https:\/\/plastic-machines.org\/wp-content\/uploads\/2022\/07\/pellet-cutting-machine.webp\" alt=\"Pelletschneidemaschine\" class=\"wp-image-585\" srcset=\"https:\/\/plastic-machines.org\/wp-content\/uploads\/2022\/07\/pellet-cutting-machine.webp 540w, https:\/\/plastic-machines.org\/wp-content\/uploads\/2022\/07\/pellet-cutting-machine-225x300.webp 225w\" sizes=\"auto, (max-width: 540px) 100vw, 540px\" \/><figcaption class=\"wp-element-caption\">Pelletschneidemaschine<\/figcaption><\/figure>    <figure class=\"wp-block-image size-large\"><img loading=\"lazy\" decoding=\"async\" width=\"540\" height=\"720\" data-id=\"582\" src=\"https:\/\/plastic-machines.org\/wp-content\/uploads\/2022\/07\/delivery.webp\" alt=\"Schneidemaschine f\u00fcr Kunststoffgranulat\" class=\"wp-image-582\" srcset=\"https:\/\/plastic-machines.org\/wp-content\/uploads\/2022\/07\/delivery.webp 540w, https:\/\/plastic-machines.org\/wp-content\/uploads\/2022\/07\/delivery-225x300.webp 225w\" sizes=\"auto, (max-width: 540px) 100vw, 540px\" \/><figcaption class=\"wp-element-caption\">Schneidemaschine f\u00fcr Kunststoffgranulat<\/figcaption><\/figure> <\/figure>    <h3 class=\"wp-block-heading\">Dana-Schneider aus Kunststoff nach Tansania verschifft<\/h3>    <figure class=\"wp-block-gallery has-nested-images columns-default is-cropped wp-block-gallery-7 is-layout-flex wp-block-gallery-is-layout-flex\"> <figure class=\"wp-block-image size-large\"><img loading=\"lazy\" decoding=\"async\" width=\"720\" height=\"540\" data-id=\"437\" src=\"https:\/\/plastic-machines.org\/wp-content\/uploads\/2022\/09\/plastic-pelletizer-machine.webp\" alt=\"Kunststoff-Granuliermaschine\" class=\"wp-image-437\" srcset=\"https:\/\/plastic-machines.org\/wp-content\/uploads\/2022\/09\/plastic-pelletizer-machine.webp 720w, https:\/\/plastic-machines.org\/wp-content\/uploads\/2022\/09\/plastic-pelletizer-machine-300x225.webp 300w\" sizes=\"auto, (max-width: 720px) 100vw, 720px\" \/><figcaption class=\"wp-element-caption\">Kunststoff-Granuliermaschine<\/figcaption><\/figure>    <figure class=\"wp-block-image size-large\"><img loading=\"lazy\" decoding=\"async\" width=\"720\" height=\"540\" data-id=\"439\" src=\"https:\/\/plastic-machines.org\/wp-content\/uploads\/2022\/07\/plastic-recycling-machine1.webp\" alt=\"Kunststoffrecyclingmaschine aus Tansania\" class=\"wp-image-439\" srcset=\"https:\/\/plastic-machines.org\/wp-content\/uploads\/2022\/07\/plastic-recycling-machine1.webp 720w, https:\/\/plastic-machines.org\/wp-content\/uploads\/2022\/07\/plastic-recycling-machine1-300x225.webp 300w\" sizes=\"auto, (max-width: 720px) 100vw, 720px\" \/><figcaption class=\"wp-element-caption\">Kunststoffrecyclingmaschine aus Tansania<\/figcaption><\/figure> <\/figure>    <p class=\"translation-block\">M\u00f6chten Sie mehr \u00fcber den Recyclingprozess von Kunststoffrecycling erfahren: <a href=\"https:\/\/plastic-machines.org\/de\/info\/what-machines-are-used-to-recycle-plastic\/\">Maschinen werden verwendet, um Kunststoff zu recyceln<\/a><\/p>","protected":false},"excerpt":{"rendered":"<p>The plastic granule cutter is an indispensable auxiliary machine for the plastic granulating line. Shuliy plastic granule cutters have been exported to many countries in the world to support their plastic recycling businesses. The final plastic granules are of high quality and profitable profits, bringing our customers huge economic margins. Plastic granule cutter introduction The [&hellip;]<\/p>\n","protected":false},"author":1,"featured_media":726,"parent":0,"template":"","tags":[50],"product-type":[9],"class_list":["post-725","product","type-product","status-publish","has-post-thumbnail","hentry","tag-pellet","product-type-plastic-pelletizer"],"taxonomy_info":{"post_tag":[{"value":50,"label":"pellet"}],"product-type":[{"value":9,"label":"Plastic Pelletizer"}]},"featured_image_src_large":["https:\/\/plastic-machines.org\/wp-content\/uploads\/2023\/05\/pellet-cutting-machine1.webp",720,540,false],"author_info":{"display_name":"Ella","author_link":"https:\/\/plastic-machines.org\/de\/author\/admin\/"},"comment_info":"","_links":{"self":[{"href":"https:\/\/plastic-machines.org\/de\/wp-json\/wp\/v2\/product\/725","targetHints":{"allow":["GET"]}}],"collection":[{"href":"https:\/\/plastic-machines.org\/de\/wp-json\/wp\/v2\/product"}],"about":[{"href":"https:\/\/plastic-machines.org\/de\/wp-json\/wp\/v2\/types\/product"}],"author":[{"embeddable":true,"href":"https:\/\/plastic-machines.org\/de\/wp-json\/wp\/v2\/users\/1"}],"wp:featuredmedia":[{"embeddable":true,"href":"https:\/\/plastic-machines.org\/de\/wp-json\/wp\/v2\/media\/726"}],"wp:attachment":[{"href":"https:\/\/plastic-machines.org\/de\/wp-json\/wp\/v2\/media?parent=725"}],"wp:term":[{"taxonomy":"post_tag","embeddable":true,"href":"https:\/\/plastic-machines.org\/de\/wp-json\/wp\/v2\/tags?post=725"},{"taxonomy":"product-type","embeddable":true,"href":"https:\/\/plastic-machines.org\/de\/wp-json\/wp\/v2\/product-type?post=725"}],"curies":[{"name":"wp","href":"https:\/\/api.w.org\/{rel}","templated":true}]}}