{"id":678,"date":"2023-01-17T15:59:08","date_gmt":"2023-01-17T07:59:08","guid":{"rendered":"https:\/\/plastic-machines.org\/?post_type=product&#038;p=678"},"modified":"2025-11-10T10:55:17","modified_gmt":"2025-11-10T02:55:17","slug":"plastic-baler-machine","status":"publish","type":"product","link":"https:\/\/plastic-machines.org\/de\/product\/plastic-baler-machine\/","title":{"rendered":"Kunststoffballenpresse f\u00fcr das Kunststoffrecycling"},"content":{"rendered":"<div class=\"kk-star-ratings kksr-auto kksr-align-left kksr-valign-top\"     data-payload='{&quot;align&quot;:&quot;left&quot;,&quot;id&quot;:&quot;678&quot;,&quot;slug&quot;:&quot;default&quot;,&quot;valign&quot;:&quot;top&quot;,&quot;ignore&quot;:&quot;&quot;,&quot;reference&quot;:&quot;auto&quot;,&quot;class&quot;:&quot;&quot;,&quot;count&quot;:&quot;3&quot;,&quot;legendonly&quot;:&quot;&quot;,&quot;readonly&quot;:&quot;&quot;,&quot;score&quot;:&quot;5&quot;,&quot;starsonly&quot;:&quot;&quot;,&quot;best&quot;:&quot;5&quot;,&quot;gap&quot;:&quot;5&quot;,&quot;greet&quot;:&quot;Rate this product&quot;,&quot;legend&quot;:&quot;5\\\/5 - (3 votes)&quot;,&quot;size&quot;:&quot;24&quot;,&quot;title&quot;:&quot;Plastic Baler Machine Compactor for Plastic Recycling&quot;,&quot;width&quot;:&quot;142.5&quot;,&quot;_legend&quot;:&quot;{score}\\\/{best} - ({count} {votes})&quot;,&quot;font_factor&quot;:&quot;1.25&quot;}'>              <div class=\"kksr-stars\">      <div class=\"kksr-stars-inactive\">             <div class=\"kksr-star\" data-star=\"1\" style=\"padding-right: 5px\">               <div class=\"kksr-icon\" style=\"width: 24px; height: 24px;\"><\/div>         <\/div>             <div class=\"kksr-star\" data-star=\"2\" style=\"padding-right: 5px\">               <div class=\"kksr-icon\" style=\"width: 24px; height: 24px;\"><\/div>         <\/div>             <div class=\"kksr-star\" data-star=\"3\" style=\"padding-right: 5px\">               <div class=\"kksr-icon\" style=\"width: 24px; height: 24px;\"><\/div>         <\/div>             <div class=\"kksr-star\" data-star=\"4\" style=\"padding-right: 5px\">               <div class=\"kksr-icon\" style=\"width: 24px; height: 24px;\"><\/div>         <\/div>             <div class=\"kksr-star\" data-star=\"5\" style=\"padding-right: 5px\">               <div class=\"kksr-icon\" style=\"width: 24px; height: 24px;\"><\/div>         <\/div>     <\/div>      <div class=\"kksr-stars-active\" style=\"width: 142.5px;\">             <div class=\"kksr-star\" style=\"padding-right: 5px\">               <div class=\"kksr-icon\" style=\"width: 24px; height: 24px;\"><\/div>         <\/div>             <div class=\"kksr-star\" style=\"padding-right: 5px\">               <div class=\"kksr-icon\" style=\"width: 24px; height: 24px;\"><\/div>         <\/div>             <div class=\"kksr-star\" style=\"padding-right: 5px\">               <div class=\"kksr-icon\" style=\"width: 24px; height: 24px;\"><\/div>         <\/div>             <div class=\"kksr-star\" style=\"padding-right: 5px\">               <div class=\"kksr-icon\" style=\"width: 24px; height: 24px;\"><\/div>         <\/div>             <div class=\"kksr-star\" style=\"padding-right: 5px\">               <div class=\"kksr-icon\" style=\"width: 24px; height: 24px;\"><\/div>         <\/div>     <\/div> <\/div>                   <div class=\"kksr-legend\" style=\"font-size: 19.2px;\">             5\/5 - (3 Stimmen)    <\/div>     <\/div>  <p>Unsere Kunststoffballenpresse ist in Kunststoffrecyclinganlagen und -stationen weit verbreitet. Sie wird auch Kunststoffverdichter genannt und dient zum Verdichten von Abf\u00e4llen wie leeren PET-Flaschen, Plastikt\u00fcten und Folien. Die Shuliy Group bietet zwei Arten von Kunststoffballenpressen an: vertikale und horizontale, beide mit importierten hochwertigen Stahlplatten und anderem importierten Zubeh\u00f6r zur Verbesserung der Arbeitseffizienz und langen Lebensdauer, die auf dem Markt beliebt sind.<\/p>    <figure class=\"wp-block-gallery has-nested-images columns-default is-cropped wp-block-gallery-2 is-layout-flex wp-block-gallery-is-layout-flex\"> <figure class=\"wp-block-image size-large\"><img loading=\"lazy\" decoding=\"async\" width=\"720\" height=\"540\" data-id=\"1312\" src=\"https:\/\/plastic-machines.org\/wp-content\/uploads\/2023\/01\/plastic-packer2.webp\" alt=\"vertikale Ballenpresse aus Kunststoff\" class=\"wp-image-1312\" srcset=\"https:\/\/plastic-machines.org\/wp-content\/uploads\/2023\/01\/plastic-packer2.webp 720w, https:\/\/plastic-machines.org\/wp-content\/uploads\/2023\/01\/plastic-packer2-300x225.webp 300w, https:\/\/plastic-machines.org\/wp-content\/uploads\/2023\/01\/plastic-packer2-16x12.webp 16w\" sizes=\"auto, (max-width: 720px) 100vw, 720px\" \/><figcaption class=\"wp-element-caption\">vertikale Ballenpresse aus Kunststoff<\/figcaption><\/figure>    <figure class=\"wp-block-image size-large\"><img loading=\"lazy\" decoding=\"async\" width=\"720\" height=\"540\" data-id=\"1313\" src=\"https:\/\/plastic-machines.org\/wp-content\/uploads\/2023\/01\/horizontal-plastic-baler-for-sale.webp\" alt=\"horizontale Ballenpresse aus Kunststoff\" class=\"wp-image-1313\" srcset=\"https:\/\/plastic-machines.org\/wp-content\/uploads\/2023\/01\/horizontal-plastic-baler-for-sale.webp 720w, https:\/\/plastic-machines.org\/wp-content\/uploads\/2023\/01\/horizontal-plastic-baler-for-sale-300x225.webp 300w, https:\/\/plastic-machines.org\/wp-content\/uploads\/2023\/01\/horizontal-plastic-baler-for-sale-16x12.webp 16w\" sizes=\"auto, (max-width: 720px) 100vw, 720px\" \/><figcaption class=\"wp-element-caption\">horizontale Ballenpresse aus Kunststoff<\/figcaption><\/figure> <\/figure>    <figure class=\"wp-block-embed is-type-video is-provider-youtube wp-block-embed-youtube wp-embed-aspect-16-9 wp-has-aspect-ratio\"><div class=\"wp-block-embed__wrapper\"> <iframe loading=\"lazy\" title=\"Praktische Kunststoffballenpresse f\u00fcr hydraulische Folienbeutel-Flaschenballenpresse\" width=\"500\" height=\"281\" src=\"https:\/\/www.youtube.com\/embed\/jAi-5u0nyqo?feature=oembed\" frameborder=\"0\" allow=\"accelerometer; autoplay; clipboard-write; encrypted-media; gyroscope; picture-in-picture; web-share\" referrerpolicy=\"strict-origin-when-cross-origin\" allowfullscreen><\/iframe> <\/div><figcaption class=\"wp-element-caption\">Video zur Funktionsweise einer vertikalen Kunststoffballenpresse<\/figcaption><\/figure>    <h2 class=\"wp-block-heading\">Anwendung einer Kunststoffballenpresse <\/h2>    <p>Diese Ballenpresse f\u00fcr Kunststoffabf\u00e4lle verf\u00fcgt \u00fcber vielf\u00e4ltige Funktionen und kann zum Ballenpressen verschiedener Arten von Rohstoffen wie Abfallkartons, Abfall-PET-Flaschen, \u00d6lf\u00e4ssern, S\u00e4cken, Kartons, Kunststoffboxen, Folien, Altkleidern, Textilien, Wolle, Baumwolle und Stroh verwendet werden und so weiter.<\/p>   <div class=\"wp-block-image\"> <figure class=\"aligncenter size-full\"><img loading=\"lazy\" decoding=\"async\" width=\"720\" height=\"540\" src=\"https:\/\/plastic-machines.org\/wp-content\/uploads\/2023\/01\/raw-materials-of-plastic-baler1.webp\" alt=\"Rohstoffe f\u00fcr Kunststoffballenpressen\" class=\"wp-image-681\" srcset=\"https:\/\/plastic-machines.org\/wp-content\/uploads\/2023\/01\/raw-materials-of-plastic-baler1.webp 720w, https:\/\/plastic-machines.org\/wp-content\/uploads\/2023\/01\/raw-materials-of-plastic-baler1-300x225.webp 300w\" sizes=\"auto, (max-width: 720px) 100vw, 720px\" \/><figcaption class=\"wp-element-caption\">Rohstoffe f\u00fcr Kunststoffballenpressen<\/figcaption><\/figure> <\/div>   <h2 class=\"wp-block-heading\">Strukturmerkmale der Shuliy vertikalen Kunststoffpressmaschine<\/h2>   <div class=\"wp-block-image\"> <figure class=\"aligncenter size-full\"><img loading=\"lazy\" decoding=\"async\" width=\"720\" height=\"540\" src=\"https:\/\/plastic-machines.org\/wp-content\/uploads\/2023\/01\/Waste-plastic-baling-machine-structure1.webp\" alt=\"Struktur der Ballenpresse f\u00fcr Kunststoffabf\u00e4lle\" class=\"wp-image-682\" srcset=\"https:\/\/plastic-machines.org\/wp-content\/uploads\/2023\/01\/Waste-plastic-baling-machine-structure1.webp 720w, https:\/\/plastic-machines.org\/wp-content\/uploads\/2023\/01\/Waste-plastic-baling-machine-structure1-300x225.webp 300w\" sizes=\"auto, (max-width: 720px) 100vw, 720px\" \/><figcaption class=\"wp-element-caption\">Struktur der Ballenpresse f\u00fcr Kunststoffabf\u00e4lle<\/figcaption><\/figure> <\/div>   <ul class=\"wp-block-list\"> <li>Die Hydraulikpumpe, das Magnetventil und die \u00d6ldichtung des Hydraulikzylinders des Hydrauliksystems sind importierte Teile, wodurch der Packungsdruck hoch, schnell und gleichzeitig sehr ger\u00e4uscharm ist.<\/li>    <li>Das F\u00f6rdersystem besteht aus hochwertigem, verdicktem Stahl und einem hochfesten Stahlplatten-F\u00f6rderband, was die Kunststoffballenpresse robust und langlebig macht.<\/li>    <li>Die Kunststoffballenpresse ist mit einem Sicherheitsalarmsystem ausgestattet. Die Maschine stoppt automatisch und gibt einen Alarm aus, wenn die Ausr\u00fcstung falsch bedient wird, die Stromversorgung phasenverschoben ist, der Druck zu hoch ist usw.<\/li> <\/ul>    <h2 class=\"wp-block-heading\">Merkmale der vertikalen Ballenpresse<\/h2>    <div class=\"wp-block-media-text alignwide is-stacked-on-mobile\"><figure class=\"wp-block-media-text__media\"><img loading=\"lazy\" decoding=\"async\" width=\"720\" height=\"342\" src=\"https:\/\/plastic-machines.org\/wp-content\/uploads\/2023\/01\/plastic-baler.webp\" alt=\"Details zum Kunststoffverdichter\" class=\"wp-image-691 size-full\" srcset=\"https:\/\/plastic-machines.org\/wp-content\/uploads\/2023\/01\/plastic-baler.webp 720w, https:\/\/plastic-machines.org\/wp-content\/uploads\/2023\/01\/plastic-baler-300x143.webp 300w\" sizes=\"auto, (max-width: 720px) 100vw, 720px\" \/><\/figure><div class=\"wp-block-media-text__content\"> <p>Die hydraulische Druckplatte verf\u00fcgt \u00fcber eine verdickte Druckplatte, was eine gute Wirkung hat.<\/p> <\/div><\/div>    <div class=\"wp-block-media-text alignwide has-media-on-the-right is-stacked-on-mobile\"><div class=\"wp-block-media-text__content\"> <p>Die Gr\u00f6\u00dfe des Materialkastens kann individuell angepasst werden und die komprimierten Materialien k\u00f6nnen mit Edelstahl ausgekleidet werden.<\/p> <\/div><figure class=\"wp-block-media-text__media\"><img loading=\"lazy\" decoding=\"async\" width=\"720\" height=\"342\" src=\"https:\/\/plastic-machines.org\/wp-content\/uploads\/2023\/01\/plastic-baler-machne.webp\" alt=\"Materialkasten eines Kunststoffverdichters\" class=\"wp-image-690 size-full\" srcset=\"https:\/\/plastic-machines.org\/wp-content\/uploads\/2023\/01\/plastic-baler-machne.webp 720w, https:\/\/plastic-machines.org\/wp-content\/uploads\/2023\/01\/plastic-baler-machne-300x143.webp 300w\" sizes=\"auto, (max-width: 720px) 100vw, 720px\" \/><\/figure><\/div>    <div class=\"wp-block-media-text alignwide is-stacked-on-mobile\"><figure class=\"wp-block-media-text__media\"><img loading=\"lazy\" decoding=\"async\" width=\"720\" height=\"342\" src=\"https:\/\/plastic-machines.org\/wp-content\/uploads\/2023\/01\/plastic-baler-machine-for-sale.webp\" alt=\"Griffschalter der Kunststoffballenpresse\" class=\"wp-image-689 size-full\" srcset=\"https:\/\/plastic-machines.org\/wp-content\/uploads\/2023\/01\/plastic-baler-machine-for-sale.webp 720w, https:\/\/plastic-machines.org\/wp-content\/uploads\/2023\/01\/plastic-baler-machine-for-sale-300x143.webp 300w\" sizes=\"auto, (max-width: 720px) 100vw, 720px\" \/><\/figure><div class=\"wp-block-media-text__content\"> <p>Der Griffschalter der Ballenpresse dr\u00fcckt den Hebel nach innen und dr\u00fcckt ihn automatisch nach unten, zieht die Wasserwaage heraus und hebt sie automatisch an.<\/p> <\/div><\/div>    <div class=\"wp-block-media-text alignwide has-media-on-the-right is-stacked-on-mobile\"><div class=\"wp-block-media-text__content\"> <p>Die \u00d6lleitung des Hochdruckzylinders l\u00e4sst w\u00e4hrend des Gebrauchs keinen Druck ab, und der Dichtring weist eine gute Dichtleistung auf und l\u00e4sst kein \u00d6l austreten.<\/p> <\/div><figure class=\"wp-block-media-text__media\"><img loading=\"lazy\" decoding=\"async\" width=\"720\" height=\"342\" src=\"https:\/\/plastic-machines.org\/wp-content\/uploads\/2023\/01\/plastic-baling-machine.webp\" alt=\"Zylinder\u00f6lrohr des Kunststoffverdichters\" class=\"wp-image-692 size-full\" srcset=\"https:\/\/plastic-machines.org\/wp-content\/uploads\/2023\/01\/plastic-baling-machine.webp 720w, https:\/\/plastic-machines.org\/wp-content\/uploads\/2023\/01\/plastic-baling-machine-300x143.webp 300w\" sizes=\"auto, (max-width: 720px) 100vw, 720px\" \/><\/figure><\/div>    <h2 class=\"wp-block-heading\">Display einer Kunststoffballenpresse<\/h2>   <div class=\"wp-block-image\"> <figure class=\"aligncenter size-full\"><img loading=\"lazy\" decoding=\"async\" width=\"540\" height=\"720\" src=\"https:\/\/plastic-machines.org\/wp-content\/uploads\/2023\/01\/plastic-baler-machine-21.webp\" alt=\"Kunststoffballenpresse\" class=\"wp-image-679\" srcset=\"https:\/\/plastic-machines.org\/wp-content\/uploads\/2023\/01\/plastic-baler-machine-21.webp 540w, https:\/\/plastic-machines.org\/wp-content\/uploads\/2023\/01\/plastic-baler-machine-21-225x300.webp 225w\" sizes=\"auto, (max-width: 540px) 100vw, 540px\" \/><figcaption class=\"wp-element-caption\">Kunststoffballenpresse<\/figcaption><\/figure> <\/div>  <div class=\"wp-block-image\"> <figure class=\"aligncenter size-full\"><img loading=\"lazy\" decoding=\"async\" width=\"540\" height=\"720\" src=\"https:\/\/plastic-machines.org\/wp-content\/uploads\/2023\/01\/plastic-baler-for-sale1.webp\" alt=\"Kunststoffballenpresse zu verkaufen\" class=\"wp-image-683\" srcset=\"https:\/\/plastic-machines.org\/wp-content\/uploads\/2023\/01\/plastic-baler-for-sale1.webp 540w, https:\/\/plastic-machines.org\/wp-content\/uploads\/2023\/01\/plastic-baler-for-sale1-225x300.webp 225w\" sizes=\"auto, (max-width: 540px) 100vw, 540px\" \/><figcaption class=\"wp-element-caption\"><br><br>Kunststoffballenpresse zu verkaufen<\/figcaption><\/figure> <\/div>   <h2 class=\"wp-block-heading\">Parameter der zu verkaufenden Kunststoffballenpresse<\/h2>    <figure class=\"wp-block-table\"><table><tbody><tr><td>Modell<\/td><td>Druck (Tonne)<\/td><td>Leistung (kW)<\/td><td>Gr\u00f6\u00dfe (mm)<\/td><td>Leistung (t\/h)<\/td><td>Gewicht (Tonne)<\/td><\/tr><tr><td>SL-30<\/td><td>30<\/td><td>5.5<\/td><td>800*400*600<\/td><td>0,8-1T<\/td><td>0.8<\/td><\/tr><tr><td>SL-40<\/td><td>30<\/td><td>7.5<\/td><td>900*600*800<\/td><td>1-1,2T<\/td><td>1.3<\/td><\/tr><tr><td>SL-60<\/td><td>60<\/td><td>7.5<\/td><td>900*600*800<\/td><td>1,5-2T<\/td><td>1.5<\/td><\/tr><tr><td>SL-80<\/td><td>80<\/td><td>11<\/td><td>1100*800*1000<\/td><td>2-3T<\/td><td>2<\/td><\/tr><tr><td>SL-100<\/td><td>100<\/td><td>15<\/td><td>1100*800*1100<\/td><td>3-3,5T<\/td><td>2.8<\/td><\/tr><tr><td>SL-120<\/td><td>120<\/td><td>18.5<\/td><td>1200*800*1200<\/td><td>4-5T<\/td><td>3.2<\/td><\/tr><\/tbody><\/table><\/figure>    <h2 class=\"wp-block-heading\">Horizontale Kunststoffballenpresse f\u00fcr PET-Flaschenballenpresse<\/h2>    <figure class=\"wp-block-embed is-type-video is-provider-youtube wp-block-embed-youtube wp-embed-aspect-16-9 wp-has-aspect-ratio\"><div class=\"wp-block-embed__wrapper\"> <iframe loading=\"lazy\" title=\"Wie verpacken Kunststoffrecyclinganlagen Abfallflaschen aus Kunststoff mit einer horizontalen Kunststoffballenpresse?\" width=\"500\" height=\"281\" src=\"https:\/\/www.youtube.com\/embed\/xNkvgfIlOjE?feature=oembed\" frameborder=\"0\" allow=\"accelerometer; autoplay; clipboard-write; encrypted-media; gyroscope; picture-in-picture; web-share\" referrerpolicy=\"strict-origin-when-cross-origin\" allowfullscreen><\/iframe> <\/div><\/figure>","protected":false},"excerpt":{"rendered":"<p>Our plastic baler machine is common in plastic recycling plants and stations, it is also called a plastic compactor, which is used to compact waste like empty PET bottles, plastic bags, and films. Shuliy Group provides two types of plastic balers, they are vertical and horizontal type, both with imported high-quality steel plates and other [&hellip;]<\/p>\n","protected":false},"author":1,"featured_media":680,"parent":0,"template":"","tags":[36,35],"product-type":[26],"class_list":["post-678","product","type-product","status-publish","has-post-thumbnail","hentry","tag-bale","tag-pet","product-type-plastic-baler"],"taxonomy_info":{"post_tag":[{"value":36,"label":"bale"},{"value":35,"label":"PET"}],"product-type":[{"value":26,"label":"Plastic Baler"}]},"featured_image_src_large":["https:\/\/plastic-machines.org\/wp-content\/uploads\/2023\/01\/plastic-baler-machine1.webp",720,540,false],"author_info":{"display_name":"Ella","author_link":"https:\/\/plastic-machines.org\/de\/author\/admin\/"},"comment_info":"","_links":{"self":[{"href":"https:\/\/plastic-machines.org\/de\/wp-json\/wp\/v2\/product\/678","targetHints":{"allow":["GET"]}}],"collection":[{"href":"https:\/\/plastic-machines.org\/de\/wp-json\/wp\/v2\/product"}],"about":[{"href":"https:\/\/plastic-machines.org\/de\/wp-json\/wp\/v2\/types\/product"}],"author":[{"embeddable":true,"href":"https:\/\/plastic-machines.org\/de\/wp-json\/wp\/v2\/users\/1"}],"wp:featuredmedia":[{"embeddable":true,"href":"https:\/\/plastic-machines.org\/de\/wp-json\/wp\/v2\/media\/680"}],"wp:attachment":[{"href":"https:\/\/plastic-machines.org\/de\/wp-json\/wp\/v2\/media?parent=678"}],"wp:term":[{"taxonomy":"post_tag","embeddable":true,"href":"https:\/\/plastic-machines.org\/de\/wp-json\/wp\/v2\/tags?post=678"},{"taxonomy":"product-type","embeddable":true,"href":"https:\/\/plastic-machines.org\/de\/wp-json\/wp\/v2\/product-type?post=678"}],"curies":[{"name":"wp","href":"https:\/\/api.w.org\/{rel}","templated":true}]}}