{"id":630,"date":"2022-12-02T14:17:04","date_gmt":"2022-12-02T06:17:04","guid":{"rendered":"https:\/\/plastic-machines.org\/?post_type=product&#038;p=630"},"modified":"2024-12-27T10:22:16","modified_gmt":"2024-12-27T02:22:16","slug":"eps-foam-melting-machine","status":"publish","type":"product","link":"https:\/\/plastic-machines.org\/de\/product\/eps-foam-melting-machine\/","title":{"rendered":"EPS-Schaumschmelzmaschine f\u00fcr Kunststoffschaum-Recycling"},"content":{"rendered":"<div class=\"kk-star-ratings kksr-auto kksr-align-left kksr-valign-top\"     data-payload='{&quot;align&quot;:&quot;left&quot;,&quot;id&quot;:&quot;630&quot;,&quot;slug&quot;:&quot;default&quot;,&quot;valign&quot;:&quot;top&quot;,&quot;ignore&quot;:&quot;&quot;,&quot;reference&quot;:&quot;auto&quot;,&quot;class&quot;:&quot;&quot;,&quot;count&quot;:&quot;5&quot;,&quot;legendonly&quot;:&quot;&quot;,&quot;readonly&quot;:&quot;&quot;,&quot;score&quot;:&quot;5&quot;,&quot;starsonly&quot;:&quot;&quot;,&quot;best&quot;:&quot;5&quot;,&quot;gap&quot;:&quot;5&quot;,&quot;greet&quot;:&quot;Rate this product&quot;,&quot;legend&quot;:&quot;5\\\/5 - (5 votes)&quot;,&quot;size&quot;:&quot;24&quot;,&quot;title&quot;:&quot;EPS Foam Melting Machine for Plastic Foam Recyclings&quot;,&quot;width&quot;:&quot;142.5&quot;,&quot;_legend&quot;:&quot;{score}\\\/{best} - ({count} {votes})&quot;,&quot;font_factor&quot;:&quot;1.25&quot;}'>              <div class=\"kksr-stars\">      <div class=\"kksr-stars-inactive\">             <div class=\"kksr-star\" data-star=\"1\" style=\"padding-right: 5px\">               <div class=\"kksr-icon\" style=\"width: 24px; height: 24px;\"><\/div>         <\/div>             <div class=\"kksr-star\" data-star=\"2\" style=\"padding-right: 5px\">               <div class=\"kksr-icon\" style=\"width: 24px; height: 24px;\"><\/div>         <\/div>             <div class=\"kksr-star\" data-star=\"3\" style=\"padding-right: 5px\">               <div class=\"kksr-icon\" style=\"width: 24px; height: 24px;\"><\/div>         <\/div>             <div class=\"kksr-star\" data-star=\"4\" style=\"padding-right: 5px\">               <div class=\"kksr-icon\" style=\"width: 24px; height: 24px;\"><\/div>         <\/div>             <div class=\"kksr-star\" data-star=\"5\" style=\"padding-right: 5px\">               <div class=\"kksr-icon\" style=\"width: 24px; height: 24px;\"><\/div>         <\/div>     <\/div>      <div class=\"kksr-stars-active\" style=\"width: 142.5px;\">             <div class=\"kksr-star\" style=\"padding-right: 5px\">               <div class=\"kksr-icon\" style=\"width: 24px; height: 24px;\"><\/div>         <\/div>             <div class=\"kksr-star\" style=\"padding-right: 5px\">               <div class=\"kksr-icon\" style=\"width: 24px; height: 24px;\"><\/div>         <\/div>             <div class=\"kksr-star\" style=\"padding-right: 5px\">               <div class=\"kksr-icon\" style=\"width: 24px; height: 24px;\"><\/div>         <\/div>             <div class=\"kksr-star\" style=\"padding-right: 5px\">               <div class=\"kksr-icon\" style=\"width: 24px; height: 24px;\"><\/div>         <\/div>             <div class=\"kksr-star\" style=\"padding-right: 5px\">               <div class=\"kksr-icon\" style=\"width: 24px; height: 24px;\"><\/div>         <\/div>     <\/div> <\/div>                   <div class=\"kksr-legend\" style=\"font-size: 19.2px;\">             5\/5 - (5 Stimmen)    <\/div>     <\/div>  <p>Die Shuliy EPS-Schaumschmelzmaschine wird auch als Styroporverdichter bezeichnet. Es dient zum Zerkleinern und Schmelzen von Kunststoffschaum bei hohen Temperaturen. Nach dem Zerkleinern und Erhitzen wird der EPS-Schaum zu verdichteten EPS-Barren mit einem Volumenreduzierungsverh\u00e4ltnis von bis zu 90:1. Die Schaumverdichtungsmaschine kann nicht nur das Problem der wei\u00dfen Verschmutzung reduzieren, sondern auch gro\u00dfe wirtschaftliche Vorteile nach dem Recycling von Schaum zu Granulat bringen. Daher ist es eine notwendige Ausr\u00fcstung f\u00fcr Kunststoffrecyclinghersteller. Bei Interesse kontaktieren Sie uns bitte.<\/p>   <div class=\"wp-block-image\"> <figure class=\"aligncenter size-full\"><img loading=\"lazy\" decoding=\"async\" width=\"720\" height=\"540\" src=\"https:\/\/plastic-machines.org\/wp-content\/uploads\/2022\/12\/EPS-Foam-Melting-Machine.webp\" alt=\"EPS-Schaumschmelzmaschine\" class=\"wp-image-641\" srcset=\"https:\/\/plastic-machines.org\/wp-content\/uploads\/2022\/12\/EPS-Foam-Melting-Machine.webp 720w, https:\/\/plastic-machines.org\/wp-content\/uploads\/2022\/12\/EPS-Foam-Melting-Machine-300x225.webp 300w\" sizes=\"auto, (max-width: 720px) 100vw, 720px\" \/><figcaption class=\"wp-element-caption\">EPS-Schaumschmelzmaschine<\/figcaption><\/figure> <\/div>   <h2 class=\"wp-block-heading\">Einf\u00fchrung eines Polystyrol-Verdichters zum Verkauf<\/h2>    <p>Zum Verkauf stehende Polystyrol-Verdichter k\u00f6nnen Styropor (Polystyrol\/EPS\/Schaum 6) recyceln, das h\u00e4ufig als Isolierung und Produktschutzmaterial beim Transport verwendet wird.  Nach Abschluss der Zerkleinerung werden sie von der Schnecke in den Heizbereich geschoben. Nach dem Erhitzen und Plastifizieren schmilzt das Kunststoffrohmaterial zu einem Haufen, der leicht zu transportieren und zu verkaufen ist. <\/p>    <p>Zu den Materialien, die die Maschine verarbeiten kann, geh\u00f6ren Schaumstoff-Fast-Food-Boxen, Schaumstoff-Verpackungskartons, Kuchenkartons, Isoliermaterialien, \u00e4u\u00dferer Verpackungsschaum von Elektroger\u00e4ten und andere wei\u00dfe Schaumstoffabf\u00e4lle.<\/p>    <figure class=\"wp-block-gallery has-nested-images columns-default is-cropped wp-block-gallery-2 is-layout-flex wp-block-gallery-is-layout-flex\"> <figure class=\"wp-block-image size-full\"><img loading=\"lazy\" decoding=\"async\" width=\"720\" height=\"540\" data-id=\"637\" src=\"https:\/\/plastic-machines.org\/wp-content\/uploads\/2022\/12\/foam-melting-machine.jpg\" alt=\"Verdichter aus Styropor \" class=\"wp-image-637\" srcset=\"https:\/\/plastic-machines.org\/wp-content\/uploads\/2022\/12\/foam-melting-machine.jpg 720w, https:\/\/plastic-machines.org\/wp-content\/uploads\/2022\/12\/foam-melting-machine-300x225.jpg 300w\" sizes=\"auto, (max-width: 720px) 100vw, 720px\" \/><figcaption class=\"wp-element-caption\">Verdichter aus Styropor<\/figcaption><\/figure>    <figure class=\"wp-block-image size-full\"><img loading=\"lazy\" decoding=\"async\" width=\"720\" height=\"540\" data-id=\"642\" src=\"https:\/\/plastic-machines.org\/wp-content\/uploads\/2022\/12\/EPS-hot-melting-machine.webp\" alt=\"Verdichter aus Styropor \" class=\"wp-image-642\" srcset=\"https:\/\/plastic-machines.org\/wp-content\/uploads\/2022\/12\/EPS-hot-melting-machine.webp 720w, https:\/\/plastic-machines.org\/wp-content\/uploads\/2022\/12\/EPS-hot-melting-machine-300x225.webp 300w\" sizes=\"auto, (max-width: 720px) 100vw, 720px\" \/><figcaption class=\"wp-element-caption\">Verdichter aus Styropor<\/figcaption><\/figure> <\/figure>    <figure class=\"wp-block-gallery has-nested-images columns-default is-cropped wp-block-gallery-3 is-layout-flex wp-block-gallery-is-layout-flex\"> <figure class=\"wp-block-image size-full\"><img loading=\"lazy\" decoding=\"async\" width=\"720\" height=\"540\" data-id=\"639\" src=\"https:\/\/plastic-machines.org\/wp-content\/uploads\/2022\/12\/EPS-hot-melting-recycling-machine.jpg\" alt=\"EPS-Hei\u00dfschmelz-Recyclingmaschine\" class=\"wp-image-639\" srcset=\"https:\/\/plastic-machines.org\/wp-content\/uploads\/2022\/12\/EPS-hot-melting-recycling-machine.jpg 720w, https:\/\/plastic-machines.org\/wp-content\/uploads\/2022\/12\/EPS-hot-melting-recycling-machine-300x225.jpg 300w\" sizes=\"auto, (max-width: 720px) 100vw, 720px\" \/><figcaption class=\"wp-element-caption\">Polystyrol-Verdichter zu verkaufen<\/figcaption><\/figure>    <figure class=\"wp-block-image size-full\"><img loading=\"lazy\" decoding=\"async\" width=\"720\" height=\"540\" data-id=\"638\" src=\"https:\/\/plastic-machines.org\/wp-content\/uploads\/2022\/12\/plastic-foam-crushing-melting-machine.jpg\" alt=\"Schaumverdichter zu verkaufen\" class=\"wp-image-638\" srcset=\"https:\/\/plastic-machines.org\/wp-content\/uploads\/2022\/12\/plastic-foam-crushing-melting-machine.jpg 720w, https:\/\/plastic-machines.org\/wp-content\/uploads\/2022\/12\/plastic-foam-crushing-melting-machine-300x225.jpg 300w\" sizes=\"auto, (max-width: 720px) 100vw, 720px\" \/><figcaption class=\"wp-element-caption\">Schaumverdichter zu verkaufen<\/figcaption><\/figure> <\/figure>    <h2 class=\"wp-block-heading\">Funktionsprinzip der EPS-Hei\u00dfschmelz-Recyclingmaschine<\/h2>    <p>Die EPS-Schaumschmelzmaschine verwendet Doppelwellen-Zerkleinerungsmesser, bei denen es sich um zwei parallele Messerwellen handelt, die sich in verschiedene Richtungen drehen. Jede Messerwelle verf\u00fcgt \u00fcber 18 Messer und wird von einem Getriebe angetrieben, um das Material zu zerkleinern, das durch ein Sieb zum Zylinder gef\u00f6rdert wird. Der Schaum wird durch eine schnell rotierende Schnecke in das beheizte Fass gef\u00f6rdert. Der Kunststoffschaum wird dann bei hohen Temperaturen geschmolzen und zu einem Haufen extrudiert, um auszuflie\u00dfen.<\/p>   <div class=\"wp-block-image\"> <figure class=\"aligncenter size-full\"><img loading=\"lazy\" decoding=\"async\" width=\"720\" height=\"540\" src=\"https:\/\/plastic-machines.org\/wp-content\/uploads\/2022\/12\/recycle-foam-by-a-EPS-densifier.webp\" alt=\"Recyclingschaum durch einen EPS-Verdichter\" class=\"wp-image-1530\" srcset=\"https:\/\/plastic-machines.org\/wp-content\/uploads\/2022\/12\/recycle-foam-by-a-EPS-densifier.webp 720w, https:\/\/plastic-machines.org\/wp-content\/uploads\/2022\/12\/recycle-foam-by-a-EPS-densifier-300x225.webp 300w, https:\/\/plastic-machines.org\/wp-content\/uploads\/2022\/12\/recycle-foam-by-a-EPS-densifier-16x12.webp 16w\" sizes=\"auto, (max-width: 720px) 100vw, 720px\" \/><figcaption class=\"wp-element-caption\">Recyclingschaum durch einen EPS-Verdichter<\/figcaption><\/figure> <\/div>   <figure class=\"wp-block-embed is-type-video is-provider-youtube wp-block-embed-youtube wp-embed-aspect-16-9 wp-has-aspect-ratio\"><div class=\"wp-block-embed__wrapper\"> <iframe loading=\"lazy\" title=\"Polystyrol-Zerkleinerungsmaschinen f\u00fcr das Schaumrecycling | EPS\/Styropor-Verdichter-Hei\u00dfschmelzmaschine\" width=\"500\" height=\"281\" src=\"https:\/\/www.youtube.com\/embed\/VSIa6XqPN_I?feature=oembed\" frameborder=\"0\" allow=\"accelerometer; autoplay; clipboard-write; encrypted-media; gyroscope; picture-in-picture; web-share\" referrerpolicy=\"strict-origin-when-cross-origin\" allowfullscreen><\/iframe> <\/div><\/figure>    <h2 class=\"wp-block-heading\">Vorteile des Styropor-Verdichters <\/h2>    <ul class=\"wp-block-list\"> <li>Dieser Styroporverdichter \u00fcbernimmt die manuelle Beschickung, das Material wird durch die Doppelwellenmesser schnell zerkleinert und dann durch das Sieb zum Wirtszylinder bef\u00f6rdert, die Maschine ist hocheffizient.<\/li>    <li>Die Wirtsschnecke f\u00f6rdert und erhitzt das Material bis zum Schmelzzustand, extrudiert es dann und das hydraulische Messer schneidet es zur einfachen Lagerung und zum einfachen Transport in St\u00fccke.<\/li>    <li>Das aus dem Styroporverdichter austretende geschmolzene Material kann in einer Stahlwanne gesammelt werden, um Bl\u00f6cke zu erhalten, oder mit einer Schneidemaschine geschnitten werden, um kleine Bl\u00f6cke zu erhalten, was f\u00fcr den Transport von Kunststoffschaum praktisch ist.<\/li>    <li>Das Erscheinungsbild des EPS-Densifizierers kann gem\u00e4\u00df den Kundenanforderungen gestaltet werden.<\/li> <\/ul>    <h2 class=\"wp-block-heading\">Parameter der EPS-Verdichter-Hei\u00dfschmelzmaschine<\/h2>    <figure class=\"wp-block-table\"><table><tbody><tr><td>Modell<\/td><td>Maschinengr\u00f6\u00dfe (mm)<\/td><td>Einlassgr\u00f6\u00dfe (mm)<\/td><td>Konfigurationsleistung (kW)<\/td><td>Eingangsleistung (kW)<\/td><td>Kapazit\u00e4t (kg\/h)<\/td><\/tr><tr><td>SL220<\/td><td>1500*800*1450<\/td><td>450*600<\/td><td>15<\/td><td>3<\/td><td>100-150<\/td><\/tr><tr><td>SL880<\/td><td>1580*1300*850<\/td><td>800*600<\/td><td>18.5<\/td><td>3<\/td><td>150-200<\/td><\/tr><tr><td>SL1000<\/td><td>1900*1580*900<\/td><td>1000*700<\/td><td>22<\/td><td>3<\/td><td>200-250<\/td><\/tr><\/tbody><\/table><\/figure>    <h2 class=\"wp-block-heading\">Video der EPS-Schaumschmelzmaschine<\/h2>    <figure class=\"wp-block-embed is-type-video is-provider-youtube wp-block-embed-youtube wp-embed-aspect-16-9 wp-has-aspect-ratio\"><div class=\"wp-block-embed__wrapper\"> <iframe loading=\"lazy\" title=\"Kunststoffschaum-Schmelzmaschine zu verkaufen\" width=\"500\" height=\"281\" src=\"https:\/\/www.youtube.com\/embed\/pcAcZHClWIo?list=PLmQgsSbeu0tXsNBww95upbWcnO_cYfyh4\" frameborder=\"0\" allow=\"accelerometer; autoplay; clipboard-write; encrypted-media; gyroscope; picture-in-picture; web-share\" referrerpolicy=\"strict-origin-when-cross-origin\" allowfullscreen><\/iframe> <\/div><\/figure>    <p><\/p>","protected":false},"excerpt":{"rendered":"<p>Shuliy EPS foam melting machine is also called a styrofoam densifier. It is used to crush and melt plastic foam at high temperatures. After crushing and heating, the EPS foam becomes the densified EPS ingots, and volume reduction ratio up to 90:1. The foam densifier machine not only can reduce the problem of white pollution, [&hellip;]<\/p>\n","protected":false},"author":1,"featured_media":632,"parent":0,"template":"","tags":[63,43],"product-type":[15],"class_list":["post-630","product","type-product","status-publish","has-post-thumbnail","hentry","tag-densifier","tag-eps","product-type-plastic-crushing-equipment"],"taxonomy_info":{"post_tag":[{"value":63,"label":"densifier"},{"value":43,"label":"EPS"}],"product-type":[{"value":15,"label":"Plastic Crushing Equipment"}]},"featured_image_src_large":["https:\/\/plastic-machines.org\/wp-content\/uploads\/2022\/12\/plastic-foam-melting-machine1.webp",720,540,false],"author_info":{"display_name":"Ella","author_link":"https:\/\/plastic-machines.org\/de\/author\/admin\/"},"comment_info":"","_links":{"self":[{"href":"https:\/\/plastic-machines.org\/de\/wp-json\/wp\/v2\/product\/630","targetHints":{"allow":["GET"]}}],"collection":[{"href":"https:\/\/plastic-machines.org\/de\/wp-json\/wp\/v2\/product"}],"about":[{"href":"https:\/\/plastic-machines.org\/de\/wp-json\/wp\/v2\/types\/product"}],"author":[{"embeddable":true,"href":"https:\/\/plastic-machines.org\/de\/wp-json\/wp\/v2\/users\/1"}],"wp:featuredmedia":[{"embeddable":true,"href":"https:\/\/plastic-machines.org\/de\/wp-json\/wp\/v2\/media\/632"}],"wp:attachment":[{"href":"https:\/\/plastic-machines.org\/de\/wp-json\/wp\/v2\/media?parent=630"}],"wp:term":[{"taxonomy":"post_tag","embeddable":true,"href":"https:\/\/plastic-machines.org\/de\/wp-json\/wp\/v2\/tags?post=630"},{"taxonomy":"product-type","embeddable":true,"href":"https:\/\/plastic-machines.org\/de\/wp-json\/wp\/v2\/product-type?post=630"}],"curies":[{"name":"wp","href":"https:\/\/api.w.org\/{rel}","templated":true}]}}