{"id":41,"date":"2022-06-23T03:44:15","date_gmt":"2022-06-23T03:44:15","guid":{"rendered":"http:\/\/tailwind-themes.local\/?post_type=product&#038;p=41"},"modified":"2025-11-10T18:02:59","modified_gmt":"2025-11-10T10:02:59","slug":"pvc-profile-extrusion-line","status":"publish","type":"product","link":"https:\/\/plastic-machines.org\/de\/product\/plastic-recycling-granulating-line\/","title":{"rendered":"Kunststoffrecycling-Granulierlinie f\u00fcr PP-HDPE-Kunststoffe"},"content":{"rendered":"<div class=\"kk-star-ratings kksr-auto kksr-align-left kksr-valign-top\"     data-payload='{&quot;align&quot;:&quot;left&quot;,&quot;id&quot;:&quot;41&quot;,&quot;slug&quot;:&quot;default&quot;,&quot;valign&quot;:&quot;top&quot;,&quot;ignore&quot;:&quot;&quot;,&quot;reference&quot;:&quot;auto&quot;,&quot;class&quot;:&quot;&quot;,&quot;count&quot;:&quot;3&quot;,&quot;legendonly&quot;:&quot;&quot;,&quot;readonly&quot;:&quot;&quot;,&quot;score&quot;:&quot;5&quot;,&quot;starsonly&quot;:&quot;&quot;,&quot;best&quot;:&quot;5&quot;,&quot;gap&quot;:&quot;5&quot;,&quot;greet&quot;:&quot;Rate this product&quot;,&quot;legend&quot;:&quot;5\\\/5 - (3 votes)&quot;,&quot;size&quot;:&quot;24&quot;,&quot;title&quot;:&quot;Plastic Recycling Granulating Line for PP HDPE Plastics&quot;,&quot;width&quot;:&quot;142.5&quot;,&quot;_legend&quot;:&quot;{score}\\\/{best} - ({count} {votes})&quot;,&quot;font_factor&quot;:&quot;1.25&quot;}'>              <div class=\"kksr-stars\">      <div class=\"kksr-stars-inactive\">             <div class=\"kksr-star\" data-star=\"1\" style=\"padding-right: 5px\">               <div class=\"kksr-icon\" style=\"width: 24px; height: 24px;\"><\/div>         <\/div>             <div class=\"kksr-star\" data-star=\"2\" style=\"padding-right: 5px\">               <div class=\"kksr-icon\" style=\"width: 24px; height: 24px;\"><\/div>         <\/div>             <div class=\"kksr-star\" data-star=\"3\" style=\"padding-right: 5px\">               <div class=\"kksr-icon\" style=\"width: 24px; height: 24px;\"><\/div>         <\/div>             <div class=\"kksr-star\" data-star=\"4\" style=\"padding-right: 5px\">               <div class=\"kksr-icon\" style=\"width: 24px; height: 24px;\"><\/div>         <\/div>             <div class=\"kksr-star\" data-star=\"5\" style=\"padding-right: 5px\">               <div class=\"kksr-icon\" style=\"width: 24px; height: 24px;\"><\/div>         <\/div>     <\/div>      <div class=\"kksr-stars-active\" style=\"width: 142.5px;\">             <div class=\"kksr-star\" style=\"padding-right: 5px\">               <div class=\"kksr-icon\" style=\"width: 24px; height: 24px;\"><\/div>         <\/div>             <div class=\"kksr-star\" style=\"padding-right: 5px\">               <div class=\"kksr-icon\" style=\"width: 24px; height: 24px;\"><\/div>         <\/div>             <div class=\"kksr-star\" style=\"padding-right: 5px\">               <div class=\"kksr-icon\" style=\"width: 24px; height: 24px;\"><\/div>         <\/div>             <div class=\"kksr-star\" style=\"padding-right: 5px\">               <div class=\"kksr-icon\" style=\"width: 24px; height: 24px;\"><\/div>         <\/div>             <div class=\"kksr-star\" style=\"padding-right: 5px\">               <div class=\"kksr-icon\" style=\"width: 24px; height: 24px;\"><\/div>         <\/div>     <\/div> <\/div>                   <div class=\"kksr-legend\" style=\"font-size: 19.2px;\">             5\/5 - (3 Stimmen)    <\/div>     <\/div>  <p>Diese Kunststoffrecycling-Granulierlinie wird haupts\u00e4chlich f\u00fcr das Recycling und die Granulierung harter Kunststoffabf\u00e4lle verwendet. Zur Hauptausr\u00fcstung dieser Kunststoffrecyclinganlage geh\u00f6ren eine Kunststoffzerkleinerungsmaschine, ein Waschtank, ein Trockner, ein Kunststoffgranulator, ein Lagerbeh\u00e4lter usw. Die Shuliy Group kann verschiedene Kunststoffrecyclingmaschinen entsprechend den unterschiedlichen Bedingungen der Kunden, wie Rohstoffe, Standortfl\u00e4che usw., anpassen und Kunden bei der Gestaltung ihrer Anlagen und der angemessenen Anordnung der Maschinenausstellung unterst\u00fctzen.<\/p>    <h2 class=\"wp-block-heading\">Rohstoffe der Kunststoffgranulationslinie<\/h2>    <p>Diese PP-PE-Fassrecyclinganlage wurde von Shuliy Machinery entwickelt und dient dem Recycling und Granulieren von Hartplastikmaterialien. Daher handelt es sich bei den g\u00e4ngigen Rohstoffen ausschlie\u00dflich um Hartkunststoffe, wie etwa Kunststoffk\u00f6rbe aus PE und PP, Kunststoffeimer, Kunststoff\u00f6lf\u00e4sser, Chemikalienlagertanks, Kunststoffrohre, Kunststoffflaschen und andere Beh\u00e4lter. <\/p>    <figure class=\"wp-block-gallery has-nested-images columns-default is-cropped wp-block-gallery-2 is-layout-flex wp-block-gallery-is-layout-flex\"> <figure class=\"wp-block-image size-large\"><img loading=\"lazy\" decoding=\"async\" width=\"720\" height=\"540\" data-id=\"234\" src=\"https:\/\/plastic-machines.org\/wp-content\/uploads\/2022\/06\/waste-plastic-drums.webp\" alt=\"Abfallf\u00e4sser aus Kunststoff\" class=\"wp-image-234\" srcset=\"https:\/\/plastic-machines.org\/wp-content\/uploads\/2022\/06\/waste-plastic-drums.webp 720w, https:\/\/plastic-machines.org\/wp-content\/uploads\/2022\/06\/waste-plastic-drums-300x225.webp 300w\" sizes=\"auto, (max-width: 720px) 100vw, 720px\" \/><figcaption class=\"wp-element-caption\">Abfallf\u00e4sser aus Kunststoff<\/figcaption><\/figure>    <figure class=\"wp-block-image size-large\"><img loading=\"lazy\" decoding=\"async\" width=\"720\" height=\"520\" data-id=\"235\" src=\"https:\/\/plastic-machines.org\/wp-content\/uploads\/2022\/06\/used-plastic-baskets.webp\" alt=\"gebrauchte Plastikk\u00f6rbe\" class=\"wp-image-235\" srcset=\"https:\/\/plastic-machines.org\/wp-content\/uploads\/2022\/06\/used-plastic-baskets.webp 720w, https:\/\/plastic-machines.org\/wp-content\/uploads\/2022\/06\/used-plastic-baskets-300x217.webp 300w\" sizes=\"auto, (max-width: 720px) 100vw, 720px\" \/><figcaption class=\"wp-element-caption\">gebrauchte Plastikk\u00f6rbe<\/figcaption><\/figure> <\/figure>    <h2 class=\"wp-block-heading\" id=\"h-process-of-plastic-recycling-granulating-line\">Prozess der Kunststoffrecycling-Granulierlinie <\/h2>    <div class=\"wp-block-media-text alignwide is-stacked-on-mobile\"><figure class=\"wp-block-media-text__media\"><img loading=\"lazy\" decoding=\"async\" width=\"720\" height=\"540\" src=\"https:\/\/plastic-machines.org\/wp-content\/uploads\/2022\/06\/Plastic-Shredder-Machine1.webp\" alt=\"Plastikzerkleinerungsmaschine\" class=\"wp-image-452 size-full\" srcset=\"https:\/\/plastic-machines.org\/wp-content\/uploads\/2022\/06\/Plastic-Shredder-Machine1.webp 720w, https:\/\/plastic-machines.org\/wp-content\/uploads\/2022\/06\/Plastic-Shredder-Machine1-300x225.webp 300w\" sizes=\"auto, (max-width: 720px) 100vw, 720px\" \/><\/figure><div class=\"wp-block-media-text__content\"> <p class=\"has-large-font-size\">Kunststoffbrecher<\/p>    <p class=\"translation-block\"> In der Kunststoff-Recycler-Granulierlinie wird der <a href=\"https:\/\/plastic-machines.org\/de\/product\/plastic-shredder-machine\/\">PP-PE-Kunststoff-Trommelzerkleinerer<\/a> verwendet, um Abfallkunststoffe w\u00e4hrend des Zerkleinerungsprozesses in kleine St\u00fccke zu zerkleinern, mit geringem L\u00e4rm und ohne R\u00fcckst\u00e4nde. Dar\u00fcber hinaus haben die Messer eine lange Lebensdauer und geringe Wartungskosten. Dieser Kunststoffzerkleinerer wird von den Kunden gut angenommen.<\/p> <\/div><\/div>    <div class=\"wp-block-media-text alignwide is-stacked-on-mobile\"><figure class=\"wp-block-media-text__media\"><img loading=\"lazy\" decoding=\"async\" width=\"720\" height=\"540\" src=\"https:\/\/plastic-machines.org\/wp-content\/uploads\/2022\/06\/rinsing-tank1.webp\" alt=\"Sp\u00fclbeh\u00e4lter\" class=\"wp-image-455 size-full\" srcset=\"https:\/\/plastic-machines.org\/wp-content\/uploads\/2022\/06\/rinsing-tank1.webp 720w, https:\/\/plastic-machines.org\/wp-content\/uploads\/2022\/06\/rinsing-tank1-300x225.webp 300w\" sizes=\"auto, (max-width: 720px) 100vw, 720px\" \/><\/figure><div class=\"wp-block-media-text__content\"> <p class=\"has-large-font-size\">Sp\u00fcltank<\/p>    <p class=\"translation-block\">Der <strong><a href=\"https:\/\/plastic-machines.org\/de\/product\/plastic-film-washing-machine\/\">Sp\u00fclbeh\u00e4lter<\/a><\/strong> besteht aus hochwertigem Edelstahl und wird verwendet, um die zerbrochenen Kunststoffteile zu reinigen. In dem Beh\u00e4lter befinden sich viele Zinken, die das Kunststoffst\u00fcck kontinuierlich drehen, um die Flecken zu entfernen.<\/p> <\/div><\/div>    <div class=\"wp-block-media-text alignwide is-stacked-on-mobile\"><figure class=\"wp-block-media-text__media\"><img loading=\"lazy\" decoding=\"async\" width=\"720\" height=\"540\" src=\"https:\/\/plastic-machines.org\/wp-content\/uploads\/2022\/06\/horizontal-dryer1.webp\" alt=\"horizontaler Trockner\" class=\"wp-image-443 size-full\" srcset=\"https:\/\/plastic-machines.org\/wp-content\/uploads\/2022\/06\/horizontal-dryer1.webp 720w, https:\/\/plastic-machines.org\/wp-content\/uploads\/2022\/06\/horizontal-dryer1-300x225.webp 300w\" sizes=\"auto, (max-width: 720px) 100vw, 720px\" \/><\/figure><div class=\"wp-block-media-text__content\"> <p class=\"has-large-font-size\">Kunststofftrocknungsmaschine<\/p>    <p class=\"translation-block\">Eine <strong><a href=\"https:\/\/plastic-machines.org\/de\/product\/plastic-chips-dryer-machine\/\">horizontale Kunststoff-Trocknungsmaschine<\/a><\/strong> wird zum Trocknen von Kunststoff-Flocken verwendet. Die Maschine weist einen hohen Entw\u00e4sserungsgrad, eine hohe Entw\u00e4sserungsrate und einen geringen Stromverbrauch auf, was sie ideal f\u00fcr die Kunststoffgranulierlinie macht.<\/p> <\/div><\/div>    <div class=\"wp-block-media-text alignwide is-stacked-on-mobile\"><figure class=\"wp-block-media-text__media\"><img loading=\"lazy\" decoding=\"async\" width=\"720\" height=\"540\" src=\"https:\/\/plastic-machines.org\/wp-content\/uploads\/2022\/06\/Plastic-pelletizing-machine.webp\" alt=\"Kunststoff-Extrudermaschine\" class=\"wp-image-578 size-full\" srcset=\"https:\/\/plastic-machines.org\/wp-content\/uploads\/2022\/06\/Plastic-pelletizing-machine.webp 720w, https:\/\/plastic-machines.org\/wp-content\/uploads\/2022\/06\/Plastic-pelletizing-machine-300x225.webp 300w\" sizes=\"auto, (max-width: 720px) 100vw, 720px\" \/><\/figure><div class=\"wp-block-media-text__content\"> <p class=\"has-large-font-size\">Pelletierer aus Kunststoff<\/p>    <p class=\"translation-block\">Der <strong><a href=\"https:\/\/plastic-machines.org\/de\/product\/plastic-extruder-machine\/\">Kunststoff- Pelletierer <\/a><\/strong>ist das zentralste Bauteil der Kunststoff-Beh\u00e4lter-Recyclinglinie und verwendet die fortschrittlichste Pelletisierungstechnologie. Wir haben viele verschiedene Modelle zur Auswahl, z. B. kleine Output-Modelle f\u00fcr kleine Recyclinganlagen und auch Maschinen mit hohem Output f\u00fcr gr\u00f6\u00dfere Kapazit\u00e4ten.<\/p> <\/div><\/div>    <h2 class=\"wp-block-heading\">3D-Video einer Kunststoffgranulationslinie<\/h2>    <p>Das 3D-Video zeigt den kompletten Ablauf der Kunststoffrecycling-Granulierlinie.<\/p>    <figure class=\"wp-block-embed is-type-video is-provider-youtube wp-block-embed-youtube wp-embed-aspect-16-9 wp-has-aspect-ratio\"><div class=\"wp-block-embed__wrapper\"> <iframe loading=\"lazy\" title=\"Kunststoff-Granulieranlage | Maschine zur Herstellung von Kunststoffgranulat\" width=\"500\" height=\"281\" src=\"https:\/\/www.youtube.com\/embed\/y4KcSJAz04E?feature=oembed\" frameborder=\"0\" allow=\"accelerometer; autoplay; clipboard-write; encrypted-media; gyroscope; picture-in-picture; web-share\" referrerpolicy=\"strict-origin-when-cross-origin\" allowfullscreen><\/iframe> <\/div><\/figure>    <h2 class=\"wp-block-heading\">Werksausstellung der Kunststoffrecycling-Granulierlinie<\/h2>    <figure class=\"wp-block-gallery has-nested-images columns-default is-cropped wp-block-gallery-3 is-layout-flex wp-block-gallery-is-layout-flex\"> <figure class=\"wp-block-image size-large\"><img loading=\"lazy\" decoding=\"async\" width=\"720\" height=\"540\" data-id=\"236\" src=\"https:\/\/plastic-machines.org\/wp-content\/uploads\/2022\/06\/our-sales-manager-and-our-recycling-machines.webp\" alt=\"unser Verkaufsleiter und unsere Recyclingmaschinen\" class=\"wp-image-236\" srcset=\"https:\/\/plastic-machines.org\/wp-content\/uploads\/2022\/06\/our-sales-manager-and-our-recycling-machines.webp 720w, https:\/\/plastic-machines.org\/wp-content\/uploads\/2022\/06\/our-sales-manager-and-our-recycling-machines-300x225.webp 300w\" sizes=\"auto, (max-width: 720px) 100vw, 720px\" \/><figcaption class=\"wp-element-caption\">unser Verkaufsleiter und unsere Recyclingmaschinen<\/figcaption><\/figure>    <figure class=\"wp-block-image size-large\"><img loading=\"lazy\" decoding=\"async\" width=\"720\" height=\"540\" data-id=\"237\" src=\"https:\/\/plastic-machines.org\/wp-content\/uploads\/2022\/06\/plastic-pelletizing-line-placed-in-plant.webp\" alt=\"Kunststoff-Granulierlinie im Werk platziert\" class=\"wp-image-237\" srcset=\"https:\/\/plastic-machines.org\/wp-content\/uploads\/2022\/06\/plastic-pelletizing-line-placed-in-plant.webp 720w, https:\/\/plastic-machines.org\/wp-content\/uploads\/2022\/06\/plastic-pelletizing-line-placed-in-plant-300x225.webp 300w\" sizes=\"auto, (max-width: 720px) 100vw, 720px\" \/><figcaption class=\"wp-element-caption\">Kunststoff-Granulierlinie im Werk platziert<\/figcaption><\/figure> <\/figure>    <figure class=\"wp-block-gallery has-nested-images columns-default is-cropped wp-block-gallery-4 is-layout-flex wp-block-gallery-is-layout-flex\"> <figure class=\"wp-block-image size-large\"><img loading=\"lazy\" decoding=\"async\" width=\"720\" height=\"540\" data-id=\"238\" src=\"https:\/\/plastic-machines.org\/wp-content\/uploads\/2022\/06\/plastic-pelletizer.webp\" alt=\"Pelletierer aus Kunststoff\" class=\"wp-image-238\" srcset=\"https:\/\/plastic-machines.org\/wp-content\/uploads\/2022\/06\/plastic-pelletizer.webp 720w, https:\/\/plastic-machines.org\/wp-content\/uploads\/2022\/06\/plastic-pelletizer-300x225.webp 300w\" sizes=\"auto, (max-width: 720px) 100vw, 720px\" \/><figcaption class=\"wp-element-caption\">Pelletierer aus Kunststoff<\/figcaption><\/figure>    <figure class=\"wp-block-image size-large\"><img loading=\"lazy\" decoding=\"async\" width=\"720\" height=\"540\" data-id=\"239\" src=\"https:\/\/plastic-machines.org\/wp-content\/uploads\/2022\/06\/plastic-granulator-in-factory-.webp\" alt=\"Kunststoffgranulator in der Fabrik\" class=\"wp-image-239\" srcset=\"https:\/\/plastic-machines.org\/wp-content\/uploads\/2022\/06\/plastic-granulator-in-factory-.webp 720w, https:\/\/plastic-machines.org\/wp-content\/uploads\/2022\/06\/plastic-granulator-in-factory--300x225.webp 300w\" sizes=\"auto, (max-width: 720px) 100vw, 720px\" \/><figcaption class=\"wp-element-caption\">Kunststoffgranulator in der Fabrik<\/figcaption><\/figure> <\/figure>    <figure class=\"wp-block-gallery has-nested-images columns-default is-cropped wp-block-gallery-5 is-layout-flex wp-block-gallery-is-layout-flex\"> <figure class=\"wp-block-image size-large\"><img loading=\"lazy\" decoding=\"async\" width=\"720\" height=\"540\" data-id=\"240\" src=\"https:\/\/plastic-machines.org\/wp-content\/uploads\/2022\/06\/plastic-pelletizing-line.webp\" alt=\"Kunststoff-Pelletierlinie\" class=\"wp-image-240\" srcset=\"https:\/\/plastic-machines.org\/wp-content\/uploads\/2022\/06\/plastic-pelletizing-line.webp 720w, https:\/\/plastic-machines.org\/wp-content\/uploads\/2022\/06\/plastic-pelletizing-line-300x225.webp 300w\" sizes=\"auto, (max-width: 720px) 100vw, 720px\" \/><figcaption class=\"wp-element-caption\">Kunststoff-Pelletierlinie<\/figcaption><\/figure>    <figure class=\"wp-block-image size-large\"><img loading=\"lazy\" decoding=\"async\" width=\"720\" height=\"540\" data-id=\"241\" src=\"https:\/\/plastic-machines.org\/wp-content\/uploads\/2022\/06\/PP-PE-recycling-line.webp\" alt=\"Kunststoff-Recycling-Granulierlinie\" class=\"wp-image-241\" srcset=\"https:\/\/plastic-machines.org\/wp-content\/uploads\/2022\/06\/PP-PE-recycling-line.webp 720w, https:\/\/plastic-machines.org\/wp-content\/uploads\/2022\/06\/PP-PE-recycling-line-300x225.webp 300w\" sizes=\"auto, (max-width: 720px) 100vw, 720px\" \/><figcaption class=\"wp-element-caption\">PP PE-Recyclinglinie<\/figcaption><\/figure> <\/figure>    <figure class=\"wp-block-gallery has-nested-images columns-default is-cropped wp-block-gallery-6 is-layout-flex wp-block-gallery-is-layout-flex\"> <figure class=\"wp-block-image size-large\"><img loading=\"lazy\" decoding=\"async\" width=\"720\" height=\"540\" data-id=\"242\" src=\"https:\/\/plastic-machines.org\/wp-content\/uploads\/2022\/06\/plastic-crusher-.webp\" alt=\"Kunststoffbrecher\" class=\"wp-image-242\" srcset=\"https:\/\/plastic-machines.org\/wp-content\/uploads\/2022\/06\/plastic-crusher-.webp 720w, https:\/\/plastic-machines.org\/wp-content\/uploads\/2022\/06\/plastic-crusher--300x225.webp 300w\" sizes=\"auto, (max-width: 720px) 100vw, 720px\" \/><figcaption class=\"wp-element-caption\">Kunststoffbrecher<\/figcaption><\/figure>    <figure class=\"wp-block-image size-large\"><img loading=\"lazy\" decoding=\"async\" width=\"720\" height=\"540\" data-id=\"243\" src=\"https:\/\/plastic-machines.org\/wp-content\/uploads\/2022\/06\/belt-conveyor.webp\" alt=\"F\u00f6rderband mit guter Qualit\u00e4t\" class=\"wp-image-243\" srcset=\"https:\/\/plastic-machines.org\/wp-content\/uploads\/2022\/06\/belt-conveyor.webp 720w, https:\/\/plastic-machines.org\/wp-content\/uploads\/2022\/06\/belt-conveyor-300x225.webp 300w\" sizes=\"auto, (max-width: 720px) 100vw, 720px\" \/><figcaption class=\"wp-element-caption\">F\u00f6rderband mit guter Qualit\u00e4t<\/figcaption><\/figure> <\/figure>    <h2 class=\"wp-block-heading\">FAQs zur Kunststoffrecyclinganlage<\/h2>    <div class=\"schema-faq wp-block-yoast-faq-block\"><div class=\"schema-faq-section\" id=\"faq-question-1657088343629\"><strong class=\"schema-faq-question\">Wie hoch ist der Output der Recyclinglinie f\u00fcr Kunststofff\u00e4sser?<\/strong> <p class=\"schema-faq-answer\">Shuliy-Maschinen k\u00f6nnen eine Kapazit\u00e4t von 100\u2013500 kg\/h bieten. Wir haben verschiedene Granuliereinheitenmodelle, wie SL-125, SL 160, SL180, SL-220 und so weiter. Alle Modelle sind ab sofort verf\u00fcgbar und k\u00f6nnen je nach Kundenwunsch ausgew\u00e4hlt werden.<\/p> <\/div> <div class=\"schema-faq-section\" id=\"faq-question-1657089398682\"><strong class=\"schema-faq-question\">Was sind die Unterschiede zwischen dem Recycling von Plastikt\u00fcten und dem Recycling von Plastikf\u00e4ssern?<\/strong> <p class=\"schema-faq-answer\">Drei sind drei Unterschiede zwischen den oben genannten Recyclinglinien. Da Kunststofffolien nur ein geringes Gewicht haben, f\u00e4llt es ihnen nicht leicht, sie spontan in den Granulator zu werfen. Daher wird unser Werk eine Zwangszuf\u00fchrung am Granulator vorsehen. Handelt es sich bei Ihren Rohstoffen jedoch um PP-PE-F\u00e4sser oder F\u00e4sser mit einem bestimmten Gewicht, ist der Einsatz eines Zwangsf\u00f6rderers nicht erforderlich.<br><br>Zweitens handelt es sich bei der Trocknungsmaschine f\u00fcr weiche kunststoff\u00e4hnliche Folien um einen vertikalen Typ, bei der Trocknungsmaschine f\u00fcr harte Kunststoffe um einen horizontalen Typ. Nicht zuletzt sind auch die Brecher f\u00fcr diese beiden Materialien unterschiedlich.<\/p> <\/div> <div class=\"schema-faq-section\" id=\"faq-question-1657089477346\"><strong class=\"schema-faq-question\">Was sind die Zusatzausr\u00fcstungen der Kunststoffrecycling-Granulierlinie?<\/strong> <p class=\"schema-faq-answer\">Au\u00dfer den Hauptmaschinen gibt es in der Kunststoffgranulationslinie auch einige Zusatzger\u00e4te. Dabei handelt es sich um automatische F\u00f6rderer, Kunststoffk\u00fchltanks, Pelletschneidemaschinen, Abgasfilter und Pelletlagerbeh\u00e4lter. Wenn Sie die oben genannten Maschinen ben\u00f6tigen, k\u00f6nnen Sie sich gerne an unsere Vertriebsleiter wenden.<\/p> <\/div> <\/div>    <h2 class=\"wp-block-heading\" id=\"h-success-case-of-plastic-granulation-line\">Erfolgsbeispiel einer Kunststoffgranulationslinie<\/h2>    <p class=\"translation-block\">Unser <a href=\"https:\/\/plastic-machines.org\/de\/info\/plastic-granulator-machine-exported-to-ghana\/\">Kunde aus Ghana hat unseren Kunststoffpelletierer gekauft<\/a> f\u00fcr seine Kunststoffrecyclinganlage. Er sammelte eine gro\u00dfe Anzahl gebrauchter PP-F\u00e4sser und muss sie zerkleinern und dann granulieren. Die finalen Kunststoffpellets werden an den internationalen Markt f\u00fcr recyceltes Kunststoff verkauft.<\/p>   <div class=\"wp-block-image\"> <figure class=\"aligncenter size-full\"><img loading=\"lazy\" decoding=\"async\" width=\"720\" height=\"540\" src=\"https:\/\/plastic-machines.org\/wp-content\/uploads\/2022\/06\/successful-case.webp\" alt=\"Erfolgreicher Fall einer Kunststoffgranulationslinie\" class=\"wp-image-227\" srcset=\"https:\/\/plastic-machines.org\/wp-content\/uploads\/2022\/06\/successful-case.webp 720w, https:\/\/plastic-machines.org\/wp-content\/uploads\/2022\/06\/successful-case-300x225.webp 300w\" sizes=\"auto, (max-width: 720px) 100vw, 720px\" \/><figcaption class=\"wp-element-caption\">erfolgreicher Fall<\/figcaption><\/figure> <\/div>  <div class=\"wp-block-image\"> <figure class=\"aligncenter size-full\"><img loading=\"lazy\" decoding=\"async\" width=\"720\" height=\"540\" src=\"https:\/\/plastic-machines.org\/wp-content\/uploads\/2022\/06\/packing-and-delivery.webp\" alt=\"Verpackung und Lieferung von Kunststoffgranulatoren\" class=\"wp-image-228\" srcset=\"https:\/\/plastic-machines.org\/wp-content\/uploads\/2022\/06\/packing-and-delivery.webp 720w, https:\/\/plastic-machines.org\/wp-content\/uploads\/2022\/06\/packing-and-delivery-300x225.webp 300w\" sizes=\"auto, (max-width: 720px) 100vw, 720px\" \/><figcaption class=\"wp-element-caption\">Verpackung und Lieferung<\/figcaption><\/figure> <\/div>   <h2 class=\"wp-block-heading\">Verkaufsservice f\u00fcr eine Kunststoffrecycling-Granulierlinie<\/h2>    <ol class=\"wp-block-list\"> <li>Die Shuliy Group stellt Ihnen innerhalb von 24 Stunden nach Eingang Ihrer Anfrage eine L\u00f6sung f\u00fcr die Kunststoffrecycling-Granulierlinie zur Verf\u00fcgung. Nachdem der Kunde und der Vertriebsleiter jedes Detail best\u00e4tigt haben, wird die endg\u00fcltige Bestellung aufgegeben und Shuliys Werk organisiert die Lieferung der Ausr\u00fcstung. Wenn der Kunde spezielle Anpassungsanforderungen hat, arrangieren wir eine schnelle Lieferung nach der Herstellung der Ausr\u00fcstung.<\/li>    <li>Unser Vertriebsleiter begleitet den Kunden w\u00e4hrend des gesamten Prozesses der Ger\u00e4teabnahme und unterst\u00fctzt den Kunden bei der Installation der Kunststoffrecyclingmaschine und anderer Hilfsmaschinen.<\/li>    <li>Wenn Kunden bei der Installation Schwierigkeiten haben, schickt unser Unternehmen technisches Personal zum Kunden vor Ort, um die Installation zu leiten. Dann wird unser Techniker den \u00f6rtlichen Bediener in der Verwendung schulen.<\/li>    <li>Wir geben immer unser Bestes, um unsere Kunden zu bedienen. Mit Ausnahme von Verschlei\u00dfteilen bietet das Unternehmen Shuliy eine 1-j\u00e4hrige Garantie und andere Kundendienste f\u00fcr die Kunststoffrecycling-Granulierlinie.<\/li> <\/ol>","protected":false},"excerpt":{"rendered":"<p>This plastic recycling granulating line is mainly used for the recycling and granulation of hard waste plastics. The main equipment of this plastic recycling plant includes plastic crushing machine, washing tank, dryer, plastic pelletizer, storage bin, and so on. Shuliy Group can match different plastic recycling machines according to customers&#8217; different conditions, like raw materials, [&hellip;]<\/p>\n","protected":false},"author":1,"featured_media":1411,"parent":0,"template":"","tags":[37,50,44,51],"product-type":[13],"class_list":["post-41","product","type-product","status-publish","has-post-thumbnail","hentry","tag-hdpe","tag-pellet","tag-pp","tag-rigid","product-type-plastic-recycling-lines"],"taxonomy_info":{"post_tag":[{"value":37,"label":"HDPE"},{"value":50,"label":"pellet"},{"value":44,"label":"PP"},{"value":51,"label":"rigid"}],"product-type":[{"value":13,"label":"Plastic Recycling Lines"}]},"featured_image_src_large":["https:\/\/plastic-machines.org\/wp-content\/uploads\/2022\/06\/Plastic-Recycling-Granulating-Line.webp",720,540,false],"author_info":{"display_name":"Ella","author_link":"https:\/\/plastic-machines.org\/de\/author\/admin\/"},"comment_info":"","_links":{"self":[{"href":"https:\/\/plastic-machines.org\/de\/wp-json\/wp\/v2\/product\/41","targetHints":{"allow":["GET"]}}],"collection":[{"href":"https:\/\/plastic-machines.org\/de\/wp-json\/wp\/v2\/product"}],"about":[{"href":"https:\/\/plastic-machines.org\/de\/wp-json\/wp\/v2\/types\/product"}],"author":[{"embeddable":true,"href":"https:\/\/plastic-machines.org\/de\/wp-json\/wp\/v2\/users\/1"}],"wp:featuredmedia":[{"embeddable":true,"href":"https:\/\/plastic-machines.org\/de\/wp-json\/wp\/v2\/media\/1411"}],"wp:attachment":[{"href":"https:\/\/plastic-machines.org\/de\/wp-json\/wp\/v2\/media?parent=41"}],"wp:term":[{"taxonomy":"post_tag","embeddable":true,"href":"https:\/\/plastic-machines.org\/de\/wp-json\/wp\/v2\/tags?post=41"},{"taxonomy":"product-type","embeddable":true,"href":"https:\/\/plastic-machines.org\/de\/wp-json\/wp\/v2\/product-type?post=41"}],"curies":[{"name":"wp","href":"https:\/\/api.w.org\/{rel}","templated":true}]}}