{"id":302,"date":"2022-07-12T10:45:36","date_gmt":"2022-07-12T10:45:36","guid":{"rendered":"https:\/\/plastic-machines.org\/?post_type=product&#038;p=302"},"modified":"2026-01-29T14:58:38","modified_gmt":"2026-01-29T06:58:38","slug":"plastic-float-sink-tank","status":"publish","type":"product","link":"https:\/\/plastic-machines.org\/de\/product\/plastic-float-sink-tank\/","title":{"rendered":"Plastik-Float-Beh\u00e4lter f\u00fcr Hochreine Flake-W\u00e4sche und Trennung"},"content":{"rendered":"<div class=\"kk-star-ratings kksr-auto kksr-align-left kksr-valign-top\"     data-payload='{&quot;align&quot;:&quot;left&quot;,&quot;id&quot;:&quot;302&quot;,&quot;slug&quot;:&quot;default&quot;,&quot;valign&quot;:&quot;top&quot;,&quot;ignore&quot;:&quot;&quot;,&quot;reference&quot;:&quot;auto&quot;,&quot;class&quot;:&quot;&quot;,&quot;count&quot;:&quot;1&quot;,&quot;legendonly&quot;:&quot;&quot;,&quot;readonly&quot;:&quot;&quot;,&quot;score&quot;:&quot;5&quot;,&quot;starsonly&quot;:&quot;&quot;,&quot;best&quot;:&quot;5&quot;,&quot;gap&quot;:&quot;5&quot;,&quot;greet&quot;:&quot;Rate this product&quot;,&quot;legend&quot;:&quot;5\\\/5 - (1 vote)&quot;,&quot;size&quot;:&quot;24&quot;,&quot;title&quot;:&quot;Plastic Float Sink Tank for High-Purity Flake Washing Separating&quot;,&quot;width&quot;:&quot;142.5&quot;,&quot;_legend&quot;:&quot;{score}\\\/{best} - ({count} {votes})&quot;,&quot;font_factor&quot;:&quot;1.25&quot;}'>              <div class=\"kksr-stars\">      <div class=\"kksr-stars-inactive\">             <div class=\"kksr-star\" data-star=\"1\" style=\"padding-right: 5px\">               <div class=\"kksr-icon\" style=\"width: 24px; height: 24px;\"><\/div>         <\/div>             <div class=\"kksr-star\" data-star=\"2\" style=\"padding-right: 5px\">               <div class=\"kksr-icon\" style=\"width: 24px; height: 24px;\"><\/div>         <\/div>             <div class=\"kksr-star\" data-star=\"3\" style=\"padding-right: 5px\">               <div class=\"kksr-icon\" style=\"width: 24px; height: 24px;\"><\/div>         <\/div>             <div class=\"kksr-star\" data-star=\"4\" style=\"padding-right: 5px\">               <div class=\"kksr-icon\" style=\"width: 24px; height: 24px;\"><\/div>         <\/div>             <div class=\"kksr-star\" data-star=\"5\" style=\"padding-right: 5px\">               <div class=\"kksr-icon\" style=\"width: 24px; height: 24px;\"><\/div>         <\/div>     <\/div>      <div class=\"kksr-stars-active\" style=\"width: 142.5px;\">             <div class=\"kksr-star\" style=\"padding-right: 5px\">               <div class=\"kksr-icon\" style=\"width: 24px; height: 24px;\"><\/div>         <\/div>             <div class=\"kksr-star\" style=\"padding-right: 5px\">               <div class=\"kksr-icon\" style=\"width: 24px; height: 24px;\"><\/div>         <\/div>             <div class=\"kksr-star\" style=\"padding-right: 5px\">               <div class=\"kksr-icon\" style=\"width: 24px; height: 24px;\"><\/div>         <\/div>             <div class=\"kksr-star\" style=\"padding-right: 5px\">               <div class=\"kksr-icon\" style=\"width: 24px; height: 24px;\"><\/div>         <\/div>             <div class=\"kksr-star\" style=\"padding-right: 5px\">               <div class=\"kksr-icon\" style=\"width: 24px; height: 24px;\"><\/div>         <\/div>     <\/div> <\/div>                   <div class=\"kksr-legend\" style=\"font-size: 19.2px;\">             5\/5 - (1 Stimme)    <\/div>     <\/div>  <p>Der Kunststoff-Float-Sink-Tank ist eine der beliebtesten Maschinen in der Kunststoffflaschen-Recyclinglinie, die auch PP-PE-Trenntank genannt wird. Der Trenntank verwendet unterschiedliche Kunststoffdichten, um PP- oder PE-Flaschenverschl\u00fcsse auszusortieren, wodurch saubere PET-St\u00fccke selektiert und die Reinheit des Produkts sichergestellt werden.<\/p>    <h2 class=\"wp-block-heading\" id=\"h-pet-bottle-washing-machine-application\">Anwendung in der Waschmaschine f\u00fcr PET-Flaschen <\/h2>    <p class=\"translation-block\">Im Allgemeinen werden recycelte PET-Flaschen nach dem <a href=\"https:\/\/plastic-machines.org\/de\/product\/plastic-bottle-crusher\/\">Zerkleinern<\/a> in einen PP PE-Trennbeh\u00e4lter gesendet. Da die Kunststoffflaschenverschl\u00fcsse aus PP oder PE bestehen, m\u00fcssen sie von PET-Sp\u00e4nen getrennt werden. Nur nachdem das saubere PET-Material getrennt wurde, kann der n\u00e4chste Reinigungsschritt beginnen.<\/p>    <h2 class=\"wp-block-heading\">Warum ist ein PET-Sink-Float-Trennbecken mission-kritisch?\ufffc<\/h2>    <p>\u201eIm wettbewerbsintensiven rPET-Markt ist die Flake-Reinheit keine Eigenschaft \u2014 sie ist Ihre W\u00e4hrung. Eine Kontamination von nur 1 % PP\/PE in Ihren PET-Flakes kann den Marktwert des Materials drastisch senken und seine Anwendung einschr\u00e4nken, wodurch es f\u00fcr lukrative Sektoren wie Faserherstellung oder Flasche-zu-Flasche-Recycling disqualifiziert wird.\u201c <\/p>    <p>The sink-float separation tank acts as the primary guardian of your product&#8217;s purity and, ultimately, your profitability. It is the most cost-effective bulk separation method to remove polyolefin (PP\/PE) caps and labels, ensuring the final rPET flakes meet stringent quality standards (e.g., contamination levels below 100ppm).&#8221;<\/p>    <h2 class=\"wp-block-heading\">Werksausstellung eines Schwimmbeckens aus Kunststoff<\/h2>    <figure class=\"wp-block-gallery has-nested-images columns-default is-cropped wp-block-gallery-2 is-layout-flex wp-block-gallery-is-layout-flex\"> <figure class=\"wp-block-image size-large\"><img loading=\"lazy\" decoding=\"async\" width=\"720\" height=\"540\" data-id=\"305\" src=\"https:\/\/plastic-machines.org\/wp-content\/uploads\/2022\/07\/plastic-washing-tank.webp\" alt=\"Waschtank aus Kunststoff\" class=\"wp-image-305\" srcset=\"https:\/\/plastic-machines.org\/wp-content\/uploads\/2022\/07\/plastic-washing-tank.webp 720w, https:\/\/plastic-machines.org\/wp-content\/uploads\/2022\/07\/plastic-washing-tank-300x225.webp 300w\" sizes=\"auto, (max-width: 720px) 100vw, 720px\" \/><figcaption class=\"wp-element-caption\">Waschtank aus Kunststoff<\/figcaption><\/figure>    <figure class=\"wp-block-image size-large\"><img loading=\"lazy\" decoding=\"async\" width=\"720\" height=\"540\" data-id=\"306\" src=\"https:\/\/plastic-machines.org\/wp-content\/uploads\/2022\/07\/PP-PE-separating-tank-in-plant.webp\" alt=\"PP-PE-Trennbeh\u00e4lter in der Anlage\" class=\"wp-image-306\" srcset=\"https:\/\/plastic-machines.org\/wp-content\/uploads\/2022\/07\/PP-PE-separating-tank-in-plant.webp 720w, https:\/\/plastic-machines.org\/wp-content\/uploads\/2022\/07\/PP-PE-separating-tank-in-plant-300x225.webp 300w\" sizes=\"auto, (max-width: 720px) 100vw, 720px\" \/><figcaption class=\"wp-element-caption\">PP-PE-Trennbeh\u00e4lter in der Anlage<\/figcaption><\/figure> <\/figure>    <figure class=\"wp-block-gallery has-nested-images columns-default is-cropped wp-block-gallery-3 is-layout-flex wp-block-gallery-is-layout-flex\"> <figure class=\"wp-block-image size-large\"><img loading=\"lazy\" decoding=\"async\" width=\"720\" height=\"540\" data-id=\"307\" src=\"https:\/\/plastic-machines.org\/wp-content\/uploads\/2022\/07\/plastic-float-sink-tank-in-plant-.webp\" alt=\"Schwimmbecken aus Kunststoff in der Anlage\" class=\"wp-image-307\" srcset=\"https:\/\/plastic-machines.org\/wp-content\/uploads\/2022\/07\/plastic-float-sink-tank-in-plant-.webp 720w, https:\/\/plastic-machines.org\/wp-content\/uploads\/2022\/07\/plastic-float-sink-tank-in-plant--300x225.webp 300w\" sizes=\"auto, (max-width: 720px) 100vw, 720px\" \/><figcaption class=\"wp-element-caption\">Schwimmbecken aus Kunststoff in der Anlage<\/figcaption><\/figure>    <figure class=\"wp-block-image size-large\"><img loading=\"lazy\" decoding=\"async\" width=\"720\" height=\"540\" data-id=\"308\" src=\"https:\/\/plastic-machines.org\/wp-content\/uploads\/2022\/07\/plastic-float-sink-tank.webp\" alt=\"Schwimmbecken aus Kunststoff\" class=\"wp-image-308\" srcset=\"https:\/\/plastic-machines.org\/wp-content\/uploads\/2022\/07\/plastic-float-sink-tank.webp 720w, https:\/\/plastic-machines.org\/wp-content\/uploads\/2022\/07\/plastic-float-sink-tank-300x225.webp 300w\" sizes=\"auto, (max-width: 720px) 100vw, 720px\" \/><figcaption class=\"wp-element-caption\">Schwimmbecken aus Kunststoff<\/figcaption><\/figure> <\/figure>    <figure class=\"wp-block-gallery has-nested-images columns-default is-cropped wp-block-gallery-4 is-layout-flex wp-block-gallery-is-layout-flex\"> <figure class=\"wp-block-image size-large\"><img loading=\"lazy\" decoding=\"async\" width=\"720\" height=\"540\" data-id=\"310\" src=\"https:\/\/plastic-machines.org\/wp-content\/uploads\/2022\/07\/PET-Bottle-Washing-Separating-Machine.webp\" alt=\"Kunststoff-Schwimmbecken f\u00fcr das Recycling von PET-Flaschen\" class=\"wp-image-310\" srcset=\"https:\/\/plastic-machines.org\/wp-content\/uploads\/2022\/07\/PET-Bottle-Washing-Separating-Machine.webp 720w, https:\/\/plastic-machines.org\/wp-content\/uploads\/2022\/07\/PET-Bottle-Washing-Separating-Machine-300x225.webp 300w\" sizes=\"auto, (max-width: 720px) 100vw, 720px\" \/><figcaption class=\"wp-element-caption\">Schwimmbecken aus Kunststoff<\/figcaption><\/figure>    <figure class=\"wp-block-image size-large\"><img loading=\"lazy\" decoding=\"async\" width=\"720\" height=\"540\" data-id=\"311\" src=\"https:\/\/plastic-machines.org\/wp-content\/uploads\/2022\/07\/PP-PE-separating-tank.webp\" alt=\"PP PE-Trennbeh\u00e4lter\" class=\"wp-image-311\" srcset=\"https:\/\/plastic-machines.org\/wp-content\/uploads\/2022\/07\/PP-PE-separating-tank.webp 720w, https:\/\/plastic-machines.org\/wp-content\/uploads\/2022\/07\/PP-PE-separating-tank-300x225.webp 300w\" sizes=\"auto, (max-width: 720px) 100vw, 720px\" \/><figcaption class=\"wp-element-caption\">PP PE-Trennbeh\u00e4lter<\/figcaption><\/figure> <\/figure>    <h2 class=\"wp-block-heading\">Warum brauchen Sie einen Schwimmbeckentank aus Kunststoff?<\/h2>    <p>Die meisten Getr\u00e4nkeflaschen und Mineralwasserflaschen bestehen aus PET-Kunststoff, und PET-Kunststoff ist ein recycelbares 100%-Material. Daher k\u00f6nnen sowohl PET-Kunststoff als auch rPET (recycelter PET-Kunststoff) recycelt werden, um wieder neue Produkte wie Kleidung, Teppiche, Industrieprodukte und neue Plastikflaschen herzustellen.<\/p>    <p class=\"translation-block\">Nachdem die Kunststoffflaschen zerkleinert wurden, m\u00fcssen sie durch das PP-PE-Trennbecken entpulvert und gr\u00fcndlich gereinigt werden, um eine einheitliche Sorte von PET-Kunststoffflocken zu erhalten. Statt einer Kunststoffmischung, die mit PP- oder PE-Flocken durchsetzt ist. Das reine PET-Kunststoff wird in eine Rohkunststoffpartikel in einer Form umgewandelt und schlie\u00dflich f\u00fcr die Herstellung neuer Produkte verwendet. Daher ist es notwendig in einer <a href=\"https:\/\/plastic-machines.org\/de\/product\/pet-bottle-recycling-line\/\">PET-Flaschenrecyclinganlage<\/a>.<\/p>    <h2 class=\"wp-block-heading\">Funktionsweise: Ein Blick in den Trennprozess<\/h2>    <p>Unser Sink-Float-Beh\u00e4lter nutzt das grundlegende Prinzip der Materialdichte in einem sorgf\u00e4ltig entwickelten Prozess:<\/p>    <ul class=\"wp-block-list\"> <li>Zuf\u00fchrung: Zerkleinerte und vorgewaschene Kunststoffflocken (eine Mischung aus PET, PP, PE) werden in den wassergef\u00fcllten Tank eingespeist.<\/li>    <li>Trennung: Aufgrund seiner h\u00f6heren Dichte (&gt;1,3 g\/cm\u00b3) beginnen PET-Flakes sofort zu sinken. Im Gegensatz dazu schwimmen PP und PE von Flaschenverschl\u00fcssen und Etikettenreste mit Dichten &lt;1,0 g\/cm\u00b3 an die Oberfl\u00e4che.<\/li>    <li>PET-Austrag: Ein langsam rotierender Boden-Schneckenf\u00f6rderer (oder Kettenschaber), der f\u00fcr minimale Wasserst\u00f6rung ausgelegt ist, transportiert die gesunkenen PET-Flakes entlang der Tankl\u00e4nge. Sie werden dann \u00fcber einen geneigten Schneckenf\u00f6rderer entladen, der auch bei der Entw\u00e4sserung des Materials hilft.<\/li>    <li>Schmutzentfernung: Gleichzeitig schieben die oben rotierenden Fl\u00fcgel die schwimmenden PP\/PE-Schmutzstoffe sanft in eine Seitenentladungs\u00f6ffnung oder eine rotierende Trommel zur automatischen Entfernung. Ein strategisch platzierter Baffle verhindert, dass diese Verunreinigungen in den PET-Austragsstrom gelangen.<\/li> <\/ul>    <p>Wichtiger Hinweis: Obwohl diese Methode f\u00fcr PP\/PE sehr effektiv ist, kann sie keine Verunreinigungen mit \u00e4hnlicher Dichte wie PET trennen, z.B. PVC. Deshalb ist eine robuste Vor-Sortierung unerl\u00e4sslich.<\/p>    <p>Die PET-Flaschenwaschmaschine verwendet Wasser als Medium, um die PP- und PE-Verschl\u00fcsse von den PET-Flocken zu trennen. Gleichzeitig kann sie die PET-Flocken auch reinigen. Wenn die zerkleinerten Plastikflaschen in die Maschine gelangen, schwimmen die Plastikflaschenverschl\u00fcsse, deren Dichte geringer ist als die von Wasser, auf der Wasseroberfl\u00e4che.<\/p>    <p>Da die Plastikflaschenverschl\u00fcsse aus PP- und PE-Material bestehen, haben sie beide eine geringere Dichte als Wasser, sodass sie auf der Wasseroberfl\u00e4che schwimmen, w\u00e4hrend die dichteren PET-Flaschenteile auf den Boden sinken, was eine der einfachsten und effektivsten Methoden ist M\u00f6glichkeiten, sauberes PET-Material zu trennen.<\/p>    <h2 class=\"wp-block-heading\">Wesentliche Konstruktionsmerkmale des PET-Sink-Float-Trennbeckens<\/h2>    <ul class=\"wp-block-list\"> <li>Robuste Materialkonstruktion: Alle Teile, die mit Wasser und Kunststoff in Kontakt kommen, bestehen aus Edelstahl der Type 304, um Rost und Produktkontamination zu verhindern und eine lange Lebensdauer zu gew\u00e4hrleisten. Der Rahmen ist aus schwerem Kohlenstoffstahl f\u00fcr strukturelle Integrit\u00e4t gefertigt.<\/li>    <li>Optimierte Tankabmessungen: Unsere Standardmodelle bieten ein bew\u00e4hrtes Verh\u00e4ltnis von L\u00e4nge zu Breite f\u00fcr eine optimale Verweilzeit des Materials und maximieren die Trennungseffizienz. Ma\u00dfgeschneiderte Abmessungen sind auf Ihre spezifische Anlagenlayout- und Kapazit\u00e4tsanforderungen anpassbar.<\/li>    <li>Effizientes Transportsystem: Wir bieten sowohl Schneckenf\u00f6rderer f\u00fcr Standardanwendungen als auch schwere Kettenschaber f\u00fcr h\u00f6here Kapazit\u00e4ten oder abrasivere Materialien an, um einen zuverl\u00e4ssigen, st\u00f6rungsfreien Betrieb zu gew\u00e4hrleisten.<\/li>    <li>Integrierte Wasserzirkulation (optional): Um den Wasserverbrauch zu reduzieren, kann unser System mit einer Wasserfiltrations- und Zirkulationspumpe ausgestattet werden, was Ihre Betriebskosten erheblich senkt.<\/li>    <li>Einfache Wartungszug\u00e4nglichkeit: Entwickelt mit Blick auf die Bediener, verf\u00fcgen unsere Tanks \u00fcber gro\u00dfe Reinigungs\u00f6ffnungen und leicht zug\u00e4ngliche Komponenten f\u00fcr vereinfachte Wartung und reduzierte Ausfallzeiten.<\/li> <\/ul>    <h2 class=\"wp-block-heading\">Technische Spezifikationen: SL-Serie PET-Sink-Float-Trennbecken<\/h2>    <figure class=\"wp-block-table\"><table><thead><tr><th>Parameter<\/th><th>Spezifikation<\/th><th>Hinweise<\/th><\/tr><\/thead><tbody><tr><td><strong>Modell<\/strong><\/td><td>SL-500 \/ SL-1000 \/ SL-2000<\/td><td>Oder als \u201eAnpassbar\u201c auflisten<\/td><\/tr><tr><td><strong>Verarbeitungskapazit\u00e4t<\/strong><\/td><td>500 \u2013 3.000 kg\/h<\/td><td>Variiert je nach Modell und Materialzustand<\/td><\/tr><tr><td><strong>Tankabmessungen (L\u00d7B\u00d7H)<\/strong><\/td><td>Anpassbar<\/td><td>Standardabmessungen auf Anfrage erh\u00e4ltlich<\/td><\/tr><tr><td><strong>Innenmaterial<\/strong><\/td><td><strong>SUS304 Edelstahl<\/strong><\/td><td>Sichert Rostfreiheit, lange Lebensdauer<\/td><\/tr><tr><td><strong>Au\u00dfenrahmen<\/strong><\/td><td>Schwerer Kohlenstoffstahl<\/td><td>Mit antirostbeschichteter Meeresfarbe<\/td><\/tr><tr><td><strong>PET-Transport-System<\/strong><\/td><td>Standard: Boden-Schneckenf\u00f6rderer<\/td><td>Kettenschaber f\u00fcr h\u00f6here Kapazit\u00e4ten verf\u00fcgbar<\/td><\/tr><tr><td><strong>Entfernung von schwimmenden Verunreinigungen<\/strong><\/td><td>Obere rotierende Fl\u00fcgel<\/td><td>Automatische Entladung zu einem speziellen Port<\/td><\/tr><tr><td><strong>Gesamtmotorleistung<\/strong><\/td><td>3 kW \u2013 11 kW<\/td><td>Abh\u00e4ngig von Kapazit\u00e4t und Konfiguration<\/td><\/tr><tr><td><strong>Spannung<\/strong><\/td><td>380V\/50Hz\/3Ph (anpassbar)<\/td><td>Kann an die Standards jedes Landes angepasst werden<\/td><\/tr><tr><td><strong>Steuerungssystem<\/strong><\/td><td>Unabh\u00e4ngiger Steuerungsschrank<\/td><td>Mit Frequenzsteuerung (VFD) f\u00fcr Motoren<\/td><\/tr><\/tbody><\/table><\/figure>","protected":false},"excerpt":{"rendered":"<p>The plastic float sink tank is one of the most popular machines in the plastic bottle recycling line, which is also called the PP PE separating tank. The separating tank uses different plastic densities to reject PP or PE bottle caps, thus selecting clean PET pieces and ensuring the purity of the product. PET bottle [&hellip;]<\/p>\n","protected":false},"author":1,"featured_media":457,"parent":0,"template":"","tags":[54,35],"product-type":[14,27],"class_list":["post-302","product","type-product","status-publish","has-post-thumbnail","hentry","tag-float","tag-pet","product-type-plastic-cleaning-drying-equipment","product-type-separation-technology"],"taxonomy_info":{"post_tag":[{"value":54,"label":"float"},{"value":35,"label":"PET"}],"product-type":[{"value":14,"label":"Plastic Cleaning&amp;Drying equipment"},{"value":27,"label":"Separation Technology"}]},"featured_image_src_large":["https:\/\/plastic-machines.org\/wp-content\/uploads\/2022\/06\/washing-and-sorting-tank1.webp",720,540,false],"author_info":{"display_name":"Ella","author_link":"https:\/\/plastic-machines.org\/de\/author\/admin\/"},"comment_info":"","_links":{"self":[{"href":"https:\/\/plastic-machines.org\/de\/wp-json\/wp\/v2\/product\/302","targetHints":{"allow":["GET"]}}],"collection":[{"href":"https:\/\/plastic-machines.org\/de\/wp-json\/wp\/v2\/product"}],"about":[{"href":"https:\/\/plastic-machines.org\/de\/wp-json\/wp\/v2\/types\/product"}],"author":[{"embeddable":true,"href":"https:\/\/plastic-machines.org\/de\/wp-json\/wp\/v2\/users\/1"}],"wp:featuredmedia":[{"embeddable":true,"href":"https:\/\/plastic-machines.org\/de\/wp-json\/wp\/v2\/media\/457"}],"wp:attachment":[{"href":"https:\/\/plastic-machines.org\/de\/wp-json\/wp\/v2\/media?parent=302"}],"wp:term":[{"taxonomy":"post_tag","embeddable":true,"href":"https:\/\/plastic-machines.org\/de\/wp-json\/wp\/v2\/tags?post=302"},{"taxonomy":"product-type","embeddable":true,"href":"https:\/\/plastic-machines.org\/de\/wp-json\/wp\/v2\/product-type?post=302"}],"curies":[{"name":"wp","href":"https:\/\/api.w.org\/{rel}","templated":true}]}}