{"id":293,"date":"2022-07-12T03:44:55","date_gmt":"2022-07-12T03:44:55","guid":{"rendered":"https:\/\/plastic-machines.org\/?post_type=product&#038;p=293"},"modified":"2025-11-14T16:03:42","modified_gmt":"2025-11-14T08:03:42","slug":"pet-flakes-friction-washer","status":"publish","type":"product","link":"https:\/\/plastic-machines.org\/de\/product\/pet-flakes-friction-washer\/","title":{"rendered":"PET-Flocken-Reibungswaschmaschine zum Waschen von Flaschen"},"content":{"rendered":"<div class=\"kk-star-ratings kksr-auto kksr-align-left kksr-valign-top\"     data-payload='{&quot;align&quot;:&quot;left&quot;,&quot;id&quot;:&quot;293&quot;,&quot;slug&quot;:&quot;default&quot;,&quot;valign&quot;:&quot;top&quot;,&quot;ignore&quot;:&quot;&quot;,&quot;reference&quot;:&quot;auto&quot;,&quot;class&quot;:&quot;&quot;,&quot;count&quot;:&quot;2&quot;,&quot;legendonly&quot;:&quot;&quot;,&quot;readonly&quot;:&quot;&quot;,&quot;score&quot;:&quot;5&quot;,&quot;starsonly&quot;:&quot;&quot;,&quot;best&quot;:&quot;5&quot;,&quot;gap&quot;:&quot;5&quot;,&quot;greet&quot;:&quot;Rate this product&quot;,&quot;legend&quot;:&quot;5\\\/5 - (2 votes)&quot;,&quot;size&quot;:&quot;24&quot;,&quot;title&quot;:&quot;PET Flakes Friction Washer Machine for Bottle Washing&quot;,&quot;width&quot;:&quot;142.5&quot;,&quot;_legend&quot;:&quot;{score}\\\/{best} - ({count} {votes})&quot;,&quot;font_factor&quot;:&quot;1.25&quot;}'>              <div class=\"kksr-stars\">      <div class=\"kksr-stars-inactive\">             <div class=\"kksr-star\" data-star=\"1\" style=\"padding-right: 5px\">               <div class=\"kksr-icon\" style=\"width: 24px; height: 24px;\"><\/div>         <\/div>             <div class=\"kksr-star\" data-star=\"2\" style=\"padding-right: 5px\">               <div class=\"kksr-icon\" style=\"width: 24px; height: 24px;\"><\/div>         <\/div>             <div class=\"kksr-star\" data-star=\"3\" style=\"padding-right: 5px\">               <div class=\"kksr-icon\" style=\"width: 24px; height: 24px;\"><\/div>         <\/div>             <div class=\"kksr-star\" data-star=\"4\" style=\"padding-right: 5px\">               <div class=\"kksr-icon\" style=\"width: 24px; height: 24px;\"><\/div>         <\/div>             <div class=\"kksr-star\" data-star=\"5\" style=\"padding-right: 5px\">               <div class=\"kksr-icon\" style=\"width: 24px; height: 24px;\"><\/div>         <\/div>     <\/div>      <div class=\"kksr-stars-active\" style=\"width: 142.5px;\">             <div class=\"kksr-star\" style=\"padding-right: 5px\">               <div class=\"kksr-icon\" style=\"width: 24px; height: 24px;\"><\/div>         <\/div>             <div class=\"kksr-star\" style=\"padding-right: 5px\">               <div class=\"kksr-icon\" style=\"width: 24px; height: 24px;\"><\/div>         <\/div>             <div class=\"kksr-star\" style=\"padding-right: 5px\">               <div class=\"kksr-icon\" style=\"width: 24px; height: 24px;\"><\/div>         <\/div>             <div class=\"kksr-star\" style=\"padding-right: 5px\">               <div class=\"kksr-icon\" style=\"width: 24px; height: 24px;\"><\/div>         <\/div>             <div class=\"kksr-star\" style=\"padding-right: 5px\">               <div class=\"kksr-icon\" style=\"width: 24px; height: 24px;\"><\/div>         <\/div>     <\/div> <\/div>                   <div class=\"kksr-legend\" style=\"font-size: 19.2px;\">             5\/5 - (2 Stimmen)    <\/div>     <\/div>  <p>Die Reibwaschmaschine f\u00fcr PET-Flocken wird zum Reinigen verschmutzter Kunststoffflocken verwendet. Sie ist eine der notwendigen Ausr\u00fcstungen f\u00fcr Kunststoffrecyclingprozesse und haupts\u00e4chlich f\u00fcr Reinigungslinien f\u00fcr PET-Kunststoffflaschen. Die Kunststoff-Reibscheibe kann je nach Kundenwunsch mit einem Materialf\u00f6rderband ausgestattet und in der Gr\u00f6\u00dfe individuell angepasst werden.<\/p>    <h2 class=\"wp-block-heading\" id=\"h-introduction-of-pet-flakes-friction-washer\">Einf\u00fchrung der Reibscheibe f\u00fcr PET-Flocken<\/h2>    <p class=\"translation-block\">Die Kunststoffflaschenwaschmaschine ist ein effizientes Reinigungsger\u00e4t f\u00fcr PET-Flakes. In unserer Standard-<a href=\"https:\/\/plastic-machines.org\/de\/product\/pet-bottle-recycling-line\/\">PET-Reinigungsanlage<\/a> reinigt diese Hochgeschwindigkeitswaschmaschine die Kunststoffflocken nach der Hei\u00dfw\u00e4sche zus\u00e4tzlich mit kaltem Wasser.<\/p>    <p>Wenn die Kunststoffwaschmaschine in Betrieb ist, dreht sich die Innenschnecke mit hoher Geschwindigkeit, und die schnelle Drehung f\u00fchrt dazu, dass die an der Kunststofffolie haftenden Verunreinigungen abfallen und in kleine Partikel zerfallen. Das interne Siebrohr der Plastikflaschenwaschmaschine wird als Entw\u00e4sserungsger\u00e4t zum Filtern von Verunreinigungen verwendet. Die Reinigungszeit des Kunststoffs kann je nach Verschmutzungsgrad angepasst werden.<\/p>    <figure class=\"wp-block-gallery has-nested-images columns-default is-cropped wp-block-gallery-2 is-layout-flex wp-block-gallery-is-layout-flex\"> <figure class=\"wp-block-image size-large\"><img loading=\"lazy\" decoding=\"async\" width=\"720\" height=\"540\" data-id=\"296\" src=\"https:\/\/plastic-machines.org\/wp-content\/uploads\/2022\/07\/plastic-friction-washer.webp\" alt=\"Reibscheibe aus Kunststoff\" class=\"wp-image-296\" srcset=\"https:\/\/plastic-machines.org\/wp-content\/uploads\/2022\/07\/plastic-friction-washer.webp 720w, https:\/\/plastic-machines.org\/wp-content\/uploads\/2022\/07\/plastic-friction-washer-300x225.webp 300w\" sizes=\"auto, (max-width: 720px) 100vw, 720px\" \/><figcaption class=\"wp-element-caption\">Reibscheibe aus Kunststoff<\/figcaption><\/figure>    <figure class=\"wp-block-image size-large\"><img loading=\"lazy\" decoding=\"async\" width=\"720\" height=\"540\" data-id=\"297\" src=\"https:\/\/plastic-machines.org\/wp-content\/uploads\/2022\/07\/plastic-washing-machine-in-plant.webp\" alt=\"Plastikwaschmaschine im Werk\" class=\"wp-image-297\" srcset=\"https:\/\/plastic-machines.org\/wp-content\/uploads\/2022\/07\/plastic-washing-machine-in-plant.webp 720w, https:\/\/plastic-machines.org\/wp-content\/uploads\/2022\/07\/plastic-washing-machine-in-plant-300x225.webp 300w\" sizes=\"auto, (max-width: 720px) 100vw, 720px\" \/><figcaption class=\"wp-element-caption\">Reibungsw\u00e4scher f\u00fcr PET-Flocken in der Anlage<\/figcaption><\/figure> <\/figure>    <figure class=\"wp-block-gallery has-nested-images columns-default is-cropped wp-block-gallery-3 is-layout-flex wp-block-gallery-is-layout-flex\"> <figure class=\"wp-block-image size-large\"><img loading=\"lazy\" decoding=\"async\" width=\"720\" height=\"540\" data-id=\"298\" src=\"https:\/\/plastic-machines.org\/wp-content\/uploads\/2022\/07\/plastic-friction-washer-in-plant.webp\" alt=\"Kunststoff-Reibscheibe im Werk\" class=\"wp-image-298\" srcset=\"https:\/\/plastic-machines.org\/wp-content\/uploads\/2022\/07\/plastic-friction-washer-in-plant.webp 720w, https:\/\/plastic-machines.org\/wp-content\/uploads\/2022\/07\/plastic-friction-washer-in-plant-300x225.webp 300w\" sizes=\"auto, (max-width: 720px) 100vw, 720px\" \/><figcaption class=\"wp-element-caption\">Kunststoff-Reibscheibe im Werk<\/figcaption><\/figure>    <figure class=\"wp-block-image size-large\"><img loading=\"lazy\" decoding=\"async\" width=\"720\" height=\"540\" data-id=\"299\" src=\"https:\/\/plastic-machines.org\/wp-content\/uploads\/2022\/07\/screw-conveyors-.webp\" alt=\"Schneckenf\u00f6rderer der Plastikflaschenwaschmaschine\" class=\"wp-image-299\" srcset=\"https:\/\/plastic-machines.org\/wp-content\/uploads\/2022\/07\/screw-conveyors-.webp 720w, https:\/\/plastic-machines.org\/wp-content\/uploads\/2022\/07\/screw-conveyors--300x225.webp 300w\" sizes=\"auto, (max-width: 720px) 100vw, 720px\" \/><figcaption class=\"wp-element-caption\">Schneckenf\u00f6rderer<\/figcaption><\/figure> <\/figure>    <h2 class=\"wp-block-heading\">Funktionsprinzip der PET-Flocken-Reibscheibe<\/h2>    <p>In der Mitte der Maschine befindet sich eine sich schnell drehende Welle mit vielen Messern. Um den Schaft herum befindet sich ein Sieb zum Filtern von Verunreinigungen. Die Welle dreht sich mit etwa 1.000 Umdrehungen pro Minute. Das Material wird durch Hochgeschwindigkeitsreibung gereinigt und kontinuierlich Wasser auf das Sieb gespr\u00fcht, um ein Verstopfen zu verhindern.<\/p>    <p>Eine gro\u00dfe rechteckige H\u00fclle ist um die Au\u00dfenseite der PET-Flocken-Reibscheibe gewickelt. Die gesamte Maschine ist um etwa 15 Grad geneigt, das schmutzige Material gelangt im unteren Teil hinein und die sauberen Flaschenst\u00fccke kommen im oberen Teil heraus und gelangen dann zur Trocknungsstufe.<\/p>    <figure class=\"wp-block-gallery has-nested-images columns-default is-cropped wp-block-gallery-4 is-layout-flex wp-block-gallery-is-layout-flex\"> <figure class=\"wp-block-image size-large\"><img loading=\"lazy\" decoding=\"async\" width=\"720\" height=\"540\" data-id=\"450\" src=\"https:\/\/plastic-machines.org\/wp-content\/uploads\/2022\/06\/PET-friction-washing-machine1.webp\" alt=\"Die Neigung der Plastikflaschenwaschmaschine betr\u00e4gt etwa 15 Grad\" class=\"wp-image-450\" srcset=\"https:\/\/plastic-machines.org\/wp-content\/uploads\/2022\/06\/PET-friction-washing-machine1.webp 720w, https:\/\/plastic-machines.org\/wp-content\/uploads\/2022\/06\/PET-friction-washing-machine1-300x225.webp 300w\" sizes=\"auto, (max-width: 720px) 100vw, 720px\" \/><figcaption class=\"wp-element-caption\">Die Maschine ist etwa 15 Grad geneigt<\/figcaption><\/figure>    <figure class=\"wp-block-image size-large\"><img loading=\"lazy\" decoding=\"async\" width=\"720\" height=\"540\" data-id=\"448\" src=\"https:\/\/plastic-machines.org\/wp-content\/uploads\/2022\/06\/PET-Flakes-Friction-Washer1.webp\" alt=\"Reibungsscheibe f\u00fcr PET-Flocken\" class=\"wp-image-448\" srcset=\"https:\/\/plastic-machines.org\/wp-content\/uploads\/2022\/06\/PET-Flakes-Friction-Washer1.webp 720w, https:\/\/plastic-machines.org\/wp-content\/uploads\/2022\/06\/PET-Flakes-Friction-Washer1-300x225.webp 300w\" sizes=\"auto, (max-width: 720px) 100vw, 720px\" \/><figcaption class=\"wp-element-caption\">PET-Flocken-Reibscheibe mit Schale<\/figcaption><\/figure> <\/figure>    <h2 class=\"wp-block-heading\">Strukturen einer Kunststoffwaschmaschine<\/h2>    <p>Der K\u00f6rper der Kunststoff-Reibscheibe besteht aus einem Hauptrahmen, einem Motor, einem St\u00e4nder, einem Wassereinlass, einem Zufuhreinlass und einem Auslass. Beim Einbau der Kunststoff-Reibscheibe k\u00f6nnen Sie die Maschine um 45 Grad neigen, um die Reibung zu maximieren und Verunreinigungen und Verunreinigungen herauszubekommen.<\/p>    <p>Die Plastikflaschenwaschmaschine verf\u00fcgt \u00fcber einen feinmaschigen Filter am Boden, einen Hochgeschwindigkeitsrotor im Inneren, ein abnehmbares Sieb und mehrere D\u00fcsen, die Wasser auf das Sieb spr\u00fchen, um kontinuierlich Verunreinigungen und Schmutz zu entfernen. Die Verunreinigungen und das Schmutzwasser werden dann durch das Lochsieb abgeleitet und am Boden gesammelt.<\/p>   <div class=\"wp-block-image\"> <figure class=\"aligncenter size-full\"><img loading=\"lazy\" decoding=\"async\" width=\"720\" height=\"540\" src=\"https:\/\/plastic-machines.org\/wp-content\/uploads\/2022\/07\/inside-structures-.webp\" alt=\"Innenstrukturen einer Plastikflaschenwaschmaschine\" class=\"wp-image-300\" srcset=\"https:\/\/plastic-machines.org\/wp-content\/uploads\/2022\/07\/inside-structures-.webp 720w, https:\/\/plastic-machines.org\/wp-content\/uploads\/2022\/07\/inside-structures--300x225.webp 300w\" sizes=\"auto, (max-width: 720px) 100vw, 720px\" \/><figcaption class=\"wp-element-caption\">innerhalb von Strukturen<\/figcaption><\/figure> <\/div>   <h2 class=\"wp-block-heading\">Die Endprodukte der Kunststoff-Reibscheibe<\/h2>    <p>Die Plastikflaschenwaschmaschine wird zum Reinigen zerkleinerter Kunststoffabf\u00e4lle wie Plastikflaschen, Agrarlandfolie, Zements\u00e4cke, Nylon, Papierfabrik- und Verpackungsanlagenabf\u00e4lle verwendet. Nachdem die Plastikflocken in der Waschmaschine gereinigt wurden, werden sie sauber und transparent.<\/p>    <figure class=\"wp-block-gallery has-nested-images columns-default is-cropped wp-block-gallery-5 is-layout-flex wp-block-gallery-is-layout-flex\"> <figure class=\"wp-block-image size-large\"><img loading=\"lazy\" decoding=\"async\" width=\"720\" height=\"540\" data-id=\"566\" src=\"https:\/\/plastic-machines.org\/wp-content\/uploads\/2022\/07\/PET-flakes.webp\" alt=\"Endprodukte aus Kunststoff-Reibscheiben\" class=\"wp-image-566\" srcset=\"https:\/\/plastic-machines.org\/wp-content\/uploads\/2022\/07\/PET-flakes.webp 720w, https:\/\/plastic-machines.org\/wp-content\/uploads\/2022\/07\/PET-flakes-300x225.webp 300w\" sizes=\"auto, (max-width: 720px) 100vw, 720px\" \/><\/figure>    <figure class=\"wp-block-image size-large\"><img loading=\"lazy\" decoding=\"async\" width=\"720\" height=\"540\" data-id=\"568\" src=\"https:\/\/plastic-machines.org\/wp-content\/uploads\/2022\/07\/plastic.webp\" alt=\"Endprodukte aus Kunststoff-Reibscheiben\" class=\"wp-image-568\" srcset=\"https:\/\/plastic-machines.org\/wp-content\/uploads\/2022\/07\/plastic.webp 720w, https:\/\/plastic-machines.org\/wp-content\/uploads\/2022\/07\/plastic-300x225.webp 300w\" sizes=\"auto, (max-width: 720px) 100vw, 720px\" \/><\/figure>    <figure class=\"wp-block-image size-large\"><img loading=\"lazy\" decoding=\"async\" width=\"720\" height=\"540\" data-id=\"567\" src=\"https:\/\/plastic-machines.org\/wp-content\/uploads\/2022\/07\/PET-sheets.webp\" alt=\"Endprodukte der Plastikflaschenwaschmaschine\" class=\"wp-image-567\" srcset=\"https:\/\/plastic-machines.org\/wp-content\/uploads\/2022\/07\/PET-sheets.webp 720w, https:\/\/plastic-machines.org\/wp-content\/uploads\/2022\/07\/PET-sheets-300x225.webp 300w\" sizes=\"auto, (max-width: 720px) 100vw, 720px\" \/><\/figure> <figcaption class=\"blocks-gallery-caption wp-element-caption\">die sauberen PET-Flaschenflocken<\/figcaption><\/figure>    <h2 class=\"wp-block-heading\">Vorteile einer Plastikflaschenwaschmaschine <\/h2>    <ol class=\"wp-block-list\"> <li>Der PET-Flocken-Reibreiniger trennt effektiv Verunreinigungen und l\u00f6st festsitzende Flecken gr\u00fcndlich. Die Kunststoff-Reibscheibe kann Flecken bis zu 90% entfernen und verbessert so die Effizienz und Qualit\u00e4t des Ganzen <strong><a href=\"https:\/\/plastic-machines.org\/de\/product\/pet-bottle-recycling-line\/\">Recyclinglinie f\u00fcr Plastikflaschen<\/a><\/strong>.<\/li>    <li>W\u00e4hrend des Reinigungsprozesses kann zus\u00e4tzliches Waschmittel hinzugef\u00fcgt werden, das f\u00fcr eine kraftvolle Sp\u00fclung sorgt und den Glanz der fertigen Produkte verbessert.<\/li>    <li>Der PET-Flocken-Reibungsw\u00e4scher reinigt das Sieb automatisch, indem er es mit Wasser f\u00fcllt, um einen qualitativ hochwertigen Dauerbetrieb zu gew\u00e4hrleisten.<\/li>    <li>Die Kunststoffwaschmaschine ist leicht zu warten und die anschlie\u00dfende Wartung ist nahezu kostenlos, was den Kunden Geld spart.<\/li> <\/ol>    <h2 class=\"wp-block-heading\">Parameter der Kunststoff-Reibscheibe<\/h2>    <figure class=\"wp-block-table\"><table><tbody><tr><td>Modell<\/td><td>SL-1000<\/td><td>SL-2000<\/td><\/tr><tr><td>Kapazit\u00e4t<\/td><td>500-1000kg\/h<\/td><td>2000 kg\/h<\/td><\/tr><tr><td>L\u00e4nge<\/td><td>3000 mm<\/td><td>3500 mm<\/td><\/tr><tr><td>Leistung<\/td><td>7,5 kW<\/td><td>15 kW<\/td><\/tr><tr><td>Out-Schicht<\/td><td>4mm<\/td><td>4mm<\/td><\/tr><tr><td>Klingendicke<\/td><td>6mm<\/td><td>6mm<\/td><\/tr><\/tbody><\/table><\/figure>    <h2 class=\"wp-block-heading\" id=\"h-recommended-matching-lines\">Empfohlene passende Linien<\/h2>    <p class=\"translation-block\">Kunststoffreibungswaschmaschinen sind h\u00e4ufig in<strong> <a href=\"https:\/\/plastic-machines.org\/de\/product\/pet-bottle-recycling-line\/\">Kunststoffreinigungssystemen<\/a><\/strong> anzutreffen. Sie eignen sich f\u00fcr den Einsatz, nachdem der Kunststoff bereits durch die<strong> <a href=\"https:\/\/plastic-machines.org\/de\/product\/pet-flakes-hot-washing-machine\/\">Hei\u00dfwaschmaschine<\/a><\/strong> und <strong><a href=\"https:\/\/plastic-machines.org\/de\/product\/plastic-film-washing-machine\/\">Sp\u00fclbeh\u00e4lter<\/a><\/strong> gegangen ist. Davon abgesehen gibt es auch viele andere verschiedene Methoden, um Waschger\u00e4te anzupassen. Shuliy Machinery kann L\u00f6sungen entwerfen, um die geeigneten Kunststoffreinigungsger\u00e4te an das Rohmaterial des Kunden anzupassen.<\/p>   <div class=\"wp-block-image\"> <figure class=\"aligncenter size-full\"><img loading=\"lazy\" decoding=\"async\" width=\"720\" height=\"540\" src=\"https:\/\/plastic-machines.org\/wp-content\/uploads\/2022\/07\/PET-washing-line-.webp\" alt=\"Waschstra\u00dfe f\u00fcr PET-Flaschen\" class=\"wp-image-284\" srcset=\"https:\/\/plastic-machines.org\/wp-content\/uploads\/2022\/07\/PET-washing-line-.webp 720w, https:\/\/plastic-machines.org\/wp-content\/uploads\/2022\/07\/PET-washing-line--300x225.webp 300w\" sizes=\"auto, (max-width: 720px) 100vw, 720px\" \/><figcaption class=\"wp-element-caption\">PET-W\u00e4scheleine<\/figcaption><\/figure> <\/div>  <div class=\"wp-block-image\"> <figure class=\"aligncenter size-full\"><img loading=\"lazy\" decoding=\"async\" width=\"720\" height=\"540\" src=\"https:\/\/plastic-machines.org\/wp-content\/uploads\/2022\/07\/PET-washing-line1.webp\" alt=\"PET-Waschanlage\" class=\"wp-image-301\" srcset=\"https:\/\/plastic-machines.org\/wp-content\/uploads\/2022\/07\/PET-washing-line1.webp 720w, https:\/\/plastic-machines.org\/wp-content\/uploads\/2022\/07\/PET-washing-line1-300x225.webp 300w\" sizes=\"auto, (max-width: 720px) 100vw, 720px\" \/><figcaption class=\"wp-element-caption\">PET-Waschanlage<\/figcaption><\/figure> <\/div>   <h2 class=\"wp-block-heading\">Bestellen Sie eine Reibungsscheibe f\u00fcr PET-Flocken<\/h2>    <p>Die Lieferzeit betr\u00e4gt 30 Tage f\u00fcr alle Standard-Einzelmaschinen und 60\u201390 Tage f\u00fcr kundenspezifische Ausr\u00fcstung oder komplette Linien. Die tats\u00e4chlichen Lieferzeiten h\u00e4ngen weitgehend von der Komplexit\u00e4t des Projekts und der Anzahl der tats\u00e4chlich bestellten Einheiten ab.<\/p>    <p>Nehmen Sie jetzt Kontakt mit uns auf, um Preise und Bestelldetails zu besprechen. Oben finden Sie eine kurze Beschreibung des Bestellvorgangs f\u00fcr die Ausr\u00fcstung.<\/p>    <h2 class=\"wp-block-heading\">Was kann die Shuliy Group f\u00fcr Sie tun?<\/h2>    <ul class=\"wp-block-list\"> <li>Pre-Sales-Service: Bietet Ihnen Projektplanung f\u00fcr Kunststoffrecycling, Prozessdesign, Entwicklung eines geeigneten Maschinen- und Ausr\u00fcstungsprogramms, dar\u00fcber hinaus entsprechend Ihren speziellen Anforderungen Design und Herstellung von Produkten sowie f\u00fcr Ihre technische Betriebsschulung;<\/li>    <li>Vertriebsservice: Der Vertriebsleiter \u00fcberwacht den gesamten Prozess der Herstellung, Beladung und Lieferung der Maschine, kommuniziert rechtzeitig mit dem Kunden \u00fcber die Maschine, begleitet den Kunden bei der Abnahme der Ausr\u00fcstung und unterst\u00fctzt den Kunden bei der Installation der Maschine .<\/li>    <li>Kundendienst: Wir bieten einen Online-Schulungsdienst f\u00fcr die Videoinstallation an. Bei Bedarf kann das Unternehmen technisches Personal vor Ort schicken, um die Installation der Ger\u00e4te zu leiten und die Bediener zu schulen. Dar\u00fcber hinaus erfolgt die Wartung der Maschinenqualit\u00e4tssicherung innerhalb eines Jahres, mit Ausnahme von Verschlei\u00dfteilen.<\/li> <\/ul>","protected":false},"excerpt":{"rendered":"<p>PET flakes friction washer is used to clean dirty plastic flakes, it is one of the necessary equipment for plastic recycling processes, and mainly for PET plastic bottle cleaning lines. The plastic friction washer can be equipped with a material conveyor belt according to the customers&#8217; needs, and the size can be customized. Introduction of [&hellip;]<\/p>\n","protected":false},"author":1,"featured_media":448,"parent":0,"template":"","tags":[55,35],"product-type":[14],"class_list":["post-293","product","type-product","status-publish","has-post-thumbnail","hentry","tag-friction","tag-pet","product-type-plastic-cleaning-drying-equipment"],"taxonomy_info":{"post_tag":[{"value":55,"label":"friction"},{"value":35,"label":"PET"}],"product-type":[{"value":14,"label":"Plastic Cleaning&amp;Drying equipment"}]},"featured_image_src_large":["https:\/\/plastic-machines.org\/wp-content\/uploads\/2022\/06\/PET-Flakes-Friction-Washer1.webp",720,540,false],"author_info":{"display_name":"Ella","author_link":"https:\/\/plastic-machines.org\/de\/author\/admin\/"},"comment_info":"","_links":{"self":[{"href":"https:\/\/plastic-machines.org\/de\/wp-json\/wp\/v2\/product\/293","targetHints":{"allow":["GET"]}}],"collection":[{"href":"https:\/\/plastic-machines.org\/de\/wp-json\/wp\/v2\/product"}],"about":[{"href":"https:\/\/plastic-machines.org\/de\/wp-json\/wp\/v2\/types\/product"}],"author":[{"embeddable":true,"href":"https:\/\/plastic-machines.org\/de\/wp-json\/wp\/v2\/users\/1"}],"wp:featuredmedia":[{"embeddable":true,"href":"https:\/\/plastic-machines.org\/de\/wp-json\/wp\/v2\/media\/448"}],"wp:attachment":[{"href":"https:\/\/plastic-machines.org\/de\/wp-json\/wp\/v2\/media?parent=293"}],"wp:term":[{"taxonomy":"post_tag","embeddable":true,"href":"https:\/\/plastic-machines.org\/de\/wp-json\/wp\/v2\/tags?post=293"},{"taxonomy":"product-type","embeddable":true,"href":"https:\/\/plastic-machines.org\/de\/wp-json\/wp\/v2\/product-type?post=293"}],"curies":[{"name":"wp","href":"https:\/\/api.w.org\/{rel}","templated":true}]}}