{"id":276,"date":"2022-07-11T07:03:49","date_gmt":"2022-07-11T07:03:49","guid":{"rendered":"https:\/\/plastic-machines.org\/?post_type=product&#038;p=276"},"modified":"2026-01-29T15:39:41","modified_gmt":"2026-01-29T07:39:41","slug":"pet-flakes-hot-washing-machine","status":"publish","type":"product","link":"https:\/\/plastic-machines.org\/de\/product\/pet-flakes-hot-washing-machine\/","title":{"rendered":"Hei\u00dfwaschmaschine f\u00fcr PET-Flocken zum Recycling von Plastikflaschen"},"content":{"rendered":"<div class=\"kk-star-ratings kksr-auto kksr-align-left kksr-valign-top\"     data-payload='{&quot;align&quot;:&quot;left&quot;,&quot;id&quot;:&quot;276&quot;,&quot;slug&quot;:&quot;default&quot;,&quot;valign&quot;:&quot;top&quot;,&quot;ignore&quot;:&quot;&quot;,&quot;reference&quot;:&quot;auto&quot;,&quot;class&quot;:&quot;&quot;,&quot;count&quot;:&quot;2&quot;,&quot;legendonly&quot;:&quot;&quot;,&quot;readonly&quot;:&quot;&quot;,&quot;score&quot;:&quot;5&quot;,&quot;starsonly&quot;:&quot;&quot;,&quot;best&quot;:&quot;5&quot;,&quot;gap&quot;:&quot;5&quot;,&quot;greet&quot;:&quot;Rate this product&quot;,&quot;legend&quot;:&quot;5\\\/5 - (2 votes)&quot;,&quot;size&quot;:&quot;24&quot;,&quot;title&quot;:&quot;PET Flakes Hot Washing Machine for Plastic Bottle Recycling&quot;,&quot;width&quot;:&quot;142.5&quot;,&quot;_legend&quot;:&quot;{score}\\\/{best} - ({count} {votes})&quot;,&quot;font_factor&quot;:&quot;1.25&quot;}'>              <div class=\"kksr-stars\">      <div class=\"kksr-stars-inactive\">             <div class=\"kksr-star\" data-star=\"1\" style=\"padding-right: 5px\">               <div class=\"kksr-icon\" style=\"width: 24px; height: 24px;\"><\/div>         <\/div>             <div class=\"kksr-star\" data-star=\"2\" style=\"padding-right: 5px\">               <div class=\"kksr-icon\" style=\"width: 24px; height: 24px;\"><\/div>         <\/div>             <div class=\"kksr-star\" data-star=\"3\" style=\"padding-right: 5px\">               <div class=\"kksr-icon\" style=\"width: 24px; height: 24px;\"><\/div>         <\/div>             <div class=\"kksr-star\" data-star=\"4\" style=\"padding-right: 5px\">               <div class=\"kksr-icon\" style=\"width: 24px; height: 24px;\"><\/div>         <\/div>             <div class=\"kksr-star\" data-star=\"5\" style=\"padding-right: 5px\">               <div class=\"kksr-icon\" style=\"width: 24px; height: 24px;\"><\/div>         <\/div>     <\/div>      <div class=\"kksr-stars-active\" style=\"width: 142.5px;\">             <div class=\"kksr-star\" style=\"padding-right: 5px\">               <div class=\"kksr-icon\" style=\"width: 24px; height: 24px;\"><\/div>         <\/div>             <div class=\"kksr-star\" style=\"padding-right: 5px\">               <div class=\"kksr-icon\" style=\"width: 24px; height: 24px;\"><\/div>         <\/div>             <div class=\"kksr-star\" style=\"padding-right: 5px\">               <div class=\"kksr-icon\" style=\"width: 24px; height: 24px;\"><\/div>         <\/div>             <div class=\"kksr-star\" style=\"padding-right: 5px\">               <div class=\"kksr-icon\" style=\"width: 24px; height: 24px;\"><\/div>         <\/div>             <div class=\"kksr-star\" style=\"padding-right: 5px\">               <div class=\"kksr-icon\" style=\"width: 24px; height: 24px;\"><\/div>         <\/div>     <\/div> <\/div>                   <div class=\"kksr-legend\" style=\"font-size: 19.2px;\">             5\/5 - (2 Stimmen)    <\/div>     <\/div>  <p>In einer Hei\u00dfwaschmaschine f\u00fcr PET-Flocken werden die Flaschenschnitzel bei hoher Temperatur ged\u00e4mpft, um das \u00d6l, den Kleber usw. auf der Kunststoffoberfl\u00e4che aufzuweichen, und anschlie\u00dfend mit hei\u00dfem Wasser abgesp\u00fclt. Nach der Reinigung und Entfernung von Wasser erreichen die PET-Flaschenflocken den Standard der Anforderungen an erstklassige saubere Flocken und k\u00f6nnen zu Faserrohstoffen verarbeitet werden.<\/p>    <h2 class=\"wp-block-heading\" id=\"h-pet-flakes-hot-washing-machine-application\">Anwendung von PET-Flocken in der hei\u00dfen Waschmaschine<\/h2>    <p class=\"translation-block\">Shuliy Maschinen ist spezialisiert auf die Herstellung von PET-Flaschenfasern im Hochreinigungsprozess, die zu einer der wichtigen Reinigungsanlagen in der<strong><a href=\"https:\/\/plastic-machines.org\/de\/product\/pet-bottle-recycling-line\/\"> PET-Getr\u00e4nkeflaschen-Reinigungsleitung <\/a><\/strong>geh\u00f6rt und in der Abfallplastik-Recyclingindustrie weit verbreitet eingesetzt wird. PET-Fasern werden repeatedly in kochendem hei\u00dfem Wasser gereinigt und je nach Kundenbedarf k\u00f6nnen Reinigungsmittel in die Maschine gegeben werden, um die Kunststoff-Fasern effektiv zu desinfizieren und weiter Etiketten, \u00d6lflecken und andere schwer zu entfernende Flecken aus dem Kunststoff zu entfernen.<\/p>    <h2 class=\"wp-block-heading\">Struktur der PET-Flocken-Hei\u00dfwaschmaschine<\/h2>    <ol class=\"wp-block-list\"> <li>Die Innenfl\u00e4che des Hei\u00dfwaschtanks ist hochglanzpoliert; Die Oberfl\u00e4che der Au\u00dfenh\u00fclle ist hochglanzpoliert oder matt geschliffen.<\/li>    <li>Die Einlass- und Auslassrohrm\u00fcndung sowie das Schwei\u00dfen des inneren Tankk\u00f6rpers sind Flanschverfahren, es wird ein Rundbogen\u00fcbergang verwendet und die Kante ist glatt und leicht zu reinigen.<\/li>    <li>Zum Heizen wird Kohle oder Erdgas verwendet <a href=\"https:\/\/en.wikipedia.org\/wiki\/Polyethylene_terephthalate\" target=\"_blank\" rel=\"noopener\">HAUSTIER<\/a> Flocken hei\u00df in der Waschmaschine. Wasser ist das Heizmedium und erzeugt W\u00e4rme zur Erw\u00e4rmung des Tankmaterials.<\/li> <\/ol>    <h2 class=\"wp-block-heading\">Vorteile der Kunststoffabfallwaschmaschine<\/h2>    <ul class=\"wp-block-list\"> <li>Wenn Kunden die PET-Flocken-Hei\u00dfwaschmaschine im Freien verwenden m\u00fcssen, k\u00f6nnen unsere Ingenieure bei der Herstellung der Maschine eine isolierende Heizschutzschicht aus Steinwolle an der Au\u00dfenseite der Maschine anbringen, damit die \u00c4nderung der Au\u00dfentemperatur keinen Einfluss auf die Temperatur im Tank hat. Dadurch wird die Reinigungswirkung des Kunststoff-Hei\u00dfwaschtanks gew\u00e4hrleistet.<\/li>    <li>Shuiy Machinery bietet zwei Arten von Heizmethoden an: elektrische Heizung und Dampfheizung. Kunden k\u00f6nnen je nach Situation w\u00e4hlen.<\/li>    <li>Die Hei\u00dfwaschmaschine f\u00fcr PET-Flaschenflocken verwendet im Reinigungsprozess zirkulierendes Wasser, um den Reinigungseffekt sicherzustellen und gleichzeitig den Wasserverbrauch zu reduzieren, wodurch Ressourcen gespart und die Kosten f\u00fcr die Kunden effektiv gesenkt werden k\u00f6nnen.<\/li>    <li>Die Waschmaschine f\u00fcr Kunststoffabf\u00e4lle verwendet ein Hochgeschwindigkeits-Zentrifugalreinigungssystem, wobei das Paddel zum R\u00fchren der Kunststofffolie verwendet wird, um mit einer geeigneten Rotationsgeschwindigkeit zu arbeiten, und die entsprechende Auswirkung auf die Materialfestigkeit ist richtig, was zu einer guten Reinigungswirkung f\u00fchrt.<\/li> <\/ul>    <h2 class=\"wp-block-heading\" id=\"h-hot-washing-tank-plant-diplay\">Anzeige der Hei\u00dfwaschtankanlage <\/h2>   <div class=\"wp-block-image\"> <figure class=\"aligncenter size-full\"><img loading=\"lazy\" decoding=\"async\" width=\"720\" height=\"540\" src=\"https:\/\/plastic-machines.org\/wp-content\/uploads\/2022\/07\/hot-washing-tank-.webp\" alt=\"hei\u00dfer Waschtank\" class=\"wp-image-279\" srcset=\"https:\/\/plastic-machines.org\/wp-content\/uploads\/2022\/07\/hot-washing-tank-.webp 720w, https:\/\/plastic-machines.org\/wp-content\/uploads\/2022\/07\/hot-washing-tank--300x225.webp 300w\" sizes=\"auto, (max-width: 720px) 100vw, 720px\" \/><figcaption class=\"wp-element-caption\">PET-Flocken hei\u00df in der Waschmaschine waschen<\/figcaption><\/figure> <\/div>  <div class=\"wp-block-image\"> <figure class=\"aligncenter size-full is-resized\"><img loading=\"lazy\" decoding=\"async\" width=\"720\" height=\"540\" src=\"https:\/\/plastic-machines.org\/wp-content\/uploads\/2022\/07\/plastic-washing-tank-in-plant.webp\" alt=\"Kunststoff-Waschtank in der Anlage\" class=\"wp-image-280\" style=\"width:720px;height:540px\" srcset=\"https:\/\/plastic-machines.org\/wp-content\/uploads\/2022\/07\/plastic-washing-tank-in-plant.webp 720w, https:\/\/plastic-machines.org\/wp-content\/uploads\/2022\/07\/plastic-washing-tank-in-plant-300x225.webp 300w\" sizes=\"auto, (max-width: 720px) 100vw, 720px\" \/><figcaption class=\"wp-element-caption\">Kunststoff-Waschtank in der Anlage<\/figcaption><\/figure> <\/div>  <div class=\"wp-block-image\"> <figure class=\"aligncenter size-full\"><img loading=\"lazy\" decoding=\"async\" width=\"720\" height=\"540\" src=\"https:\/\/plastic-machines.org\/wp-content\/uploads\/2022\/07\/PET-Flakes-Hot-Washing-Machine.webp\" alt=\"Hei\u00dfe Waschmaschine f\u00fcr PET-Flocken\" class=\"wp-image-281\" srcset=\"https:\/\/plastic-machines.org\/wp-content\/uploads\/2022\/07\/PET-Flakes-Hot-Washing-Machine.webp 720w, https:\/\/plastic-machines.org\/wp-content\/uploads\/2022\/07\/PET-Flakes-Hot-Washing-Machine-300x225.webp 300w\" sizes=\"auto, (max-width: 720px) 100vw, 720px\" \/><figcaption class=\"wp-element-caption\">PET-Flocken hei\u00df in der Waschmaschine waschen<\/figcaption><\/figure> <\/div>   <h2 class=\"wp-block-heading\">Hei\u00dfe Waschmaschinenparameter f\u00fcr PET-Flaschenflocken<\/h2>    <p>Das Modell SL-500 ist der beliebteste Typ von Hei\u00dfwaschtanks. Sein Durchmesser und seine H\u00f6he sind f\u00fcr die meisten Kunststoffrecyclinganlagen geeignet. Wenn Sie jedoch an anderen Modellen interessiert sind, k\u00f6nnen Sie sich gerne an uns wenden. Unser Verkaufsleiter wird Ihnen so schnell wie m\u00f6glich antworten.<\/p>    <figure class=\"wp-block-table\"><table><tbody><tr><td>Modell<\/td><td>SL-500<\/td><\/tr><tr><td>H\u00f6he<\/td><td>2m<\/td><\/tr><tr><td>Durchmesser<\/td><td>1,3 m<\/td><\/tr><tr><td>Unsere Dicke<\/td><td>4mm<\/td><\/tr><tr><td>Bodenst\u00e4rke<\/td><td>8mm<\/td><\/tr><tr><td>Material<\/td><td>Kartonstahl<\/td><\/tr><tr><td>Leistung<\/td><td>4 kW<\/td><\/tr><tr><td>Heizmethode<\/td><td>Elektrisch und Dampf<\/td><\/tr><\/tbody><\/table><\/figure>    <h2 class=\"wp-block-heading\">Empfehlen Sie die Kunststoffrecyclinglinie<\/h2>    <p class=\"translation-block\">Die PET-Flaschenwaschlinie ist eine der beliebtesten Recyclinglinien bei Shuliy Machinery. Die regul\u00e4re Ausr\u00fcstung umfasst <a href=\"https:\/\/plastic-machines.org\/de\/product\/pet-bottle-label-remover-machine\/\">Flaschenentferner<\/a>, <a href=\"https:\/\/plastic-machines.org\/de\/product\/plastic-bottle-crusher\/\">PET-Flaschenzerkleinerer<\/a>, <a href=\"https:\/\/plastic-machines.org\/de\/product\/plastic-float-sink-tank\/\">Kunststoffwaschtank<\/a>, <a href=\"https:\/\/plastic-machines.org\/de\/product\/pet-flakes-friction-washer\/\">Kunststoffreibewaschmaschine<\/a>, Hei\u00dfwasserwaschtank,<a href=\"https:\/\/plastic-machines.org\/de\/product\/plastic-chips-dryer-machine\/\"> Kunststofftrockner<\/a> und F\u00f6rderb\u00e4nder. <\/p>    <p>Unser Unternehmen kann sowohl Standard- als auch ma\u00dfgeschneiderte PET-Kunststoff-Recyclingsysteme anbieten, um den Anforderungen von Recyclingunternehmen jeder Gr\u00f6\u00dfe gerecht zu werden. Das Recyclingsystem ist in der Lage, ein breites Spektrum an PET-Kunststoffen zu verarbeiten, wobei je nach unterschiedlichem Verschmutzungsgrad Ihrer Rohstoffe unterschiedliche Reinigungsmaschinen zum Einsatz kommen. Die gesamte Reinigungslinie ist einfach zu bedienen, hocheffizient und verbraucht wenig Energie.<\/p>   <div class=\"wp-block-image\"> <figure class=\"aligncenter size-full\"><img loading=\"lazy\" decoding=\"async\" width=\"720\" height=\"540\" src=\"https:\/\/plastic-machines.org\/wp-content\/uploads\/2022\/07\/PET-washer-machine.webp\" alt=\"Hei\u00dfwaschmaschine f\u00fcr PET-Flocken zum Recycling von Plastikflaschen\" class=\"wp-image-1206\" srcset=\"https:\/\/plastic-machines.org\/wp-content\/uploads\/2022\/07\/PET-washer-machine.webp 720w, https:\/\/plastic-machines.org\/wp-content\/uploads\/2022\/07\/PET-washer-machine-300x225.webp 300w, https:\/\/plastic-machines.org\/wp-content\/uploads\/2022\/07\/PET-washer-machine-16x12.webp 16w\" sizes=\"auto, (max-width: 720px) 100vw, 720px\" \/><figcaption class=\"wp-element-caption\">Hei\u00dfe Waschmaschine f\u00fcr PET-Flocken<\/figcaption><\/figure> <\/div>  <div class=\"wp-block-image\"> <figure class=\"aligncenter size-full\"><img loading=\"lazy\" decoding=\"async\" width=\"720\" height=\"540\" src=\"https:\/\/plastic-machines.org\/wp-content\/uploads\/2022\/07\/PET-washing-line1.webp\" alt=\"Hei\u00dfe Waschmaschine f\u00fcr PET-Flocken \" class=\"wp-image-301\" srcset=\"https:\/\/plastic-machines.org\/wp-content\/uploads\/2022\/07\/PET-washing-line1.webp 720w, https:\/\/plastic-machines.org\/wp-content\/uploads\/2022\/07\/PET-washing-line1-300x225.webp 300w\" sizes=\"auto, (max-width: 720px) 100vw, 720px\" \/><figcaption class=\"wp-element-caption\">Waschanlage f\u00fcr PET-Flaschen <\/figcaption><\/figure> <\/div>","protected":false},"excerpt":{"rendered":"<p>A PET flakes hot washing machine is used to steam the bottle chips at a high temperature to soften the oil, glue, etc. on the plastic surface, and then rinsed with hot water. After cleaning and removing water, the PET bottle flakes will reach the standard of first-class clean flakes requirement and can be made [&hellip;]<\/p>\n","protected":false},"author":1,"featured_media":444,"parent":0,"template":"","tags":[56,35],"product-type":[14],"class_list":["post-276","product","type-product","status-publish","has-post-thumbnail","hentry","tag-hot-washing","tag-pet","product-type-plastic-cleaning-drying-equipment"],"taxonomy_info":{"post_tag":[{"value":56,"label":"hot washing"},{"value":35,"label":"PET"}],"product-type":[{"value":14,"label":"Plastic Cleaning&amp;Drying equipment"}]},"featured_image_src_large":["https:\/\/plastic-machines.org\/wp-content\/uploads\/2022\/06\/hot-water-washing-machine1.webp",720,540,false],"author_info":{"display_name":"Ella","author_link":"https:\/\/plastic-machines.org\/de\/author\/admin\/"},"comment_info":"","_links":{"self":[{"href":"https:\/\/plastic-machines.org\/de\/wp-json\/wp\/v2\/product\/276","targetHints":{"allow":["GET"]}}],"collection":[{"href":"https:\/\/plastic-machines.org\/de\/wp-json\/wp\/v2\/product"}],"about":[{"href":"https:\/\/plastic-machines.org\/de\/wp-json\/wp\/v2\/types\/product"}],"author":[{"embeddable":true,"href":"https:\/\/plastic-machines.org\/de\/wp-json\/wp\/v2\/users\/1"}],"wp:featuredmedia":[{"embeddable":true,"href":"https:\/\/plastic-machines.org\/de\/wp-json\/wp\/v2\/media\/444"}],"wp:attachment":[{"href":"https:\/\/plastic-machines.org\/de\/wp-json\/wp\/v2\/media?parent=276"}],"wp:term":[{"taxonomy":"post_tag","embeddable":true,"href":"https:\/\/plastic-machines.org\/de\/wp-json\/wp\/v2\/tags?post=276"},{"taxonomy":"product-type","embeddable":true,"href":"https:\/\/plastic-machines.org\/de\/wp-json\/wp\/v2\/product-type?post=276"}],"curies":[{"name":"wp","href":"https:\/\/api.w.org\/{rel}","templated":true}]}}