{"id":273,"date":"2022-07-11T03:07:36","date_gmt":"2022-07-11T03:07:36","guid":{"rendered":"https:\/\/plastic-machines.org\/?post_type=product&#038;p=273"},"modified":"2025-11-14T16:37:05","modified_gmt":"2025-11-14T08:37:05","slug":"plastic-chips-dryer-machine","status":"publish","type":"product","link":"https:\/\/plastic-machines.org\/de\/product\/plastic-chips-dryer-machine\/","title":{"rendered":"Horizontale Trocknermaschine f\u00fcr Kunststoffsp\u00e4ne"},"content":{"rendered":"<div class=\"kk-star-ratings kksr-auto kksr-align-left kksr-valign-top\"     data-payload='{&quot;align&quot;:&quot;left&quot;,&quot;id&quot;:&quot;273&quot;,&quot;slug&quot;:&quot;default&quot;,&quot;valign&quot;:&quot;top&quot;,&quot;ignore&quot;:&quot;&quot;,&quot;reference&quot;:&quot;auto&quot;,&quot;class&quot;:&quot;&quot;,&quot;count&quot;:&quot;5&quot;,&quot;legendonly&quot;:&quot;&quot;,&quot;readonly&quot;:&quot;&quot;,&quot;score&quot;:&quot;5&quot;,&quot;starsonly&quot;:&quot;&quot;,&quot;best&quot;:&quot;5&quot;,&quot;gap&quot;:&quot;5&quot;,&quot;greet&quot;:&quot;Rate this product&quot;,&quot;legend&quot;:&quot;5\\\/5 - (5 votes)&quot;,&quot;size&quot;:&quot;24&quot;,&quot;title&quot;:&quot;Horizontal Plastic Chips Dryer Machine&quot;,&quot;width&quot;:&quot;142.5&quot;,&quot;_legend&quot;:&quot;{score}\\\/{best} - ({count} {votes})&quot;,&quot;font_factor&quot;:&quot;1.25&quot;}'>              <div class=\"kksr-stars\">      <div class=\"kksr-stars-inactive\">             <div class=\"kksr-star\" data-star=\"1\" style=\"padding-right: 5px\">               <div class=\"kksr-icon\" style=\"width: 24px; height: 24px;\"><\/div>         <\/div>             <div class=\"kksr-star\" data-star=\"2\" style=\"padding-right: 5px\">               <div class=\"kksr-icon\" style=\"width: 24px; height: 24px;\"><\/div>         <\/div>             <div class=\"kksr-star\" data-star=\"3\" style=\"padding-right: 5px\">               <div class=\"kksr-icon\" style=\"width: 24px; height: 24px;\"><\/div>         <\/div>             <div class=\"kksr-star\" data-star=\"4\" style=\"padding-right: 5px\">               <div class=\"kksr-icon\" style=\"width: 24px; height: 24px;\"><\/div>         <\/div>             <div class=\"kksr-star\" data-star=\"5\" style=\"padding-right: 5px\">               <div class=\"kksr-icon\" style=\"width: 24px; height: 24px;\"><\/div>         <\/div>     <\/div>      <div class=\"kksr-stars-active\" style=\"width: 142.5px;\">             <div class=\"kksr-star\" style=\"padding-right: 5px\">               <div class=\"kksr-icon\" style=\"width: 24px; height: 24px;\"><\/div>         <\/div>             <div class=\"kksr-star\" style=\"padding-right: 5px\">               <div class=\"kksr-icon\" style=\"width: 24px; height: 24px;\"><\/div>         <\/div>             <div class=\"kksr-star\" style=\"padding-right: 5px\">               <div class=\"kksr-icon\" style=\"width: 24px; height: 24px;\"><\/div>         <\/div>             <div class=\"kksr-star\" style=\"padding-right: 5px\">               <div class=\"kksr-icon\" style=\"width: 24px; height: 24px;\"><\/div>         <\/div>             <div class=\"kksr-star\" style=\"padding-right: 5px\">               <div class=\"kksr-icon\" style=\"width: 24px; height: 24px;\"><\/div>         <\/div>     <\/div> <\/div>                   <div class=\"kksr-legend\" style=\"font-size: 19.2px;\">             5\/5 - (5 Stimmen)    <\/div>     <\/div>  <p>Eine Kunststoffschnitzel-Trocknermaschine ist eine effiziente Kunststoffrecyclinganlage. Die gereinigten Kunststoffteile werden vor der Granulierung im Trockner mit hoher Geschwindigkeit entw\u00e4ssert und getrocknet. Daher spielt der Kunststoff-Entfeuchtungstrockner eine wichtige Rolle im Prozess der Granulierung von Kunststoffabf\u00e4llen. Es handelt sich um eine fortschrittliche automatische Zusatzausr\u00fcstung f\u00fcr das Kunststoffrecycling.<\/p>    <h2 class=\"wp-block-heading\" id=\"h-plastic-dryer-machine-application\">Anwendung f\u00fcr Kunststofftrockner<\/h2>    <p class=\"translation-block\">Diese Kunststoff-Chips-Trockner-Maschine eignet sich f\u00fcr harte Kunststoffmaterialien wie PP-F\u00e4sser, Drum, K\u00f6rbe, Spielzeug, Flaschen usw. Ein Horizontal-Trockner wird immer in der <strong><a href=\"https:\/\/plastic-machines.org\/de\/product\/plastic-recycling-granulating-line\/\">Kunststoff-Fassgranulieranlage<\/a><\/strong> zum Trocknen von zerkleinerten Kunststoffchips vor der Granulierung verwendet. Dar\u00fcber hinaus ist die Kunststoff-Abtropfmaschine auch auf die <strong><a href=\"https:\/\/plastic-machines.org\/de\/product\/pet-bottle-recycling-line\/\">PET-Flaschen-Reinigungsanlage<\/a><\/strong> anwendbar. Im letzten Schritt des Recyclingprozesses werden PET-Chips durch den Kunststoff-Trockner entw\u00e4ssert, sodass die getrockneten Kunststoffflakes verpackt werden k\u00f6nnen.<\/p>    <figure class=\"wp-block-embed is-type-video is-provider-youtube wp-block-embed-youtube wp-embed-aspect-4-3 wp-has-aspect-ratio\"><div class=\"wp-block-embed__wrapper\"> <iframe loading=\"lazy\" title=\"Horizontaler Trockner f\u00fcr Kunststoffrecycling #Kunststoffrecycling #Maschine\" width=\"500\" height=\"375\" src=\"https:\/\/www.youtube.com\/embed\/tw-SdiclyeE?feature=oembed\" frameborder=\"0\" allow=\"accelerometer; autoplay; clipboard-write; encrypted-media; gyroscope; picture-in-picture; web-share\" referrerpolicy=\"strict-origin-when-cross-origin\" allowfullscreen><\/iframe> <\/div><\/figure>    <h2 class=\"wp-block-heading\" id=\"h-advantages-of-plastic-chips-dryer-machine\">Vorteile der Kunststoffsp\u00e4ne-Trocknermaschine<\/h2>    <ol class=\"wp-block-list\"> <li>Die Kunststoff-Entw\u00e4sserungsmaschine hat ein breites Anwendungsspektrum, das effektiv dabei helfen kann, verschiedene zerkleinerte Kunststoffe wie PET-Flaschen, PE-Flocken, PP-Flocken usw. zu entw\u00e4ssern.<\/li>    <li>Der Entfeuchtungstrockner aus Kunststoff hat eine gute Entw\u00e4sserungswirkung und einen geringen Stromverbrauch. Neben der Entw\u00e4sserung kann der Horizontaltrockner auch Sand und andere mikroskopisch kleine R\u00fcckst\u00e4nde herausfiltern, die an der Oberfl\u00e4che der Kunststoffflocken haften.<\/li>    <li>Das Sieb im Kunststofftrockner ist aus hochwertigem Edelstahl gefertigt, der Rotor und der K\u00f6rper bestehen aus rostfreiem Material, und die gesamte Ausr\u00fcstung ist langlebig.<\/li>    <li>Die Struktur der Trocknermaschine f\u00fcr Kunststoffschnitzel ist sehr vern\u00fcnftig konstruiert, das Personal kann das Geh\u00e4use leicht \u00f6ffnen und die auf dem Sieb im Inneren des horizontalen Trockners verbliebenen Verunreinigungen rechtzeitig entfernen, und die t\u00e4gliche Wartungsmethode ist einfach.<\/li> <\/ol>    <h2 class=\"wp-block-heading\" id=\"h-technical-data-of-horizontal-dryer\">Technische Daten der Horizontal-Trocknermaschine<\/h2>    <figure class=\"wp-block-table\"><table><tbody><tr><td>&nbsp;Modell<\/td><td>SL-550<\/td><\/tr><tr><td>Au\u00dfendurchmesser<\/td><td>550mm<\/td><\/tr><tr><td>L\u00e4nge<\/td><td>1000mm<\/td><\/tr><tr><td>Filterlochdurchmesser<\/td><td>4mm<\/td><\/tr><tr><td>Kapazit\u00e4t<\/td><td>1000 kg\/h<\/td><\/tr><\/tbody><\/table><\/figure>    <h2 class=\"wp-block-heading\" id=\"h-horizontal-dewatering-machine-display\">Ausstellung einer Kunststoff-Entw\u00e4sserungsmaschine<\/h2>    <p>Das Geh\u00e4use der horizontalen Entw\u00e4sserungsmaschine kann individuell gestaltet werden, im Allgemeinen grau oder blau, und kann auch an die spezifischen Bed\u00fcrfnisse der Kunden angepasst werden.<\/p>    <figure class=\"wp-block-gallery has-nested-images columns-default is-cropped wp-block-gallery-2 is-layout-flex wp-block-gallery-is-layout-flex\"> <figure class=\"wp-block-image size-large\"><img loading=\"lazy\" decoding=\"async\" width=\"720\" height=\"540\" data-id=\"283\" src=\"https:\/\/plastic-machines.org\/wp-content\/uploads\/2022\/07\/horizontal-plastic-dryer.webp\" alt=\"horizontaler Kunststofftrockner\" class=\"wp-image-283\" srcset=\"https:\/\/plastic-machines.org\/wp-content\/uploads\/2022\/07\/horizontal-plastic-dryer.webp 720w, https:\/\/plastic-machines.org\/wp-content\/uploads\/2022\/07\/horizontal-plastic-dryer-300x225.webp 300w\" sizes=\"auto, (max-width: 720px) 100vw, 720px\" \/><figcaption class=\"wp-element-caption\">horizontaler Kunststofftrockner<\/figcaption><\/figure>    <figure class=\"wp-block-image size-large\"><img loading=\"lazy\" decoding=\"async\" width=\"720\" height=\"540\" data-id=\"284\" src=\"https:\/\/plastic-machines.org\/wp-content\/uploads\/2022\/07\/PET-washing-line-.webp\" alt=\"Maschinen f\u00fcr die Reinigung von PET-Flaschen\" class=\"wp-image-284\" srcset=\"https:\/\/plastic-machines.org\/wp-content\/uploads\/2022\/07\/PET-washing-line-.webp 720w, https:\/\/plastic-machines.org\/wp-content\/uploads\/2022\/07\/PET-washing-line--300x225.webp 300w\" sizes=\"auto, (max-width: 720px) 100vw, 720px\" \/><figcaption class=\"wp-element-caption\">PET-W\u00e4scheleine<\/figcaption><\/figure> <\/figure>    <figure class=\"wp-block-gallery has-nested-images columns-default is-cropped wp-block-gallery-3 is-layout-flex wp-block-gallery-is-layout-flex\"> <figure class=\"wp-block-image size-large\"><img loading=\"lazy\" decoding=\"async\" width=\"720\" height=\"540\" data-id=\"285\" src=\"https:\/\/plastic-machines.org\/wp-content\/uploads\/2022\/07\/horizontal-dryer-in-plant.webp\" alt=\"Kunststoff-Entw\u00e4sserungsmaschine\" class=\"wp-image-285\" srcset=\"https:\/\/plastic-machines.org\/wp-content\/uploads\/2022\/07\/horizontal-dryer-in-plant.webp 720w, https:\/\/plastic-machines.org\/wp-content\/uploads\/2022\/07\/horizontal-dryer-in-plant-300x225.webp 300w\" sizes=\"auto, (max-width: 720px) 100vw, 720px\" \/><figcaption class=\"wp-element-caption\">Horizontaltrockner in der Anlage<\/figcaption><\/figure>    <figure class=\"wp-block-image size-large\"><img loading=\"lazy\" decoding=\"async\" width=\"720\" height=\"540\" data-id=\"286\" src=\"https:\/\/plastic-machines.org\/wp-content\/uploads\/2022\/07\/horizontal-dryer-1.webp\" alt=\"horizontaler Kunststofftrockner\" class=\"wp-image-286\" srcset=\"https:\/\/plastic-machines.org\/wp-content\/uploads\/2022\/07\/horizontal-dryer-1.webp 720w, https:\/\/plastic-machines.org\/wp-content\/uploads\/2022\/07\/horizontal-dryer-1-300x225.webp 300w\" sizes=\"auto, (max-width: 720px) 100vw, 720px\" \/><figcaption class=\"wp-element-caption\">Trocknermaschine f\u00fcr Kunststoffschnitzel<\/figcaption><\/figure> <\/figure>    <figure class=\"wp-block-gallery has-nested-images columns-default is-cropped wp-block-gallery-4 is-layout-flex wp-block-gallery-is-layout-flex\"> <figure class=\"wp-block-image size-large\"><img loading=\"lazy\" decoding=\"async\" width=\"720\" height=\"540\" data-id=\"289\" src=\"https:\/\/plastic-machines.org\/wp-content\/uploads\/2022\/07\/plastic-dryer-machine-1.webp\" alt=\"Plastiktrocknermaschine\" class=\"wp-image-289\" srcset=\"https:\/\/plastic-machines.org\/wp-content\/uploads\/2022\/07\/plastic-dryer-machine-1.webp 720w, https:\/\/plastic-machines.org\/wp-content\/uploads\/2022\/07\/plastic-dryer-machine-1-300x225.webp 300w\" sizes=\"auto, (max-width: 720px) 100vw, 720px\" \/><figcaption class=\"wp-element-caption\">Plastiktrocknermaschine<\/figcaption><\/figure>    <figure class=\"wp-block-image size-large\"><img loading=\"lazy\" decoding=\"async\" width=\"720\" height=\"540\" data-id=\"290\" src=\"https:\/\/plastic-machines.org\/wp-content\/uploads\/2022\/07\/plastic-dryer.webp\" alt=\"Plastiktrocknermaschine\" class=\"wp-image-290\" srcset=\"https:\/\/plastic-machines.org\/wp-content\/uploads\/2022\/07\/plastic-dryer.webp 720w, https:\/\/plastic-machines.org\/wp-content\/uploads\/2022\/07\/plastic-dryer-300x225.webp 300w\" sizes=\"auto, (max-width: 720px) 100vw, 720px\" \/><figcaption class=\"wp-element-caption\">Plastiktrockner<\/figcaption><\/figure> <\/figure>    <h2 class=\"wp-block-heading\">Empfehlen Sie Maschinen f\u00fcr die Kunststoffrecyclinglinie<\/h2>    <p class=\"translation-block\">Der horizontale Kunststoff-Abtropfmaschine wird stets in einer <a href=\"https:\/\/plastic-machines.org\/de\/product\/plastic-recycling-granulating-line\/\">Kunststoff- Pelletsierlinie<\/a> und in einer <a href=\"https:\/\/plastic-machines.org\/de\/product\/pet-bottle-recycling-line\/\">PET-Flaschen-Reinigungsanlage<\/a> verwendet. Der Trockner entfernt Wasser von den Kunststoffteilen und ist der letzte Schritt der kompletten Recyclinglinie. Wenn Ihre Rohstoffe weichen Kunststoff wie Kunststofffolien oder -s\u00e4cke sind, empfehlen wir Ihnen, einen <a href=\"https:\/\/plastic-machines.org\/de\/product\/plastic-film-dryer-machine\/\">Vertical-Typ Kunststofftrockner<\/a> zu w\u00e4hlen.<\/p>    <figure class=\"wp-block-image size-large\"><img loading=\"lazy\" decoding=\"async\" width=\"1024\" height=\"576\" src=\"https:\/\/plastic-machines.org\/wp-content\/uploads\/2022\/06\/plastic-washing-machine-1024x576.webp\" alt=\"Plastikwaschmaschine\" class=\"wp-image-148\" srcset=\"https:\/\/plastic-machines.org\/wp-content\/uploads\/2022\/06\/plastic-washing-machine-1024x576.webp 1024w, https:\/\/plastic-machines.org\/wp-content\/uploads\/2022\/06\/plastic-washing-machine-300x169.webp 300w, https:\/\/plastic-machines.org\/wp-content\/uploads\/2022\/06\/plastic-washing-machine-768x432.webp 768w, https:\/\/plastic-machines.org\/wp-content\/uploads\/2022\/06\/plastic-washing-machine-1536x864.webp 1536w, https:\/\/plastic-machines.org\/wp-content\/uploads\/2022\/06\/plastic-washing-machine.webp 1920w\" sizes=\"auto, (max-width: 1024px) 100vw, 1024px\" \/><figcaption class=\"wp-element-caption\">Kunststoffwaschmaschine und horizontaler Trockner<\/figcaption><\/figure>    <h2 class=\"wp-block-heading\"> Shuliy-Dienstleistungen f\u00fcr unsere Kunden<\/h2>    <ul class=\"wp-block-list\"> <li><strong>Vorverkaufsservice: <\/strong>Wir bieten eine Projektplanung f\u00fcr das Kunststoffrecycling an und entwickeln eine Reihe geeigneter Maschinen- und Ausr\u00fcstungsprogramme. Dar\u00fcber hinaus unterst\u00fctzt unser Werk entsprechend Ihren speziellen Anforderungen ma\u00dfgeschneiderte Kunststoffrecyclingmaschinen.<\/li>    <li><strong>Mid-Sales-Service<\/strong>: Der Vertriebsleiter bleibt w\u00e4hrend des gesamten Prozesses mit Ihnen in Kontakt und \u00fcberwacht die Produktion, Verladung und Lieferung der Maschine. Unser Verkaufsleiter begleitet den Kunden bei der Abnahme der Ger\u00e4te.<\/li>    <li><strong>Kundendienst:<\/strong> Die Shuliy Group stellt Online-Videoinstallationsanweisungen zur Verf\u00fcgung. Bei Bedarf k\u00f6nnen wir technisches Personal in das Land des Kunden entsenden, um die Installation der Ger\u00e4te zu leiten und die Bediener zu schulen. Dar\u00fcber hinaus wird den Shuliy-Kunststoffrecyclingmaschinen, mit Ausnahme von Verschlei\u00dfteilen, eine Qualit\u00e4tswartung innerhalb von 12 Monaten garantiert.<\/li> <\/ul>","protected":false},"excerpt":{"rendered":"<p>A plastic chips dryer machine is efficient plastic recycling equipment. The cleaned plastic pieces are dewatered and dried at high speed by the dryer before granulation. So the plastic dehumidifying dryer plays an important role in the process of waste plastic granulation. It is an advanced automatic auxiliary equipment for plastic recycling. Plastic dryer machine [&hellip;]<\/p>\n","protected":false},"author":1,"featured_media":443,"parent":0,"template":"","tags":[57,39],"product-type":[14],"class_list":["post-273","product","type-product","status-publish","has-post-thumbnail","hentry","tag-dry","tag-flake","product-type-plastic-cleaning-drying-equipment"],"taxonomy_info":{"post_tag":[{"value":57,"label":"dry"},{"value":39,"label":"flake"}],"product-type":[{"value":14,"label":"Plastic Cleaning&amp;Drying equipment"}]},"featured_image_src_large":["https:\/\/plastic-machines.org\/wp-content\/uploads\/2022\/06\/horizontal-dryer1.webp",720,540,false],"author_info":{"display_name":"Ella","author_link":"https:\/\/plastic-machines.org\/de\/author\/admin\/"},"comment_info":"","_links":{"self":[{"href":"https:\/\/plastic-machines.org\/de\/wp-json\/wp\/v2\/product\/273","targetHints":{"allow":["GET"]}}],"collection":[{"href":"https:\/\/plastic-machines.org\/de\/wp-json\/wp\/v2\/product"}],"about":[{"href":"https:\/\/plastic-machines.org\/de\/wp-json\/wp\/v2\/types\/product"}],"author":[{"embeddable":true,"href":"https:\/\/plastic-machines.org\/de\/wp-json\/wp\/v2\/users\/1"}],"wp:featuredmedia":[{"embeddable":true,"href":"https:\/\/plastic-machines.org\/de\/wp-json\/wp\/v2\/media\/443"}],"wp:attachment":[{"href":"https:\/\/plastic-machines.org\/de\/wp-json\/wp\/v2\/media?parent=273"}],"wp:term":[{"taxonomy":"post_tag","embeddable":true,"href":"https:\/\/plastic-machines.org\/de\/wp-json\/wp\/v2\/tags?post=273"},{"taxonomy":"product-type","embeddable":true,"href":"https:\/\/plastic-machines.org\/de\/wp-json\/wp\/v2\/product-type?post=273"}],"curies":[{"name":"wp","href":"https:\/\/api.w.org\/{rel}","templated":true}]}}