{"id":262,"date":"2022-07-08T08:45:58","date_gmt":"2022-07-08T08:45:58","guid":{"rendered":"https:\/\/plastic-machines.org\/?post_type=product&#038;p=262"},"modified":"2025-11-14T16:38:43","modified_gmt":"2025-11-14T08:38:43","slug":"plastic-film-dryer-machine","status":"publish","type":"product","link":"https:\/\/plastic-machines.org\/de\/product\/plastic-film-dryer-machine\/","title":{"rendered":"Vertikale Kunststofffolien-Trocknermaschine"},"content":{"rendered":"<div class=\"kk-star-ratings kksr-auto kksr-align-left kksr-valign-top\"     data-payload='{&quot;align&quot;:&quot;left&quot;,&quot;id&quot;:&quot;262&quot;,&quot;slug&quot;:&quot;default&quot;,&quot;valign&quot;:&quot;top&quot;,&quot;ignore&quot;:&quot;&quot;,&quot;reference&quot;:&quot;auto&quot;,&quot;class&quot;:&quot;&quot;,&quot;count&quot;:&quot;9&quot;,&quot;legendonly&quot;:&quot;&quot;,&quot;readonly&quot;:&quot;&quot;,&quot;score&quot;:&quot;4.6&quot;,&quot;starsonly&quot;:&quot;&quot;,&quot;best&quot;:&quot;5&quot;,&quot;gap&quot;:&quot;5&quot;,&quot;greet&quot;:&quot;Rate this product&quot;,&quot;legend&quot;:&quot;4.6\\\/5 - (9 votes)&quot;,&quot;size&quot;:&quot;24&quot;,&quot;title&quot;:&quot;Vertical Plastic Film Dryer Machine&quot;,&quot;width&quot;:&quot;130.9&quot;,&quot;_legend&quot;:&quot;{score}\\\/{best} - ({count} {votes})&quot;,&quot;font_factor&quot;:&quot;1.25&quot;}'>              <div class=\"kksr-stars\">      <div class=\"kksr-stars-inactive\">             <div class=\"kksr-star\" data-star=\"1\" style=\"padding-right: 5px\">               <div class=\"kksr-icon\" style=\"width: 24px; height: 24px;\"><\/div>         <\/div>             <div class=\"kksr-star\" data-star=\"2\" style=\"padding-right: 5px\">               <div class=\"kksr-icon\" style=\"width: 24px; height: 24px;\"><\/div>         <\/div>             <div class=\"kksr-star\" data-star=\"3\" style=\"padding-right: 5px\">               <div class=\"kksr-icon\" style=\"width: 24px; height: 24px;\"><\/div>         <\/div>             <div class=\"kksr-star\" data-star=\"4\" style=\"padding-right: 5px\">               <div class=\"kksr-icon\" style=\"width: 24px; height: 24px;\"><\/div>         <\/div>             <div class=\"kksr-star\" data-star=\"5\" style=\"padding-right: 5px\">               <div class=\"kksr-icon\" style=\"width: 24px; height: 24px;\"><\/div>         <\/div>     <\/div>      <div class=\"kksr-stars-active\" style=\"width: 130.9px;\">             <div class=\"kksr-star\" style=\"padding-right: 5px\">               <div class=\"kksr-icon\" style=\"width: 24px; height: 24px;\"><\/div>         <\/div>             <div class=\"kksr-star\" style=\"padding-right: 5px\">               <div class=\"kksr-icon\" style=\"width: 24px; height: 24px;\"><\/div>         <\/div>             <div class=\"kksr-star\" style=\"padding-right: 5px\">               <div class=\"kksr-icon\" style=\"width: 24px; height: 24px;\"><\/div>         <\/div>             <div class=\"kksr-star\" style=\"padding-right: 5px\">               <div class=\"kksr-icon\" style=\"width: 24px; height: 24px;\"><\/div>         <\/div>             <div class=\"kksr-star\" style=\"padding-right: 5px\">               <div class=\"kksr-icon\" style=\"width: 24px; height: 24px;\"><\/div>         <\/div>     <\/div> <\/div>                   <div class=\"kksr-legend\" style=\"font-size: 19.2px;\">             4,6\/5 - (9 Stimmen)    <\/div>     <\/div>  <p>Eine Maschine zum Trocknen von Kunststofffolien ist eines der wichtigsten Ger\u00e4te im Kunststoffrecyclingprozess. Dadurch wird das Wasser aus dem Kunststoffabfall entfernt. Einige Kunden m\u00f6chten mehr als eine Kunststoffabfall-Trocknungsmaschine vorbereiten, die zu ihren Waschtanks passt, um viel sauberere Kunststoffschnitzel herzustellen.<\/p>    <figure class=\"wp-block-embed is-type-video is-provider-youtube wp-block-embed-youtube wp-embed-aspect-16-9 wp-has-aspect-ratio\"><div class=\"wp-block-embed__wrapper\"> <iframe loading=\"lazy\" title=\"Vertikale Hebe- und Entw\u00e4sserungsmaschine f\u00fcr Kunststoffrecyclingfabriken\" width=\"500\" height=\"281\" src=\"https:\/\/www.youtube.com\/embed\/b9OoE2BIFGA?feature=oembed\" frameborder=\"0\" allow=\"accelerometer; autoplay; clipboard-write; encrypted-media; gyroscope; picture-in-picture; web-share\" referrerpolicy=\"strict-origin-when-cross-origin\" allowfullscreen><\/iframe> <\/div><\/figure>    <h2 class=\"wp-block-heading\" id=\"h-application-of-plastic-film-dryer-machine\">Anwendung einer Kunststofffolientrocknermaschine<\/h2>    <p class=\"translation-block\">Der Kunststofftrockner ist am Ende des Beckens installiert und hat die Funktion des Trocknens. Ein vertikaler Trockner wird haupts\u00e4chlich zum Trocknen von zerkleinertem und gereinigtem Kunststofffolien, Abfallgewebetaschen, Plastikt\u00fcten und anderen Materialien verwendet. Im Prozess der Kunststoffgranulierung muss der Kunststoff, der in die <a href=\"https:\/\/plastic-machines.org\/de\/product\/plastic-extruder-machine\/\">Kunststoffpelletmaschine<\/a> gelangt, trocken sein, sodass das Trocknen von Kunststoff ein unerl\u00e4ssliches Ger\u00e4t in der <a href=\"https:\/\/plastic-machines.org\/de\/product\/plastic-granulating-line\/\">Kunststoffgranulationslinie<\/a> ist. Die getrockneten Kunststoffteile gelangen \u00fcber das automatische Bandf\u00f6rderer in den Pellet-Extruder.<\/p>    <h2 class=\"wp-block-heading\">Funktionsweise eines Kunststoff-Trockners<\/h2>    <p>Der Folientrockner ist einmotorig, wird stehend transportiert und ist mit einer Umlenkeinrichtung ausgestattet. Im Inneren des D\u00f6rrger\u00e4ts aus Kunststoff befindet sich ein hochwertiges Filtersieb. Das Filtersieb dreht sich w\u00e4hrend des Betriebs mit hoher Geschwindigkeit und der Kunststoff wird durch die Hochgeschwindigkeitszentrifugalkraft entw\u00e4ssert. Die Arbeitsgeschwindigkeit der Anlage betr\u00e4gt 900-1500 U\/min. Shuliy Machinery unterst\u00fctzt ma\u00dfgeschneiderte Dienstleistungen. Der Beschleuniger kann je nach Kundenwunsch hinzugef\u00fcgt werden, um die Geschwindigkeit der Kunststoffschrott-Trocknungsmaschine zu erh\u00f6hen.<\/p>   <div class=\"wp-block-image\"> <figure class=\"aligncenter size-full\"><img loading=\"lazy\" decoding=\"async\" width=\"720\" height=\"540\" src=\"https:\/\/plastic-machines.org\/wp-content\/uploads\/2022\/07\/inside-structure-of-plastic-dryer.webp\" alt=\"Innenstruktur des Kunststofftrockners\" class=\"wp-image-266\" srcset=\"https:\/\/plastic-machines.org\/wp-content\/uploads\/2022\/07\/inside-structure-of-plastic-dryer.webp 720w, https:\/\/plastic-machines.org\/wp-content\/uploads\/2022\/07\/inside-structure-of-plastic-dryer-300x225.webp 300w\" sizes=\"auto, (max-width: 720px) 100vw, 720px\" \/><figcaption class=\"wp-element-caption\">Innenstruktur des Kunststofftrockners<\/figcaption><\/figure> <\/div>  <div class=\"wp-block-image\"> <figure class=\"aligncenter size-full\"><img loading=\"lazy\" decoding=\"async\" width=\"720\" height=\"540\" src=\"https:\/\/plastic-machines.org\/wp-content\/uploads\/2022\/07\/filter.webp\" alt=\"Filter der Kunststofftrocknermaschine\" class=\"wp-image-267\" srcset=\"https:\/\/plastic-machines.org\/wp-content\/uploads\/2022\/07\/filter.webp 720w, https:\/\/plastic-machines.org\/wp-content\/uploads\/2022\/07\/filter-300x225.webp 300w\" sizes=\"auto, (max-width: 720px) 100vw, 720px\" \/><figcaption class=\"wp-element-caption\">Filter der Kunststoffentw\u00e4sserungsmaschine<\/figcaption><\/figure> <\/div>  <div class=\"wp-block-image\"> <figure class=\"aligncenter size-full\"><img loading=\"lazy\" decoding=\"async\" width=\"720\" height=\"540\" src=\"https:\/\/plastic-machines.org\/wp-content\/uploads\/2022\/07\/structure-details.webp\" alt=\"Strukturdetails des Kunststofftrockners\" class=\"wp-image-268\" srcset=\"https:\/\/plastic-machines.org\/wp-content\/uploads\/2022\/07\/structure-details.webp 720w, https:\/\/plastic-machines.org\/wp-content\/uploads\/2022\/07\/structure-details-300x225.webp 300w\" sizes=\"auto, (max-width: 720px) 100vw, 720px\" \/><figcaption class=\"wp-element-caption\">Strukturdetails<\/figcaption><\/figure> <\/div>   <h2 class=\"wp-block-heading\">Parameter der Kunststofftrocknungsmaschine<\/h2>    <p>Die meistverkauften Modelle sind SL-500 und SL-600. Wir empfehlen Ihnen das passende Modell entsprechend Ihren Anforderungen.<\/p>    <figure class=\"wp-block-table\"><table><tbody><tr><td>Modell<\/td><td>SL-500<\/td><td>SL-600<\/td><\/tr><tr><td>Leistung<\/td><td>7,5 kW<\/td><td>15 kW<\/td><\/tr><\/tbody><\/table><\/figure>    <h2 class=\"wp-block-heading\">Fabrikausstellung einer Kunststofffolien-Entw\u00e4sserungsmaschine<\/h2>    <p>Die Kunststofftrocknungsmaschinen sind jetzt vollst\u00e4ndig best\u00fcckt und sofort versandbereit. Wenn Sie an der Recyclingmaschine interessiert sind, k\u00f6nnen Sie sich gerne an uns wenden. Wir senden Ihnen so schnell wie m\u00f6glich ein Maschinenangebot.<\/p>    <figure class=\"wp-block-gallery has-nested-images columns-default is-cropped wp-block-gallery-2 is-layout-flex wp-block-gallery-is-layout-flex\"> <figure class=\"wp-block-image size-large\"><img loading=\"lazy\" decoding=\"async\" width=\"540\" height=\"720\" data-id=\"264\" src=\"https:\/\/plastic-machines.org\/wp-content\/uploads\/2022\/07\/placed-after-a-washing-tank.webp\" alt=\"Der Kunststofftrockner wird nach einem Waschtank platziert\" class=\"wp-image-264\" srcset=\"https:\/\/plastic-machines.org\/wp-content\/uploads\/2022\/07\/placed-after-a-washing-tank.webp 540w, https:\/\/plastic-machines.org\/wp-content\/uploads\/2022\/07\/placed-after-a-washing-tank-225x300.webp 225w\" sizes=\"auto, (max-width: 540px) 100vw, 540px\" \/><figcaption class=\"wp-element-caption\">nach einem Waschtank platziert<\/figcaption><\/figure>    <figure class=\"wp-block-image size-large\"><img loading=\"lazy\" decoding=\"async\" width=\"540\" height=\"720\" data-id=\"265\" src=\"https:\/\/plastic-machines.org\/wp-content\/uploads\/2022\/07\/plastic-drying-machine-.webp\" alt=\"Plastiktrocknungsmaschine\" class=\"wp-image-265\" srcset=\"https:\/\/plastic-machines.org\/wp-content\/uploads\/2022\/07\/plastic-drying-machine-.webp 540w, https:\/\/plastic-machines.org\/wp-content\/uploads\/2022\/07\/plastic-drying-machine--225x300.webp 225w\" sizes=\"auto, (max-width: 540px) 100vw, 540px\" \/><figcaption class=\"wp-element-caption\">Plastiktrocknungsmaschine<\/figcaption><\/figure> <\/figure>    <figure class=\"wp-block-gallery has-nested-images columns-default is-cropped wp-block-gallery-3 is-layout-flex wp-block-gallery-is-layout-flex\"> <figure class=\"wp-block-image size-large\"><img loading=\"lazy\" decoding=\"async\" width=\"720\" height=\"540\" data-id=\"269\" src=\"https:\/\/plastic-machines.org\/wp-content\/uploads\/2022\/07\/plastic-film-dryer-machine-in-plant.webp\" alt=\"Kunststofffolientrockner im Werk\" class=\"wp-image-269\" srcset=\"https:\/\/plastic-machines.org\/wp-content\/uploads\/2022\/07\/plastic-film-dryer-machine-in-plant.webp 720w, https:\/\/plastic-machines.org\/wp-content\/uploads\/2022\/07\/plastic-film-dryer-machine-in-plant-300x225.webp 300w\" sizes=\"auto, (max-width: 720px) 100vw, 720px\" \/><figcaption class=\"wp-element-caption\">Kunststofffolientrockner im Werk<\/figcaption><\/figure>    <figure class=\"wp-block-image size-large\"><img loading=\"lazy\" decoding=\"async\" width=\"720\" height=\"540\" data-id=\"270\" src=\"https:\/\/plastic-machines.org\/wp-content\/uploads\/2022\/07\/vertical-dryer.webp\" alt=\"vertikaler Kunststofftrockner\" class=\"wp-image-270\" srcset=\"https:\/\/plastic-machines.org\/wp-content\/uploads\/2022\/07\/vertical-dryer.webp 720w, https:\/\/plastic-machines.org\/wp-content\/uploads\/2022\/07\/vertical-dryer-300x225.webp 300w\" sizes=\"auto, (max-width: 720px) 100vw, 720px\" \/><figcaption class=\"wp-element-caption\">vertikale Entw\u00e4sserungsmaschine<\/figcaption><\/figure> <\/figure>    <h2 class=\"wp-block-heading\">W\u00e4hlen Sie eine Linie zur Verarbeitung von Kunststoffabf\u00e4llen <\/h2>    <p class=\"translation-block\">Die Trockner-Maschine wird immer in der Kunststoffpelletierungsanlage und der<a href=\"https:\/\/en.wikipedia.org\/wiki\/Polyethylene_terephthalate\" target=\"_blank\" rel=\"noopener\"> PET<\/a>-Waschanlage verwendet, sie ist immer mit einem <a href=\"https:\/\/plastic-machines.org\/de\/product\/plastic-film-washing-machine\/\">Waschtank <\/a>verbunden, um die Kunststoffplatten rechtzeitig zu trocknen. Die Anzahl der Entw\u00e4sserungsmaschinen und Waschtanks kann durch die Sauberkeit Ihres Kunststoffs bestimmt werden.<\/p>   <div class=\"wp-block-image\"> <figure class=\"aligncenter size-full\"><img loading=\"lazy\" decoding=\"async\" width=\"720\" height=\"540\" src=\"https:\/\/plastic-machines.org\/wp-content\/uploads\/2022\/07\/washing-tank.webp\" alt=\"\" class=\"wp-image-257\" srcset=\"https:\/\/plastic-machines.org\/wp-content\/uploads\/2022\/07\/washing-tank.webp 720w, https:\/\/plastic-machines.org\/wp-content\/uploads\/2022\/07\/washing-tank-300x225.webp 300w\" sizes=\"auto, (max-width: 720px) 100vw, 720px\" \/><figcaption class=\"wp-element-caption\">Kunststofffolientrockner und Waschtank<\/figcaption><\/figure> <\/div>","protected":false},"excerpt":{"rendered":"<p>A plastic film dryer machine is one of the most important devices in the plastic recycling process. It will remove the water from the plastic scrap, some customer would like to prepare more than one plastic scrap dryer machines, which match their washing tanks to make much cleaner plastic chips. Application of plastic film dryer [&hellip;]<\/p>\n","protected":false},"author":1,"featured_media":456,"parent":0,"template":"","tags":[57,49],"product-type":[14],"class_list":["post-262","product","type-product","status-publish","has-post-thumbnail","hentry","tag-dry","tag-film","product-type-plastic-cleaning-drying-equipment"],"taxonomy_info":{"post_tag":[{"value":57,"label":"dry"},{"value":49,"label":"film"}],"product-type":[{"value":14,"label":"Plastic Cleaning&amp;Drying equipment"}]},"featured_image_src_large":["https:\/\/plastic-machines.org\/wp-content\/uploads\/2022\/06\/vertical-dewatering-machine1.webp",720,540,false],"author_info":{"display_name":"Ella","author_link":"https:\/\/plastic-machines.org\/de\/author\/admin\/"},"comment_info":"","_links":{"self":[{"href":"https:\/\/plastic-machines.org\/de\/wp-json\/wp\/v2\/product\/262","targetHints":{"allow":["GET"]}}],"collection":[{"href":"https:\/\/plastic-machines.org\/de\/wp-json\/wp\/v2\/product"}],"about":[{"href":"https:\/\/plastic-machines.org\/de\/wp-json\/wp\/v2\/types\/product"}],"author":[{"embeddable":true,"href":"https:\/\/plastic-machines.org\/de\/wp-json\/wp\/v2\/users\/1"}],"wp:featuredmedia":[{"embeddable":true,"href":"https:\/\/plastic-machines.org\/de\/wp-json\/wp\/v2\/media\/456"}],"wp:attachment":[{"href":"https:\/\/plastic-machines.org\/de\/wp-json\/wp\/v2\/media?parent=262"}],"wp:term":[{"taxonomy":"post_tag","embeddable":true,"href":"https:\/\/plastic-machines.org\/de\/wp-json\/wp\/v2\/tags?post=262"},{"taxonomy":"product-type","embeddable":true,"href":"https:\/\/plastic-machines.org\/de\/wp-json\/wp\/v2\/product-type?post=262"}],"curies":[{"name":"wp","href":"https:\/\/api.w.org\/{rel}","templated":true}]}}