{"id":186,"date":"2022-07-05T09:49:54","date_gmt":"2022-07-05T09:49:54","guid":{"rendered":"https:\/\/plastic-machines.org\/?post_type=product&#038;p=186"},"modified":"2025-11-13T16:09:36","modified_gmt":"2025-11-13T08:09:36","slug":"plastic-foam-pelletizing-line","status":"publish","type":"product","link":"https:\/\/plastic-machines.org\/de\/product\/plastic-foam-pelletizing-line\/","title":{"rendered":"Kunststoffschaum-Pelletieranlage f\u00fcr das Polystyrol-Recycling"},"content":{"rendered":"<div class=\"kk-star-ratings kksr-auto kksr-align-left kksr-valign-top\"     data-payload='{&quot;align&quot;:&quot;left&quot;,&quot;id&quot;:&quot;186&quot;,&quot;slug&quot;:&quot;default&quot;,&quot;valign&quot;:&quot;top&quot;,&quot;ignore&quot;:&quot;&quot;,&quot;reference&quot;:&quot;auto&quot;,&quot;class&quot;:&quot;&quot;,&quot;count&quot;:&quot;3&quot;,&quot;legendonly&quot;:&quot;&quot;,&quot;readonly&quot;:&quot;&quot;,&quot;score&quot;:&quot;5&quot;,&quot;starsonly&quot;:&quot;&quot;,&quot;best&quot;:&quot;5&quot;,&quot;gap&quot;:&quot;5&quot;,&quot;greet&quot;:&quot;Rate this product&quot;,&quot;legend&quot;:&quot;5\\\/5 - (3 votes)&quot;,&quot;size&quot;:&quot;24&quot;,&quot;title&quot;:&quot;Plastic Foam Pelletizing Line for Polystyrene Recycling&quot;,&quot;width&quot;:&quot;142.5&quot;,&quot;_legend&quot;:&quot;{score}\\\/{best} - ({count} {votes})&quot;,&quot;font_factor&quot;:&quot;1.25&quot;}'>              <div class=\"kksr-stars\">      <div class=\"kksr-stars-inactive\">             <div class=\"kksr-star\" data-star=\"1\" style=\"padding-right: 5px\">               <div class=\"kksr-icon\" style=\"width: 24px; height: 24px;\"><\/div>         <\/div>             <div class=\"kksr-star\" data-star=\"2\" style=\"padding-right: 5px\">               <div class=\"kksr-icon\" style=\"width: 24px; height: 24px;\"><\/div>         <\/div>             <div class=\"kksr-star\" data-star=\"3\" style=\"padding-right: 5px\">               <div class=\"kksr-icon\" style=\"width: 24px; height: 24px;\"><\/div>         <\/div>             <div class=\"kksr-star\" data-star=\"4\" style=\"padding-right: 5px\">               <div class=\"kksr-icon\" style=\"width: 24px; height: 24px;\"><\/div>         <\/div>             <div class=\"kksr-star\" data-star=\"5\" style=\"padding-right: 5px\">               <div class=\"kksr-icon\" style=\"width: 24px; height: 24px;\"><\/div>         <\/div>     <\/div>      <div class=\"kksr-stars-active\" style=\"width: 142.5px;\">             <div class=\"kksr-star\" style=\"padding-right: 5px\">               <div class=\"kksr-icon\" style=\"width: 24px; height: 24px;\"><\/div>         <\/div>             <div class=\"kksr-star\" style=\"padding-right: 5px\">               <div class=\"kksr-icon\" style=\"width: 24px; height: 24px;\"><\/div>         <\/div>             <div class=\"kksr-star\" style=\"padding-right: 5px\">               <div class=\"kksr-icon\" style=\"width: 24px; height: 24px;\"><\/div>         <\/div>             <div class=\"kksr-star\" style=\"padding-right: 5px\">               <div class=\"kksr-icon\" style=\"width: 24px; height: 24px;\"><\/div>         <\/div>             <div class=\"kksr-star\" style=\"padding-right: 5px\">               <div class=\"kksr-icon\" style=\"width: 24px; height: 24px;\"><\/div>         <\/div>     <\/div> <\/div>                   <div class=\"kksr-legend\" style=\"font-size: 19.2px;\">             5\/5 - (3 Stimmen)    <\/div>     <\/div>  <p>Die Kunststoffschaum-Pelletieranlage von Shuliy verarbeitet haupts\u00e4chlich Kunststoffschaumabf\u00e4lle. Die Kunststoffabf\u00e4lle werden zerkleinert und dann in kleine Kunststoffpellets umgewandelt, die als Verpackungsmaterialien, Isolierung und andere Materialien wiederverwendet werden k\u00f6nnen. Die wichtigste Ausr\u00fcstung f\u00fcr EPS-Recyclingmaschinen sind Granulatoren, die Pellets schmelzen und extrudieren.<\/p>    <figure class=\"wp-block-embed is-type-video is-provider-youtube wp-block-embed-youtube wp-embed-aspect-16-9 wp-has-aspect-ratio\"><div class=\"wp-block-embed__wrapper\"> <iframe loading=\"lazy\" title=\"EPE EPS\/Styropor-Recyclingmaschine | EPE EPS-Granulator\" width=\"500\" height=\"281\" src=\"https:\/\/www.youtube.com\/embed\/cshcld4EPWc?feature=oembed\" frameborder=\"0\" allow=\"accelerometer; autoplay; clipboard-write; encrypted-media; gyroscope; picture-in-picture; web-share\" referrerpolicy=\"strict-origin-when-cross-origin\" allowfullscreen><\/iframe> <\/div><\/figure>    <h2 class=\"wp-block-heading\" id=\"h-what-are-the-waste-eps-and-epe-materials\">Was sind die EPS- und EPE-Abfallmaterialien?<\/h2>    <p>Menschen im t\u00e4glichen Leben und Kunststoffprodukte, die mit ihnen in Ber\u00fchrung kommen, haben sich zu einem unverzichtbaren Material f\u00fcr das Leben und die wirtschaftliche Entwicklung der Menschen entwickelt. Mit der kontinuierlichen Weiterentwicklung und Anwendung von Kunststoffen finden EPE und EPS (Styropor\/Polystyrol) weit verbreitete Verwendung in Verpackungs- und F\u00fcllmaterialien.<\/p>    <p>EPE-Perlbaumwollschaum ist ein neuartiges Kunststoffproduktmaterial, das h\u00e4ufig in Geschenkverpackungen, Hardware-Produkten, Produkten des t\u00e4glichen Bedarfs und anderen Produktverpackungen verwendet wird. Expandiertes Polystyrol, EPS genannt, ist ein leichtes Polymer. Zum Beispiel Schaumstoff-Fast-Food-Boxen, Schaumstoff-Verpackungskartons, Isoliermaterialien, K\u00fchlschrank-Au\u00dfenverpackungsschaum und anderer wei\u00dfer Schaumstoffm\u00fcll.<\/p>   <div class=\"wp-block-image is-resized\"> <figure class=\"aligncenter size-full\"><img loading=\"lazy\" decoding=\"async\" width=\"720\" height=\"540\" src=\"https:\/\/plastic-machines.org\/wp-content\/uploads\/2022\/07\/raw-materials-of-the-EPS-granulators.webp\" alt=\"Recyclingmaschine f\u00fcr expandiertes Polystyrol\" class=\"wp-image-196\" srcset=\"https:\/\/plastic-machines.org\/wp-content\/uploads\/2022\/07\/raw-materials-of-the-EPS-granulators.webp 720w, https:\/\/plastic-machines.org\/wp-content\/uploads\/2022\/07\/raw-materials-of-the-EPS-granulators-300x225.webp 300w\" sizes=\"auto, (max-width: 720px) 100vw, 720px\" \/><figcaption class=\"wp-element-caption\">Rohstoffe der Kunststoffschaum-Pelletierlinie<\/figcaption><\/figure> <\/div>   <h2 class=\"wp-block-heading\">Prozess der Kunststoffschaum-Pelletierlinie<\/h2>    <p>Der gesammelte Kunststoffschaumabfall wird zun\u00e4chst von einem Styropor-Schredder zerkleinert und dann von einem EPS-Granulator geschmolzen und extrudiert.<\/p>    <div class=\"wp-block-media-text alignwide is-stacked-on-mobile\"><figure class=\"wp-block-media-text__media\"><img loading=\"lazy\" decoding=\"async\" width=\"720\" height=\"540\" src=\"https:\/\/plastic-machines.org\/wp-content\/uploads\/2022\/07\/horizontal-foam-compactor.webp\" alt=\"EPS-Styropor-Recycling-Verdichter\" class=\"wp-image-192 size-full\" srcset=\"https:\/\/plastic-machines.org\/wp-content\/uploads\/2022\/07\/horizontal-foam-compactor.webp 720w, https:\/\/plastic-machines.org\/wp-content\/uploads\/2022\/07\/horizontal-foam-compactor-300x225.webp 300w\" sizes=\"auto, (max-width: 720px) 100vw, 720px\" \/><\/figure><div class=\"wp-block-media-text__content\"> <p class=\"has-large-font-size\">Styroporverdichter<\/p>    <p>Nachdem der Kunststoffschaum durch den EPS-Styropor-Recyclingverdichter komprimiert wurde, erh\u00f6ht sich die Schaumdichte und der Schaum hat die Form eines quadratischen Blocks, was f\u00fcr Transport und Lagerung sehr praktisch ist.<\/p> <\/div><\/div>    <div class=\"wp-block-media-text alignwide is-stacked-on-mobile\"><figure class=\"wp-block-media-text__media\"><img loading=\"lazy\" decoding=\"async\" width=\"720\" height=\"540\" src=\"https:\/\/plastic-machines.org\/wp-content\/uploads\/2022\/07\/Horizontal-foam-crusher.webp\" alt=\"Kunststoffschaumzerkleinerer\" class=\"wp-image-190 size-full\" srcset=\"https:\/\/plastic-machines.org\/wp-content\/uploads\/2022\/07\/Horizontal-foam-crusher.webp 720w, https:\/\/plastic-machines.org\/wp-content\/uploads\/2022\/07\/Horizontal-foam-crusher-300x225.webp 300w\" sizes=\"auto, (max-width: 720px) 100vw, 720px\" \/><\/figure><div class=\"wp-block-media-text__content\"> <p class=\"has-large-font-size\">Styropor-Zerkleinerer<\/p>    <p>Die Polystyrol-Schreddermaschine wird haupts\u00e4chlich zum Zerkleinern verschiedener Schaumstoffe in kleine St\u00fccke verwendet, wobei die horizontale Ausf\u00fchrung arbeitssparender ist.<\/p> <\/div><\/div>    <div class=\"wp-block-media-text alignwide is-stacked-on-mobile\"><figure class=\"wp-block-media-text__media\"><img loading=\"lazy\" decoding=\"async\" width=\"721\" height=\"543\" src=\"https:\/\/plastic-machines.org\/wp-content\/uploads\/2022\/07\/plastic-foam-granulator-.webp\" alt=\"Kunststoffgranulatormaschine f\u00fcr Kunststoffschaum\" class=\"wp-image-191 size-full\" srcset=\"https:\/\/plastic-machines.org\/wp-content\/uploads\/2022\/07\/plastic-foam-granulator-.webp 721w, https:\/\/plastic-machines.org\/wp-content\/uploads\/2022\/07\/plastic-foam-granulator--300x226.webp 300w\" sizes=\"auto, (max-width: 721px) 100vw, 721px\" \/><\/figure><div class=\"wp-block-media-text__content\"> <p class=\"has-large-font-size\">EPE EPS-Granulator<\/p>    <p>Der Pelletierer eignet sich zum Extrudieren und Pelletieren von EPE- und EPS-Kunststoffabf\u00e4llen als Rohstoffe und deren Verarbeitung zu EPE-Kunststoffpellets, die in der Kunststoffindustrie Mangelware sind.<\/p> <\/div><\/div>    <h2 class=\"wp-block-heading\">Warum brauchen Sie einen EPS-Styropor-Recycling-Verdichter?<\/h2>    <p class=\"translation-block\">EPS <strong><a href=\"https:\/\/plastic-machines.org\/de\/product\/foam-densifier-machine\/\" data-type=\"link\" data-id=\"https:\/\/plastic-machines.org\/product\/foam-densifier-machine\/\">Schaum-Dichtemaschine<\/a><\/strong> ist eine der Ausr\u00fcstungen f\u00fcr das Recycling von Kunststoffschaum. Aufgrund der gro\u00dfen Gr\u00f6\u00dfe und des geringen Gewichts des Schaums ist der Transport eine gro\u00dfe Unannehmlichkeit. EPS-Schaum-Kaltpressen k\u00f6nnen Schaum einfach verdichten und das Volumen von Kunststoff reduzieren.<\/p>   <div class=\"wp-block-image\"> <figure class=\"aligncenter size-full\"><img loading=\"lazy\" decoding=\"async\" width=\"720\" height=\"540\" src=\"https:\/\/plastic-machines.org\/wp-content\/uploads\/2022\/07\/compressed-foam.webp\" alt=\"komprimierter Schaum\" class=\"wp-image-197\" srcset=\"https:\/\/plastic-machines.org\/wp-content\/uploads\/2022\/07\/compressed-foam.webp 720w, https:\/\/plastic-machines.org\/wp-content\/uploads\/2022\/07\/compressed-foam-300x225.webp 300w\" sizes=\"auto, (max-width: 720px) 100vw, 720px\" \/><figcaption class=\"wp-element-caption\">komprimierter Schaum<\/figcaption><\/figure> <\/div>   <ul class=\"wp-block-list\"> <li>Der Styroporverdichter ist mit einer separaten Vorzerkleinerungseinrichtung ausgestattet, die gro\u00dfe Schaumst\u00fccke direkt zerkleinern kann.<\/li>    <li>Die Schaumrecyclingmaschine verf\u00fcgt \u00fcber ein hohes Kompressionsverh\u00e4ltnis, wodurch das Volumen des Kunststoffschaums um das 40-fache reduziert werden kann, wodurch Lagerraum und bequemer Transport gespart werden, wodurch Lagerkosten gespart werden.<\/li>    <li>W\u00e4hrend des Betriebs ist keine Zugabe chemischer Materialien und Hitze erforderlich und die verarbeiteten Schaumstoffbl\u00f6cke sind ungiftig, geruchlos und umweltfreundlich.<\/li> <\/ul>   <div class=\"wp-block-image\"> <figure class=\"aligncenter size-large\"><img loading=\"lazy\" decoding=\"async\" width=\"679\" height=\"1024\" src=\"https:\/\/plastic-machines.org\/wp-content\/uploads\/2022\/07\/EPS-styrofoam-recycling-compactor-679x1024.webp\" alt=\"EPS-Styropor-Recycling-Verdichter\" class=\"wp-image-198\" srcset=\"https:\/\/plastic-machines.org\/wp-content\/uploads\/2022\/07\/EPS-styrofoam-recycling-compactor-679x1024.webp 679w, https:\/\/plastic-machines.org\/wp-content\/uploads\/2022\/07\/EPS-styrofoam-recycling-compactor-199x300.webp 199w, https:\/\/plastic-machines.org\/wp-content\/uploads\/2022\/07\/EPS-styrofoam-recycling-compactor.webp 720w\" sizes=\"auto, (max-width: 679px) 100vw, 679px\" \/><figcaption class=\"wp-element-caption\">EPS-Styropor-Recycling-Verdichter<\/figcaption><\/figure> <\/div>   <h2 class=\"wp-block-heading\">Granulierausr\u00fcstung der Kunststoffschaum-Pelletierlinie<\/h2>    <h3 class=\"wp-block-heading\">Pelletiermaschine f\u00fcr EPS-Schaum<\/h3>    <p class=\"translation-block\">Die<a href=\"https:\/\/plastic-machines.org\/de\/product\/eps-pelletizing-machine\/\"> EPS-Schaumgranulator<\/a> verwendet eine konische Doppelschneckenbuchse, die das F\u00f6rdern beschleunigt und die Ausbringung erheblich erh\u00f6ht. Die \u00fcbliche Modellh\u00f6he betr\u00e4gt 150-375 kg\/Stunde. Die Kunststoffgranulatoren werden von Haupt- und Hilfsmaschinen produziert, die Heiztemperatur ist stabil, die Molekularstruktur des Materials wird effektiv verbessert, und die Qualit\u00e4t der Kunststoffpartikel ist hoch. Die Pelletier-Einheit besteht haupts\u00e4chlich aus Brecher, Extruder und automatischer Zugpelletiermaschine, und der Produktionsprozess ist umweltfreundlich.<\/p>   <div class=\"wp-block-image\"> <figure class=\"aligncenter size-full\"><img loading=\"lazy\" decoding=\"async\" width=\"720\" height=\"540\" src=\"https:\/\/plastic-machines.org\/wp-content\/uploads\/2022\/06\/EPS-Pelletizing-Machine1.webp\" alt=\"EPS-Pelletiermaschine\" class=\"wp-image-442\" srcset=\"https:\/\/plastic-machines.org\/wp-content\/uploads\/2022\/06\/EPS-Pelletizing-Machine1.webp 720w, https:\/\/plastic-machines.org\/wp-content\/uploads\/2022\/06\/EPS-Pelletizing-Machine1-300x225.webp 300w\" sizes=\"auto, (max-width: 720px) 100vw, 720px\" \/><figcaption class=\"wp-element-caption\">EPS-Pelletiermaschine<\/figcaption><\/figure> <\/div>   <h3 class=\"wp-block-heading\">Pelletiermaschine f\u00fcr EPE-Schaum<\/h3>    <p>Der EPE-Schaumgranulator umfasst ein Zuf\u00fchrsystem, Verdichtungs- und Extrusionssysteme. Aufgrund der Besonderheit des EPE-Kunststoffs ist der Zylinder der Pelletmaschine l\u00e4nger als der der EPS-Pelletmaschine und anhand des Erscheinungsbilds leicht zu erkennen. Alle elektrischen Standards der Ger\u00e4te entsprechen europ\u00e4ischen Standards und die Leistung ist hoch.<\/p>   <div class=\"wp-block-image\"> <figure class=\"aligncenter size-full\"><img loading=\"lazy\" decoding=\"async\" width=\"720\" height=\"540\" src=\"https:\/\/plastic-machines.org\/wp-content\/uploads\/2022\/07\/EPE-granulator.webp\" alt=\"EPE-Granulator\" class=\"wp-image-200\" srcset=\"https:\/\/plastic-machines.org\/wp-content\/uploads\/2022\/07\/EPE-granulator.webp 720w, https:\/\/plastic-machines.org\/wp-content\/uploads\/2022\/07\/EPE-granulator-300x225.webp 300w\" sizes=\"auto, (max-width: 720px) 100vw, 720px\" \/><figcaption class=\"wp-element-caption\">EPE-Granulator<\/figcaption><\/figure> <\/div>   <h2 class=\"wp-block-heading\">Video einer Kunststoffschaum-Pelletierungslinie<\/h2>    <figure class=\"wp-block-embed is-type-video is-provider-youtube wp-block-embed-youtube wp-embed-aspect-16-9 wp-has-aspect-ratio\"><div class=\"wp-block-embed__wrapper\"> <iframe loading=\"lazy\" title=\"Maschine zur Herstellung von EPS-Granulat\" width=\"500\" height=\"281\" src=\"https:\/\/www.youtube.com\/embed\/3qXNT5nN5Ag?list=PLmQgsSbeu0tXsNBww95upbWcnO_cYfyh4\" frameborder=\"0\" allow=\"accelerometer; autoplay; clipboard-write; encrypted-media; gyroscope; picture-in-picture; web-share\" referrerpolicy=\"strict-origin-when-cross-origin\" allowfullscreen><\/iframe> <\/div><\/figure>    <h2 class=\"wp-block-heading\" id=\"h-plastic-foam-pelletizing-line-factory-display\">Werksausstellung der Kunststoffschaum-Pelletieranlage <\/h2>    <figure class=\"wp-block-gallery has-nested-images columns-default is-cropped wp-block-gallery-2 is-layout-flex wp-block-gallery-is-layout-flex\"> <figure class=\"wp-block-image size-large\"><img loading=\"lazy\" decoding=\"async\" width=\"720\" height=\"540\" data-id=\"201\" src=\"https:\/\/plastic-machines.org\/wp-content\/uploads\/2022\/07\/EPE-pelletizer.webp\" alt=\"EPE-Granulator\" class=\"wp-image-201\" srcset=\"https:\/\/plastic-machines.org\/wp-content\/uploads\/2022\/07\/EPE-pelletizer.webp 720w, https:\/\/plastic-machines.org\/wp-content\/uploads\/2022\/07\/EPE-pelletizer-300x225.webp 300w\" sizes=\"auto, (max-width: 720px) 100vw, 720px\" \/><figcaption class=\"wp-element-caption\">EPE-Granulator<\/figcaption><\/figure>    <figure class=\"wp-block-image size-large\"><img loading=\"lazy\" decoding=\"async\" width=\"720\" height=\"540\" data-id=\"202\" src=\"https:\/\/plastic-machines.org\/wp-content\/uploads\/2022\/07\/EPS-pelletizer.webp\" alt=\"EPS-Granulator\" class=\"wp-image-202\" srcset=\"https:\/\/plastic-machines.org\/wp-content\/uploads\/2022\/07\/EPS-pelletizer.webp 720w, https:\/\/plastic-machines.org\/wp-content\/uploads\/2022\/07\/EPS-pelletizer-300x225.webp 300w\" sizes=\"auto, (max-width: 720px) 100vw, 720px\" \/><figcaption class=\"wp-element-caption\">EPS-Granulator<\/figcaption><\/figure> <\/figure>    <figure class=\"wp-block-gallery has-nested-images columns-default is-cropped wp-block-gallery-3 is-layout-flex wp-block-gallery-is-layout-flex\"> <figure class=\"wp-block-image size-large\"><img loading=\"lazy\" decoding=\"async\" width=\"720\" height=\"540\" data-id=\"204\" src=\"https:\/\/plastic-machines.org\/wp-content\/uploads\/2022\/07\/machines-in-stock-.webp\" alt=\"Schaumstoff-Recyclingmaschinen auf Lager\" class=\"wp-image-204\" srcset=\"https:\/\/plastic-machines.org\/wp-content\/uploads\/2022\/07\/machines-in-stock-.webp 720w, https:\/\/plastic-machines.org\/wp-content\/uploads\/2022\/07\/machines-in-stock--300x225.webp 300w\" sizes=\"auto, (max-width: 720px) 100vw, 720px\" \/><figcaption class=\"wp-element-caption\">Schaumstoff-Recyclingmaschinen auf Lager<\/figcaption><\/figure>    <figure class=\"wp-block-image size-large\"><img loading=\"lazy\" decoding=\"async\" width=\"720\" height=\"540\" data-id=\"205\" src=\"https:\/\/plastic-machines.org\/wp-content\/uploads\/2022\/07\/our-factory.webp\" alt=\"unsere Fabrik\" class=\"wp-image-205\" srcset=\"https:\/\/plastic-machines.org\/wp-content\/uploads\/2022\/07\/our-factory.webp 720w, https:\/\/plastic-machines.org\/wp-content\/uploads\/2022\/07\/our-factory-300x225.webp 300w\" sizes=\"auto, (max-width: 720px) 100vw, 720px\" \/><figcaption class=\"wp-element-caption\">unsere Fabrik<\/figcaption><\/figure> <\/figure>    <figure class=\"wp-block-gallery has-nested-images columns-default is-cropped wp-block-gallery-4 is-layout-flex wp-block-gallery-is-layout-flex\"> <figure class=\"wp-block-image size-large\"><img loading=\"lazy\" decoding=\"async\" width=\"720\" height=\"540\" data-id=\"206\" src=\"https:\/\/plastic-machines.org\/wp-content\/uploads\/2022\/07\/plastic-crusher-1-1.webp\" alt=\"Kunststoffzerkleinerer f\u00fcr EPS EPE\" class=\"wp-image-206\" srcset=\"https:\/\/plastic-machines.org\/wp-content\/uploads\/2022\/07\/plastic-crusher-1-1.webp 720w, https:\/\/plastic-machines.org\/wp-content\/uploads\/2022\/07\/plastic-crusher-1-1-300x225.webp 300w\" sizes=\"auto, (max-width: 720px) 100vw, 720px\" \/><figcaption class=\"wp-element-caption\">Kunststoffzerkleinerer f\u00fcr EPS EPE<\/figcaption><\/figure>    <figure class=\"wp-block-image size-large\"><img loading=\"lazy\" decoding=\"async\" width=\"720\" height=\"540\" data-id=\"207\" src=\"https:\/\/plastic-machines.org\/wp-content\/uploads\/2022\/07\/storage-bins.webp\" alt=\"Lagerbeh\u00e4lter f\u00fcr Pellets\" class=\"wp-image-207\" srcset=\"https:\/\/plastic-machines.org\/wp-content\/uploads\/2022\/07\/storage-bins.webp 720w, https:\/\/plastic-machines.org\/wp-content\/uploads\/2022\/07\/storage-bins-300x225.webp 300w\" sizes=\"auto, (max-width: 720px) 100vw, 720px\" \/><figcaption class=\"wp-element-caption\">Lagerbeh\u00e4lter f\u00fcr Pellets<\/figcaption><\/figure> <\/figure>    <figure class=\"wp-block-gallery has-nested-images columns-default is-cropped wp-block-gallery-5 is-layout-flex wp-block-gallery-is-layout-flex\"> <figure class=\"wp-block-image size-large\"><img loading=\"lazy\" decoding=\"async\" width=\"720\" height=\"540\" data-id=\"208\" src=\"https:\/\/plastic-machines.org\/wp-content\/uploads\/2022\/07\/quality-accessories-2.webp\" alt=\"hochwertiges Zubeh\u00f6r\" class=\"wp-image-208\" srcset=\"https:\/\/plastic-machines.org\/wp-content\/uploads\/2022\/07\/quality-accessories-2.webp 720w, https:\/\/plastic-machines.org\/wp-content\/uploads\/2022\/07\/quality-accessories-2-300x225.webp 300w\" sizes=\"auto, (max-width: 720px) 100vw, 720px\" \/><figcaption class=\"wp-element-caption\">hochwertiges Zubeh\u00f6r <\/figcaption><\/figure>    <figure class=\"wp-block-image size-large\"><img loading=\"lazy\" decoding=\"async\" width=\"720\" height=\"540\" data-id=\"211\" src=\"https:\/\/plastic-machines.org\/wp-content\/uploads\/2022\/07\/Quality-motors-1.webp\" alt=\"Qualit\u00e4tsmotoren f\u00fcr Polystyrol-Recycling\" class=\"wp-image-211\" srcset=\"https:\/\/plastic-machines.org\/wp-content\/uploads\/2022\/07\/Quality-motors-1.webp 720w, https:\/\/plastic-machines.org\/wp-content\/uploads\/2022\/07\/Quality-motors-1-300x225.webp 300w\" sizes=\"auto, (max-width: 720px) 100vw, 720px\" \/><figcaption class=\"wp-element-caption\">Qualit\u00e4tsmotoren f\u00fcr Polystyrol-Recycling<\/figcaption><\/figure> <\/figure>","protected":false},"excerpt":{"rendered":"<p>Shuliy plastic foam pelletizing line mainly copes with waste plastic foams, the waste plastics will be crushed and then turned into small plastic pellets, which can be reused as packaging materials, insulation, and other materials. The most important equipment for EPS recycling machines is granulators, which will melt and extrude pellets. What are the waste [&hellip;]<\/p>\n","protected":false},"author":1,"featured_media":1546,"parent":0,"template":"","tags":[43],"product-type":[13],"class_list":["post-186","product","type-product","status-publish","has-post-thumbnail","hentry","tag-eps","product-type-plastic-recycling-lines"],"taxonomy_info":{"post_tag":[{"value":43,"label":"EPS"}],"product-type":[{"value":13,"label":"Plastic Recycling Lines"}]},"featured_image_src_large":["https:\/\/plastic-machines.org\/wp-content\/uploads\/2022\/07\/eps-recycling-machine.webp",720,540,false],"author_info":{"display_name":"Ella","author_link":"https:\/\/plastic-machines.org\/de\/author\/admin\/"},"comment_info":"","_links":{"self":[{"href":"https:\/\/plastic-machines.org\/de\/wp-json\/wp\/v2\/product\/186","targetHints":{"allow":["GET"]}}],"collection":[{"href":"https:\/\/plastic-machines.org\/de\/wp-json\/wp\/v2\/product"}],"about":[{"href":"https:\/\/plastic-machines.org\/de\/wp-json\/wp\/v2\/types\/product"}],"author":[{"embeddable":true,"href":"https:\/\/plastic-machines.org\/de\/wp-json\/wp\/v2\/users\/1"}],"wp:featuredmedia":[{"embeddable":true,"href":"https:\/\/plastic-machines.org\/de\/wp-json\/wp\/v2\/media\/1546"}],"wp:attachment":[{"href":"https:\/\/plastic-machines.org\/de\/wp-json\/wp\/v2\/media?parent=186"}],"wp:term":[{"taxonomy":"post_tag","embeddable":true,"href":"https:\/\/plastic-machines.org\/de\/wp-json\/wp\/v2\/tags?post=186"},{"taxonomy":"product-type","embeddable":true,"href":"https:\/\/plastic-machines.org\/de\/wp-json\/wp\/v2\/product-type?post=186"}],"curies":[{"name":"wp","href":"https:\/\/api.w.org\/{rel}","templated":true}]}}