{"id":166,"date":"2022-07-04T09:44:17","date_gmt":"2022-07-04T09:44:17","guid":{"rendered":"https:\/\/plastic-machines.org\/?post_type=product&#038;p=166"},"modified":"2026-04-03T13:32:10","modified_gmt":"2026-04-03T05:32:10","slug":"pet-bottle-label-remover-machine","status":"publish","type":"product","link":"https:\/\/plastic-machines.org\/de\/product\/pet-bottle-label-remover-machine\/","title":{"rendered":"Maschine zum Entfernen von PET-Flaschenetiketten"},"content":{"rendered":"<div class=\"kk-star-ratings kksr-auto kksr-align-left kksr-valign-top\"     data-payload='{&quot;align&quot;:&quot;left&quot;,&quot;id&quot;:&quot;166&quot;,&quot;slug&quot;:&quot;default&quot;,&quot;valign&quot;:&quot;top&quot;,&quot;ignore&quot;:&quot;&quot;,&quot;reference&quot;:&quot;auto&quot;,&quot;class&quot;:&quot;&quot;,&quot;count&quot;:&quot;4&quot;,&quot;legendonly&quot;:&quot;&quot;,&quot;readonly&quot;:&quot;&quot;,&quot;score&quot;:&quot;5&quot;,&quot;starsonly&quot;:&quot;&quot;,&quot;best&quot;:&quot;5&quot;,&quot;gap&quot;:&quot;5&quot;,&quot;greet&quot;:&quot;Rate this product&quot;,&quot;legend&quot;:&quot;5\\\/5 - (4 votes)&quot;,&quot;size&quot;:&quot;24&quot;,&quot;title&quot;:&quot;PET Bottle Label Remover Machine&quot;,&quot;width&quot;:&quot;142.5&quot;,&quot;_legend&quot;:&quot;{score}\\\/{best} - ({count} {votes})&quot;,&quot;font_factor&quot;:&quot;1.25&quot;}'>              <div class=\"kksr-stars\">      <div class=\"kksr-stars-inactive\">             <div class=\"kksr-star\" data-star=\"1\" style=\"padding-right: 5px\">               <div class=\"kksr-icon\" style=\"width: 24px; height: 24px;\"><\/div>         <\/div>             <div class=\"kksr-star\" data-star=\"2\" style=\"padding-right: 5px\">               <div class=\"kksr-icon\" style=\"width: 24px; height: 24px;\"><\/div>         <\/div>             <div class=\"kksr-star\" data-star=\"3\" style=\"padding-right: 5px\">               <div class=\"kksr-icon\" style=\"width: 24px; height: 24px;\"><\/div>         <\/div>             <div class=\"kksr-star\" data-star=\"4\" style=\"padding-right: 5px\">               <div class=\"kksr-icon\" style=\"width: 24px; height: 24px;\"><\/div>         <\/div>             <div class=\"kksr-star\" data-star=\"5\" style=\"padding-right: 5px\">               <div class=\"kksr-icon\" style=\"width: 24px; height: 24px;\"><\/div>         <\/div>     <\/div>      <div class=\"kksr-stars-active\" style=\"width: 142.5px;\">             <div class=\"kksr-star\" style=\"padding-right: 5px\">               <div class=\"kksr-icon\" style=\"width: 24px; height: 24px;\"><\/div>         <\/div>             <div class=\"kksr-star\" style=\"padding-right: 5px\">               <div class=\"kksr-icon\" style=\"width: 24px; height: 24px;\"><\/div>         <\/div>             <div class=\"kksr-star\" style=\"padding-right: 5px\">               <div class=\"kksr-icon\" style=\"width: 24px; height: 24px;\"><\/div>         <\/div>             <div class=\"kksr-star\" style=\"padding-right: 5px\">               <div class=\"kksr-icon\" style=\"width: 24px; height: 24px;\"><\/div>         <\/div>             <div class=\"kksr-star\" style=\"padding-right: 5px\">               <div class=\"kksr-icon\" style=\"width: 24px; height: 24px;\"><\/div>         <\/div>     <\/div> <\/div>                   <div class=\"kksr-legend\" style=\"font-size: 19.2px;\">             5\/5 - (4 Stimmen)    <\/div>     <\/div>  <p class=\"translation-block\">Diese PET-Flaschenetikettenentfernungsmaschine eignet sich f\u00fcr Plastikflaschen wie PET-Mineralwasserflaschen, Colaflaschen, \u00d6lflaschen usw. Die PET-Flaschenentfernungsmaschine kann die Etiketten auf den Plastikflaschen schnell vom Flaschenk\u00f6rper trennen. Der Einsatz der Etikettenentfernungsmaschine kann Personen beim Entfernen von Etiketten ersetzen und damit das Problem der geringen Effizienz der manuellen Etikettenentfernung l\u00f6sen. Die hohe Effizienz der Ausr\u00fcstung wird die Anforderungen des <a href=\"https:\/\/plastic-machines.org\/de\/product\/pet-bottle-recycling-line\/\">PET-Flaschen-Recyclinglinie<\/a> an ein gro\u00dfes Produktionsvolumen erf\u00fcllen.<\/p>    <p>Transparenz bei Investitionen in Kapital ist f\u00fcr den Aufbau Ihrer Recyclinganlage unerl\u00e4sslich. Der Standardpreis f\u00fcr unsere industrielle PET-Flaschenetikettenentferner-Maschine betr\u00e4gt 5.500 USD. F\u00fcr weitere Informationen k\u00f6nnen Sie uns gerne kontaktieren oder Ihre Daten in unserem Website-Popup-Formular hinterlassen.<\/p>   <div class=\"wp-block-image\"> <figure class=\"aligncenter size-full\"><img loading=\"lazy\" decoding=\"async\" width=\"720\" height=\"540\" src=\"https:\/\/plastic-machines.org\/wp-content\/uploads\/2022\/07\/plastic-machines.webp\" alt=\"Maschine zum Entfernen von PET-Flaschenetiketten\" class=\"wp-image-1209\" srcset=\"https:\/\/plastic-machines.org\/wp-content\/uploads\/2022\/07\/plastic-machines.webp 720w, https:\/\/plastic-machines.org\/wp-content\/uploads\/2022\/07\/plastic-machines-300x225.webp 300w, https:\/\/plastic-machines.org\/wp-content\/uploads\/2022\/07\/plastic-machines-16x12.webp 16w\" sizes=\"auto, (max-width: 720px) 100vw, 720px\" \/><\/figure> <\/div>   <h2 class=\"wp-block-heading\" id=\"h-application-of-pet-bottle-label-remover\">Anwendung des Etikettenentferners f\u00fcr PET-Flaschen<\/h2>    <figure class=\"wp-block-gallery has-nested-images columns-default is-cropped wp-block-gallery-2 is-layout-flex wp-block-gallery-is-layout-flex\"> <figure class=\"wp-block-image size-large\"><img loading=\"lazy\" decoding=\"async\" width=\"720\" height=\"540\" data-id=\"172\" src=\"https:\/\/plastic-machines.org\/wp-content\/uploads\/2022\/07\/plastic-bottles-with-labels.webp\" alt=\"Materialien der Maschine zum Entfernen von PET-Flaschenetiketten\" class=\"wp-image-172\" srcset=\"https:\/\/plastic-machines.org\/wp-content\/uploads\/2022\/07\/plastic-bottles-with-labels.webp 720w, https:\/\/plastic-machines.org\/wp-content\/uploads\/2022\/07\/plastic-bottles-with-labels-300x225.webp 300w\" sizes=\"auto, (max-width: 720px) 100vw, 720px\" \/><figcaption class=\"wp-element-caption\">Plastikflaschen mit Etiketten<\/figcaption><\/figure>    <figure class=\"wp-block-image size-large\"><img loading=\"lazy\" decoding=\"async\" width=\"720\" height=\"540\" data-id=\"173\" src=\"https:\/\/plastic-machines.org\/wp-content\/uploads\/2022\/07\/packed-plastic-bottles-.webp\" alt=\"verpackte Plastikflaschen\" class=\"wp-image-173\" srcset=\"https:\/\/plastic-machines.org\/wp-content\/uploads\/2022\/07\/packed-plastic-bottles-.webp 720w, https:\/\/plastic-machines.org\/wp-content\/uploads\/2022\/07\/packed-plastic-bottles--300x225.webp 300w\" sizes=\"auto, (max-width: 720px) 100vw, 720px\" \/><figcaption class=\"wp-element-caption\">verpackte Plastikflaschen<\/figcaption><\/figure> <\/figure>    <h2 class=\"wp-block-heading\" id=\"h-final-effect-of-plastic-label-removing-machine\">Endeffekt der Maschine zum Entfernen von Kunststoffetiketten<\/h2>    <figure class=\"wp-block-gallery has-nested-images columns-default is-cropped wp-block-gallery-3 is-layout-flex wp-block-gallery-is-layout-flex\"> <figure class=\"wp-block-image size-large\"><img loading=\"lazy\" decoding=\"async\" width=\"720\" height=\"540\" data-id=\"177\" src=\"https:\/\/plastic-machines.org\/wp-content\/uploads\/2022\/07\/plastic-bottles.webp\" alt=\"Endprodukte der Maschine zum Entfernen von Kunststoffetiketten\" class=\"wp-image-177\" srcset=\"https:\/\/plastic-machines.org\/wp-content\/uploads\/2022\/07\/plastic-bottles.webp 720w, https:\/\/plastic-machines.org\/wp-content\/uploads\/2022\/07\/plastic-bottles-300x225.webp 300w\" sizes=\"auto, (max-width: 720px) 100vw, 720px\" \/><\/figure>    <figure class=\"wp-block-image size-large\"><img loading=\"lazy\" decoding=\"async\" width=\"720\" height=\"540\" data-id=\"178\" src=\"https:\/\/plastic-machines.org\/wp-content\/uploads\/2022\/07\/PET-bottles-without-labels.webp\" alt=\"Endprodukte der Maschine zum Entfernen von Kunststoffetiketten\" class=\"wp-image-178\" srcset=\"https:\/\/plastic-machines.org\/wp-content\/uploads\/2022\/07\/PET-bottles-without-labels.webp 720w, https:\/\/plastic-machines.org\/wp-content\/uploads\/2022\/07\/PET-bottles-without-labels-300x225.webp 300w\" sizes=\"auto, (max-width: 720px) 100vw, 720px\" \/><\/figure> <figcaption class=\"blocks-gallery-caption wp-element-caption\">PET-Flaschen ohne Etikett<\/figcaption><\/figure>    <h2 class=\"wp-block-heading\">Wie funktioniert ein Etikettenentferner f\u00fcr PET-Flaschen?<\/h2>    <p>Bei der Etikettenentfernung gibt es zwei wichtige Schritte. Eine davon ist die Sonderverbindung, die aus dem Sonderzylinder, der Hauptwelle, dem beweglichen Messer auf der Welle und dem festen Messer an der Zylinderwand besteht. Die Klingen bestehen alle aus Hartlegierungsmessern mit scharfen Spitzen, und der Flaschenk\u00f6rper l\u00f6st sich beim Schiebevorgang durch den Kontakt mit den Klingen vom Etikett ab.<\/p>    <p>Der zweite Schritt ist die Trennung. Die f\u00fcr diesen Schritt ben\u00f6tigten Ger\u00e4te umfassen haupts\u00e4chlich eine Trennbox, den Hauptventilator und einen Hilfsmotor. Die Kunststoffetiketten werden durch den Wind getrennt. Die Maschine arbeitet effizient und die Ausfallrate ist so hoch wie 98%.<\/p>    <h2 class=\"wp-block-heading\" id=\"h-pet-bottle-label-remover-factory-display\">Fabrikdisplay zum Entfernen von Etiketten f\u00fcr PET-Flaschen<\/h2>   <div class=\"wp-block-image\"> <figure class=\"aligncenter size-full\"><img loading=\"lazy\" decoding=\"async\" width=\"720\" height=\"540\" src=\"https:\/\/plastic-machines.org\/wp-content\/uploads\/2022\/07\/label-removing-machine.webp\" alt=\"Etikettenentfernungsmaschine\" class=\"wp-image-180\" srcset=\"https:\/\/plastic-machines.org\/wp-content\/uploads\/2022\/07\/label-removing-machine.webp 720w, https:\/\/plastic-machines.org\/wp-content\/uploads\/2022\/07\/label-removing-machine-300x225.webp 300w\" sizes=\"auto, (max-width: 720px) 100vw, 720px\" \/><figcaption class=\"wp-element-caption\">Maschine zum Entfernen von PET-Flaschenetiketten<\/figcaption><\/figure> <\/div>  <div class=\"wp-block-image\"> <figure class=\"aligncenter size-full\"><img loading=\"lazy\" decoding=\"async\" width=\"720\" height=\"540\" src=\"https:\/\/plastic-machines.org\/wp-content\/uploads\/2022\/07\/PET-bottle-label-remover.webp\" alt=\"Etikettenentferner f\u00fcr PET-Flaschen\" class=\"wp-image-181\" srcset=\"https:\/\/plastic-machines.org\/wp-content\/uploads\/2022\/07\/PET-bottle-label-remover.webp 720w, https:\/\/plastic-machines.org\/wp-content\/uploads\/2022\/07\/PET-bottle-label-remover-300x225.webp 300w\" sizes=\"auto, (max-width: 720px) 100vw, 720px\" \/><figcaption class=\"wp-element-caption\">Maschine zum Entfernen von PET-Flaschenetiketten<\/figcaption><\/figure> <\/div>  <div class=\"wp-block-image\"> <figure class=\"aligncenter size-full\"><img loading=\"lazy\" decoding=\"async\" width=\"720\" height=\"540\" src=\"https:\/\/plastic-machines.org\/wp-content\/uploads\/2022\/07\/plastic-label-remover.webp\" alt=\"Maschine zum Entfernen von PET-Flaschenetiketten\" class=\"wp-image-182\" srcset=\"https:\/\/plastic-machines.org\/wp-content\/uploads\/2022\/07\/plastic-label-remover.webp 720w, https:\/\/plastic-machines.org\/wp-content\/uploads\/2022\/07\/plastic-label-remover-300x225.webp 300w\" sizes=\"auto, (max-width: 720px) 100vw, 720px\" \/><figcaption class=\"wp-element-caption\">Entferner f\u00fcr Kunststoffflaschenetiketten<\/figcaption><\/figure> <\/div>   <h2 class=\"wp-block-heading\">Vorteile einer Etikettenentfernungsmaschine<\/h2>    <ul class=\"wp-block-list\"> <li>Die Schneidwerkzeuge der Etikettenentfernungsmaschine f\u00fcr PET-Flaschen verwenden importierte Legierungen, die verschlei\u00dffest sind und eine lange Nutzungsdauer haben. Die Schneidmesser k\u00f6nnen eingestellt und ausgetauscht werden, sodass Sie sich keine Sorgen \u00fcber die Fallgeschwindigkeit der Maschine machen m\u00fcssen.<\/li>    <li>Die Maschine zum Entfernen von Kunststoffetiketten verwendet einen Dual-Power-Abluftventilator, der eine hohe Leistung und geringe Ger\u00e4uschentwicklung aufweist.<\/li>    <li>Die Motoren verf\u00fcgen \u00fcber eine W\u00e4rmeschutzfunktion, sie erzeugen nach l\u00e4ngerem Gebrauch keine W\u00e4rme und die Nutzungsdauer ist lang.<\/li> <\/ul>    <figure class=\"wp-block-gallery has-nested-images columns-default is-cropped wp-block-gallery-4 is-layout-flex wp-block-gallery-is-layout-flex\"> <figure class=\"wp-block-image size-large\"><img loading=\"lazy\" decoding=\"async\" width=\"526\" height=\"394\" data-id=\"176\" src=\"https:\/\/plastic-machines.org\/wp-content\/uploads\/2022\/07\/inside-structure-1-edited.webp\" alt=\"Etikettenentfernungsmaschine\" class=\"wp-image-176\" srcset=\"https:\/\/plastic-machines.org\/wp-content\/uploads\/2022\/07\/inside-structure-1-edited.webp 526w, https:\/\/plastic-machines.org\/wp-content\/uploads\/2022\/07\/inside-structure-1-edited-300x225.webp 300w\" sizes=\"auto, (max-width: 526px) 100vw, 526px\" \/><figcaption class=\"wp-element-caption\">Innenstruktur der Maschine zum Entfernen von PET-Flaschenetiketten<\/figcaption><\/figure>    <figure class=\"wp-block-image size-large\"><img loading=\"lazy\" decoding=\"async\" width=\"720\" height=\"540\" data-id=\"175\" src=\"https:\/\/plastic-machines.org\/wp-content\/uploads\/2022\/07\/inside-blades.webp\" alt=\"Innenklingen der Etikettenentfernungsmaschine\" class=\"wp-image-175\" srcset=\"https:\/\/plastic-machines.org\/wp-content\/uploads\/2022\/07\/inside-blades.webp 720w, https:\/\/plastic-machines.org\/wp-content\/uploads\/2022\/07\/inside-blades-300x225.webp 300w\" sizes=\"auto, (max-width: 720px) 100vw, 720px\" \/><figcaption class=\"wp-element-caption\">Innenklingen der Flaschenrecyclingmaschine<\/figcaption><\/figure> <\/figure>    <h2 class=\"wp-block-heading\">Parameter der Maschine zum Entfernen von PET-Flaschenetiketten <\/h2>    <figure class=\"wp-block-table\"><table><tbody><tr><td>Modell<\/td><td>SL-50<\/td><\/tr><tr><td>L\u00e4nge (m)<\/td><td>4.3<\/td><\/tr><tr><td>Breite (m)<\/td><td>0.63<\/td><\/tr><tr><td>Leistung (kw)<\/td><td>15+1.5<\/td><\/tr><tr><td>Au\u00dfenwandst\u00e4rke (mm)<\/td><td>8<\/td><\/tr><tr><td>Geschwindigkeit der Beschriftungsbewegung<\/td><td>98%<\/td><\/tr><\/tbody><\/table><\/figure>    <p>Das obige Modell SL-50 ist unser Bestseller, dar\u00fcber hinaus haben wir auch andere Modelle mit gr\u00f6\u00dferer Kapazit\u00e4t. Wenn Sie interessiert sind, k\u00f6nnen Sie sich gerne an uns wenden. Wir stellen Ihnen die Details der Maschine zum Entfernen von PET-Flaschenetiketten vor.<\/p>    <h2 class=\"wp-block-heading\">Video zur Etikettenentfernungsmaschine<\/h2>    <p>Im Video k\u00f6nnen Sie sehen, wie eine Etikettenentfernungsmaschine ihre Arbeit erledigt. Wenn Sie interessiert sind, k\u00f6nnen Sie gerne unseren Youtube-Kanal abonnieren. Wir werden Videos von Kunststoffrecyclingmaschinen aktualisieren.<\/p>    <figure class=\"wp-block-embed is-type-video is-provider-youtube wp-block-embed-youtube wp-embed-aspect-16-9 wp-has-aspect-ratio\"><div class=\"wp-block-embed__wrapper\"> <iframe loading=\"lazy\" title=\"Etikettenentferner f\u00fcr PET-Flaschen | Entetikettiermaschine\" width=\"500\" height=\"281\" src=\"https:\/\/www.youtube.com\/embed\/jqpJbfWeKSs?start=43&#038;feature=oembed\" frameborder=\"0\" allow=\"accelerometer; autoplay; clipboard-write; encrypted-media; gyroscope; picture-in-picture; web-share\" referrerpolicy=\"strict-origin-when-cross-origin\" allowfullscreen><\/iframe> <\/div><\/figure>    <h2 class=\"wp-block-heading\">Die Notwendigkeit einer Etikettenentfernungsmaschine<\/h2>    <p>Aus Sicht des Herstellungsprozesses von Kunststoffflaschen werden Flaschenk\u00f6rper, Verschluss und Kunststoffetikett vollst\u00e4ndig separat hergestellt. Obwohl es sich bei allen um Kunststoffe handelt, unterscheiden sich die Typen vor allem aufgrund des plastischen Koeffizienten. Darunter besteht der Flaschenk\u00f6rper aus PET, der Deckel im Allgemeinen aus PE und das Kunststoffetikett aus PVC. Um die Qualit\u00e4t und Reinheit der recycelten Kunststoffe sicherzustellen, sollten diese daher beim Recycling auch separat recycelt werden.<\/p>","protected":false},"excerpt":{"rendered":"<p>This PET bottle label remover machine is suitable for plastic bottles such as PET mineral water bottles, cola bottles, oil bottles, etc. The PET bottle remover machine can quickly separate the labels on the plastic bottles from the bottle body. The use of the label removing machine can replace people to remove labels, solving the [&hellip;]<\/p>\n","protected":false},"author":1,"featured_media":446,"parent":0,"template":"","tags":[58,35],"product-type":[15,27],"class_list":["post-166","product","type-product","status-publish","has-post-thumbnail","hentry","tag-label","tag-pet","product-type-plastic-crushing-equipment","product-type-separation-technology"],"taxonomy_info":{"post_tag":[{"value":58,"label":"label"},{"value":35,"label":"PET"}],"product-type":[{"value":15,"label":"Plastic Crushing Equipment"},{"value":27,"label":"Separation Technology"}]},"featured_image_src_large":["https:\/\/plastic-machines.org\/wp-content\/uploads\/2022\/06\/PET-bottle-label-removing-machine1.webp",720,540,false],"author_info":{"display_name":"Ella","author_link":"https:\/\/plastic-machines.org\/de\/author\/admin\/"},"comment_info":"","_links":{"self":[{"href":"https:\/\/plastic-machines.org\/de\/wp-json\/wp\/v2\/product\/166","targetHints":{"allow":["GET"]}}],"collection":[{"href":"https:\/\/plastic-machines.org\/de\/wp-json\/wp\/v2\/product"}],"about":[{"href":"https:\/\/plastic-machines.org\/de\/wp-json\/wp\/v2\/types\/product"}],"author":[{"embeddable":true,"href":"https:\/\/plastic-machines.org\/de\/wp-json\/wp\/v2\/users\/1"}],"wp:featuredmedia":[{"embeddable":true,"href":"https:\/\/plastic-machines.org\/de\/wp-json\/wp\/v2\/media\/446"}],"wp:attachment":[{"href":"https:\/\/plastic-machines.org\/de\/wp-json\/wp\/v2\/media?parent=166"}],"wp:term":[{"taxonomy":"post_tag","embeddable":true,"href":"https:\/\/plastic-machines.org\/de\/wp-json\/wp\/v2\/tags?post=166"},{"taxonomy":"product-type","embeddable":true,"href":"https:\/\/plastic-machines.org\/de\/wp-json\/wp\/v2\/product-type?post=166"}],"curies":[{"name":"wp","href":"https:\/\/api.w.org\/{rel}","templated":true}]}}