{"id":155,"date":"2022-07-04T03:45:03","date_gmt":"2022-07-04T03:45:03","guid":{"rendered":"https:\/\/plastic-machines.org\/?post_type=product&#038;p=155"},"modified":"2025-11-18T11:34:53","modified_gmt":"2025-11-18T03:34:53","slug":"plastic-bottle-crusher","status":"publish","type":"product","link":"https:\/\/plastic-machines.org\/de\/product\/plastic-bottle-crusher\/","title":{"rendered":"Plastikflaschenzerkleinerer f\u00fcr PET-Mahlanlage"},"content":{"rendered":"<div class=\"kk-star-ratings kksr-auto kksr-align-left kksr-valign-top\"     data-payload='{&quot;align&quot;:&quot;left&quot;,&quot;id&quot;:&quot;155&quot;,&quot;slug&quot;:&quot;default&quot;,&quot;valign&quot;:&quot;top&quot;,&quot;ignore&quot;:&quot;&quot;,&quot;reference&quot;:&quot;auto&quot;,&quot;class&quot;:&quot;&quot;,&quot;count&quot;:&quot;3&quot;,&quot;legendonly&quot;:&quot;&quot;,&quot;readonly&quot;:&quot;&quot;,&quot;score&quot;:&quot;5&quot;,&quot;starsonly&quot;:&quot;&quot;,&quot;best&quot;:&quot;5&quot;,&quot;gap&quot;:&quot;5&quot;,&quot;greet&quot;:&quot;Rate this product&quot;,&quot;legend&quot;:&quot;5\\\/5 - (3 votes)&quot;,&quot;size&quot;:&quot;24&quot;,&quot;title&quot;:&quot;Plastic Bottle Crusher for PET Grinding Plant&quot;,&quot;width&quot;:&quot;142.5&quot;,&quot;_legend&quot;:&quot;{score}\\\/{best} - ({count} {votes})&quot;,&quot;font_factor&quot;:&quot;1.25&quot;}'>              <div class=\"kksr-stars\">      <div class=\"kksr-stars-inactive\">             <div class=\"kksr-star\" data-star=\"1\" style=\"padding-right: 5px\">               <div class=\"kksr-icon\" style=\"width: 24px; height: 24px;\"><\/div>         <\/div>             <div class=\"kksr-star\" data-star=\"2\" style=\"padding-right: 5px\">               <div class=\"kksr-icon\" style=\"width: 24px; height: 24px;\"><\/div>         <\/div>             <div class=\"kksr-star\" data-star=\"3\" style=\"padding-right: 5px\">               <div class=\"kksr-icon\" style=\"width: 24px; height: 24px;\"><\/div>         <\/div>             <div class=\"kksr-star\" data-star=\"4\" style=\"padding-right: 5px\">               <div class=\"kksr-icon\" style=\"width: 24px; height: 24px;\"><\/div>         <\/div>             <div class=\"kksr-star\" data-star=\"5\" style=\"padding-right: 5px\">               <div class=\"kksr-icon\" style=\"width: 24px; height: 24px;\"><\/div>         <\/div>     <\/div>      <div class=\"kksr-stars-active\" style=\"width: 142.5px;\">             <div class=\"kksr-star\" style=\"padding-right: 5px\">               <div class=\"kksr-icon\" style=\"width: 24px; height: 24px;\"><\/div>         <\/div>             <div class=\"kksr-star\" style=\"padding-right: 5px\">               <div class=\"kksr-icon\" style=\"width: 24px; height: 24px;\"><\/div>         <\/div>             <div class=\"kksr-star\" style=\"padding-right: 5px\">               <div class=\"kksr-icon\" style=\"width: 24px; height: 24px;\"><\/div>         <\/div>             <div class=\"kksr-star\" style=\"padding-right: 5px\">               <div class=\"kksr-icon\" style=\"width: 24px; height: 24px;\"><\/div>         <\/div>             <div class=\"kksr-star\" style=\"padding-right: 5px\">               <div class=\"kksr-icon\" style=\"width: 24px; height: 24px;\"><\/div>         <\/div>     <\/div> <\/div>                   <div class=\"kksr-legend\" style=\"font-size: 19.2px;\">             5\/5 - (3 Stimmen)    <\/div>     <\/div>  <p>Der Kunststoffflaschenzerkleinerer von Shuliy wird haupts\u00e4chlich zum professionellen Zerkleinern von Kunststoffabf\u00e4llen wie Abwasserflaschen, Milchflaschen und \u00d6ldosen verwendet.  Wir nennen es auch Plastikflaschen-Grinder. Das Hauptmerkmal dieser Flaschenm\u00fchle besteht darin, dass sie \u00fcber eine neue Verbesserung der Austragsstruktur verf\u00fcgt, mit der PET-Flaschenflocken effektiv gemahlen werden k\u00f6nnen. Sie ist eine der wichtigen Maschinen der kompletten PET-Recyclinglinie.<\/p>    <h2 class=\"wp-block-heading\" id=\"h-introduction-of-plastic-bottle-crusher\">Einf\u00fchrung des Plastikflaschenzerkleinerers <\/h2>    <p class=\"translation-block\">Da die Umweltverschmutzung durch Plastik immer ernster wird, bef\u00fcrworten immer mehr L\u00e4nder das Recycling und die Wiederverwendung von Kunststoffabf\u00e4llen. Beim <a href=\"https:\/\/en.wikipedia.org\/wiki\/PET_bottle_recycling\" target=\"_blank\" rel=\"noopener\">Recycling von PET-Plastikflaschen<\/a> ist ein Plastikflaschenschredder ein sehr wichtiges Ausr\u00fcstungsst\u00fcck. Die Kunststoffzerkleinerungsmaschine kann Abfallplastikflaschen effizient zerkleinern und sie zu gleichm\u00e4\u00dfig gro\u00dfen PET-Flocken verarbeiten.<\/p>   <div class=\"wp-block-image\"> <figure class=\"aligncenter size-full\"><img loading=\"lazy\" decoding=\"async\" width=\"720\" height=\"540\" src=\"https:\/\/plastic-machines.org\/wp-content\/uploads\/2022\/07\/plastic-shredder.webp\" alt=\"Zerkleinerer f\u00fcr Plastikflaschen\" class=\"wp-image-158\" srcset=\"https:\/\/plastic-machines.org\/wp-content\/uploads\/2022\/07\/plastic-shredder.webp 720w, https:\/\/plastic-machines.org\/wp-content\/uploads\/2022\/07\/plastic-shredder-300x225.webp 300w\" sizes=\"auto, (max-width: 720px) 100vw, 720px\" \/><figcaption class=\"wp-element-caption\">Zerkleinerer f\u00fcr Plastikflaschen<\/figcaption><\/figure> <\/div>  <div class=\"wp-block-image\"> <figure class=\"aligncenter size-full\"><img loading=\"lazy\" decoding=\"async\" width=\"720\" height=\"540\" src=\"https:\/\/plastic-machines.org\/wp-content\/uploads\/2022\/07\/plastic-bottle-shredder.webp\" alt=\"Schleifmaschine f\u00fcr PET-Flaschen\" class=\"wp-image-160\" srcset=\"https:\/\/plastic-machines.org\/wp-content\/uploads\/2022\/07\/plastic-bottle-shredder.webp 720w, https:\/\/plastic-machines.org\/wp-content\/uploads\/2022\/07\/plastic-bottle-shredder-300x225.webp 300w\" sizes=\"auto, (max-width: 720px) 100vw, 720px\" \/><figcaption class=\"wp-element-caption\">Plastikflaschenm\u00fchlen in der Fabrik<\/figcaption><\/figure> <\/div>   <h2 class=\"wp-block-heading\">Rohstoffe und Endprodukte des PET-Brechers<\/h2>    <p>Der Plastikflaschenzerkleinerer dient zum Zerkleinern von PET-Flaschen, einschlie\u00dflich Mineralwasserflaschen, Getr\u00e4nkeflaschen, \u00d6lflaschen usw. Es sind auch abgeflachte Plastikflaschen und verpackte Flaschensteine \u200b\u200berh\u00e4ltlich. Die speziellen Klingen des Brechers sind gegen die statische Elektrizit\u00e4t ausgelegt, die durch die Reibung der PET-Flocken entsteht. Die fertigen Flocken sind gleichm\u00e4\u00dfig und k\u00f6nnen verarbeitet werden.<\/p>   <div class=\"wp-block-image\"> <figure class=\"aligncenter size-full\"><img loading=\"lazy\" decoding=\"async\" width=\"720\" height=\"540\" src=\"https:\/\/plastic-machines.org\/wp-content\/uploads\/2022\/07\/PET-materials-1.webp\" alt=\"Rohstoffe f\u00fcr Plastikflaschenschredder\" class=\"wp-image-549\" srcset=\"https:\/\/plastic-machines.org\/wp-content\/uploads\/2022\/07\/PET-materials-1.webp 720w, https:\/\/plastic-machines.org\/wp-content\/uploads\/2022\/07\/PET-materials-1-300x225.webp 300w\" sizes=\"auto, (max-width: 720px) 100vw, 720px\" \/><\/figure> <\/div>   <h2 class=\"wp-block-heading\">Funktionsprinzip des Plastikflaschenzerkleinerers<\/h2>    <p>Das Funktionsprinzip unserer PET-Flaschenzerkleinerungsmaschine ist leicht zu verstehen. Der Zerkleinerungshohlraum im Inneren des feststehenden Messers und des beweglichen Messers bildet aufgrund der Schnitt\u00e4nderungen zwischen den beiden Klingen einen Scherwinkel an der Plastikflasche. Anschlie\u00dfend wird die Plastikflasche von den Klingen zerkleinert.<\/p>   <div class=\"wp-block-image\"> <figure class=\"aligncenter size-full\"><img loading=\"lazy\" decoding=\"async\" width=\"720\" height=\"540\" src=\"https:\/\/plastic-machines.org\/wp-content\/uploads\/2022\/07\/blades-of-PET-crusher.webp\" alt=\"Klingen des PET-Flaschenbrechers\" class=\"wp-image-161\" srcset=\"https:\/\/plastic-machines.org\/wp-content\/uploads\/2022\/07\/blades-of-PET-crusher.webp 720w, https:\/\/plastic-machines.org\/wp-content\/uploads\/2022\/07\/blades-of-PET-crusher-300x225.webp 300w\" sizes=\"auto, (max-width: 720px) 100vw, 720px\" \/><figcaption class=\"wp-element-caption\">Klingen aus PET-Brecher<\/figcaption><\/figure> <\/div>  <div class=\"wp-block-image\"> <figure class=\"aligncenter size-full\"><img loading=\"lazy\" decoding=\"async\" width=\"720\" height=\"540\" src=\"https:\/\/plastic-machines.org\/wp-content\/uploads\/2022\/07\/inside-structure.webp\" alt=\"Messerwelle (innere Struktur) der PET-Flaschenzerkleinerungsmaschine\" class=\"wp-image-162\" srcset=\"https:\/\/plastic-machines.org\/wp-content\/uploads\/2022\/07\/inside-structure.webp 720w, https:\/\/plastic-machines.org\/wp-content\/uploads\/2022\/07\/inside-structure-300x225.webp 300w\" sizes=\"auto, (max-width: 720px) 100vw, 720px\" \/><figcaption class=\"wp-element-caption\">Schaft der Kunststoff-Flaschenmahlmesser (innere Struktur)<\/figcaption><\/figure> <\/div>   <h2 class=\"wp-block-heading\">Parameter der PET-Flaschenzerkleinerungsmaschine <\/h2>    <figure class=\"wp-block-table\"><table><tbody><tr><td>Modell<\/td><td>SL-60<\/td><td>SL-80<\/td><td>SL-100<\/td><td>SL-120<\/td><\/tr><tr><td>Kapazit\u00e4t (kg\/h)<\/td><td>500<\/td><td>1000<\/td><td>1500<\/td><td>3000<\/td><\/tr><tr><td>Motor (kW)<\/td><td>22<\/td><td>37<\/td><td>75<\/td><td>90<\/td><\/tr><tr><td>H\u00f6he (m)<\/td><td>1.8<\/td><td>2.6<\/td><td>2.6<\/td><td>2.6<\/td><\/tr><tr><td>Dicke des Messers (mm)<\/td><td>30<\/td><td>40<\/td><td>40<\/td><td>40<\/td><\/tr><tr><td>Plattendicke (mm)<\/td><td>16<\/td><td>20<\/td><td>30<\/td><td>30<\/td><\/tr><\/tbody><\/table><\/figure>    <p>Dar\u00fcber hinaus liegt der Bereich der Siebmaschenweite von Kunststoffzerkleinerern zwischen 14 und 18 mm. Jeder Aktenvernichter verf\u00fcgt \u00fcber einen Zuf\u00fchrelevator mit einer Leistung von 1,5 kW. Die Dicke der Zerkleinerungskammer der Kunststoffflaschen-Zerkleinerungsmaschine wird mit zunehmendem Maschinenmodell dicker.<\/p>    <h2 class=\"wp-block-heading\">Vorteile der PET-Flaschenzerkleinerungsmaschine<\/h2>    <ol class=\"wp-block-list\"> <li>Der Zerkleinerer f\u00fcr Plastikflaschen von Shuliy verf\u00fcgt \u00fcber einen spiralf\u00f6rmigen Austrager an der Unterseite der Maschine, der die zerkleinerten Plastikflaschenst\u00fccke automatisch durch den Spiralf\u00f6rderer herausschieben und mit der Sp\u00fclausr\u00fcstung unter der Wirkung der Hebeplatte schnell eine Wasch- und Trocknungslinie bilden kann .<\/li>    <li>Der Plastikflaschenzerkleinerer hat die Vorrichtung zur Zwangszuf\u00fchrung vergr\u00f6\u00dfert, die zum erzwungenen Zerkleinern effektiv in den Hohlraum der Plastikflasche eindringen kann. Die Zwangszuf\u00fchrungsvorrichtung kann den Materialr\u00fcckfluss wirksam verhindern und gleichzeitig die Effizienz der Zerkleinerung verbessern.<\/li>    <li>Das Klingendesign der Shuliy-Kunststoffflaschenschleifmaschine ist einzigartig und kann die durch \u00fcberm\u00e4\u00dfige Leistung und das Ph\u00e4nomen des Spindelklemmens verursachte Scherkraft der Kunststoffflasche wirksam vermeiden und so das Ph\u00e4nomen des Blockierens reduzieren. Die Zerkleinerungsmaschine f\u00fcr PET-Flaschen mit diesen Klingen gew\u00e4hrleistet einen langen und stabilen Betrieb.<\/li> <\/ol>    <h2 class=\"wp-block-heading\">Video der PET-Flaschenm\u00fchle<\/h2>    <figure class=\"wp-block-embed is-type-video is-provider-youtube wp-block-embed-youtube wp-embed-aspect-16-9 wp-has-aspect-ratio\"><div class=\"wp-block-embed__wrapper\"> <iframe loading=\"lazy\" title=\"Plastikflaschenzerkleinerer | Zerkleinerungsmaschine f\u00fcr PET-Kunststoff\" width=\"500\" height=\"281\" src=\"https:\/\/www.youtube.com\/embed\/aMnGnzOSAkI?feature=oembed\" frameborder=\"0\" allow=\"accelerometer; autoplay; clipboard-write; encrypted-media; gyroscope; picture-in-picture; web-share\" referrerpolicy=\"strict-origin-when-cross-origin\" allowfullscreen><\/iframe> <\/div><\/figure>    <h2 class=\"wp-block-heading\">Empfehlen Sie Ihnen eine PET-Flaschen-Recyclinglinie<\/h2>    <p class=\"translation-block\">Shuliy Machinery bietet eine komplette <a href=\"https:\/\/plastic-machines.org\/de\/product\/pet-bottle-recycling-line\/\">Recycling-Waschstra\u00dfe f\u00fcr PET-Altflaschen<\/a>. Die Kernanlagen umfassen einen Kunststoffflaschen-Zerkleinerer, ein Sp\u00fclbecken, eine PET-Reibungswaschanlage und einen Warmwasserwaschtank. Wir unterst\u00fctzen auch kundenspezifische Maschinen nach den Anforderungen der Kunden. Kontaktieren Sie uns oder hinterlassen Sie jetzt Ihre Nachricht auf unserer Website.<\/p>   <div class=\"wp-block-image\"> <figure class=\"aligncenter size-full\"><img loading=\"lazy\" decoding=\"async\" width=\"720\" height=\"540\" src=\"https:\/\/plastic-machines.org\/wp-content\/uploads\/2022\/07\/PET-washing-line1.webp\" alt=\"PET-Flaschen-Recyclingmaschine\" class=\"wp-image-301\" srcset=\"https:\/\/plastic-machines.org\/wp-content\/uploads\/2022\/07\/PET-washing-line1.webp 720w, https:\/\/plastic-machines.org\/wp-content\/uploads\/2022\/07\/PET-washing-line1-300x225.webp 300w\" sizes=\"auto, (max-width: 720px) 100vw, 720px\" \/><figcaption class=\"wp-element-caption\">PET-Waschrecyclinglinie<\/figcaption><\/figure> <\/div>","protected":false},"excerpt":{"rendered":"<p>Shuliy plastic bottle crusher is mainly used for the professional crushing of plastic scraps such as waste water bottles, milk bottles and oil cans. We also call it a plastic bottle grinder. The main feature of this bottle grinder is that it has a new improvement in the discharge structure, which can effectively achieve the [&hellip;]<\/p>\n","protected":false},"author":1,"featured_media":449,"parent":0,"template":"","tags":[39,35],"product-type":[15],"class_list":["post-155","product","type-product","status-publish","has-post-thumbnail","hentry","tag-flake","tag-pet","product-type-plastic-crushing-equipment"],"taxonomy_info":{"post_tag":[{"value":39,"label":"flake"},{"value":35,"label":"PET"}],"product-type":[{"value":15,"label":"Plastic Crushing Equipment"}]},"featured_image_src_large":["https:\/\/plastic-machines.org\/wp-content\/uploads\/2022\/06\/PET-plastic-crusher1.webp",720,540,false],"author_info":{"display_name":"Ella","author_link":"https:\/\/plastic-machines.org\/de\/author\/admin\/"},"comment_info":"","_links":{"self":[{"href":"https:\/\/plastic-machines.org\/de\/wp-json\/wp\/v2\/product\/155","targetHints":{"allow":["GET"]}}],"collection":[{"href":"https:\/\/plastic-machines.org\/de\/wp-json\/wp\/v2\/product"}],"about":[{"href":"https:\/\/plastic-machines.org\/de\/wp-json\/wp\/v2\/types\/product"}],"author":[{"embeddable":true,"href":"https:\/\/plastic-machines.org\/de\/wp-json\/wp\/v2\/users\/1"}],"wp:featuredmedia":[{"embeddable":true,"href":"https:\/\/plastic-machines.org\/de\/wp-json\/wp\/v2\/media\/449"}],"wp:attachment":[{"href":"https:\/\/plastic-machines.org\/de\/wp-json\/wp\/v2\/media?parent=155"}],"wp:term":[{"taxonomy":"post_tag","embeddable":true,"href":"https:\/\/plastic-machines.org\/de\/wp-json\/wp\/v2\/tags?post=155"},{"taxonomy":"product-type","embeddable":true,"href":"https:\/\/plastic-machines.org\/de\/wp-json\/wp\/v2\/product-type?post=155"}],"curies":[{"name":"wp","href":"https:\/\/api.w.org\/{rel}","templated":true}]}}