{"id":1165,"date":"2023-12-14T18:02:41","date_gmt":"2023-12-14T10:02:41","guid":{"rendered":"https:\/\/plastic-machines.org\/?post_type=product&#038;p=1165"},"modified":"2025-11-14T16:01:20","modified_gmt":"2025-11-14T08:01:20","slug":"plastic-pellet-storage-silo","status":"publish","type":"product","link":"https:\/\/plastic-machines.org\/de\/product\/plastic-pellet-storage-silo\/","title":{"rendered":"Kunststoff-Pellet-Lagersilo"},"content":{"rendered":"<div class=\"kk-star-ratings kksr-auto kksr-align-left kksr-valign-top\"     data-payload='{&quot;align&quot;:&quot;left&quot;,&quot;id&quot;:&quot;1165&quot;,&quot;slug&quot;:&quot;default&quot;,&quot;valign&quot;:&quot;top&quot;,&quot;ignore&quot;:&quot;&quot;,&quot;reference&quot;:&quot;auto&quot;,&quot;class&quot;:&quot;&quot;,&quot;count&quot;:&quot;1&quot;,&quot;legendonly&quot;:&quot;&quot;,&quot;readonly&quot;:&quot;&quot;,&quot;score&quot;:&quot;5&quot;,&quot;starsonly&quot;:&quot;&quot;,&quot;best&quot;:&quot;5&quot;,&quot;gap&quot;:&quot;5&quot;,&quot;greet&quot;:&quot;Rate this product&quot;,&quot;legend&quot;:&quot;5\\\/5 - (1 vote)&quot;,&quot;size&quot;:&quot;24&quot;,&quot;title&quot;:&quot;Plastic Pellet Storage Silo&quot;,&quot;width&quot;:&quot;142.5&quot;,&quot;_legend&quot;:&quot;{score}\\\/{best} - ({count} {votes})&quot;,&quot;font_factor&quot;:&quot;1.25&quot;}'>              <div class=\"kksr-stars\">      <div class=\"kksr-stars-inactive\">             <div class=\"kksr-star\" data-star=\"1\" style=\"padding-right: 5px\">               <div class=\"kksr-icon\" style=\"width: 24px; height: 24px;\"><\/div>         <\/div>             <div class=\"kksr-star\" data-star=\"2\" style=\"padding-right: 5px\">               <div class=\"kksr-icon\" style=\"width: 24px; height: 24px;\"><\/div>         <\/div>             <div class=\"kksr-star\" data-star=\"3\" style=\"padding-right: 5px\">               <div class=\"kksr-icon\" style=\"width: 24px; height: 24px;\"><\/div>         <\/div>             <div class=\"kksr-star\" data-star=\"4\" style=\"padding-right: 5px\">               <div class=\"kksr-icon\" style=\"width: 24px; height: 24px;\"><\/div>         <\/div>             <div class=\"kksr-star\" data-star=\"5\" style=\"padding-right: 5px\">               <div class=\"kksr-icon\" style=\"width: 24px; height: 24px;\"><\/div>         <\/div>     <\/div>      <div class=\"kksr-stars-active\" style=\"width: 142.5px;\">             <div class=\"kksr-star\" style=\"padding-right: 5px\">               <div class=\"kksr-icon\" style=\"width: 24px; height: 24px;\"><\/div>         <\/div>             <div class=\"kksr-star\" style=\"padding-right: 5px\">               <div class=\"kksr-icon\" style=\"width: 24px; height: 24px;\"><\/div>         <\/div>             <div class=\"kksr-star\" style=\"padding-right: 5px\">               <div class=\"kksr-icon\" style=\"width: 24px; height: 24px;\"><\/div>         <\/div>             <div class=\"kksr-star\" style=\"padding-right: 5px\">               <div class=\"kksr-icon\" style=\"width: 24px; height: 24px;\"><\/div>         <\/div>             <div class=\"kksr-star\" style=\"padding-right: 5px\">               <div class=\"kksr-icon\" style=\"width: 24px; height: 24px;\"><\/div>         <\/div>     <\/div> <\/div>                   <div class=\"kksr-legend\" style=\"font-size: 19.2px;\">             5\/5 - (1 Stimme)    <\/div>     <\/div>  <p class=\"translation-block\">Der Lagerbeh\u00e4lter f\u00fcr Kunststoffpellets in einer Kunststoff recycled Anlage ist eine Schl\u00fcsselkomponente, deren Hauptfunktion darin besteht, die recycelten Kunststoffpellets zu lagern und zu verwalten, die vom Kunststoffpelletierer hergestellt werden. Viele unserer Kunden sind mit einem Silo ausgestattet, wenn sie eine <strong><a href=\"https:\/\/plastic-machines.org\/de\/product\/plastic-granulating-line\/\" data-type=\"link\" data-id=\"https:\/\/plastic-machines.org\/product\/plastic-granulating-line\/\">Kunststoffpelletproduktionslinie<\/a><\/strong> kaufen.<\/p>    <figure class=\"wp-block-gallery has-nested-images columns-default is-cropped wp-block-gallery-2 is-layout-flex wp-block-gallery-is-layout-flex\"> <figure class=\"wp-block-image size-large\"><img loading=\"lazy\" decoding=\"async\" width=\"540\" height=\"720\" data-id=\"1320\" src=\"https:\/\/plastic-machines.org\/wp-content\/uploads\/2023\/12\/plastic-granule-silo-2.webp\" alt=\"Kunststoff-Pellet-Lagersilo\" class=\"wp-image-1320\" srcset=\"https:\/\/plastic-machines.org\/wp-content\/uploads\/2023\/12\/plastic-granule-silo-2.webp 540w, https:\/\/plastic-machines.org\/wp-content\/uploads\/2023\/12\/plastic-granule-silo-2-225x300.webp 225w, https:\/\/plastic-machines.org\/wp-content\/uploads\/2023\/12\/plastic-granule-silo-2-9x12.webp 9w\" sizes=\"auto, (max-width: 540px) 100vw, 540px\" \/><\/figure>    <figure class=\"wp-block-image size-large\"><img loading=\"lazy\" decoding=\"async\" width=\"540\" height=\"720\" data-id=\"1323\" src=\"https:\/\/plastic-machines.org\/wp-content\/uploads\/2023\/12\/plastic-stock-bin.webp\" alt=\"Kunststoff-Pellet-Lagersilo\" class=\"wp-image-1323\" srcset=\"https:\/\/plastic-machines.org\/wp-content\/uploads\/2023\/12\/plastic-stock-bin.webp 540w, https:\/\/plastic-machines.org\/wp-content\/uploads\/2023\/12\/plastic-stock-bin-225x300.webp 225w, https:\/\/plastic-machines.org\/wp-content\/uploads\/2023\/12\/plastic-stock-bin-9x12.webp 9w\" sizes=\"auto, (max-width: 540px) 100vw, 540px\" \/><\/figure>    <figure class=\"wp-block-image size-large\"><img loading=\"lazy\" decoding=\"async\" width=\"540\" height=\"720\" data-id=\"1322\" src=\"https:\/\/plastic-machines.org\/wp-content\/uploads\/2023\/12\/plastic-granule-silo.webp\" alt=\"Aufbewahrungsbeh\u00e4lter aus Kunststoff\" class=\"wp-image-1322\" srcset=\"https:\/\/plastic-machines.org\/wp-content\/uploads\/2023\/12\/plastic-granule-silo.webp 540w, https:\/\/plastic-machines.org\/wp-content\/uploads\/2023\/12\/plastic-granule-silo-225x300.webp 225w, https:\/\/plastic-machines.org\/wp-content\/uploads\/2023\/12\/plastic-granule-silo-9x12.webp 9w\" sizes=\"auto, (max-width: 540px) 100vw, 540px\" \/><\/figure> <\/figure>    <h2 class=\"wp-block-heading\">Video eines Pelletsilos aus Kunststoff<\/h2>    <figure class=\"wp-block-embed is-type-video is-provider-youtube wp-block-embed-youtube wp-embed-aspect-16-9 wp-has-aspect-ratio\"><div class=\"wp-block-embed__wrapper\"> <iframe loading=\"lazy\" title=\"Anpassbare Lagersilos f\u00fcr Kunststoffgranulat in einer Kunststoffrecyclingfabrik\" width=\"500\" height=\"281\" src=\"https:\/\/www.youtube.com\/embed\/mWDMYbnqnXE?start=1&#038;feature=oembed\" frameborder=\"0\" allow=\"accelerometer; autoplay; clipboard-write; encrypted-media; gyroscope; picture-in-picture; web-share\" referrerpolicy=\"strict-origin-when-cross-origin\" allowfullscreen><\/iframe> <\/div><\/figure>    <h2 class=\"wp-block-heading\">Vorteile des Kunststoff-Granulat-Aufbewahrungsbeh\u00e4lters von Shuliy<\/h2>    <p class=\"translation-block\">Lagerung von recycelten Pellets: Das Silo dient als Lagerst\u00e4tte zum vor\u00fcbergehenden Lagern der aus dem <a href=\"https:\/\/plastic-machines.org\/de\/product\/plastic-extruder-machine\/\">Kunststoff-Pelletierer<\/a> hergestellten recycelten Pellets. Dies hilft, die Produktion entsprechend anzupassen und gen\u00fcgend Pellets zwischenzulagern, um Ver\u00e4nderungen der Produktionsanforderungen zu bew\u00e4ltigen.<\/p>    <p>Feuchtigkeits- und Staubschutz: Kunststoff-Pellet-Lagersilos werden h\u00e4ufig unter Ber\u00fccksichtigung von Feuchtigkeits- und Staubschutz konstruiert, um die gelagerten Pellets vor Feuchtigkeit und Verunreinigungen zu sch\u00fctzen und die Qualit\u00e4t der Pellets aufrechtzuerhalten.<\/p>    <p>Verbesserte Produktionskontinuit\u00e4t: Durch die Rationalisierung der Pellets im Lagersilo f\u00fcr Kunststoffpellets kann die Produktionslinie kontinuierlicher laufen, was Ausfallzeiten und Umr\u00fcstzeiten reduziert und so die Gesamtproduktionskontinuit\u00e4t und -effizienz verbessert.<\/p>    <h2 class=\"wp-block-heading\">Angepasste Parameter des Shuliy-Pelletsilos<\/h2>    <p>Bei Shuliy Machinery k\u00f6nnen die Abmessungen von Kunststoffsilos an spezifische Anforderungen angepasst werden, einschlie\u00dflich Parametern wie Durchmesser, H\u00f6he und Kapazit\u00e4t. Durch diese individuelle Anpassung k\u00f6nnen Silos besser an Kunststoffrecyclinganlagen unterschiedlicher Gr\u00f6\u00dfe und Produktionsanforderungen angepasst werden.<\/p>    <p>Erstens k\u00f6nnen Durchmesser und H\u00f6he des Silos an die spezifischen Platzverh\u00e4ltnisse und Prozessanforderungen eines Herstellers angepasst werden. Dieses individuelle Design erm\u00f6glicht es Herstellern, den Raum optimal zu nutzen und die Produktionseffizienz innerhalb eines begrenzten Standorts zu maximieren.<\/p>    <p>Die Kapazit\u00e4t ist ein weiterer wichtiger anpassbarer Parameter. Im Allgemeinen kann die Kapazit\u00e4t eines Kunststoffgranulat-Lagerbeh\u00e4lters je nach Gr\u00f6\u00dfe und H\u00e4ufigkeit der Produktion individuell angepasst werden. Zu den g\u00e4ngigen Kapazit\u00e4ten geh\u00f6ren verschiedene Optionen von 1 Tonne, 3 Tonnen bis 10 Tonnen. Diese Flexibilit\u00e4t erm\u00f6glicht es Recyclinganlagen, den Bedarf an Rohstofflagerung besser zu decken und die Kontinuit\u00e4t der Lieferkette sicherzustellen.<\/p>","protected":false},"excerpt":{"rendered":"<p>The plastic pellet storage silo in a plastic recycling plant is a key component whose primary function is to store and manage the recycled plastic pellets produced from the plastic pelletizer machine. Many of our customers are equipped with a silo when they purchase a plastic pellet production line. Video of plastic pellet storage silo [&hellip;]<\/p>\n","protected":false},"author":1,"featured_media":1166,"parent":0,"template":"","tags":[52],"product-type":[26],"class_list":["post-1165","product","type-product","status-publish","has-post-thumbnail","hentry","tag-silo","product-type-plastic-baler"],"taxonomy_info":{"post_tag":[{"value":52,"label":"silo"}],"product-type":[{"value":26,"label":"Plastic Baler"}]},"featured_image_src_large":["https:\/\/plastic-machines.org\/wp-content\/uploads\/2023\/12\/plastic-granules-storage-bin.webp",720,540,false],"author_info":{"display_name":"Ella","author_link":"https:\/\/plastic-machines.org\/de\/author\/admin\/"},"comment_info":"","_links":{"self":[{"href":"https:\/\/plastic-machines.org\/de\/wp-json\/wp\/v2\/product\/1165","targetHints":{"allow":["GET"]}}],"collection":[{"href":"https:\/\/plastic-machines.org\/de\/wp-json\/wp\/v2\/product"}],"about":[{"href":"https:\/\/plastic-machines.org\/de\/wp-json\/wp\/v2\/types\/product"}],"author":[{"embeddable":true,"href":"https:\/\/plastic-machines.org\/de\/wp-json\/wp\/v2\/users\/1"}],"wp:featuredmedia":[{"embeddable":true,"href":"https:\/\/plastic-machines.org\/de\/wp-json\/wp\/v2\/media\/1166"}],"wp:attachment":[{"href":"https:\/\/plastic-machines.org\/de\/wp-json\/wp\/v2\/media?parent=1165"}],"wp:term":[{"taxonomy":"post_tag","embeddable":true,"href":"https:\/\/plastic-machines.org\/de\/wp-json\/wp\/v2\/tags?post=1165"},{"taxonomy":"product-type","embeddable":true,"href":"https:\/\/plastic-machines.org\/de\/wp-json\/wp\/v2\/product-type?post=1165"}],"curies":[{"name":"wp","href":"https:\/\/api.w.org\/{rel}","templated":true}]}}