{"id":1120,"date":"2023-11-20T16:33:44","date_gmt":"2023-11-20T08:33:44","guid":{"rendered":"https:\/\/plastic-machines.org\/?post_type=product&#038;p=1120"},"modified":"2025-11-13T16:42:13","modified_gmt":"2025-11-13T08:42:13","slug":"foam-densifier-machine","status":"publish","type":"product","link":"https:\/\/plastic-machines.org\/de\/product\/foam-densifier-machine\/","title":{"rendered":"EPE\/EPS Polystyrol-Styropor-Verdichter"},"content":{"rendered":"<div class=\"kk-star-ratings kksr-auto kksr-align-left kksr-valign-top\"     data-payload='{&quot;align&quot;:&quot;left&quot;,&quot;id&quot;:&quot;1120&quot;,&quot;slug&quot;:&quot;default&quot;,&quot;valign&quot;:&quot;top&quot;,&quot;ignore&quot;:&quot;&quot;,&quot;reference&quot;:&quot;auto&quot;,&quot;class&quot;:&quot;&quot;,&quot;count&quot;:&quot;1&quot;,&quot;legendonly&quot;:&quot;&quot;,&quot;readonly&quot;:&quot;&quot;,&quot;score&quot;:&quot;5&quot;,&quot;starsonly&quot;:&quot;&quot;,&quot;best&quot;:&quot;5&quot;,&quot;gap&quot;:&quot;5&quot;,&quot;greet&quot;:&quot;Rate this product&quot;,&quot;legend&quot;:&quot;5\\\/5 - (1 vote)&quot;,&quot;size&quot;:&quot;24&quot;,&quot;title&quot;:&quot;EPE\\\/EPS Polystrene Styrofoam Compactor&quot;,&quot;width&quot;:&quot;142.5&quot;,&quot;_legend&quot;:&quot;{score}\\\/{best} - ({count} {votes})&quot;,&quot;font_factor&quot;:&quot;1.25&quot;}'>              <div class=\"kksr-stars\">      <div class=\"kksr-stars-inactive\">             <div class=\"kksr-star\" data-star=\"1\" style=\"padding-right: 5px\">               <div class=\"kksr-icon\" style=\"width: 24px; height: 24px;\"><\/div>         <\/div>             <div class=\"kksr-star\" data-star=\"2\" style=\"padding-right: 5px\">               <div class=\"kksr-icon\" style=\"width: 24px; height: 24px;\"><\/div>         <\/div>             <div class=\"kksr-star\" data-star=\"3\" style=\"padding-right: 5px\">               <div class=\"kksr-icon\" style=\"width: 24px; height: 24px;\"><\/div>         <\/div>             <div class=\"kksr-star\" data-star=\"4\" style=\"padding-right: 5px\">               <div class=\"kksr-icon\" style=\"width: 24px; height: 24px;\"><\/div>         <\/div>             <div class=\"kksr-star\" data-star=\"5\" style=\"padding-right: 5px\">               <div class=\"kksr-icon\" style=\"width: 24px; height: 24px;\"><\/div>         <\/div>     <\/div>      <div class=\"kksr-stars-active\" style=\"width: 142.5px;\">             <div class=\"kksr-star\" style=\"padding-right: 5px\">               <div class=\"kksr-icon\" style=\"width: 24px; height: 24px;\"><\/div>         <\/div>             <div class=\"kksr-star\" style=\"padding-right: 5px\">               <div class=\"kksr-icon\" style=\"width: 24px; height: 24px;\"><\/div>         <\/div>             <div class=\"kksr-star\" style=\"padding-right: 5px\">               <div class=\"kksr-icon\" style=\"width: 24px; height: 24px;\"><\/div>         <\/div>             <div class=\"kksr-star\" style=\"padding-right: 5px\">               <div class=\"kksr-icon\" style=\"width: 24px; height: 24px;\"><\/div>         <\/div>             <div class=\"kksr-star\" style=\"padding-right: 5px\">               <div class=\"kksr-icon\" style=\"width: 24px; height: 24px;\"><\/div>         <\/div>     <\/div> <\/div>                   <div class=\"kksr-legend\" style=\"font-size: 19.2px;\">             5\/5 - (1 Stimme)    <\/div>     <\/div>  <p>Der Styroporverdichter ist eine Spezialausr\u00fcstung zur Verarbeitung von Schaumstoffabf\u00e4llen, und viele Kunststoffrecyclingbetriebe verwenden diese Maschine zun\u00e4chst zur Verarbeitung von Schaumstoffabf\u00e4llen. Nachfolgend sind einige der Vorteile der Schaumkaltpresse und die Vorteile des Einsatzes dieser Maschine f\u00fcr Recyclinganlagen aufgef\u00fchrt.<\/p>   <div class=\"wp-block-image\"> <figure class=\"aligncenter size-full\"><img loading=\"lazy\" decoding=\"async\" width=\"720\" height=\"540\" src=\"https:\/\/plastic-machines.org\/wp-content\/uploads\/2022\/06\/horizontal-foam-compactor.webp\" alt=\"Schaumverdichtungsmaschine\" class=\"wp-image-1123\" srcset=\"https:\/\/plastic-machines.org\/wp-content\/uploads\/2022\/06\/horizontal-foam-compactor.webp 720w, https:\/\/plastic-machines.org\/wp-content\/uploads\/2022\/06\/horizontal-foam-compactor-300x225.webp 300w\" sizes=\"auto, (max-width: 720px) 100vw, 720px\" \/><figcaption class=\"wp-element-caption\">Schaumverdichtungsmaschine<\/figcaption><\/figure> <\/div>   <h2 class=\"wp-block-heading\">Rohstoffe und Endprodukte des EPS-Schaum-Kaltpress-Styroporverdichters<\/h2>    <p>Schaum ist eine Art leichtes, por\u00f6ses Material, das auch als wei\u00dfer Schaum oder Styropor bekannt ist. Es wird h\u00e4ufig in Verpackungsmaterialien, Geb\u00e4udeisolierungen und Isolierschaum verwendet. Unser EPS-Schaum-Kaltpress-Styroporverdichter kann alle auf dem Markt erh\u00e4ltlichen Schaumabf\u00e4lle verarbeiten.<\/p>   <div class=\"wp-block-image\"> <figure class=\"aligncenter size-full\"><img loading=\"lazy\" decoding=\"async\" width=\"720\" height=\"540\" src=\"https:\/\/plastic-machines.org\/wp-content\/uploads\/2023\/11\/foam-densifier-machine.webp\" alt=\"verdichteter Kunststoffschaum\" class=\"wp-image-1124\" srcset=\"https:\/\/plastic-machines.org\/wp-content\/uploads\/2023\/11\/foam-densifier-machine.webp 720w, https:\/\/plastic-machines.org\/wp-content\/uploads\/2023\/11\/foam-densifier-machine-300x225.webp 300w\" sizes=\"auto, (max-width: 720px) 100vw, 720px\" \/><figcaption class=\"wp-element-caption\">verdichteter Kunststoffschaum<\/figcaption><\/figure> <\/div>   <h2 class=\"wp-block-heading\">Funktionsprinzip des Kunststoffschaumverdichters<\/h2>    <p>Zuf\u00fchrung: \u00dcber das Zuf\u00fchrungssystem wird \u00fcbersch\u00fcssiges Schaumstoffmaterial zun\u00e4chst in den Kunststoffschaumverdichter eingef\u00fchrt. Bevor das Schaummaterial in den Kunststoffschaumverdichter gelangt, muss es in der Regel eine Zerkleinerungs\u00f6ffnung passieren. Der Zweck dieses Schritts besteht darin, den Schaum in kleinere St\u00fccke zu pulverisieren, um ihn f\u00fcr die sp\u00e4tere Verarbeitung zu erleichtern.<\/p>    <p>Vorkomprimierung: Das Schaumstoffmaterial gelangt in einen Vorkomprimierungsbereich, wo das Material in eine vorl\u00e4ufige Form komprimiert wird, um sein Volumen zu reduzieren.<\/p>    <p>Hauptpresse: Nach der Vorkomprimierung gelangt das Schaumstoffmaterial in den Hauptpressbereich. Hier \u00fcbt ein Hydrauliksystem oder ein anderer Druckmechanismus mehr Druck auf das Material aus und komprimiert es weiter zu einem festeren, dichteren Block.<\/p>    <h2 class=\"wp-block-heading\">Vorteile der Verwendung eines Schaumstoff-Polystyrol-Verdichters <\/h2>    <p>Effiziente Komprimierung: Der Polystyrol-Verdichter verwendet eine effiziente Kaltpresstechnologie, mit der gro\u00dfe Mengen an Schaumabfallmaterial schnell und effizient in kompakte Bl\u00f6cke komprimiert werden k\u00f6nnen, wodurch das Volumen reduziert und die Lagerung und der Transport vereinfacht werden.<\/p>    <p>Platzsparend: Durch das Komprimieren von Altschaum zu hochdichten Bl\u00f6cken spart der Styroporverdichter viel Lagerraum. Dies ist ein sehr wichtiger Vorteil f\u00fcr Recyclinganlagen, insbesondere f\u00fcr solche mit begrenztem Lagerraum.<\/p>    <p>Verbesserte Transporteffizienz: Komprimierte Schaumstoffbl\u00f6cke lassen sich leichter laden und transportieren und verbessern so die logistische Effizienz. Dies senkt die Transportkosten und reduziert den Bedarf an Transportressourcen.<\/p>    <p class=\"translation-block\">Verbesserung des Umweltimages: Der Einsatz von Schaumstoff-Kaltpressen hilft<strong><a href=\"https:\/\/plastic-machines.org\/de\/product\/plastic-foam-pelletizing-line\/\" data-type=\"link\" data-id=\"https:\/\/plastic-machines.org\/product\/plastic-foam-pelletizing-line\/\"> Schaumstoff-Recyclinganlagen<\/a><\/strong>, ihr Umweltimage zu verbessern. Durch eine effiziente und energiesparende Abfallbehandlung k\u00f6nnen Hersteller ihr Engagement f\u00fcr Umweltschutz und nachhaltige Entwicklung unter Beweis stellen und ihr Unternehmensimage verbessern.<\/p>    <h2 class=\"wp-block-heading\">Arbeitsvideo des Schaumverdichters<\/h2>    <figure class=\"wp-block-embed is-type-video is-provider-youtube wp-block-embed-youtube wp-embed-aspect-16-9 wp-has-aspect-ratio\"><div class=\"wp-block-embed__wrapper\"> <iframe loading=\"lazy\" title=\"Kaltpressender Styrschaumverdichter aus EPS-EPE-Schaum #Kunststoffrecycling #Kunststoffrecyclingmaschine\" width=\"422\" height=\"750\" src=\"https:\/\/www.youtube.com\/embed\/5c6mK2au-mA?feature=oembed\" frameborder=\"0\" allow=\"accelerometer; autoplay; clipboard-write; encrypted-media; gyroscope; picture-in-picture; web-share\" referrerpolicy=\"strict-origin-when-cross-origin\" allowfullscreen><\/iframe> <\/div><\/figure>    <figure class=\"wp-block-embed is-type-video is-provider-youtube wp-block-embed-youtube wp-embed-aspect-16-9 wp-has-aspect-ratio\"><div class=\"wp-block-embed__wrapper\"> <iframe loading=\"lazy\" title=\"EPE-EPS-Schaumverdichter | Verdichtermaschine #Kunststoffrecyclingmaschine\" width=\"422\" height=\"750\" src=\"https:\/\/www.youtube.com\/embed\/kHL0wOsJzIg?feature=oembed\" frameborder=\"0\" allow=\"accelerometer; autoplay; clipboard-write; encrypted-media; gyroscope; picture-in-picture; web-share\" referrerpolicy=\"strict-origin-when-cross-origin\" allowfullscreen><\/iframe> <\/div><\/figure>    <h2 class=\"wp-block-heading\">Verwandte Maschinen f\u00fcr die Wiederverwertung von Kunststoffschaum<\/h2>   <style>.kt-post-loop1120_4c5ea8-5c .kadence-post-image{padding-top:0px;padding-right:10px;padding-bottom:10px;padding-left:0px;}.kt-post-loop1120_4c5ea8-5c .kt-feat-image-align-left{grid-template-columns:40% auto;}.kt-post-loop1120_4c5ea8-5c .kt-blocks-post-grid-item-inner-wrap .kt-blocks-post-grid-item-inner{display:flex;flex-direction:column;justify-content:center;}.kt-post-loop1120_4c5ea8-5c .kt-post-grid-wrap{gap:30px 30px;}.kt-post-loop1120_4c5ea8-5c .kt-blocks-post-grid-item{border-top-left-radius:0px;border-top-right-radius:0px;border-bottom-right-radius:0px;border-bottom-left-radius:0px;border-top:0px solid currentColor;border-right:0px solid currentColor;border-bottom:0px solid currentColor;border-left:0px solid currentColor;overflow:hidden;}.kt-post-loop1120_4c5ea8-5c .kt-blocks-post-grid-item .kt-blocks-post-grid-item-inner{text-align:left;}.kt-post-loop1120_4c5ea8-5c .kt-blocks-post-grid-item header{padding-top:0px;padding-right:0px;padding-bottom:10px;padding-left:0px;margin-top:0px;margin-right:0px;margin-bottom:0px;margin-left:0px;}.kt-post-loop1120_4c5ea8-5c .kt-blocks-post-grid-item .entry-title{padding-top:10px;padding-right:0px;padding-bottom:5px;padding-left:0px;margin-top:0px;margin-right:0px;margin-bottom:0px;margin-left:0px;font-size:20px;line-height:24px;}.kt-post-loop1120_4c5ea8-5c .kt-blocks-post-grid-item .kt-blocks-post-top-meta{color:#777777;}.kt-post-loop1120_4c5ea8-5c .kt-blocks-post-grid-item .kt-blocks-post-top-meta a{color:#777777;}.kt-post-loop1120_4c5ea8-5c .kt-blocks-post-grid-item .kt-blocks-post-top-meta a:hover{color:#444444;}.kt-post-loop1120_4c5ea8-5c .entry-content{padding-top:0px;padding-right:0px;padding-bottom:0px;padding-left:0px;margin-top:0px;margin-right:0px;margin-bottom:0px;margin-left:0px;}.kt-post-loop1120_4c5ea8-5c .kt-blocks-post-footer{color:#777777;border-top-width:0px;border-right-width:0px;border-bottom-width:0px;border-left-width:0px;padding-top:0px;padding-right:0px;padding-bottom:0px;padding-left:0px;margin-top:0px;margin-right:0px;margin-bottom:0px;margin-left:0px;font-size:12px;line-height:20px;}.kt-post-loop1120_4c5ea8-5c .entry-content:after{height:0px;}.kt-post-loop1120_4c5ea8-5c .kt-blocks-post-footer a{color:#777777;}.kt-post-loop1120_4c5ea8-5c .kt-blocks-post-footer a:hover{color:#444444;}.kt-post-loop1120_4c5ea8-5c .entry-content .kt-blocks-post-readmore{background-color:#444444;border-color:#444444;color:#ffffff;border-radius:5px;padding-top:4px;padding-right:8px;padding-bottom:4px;padding-left:8px;margin-top:0px;margin-right:0px;margin-bottom:0px;margin-left:0px;font-size:var(--global-kb-font-size-sm, 0.9rem);}.kt-post-loop1120_4c5ea8-5c .entry-content .kt-blocks-post-readmore:hover{color:#ffffff;border-color:#555555;background-color:#555555;}.kt-post-loop1120_4c5ea8-5c .kb-filter-item{border-top-width:0px;border-right-width:0px;border-bottom-width:2px;border-left-width:0px;padding-top:5px;padding-right:8px;padding-bottom:5px;padding-left:8px;margin-top:0px;margin-right:10px;margin-bottom:0px;margin-left:0px;}.kt-post-loop1120_4c5ea8-5c.kt-post-grid-layout-carousel .kb-post-grid-pause-button{color:#fff;background-color:rgba(0, 0, 0, 0.5);border:1px solid transparent;}@media all and (max-width: 1024px){.kt-post-loop1120_4c5ea8-5c .kt-blocks-post-grid-item{border-top:0px solid currentColor;border-right:0px solid currentColor;border-bottom:0px solid currentColor;border-left:0px solid currentColor;}}@media all and (max-width: 767px){.kt-post-loop1120_4c5ea8-5c .kt-blocks-post-grid-item{border-top:0px solid currentColor;border-right:0px solid currentColor;border-bottom:0px solid currentColor;border-left:0px solid currentColor;}}<\/style><div class=\"wp-block-kadence-postgrid kt-blocks-post-loop-block alignnone kt-post-loop1120_4c5ea8-5c kt-post-grid-layout-carousel kadence-splide-wrap\"><div class=\"kt-post-grid-layout-carousel-wrap splide kt-carousel-arrowstyle-whiteondark kt-carousel-dotstyle-dark kb-slider-group-arrow kb-slider-arrow-position-center\" data-columns-xxl=\"1\" data-columns-xl=\"1\" data-columns-md=\"1\" data-columns-sm=\"1\" data-columns-xs=\"1\" data-columns-ss=\"1\" data-slider-anim-speed=\"400\" data-slider-scroll=\"1\" data-slider-dots=\"true\" data-slider-arrows=\"true\" data-slider-hover-pause=\"false\" data-slider-auto=\"true\"  data-slider-auto-scroll=\"false\" data-slider-speed=\"7000\" data-slider-gap=\"30\" data-slider-gap-tablet=\"30\" data-slider-gap-mobile=\"30\" data-slider-gap-unit=\"px\" data-show-pause-button=\"false\" data-item-selector=\".kt-post-masonry-item\" aria-label=\"Beitragskarussell\"><div class=\"kadence-splide-slider-init splide__track\"><ul class=\"kadence-splide-slider-wrap kt-post-grid-wrap\" data-columns-xxl=\"1\" data-columns-xl=\"1\" data-columns-md=\"1\" data-columns-sm=\"1\" data-columns-xs=\"1\" data-columns-ss=\"1\"><li class=\"kt-post-slider-item post-630 product type-product status-publish has-post-thumbnail hentry tag-densifier tag-eps product-type-plastic-crushing-equipment\"><article class=\"kt-blocks-post-grid-item\"><div class=\"kt-blocks-post-grid-item-inner-wrap kt-feat-image-align-left kt-feat-image-mobile-align-top\"><div class=\"kadence-post-image\"><div class=\"kadence-post-image-intrisic kt-image-ratio-75\" style=\"padding-bottom:75%;\"><div class=\"kadence-post-image-inner-intrisic\"><a aria-hidden=\"true\" tabindex=\"-1\" role=\"presentation\" href=\"https:\/\/plastic-machines.org\/de\/product\/eps-foam-melting-machine\/\" aria-label=\"EPS-Schaumschmelzmaschine f\u00fcr Kunststoffschaum-Recycling\" class=\"kadence-post-image-inner-wrap\"><img loading=\"lazy\" decoding=\"async\" width=\"300\" height=\"225\" src=\"https:\/\/plastic-machines.org\/wp-content\/uploads\/2022\/12\/plastic-foam-melting-machine1-300x225.webp\" class=\"attachment-medium size-medium wp-post-image\" alt=\"Kunststoffschaum-Schmelzmaschine\" srcset=\"https:\/\/plastic-machines.org\/wp-content\/uploads\/2022\/12\/plastic-foam-melting-machine1-300x225.webp 300w, https:\/\/plastic-machines.org\/wp-content\/uploads\/2022\/12\/plastic-foam-melting-machine1.webp 720w\" sizes=\"auto, (max-width: 300px) 100vw, 300px\" \/><\/a><\/div><\/div><\/div><div class=\"kt-blocks-post-grid-item-inner\"><header><h3 class=\"entry-title\"><a href=\"https:\/\/plastic-machines.org\/de\/product\/eps-foam-melting-machine\/\">EPS-Schaumschmelzmaschine f\u00fcr Kunststoffschaum-Recycling<\/a><\/h3><div class=\"kt-blocks-post-top-meta\"><\/div><\/header><div class=\"entry-content\"><div class=\"kt-blocks-post-readmore-wrap\"><a class=\"kt-blocks-post-readmore\" href=\"https:\/\/plastic-machines.org\/de\/product\/eps-foam-melting-machine\/\">Mehr lesen<span class=\"screen-reader-text\"> EPS-Schaumschmelzmaschine f\u00fcr Kunststoffschaum-Recycling<\/span><\/a><\/div><\/div><footer class=\"kt-blocks-post-footer\"><div class=\"kt-blocks-post-footer-left\"><\/div><div class=\"kt-blocks-post-footer-right\"><\/div><\/footer><\/div><\/div><\/article><\/li><li class=\"kt-post-slider-item post-314 product type-product status-publish has-post-thumbnail hentry tag-eps product-type-plastic-pelletizer\"><article class=\"kt-blocks-post-grid-item hide-on-js\"><div class=\"kt-blocks-post-grid-item-inner-wrap kt-feat-image-align-left kt-feat-image-mobile-align-top\"><div class=\"kadence-post-image\"><div class=\"kadence-post-image-intrisic kt-image-ratio-75\" style=\"padding-bottom:75%;\"><div class=\"kadence-post-image-inner-intrisic\"><a aria-hidden=\"true\" tabindex=\"-1\" role=\"presentation\" href=\"https:\/\/plastic-machines.org\/de\/product\/eps-pelletizing-machine\/\" aria-label=\"EPS-Pelletiermaschine f\u00fcr das Kunststoffschaum-Recycling\" class=\"kadence-post-image-inner-wrap\"><img loading=\"lazy\" decoding=\"async\" width=\"300\" height=\"225\" src=\"https:\/\/plastic-machines.org\/wp-content\/uploads\/2022\/06\/EPS-Pelletizing-Machine1-300x225.webp\" class=\"attachment-medium size-medium wp-post-image\" alt=\"EPS-Pelletiermaschine\" srcset=\"https:\/\/plastic-machines.org\/wp-content\/uploads\/2022\/06\/EPS-Pelletizing-Machine1-300x225.webp 300w, https:\/\/plastic-machines.org\/wp-content\/uploads\/2022\/06\/EPS-Pelletizing-Machine1.webp 720w\" sizes=\"auto, (max-width: 300px) 100vw, 300px\" \/><\/a><\/div><\/div><\/div><div class=\"kt-blocks-post-grid-item-inner\"><header><h3 class=\"entry-title\"><a href=\"https:\/\/plastic-machines.org\/de\/product\/eps-pelletizing-machine\/\">EPS-Pelletiermaschine f\u00fcr das Kunststoffschaum-Recycling<\/a><\/h3><div class=\"kt-blocks-post-top-meta\"><\/div><\/header><div class=\"entry-content\"><div class=\"kt-blocks-post-readmore-wrap\"><a class=\"kt-blocks-post-readmore\" href=\"https:\/\/plastic-machines.org\/de\/product\/eps-pelletizing-machine\/\">Mehr lesen<span class=\"screen-reader-text\"> EPS-Pelletiermaschine f\u00fcr das Kunststoffschaum-Recycling<\/span><\/a><\/div><\/div><footer class=\"kt-blocks-post-footer\"><div class=\"kt-blocks-post-footer-left\"><\/div><div class=\"kt-blocks-post-footer-right\"><\/div><\/footer><\/div><\/div><\/article><\/li><li class=\"kt-post-slider-item post-186 product type-product status-publish has-post-thumbnail hentry tag-eps product-type-plastic-recycling-lines\"><article class=\"kt-blocks-post-grid-item hide-on-js\"><div class=\"kt-blocks-post-grid-item-inner-wrap kt-feat-image-align-left kt-feat-image-mobile-align-top\"><div class=\"kadence-post-image\"><div class=\"kadence-post-image-intrisic kt-image-ratio-75\" style=\"padding-bottom:75%;\"><div class=\"kadence-post-image-inner-intrisic\"><a aria-hidden=\"true\" tabindex=\"-1\" role=\"presentation\" href=\"https:\/\/plastic-machines.org\/de\/product\/plastic-foam-pelletizing-line\/\" aria-label=\"Kunststoffschaum-Pelletieranlage f\u00fcr das Polystyrol-Recycling\" class=\"kadence-post-image-inner-wrap\"><img loading=\"lazy\" decoding=\"async\" width=\"300\" height=\"225\" src=\"https:\/\/plastic-machines.org\/wp-content\/uploads\/2022\/07\/eps-recycling-machine-300x225.webp\" class=\"attachment-medium size-medium wp-post-image\" alt=\"\" srcset=\"https:\/\/plastic-machines.org\/wp-content\/uploads\/2022\/07\/eps-recycling-machine-300x225.webp 300w, https:\/\/plastic-machines.org\/wp-content\/uploads\/2022\/07\/eps-recycling-machine-16x12.webp 16w, https:\/\/plastic-machines.org\/wp-content\/uploads\/2022\/07\/eps-recycling-machine.webp 720w\" sizes=\"auto, (max-width: 300px) 100vw, 300px\" \/><\/a><\/div><\/div><\/div><div class=\"kt-blocks-post-grid-item-inner\"><header><h3 class=\"entry-title\"><a href=\"https:\/\/plastic-machines.org\/de\/product\/plastic-foam-pelletizing-line\/\">Kunststoffschaum-Pelletieranlage f\u00fcr das Polystyrol-Recycling<\/a><\/h3><div class=\"kt-blocks-post-top-meta\"><\/div><\/header><div class=\"entry-content\"><div class=\"kt-blocks-post-readmore-wrap\"><a class=\"kt-blocks-post-readmore\" href=\"https:\/\/plastic-machines.org\/de\/product\/plastic-foam-pelletizing-line\/\">Mehr lesen<span class=\"screen-reader-text\"> Kunststoffschaum-Pelletieranlage f\u00fcr das Polystyrol-Recycling<\/span><\/a><\/div><\/div><footer class=\"kt-blocks-post-footer\"><div class=\"kt-blocks-post-footer-left\"><\/div><div class=\"kt-blocks-post-footer-right\"><\/div><\/footer><\/div><\/div><\/article><\/li><li class=\"kt-post-slider-item post-1661 product type-product status-publish has-post-thumbnail hentry tag-eps product-type-plastic-crushing-equipment\"><article class=\"kt-blocks-post-grid-item hide-on-js\"><div class=\"kt-blocks-post-grid-item-inner-wrap kt-feat-image-align-left kt-feat-image-mobile-align-top\"><div class=\"kadence-post-image\"><div class=\"kadence-post-image-intrisic kt-image-ratio-75\" style=\"padding-bottom:75%;\"><div class=\"kadence-post-image-inner-intrisic\"><a aria-hidden=\"true\" tabindex=\"-1\" role=\"presentation\" href=\"https:\/\/plastic-machines.org\/de\/product\/styrofoam-shredder\/\" aria-label=\"Styropor-Zerkleinerer | EPS-Schaumbrecher\" class=\"kadence-post-image-inner-wrap\"><img loading=\"lazy\" decoding=\"async\" width=\"300\" height=\"225\" src=\"https:\/\/plastic-machines.org\/wp-content\/uploads\/2024\/12\/styrofoam-shredder2-300x225.webp\" class=\"attachment-medium size-medium wp-post-image\" alt=\"Styropor-Zerkleinerer\" srcset=\"https:\/\/plastic-machines.org\/wp-content\/uploads\/2024\/12\/styrofoam-shredder2-300x225.webp 300w, https:\/\/plastic-machines.org\/wp-content\/uploads\/2024\/12\/styrofoam-shredder2-16x12.webp 16w, https:\/\/plastic-machines.org\/wp-content\/uploads\/2024\/12\/styrofoam-shredder2.webp 720w\" sizes=\"auto, (max-width: 300px) 100vw, 300px\" \/><\/a><\/div><\/div><\/div><div class=\"kt-blocks-post-grid-item-inner\"><header><h3 class=\"entry-title\"><a href=\"https:\/\/plastic-machines.org\/de\/product\/styrofoam-shredder\/\">Styropor-Zerkleinerer | EPS-Schaumbrecher<\/a><\/h3><div class=\"kt-blocks-post-top-meta\"><\/div><\/header><div class=\"entry-content\"><div class=\"kt-blocks-post-readmore-wrap\"><a class=\"kt-blocks-post-readmore\" href=\"https:\/\/plastic-machines.org\/de\/product\/styrofoam-shredder\/\">Mehr lesen<span class=\"screen-reader-text\"> Styropor-Zerkleinerer | EPS-Schaumbrecher<\/span><\/a><\/div><\/div><footer class=\"kt-blocks-post-footer\"><div class=\"kt-blocks-post-footer-left\"><\/div><div class=\"kt-blocks-post-footer-right\"><\/div><\/footer><\/div><\/div><\/article><\/li><li class=\"kt-post-slider-item post-1120 product type-product status-publish has-post-thumbnail hentry tag-eps product-type-plastic-crushing-equipment\"><article class=\"kt-blocks-post-grid-item hide-on-js\"><div class=\"kt-blocks-post-grid-item-inner-wrap kt-feat-image-align-left kt-feat-image-mobile-align-top\"><div class=\"kadence-post-image\"><div class=\"kadence-post-image-intrisic kt-image-ratio-75\" style=\"padding-bottom:75%;\"><div class=\"kadence-post-image-inner-intrisic\"><a aria-hidden=\"true\" tabindex=\"-1\" role=\"presentation\" href=\"https:\/\/plastic-machines.org\/de\/product\/foam-densifier-machine\/\" aria-label=\"EPE\/EPS Polystyrol-Styropor-Verdichter\" class=\"kadence-post-image-inner-wrap\"><img loading=\"lazy\" decoding=\"async\" width=\"300\" height=\"225\" src=\"https:\/\/plastic-machines.org\/wp-content\/uploads\/2022\/06\/horizontal-foam-compactor-300x225.webp\" class=\"attachment-medium size-medium wp-post-image\" alt=\"\" srcset=\"https:\/\/plastic-machines.org\/wp-content\/uploads\/2022\/06\/horizontal-foam-compactor-300x225.webp 300w, https:\/\/plastic-machines.org\/wp-content\/uploads\/2022\/06\/horizontal-foam-compactor.webp 720w\" sizes=\"auto, (max-width: 300px) 100vw, 300px\" \/><\/a><\/div><\/div><\/div><div class=\"kt-blocks-post-grid-item-inner\"><header><h3 class=\"entry-title\"><a href=\"https:\/\/plastic-machines.org\/de\/product\/foam-densifier-machine\/\">EPE\/EPS Polystyrol-Styropor-Verdichter<\/a><\/h3><div class=\"kt-blocks-post-top-meta\"><\/div><\/header><div class=\"entry-content\"><div class=\"kt-blocks-post-readmore-wrap\"><a class=\"kt-blocks-post-readmore\" href=\"https:\/\/plastic-machines.org\/de\/product\/foam-densifier-machine\/\">Mehr lesen<span class=\"screen-reader-text\"> EPE\/EPS Polystyrol-Styropor-Verdichter<\/span><\/a><\/div><\/div><footer class=\"kt-blocks-post-footer\"><div class=\"kt-blocks-post-footer-left\"><\/div><div class=\"kt-blocks-post-footer-right\"><\/div><\/footer><\/div><\/div><\/article><\/li><\/ul><\/div><\/div><\/div><!-- .wp-block-kadence-postgrid -->","protected":false},"excerpt":{"rendered":"<p>Styrofoam compactor is a specialized equipment used to process waste foam materials, and many plastic recycling plants use this machine to initially process foam waste. Below are some of the advantages of the foam cold press and the advantages of using this machine for recycling plants. Raw materials &amp; end products of EPS foam cold [&hellip;]<\/p>\n","protected":false},"author":1,"featured_media":1123,"parent":0,"template":"","tags":[43],"product-type":[15],"class_list":["post-1120","product","type-product","status-publish","has-post-thumbnail","hentry","tag-eps","product-type-plastic-crushing-equipment"],"taxonomy_info":{"post_tag":[{"value":43,"label":"EPS"}],"product-type":[{"value":15,"label":"Plastic Crushing Equipment"}]},"featured_image_src_large":["https:\/\/plastic-machines.org\/wp-content\/uploads\/2022\/06\/horizontal-foam-compactor.webp",720,540,false],"author_info":{"display_name":"Ella","author_link":"https:\/\/plastic-machines.org\/de\/author\/admin\/"},"comment_info":"","_links":{"self":[{"href":"https:\/\/plastic-machines.org\/de\/wp-json\/wp\/v2\/product\/1120","targetHints":{"allow":["GET"]}}],"collection":[{"href":"https:\/\/plastic-machines.org\/de\/wp-json\/wp\/v2\/product"}],"about":[{"href":"https:\/\/plastic-machines.org\/de\/wp-json\/wp\/v2\/types\/product"}],"author":[{"embeddable":true,"href":"https:\/\/plastic-machines.org\/de\/wp-json\/wp\/v2\/users\/1"}],"wp:featuredmedia":[{"embeddable":true,"href":"https:\/\/plastic-machines.org\/de\/wp-json\/wp\/v2\/media\/1123"}],"wp:attachment":[{"href":"https:\/\/plastic-machines.org\/de\/wp-json\/wp\/v2\/media?parent=1120"}],"wp:term":[{"taxonomy":"post_tag","embeddable":true,"href":"https:\/\/plastic-machines.org\/de\/wp-json\/wp\/v2\/tags?post=1120"},{"taxonomy":"product-type","embeddable":true,"href":"https:\/\/plastic-machines.org\/de\/wp-json\/wp\/v2\/product-type?post=1120"}],"curies":[{"name":"wp","href":"https:\/\/api.w.org\/{rel}","templated":true}]}}