{"id":1050,"date":"2023-10-20T15:24:17","date_gmt":"2023-10-20T07:24:17","guid":{"rendered":"https:\/\/plastic-machines.org\/?post_type=product&#038;p=1050"},"modified":"2025-11-18T14:06:49","modified_gmt":"2025-11-18T06:06:49","slug":"plastic-debaler-machine","status":"publish","type":"product","link":"https:\/\/plastic-machines.org\/de\/product\/plastic-debaler-machine\/","title":{"rendered":"Kunststoff-Entballerungsmaschine f\u00fcr HDPE-PET-Flaschenballen"},"content":{"rendered":"<div class=\"kk-star-ratings kksr-auto kksr-align-left kksr-valign-top\"     data-payload='{&quot;align&quot;:&quot;left&quot;,&quot;id&quot;:&quot;1050&quot;,&quot;slug&quot;:&quot;default&quot;,&quot;valign&quot;:&quot;top&quot;,&quot;ignore&quot;:&quot;&quot;,&quot;reference&quot;:&quot;auto&quot;,&quot;class&quot;:&quot;&quot;,&quot;count&quot;:&quot;4&quot;,&quot;legendonly&quot;:&quot;&quot;,&quot;readonly&quot;:&quot;&quot;,&quot;score&quot;:&quot;5&quot;,&quot;starsonly&quot;:&quot;&quot;,&quot;best&quot;:&quot;5&quot;,&quot;gap&quot;:&quot;5&quot;,&quot;greet&quot;:&quot;Rate this product&quot;,&quot;legend&quot;:&quot;5\\\/5 - (4 votes)&quot;,&quot;size&quot;:&quot;24&quot;,&quot;title&quot;:&quot;Plastic Debaler Machine for HDPE PET Bottle Bales&quot;,&quot;width&quot;:&quot;142.5&quot;,&quot;_legend&quot;:&quot;{score}\\\/{best} - ({count} {votes})&quot;,&quot;font_factor&quot;:&quot;1.25&quot;}'>              <div class=\"kksr-stars\">      <div class=\"kksr-stars-inactive\">             <div class=\"kksr-star\" data-star=\"1\" style=\"padding-right: 5px\">               <div class=\"kksr-icon\" style=\"width: 24px; height: 24px;\"><\/div>         <\/div>             <div class=\"kksr-star\" data-star=\"2\" style=\"padding-right: 5px\">               <div class=\"kksr-icon\" style=\"width: 24px; height: 24px;\"><\/div>         <\/div>             <div class=\"kksr-star\" data-star=\"3\" style=\"padding-right: 5px\">               <div class=\"kksr-icon\" style=\"width: 24px; height: 24px;\"><\/div>         <\/div>             <div class=\"kksr-star\" data-star=\"4\" style=\"padding-right: 5px\">               <div class=\"kksr-icon\" style=\"width: 24px; height: 24px;\"><\/div>         <\/div>             <div class=\"kksr-star\" data-star=\"5\" style=\"padding-right: 5px\">               <div class=\"kksr-icon\" style=\"width: 24px; height: 24px;\"><\/div>         <\/div>     <\/div>      <div class=\"kksr-stars-active\" style=\"width: 142.5px;\">             <div class=\"kksr-star\" style=\"padding-right: 5px\">               <div class=\"kksr-icon\" style=\"width: 24px; height: 24px;\"><\/div>         <\/div>             <div class=\"kksr-star\" style=\"padding-right: 5px\">               <div class=\"kksr-icon\" style=\"width: 24px; height: 24px;\"><\/div>         <\/div>             <div class=\"kksr-star\" style=\"padding-right: 5px\">               <div class=\"kksr-icon\" style=\"width: 24px; height: 24px;\"><\/div>         <\/div>             <div class=\"kksr-star\" style=\"padding-right: 5px\">               <div class=\"kksr-icon\" style=\"width: 24px; height: 24px;\"><\/div>         <\/div>             <div class=\"kksr-star\" style=\"padding-right: 5px\">               <div class=\"kksr-icon\" style=\"width: 24px; height: 24px;\"><\/div>         <\/div>     <\/div> <\/div>                   <div class=\"kksr-legend\" style=\"font-size: 19.2px;\">             5\/5 - (4 Stimmen)    <\/div>     <\/div>  <p>In einer PET-Flaschen-Recyclinglinie ist eine Kunststoff-Entballermaschine ein wichtiges Ger\u00e4t, dessen Funktion darin besteht, die zum Verpacken von PET-HDPE-Flaschen verwendeten Beutel oder Beh\u00e4lter zu \u00f6ffnen, damit Hartplastikflaschen f\u00fcr die anschlie\u00dfende Verarbeitung und das Recycling entnommen werden k\u00f6nnen.<\/p>    <figure class=\"wp-block-image size-full\"><img loading=\"lazy\" decoding=\"async\" width=\"720\" height=\"540\" src=\"https:\/\/plastic-machines.org\/wp-content\/uploads\/2023\/10\/Debaler.webp\" alt=\"Kunststoff-Entballer \" class=\"wp-image-1052\" srcset=\"https:\/\/plastic-machines.org\/wp-content\/uploads\/2023\/10\/Debaler.webp 720w, https:\/\/plastic-machines.org\/wp-content\/uploads\/2023\/10\/Debaler-300x225.webp 300w\" sizes=\"auto, (max-width: 720px) 100vw, 720px\" \/><\/figure>    <figure class=\"wp-block-image size-full\"><img loading=\"lazy\" decoding=\"async\" width=\"720\" height=\"540\" src=\"https:\/\/plastic-machines.org\/wp-content\/uploads\/2023\/10\/Debaler-Machine.webp\" alt=\"Kunststoff-Entballermaschine \" class=\"wp-image-1053\" srcset=\"https:\/\/plastic-machines.org\/wp-content\/uploads\/2023\/10\/Debaler-Machine.webp 720w, https:\/\/plastic-machines.org\/wp-content\/uploads\/2023\/10\/Debaler-Machine-300x225.webp 300w\" sizes=\"auto, (max-width: 720px) 100vw, 720px\" \/><\/figure>    <figure class=\"wp-block-image size-full\"><img loading=\"lazy\" decoding=\"async\" width=\"720\" height=\"540\" src=\"https:\/\/plastic-machines.org\/wp-content\/uploads\/2023\/10\/PET-Bottle-Debaler-Machine.webp\" alt=\"Kunststoff-Entballermaschine\" class=\"wp-image-1054\" srcset=\"https:\/\/plastic-machines.org\/wp-content\/uploads\/2023\/10\/PET-Bottle-Debaler-Machine.webp 720w, https:\/\/plastic-machines.org\/wp-content\/uploads\/2023\/10\/PET-Bottle-Debaler-Machine-300x225.webp 300w\" sizes=\"auto, (max-width: 720px) 100vw, 720px\" \/><\/figure>    <h2 class=\"wp-block-heading\">Anwendung einer Kunststoff-Entballermaschine <\/h2>    <p class=\"translation-block\">F\u00fcr Kunden mit einer <strong><a href=\"https:\/\/plastic-machines.org\/de\/product\/pet-bottle-recycling-line\/\" data-type=\"link\" data-id=\"https:\/\/plastic-machines.org\/product\/pet-bottle-recycling-line\/\">Plastikflaschen-Recyclinglinie<\/a><\/strong> ist ein Plastikballen\u00f6ffner die erste Recyclingmaschine, die verwendet wird, um die ballierten PET-Flaschen zu l\u00f6sen, und die losen Flaschen k\u00f6nnen zum n\u00e4chsten Recycling-Schritt auf dem F\u00f6rderband weitergeleitet werden.<\/p>    <figure class=\"wp-block-embed is-type-video is-provider-youtube wp-block-embed-youtube wp-embed-aspect-16-9 wp-has-aspect-ratio\"><div class=\"wp-block-embed__wrapper\"> <iframe loading=\"lazy\" title=\"Ballenpressen\u00f6ffner f\u00fcr PET-Flaschen | Vertikale Kunststoff-Entballermaschine\" width=\"500\" height=\"281\" src=\"https:\/\/www.youtube.com\/embed\/ujKPMvq7vLY?feature=oembed\" frameborder=\"0\" allow=\"accelerometer; autoplay; clipboard-write; encrypted-media; gyroscope; picture-in-picture; web-share\" referrerpolicy=\"strict-origin-when-cross-origin\" allowfullscreen><\/iframe> <\/div><\/figure>    <h2 class=\"wp-block-heading\">Vorteile der Kunststoff-Entballermaschine<\/h2>    <ul class=\"wp-block-list\"> <li>Auspacken und Entladen der Materialien: Kunststoff-Entballermaschinen \u00f6ffnen versiegelte Plastikt\u00fcten, -beh\u00e4lter oder -verpackungen, um das darin befindliche Kunststoffmaterial zu entfernen.<\/li>    <li>Erh\u00f6hte Effizienz: Kunststoffballen\u00f6ffner k\u00f6nnen die Effizienz beim Umgang mit Kunststoffmaterialien erheblich steigern. Aufgrund der gro\u00dfen Gr\u00f6\u00dfe von Kunststoffballen ist das manuelle Auspacken oft zeitaufw\u00e4ndig und arbeitsintensiv, w\u00e4hrend ein Ballen\u00f6ffner diese Aufgabe schnell und in kurzer Zeit erledigen kann.<\/li>    <li>Reduziertes Kontaminationsrisiko: Ballen\u00f6ffner werden in der Regel in Verbindung mit F\u00f6rderb\u00e4ndern o.\u00e4. eingesetzt<strong><a href=\"https:\/\/plastic-machines.org\/de\/product\/plastic-granulating-line\/\" data-type=\"link\" data-id=\"https:\/\/plastic-machines.org\/product\/plastic-granulating-line\/\"> komplette Kunststoffrecyclinglinie<\/a><\/strong>. Nachdem der HDPE-PET-Flaschenballen\u00f6ffner den Kunststoff entladen hat, gelangt der Kunststoffabfall direkt auf das F\u00f6rderband, wodurch das Risiko von Materialaustritt und Kontamination verringert wird.<\/li>    <li>Anpassungsf\u00e4higkeit: Kunststoff-Entballermaschinen sind oft in der Lage, sich an unterschiedliche Verpackungsarten und -gr\u00f6\u00dfen anzupassen, sodass sie ein breites Spektrum an Kunststoff-Massenmaterialien verarbeiten k\u00f6nnen.<\/li> <\/ul>","protected":false},"excerpt":{"rendered":"<p>In a PET bottle recycling line, a plastic debaler machine is an important piece of equipment whose function is to open the bags or containers used to package PET HDPE bottles so that hard plastic bottles can be removed from them for subsequent processing and recycling. Plastic debaler machine application For customers with a plastic [&hellip;]<\/p>\n","protected":false},"author":1,"featured_media":1051,"parent":0,"template":"","tags":[36],"product-type":[27],"class_list":["post-1050","product","type-product","status-publish","has-post-thumbnail","hentry","tag-bale","product-type-separation-technology"],"taxonomy_info":{"post_tag":[{"value":36,"label":"bale"}],"product-type":[{"value":27,"label":"Separation Technology"}]},"featured_image_src_large":["https:\/\/plastic-machines.org\/wp-content\/uploads\/2023\/10\/plastic-debaler-machine2.webp",720,540,false],"author_info":{"display_name":"Ella","author_link":"https:\/\/plastic-machines.org\/de\/author\/admin\/"},"comment_info":"","_links":{"self":[{"href":"https:\/\/plastic-machines.org\/de\/wp-json\/wp\/v2\/product\/1050","targetHints":{"allow":["GET"]}}],"collection":[{"href":"https:\/\/plastic-machines.org\/de\/wp-json\/wp\/v2\/product"}],"about":[{"href":"https:\/\/plastic-machines.org\/de\/wp-json\/wp\/v2\/types\/product"}],"author":[{"embeddable":true,"href":"https:\/\/plastic-machines.org\/de\/wp-json\/wp\/v2\/users\/1"}],"wp:featuredmedia":[{"embeddable":true,"href":"https:\/\/plastic-machines.org\/de\/wp-json\/wp\/v2\/media\/1051"}],"wp:attachment":[{"href":"https:\/\/plastic-machines.org\/de\/wp-json\/wp\/v2\/media?parent=1050"}],"wp:term":[{"taxonomy":"post_tag","embeddable":true,"href":"https:\/\/plastic-machines.org\/de\/wp-json\/wp\/v2\/tags?post=1050"},{"taxonomy":"product-type","embeddable":true,"href":"https:\/\/plastic-machines.org\/de\/wp-json\/wp\/v2\/product-type?post=1050"}],"curies":[{"name":"wp","href":"https:\/\/api.w.org\/{rel}","templated":true}]}}