{"id":1045,"date":"2023-10-20T14:19:51","date_gmt":"2023-10-20T06:19:51","guid":{"rendered":"https:\/\/plastic-machines.org\/?post_type=product&#038;p=1045"},"modified":"2026-02-27T15:15:34","modified_gmt":"2026-02-27T07:15:34","slug":"trommel-screen-for-plastic-bottle-recycling","status":"publish","type":"product","link":"https:\/\/plastic-machines.org\/de\/product\/trommel-screen-for-plastic-bottle-recycling\/","title":{"rendered":"Trommelsieb f\u00fcr das Recycling von Plastikflaschen"},"content":{"rendered":"<div class=\"kk-star-ratings kksr-auto kksr-align-left kksr-valign-top\"     data-payload='{&quot;align&quot;:&quot;left&quot;,&quot;id&quot;:&quot;1045&quot;,&quot;slug&quot;:&quot;default&quot;,&quot;valign&quot;:&quot;top&quot;,&quot;ignore&quot;:&quot;&quot;,&quot;reference&quot;:&quot;auto&quot;,&quot;class&quot;:&quot;&quot;,&quot;count&quot;:&quot;1&quot;,&quot;legendonly&quot;:&quot;&quot;,&quot;readonly&quot;:&quot;&quot;,&quot;score&quot;:&quot;5&quot;,&quot;starsonly&quot;:&quot;&quot;,&quot;best&quot;:&quot;5&quot;,&quot;gap&quot;:&quot;5&quot;,&quot;greet&quot;:&quot;Rate this product&quot;,&quot;legend&quot;:&quot;5\\\/5 - (1 vote)&quot;,&quot;size&quot;:&quot;24&quot;,&quot;title&quot;:&quot;Trommel screen for plastic bottle recycling&quot;,&quot;width&quot;:&quot;142.5&quot;,&quot;_legend&quot;:&quot;{score}\\\/{best} - ({count} {votes})&quot;,&quot;font_factor&quot;:&quot;1.25&quot;}'>              <div class=\"kksr-stars\">      <div class=\"kksr-stars-inactive\">             <div class=\"kksr-star\" data-star=\"1\" style=\"padding-right: 5px\">               <div class=\"kksr-icon\" style=\"width: 24px; height: 24px;\"><\/div>         <\/div>             <div class=\"kksr-star\" data-star=\"2\" style=\"padding-right: 5px\">               <div class=\"kksr-icon\" style=\"width: 24px; height: 24px;\"><\/div>         <\/div>             <div class=\"kksr-star\" data-star=\"3\" style=\"padding-right: 5px\">               <div class=\"kksr-icon\" style=\"width: 24px; height: 24px;\"><\/div>         <\/div>             <div class=\"kksr-star\" data-star=\"4\" style=\"padding-right: 5px\">               <div class=\"kksr-icon\" style=\"width: 24px; height: 24px;\"><\/div>         <\/div>             <div class=\"kksr-star\" data-star=\"5\" style=\"padding-right: 5px\">               <div class=\"kksr-icon\" style=\"width: 24px; height: 24px;\"><\/div>         <\/div>     <\/div>      <div class=\"kksr-stars-active\" style=\"width: 142.5px;\">             <div class=\"kksr-star\" style=\"padding-right: 5px\">               <div class=\"kksr-icon\" style=\"width: 24px; height: 24px;\"><\/div>         <\/div>             <div class=\"kksr-star\" style=\"padding-right: 5px\">               <div class=\"kksr-icon\" style=\"width: 24px; height: 24px;\"><\/div>         <\/div>             <div class=\"kksr-star\" style=\"padding-right: 5px\">               <div class=\"kksr-icon\" style=\"width: 24px; height: 24px;\"><\/div>         <\/div>             <div class=\"kksr-star\" style=\"padding-right: 5px\">               <div class=\"kksr-icon\" style=\"width: 24px; height: 24px;\"><\/div>         <\/div>             <div class=\"kksr-star\" style=\"padding-right: 5px\">               <div class=\"kksr-icon\" style=\"width: 24px; height: 24px;\"><\/div>         <\/div>     <\/div> <\/div>                   <div class=\"kksr-legend\" style=\"font-size: 19.2px;\">             5\/5 - (1 Stimme)    <\/div>     <\/div>  <p>Der Hauptzweck des Einsatzes einer Trommelsiebmaschine beim Recycling von PET-Kunststoffflaschen besteht darin, eine Materialtrennung und Siebung durchzuf\u00fchren, um sicherzustellen, dass aus Neumaterial hochwertige PET-Flaschenflocken gewonnen werden.<\/p>    <h2 class=\"wp-block-heading\">Einf\u00fchrung in das Trommelsieb<\/h2>    <p>Die Hauptfunktion dieser PET-Flaschen-Recyclingmaschine ist die Materialtrennung. Beim Recycling von PET-Kunststoffflaschen fallen in der Regel einige Verunreinigungen wie Steine, Holz, Unkraut, Metalle, Plastikflaschenverschl\u00fcsse usw. an. Taumelsiebe trennen diese Verunreinigungen aus den PET-Kunststoffflaschen und sorgen so f\u00fcr ein sauberes Rohmaterial.<\/p>    <figure class=\"wp-block-gallery has-nested-images columns-default is-cropped wp-block-gallery-2 is-layout-flex wp-block-gallery-is-layout-flex\"> <figure class=\"wp-block-image size-large\"><img loading=\"lazy\" decoding=\"async\" width=\"720\" height=\"540\" data-id=\"2079\" src=\"https:\/\/plastic-machines.org\/wp-content\/uploads\/2023\/10\/Trommel-Screen-For-Plastic-Bottle-Recycling.webp\" alt=\"Trommelsieb f\u00fcr die Kunststoffflaschenrecycling\" class=\"wp-image-2079\" srcset=\"https:\/\/plastic-machines.org\/wp-content\/uploads\/2023\/10\/Trommel-Screen-For-Plastic-Bottle-Recycling.webp 720w, https:\/\/plastic-machines.org\/wp-content\/uploads\/2023\/10\/Trommel-Screen-For-Plastic-Bottle-Recycling-300x225.webp 300w, https:\/\/plastic-machines.org\/wp-content\/uploads\/2023\/10\/Trommel-Screen-For-Plastic-Bottle-Recycling-16x12.webp 16w\" sizes=\"auto, (max-width: 720px) 100vw, 720px\" \/><figcaption class=\"wp-element-caption\">Trommelsieb f\u00fcr die Kunststoffflaschenrecycling<\/figcaption><\/figure>    <figure class=\"wp-block-image size-large\"><img loading=\"lazy\" decoding=\"async\" width=\"720\" height=\"540\" data-id=\"2080\" src=\"https:\/\/plastic-machines.org\/wp-content\/uploads\/2023\/10\/Trommel-Screen.webp\" alt=\"Trommelsieb\" class=\"wp-image-2080\" srcset=\"https:\/\/plastic-machines.org\/wp-content\/uploads\/2023\/10\/Trommel-Screen.webp 720w, https:\/\/plastic-machines.org\/wp-content\/uploads\/2023\/10\/Trommel-Screen-300x225.webp 300w, https:\/\/plastic-machines.org\/wp-content\/uploads\/2023\/10\/Trommel-Screen-16x12.webp 16w\" sizes=\"auto, (max-width: 720px) 100vw, 720px\" \/><figcaption class=\"wp-element-caption\">Trommelsieb<\/figcaption><\/figure> <\/figure>    <figure class=\"wp-block-gallery has-nested-images columns-default is-cropped wp-block-gallery-3 is-layout-flex wp-block-gallery-is-layout-flex\"> <figure class=\"wp-block-image size-full\"><img loading=\"lazy\" decoding=\"async\" width=\"720\" height=\"540\" data-id=\"1048\" src=\"https:\/\/plastic-machines.org\/wp-content\/uploads\/2023\/10\/industrial-trommel-machine.webp\" alt=\"\" class=\"wp-image-1048\" srcset=\"https:\/\/plastic-machines.org\/wp-content\/uploads\/2023\/10\/industrial-trommel-machine.webp 720w, https:\/\/plastic-machines.org\/wp-content\/uploads\/2023\/10\/industrial-trommel-machine-300x225.webp 300w\" sizes=\"auto, (max-width: 720px) 100vw, 720px\" \/><\/figure>    <figure class=\"wp-block-image size-full\"><img loading=\"lazy\" decoding=\"async\" width=\"720\" height=\"541\" data-id=\"1047\" src=\"https:\/\/plastic-machines.org\/wp-content\/uploads\/2023\/10\/recycling-machine-1.webp\" alt=\"Trommelsieb f\u00fcr das Recycling von Plastikflaschen\" class=\"wp-image-1047\" srcset=\"https:\/\/plastic-machines.org\/wp-content\/uploads\/2023\/10\/recycling-machine-1.webp 720w, https:\/\/plastic-machines.org\/wp-content\/uploads\/2023\/10\/recycling-machine-1-300x225.webp 300w\" sizes=\"auto, (max-width: 720px) 100vw, 720px\" \/><figcaption class=\"wp-element-caption\">Trommelsieb f\u00fcr das Recycling von Plastikflaschen<\/figcaption><\/figure> <\/figure>    <h2 class=\"wp-block-heading\">Warum ben\u00f6tigen Sie eine Trommelsiebmaschine f\u00fcr das Flaschenrecycling?<\/h2>    <p class=\"translation-block\">Trommelsiebe werden insbesondere f\u00fcr <strong><a href=\"https:\/\/plastic-machines.org\/de\/product\/pet-bottle-recycling-line\/\" data-type=\"link\" data-id=\"https:\/\/plastic-machines.org\/product\/pet-bottle-recycling-line\/\">PET-Flaschen-Recyclinglinien<\/a><\/strong>mit hoher Produktionskapazit\u00e4t ben\u00f6tigt, um Recyclinganlagen bei der Verbesserung der Recyclingeffizienz zu unterst\u00fctzen. Angenommen, es gelangen Steine oder fremde Metallgegenst\u00e4nde in den nachfolgenden Recyclingprozess. In diesem Fall werden die Innenbauteile von Maschinen wie Kunststoffzerscheidern und Reibscheiben verschlei\u00dfen, wodurch sich die Lebensdauer der Maschine verringert.<\/p>    <h2 class=\"wp-block-heading\">Zugeh\u00f6rige Kunststoffrecyclingmaschinen f\u00fcr PET-Flaschen<\/h2>    <p class=\"translation-block\">Die vollst\u00e4ndige PET-Flaschen-Recyclinglinie umfasst <strong><a href=\"https:\/\/plastic-machines.org\/de\/product\/plastic-bottle-crusher\/\" data-type=\"link\" data-id=\"https:\/\/plastic-machines.org\/product\/plastic-bottle-crusher\/\">Kunststoffzerkleinerer<\/a><\/strong>, Reibungswaschmaschinen, PET-Flocken-Hei\u00dfwaschmaschine und so weiter. Das folgende Foto zeigt eine PET-Flaschen-Recyclingmaschine, die f\u00fcr unseren Kunden in Nigeria mit einer Leistung von 500 kg\/h entwickelt wurde.<\/p>    <p>Wenn Sie an Recyclingmaschinen f\u00fcr Plastikflaschen interessiert sind, k\u00f6nnen Sie sich gerne beraten lassen, indem Sie die Tabelle unten auf unserer Website ausf\u00fcllen. Unser Vertriebsleiter wird Ihnen die Maschinendetails zusenden und in K\u00fcrze eine L\u00f6sung f\u00fcr Sie entwerfen.<\/p>    <figure class=\"wp-block-image size-full\"><img loading=\"lazy\" decoding=\"async\" width=\"720\" height=\"541\" src=\"https:\/\/plastic-machines.org\/wp-content\/uploads\/2023\/10\/PET-bottle-washing-shredding-machines-shipped-to-Nigeria-3.webp\" alt=\"Zerkleinerungsmaschinen f\u00fcr die Reinigung von PET-Flaschen werden nach Nigeria geliefert\" class=\"wp-image-1041\" srcset=\"https:\/\/plastic-machines.org\/wp-content\/uploads\/2023\/10\/PET-bottle-washing-shredding-machines-shipped-to-Nigeria-3.webp 720w, https:\/\/plastic-machines.org\/wp-content\/uploads\/2023\/10\/PET-bottle-washing-shredding-machines-shipped-to-Nigeria-3-300x225.webp 300w\" sizes=\"auto, (max-width: 720px) 100vw, 720px\" \/><figcaption class=\"wp-element-caption\">Zerkleinerungsmaschinen f\u00fcr die Reinigung von PET-Flaschen werden nach Nigeria geliefert<\/figcaption><\/figure>","protected":false},"excerpt":{"rendered":"<p>The main purpose of using a trommel screen when recycling PET plastic bottles is to perform material separation and screening to ensure that high-quality PET bottle flakes are obtained from virgin material. Trommel screen introduction The main function of this PET bottle recycling machine is material separation. Recycling of PET plastic bottles is usually accompanied [&hellip;]<\/p>\n","protected":false},"author":1,"featured_media":1046,"parent":0,"template":"","tags":[60],"product-type":[27],"class_list":["post-1045","product","type-product","status-publish","has-post-thumbnail","hentry","tag-trommel","product-type-separation-technology"],"taxonomy_info":{"post_tag":[{"value":60,"label":"trommel"}],"product-type":[{"value":27,"label":"Separation Technology"}]},"featured_image_src_large":["https:\/\/plastic-machines.org\/wp-content\/uploads\/2023\/10\/Tumbler-Screen2.webp",720,540,false],"author_info":{"display_name":"Ella","author_link":"https:\/\/plastic-machines.org\/de\/author\/admin\/"},"comment_info":"","_links":{"self":[{"href":"https:\/\/plastic-machines.org\/de\/wp-json\/wp\/v2\/product\/1045","targetHints":{"allow":["GET"]}}],"collection":[{"href":"https:\/\/plastic-machines.org\/de\/wp-json\/wp\/v2\/product"}],"about":[{"href":"https:\/\/plastic-machines.org\/de\/wp-json\/wp\/v2\/types\/product"}],"author":[{"embeddable":true,"href":"https:\/\/plastic-machines.org\/de\/wp-json\/wp\/v2\/users\/1"}],"wp:featuredmedia":[{"embeddable":true,"href":"https:\/\/plastic-machines.org\/de\/wp-json\/wp\/v2\/media\/1046"}],"wp:attachment":[{"href":"https:\/\/plastic-machines.org\/de\/wp-json\/wp\/v2\/media?parent=1045"}],"wp:term":[{"taxonomy":"post_tag","embeddable":true,"href":"https:\/\/plastic-machines.org\/de\/wp-json\/wp\/v2\/tags?post=1045"},{"taxonomy":"product-type","embeddable":true,"href":"https:\/\/plastic-machines.org\/de\/wp-json\/wp\/v2\/product-type?post=1045"}],"curies":[{"name":"wp","href":"https:\/\/api.w.org\/{rel}","templated":true}]}}