{"id":2,"date":"2022-06-23T01:24:56","date_gmt":"2022-06-23T01:24:56","guid":{"rendered":"http:\/\/tailwind-themes.local\/?page_id=2"},"modified":"2024-05-11T09:56:39","modified_gmt":"2024-05-11T01:56:39","slug":"about","status":"publish","type":"page","link":"https:\/\/plastic-machines.org\/de\/about\/","title":{"rendered":"\u00dcber uns"},"content":{"rendered":"<h2 class=\"wp-block-heading\">Wer sind wir<\/h2>    <p>Shuliy Machinery ist ein Hersteller von Kunststoffrecyclingmaschinen, der sich auf die Entwicklung und Produktion von Kunststoffrecyclingger\u00e4ten konzentriert. Unser Unternehmen wurde 2011 gegr\u00fcndet und verf\u00fcgt \u00fcber mehr als zehn Jahre Erfahrung in der Herstellung von Kunststoffrecyclingmaschinen. <\/p>    <p>In mehr als einem Jahrzehnt seiner T\u00e4tigkeit hat Shuliy Machinery stets an der Mission festgehalten: \u201eChinesische Maschinen jeden Winkel der Welt ver\u00e4ndern lassen.\u201c Wir tun alles, um unseren Kunden einen Mehrwert zu bieten, indem wir mit unseren Maschinen Kunststoffrecyclingbetriebe auf der ganzen Welt dabei unterst\u00fctzen, ihre Produktivit\u00e4t zu steigern und h\u00f6here Gewinne zu erzielen.<\/p>    <figure class=\"wp-block-gallery has-nested-images columns-default is-cropped wp-block-gallery-2 is-layout-flex wp-block-gallery-is-layout-flex\"> <figure class=\"wp-block-image size-large\"><img loading=\"lazy\" decoding=\"async\" width=\"720\" height=\"540\" data-id=\"1132\" src=\"https:\/\/plastic-machines.org\/wp-content\/uploads\/2023\/11\/plastic-recycling-visit.webp\" alt=\"\" class=\"wp-image-1132\" srcset=\"https:\/\/plastic-machines.org\/wp-content\/uploads\/2023\/11\/plastic-recycling-visit.webp 720w, https:\/\/plastic-machines.org\/wp-content\/uploads\/2023\/11\/plastic-recycling-visit-300x225.webp 300w\" sizes=\"auto, (max-width: 720px) 100vw, 720px\" \/><figcaption class=\"wp-element-caption\">Kundenbesuch<\/figcaption><\/figure>    <figure class=\"wp-block-image size-large\"><img loading=\"lazy\" decoding=\"async\" width=\"720\" height=\"540\" data-id=\"1133\" src=\"https:\/\/plastic-machines.org\/wp-content\/uploads\/2023\/11\/plastic-recycling-equipment2.webp\" alt=\"\" class=\"wp-image-1133\" srcset=\"https:\/\/plastic-machines.org\/wp-content\/uploads\/2023\/11\/plastic-recycling-equipment2.webp 720w, https:\/\/plastic-machines.org\/wp-content\/uploads\/2023\/11\/plastic-recycling-equipment2-300x225.webp 300w\" sizes=\"auto, (max-width: 720px) 100vw, 720px\" \/><figcaption class=\"wp-element-caption\">Exkursion zur Kunststoffrecyclinganlage<\/figcaption><\/figure> <figcaption class=\"blocks-gallery-caption wp-element-caption\">Hersteller von Kunststoffrecyclingmaschinen mit Sitz in China<\/figcaption><\/figure>    <h2 class=\"wp-block-heading\">Was bieten wir an<\/h2>    <p class=\"translation-block\">Unsere Hauptprodukte sind <a href=\"https:\/\/plastic-machines.org\/de\/product\/plastic-granulating-line\/\">PP PE Kunststoffrecycling-Granulationslinie<\/a>, <a href=\"https:\/\/plastic-machines.org\/de\/product\/pet-bottle-recycling-line\/\">PET-Flaschen-Reinigungsanlage<\/a> und <a href=\"https:\/\/plastic-machines.org\/de\/product\/plastic-foam-pelletizing-line\/\">Kunststoffschaum-Pelletierungsanlage<\/a>, Kunststoffzerkleinerungsmaschine, Kunststoffreinigungsmaschine und andere Hilfsmaschinen f\u00fcr das Kunststoffrecycling. <\/p>    <p>Als Hersteller von Kunststoffrecyclingmaschinen bieten wir hochwertige Maschinen sowie Kunststoffrecyclingl\u00f6sungen aus einer Hand, wie z. B. Installation vor Ort und Kundendienst. Bisher wurden unsere Kunststoffrecyclingmaschinen in mehr als 60 L\u00e4nder und Regionen exportiert, darunter Deutschland, die USA, Saudi-Arabien, Ghana, Kongo, Kenia, Nigeria usw. und wurden von unseren Kunden gut angenommen.<\/p>   <div class=\"wp-block-image\"> <figure class=\"aligncenter size-full\"><img loading=\"lazy\" decoding=\"async\" width=\"720\" height=\"540\" src=\"https:\/\/plastic-machines.org\/wp-content\/uploads\/2022\/10\/recycling-materials.jpg\" alt=\"\" class=\"wp-image-508\" srcset=\"https:\/\/plastic-machines.org\/wp-content\/uploads\/2022\/10\/recycling-materials.jpg 720w, https:\/\/plastic-machines.org\/wp-content\/uploads\/2022\/10\/recycling-materials-300x225.jpg 300w\" sizes=\"auto, (max-width: 720px) 100vw, 720px\" \/><\/figure> <\/div>   <h2 class=\"wp-block-heading\">Wo sind wir<\/h2>    <p>Shuliy Machinery hat seinen Sitz in Zhengzhou, Henan, China. Unser B\u00fcro befindet sich in der Wirtschaftsentwicklungszone Zhengzhou. Wenn Sie sich f\u00fcr Kunststoffrecyclingger\u00e4te interessieren, besuchen Sie Shuliy Machinery!<\/p>    <figure class=\"wp-block-image size-full\"><img loading=\"lazy\" decoding=\"async\" width=\"1024\" height=\"486\" src=\"https:\/\/plastic-machines.org\/wp-content\/uploads\/2022\/10\/global-market.webp\" alt=\"\" class=\"wp-image-506\" srcset=\"https:\/\/plastic-machines.org\/wp-content\/uploads\/2022\/10\/global-market.webp 1024w, https:\/\/plastic-machines.org\/wp-content\/uploads\/2022\/10\/global-market-300x142.webp 300w, https:\/\/plastic-machines.org\/wp-content\/uploads\/2022\/10\/global-market-768x365.webp 768w\" sizes=\"auto, (max-width: 1024px) 100vw, 1024px\" \/><\/figure>","protected":false},"excerpt":{"rendered":"<p>Who are we Shuliy Machinery is a plastic recycling machine manufacturer focusing on the development and production of plastic recycling equipment. Our company was established in 2011, with over ten years of experience in plastic recycling machinery manufacturing. In more than a decade of operation, Shuliy Machinery has always adhered to the mission of &#8220;Let [&hellip;]<\/p>\n","protected":false},"author":1,"featured_media":0,"parent":0,"menu_order":0,"comment_status":"closed","ping_status":"closed","template":"","meta":{"_kad_blocks_custom_css":"","_kad_blocks_head_custom_js":"","_kad_blocks_body_custom_js":"","_kad_blocks_footer_custom_js":"","footnotes":""},"class_list":["post-2","page","type-page","status-publish","hentry"],"taxonomy_info":[],"featured_image_src_large":false,"author_info":{"display_name":"Ella","author_link":"https:\/\/plastic-machines.org\/de\/author\/admin\/"},"comment_info":0,"_links":{"self":[{"href":"https:\/\/plastic-machines.org\/de\/wp-json\/wp\/v2\/pages\/2","targetHints":{"allow":["GET"]}}],"collection":[{"href":"https:\/\/plastic-machines.org\/de\/wp-json\/wp\/v2\/pages"}],"about":[{"href":"https:\/\/plastic-machines.org\/de\/wp-json\/wp\/v2\/types\/page"}],"author":[{"embeddable":true,"href":"https:\/\/plastic-machines.org\/de\/wp-json\/wp\/v2\/users\/1"}],"replies":[{"embeddable":true,"href":"https:\/\/plastic-machines.org\/de\/wp-json\/wp\/v2\/comments?post=2"}],"version-history":[{"count":0,"href":"https:\/\/plastic-machines.org\/de\/wp-json\/wp\/v2\/pages\/2\/revisions"}],"wp:attachment":[{"href":"https:\/\/plastic-machines.org\/de\/wp-json\/wp\/v2\/media?parent=2"}],"curies":[{"name":"wp","href":"https:\/\/api.w.org\/{rel}","templated":true}]}}