{"id":1597,"date":"2024-11-28T14:23:04","date_gmt":"2024-11-28T06:23:04","guid":{"rendered":"https:\/\/plastic-machines.org\/?page_id=1597"},"modified":"2024-11-28T14:23:05","modified_gmt":"2024-11-28T06:23:05","slug":"frequently-asked-questions","status":"publish","type":"page","link":"https:\/\/plastic-machines.org\/de\/frequently-asked-questions\/","title":{"rendered":"H\u00e4ufig gestellte Fragen"},"content":{"rendered":"<p>Die Investition in Kunststoffrecyclingmaschinen ist eine kostspielige Entscheidung. Wir empfehlen daher, weitere Fragen zu den Maschinen und den damit verbundenen Dienstleistungen zu stellen. Nachfolgend finden Sie die FAQs, die uns am h\u00e4ufigsten gestellt wurden. Wenn Sie weitere Punkte wissen m\u00f6chten, kontaktieren Sie uns jederzeit. <\/p>    <h2 class=\"wp-block-heading\">\u00dcber den Kunststoffmaschinenhersteller Shuliy<\/h2>   <div id=\"rank-math-faq\" class=\"rank-math-block\"> <div class=\"rank-math-list\"> <div id=\"faq-question-1732763357448\" class=\"rank-math-list-item\"> <h3 class=\"rank-math-question\">Sind Sie ein Handelsunternehmen oder eine Fabrik?<\/h3> <div class=\"rank-math-answer\">  <p>Shuliy ist ein Hersteller von Kunststoffrecyclingmaschinen mit \u00fcber 10 Jahren Erfahrung. Wir verf\u00fcgen \u00fcber eine eigene Fabrik. <\/p>  <\/div> <\/div> <div id=\"faq-question-1732763512463\" class=\"rank-math-list-item\"> <h3 class=\"rank-math-question\">Wo ist Ihre Fabrik?<\/h3> <div class=\"rank-math-answer\">  <p>Shuliy Machinery hat seinen Sitz in Zhengzhou, Provinz Henan in China. Adresse: Zhengzhou Economic Development Zone Ninth Street, Jingkai.<\/p>  <\/div> <\/div> <div id=\"faq-question-1732763533916\" class=\"rank-math-list-item\"> <h3 class=\"rank-math-question\">Kann ich Ihre Fabrik besichtigen?<\/h3> <div class=\"rank-math-answer\">  <p>Ja nat\u00fcrlich! Sie sind in unserem Unternehmen und unserer Fabrik herzlich willkommen. Der Kauf einer Reihe von Kunststoffrecyclingmaschinen ist teuer. Sie sollten sich unsere Maschinen pers\u00f6nlich ansehen und sich das Aussehen und die Funktionsweise der Maschinen ansehen. <\/p>  <\/div> <\/div> <div id=\"faq-question-1732763562784\" class=\"rank-math-list-item\"> <h3 class=\"rank-math-question\">Wie reise ich zu Ihrer Fabrik?<\/h3> <div class=\"rank-math-answer\">  <p>Nehmen Sie einen Flug zum internationalen Flughafen Xinzheng in China, steigen Sie am Terminal T2 aus. Unser Fahrer und unser Verkaufsteam holen Sie am Ausgang ab und Sie fahren gemeinsam zur Fabrik. Die Fahrt dauert etwa eine Stunde.<\/p>  <\/div> <\/div> <div id=\"faq-question-1732765124586\" class=\"rank-math-list-item\"> <h3 class=\"rank-math-question\">Was erwartet Sie w\u00e4hrend des Besuchs?<\/h3> <div class=\"rank-math-answer\">  <p>Schauen Sie sich unser B\u00fcro- und Vertriebsteam an. Sie sind die Personen, die mit Ihnen \u00fcber WhatsApp sprechen und Ihnen Kundenservice auf h\u00f6chstem Niveau bieten.<br \/>Dann k\u00f6nnen Sie sich unsere Recyclingmaschinen ansehen und einen Probelauf pers\u00f6nlich erleben. Anhand einer visuellen Inspektion werden Sie leicht die hervorragende Verarbeitung der Maschine erkennen.<\/p>  <\/div> <\/div> <div id=\"faq-question-1732765082445\" class=\"rank-math-list-item\"> <h3 class=\"rank-math-question\">Warum sollten Sie sich f\u00fcr den Hersteller von Kunststoffrecyclingmaschinen Shuliy entscheiden?<\/h3> <div class=\"rank-math-answer\">  <p>Als professioneller Lieferant von Kunststoffrecyclingmaschinen haben wir unsere Produktionsmethode verfeinert und bieten Maschinen h\u00f6chster Qualit\u00e4t mit den besten Maschinenteilen. Durch Ihre Beobachtung werden Sie feststellen, dass unsere Maschinen schneller laufen und das Material dicker ist. Ganz gleich, ob es sich um Reinigungs-, Zerkleinerungs- oder Pelletierungsger\u00e4te handelt. Wir verbessern st\u00e4ndig die Details, sodass die Effizienz des Maschinenrecyclings weiter verbessert wird.<\/p>  <\/div> <\/div> <\/div> <\/div>   <h2 class=\"wp-block-heading\">Zum Bestellvorgang<\/h2>    <p>Nachfolgend finden Sie h\u00e4ufig gestellte Fragen zum Bestellvorgang.<\/p>   <div id=\"rank-math-faq\" class=\"rank-math-block\"> <div class=\"rank-math-list\"> <div id=\"faq-question-1732765274262\" class=\"rank-math-list-item\"> <h3 class=\"rank-math-question\">Wie gebe ich eine Bestellung auf?<\/h3> <div class=\"rank-math-answer\">  <p>Der erste Schritt besteht darin, uns zu vernetzen und uns mitzuteilen, welche Maschine Sie ben\u00f6tigen und welche Leistung Sie w\u00fcnschen. Dann erhalten Sie einen durchdachten Kundenservice auf h\u00f6chstem Niveau. <\/p>  <\/div> <\/div> <div id=\"faq-question-1732765297651\" class=\"rank-math-list-item\"> <h3 class=\"rank-math-question\">Wie lange dauert es nach meiner Bestellung?<\/h3> <div class=\"rank-math-answer\">  <p>Unsere Standardvorlaufzeit betr\u00e4gt 20\u201325 Werktage nach Zahlung der Anzahlung. F\u00fcr die kompletten Recyclinglinien kann die Vorlaufzeit auf 30 Arbeitstage verl\u00e4ngert werden.<\/p>  <\/div> <\/div> <div id=\"faq-question-1732765549681\" class=\"rank-math-list-item\"> <h3 class=\"rank-math-question\">Sind Ihre Maschinen CE-zertifiziert?<\/h3> <div class=\"rank-math-answer\">  <p>Unsere Maschinen haben die CE-Zertifizierung bestanden. Wenn Sie eine andere Zertifizierung f\u00fcr den Einsatz der Maschine in Ihrem Land ben\u00f6tigen, k\u00f6nnen Sie uns dies mitteilen. Wir verf\u00fcgen \u00fcber zahlreiche diesbez\u00fcgliche Erfahrungen.<\/p>  <\/div> <\/div> <div id=\"faq-question-1732765583791\" class=\"rank-math-list-item\"> <h3 class=\"rank-math-question\">Wie lange ist die Garantie f\u00fcr Ihre Recyclingmaschinen?<\/h3> <div class=\"rank-math-answer\">  <p>Die Garantie unserer Recyclingmaschinen betr\u00e4gt ein Jahr.<\/p>  <\/div> <\/div> <div id=\"faq-question-1732765630702\" class=\"rank-math-list-item\"> <h3 class=\"rank-math-question\">Funktionieren Ihre Maschinen in meinen L\u00e4ndern?<\/h3> <div class=\"rank-math-answer\">  <p>Ja, alle unsere Kunststoffrecyclingmaschinen k\u00f6nnen in Ihren L\u00e4ndern eingesetzt werden. Unsere Maschinen werden nach dem Standard des Landes hergestellt, in dem sie bedient werden. Wenn Ihr Land \u00fcber eine spezielle Umweltstrategie verf\u00fcgt, k\u00f6nnen Sie uns dies auch mitteilen. <\/p>  <\/div> <\/div> <div id=\"faq-question-1732765647746\" class=\"rank-math-list-item\"> <h3 class=\"rank-math-question\">Wie viel kosten Ihre Kunststoffrecyclingmaschinen?<\/h3> <div class=\"rank-math-answer\">  <p>Da die Versandkosten, das Maschinenmodell, die W\u00e4hrung und andere Faktoren von Land zu Land unterschiedlich sind, sind die Kosten f\u00fcr jede Bestellung unterschiedlich. F\u00fcr detaillierte Angebote f\u00fcr Recyclingmaschinen k\u00f6nnen Sie uns kontaktieren. <\/p>  <\/div> <\/div> <div id=\"faq-question-1732765673123\" class=\"rank-math-list-item\"> <h3 class=\"rank-math-question\">Werden die Maschinen vor der Auslieferung getestet?<\/h3> <div class=\"rank-math-answer\">  <p>Ja, alle unsere Maschinen und kompletten Recyclinganlagen werden vor der Auslieferung getestet. Wir senden Ihnen auch das Video und die Bilder zum Maschinentest zu. <\/p>  <\/div> <\/div> <div id=\"faq-question-1732765717919\" class=\"rank-math-list-item\"> <h3 class=\"rank-math-question\">K\u00f6nnen Sie die Maschinen f\u00fcr uns installieren?<\/h3> <div class=\"rank-math-answer\">  <p>Wir stellen f\u00fcr jede Maschine eine Installationsanleitung zur Verf\u00fcgung. Bei gro\u00dfen Recyclinglinien k\u00f6nnen wir die Reise eines Maschinenbauingenieurs in Ihr Land organisieren, der Sie bei der Installation, der Maschineninbetriebnahme und der Schulung der Arbeiter unterst\u00fctzt.<br \/>Die Installationszeit betr\u00e4gt \u00fcbrigens in der Regel zwischen 7 und 20 Tagen, abh\u00e4ngig von der Gr\u00f6\u00dfe Ihres Projekts.<\/p>  <\/div> <\/div> <div id=\"faq-question-1732765810341\" class=\"rank-math-list-item\"> <h3 class=\"rank-math-question\">Wie kaufe ich Ersatzteile?<\/h3> <div class=\"rank-math-answer\">  <p>Zum Zeitpunkt des Versands bereiten wir zus\u00e4tzliche Verschlei\u00dfteile f\u00fcr Sie vor. Wenn Sie sp\u00e4ter mehr ben\u00f6tigen, haben wir viele Teile auf Lager. Nehmen Sie also gerne Kontakt mit uns auf.<\/p>  <\/div> <\/div> <div id=\"faq-question-1732771420060\" class=\"rank-math-list-item\"> <h3 class=\"rank-math-question\">Welchen After-Service bieten Sie an?<\/h3> <div class=\"rank-math-answer\">  <p>Nach dem Kauf unserer Maschinen bleiben unsere Verk\u00e4ufer mit Ihnen in Kontakt, bis Ihre Maschine reibungslos l\u00e4uft. Viele unserer Kunden teilen uns Videos \u00fcber den Betrieb ihrer Maschinen und sind mit unserem Service zufrieden. Shuliy wird auch nach der Partnerschaft immer Ihr treuer Partner sein.<\/p>  <\/div> <\/div> <\/div> <\/div>","protected":false},"excerpt":{"rendered":"<p>Investing in plastic recycling machines is a costly decision, so we recommend asking more questions about the machines and related services. Below are the FAQs we received the most commonly asked questions. If you have other points to know, contact us anytime. About Shuliy plastic machine manufaturer About ordering process Below are the frequently asked [&hellip;]<\/p>\n","protected":false},"author":1,"featured_media":0,"parent":0,"menu_order":0,"comment_status":"closed","ping_status":"closed","template":"","meta":{"_kad_blocks_custom_css":"","_kad_blocks_head_custom_js":"","_kad_blocks_body_custom_js":"","_kad_blocks_footer_custom_js":"","footnotes":""},"class_list":["post-1597","page","type-page","status-publish","hentry"],"taxonomy_info":[],"featured_image_src_large":false,"author_info":{"display_name":"Ella","author_link":"https:\/\/plastic-machines.org\/de\/author\/admin\/"},"comment_info":0,"_links":{"self":[{"href":"https:\/\/plastic-machines.org\/de\/wp-json\/wp\/v2\/pages\/1597","targetHints":{"allow":["GET"]}}],"collection":[{"href":"https:\/\/plastic-machines.org\/de\/wp-json\/wp\/v2\/pages"}],"about":[{"href":"https:\/\/plastic-machines.org\/de\/wp-json\/wp\/v2\/types\/page"}],"author":[{"embeddable":true,"href":"https:\/\/plastic-machines.org\/de\/wp-json\/wp\/v2\/users\/1"}],"replies":[{"embeddable":true,"href":"https:\/\/plastic-machines.org\/de\/wp-json\/wp\/v2\/comments?post=1597"}],"version-history":[{"count":0,"href":"https:\/\/plastic-machines.org\/de\/wp-json\/wp\/v2\/pages\/1597\/revisions"}],"wp:attachment":[{"href":"https:\/\/plastic-machines.org\/de\/wp-json\/wp\/v2\/media?parent=1597"}],"curies":[{"name":"wp","href":"https:\/\/api.w.org\/{rel}","templated":true}]}}